{"id":916,"date":"2019-08-30T18:41:48","date_gmt":"2019-08-30T21:41:48","guid":{"rendered":"https:\/\/www3.santoandre.sp.gov.br\/turismosantoandre\/?page_id=916"},"modified":"2024-03-08T16:01:20","modified_gmt":"2024-03-08T19:01:20","slug":"estadio-bruno-jose-daniel","status":"publish","type":"page","link":"https:\/\/www3.santoandre.sp.gov.br\/turismosantoandre\/estadio-bruno-jose-daniel\/","title":{"rendered":"Est\u00e1dio Bruno Jos\u00e9 Daniel"},"content":{"rendered":"\t\t<div data-elementor-type=\"wp-post\" data-elementor-id=\"916\" class=\"elementor elementor-916\">\n\t\t\t\t\t\t<div class=\"elementor-inner\">\n\t\t\t\t<div class=\"elementor-section-wrap\">\n\t\t\t\t\t\t\t\t\t<section class=\"elementor-section elementor-top-section elementor-element elementor-element-c390aa2 elementor-section-boxed elementor-section-height-default elementor-section-height-default\" data-id=\"c390aa2\" data-element_type=\"section\">\n\t\t\t\t\t\t<div class=\"elementor-container elementor-column-gap-default\">\n\t\t\t\t\t\t\t<div class=\"elementor-row\">\n\t\t\t\t\t<div class=\"elementor-column elementor-col-100 elementor-top-column elementor-element elementor-element-8a01742\" data-id=\"8a01742\" data-element_type=\"column\">\n\t\t\t<div class=\"elementor-column-wrap elementor-element-populated\">\n\t\t\t\t\t\t\t<div class=\"elementor-widget-wrap\">\n\t\t\t\t\t\t<div class=\"elementor-element elementor-element-d56b713 elementor-arrows-position-inside elementor-widget elementor-widget-image-carousel\" data-id=\"d56b713\" data-element_type=\"widget\" data-settings=\"{&quot;slides_to_show&quot;:&quot;1&quot;,&quot;navigation&quot;:&quot;arrows&quot;,&quot;autoplay&quot;:&quot;yes&quot;,&quot;pause_on_hover&quot;:&quot;yes&quot;,&quot;pause_on_interaction&quot;:&quot;yes&quot;,&quot;autoplay_speed&quot;:5000,&quot;infinite&quot;:&quot;yes&quot;,&quot;effect&quot;:&quot;slide&quot;,&quot;speed&quot;:500}\" data-widget_type=\"image-carousel.default\">\n\t\t\t\t<div class=\"elementor-widget-container\">\n\t\t\t\t\t<div class=\"elementor-image-carousel-wrapper swiper-container\" dir=\"ltr\">\n\t\t\t<div class=\"elementor-image-carousel swiper-wrapper\">\n\t\t\t\t\t\t\t\t<div class=\"swiper-slide\"><figure class=\"swiper-slide-inner\"><img class=\"swiper-slide-image\" src=\"https:\/\/www3.santoandre.sp.gov.br\/turismosantoandre\/wp-content\/uploads\/2019\/09\/40519737723_f86c768a89_k.jpg\" alt=\"40519737723_f86c768a89_k\" \/><\/figure><\/div>\t\t\t<\/div>\n\t\t\t\t\t<\/div>\n\t\t\t\t<\/div>\n\t\t\t\t<\/div>\n\t\t\t\t\t\t<\/div>\n\t\t\t\t\t<\/div>\n\t\t<\/div>\n\t\t\t\t\t\t\t\t<\/div>\n\t\t\t\t\t<\/div>\n\t\t<\/section>\n\t\t\t\t<section class=\"elementor-section elementor-top-section elementor-element elementor-element-0038759 elementor-section-boxed elementor-section-height-default elementor-section-height-default\" data-id=\"0038759\" data-element_type=\"section\">\n\t\t\t\t\t\t<div class=\"elementor-container elementor-column-gap-default\">\n\t\t\t\t\t\t\t<div class=\"elementor-row\">\n\t\t\t\t\t<div class=\"elementor-column elementor-col-100 elementor-top-column elementor-element elementor-element-bfeebe3\" data-id=\"bfeebe3\" data-element_type=\"column\">\n\t\t\t<div class=\"elementor-column-wrap elementor-element-populated\">\n\t\t\t\t\t\t\t<div class=\"elementor-widget-wrap\">\n\t\t\t\t\t\t<div class=\"elementor-element elementor-element-780babe elementor-widget elementor-widget-text-editor\" data-id=\"780babe\" data-element_type=\"widget\" data-widget_type=\"text-editor.default\">\n\t\t\t\t<div class=\"elementor-widget-container\">\n\t\t\t\t\t\t\t\t<div class=\"elementor-text-editor elementor-clearfix\">\n\t\t\t\t<p>O Est\u00e1dio Bruno Jos\u00e9 Daniel \u2013 ou \u201cBrun\u00e3o\u201d &#8211; \u00e9 conhecido por ser casa dos jogos do Esporte Clube Santo Andr\u00e9 e receber diversos torneios esportivos na nossa cidade.<\/p><p>Inaugurado no dia 15 de novembro de 1969, com a disputa anual pelo Trof\u00e9u Brasil de Atletismo, o campo do est\u00e1dio poliesportivo j\u00e1 sediou jogos de futebol em torneios como o Campeonato Paulista, o Campeonato Brasileiro (\u201cBrasileir\u00e3o\u201d), Campeonato Brasileiro Feminino e at\u00e9 mesmo a Ta\u00e7a Libertadores da Am\u00e9rica.<\/p><p>J\u00e1 os jogos de futebol tiveram sua estreia em 14 de dezembro de 1969, abrigando o amistoso entre Santo Andr\u00e9 e Palmeiras pelo Torneio Roberto Gomes Pedrosa &#8211; antiga denomina\u00e7\u00e3o do Campeonato Brasileiro de Futebol \u2013 quando o time paulista venceu a equipe andreense por 4 a 0.<\/p><p>Em 10 de outubro de 1973, em homenagem a Bruno Jos\u00e9 Daniel (ex-prefeito de Santo Andr\u00e9 e pai do tamb\u00e9m ex-prefeito Celso Daniel) o est\u00e1dio ganhou seu nome atual.<\/p><p>Atualmente, o est\u00e1dio tem capacidade m\u00e1xima permitida para abrigar um p\u00fablico de 15.157 torcedores, mas recebeu seu maior p\u00fablico em setembro de 1983, quando cerca de 21.000 pagantes assistiram \u00e0 partida entre Santo Andr\u00e9 e Corinthians, que terminou sem gols.<\/p><p>Em 2020, quando o mundo viveu um dos seus momentos mais dif\u00edceis, uma pandemia de Covid-19, o Est\u00e1dio passou por uma adapta\u00e7\u00e3o e se tornou hospital de campanha durante um per\u00edodo, o que possibilitou o salvamento de milhares de vidas. O hospital de campanha do Est\u00e1dio Bruno Jos\u00e9 Daniel possuiu 120 leitos, sendo 10 de UTI, e teve capacidade para atender pacientes de baixa, m\u00e9dia e alta complexidade com suspeita ou confirma\u00e7\u00e3o de Covid-19.<\/p><p>O Est\u00e1dio Bruno Jos\u00e9 Daniel possui ambiente familiar, conta com boa localiza\u00e7\u00e3o e estrutura de seguran\u00e7a, com torcidas dispostas em lados opostos, contando com entradas tamb\u00e9m separadas, al\u00e9m de arquibancadas com boa visibilidade do gramado.<\/p>\t\t\t\t\t<\/div>\n\t\t\t\t\t\t<\/div>\n\t\t\t\t<\/div>\n\t\t\t\t\t\t<\/div>\n\t\t\t\t\t<\/div>\n\t\t<\/div>\n\t\t\t\t\t\t\t\t<\/div>\n\t\t\t\t\t<\/div>\n\t\t<\/section>\n\t\t\t\t<section class=\"elementor-section elementor-top-section elementor-element elementor-element-287ebdf elementor-section-boxed elementor-section-height-default elementor-section-height-default\" data-id=\"287ebdf\" data-element_type=\"section\">\n\t\t\t\t\t\t<div class=\"elementor-container elementor-column-gap-default\">\n\t\t\t\t\t\t\t<div class=\"elementor-row\">\n\t\t\t\t\t<div class=\"elementor-column elementor-col-50 elementor-top-column elementor-element elementor-element-1169fb5\" data-id=\"1169fb5\" data-element_type=\"column\">\n\t\t\t<div class=\"elementor-column-wrap elementor-element-populated\">\n\t\t\t\t\t\t\t<div class=\"elementor-widget-wrap\">\n\t\t\t\t\t\t<div class=\"elementor-element elementor-element-9861108 elementor-widget elementor-widget-google_maps\" data-id=\"9861108\" data-element_type=\"widget\" data-widget_type=\"google_maps.default\">\n\t\t\t\t<div class=\"elementor-widget-container\">\n\t\t\t\t\t<div class=\"elementor-custom-embed\">\n\t\t\t<iframe frameborder=\"0\" scrolling=\"no\" marginheight=\"0\" marginwidth=\"0\"\n\t\t\t\t\tsrc=\"https:\/\/maps.google.com\/maps?q=R.%20Vinte%20e%20Quatro%20de%20Maio%20-%20Vila%20America%2C%20Santo%20Andr%C3%A9%20-%20SP%2C%2009110-150&#038;t=m&#038;z=11&#038;output=embed&#038;iwloc=near\"\n\t\t\t\t\ttitle=\"R. Vinte e Quatro de Maio - Vila America, Santo Andr\u00e9 - SP, 09110-150\"\n\t\t\t\t\taria-label=\"R. Vinte e Quatro de Maio - Vila America, Santo Andr\u00e9 - SP, 09110-150\"\n\t\t\t><\/iframe>\n\t\t<\/div>\n\t\t\t\t<\/div>\n\t\t\t\t<\/div>\n\t\t\t\t\t\t<\/div>\n\t\t\t\t\t<\/div>\n\t\t<\/div>\n\t\t\t\t<div class=\"elementor-column elementor-col-50 elementor-top-column elementor-element elementor-element-c2c60ba\" data-id=\"c2c60ba\" data-element_type=\"column\">\n\t\t\t<div class=\"elementor-column-wrap elementor-element-populated\">\n\t\t\t\t\t\t\t<div class=\"elementor-widget-wrap\">\n\t\t\t\t\t\t<div class=\"elementor-element elementor-element-4410943 elementor-widget elementor-widget-text-editor\" data-id=\"4410943\" data-element_type=\"widget\" data-widget_type=\"text-editor.default\">\n\t\t\t\t<div class=\"elementor-widget-container\">\n\t\t\t\t\t\t\t\t<div class=\"elementor-text-editor elementor-clearfix\">\n\t\t\t\t<p>Rua Vinte e Quatro de Maio, s\/n\u00ba. &#8211; Vila America<\/p><p>Visitas sob agendamento:\u00a0<\/p><p>(11) 4425-6960<\/p><p>\u00a0<\/p>\t\t\t\t\t<\/div>\n\t\t\t\t\t\t<\/div>\n\t\t\t\t<\/div>\n\t\t\t\t\t\t<\/div>\n\t\t\t\t\t<\/div>\n\t\t<\/div>\n\t\t\t\t\t\t\t\t<\/div>\n\t\t\t\t\t<\/div>\n\t\t<\/section>\n\t\t\t\t\t\t\t\t\t<\/div>\n\t\t\t<\/div>\n\t\t\t\t\t<\/div>\n\t\t","protected":false},"excerpt":{"rendered":"<p>O Est\u00e1dio Bruno Jos\u00e9 Daniel \u2013 ou \u201cBrun\u00e3o\u201d &#8211; \u00e9 conhecido por ser casa dos jogos do Esporte Clube Santo Andr\u00e9 e receber diversos torneios<\/p>\n","protected":false},"author":11,"featured_media":1710,"parent":0,"menu_order":0,"comment_status":"closed","ping_status":"closed","template":"","meta":{"spay_email":""},"uagb_featured_image_src":{"full":["https:\/\/www3.santoandre.sp.gov.br\/turismosantoandre\/wp-content\/uploads\/2019\/09\/40519737723_f86c768a89_k.jpg",2048,1365,false],"thumbnail":["https:\/\/www3.santoandre.sp.gov.br\/turismosantoandre\/wp-content\/uploads\/2019\/09\/40519737723_f86c768a89_k-150x150.jpg",150,150,true],"medium":["https:\/\/www3.santoandre.sp.gov.br\/turismosantoandre\/wp-content\/uploads\/2019\/09\/40519737723_f86c768a89_k-300x200.jpg",300,200,true],"medium_large":["https:\/\/www3.santoandre.sp.gov.br\/turismosantoandre\/wp-content\/uploads\/2019\/09\/40519737723_f86c768a89_k-768x512.jpg",768,512,true],"large":["https:\/\/www3.santoandre.sp.gov.br\/turismosantoandre\/wp-content\/uploads\/2019\/09\/40519737723_f86c768a89_k-1024x683.jpg",783,522,true],"1536x1536":["https:\/\/www3.santoandre.sp.gov.br\/turismosantoandre\/wp-content\/uploads\/2019\/09\/40519737723_f86c768a89_k.jpg",1536,1024,false],"2048x2048":["https:\/\/www3.santoandre.sp.gov.br\/turismosantoandre\/wp-content\/uploads\/2019\/09\/40519737723_f86c768a89_k.jpg",2048,1365,false],"himalayas-featured-post":["https:\/\/www3.santoandre.sp.gov.br\/turismosantoandre\/wp-content\/uploads\/2019\/09\/40519737723_f86c768a89_k-781x512.jpg",781,512,true],"himalayas-portfolio-image":["https:\/\/www3.santoandre.sp.gov.br\/turismosantoandre\/wp-content\/uploads\/2019\/09\/40519737723_f86c768a89_k-400x350.jpg",400,350,true],"himalayas-featured-image":["https:\/\/www3.santoandre.sp.gov.br\/turismosantoandre\/wp-content\/uploads\/2019\/09\/40519737723_f86c768a89_k-319x142.jpg",319,142,true],"himalayas-services":["https:\/\/www3.santoandre.sp.gov.br\/turismosantoandre\/wp-content\/uploads\/2019\/09\/40519737723_f86c768a89_k-470x280.jpg",470,280,true]},"uagb_author_info":{"display_name":"Turismo Santo Andr\u00e9","author_link":"https:\/\/www3.santoandre.sp.gov.br\/turismosantoandre\/author\/turismo-santo-andre\/"},"uagb_comment_info":0,"uagb_excerpt":"O Est\u00e1dio Bruno Jos\u00e9 Daniel \u2013 ou \u201cBrun\u00e3o\u201d &#8211; \u00e9 conhecido por ser casa dos jogos do Esporte Clube Santo Andr\u00e9 e receber diversos torneios","_links":{"self":[{"href":"https:\/\/www3.santoandre.sp.gov.br\/turismosantoandre\/wp-json\/wp\/v2\/pages\/916"}],"collection":[{"href":"https:\/\/www3.santoandre.sp.gov.br\/turismosantoandre\/wp-json\/wp\/v2\/pages"}],"about":[{"href":"https:\/\/www3.santoandre.sp.gov.br\/turismosantoandre\/wp-json\/wp\/v2\/types\/page"}],"author":[{"embeddable":true,"href":"https:\/\/www3.santoandre.sp.gov.br\/turismosantoandre\/wp-json\/wp\/v2\/users\/11"}],"replies":[{"embeddable":true,"href":"https:\/\/www3.santoandre.sp.gov.br\/turismosantoandre\/wp-json\/wp\/v2\/comments?post=916"}],"version-history":[{"count":20,"href":"https:\/\/www3.santoandre.sp.gov.br\/turismosantoandre\/wp-json\/wp\/v2\/pages\/916\/revisions"}],"predecessor-version":[{"id":19789,"href":"https:\/\/www3.santoandre.sp.gov.br\/turismosantoandre\/wp-json\/wp\/v2\/pages\/916\/revisions\/19789"}],"wp:featuredmedia":[{"embeddable":true,"href":"https:\/\/www3.santoandre.sp.gov.br\/turismosantoandre\/wp-json\/wp\/v2\/media\/1710"}],"wp:attachment":[{"href":"https:\/\/www3.santoandre.sp.gov.br\/turismosantoandre\/wp-json\/wp\/v2\/media?parent=916"}],"curies":[{"name":"wp","href":"https:\/\/api.w.org\/{rel}","templated":true}]}}