{"id":910,"date":"2019-08-30T18:41:12","date_gmt":"2019-08-30T21:41:12","guid":{"rendered":"https:\/\/www3.santoandre.sp.gov.br\/turismosantoandre\/?page_id=910"},"modified":"2020-09-25T11:19:54","modified_gmt":"2020-09-25T14:19:54","slug":"sesc-santo-andre","status":"publish","type":"page","link":"https:\/\/www3.santoandre.sp.gov.br\/turismosantoandre\/sesc-santo-andre\/","title":{"rendered":"SESC &#8211; Santo Andr\u00e9"},"content":{"rendered":"\t\t<div data-elementor-type=\"wp-post\" data-elementor-id=\"910\" class=\"elementor elementor-910\">\n\t\t\t\t\t\t<div class=\"elementor-inner\">\n\t\t\t\t<div class=\"elementor-section-wrap\">\n\t\t\t\t\t\t\t\t\t<section class=\"elementor-section elementor-top-section elementor-element elementor-element-a18df80 elementor-section-boxed elementor-section-height-default elementor-section-height-default\" data-id=\"a18df80\" data-element_type=\"section\">\n\t\t\t\t\t\t<div class=\"elementor-container elementor-column-gap-default\">\n\t\t\t\t\t\t\t<div class=\"elementor-row\">\n\t\t\t\t\t<div class=\"elementor-column elementor-col-100 elementor-top-column elementor-element elementor-element-d9c8a6a\" data-id=\"d9c8a6a\" data-element_type=\"column\">\n\t\t\t<div class=\"elementor-column-wrap elementor-element-populated\">\n\t\t\t\t\t\t\t<div class=\"elementor-widget-wrap\">\n\t\t\t\t\t\t<div class=\"elementor-element elementor-element-507df05 elementor-arrows-position-inside elementor-widget elementor-widget-image-carousel\" data-id=\"507df05\" data-element_type=\"widget\" data-settings=\"{&quot;slides_to_show&quot;:&quot;1&quot;,&quot;navigation&quot;:&quot;arrows&quot;,&quot;autoplay&quot;:&quot;yes&quot;,&quot;pause_on_hover&quot;:&quot;yes&quot;,&quot;pause_on_interaction&quot;:&quot;yes&quot;,&quot;autoplay_speed&quot;:5000,&quot;infinite&quot;:&quot;yes&quot;,&quot;effect&quot;:&quot;slide&quot;,&quot;speed&quot;:500}\" data-widget_type=\"image-carousel.default\">\n\t\t\t\t<div class=\"elementor-widget-container\">\n\t\t\t\t\t<div class=\"elementor-image-carousel-wrapper swiper-container\" dir=\"ltr\">\n\t\t\t<div class=\"elementor-image-carousel swiper-wrapper\">\n\t\t\t\t\t\t\t\t<div class=\"swiper-slide\"><figure class=\"swiper-slide-inner\"><img class=\"swiper-slide-image\" src=\"https:\/\/www3.santoandre.sp.gov.br\/turismosantoandre\/wp-content\/uploads\/2020\/01\/sesc-santo-andre.jpg\" alt=\"sesc-santo-andre\" \/><\/figure><\/div><div class=\"swiper-slide\"><figure class=\"swiper-slide-inner\"><img class=\"swiper-slide-image\" src=\"https:\/\/www3.santoandre.sp.gov.br\/turismosantoandre\/wp-content\/uploads\/2019\/10\/sesc-fachada.jpg\" alt=\"sesc fachada\" \/><\/figure><\/div>\t\t\t<\/div>\n\t\t\t\t\t\t\t\t\t\t\t\t\t\t\t\t<div class=\"elementor-swiper-button elementor-swiper-button-prev\">\n\t\t\t\t\t\t<i aria-hidden=\"true\" class=\"eicon-chevron-left\"><\/i>\t\t\t\t\t\t<span class=\"elementor-screen-only\">Anterior<\/span>\n\t\t\t\t\t<\/div>\n\t\t\t\t\t<div class=\"elementor-swiper-button elementor-swiper-button-next\">\n\t\t\t\t\t\t<i aria-hidden=\"true\" class=\"eicon-chevron-right\"><\/i>\t\t\t\t\t\t<span class=\"elementor-screen-only\">Pr\u00f3ximo<\/span>\n\t\t\t\t\t<\/div>\n\t\t\t\t\t\t\t\t\t<\/div>\n\t\t\t\t<\/div>\n\t\t\t\t<\/div>\n\t\t\t\t\t\t<\/div>\n\t\t\t\t\t<\/div>\n\t\t<\/div>\n\t\t\t\t\t\t\t\t<\/div>\n\t\t\t\t\t<\/div>\n\t\t<\/section>\n\t\t\t\t<section class=\"elementor-section elementor-top-section elementor-element elementor-element-c2507bd elementor-section-boxed elementor-section-height-default elementor-section-height-default\" data-id=\"c2507bd\" data-element_type=\"section\">\n\t\t\t\t\t\t<div class=\"elementor-container elementor-column-gap-default\">\n\t\t\t\t\t\t\t<div class=\"elementor-row\">\n\t\t\t\t\t<div class=\"elementor-column elementor-col-100 elementor-top-column elementor-element elementor-element-6ea4ef8\" data-id=\"6ea4ef8\" data-element_type=\"column\">\n\t\t\t<div class=\"elementor-column-wrap elementor-element-populated\">\n\t\t\t\t\t\t\t<div class=\"elementor-widget-wrap\">\n\t\t\t\t\t\t<div class=\"elementor-element elementor-element-64ff419 elementor-widget elementor-widget-text-editor\" data-id=\"64ff419\" data-element_type=\"widget\" data-widget_type=\"text-editor.default\">\n\t\t\t\t<div class=\"elementor-widget-container\">\n\t\t\t\t\t\t\t\t<div class=\"elementor-text-editor elementor-clearfix\">\n\t\t\t\t<p><strong>Informa\u00e7\u00f5es t\u00e9cnicas:<br \/><\/strong>Data de inaugura\u00e7\u00e3o: 09\/03\/2002<br \/>Arquiteto respons\u00e1vel: Tito L\u00edvio Frasc\u00ednio e Vasco de Mello<br \/>\u00c1rea do terreno (m\u00b2): \u00a0 22.081,00<br \/>Area constru\u00edda total (m\u00b2): \u00a0 24.871,00<br \/>Caracter\u00edsticas: \u00a0Edif\u00edcio composto por t\u00e9rreo inferior e superior e 1 pavimento.<\/p><p><strong>Instala\u00e7\u00f5es:<br \/><\/strong>Acessibilidade Universal<br \/>Internet livre &#8211; 23 terminais<br \/>Lanchonete<br \/>Biblioteca, Espa\u00e7o de leitura &#8211; Livros, revistas e jornais e Cdteca<br \/>Paraciclo &#8211; 17 vagas<br \/>Central de Atendimento &#8211; 6 postos<br \/>Espa\u00e7o de Brincar interno<br \/>Frald\u00e1rio<br \/>Vesti\u00e1rio Familiar<br \/>Sala para pr\u00e1tica do Programa de Gin\u00e1stica Multifuncional e Sala para Pr\u00e1ticas Corporais<br \/>Parque Aqu\u00e1tico &#8211; piscinas descobertas para recrea\u00e7\u00e3o, duas piscinas para crian\u00e7as e outra para p\u00e1tica de Biribol; <br \/>piscina semiol\u00edmpica coberta e aquecida<br \/>Tr\u00eas quadras poliesportivas cobertas<br \/>Vesti\u00e1rio<br \/>234 vagas<br \/>Loja Sesc<br \/>4 consult\u00f3rios, RX panor\u00e2mico e periapical<br \/>Teatro &#8211; 302 lugares<br \/>Espa\u00e7o de Eventos<br \/>Sala de M\u00faltiplo Uso<br \/>Espa\u00e7o Oficina<br \/>Espa\u00e7o Ateli\u00ea<br \/>\u00c1rea de exposi\u00e7\u00e3o<br \/>\u00c1rea de Conviv\u00eancia<\/p><p>VEJA A AGENDA CULTURAL PARA\u00a0<a style=\"font-weight: bold;\" href=\"https:\/\/www.infoartsp.com.br\/guia\/museus-e-instituicoes\/sesc-santo-andre\/\">SESC SANTO ANDR\u00c9<\/a><b><br \/><\/b><em style=\"font-size: 15px;\">Fonte: <a href=\"https:\/\/www.infoartsp.com.br\/guia\/museus-e-instituicoes\/sesc-santo-andre\/\">Infoarts.com.br<\/a><\/em><\/p>\t\t\t\t\t<\/div>\n\t\t\t\t\t\t<\/div>\n\t\t\t\t<\/div>\n\t\t\t\t\t\t<\/div>\n\t\t\t\t\t<\/div>\n\t\t<\/div>\n\t\t\t\t\t\t\t\t<\/div>\n\t\t\t\t\t<\/div>\n\t\t<\/section>\n\t\t\t\t<section class=\"elementor-section elementor-top-section elementor-element elementor-element-0868f3c elementor-section-boxed elementor-section-height-default elementor-section-height-default\" data-id=\"0868f3c\" data-element_type=\"section\">\n\t\t\t\t\t\t<div class=\"elementor-container elementor-column-gap-default\">\n\t\t\t\t\t\t\t<div class=\"elementor-row\">\n\t\t\t\t\t<div class=\"elementor-column elementor-col-50 elementor-top-column elementor-element elementor-element-fed45b0\" data-id=\"fed45b0\" data-element_type=\"column\">\n\t\t\t<div class=\"elementor-column-wrap elementor-element-populated\">\n\t\t\t\t\t\t\t<div class=\"elementor-widget-wrap\">\n\t\t\t\t\t\t<div class=\"elementor-element elementor-element-31391a5 elementor-widget elementor-widget-google_maps\" data-id=\"31391a5\" data-element_type=\"widget\" data-widget_type=\"google_maps.default\">\n\t\t\t\t<div class=\"elementor-widget-container\">\n\t\t\t\t\t<div class=\"elementor-custom-embed\">\n\t\t\t<iframe frameborder=\"0\" scrolling=\"no\" marginheight=\"0\" marginwidth=\"0\"\n\t\t\t\t\tsrc=\"https:\/\/maps.google.com\/maps?q=R.%20Tamarutaca%2C%20302%20-%20Vila%20Guiomar%2C%20Santo%20Andr%C3%A9%20-%20SP%2C%2009071-130&#038;t=m&#038;z=12&#038;output=embed&#038;iwloc=near\"\n\t\t\t\t\ttitle=\"R. Tamarutaca, 302 - Vila Guiomar, Santo Andr\u00e9 - SP, 09071-130\"\n\t\t\t\t\taria-label=\"R. Tamarutaca, 302 - Vila Guiomar, Santo Andr\u00e9 - SP, 09071-130\"\n\t\t\t><\/iframe>\n\t\t<\/div>\n\t\t\t\t<\/div>\n\t\t\t\t<\/div>\n\t\t\t\t\t\t<\/div>\n\t\t\t\t\t<\/div>\n\t\t<\/div>\n\t\t\t\t<div class=\"elementor-column elementor-col-50 elementor-top-column elementor-element elementor-element-1681ecc\" data-id=\"1681ecc\" data-element_type=\"column\">\n\t\t\t<div class=\"elementor-column-wrap elementor-element-populated\">\n\t\t\t\t\t\t\t<div class=\"elementor-widget-wrap\">\n\t\t\t\t\t\t<div class=\"elementor-element elementor-element-6c94e2a elementor-widget elementor-widget-text-editor\" data-id=\"6c94e2a\" data-element_type=\"widget\" data-widget_type=\"text-editor.default\">\n\t\t\t\t<div class=\"elementor-widget-container\">\n\t\t\t\t\t\t\t\t<div class=\"elementor-text-editor elementor-clearfix\">\n\t\t\t\t<p>Rua Tamarutaca, 302 &#8211; Vila Guiomar<\/p><p>Hor\u00e1rio de Funcionamento:\u00a0<br \/>De 3\u00aa. feira a domingo, das 10:00 \u00e0s 20:00<\/p><p>Entrada Gratuita, Exceto eventos e a\u00e7\u00f5es especificas.<\/p><p>Informa\u00e7\u00f5es:\u00a0(11) 4469-1200 |\u00a0https:\/\/www.sescsp.org.br\/santoandre<\/p>\t\t\t\t\t<\/div>\n\t\t\t\t\t\t<\/div>\n\t\t\t\t<\/div>\n\t\t\t\t\t\t<\/div>\n\t\t\t\t\t<\/div>\n\t\t<\/div>\n\t\t\t\t\t\t\t\t<\/div>\n\t\t\t\t\t<\/div>\n\t\t<\/section>\n\t\t\t\t\t\t\t\t\t<\/div>\n\t\t\t<\/div>\n\t\t\t\t\t<\/div>\n\t\t","protected":false},"excerpt":{"rendered":"<p>Informa\u00e7\u00f5es t\u00e9cnicas: Data de inaugura\u00e7\u00e3o: 09\/03\/2002 Arquiteto respons\u00e1vel: Tito L\u00edvio Frasc\u00ednio e Vasco de Mello \u00c1rea do terreno (m\u00b2): \u00a0 22.081,00 Area constru\u00edda total (m\u00b2):<\/p>\n","protected":false},"author":11,"featured_media":0,"parent":0,"menu_order":0,"comment_status":"closed","ping_status":"closed","template":"","meta":{"spay_email":""},"uagb_featured_image_src":{"full":false,"thumbnail":false,"medium":false,"medium_large":false,"large":false,"1536x1536":false,"2048x2048":false,"himalayas-featured-post":false,"himalayas-portfolio-image":false,"himalayas-featured-image":false,"himalayas-services":false},"uagb_author_info":{"display_name":"Turismo Santo Andr\u00e9","author_link":"https:\/\/www3.santoandre.sp.gov.br\/turismosantoandre\/author\/turismo-santo-andre\/"},"uagb_comment_info":0,"uagb_excerpt":"Informa\u00e7\u00f5es t\u00e9cnicas: Data de inaugura\u00e7\u00e3o: 09\/03\/2002 Arquiteto respons\u00e1vel: Tito L\u00edvio Frasc\u00ednio e Vasco de Mello \u00c1rea do terreno (m\u00b2): \u00a0 22.081,00 Area constru\u00edda total (m\u00b2):","_links":{"self":[{"href":"https:\/\/www3.santoandre.sp.gov.br\/turismosantoandre\/wp-json\/wp\/v2\/pages\/910"}],"collection":[{"href":"https:\/\/www3.santoandre.sp.gov.br\/turismosantoandre\/wp-json\/wp\/v2\/pages"}],"about":[{"href":"https:\/\/www3.santoandre.sp.gov.br\/turismosantoandre\/wp-json\/wp\/v2\/types\/page"}],"author":[{"embeddable":true,"href":"https:\/\/www3.santoandre.sp.gov.br\/turismosantoandre\/wp-json\/wp\/v2\/users\/11"}],"replies":[{"embeddable":true,"href":"https:\/\/www3.santoandre.sp.gov.br\/turismosantoandre\/wp-json\/wp\/v2\/comments?post=910"}],"version-history":[{"count":8,"href":"https:\/\/www3.santoandre.sp.gov.br\/turismosantoandre\/wp-json\/wp\/v2\/pages\/910\/revisions"}],"predecessor-version":[{"id":4206,"href":"https:\/\/www3.santoandre.sp.gov.br\/turismosantoandre\/wp-json\/wp\/v2\/pages\/910\/revisions\/4206"}],"wp:attachment":[{"href":"https:\/\/www3.santoandre.sp.gov.br\/turismosantoandre\/wp-json\/wp\/v2\/media?parent=910"}],"curies":[{"name":"wp","href":"https:\/\/api.w.org\/{rel}","templated":true}]}}