{"id":8430,"date":"2021-05-26T11:24:11","date_gmt":"2021-05-26T14:24:11","guid":{"rendered":"https:\/\/www3.santoandre.sp.gov.br\/turismosantoandre\/?page_id=8430"},"modified":"2023-02-10T16:08:09","modified_gmt":"2023-02-10T19:08:09","slug":"sabina-2","status":"publish","type":"page","link":"https:\/\/www3.santoandre.sp.gov.br\/turismosantoandre\/sabina-2\/","title":{"rendered":"Sabina &#8211; Projeto Arquitet\u00f4nico\u00a0"},"content":{"rendered":"\t\t<div data-elementor-type=\"wp-post\" data-elementor-id=\"8430\" class=\"elementor elementor-8430\">\n\t\t\t\t\t\t<div class=\"elementor-inner\">\n\t\t\t\t<div class=\"elementor-section-wrap\">\n\t\t\t\t\t\t\t\t\t<section class=\"elementor-section elementor-top-section elementor-element elementor-element-4e5042b4 elementor-section-boxed elementor-section-height-default elementor-section-height-default\" data-id=\"4e5042b4\" data-element_type=\"section\">\n\t\t\t\t\t\t<div class=\"elementor-container elementor-column-gap-default\">\n\t\t\t\t\t\t\t<div class=\"elementor-row\">\n\t\t\t\t\t<div class=\"elementor-column elementor-col-100 elementor-top-column elementor-element elementor-element-28481ba\" data-id=\"28481ba\" data-element_type=\"column\">\n\t\t\t<div class=\"elementor-column-wrap elementor-element-populated\">\n\t\t\t\t\t\t\t<div class=\"elementor-widget-wrap\">\n\t\t\t\t\t\t<div class=\"elementor-element elementor-element-5d58953 elementor-aspect-ratio-169 elementor-widget elementor-widget-video\" data-id=\"5d58953\" data-element_type=\"widget\" data-settings=\"{&quot;youtube_url&quot;:&quot;https:\\\/\\\/www.youtube.com\\\/watch?v=d9L0YuhRmYA&amp;t=2s&quot;,&quot;video_type&quot;:&quot;youtube&quot;,&quot;controls&quot;:&quot;yes&quot;,&quot;aspect_ratio&quot;:&quot;169&quot;}\" data-widget_type=\"video.default\">\n\t\t\t\t<div class=\"elementor-widget-container\">\n\t\t\t\t\t<div class=\"elementor-wrapper elementor-fit-aspect-ratio elementor-open-inline\">\n\t\t\t<div class=\"elementor-video\"><\/div>\t\t<\/div>\n\t\t\t\t<\/div>\n\t\t\t\t<\/div>\n\t\t\t\t\t\t<\/div>\n\t\t\t\t\t<\/div>\n\t\t<\/div>\n\t\t\t\t\t\t\t\t<\/div>\n\t\t\t\t\t<\/div>\n\t\t<\/section>\n\t\t\t\t<section class=\"elementor-section elementor-top-section elementor-element elementor-element-06aa523 elementor-section-boxed elementor-section-height-default elementor-section-height-default\" data-id=\"06aa523\" data-element_type=\"section\">\n\t\t\t\t\t\t<div class=\"elementor-container elementor-column-gap-default\">\n\t\t\t\t\t\t\t<div class=\"elementor-row\">\n\t\t\t\t\t<div class=\"elementor-column elementor-col-100 elementor-top-column elementor-element elementor-element-bf8ada5\" data-id=\"bf8ada5\" data-element_type=\"column\">\n\t\t\t<div class=\"elementor-column-wrap elementor-element-populated\">\n\t\t\t\t\t\t\t<div class=\"elementor-widget-wrap\">\n\t\t\t\t\t\t<div class=\"elementor-element elementor-element-7c5a5d8 elementor-widget elementor-widget-text-editor\" data-id=\"7c5a5d8\" data-element_type=\"widget\" data-widget_type=\"text-editor.default\">\n\t\t\t\t<div class=\"elementor-widget-container\">\n\t\t\t\t\t\t\t\t<div class=\"elementor-text-editor elementor-clearfix\">\n\t\t\t\t<p>Em uma \u00e1rea de 24 mil metros quadrados, anexa ao Parque Central, encontra-se a\u00a0<a href=\"https:\/\/www2.santoandre.sp.gov.br\/hotsites\/sabina\/index.php\/arquitetura\"><strong>Sabina<\/strong><\/a>. O projeto do complexo arquitet\u00f4nico de 11 mil metros quadrados \u00e9 assinado por\u00a0<a href=\"https:\/\/www.caubr.gov.br\/paulomendesdarocha\/?page_id=45\"><strong>Paulo Mendes da Rocha<\/strong><\/a>, ganhador do pr\u00eamio Pritzker, o mais importante da arquitetura mundial.<\/p><p>Entre as inova\u00e7\u00f5es tecnol\u00f3gicas do projeto, est\u00e1 uma enorme viga-calha de concreto, com 185 metros lineares, apoiada somente em tr\u00eas pontos e sem junta de dilata\u00e7\u00e3o.<\/p><p>As duas vigas encerram uma ampla \u00e1rea constru\u00edda e, junto com o mobili\u00e1rio do espa\u00e7o interno assinado pela designer <a href=\"https:\/\/www.institutobardi.com.br\/\"><strong>Lina Bo Bardi<\/strong><\/a>, s\u00e3o ferramentas que permitem a experimenta\u00e7\u00e3o, viv\u00eancia l\u00fadica e entretenimento, como tudo o que h\u00e1 na\u00a0<strong>Sabina<\/strong>. Toda a constru\u00e7\u00e3o e mesmo as \u00e1reas administrativas s\u00e3o espa\u00e7os dedicados ao conhecimento e \u00e0 cria\u00e7\u00e3o humana.<\/p>\t\t\t\t\t<\/div>\n\t\t\t\t\t\t<\/div>\n\t\t\t\t<\/div>\n\t\t\t\t\t\t<\/div>\n\t\t\t\t\t<\/div>\n\t\t<\/div>\n\t\t\t\t\t\t\t\t<\/div>\n\t\t\t\t\t<\/div>\n\t\t<\/section>\n\t\t\t\t<section class=\"elementor-section elementor-top-section elementor-element elementor-element-bfde66a elementor-section-boxed elementor-section-height-default elementor-section-height-default\" data-id=\"bfde66a\" data-element_type=\"section\">\n\t\t\t\t\t\t<div class=\"elementor-container elementor-column-gap-default\">\n\t\t\t\t\t\t\t<div class=\"elementor-row\">\n\t\t\t\t\t<div class=\"elementor-column elementor-col-33 elementor-top-column elementor-element elementor-element-4a5cc87\" data-id=\"4a5cc87\" data-element_type=\"column\">\n\t\t\t<div class=\"elementor-column-wrap elementor-element-populated\">\n\t\t\t\t\t\t\t<div class=\"elementor-widget-wrap\">\n\t\t\t\t\t\t<div class=\"elementor-element elementor-element-4b4e557 elementor-widget elementor-widget-image\" data-id=\"4b4e557\" data-element_type=\"widget\" data-widget_type=\"image.default\">\n\t\t\t\t<div class=\"elementor-widget-container\">\n\t\t\t\t\t\t\t\t<div class=\"elementor-image\">\n\t\t\t\t\t\t\t\t\t\t\t\t<img width=\"533\" height=\"400\" src=\"https:\/\/www3.santoandre.sp.gov.br\/turismosantoandre\/wp-content\/uploads\/2020\/02\/Painel-Sabina-Parque-Escola-do-Conhecimento-Santo-andre-SP.jpg\" class=\"attachment-large size-large\" alt=\"\" loading=\"lazy\" srcset=\"https:\/\/www3.santoandre.sp.gov.br\/turismosantoandre\/wp-content\/uploads\/2020\/02\/Painel-Sabina-Parque-Escola-do-Conhecimento-Santo-andre-SP.jpg 533w, https:\/\/www3.santoandre.sp.gov.br\/turismosantoandre\/wp-content\/uploads\/2020\/02\/Painel-Sabina-Parque-Escola-do-Conhecimento-Santo-andre-SP-300x225.jpg 300w\" sizes=\"(max-width: 533px) 100vw, 533px\" \/>\t\t\t\t\t\t\t\t\t\t\t\t\t\t<\/div>\n\t\t\t\t\t\t<\/div>\n\t\t\t\t<\/div>\n\t\t\t\t\t\t<\/div>\n\t\t\t\t\t<\/div>\n\t\t<\/div>\n\t\t\t\t<div class=\"elementor-column elementor-col-66 elementor-top-column elementor-element elementor-element-baaffd7\" data-id=\"baaffd7\" data-element_type=\"column\">\n\t\t\t<div class=\"elementor-column-wrap elementor-element-populated\">\n\t\t\t\t\t\t\t<div class=\"elementor-widget-wrap\">\n\t\t\t\t\t\t<div class=\"elementor-element elementor-element-17787bc elementor-widget elementor-widget-text-editor\" data-id=\"17787bc\" data-element_type=\"widget\" data-widget_type=\"text-editor.default\">\n\t\t\t\t<div class=\"elementor-widget-container\">\n\t\t\t\t\t\t\t\t<div class=\"elementor-text-editor elementor-clearfix\">\n\t\t\t\t<h4>Painel <a href=\"https:\/\/sacilotto.com.br\/obra\/grandes-dimensoes\/\">Luiz Sacilotto<\/a><\/h4><p>Sacilotto utilizou conceitos concretistas observados no campo pict\u00f3rico, m\u00f3dulos \u00f3tico-cin\u00e9ticos, enquadrada nas categorias da optical art, o ilus\u00f3rio do espa\u00e7o, com as\u00a0formas em repeti\u00e7\u00e3o, calculada pela ambiguidade espacial. Nas pinturas, bidimensionalidade num jogo de efeitos, com\u00a0 distintas posi\u00e7\u00f5es e tonalidades.<a href=\"https:\/\/www.usjt.br\/biblioteca\/mono_disser\/mono_diss\/2017\/390.pdf\">\u00a0<span style=\"font-family: Roboto, sans-serif; font-size: 15px; font-style: normal; font-weight: 300;\">Fonte: Jacques Jaison, 2017.<\/span><\/a>\u00a0<\/p>\t\t\t\t\t<\/div>\n\t\t\t\t\t\t<\/div>\n\t\t\t\t<\/div>\n\t\t\t\t\t\t<\/div>\n\t\t\t\t\t<\/div>\n\t\t<\/div>\n\t\t\t\t\t\t\t\t<\/div>\n\t\t\t\t\t<\/div>\n\t\t<\/section>\n\t\t\t\t\t\t\t\t\t<\/div>\n\t\t\t<\/div>\n\t\t\t\t\t<\/div>\n\t\t","protected":false},"excerpt":{"rendered":"<p>Em uma \u00e1rea de 24 mil metros quadrados, anexa ao Parque Central, encontra-se a\u00a0Sabina. O projeto do complexo arquitet\u00f4nico de 11 mil metros quadrados \u00e9<\/p>\n","protected":false},"author":11,"featured_media":6640,"parent":0,"menu_order":0,"comment_status":"closed","ping_status":"closed","template":"","meta":{"spay_email":""},"uagb_featured_image_src":{"full":["https:\/\/www3.santoandre.sp.gov.br\/turismosantoandre\/wp-content\/uploads\/2021\/03\/Circuito-de-arte.jpg",851,746,false],"thumbnail":["https:\/\/www3.santoandre.sp.gov.br\/turismosantoandre\/wp-content\/uploads\/2021\/03\/Circuito-de-arte-150x150.jpg",150,150,true],"medium":["https:\/\/www3.santoandre.sp.gov.br\/turismosantoandre\/wp-content\/uploads\/2021\/03\/Circuito-de-arte-300x263.jpg",300,263,true],"medium_large":["https:\/\/www3.santoandre.sp.gov.br\/turismosantoandre\/wp-content\/uploads\/2021\/03\/Circuito-de-arte-768x673.jpg",768,673,true],"large":["https:\/\/www3.santoandre.sp.gov.br\/turismosantoandre\/wp-content\/uploads\/2021\/03\/Circuito-de-arte.jpg",783,686,false],"1536x1536":["https:\/\/www3.santoandre.sp.gov.br\/turismosantoandre\/wp-content\/uploads\/2021\/03\/Circuito-de-arte.jpg",851,746,false],"2048x2048":["https:\/\/www3.santoandre.sp.gov.br\/turismosantoandre\/wp-content\/uploads\/2021\/03\/Circuito-de-arte.jpg",851,746,false],"himalayas-featured-post":["https:\/\/www3.santoandre.sp.gov.br\/turismosantoandre\/wp-content\/uploads\/2021\/03\/Circuito-de-arte-781x512.jpg",781,512,true],"himalayas-portfolio-image":["https:\/\/www3.santoandre.sp.gov.br\/turismosantoandre\/wp-content\/uploads\/2021\/03\/Circuito-de-arte-400x350.jpg",400,350,true],"himalayas-featured-image":["https:\/\/www3.santoandre.sp.gov.br\/turismosantoandre\/wp-content\/uploads\/2021\/03\/Circuito-de-arte-319x142.jpg",319,142,true],"himalayas-services":["https:\/\/www3.santoandre.sp.gov.br\/turismosantoandre\/wp-content\/uploads\/2021\/03\/Circuito-de-arte-470x280.jpg",470,280,true]},"uagb_author_info":{"display_name":"Turismo Santo Andr\u00e9","author_link":"https:\/\/www3.santoandre.sp.gov.br\/turismosantoandre\/author\/turismo-santo-andre\/"},"uagb_comment_info":0,"uagb_excerpt":"Em uma \u00e1rea de 24 mil metros quadrados, anexa ao Parque Central, encontra-se a\u00a0Sabina. O projeto do complexo arquitet\u00f4nico de 11 mil metros quadrados \u00e9","_links":{"self":[{"href":"https:\/\/www3.santoandre.sp.gov.br\/turismosantoandre\/wp-json\/wp\/v2\/pages\/8430"}],"collection":[{"href":"https:\/\/www3.santoandre.sp.gov.br\/turismosantoandre\/wp-json\/wp\/v2\/pages"}],"about":[{"href":"https:\/\/www3.santoandre.sp.gov.br\/turismosantoandre\/wp-json\/wp\/v2\/types\/page"}],"author":[{"embeddable":true,"href":"https:\/\/www3.santoandre.sp.gov.br\/turismosantoandre\/wp-json\/wp\/v2\/users\/11"}],"replies":[{"embeddable":true,"href":"https:\/\/www3.santoandre.sp.gov.br\/turismosantoandre\/wp-json\/wp\/v2\/comments?post=8430"}],"version-history":[{"count":23,"href":"https:\/\/www3.santoandre.sp.gov.br\/turismosantoandre\/wp-json\/wp\/v2\/pages\/8430\/revisions"}],"predecessor-version":[{"id":8453,"href":"https:\/\/www3.santoandre.sp.gov.br\/turismosantoandre\/wp-json\/wp\/v2\/pages\/8430\/revisions\/8453"}],"wp:featuredmedia":[{"embeddable":true,"href":"https:\/\/www3.santoandre.sp.gov.br\/turismosantoandre\/wp-json\/wp\/v2\/media\/6640"}],"wp:attachment":[{"href":"https:\/\/www3.santoandre.sp.gov.br\/turismosantoandre\/wp-json\/wp\/v2\/media?parent=8430"}],"curies":[{"name":"wp","href":"https:\/\/api.w.org\/{rel}","templated":true}]}}