{"id":776,"date":"2019-08-30T14:49:13","date_gmt":"2019-08-30T17:49:13","guid":{"rendered":"https:\/\/www3.santoandre.sp.gov.br\/turismosantoandre\/?page_id=776"},"modified":"2024-04-03T13:21:57","modified_gmt":"2024-04-03T16:21:57","slug":"centro-de-documentacao-em-arquitetura-e-urbanismo-cdarq","status":"publish","type":"page","link":"https:\/\/www3.santoandre.sp.gov.br\/turismosantoandre\/centro-de-documentacao-em-arquitetura-e-urbanismo-cdarq\/","title":{"rendered":"Centro de Documenta\u00e7\u00e3o em Arquitetura e Urbanismo (CDARQ)"},"content":{"rendered":"\t\t<div data-elementor-type=\"wp-post\" data-elementor-id=\"776\" class=\"elementor elementor-776\">\n\t\t\t\t\t\t<div class=\"elementor-inner\">\n\t\t\t\t<div class=\"elementor-section-wrap\">\n\t\t\t\t\t\t\t\t\t<section class=\"elementor-section elementor-top-section elementor-element elementor-element-567eabb elementor-section-boxed elementor-section-height-default elementor-section-height-default\" data-id=\"567eabb\" data-element_type=\"section\">\n\t\t\t\t\t\t<div class=\"elementor-container elementor-column-gap-default\">\n\t\t\t\t\t\t\t<div class=\"elementor-row\">\n\t\t\t\t\t<div class=\"elementor-column elementor-col-100 elementor-top-column elementor-element elementor-element-13b6e81\" data-id=\"13b6e81\" data-element_type=\"column\">\n\t\t\t<div class=\"elementor-column-wrap elementor-element-populated\">\n\t\t\t\t\t\t\t<div class=\"elementor-widget-wrap\">\n\t\t\t\t\t\t<div class=\"elementor-element elementor-element-84a5898 elementor-arrows-position-inside elementor-widget elementor-widget-image-carousel\" data-id=\"84a5898\" data-element_type=\"widget\" data-settings=\"{&quot;slides_to_show&quot;:&quot;3&quot;,&quot;navigation&quot;:&quot;arrows&quot;,&quot;autoplay&quot;:&quot;yes&quot;,&quot;pause_on_hover&quot;:&quot;yes&quot;,&quot;pause_on_interaction&quot;:&quot;yes&quot;,&quot;autoplay_speed&quot;:5000,&quot;infinite&quot;:&quot;yes&quot;,&quot;speed&quot;:500,&quot;image_spacing_custom&quot;:{&quot;unit&quot;:&quot;px&quot;,&quot;size&quot;:20,&quot;sizes&quot;:[]}}\" data-widget_type=\"image-carousel.default\">\n\t\t\t\t<div class=\"elementor-widget-container\">\n\t\t\t\t\t<div class=\"elementor-image-carousel-wrapper swiper-container\" dir=\"ltr\">\n\t\t\t<div class=\"elementor-image-carousel swiper-wrapper swiper-image-stretch\">\n\t\t\t\t\t\t\t\t<div class=\"swiper-slide\"><figure class=\"swiper-slide-inner\"><img class=\"swiper-slide-image\" src=\"https:\/\/www3.santoandre.sp.gov.br\/turismosantoandre\/wp-content\/uploads\/2024\/04\/Imagem1-1-300x200.jpg\" alt=\"Imagem1\" \/><\/figure><\/div><div class=\"swiper-slide\"><figure class=\"swiper-slide-inner\"><img class=\"swiper-slide-image\" src=\"https:\/\/www3.santoandre.sp.gov.br\/turismosantoandre\/wp-content\/uploads\/2024\/04\/Imagem4-1-300x200.jpg\" alt=\"Imagem4\" \/><\/figure><\/div><div class=\"swiper-slide\"><figure class=\"swiper-slide-inner\"><img class=\"swiper-slide-image\" src=\"https:\/\/www3.santoandre.sp.gov.br\/turismosantoandre\/wp-content\/uploads\/2019\/09\/26769881368_d0a9f5ce7a_k-300x200.jpg\" alt=\"26769881368_d0a9f5ce7a_k\" \/><\/figure><\/div><div class=\"swiper-slide\"><figure class=\"swiper-slide-inner\"><img class=\"swiper-slide-image\" src=\"https:\/\/www3.santoandre.sp.gov.br\/turismosantoandre\/wp-content\/uploads\/2024\/04\/Imagem3-1-300x200.jpg\" alt=\"Imagem3\" \/><\/figure><\/div><div class=\"swiper-slide\"><figure class=\"swiper-slide-inner\"><img class=\"swiper-slide-image\" src=\"https:\/\/www3.santoandre.sp.gov.br\/turismosantoandre\/wp-content\/uploads\/2019\/09\/26769880428_5e5f1e58d4_k-300x200.jpg\" alt=\"26769880428_5e5f1e58d4_k\" \/><\/figure><\/div><div class=\"swiper-slide\"><figure class=\"swiper-slide-inner\"><img class=\"swiper-slide-image\" src=\"https:\/\/www3.santoandre.sp.gov.br\/turismosantoandre\/wp-content\/uploads\/2024\/04\/Imagem2-1-300x200.jpg\" alt=\"Imagem2\" \/><\/figure><\/div>\t\t\t<\/div>\n\t\t\t\t\t\t\t\t\t\t\t\t\t\t\t\t<div class=\"elementor-swiper-button elementor-swiper-button-prev\">\n\t\t\t\t\t\t<i aria-hidden=\"true\" class=\"eicon-chevron-left\"><\/i>\t\t\t\t\t\t<span class=\"elementor-screen-only\">Anterior<\/span>\n\t\t\t\t\t<\/div>\n\t\t\t\t\t<div class=\"elementor-swiper-button elementor-swiper-button-next\">\n\t\t\t\t\t\t<i aria-hidden=\"true\" class=\"eicon-chevron-right\"><\/i>\t\t\t\t\t\t<span class=\"elementor-screen-only\">Pr\u00f3ximo<\/span>\n\t\t\t\t\t<\/div>\n\t\t\t\t\t\t\t\t\t<\/div>\n\t\t\t\t<\/div>\n\t\t\t\t<\/div>\n\t\t\t\t\t\t<\/div>\n\t\t\t\t\t<\/div>\n\t\t<\/div>\n\t\t\t\t\t\t\t\t<\/div>\n\t\t\t\t\t<\/div>\n\t\t<\/section>\n\t\t\t\t<section class=\"elementor-section elementor-top-section elementor-element elementor-element-5c468f7 elementor-section-boxed elementor-section-height-default elementor-section-height-default\" data-id=\"5c468f7\" data-element_type=\"section\">\n\t\t\t\t\t\t<div class=\"elementor-container elementor-column-gap-default\">\n\t\t\t\t\t\t\t<div class=\"elementor-row\">\n\t\t\t\t\t<div class=\"elementor-column elementor-col-100 elementor-top-column elementor-element elementor-element-865ea4c\" data-id=\"865ea4c\" data-element_type=\"column\">\n\t\t\t<div class=\"elementor-column-wrap elementor-element-populated\">\n\t\t\t\t\t\t\t<div class=\"elementor-widget-wrap\">\n\t\t\t\t\t\t<div class=\"elementor-element elementor-element-2a7c427 elementor-widget elementor-widget-text-editor\" data-id=\"2a7c427\" data-element_type=\"widget\" data-widget_type=\"text-editor.default\">\n\t\t\t\t<div class=\"elementor-widget-container\">\n\t\t\t\t\t\t\t\t<div class=\"elementor-text-editor elementor-clearfix\">\n\t\t\t\t<p>Abriga exposi\u00e7\u00e3o permanente sobre a forma\u00e7\u00e3o urbana e arquitet\u00f4nica da Vila Martim Smith.<\/p>\t\t\t\t\t<\/div>\n\t\t\t\t\t\t<\/div>\n\t\t\t\t<\/div>\n\t\t\t\t\t\t<\/div>\n\t\t\t\t\t<\/div>\n\t\t<\/div>\n\t\t\t\t\t\t\t\t<\/div>\n\t\t\t\t\t<\/div>\n\t\t<\/section>\n\t\t\t\t<section class=\"elementor-section elementor-top-section elementor-element elementor-element-1360c0e elementor-section-boxed elementor-section-height-default elementor-section-height-default\" data-id=\"1360c0e\" data-element_type=\"section\">\n\t\t\t\t\t\t<div class=\"elementor-container elementor-column-gap-default\">\n\t\t\t\t\t\t\t<div class=\"elementor-row\">\n\t\t\t\t\t<div class=\"elementor-column elementor-col-100 elementor-top-column elementor-element elementor-element-c66670e\" data-id=\"c66670e\" data-element_type=\"column\">\n\t\t\t<div class=\"elementor-column-wrap elementor-element-populated\">\n\t\t\t\t\t\t\t<div class=\"elementor-widget-wrap\">\n\t\t\t\t\t\t<div class=\"elementor-element elementor-element-4eca933 elementor-widget-divider--view-line elementor-widget elementor-widget-divider\" data-id=\"4eca933\" data-element_type=\"widget\" data-widget_type=\"divider.default\">\n\t\t\t\t<div class=\"elementor-widget-container\">\n\t\t\t\t\t<div class=\"elementor-divider\">\n\t\t\t<span class=\"elementor-divider-separator\">\n\t\t\t\t\t\t<\/span>\n\t\t<\/div>\n\t\t\t\t<\/div>\n\t\t\t\t<\/div>\n\t\t\t\t\t\t<\/div>\n\t\t\t\t\t<\/div>\n\t\t<\/div>\n\t\t\t\t\t\t\t\t<\/div>\n\t\t\t\t\t<\/div>\n\t\t<\/section>\n\t\t\t\t<section class=\"elementor-section elementor-top-section elementor-element elementor-element-7ae9599 elementor-section-boxed elementor-section-height-default elementor-section-height-default\" data-id=\"7ae9599\" data-element_type=\"section\">\n\t\t\t\t\t\t<div class=\"elementor-container elementor-column-gap-default\">\n\t\t\t\t\t\t\t<div class=\"elementor-row\">\n\t\t\t\t\t<div class=\"elementor-column elementor-col-100 elementor-top-column elementor-element elementor-element-b5347ad\" data-id=\"b5347ad\" data-element_type=\"column\">\n\t\t\t<div class=\"elementor-column-wrap elementor-element-populated\">\n\t\t\t\t\t\t\t<div class=\"elementor-widget-wrap\">\n\t\t\t\t\t\t<section class=\"elementor-section elementor-inner-section elementor-element elementor-element-949aeeb elementor-section-boxed elementor-section-height-default elementor-section-height-default\" data-id=\"949aeeb\" data-element_type=\"section\">\n\t\t\t\t\t\t<div class=\"elementor-container elementor-column-gap-default\">\n\t\t\t\t\t\t\t<div class=\"elementor-row\">\n\t\t\t\t\t<div class=\"elementor-column elementor-col-50 elementor-inner-column elementor-element elementor-element-22524c0\" data-id=\"22524c0\" data-element_type=\"column\">\n\t\t\t<div class=\"elementor-column-wrap elementor-element-populated\">\n\t\t\t\t\t\t\t<div class=\"elementor-widget-wrap\">\n\t\t\t\t\t\t<div class=\"elementor-element elementor-element-7dd4659 elementor-widget elementor-widget-heading\" data-id=\"7dd4659\" data-element_type=\"widget\" data-widget_type=\"heading.default\">\n\t\t\t\t<div class=\"elementor-widget-container\">\n\t\t\t<h5 class=\"elementor-heading-title elementor-size-default\">Endere\u00e7o:<\/h5>\t\t<\/div>\n\t\t\t\t<\/div>\n\t\t\t\t<div class=\"elementor-element elementor-element-fdc80d4 elementor-widget elementor-widget-text-editor\" data-id=\"fdc80d4\" data-element_type=\"widget\" data-widget_type=\"text-editor.default\">\n\t\t\t\t<div class=\"elementor-widget-container\">\n\t\t\t\t\t\t\t\t<div class=\"elementor-text-editor elementor-clearfix\">\n\t\t\t\t<p><span class=\"fe5nidar khvhiq1o r5qsrrlp i5tg98hk f9ovudaz przvwfww gx1rr48f gfz4du6o r7fjleex nz2484kf svot0ezm dcnh1tix sxl192xd t3g6t33p\"><span class=\"mpj7bzys xzlurrtv\">\ud83d\udccd <a href=\"https:\/\/maps.app.goo.gl\/xfvGEQiF1GJqq71X8\"><strong>Campos Salles, n\u00ba 465 &#8211; Parte Baixa<\/strong><\/a><\/span><\/span><\/p>\t\t\t\t\t<\/div>\n\t\t\t\t\t\t<\/div>\n\t\t\t\t<\/div>\n\t\t\t\t\t\t<\/div>\n\t\t\t\t\t<\/div>\n\t\t<\/div>\n\t\t\t\t<div class=\"elementor-column elementor-col-50 elementor-inner-column elementor-element elementor-element-fc9946f\" data-id=\"fc9946f\" data-element_type=\"column\">\n\t\t\t<div class=\"elementor-column-wrap elementor-element-populated\">\n\t\t\t\t\t\t\t<div class=\"elementor-widget-wrap\">\n\t\t\t\t\t\t<div class=\"elementor-element elementor-element-309b0c6 elementor-widget elementor-widget-heading\" data-id=\"309b0c6\" data-element_type=\"widget\" data-widget_type=\"heading.default\">\n\t\t\t\t<div class=\"elementor-widget-container\">\n\t\t\t<h5 class=\"elementor-heading-title elementor-size-default\">Hor\u00e1rio de funcionamento:<\/h5>\t\t<\/div>\n\t\t\t\t<\/div>\n\t\t\t\t<div class=\"elementor-element elementor-element-1d9341a elementor-widget elementor-widget-text-editor\" data-id=\"1d9341a\" data-element_type=\"widget\" data-widget_type=\"text-editor.default\">\n\t\t\t\t<div class=\"elementor-widget-container\">\n\t\t\t\t\t\t\t\t<div class=\"elementor-text-editor elementor-clearfix\">\n\t\t\t\t<p>\u23f0 <em><strong>Ter\u00e7a a Sexta-feira:<\/strong><\/em> mediante agendamento pr\u00e9vio<br \/>\u23f0 <em><strong>S\u00e1bados, domingos e feriados:<\/strong> <\/em>das 10h \u00e0s 16h<\/p>\t\t\t\t\t<\/div>\n\t\t\t\t\t\t<\/div>\n\t\t\t\t<\/div>\n\t\t\t\t\t\t<\/div>\n\t\t\t\t\t<\/div>\n\t\t<\/div>\n\t\t\t\t\t\t\t\t<\/div>\n\t\t\t\t\t<\/div>\n\t\t<\/section>\n\t\t\t\t<section class=\"elementor-section elementor-inner-section elementor-element elementor-element-d7a789f elementor-section-boxed elementor-section-height-default elementor-section-height-default\" data-id=\"d7a789f\" data-element_type=\"section\">\n\t\t\t\t\t\t<div class=\"elementor-container elementor-column-gap-default\">\n\t\t\t\t\t\t\t<div class=\"elementor-row\">\n\t\t\t\t\t<div class=\"elementor-column elementor-col-50 elementor-inner-column elementor-element elementor-element-10d23db\" data-id=\"10d23db\" data-element_type=\"column\">\n\t\t\t<div class=\"elementor-column-wrap elementor-element-populated\">\n\t\t\t\t\t\t\t<div class=\"elementor-widget-wrap\">\n\t\t\t\t\t\t<div class=\"elementor-element elementor-element-17e6ada elementor-widget elementor-widget-heading\" data-id=\"17e6ada\" data-element_type=\"widget\" data-widget_type=\"heading.default\">\n\t\t\t\t<div class=\"elementor-widget-container\">\n\t\t\t<h5 class=\"elementor-heading-title elementor-size-default\">Valor da entrada:<\/h5>\t\t<\/div>\n\t\t\t\t<\/div>\n\t\t\t\t<div class=\"elementor-element elementor-element-3a4e4e7 elementor-widget elementor-widget-text-editor\" data-id=\"3a4e4e7\" data-element_type=\"widget\" data-widget_type=\"text-editor.default\">\n\t\t\t\t<div class=\"elementor-widget-container\">\n\t\t\t\t\t\t\t\t<div class=\"elementor-text-editor elementor-clearfix\">\n\t\t\t\t<p><span class=\"fe5nidar khvhiq1o r5qsrrlp i5tg98hk f9ovudaz przvwfww gx1rr48f gfz4du6o r7fjleex nz2484kf svot0ezm dcnh1tix sxl192xd t3g6t33p\"><span class=\"mpj7bzys xzlurrtv\">\ud83c\udfab Gratuita.<\/span><\/span><\/p>\t\t\t\t\t<\/div>\n\t\t\t\t\t\t<\/div>\n\t\t\t\t<\/div>\n\t\t\t\t\t\t<\/div>\n\t\t\t\t\t<\/div>\n\t\t<\/div>\n\t\t\t\t<div class=\"elementor-column elementor-col-50 elementor-inner-column elementor-element elementor-element-bab39b2\" data-id=\"bab39b2\" data-element_type=\"column\">\n\t\t\t<div class=\"elementor-column-wrap elementor-element-populated\">\n\t\t\t\t\t\t\t<div class=\"elementor-widget-wrap\">\n\t\t\t\t\t\t<div class=\"elementor-element elementor-element-cbbd549 elementor-widget elementor-widget-heading\" data-id=\"cbbd549\" data-element_type=\"widget\" data-widget_type=\"heading.default\">\n\t\t\t\t<div class=\"elementor-widget-container\">\n\t\t\t<h5 class=\"elementor-heading-title elementor-size-default\">Informa\u00e7\u00f5es:<\/h5>\t\t<\/div>\n\t\t\t\t<\/div>\n\t\t\t\t<div class=\"elementor-element elementor-element-c412b16 elementor-widget elementor-widget-text-editor\" data-id=\"c412b16\" data-element_type=\"widget\" data-widget_type=\"text-editor.default\">\n\t\t\t\t<div class=\"elementor-widget-container\">\n\t\t\t\t\t\t\t\t<div class=\"elementor-text-editor elementor-clearfix\">\n\t\t\t\t<p><strong><span class=\"fe5nidar khvhiq1o r5qsrrlp i5tg98hk f9ovudaz przvwfww gx1rr48f gfz4du6o r7fjleex nz2484kf svot0ezm dcnh1tix sxl192xd t3g6t33p\"><span class=\"mpj7bzys xzlurrtv\">\ud83d\udcf1<a href=\"tel:551144390109\"><span style=\"font-size: 15px;\"> (11) 4439-0109<\/span><\/a><\/span><\/span><\/strong><\/p>\t\t\t\t\t<\/div>\n\t\t\t\t\t\t<\/div>\n\t\t\t\t<\/div>\n\t\t\t\t\t\t<\/div>\n\t\t\t\t\t<\/div>\n\t\t<\/div>\n\t\t\t\t\t\t\t\t<\/div>\n\t\t\t\t\t<\/div>\n\t\t<\/section>\n\t\t\t\t\t\t<\/div>\n\t\t\t\t\t<\/div>\n\t\t<\/div>\n\t\t\t\t\t\t\t\t<\/div>\n\t\t\t\t\t<\/div>\n\t\t<\/section>\n\t\t\t\t<section class=\"elementor-section elementor-top-section elementor-element elementor-element-3ca95d6 elementor-section-boxed elementor-section-height-default elementor-section-height-default\" data-id=\"3ca95d6\" data-element_type=\"section\">\n\t\t\t\t\t\t<div class=\"elementor-container elementor-column-gap-default\">\n\t\t\t\t\t\t\t<div class=\"elementor-row\">\n\t\t\t\t\t<div class=\"elementor-column elementor-col-50 elementor-top-column elementor-element elementor-element-1e673ac\" data-id=\"1e673ac\" data-element_type=\"column\">\n\t\t\t<div class=\"elementor-column-wrap elementor-element-populated\">\n\t\t\t\t\t\t\t<div class=\"elementor-widget-wrap\">\n\t\t\t\t\t\t<div class=\"elementor-element elementor-element-5bfeb1b elementor-widget elementor-widget-google_maps\" data-id=\"5bfeb1b\" data-element_type=\"widget\" data-widget_type=\"google_maps.default\">\n\t\t\t\t<div class=\"elementor-widget-container\">\n\t\t\t\t\t<div class=\"elementor-custom-embed\">\n\t\t\t<iframe frameborder=\"0\" scrolling=\"no\" marginheight=\"0\" marginwidth=\"0\"\n\t\t\t\t\tsrc=\"https:\/\/maps.google.com\/maps?q=Avenida%20Manoel%20Ferraz%20de%20Campos%20Salles%20-%20%28Parte%20Baixa%29%2C%20Paranapiacaba%2C%20Santo%20Andr%C3%A9%20-%20SP%20-%20CEP%2009150080&#038;t=m&#038;z=10&#038;output=embed&#038;iwloc=near\"\n\t\t\t\t\ttitle=\"Avenida Manoel Ferraz de Campos Salles - (Parte Baixa), Paranapiacaba, Santo Andr\u00e9 - SP - CEP 09150080\"\n\t\t\t\t\taria-label=\"Avenida Manoel Ferraz de Campos Salles - (Parte Baixa), Paranapiacaba, Santo Andr\u00e9 - SP - CEP 09150080\"\n\t\t\t><\/iframe>\n\t\t<\/div>\n\t\t\t\t<\/div>\n\t\t\t\t<\/div>\n\t\t\t\t\t\t<\/div>\n\t\t\t\t\t<\/div>\n\t\t<\/div>\n\t\t\t\t<div class=\"elementor-column elementor-col-50 elementor-top-column elementor-element elementor-element-c8adab6\" data-id=\"c8adab6\" data-element_type=\"column\">\n\t\t\t<div class=\"elementor-column-wrap\">\n\t\t\t\t\t\t\t<div class=\"elementor-widget-wrap\">\n\t\t\t\t\t\t\t\t<\/div>\n\t\t\t\t\t<\/div>\n\t\t<\/div>\n\t\t\t\t\t\t\t\t<\/div>\n\t\t\t\t\t<\/div>\n\t\t<\/section>\n\t\t\t\t\t\t\t\t\t<\/div>\n\t\t\t<\/div>\n\t\t\t\t\t<\/div>\n\t\t","protected":false},"excerpt":{"rendered":"<p>Anterior Pr\u00f3ximo Abriga exposi\u00e7\u00e3o permanente sobre a forma\u00e7\u00e3o urbana e arquitet\u00f4nica da Vila Martim Smith. Endere\u00e7o: \ud83d\udccd Campos Salles, n\u00ba 465 &#8211; Parte Baixa Hor\u00e1rio<\/p>\n","protected":false},"author":11,"featured_media":0,"parent":0,"menu_order":0,"comment_status":"closed","ping_status":"closed","template":"","meta":{"spay_email":""},"uagb_featured_image_src":{"full":false,"thumbnail":false,"medium":false,"medium_large":false,"large":false,"1536x1536":false,"2048x2048":false,"himalayas-featured-post":false,"himalayas-portfolio-image":false,"himalayas-featured-image":false,"himalayas-services":false},"uagb_author_info":{"display_name":"Turismo Santo Andr\u00e9","author_link":"https:\/\/www3.santoandre.sp.gov.br\/turismosantoandre\/author\/turismo-santo-andre\/"},"uagb_comment_info":0,"uagb_excerpt":"Anterior Pr\u00f3ximo Abriga exposi\u00e7\u00e3o permanente sobre a forma\u00e7\u00e3o urbana e arquitet\u00f4nica da Vila Martim Smith. Endere\u00e7o: \ud83d\udccd Campos Salles, n\u00ba 465 &#8211; Parte Baixa Hor\u00e1rio","_links":{"self":[{"href":"https:\/\/www3.santoandre.sp.gov.br\/turismosantoandre\/wp-json\/wp\/v2\/pages\/776"}],"collection":[{"href":"https:\/\/www3.santoandre.sp.gov.br\/turismosantoandre\/wp-json\/wp\/v2\/pages"}],"about":[{"href":"https:\/\/www3.santoandre.sp.gov.br\/turismosantoandre\/wp-json\/wp\/v2\/types\/page"}],"author":[{"embeddable":true,"href":"https:\/\/www3.santoandre.sp.gov.br\/turismosantoandre\/wp-json\/wp\/v2\/users\/11"}],"replies":[{"embeddable":true,"href":"https:\/\/www3.santoandre.sp.gov.br\/turismosantoandre\/wp-json\/wp\/v2\/comments?post=776"}],"version-history":[{"count":69,"href":"https:\/\/www3.santoandre.sp.gov.br\/turismosantoandre\/wp-json\/wp\/v2\/pages\/776\/revisions"}],"predecessor-version":[{"id":21006,"href":"https:\/\/www3.santoandre.sp.gov.br\/turismosantoandre\/wp-json\/wp\/v2\/pages\/776\/revisions\/21006"}],"wp:attachment":[{"href":"https:\/\/www3.santoandre.sp.gov.br\/turismosantoandre\/wp-json\/wp\/v2\/media?parent=776"}],"curies":[{"name":"wp","href":"https:\/\/api.w.org\/{rel}","templated":true}]}}