{"id":6390,"date":"2021-02-24T10:39:17","date_gmt":"2021-02-24T13:39:17","guid":{"rendered":"https:\/\/www3.santoandre.sp.gov.br\/turismosantoandre\/?page_id=6390"},"modified":"2021-03-05T15:24:17","modified_gmt":"2021-03-05T18:24:17","slug":"feira-artes-paranapiacaba","status":"publish","type":"page","link":"https:\/\/www3.santoandre.sp.gov.br\/turismosantoandre\/feira-artes-paranapiacaba\/","title":{"rendered":"Feira de Artes e Antiguidades de Paranapiacaba"},"content":{"rendered":"\t\t<div data-elementor-type=\"wp-post\" data-elementor-id=\"6390\" class=\"elementor elementor-6390\">\n\t\t\t\t\t\t<div class=\"elementor-inner\">\n\t\t\t\t<div class=\"elementor-section-wrap\">\n\t\t\t\t\t\t\t\t\t<section class=\"elementor-section elementor-top-section elementor-element elementor-element-a1eaa1a elementor-section-boxed elementor-section-height-default elementor-section-height-default\" data-id=\"a1eaa1a\" data-element_type=\"section\">\n\t\t\t\t\t\t<div class=\"elementor-container elementor-column-gap-default\">\n\t\t\t\t\t\t\t<div class=\"elementor-row\">\n\t\t\t\t\t<div class=\"elementor-column elementor-col-100 elementor-top-column elementor-element elementor-element-22ad512\" data-id=\"22ad512\" data-element_type=\"column\">\n\t\t\t<div class=\"elementor-column-wrap elementor-element-populated\">\n\t\t\t\t\t\t\t<div class=\"elementor-widget-wrap\">\n\t\t\t\t\t\t<div class=\"elementor-element elementor-element-3427fb6 elementor-arrows-position-inside elementor-widget elementor-widget-image-carousel\" data-id=\"3427fb6\" data-element_type=\"widget\" data-settings=\"{&quot;slides_to_show&quot;:&quot;1&quot;,&quot;navigation&quot;:&quot;arrows&quot;,&quot;autoplay&quot;:&quot;yes&quot;,&quot;pause_on_hover&quot;:&quot;yes&quot;,&quot;pause_on_interaction&quot;:&quot;yes&quot;,&quot;autoplay_speed&quot;:5000,&quot;infinite&quot;:&quot;yes&quot;,&quot;effect&quot;:&quot;slide&quot;,&quot;speed&quot;:500}\" data-widget_type=\"image-carousel.default\">\n\t\t\t\t<div class=\"elementor-widget-container\">\n\t\t\t\t\t<div class=\"elementor-image-carousel-wrapper swiper-container\" dir=\"ltr\">\n\t\t\t<div class=\"elementor-image-carousel swiper-wrapper\">\n\t\t\t\t\t\t\t\t<div class=\"swiper-slide\"><figure class=\"swiper-slide-inner\"><img class=\"swiper-slide-image\" src=\"https:\/\/www3.santoandre.sp.gov.br\/turismosantoandre\/wp-content\/uploads\/2021\/02\/feira-de-artes-768x292.jpg\" alt=\"feira de artes\" \/><\/figure><\/div>\t\t\t<\/div>\n\t\t\t\t\t<\/div>\n\t\t\t\t<\/div>\n\t\t\t\t<\/div>\n\t\t\t\t\t\t<\/div>\n\t\t\t\t\t<\/div>\n\t\t<\/div>\n\t\t\t\t\t\t\t\t<\/div>\n\t\t\t\t\t<\/div>\n\t\t<\/section>\n\t\t\t\t<section class=\"elementor-section elementor-top-section elementor-element elementor-element-7958101 elementor-section-boxed elementor-section-height-default elementor-section-height-default\" data-id=\"7958101\" data-element_type=\"section\">\n\t\t\t\t\t\t<div class=\"elementor-container elementor-column-gap-default\">\n\t\t\t\t\t\t\t<div class=\"elementor-row\">\n\t\t\t\t\t<div class=\"elementor-column elementor-col-100 elementor-top-column elementor-element elementor-element-badc424\" data-id=\"badc424\" data-element_type=\"column\">\n\t\t\t<div class=\"elementor-column-wrap elementor-element-populated\">\n\t\t\t\t\t\t\t<div class=\"elementor-widget-wrap\">\n\t\t\t\t\t\t<div class=\"elementor-element elementor-element-bb6430f elementor-widget elementor-widget-text-editor\" data-id=\"bb6430f\" data-element_type=\"widget\" data-widget_type=\"text-editor.default\">\n\t\t\t\t<div class=\"elementor-widget-container\">\n\t\t\t\t\t\t\t\t<div class=\"elementor-text-editor elementor-clearfix\">\n\t\t\t\t<p>Desde 2015 a feira \u00e9 realizada todo 2\u00ba Domingo de cada m\u00eas dentro no Clube Uni\u00e3o Lira Serrano, com entrada franca. <br \/>Conta com a participa\u00e7\u00e3o de 40 a 50 expositores, levando at\u00e9 a Vila de Paranapiacaba artesanatos exclusivos feitos com amor e carinho, para encantar turistas e moradores.<br \/>Os expositores s\u00e3o de toda regi\u00e3o metropolitana de S\u00e3o Paulo, contando tamb\u00e9m com moradores da Vila. <br \/>Ocorre das 10h00 as 17h00, com oficinas de artesanato e shows.<br \/>A <a href=\"https:\/\/www.facebook.com\/pg\/feiraparanapiacaba\/about\/?ref=page_internal\">Feira de Artes e Antiguidades de Paranapiacaba<\/a> tem por objetivo reunir artistas, artes\u00e3os e suas obras \u00e0 arquitetura hist\u00f3rica e exuberante Mata Atl\u00e2ntica que emolduram a Vila ferrovi\u00e1ria de Paranapiacaba, oferecendo uma experi\u00eancia singular.<br \/>O tradicional artesanato em tecidos, linhas e pedras, podem ser encontrados, al\u00e9m de caricaturistas, artistas pl\u00e1sticos e antiquaristas. <br \/>Os amantes do vinil podem trocar, comprar, ouvir e conversar com especialistas da Feira do Vinil do ABC. A Feira tamb\u00e9m oferece contato com grupos que buscam novas formas de interagir com mercado de trabalho de forma coletiva, como \u00e9 o caso das mulheres artes\u00e3s da Economia Solid\u00e1ria, Associa\u00e7\u00e3o Fibras da Serra e o Coletivo FOOP.<br \/>Todos s\u00e3o bem vindos!!! Venha nos visitar e traga sua fam\u00edlia!<br \/>Atualmente s\u00e3o 22 expositores em cada edi\u00e7\u00e3o da feira.\u00a0<\/p><p>Entrada Gratuita<\/p>\t\t\t\t\t<\/div>\n\t\t\t\t\t\t<\/div>\n\t\t\t\t<\/div>\n\t\t\t\t\t\t<\/div>\n\t\t\t\t\t<\/div>\n\t\t<\/div>\n\t\t\t\t\t\t\t\t<\/div>\n\t\t\t\t\t<\/div>\n\t\t<\/section>\n\t\t\t\t<section class=\"elementor-section elementor-top-section elementor-element elementor-element-99203d0 elementor-section-boxed elementor-section-height-default elementor-section-height-default\" data-id=\"99203d0\" data-element_type=\"section\">\n\t\t\t\t\t\t<div class=\"elementor-container elementor-column-gap-default\">\n\t\t\t\t\t\t\t<div class=\"elementor-row\">\n\t\t\t\t\t<div class=\"elementor-column elementor-col-50 elementor-top-column elementor-element elementor-element-826e7ac\" data-id=\"826e7ac\" data-element_type=\"column\">\n\t\t\t<div class=\"elementor-column-wrap elementor-element-populated\">\n\t\t\t\t\t\t\t<div class=\"elementor-widget-wrap\">\n\t\t\t\t\t\t<div class=\"elementor-element elementor-element-9118b72 elementor-widget elementor-widget-google_maps\" data-id=\"9118b72\" data-element_type=\"widget\" data-widget_type=\"google_maps.default\">\n\t\t\t\t<div class=\"elementor-widget-container\">\n\t\t\t\t\t<div class=\"elementor-custom-embed\">\n\t\t\t<iframe frameborder=\"0\" scrolling=\"no\" marginheight=\"0\" marginwidth=\"0\"\n\t\t\t\t\tsrc=\"https:\/\/maps.google.com\/maps?q=rua%20da%20esta%C3%A7%C3%A3o%20%20-%20Paranapiacaba%2C%20Santo%20Andr%C3%A9&#038;t=m&#038;z=16&#038;output=embed&#038;iwloc=near\"\n\t\t\t\t\ttitle=\"rua da esta\u00e7\u00e3o  - Paranapiacaba, Santo Andr\u00e9\"\n\t\t\t\t\taria-label=\"rua da esta\u00e7\u00e3o  - Paranapiacaba, Santo Andr\u00e9\"\n\t\t\t><\/iframe>\n\t\t<\/div>\n\t\t\t\t<\/div>\n\t\t\t\t<\/div>\n\t\t\t\t\t\t<\/div>\n\t\t\t\t\t<\/div>\n\t\t<\/div>\n\t\t\t\t<div class=\"elementor-column elementor-col-50 elementor-top-column elementor-element elementor-element-9b88128\" data-id=\"9b88128\" data-element_type=\"column\">\n\t\t\t<div class=\"elementor-column-wrap elementor-element-populated\">\n\t\t\t\t\t\t\t<div class=\"elementor-widget-wrap\">\n\t\t\t\t\t\t<div class=\"elementor-element elementor-element-8af71f0 elementor-widget elementor-widget-text-editor\" data-id=\"8af71f0\" data-element_type=\"widget\" data-widget_type=\"text-editor.default\">\n\t\t\t\t<div class=\"elementor-widget-container\">\n\t\t\t\t\t\t\t\t<div class=\"elementor-text-editor elementor-clearfix\">\n\t\t\t\t<p><span style=\"font-size: 15px;\">Galp\u00e3o das Oficinas &#8211; Rua da Esta\u00e7\u00e3o, s\/n &#8211; Parte Baixa, Vila Ferrovi\u00e1ria de Paranapiacaba<\/span><\/p><p><span style=\"font-size: 15px;\">Hor\u00e1rio de Funcionamento:<br \/><\/span><span style=\"font-size: 15px;\">2\u00ba. Domingo de cada m\u00eas,\u00a0 das 10:00 \u00e0s 17:00<br \/><\/span><span style=\"font-size: 15px;\"><br \/>Info: <a href=\"mailto:anitacarvalho1@hotmail.com\"><strong>anitacarvalho1@hotmail.com<\/strong><\/a> | @fparanapiacaba<\/span><\/p>\t\t\t\t\t<\/div>\n\t\t\t\t\t\t<\/div>\n\t\t\t\t<\/div>\n\t\t\t\t\t\t<\/div>\n\t\t\t\t\t<\/div>\n\t\t<\/div>\n\t\t\t\t\t\t\t\t<\/div>\n\t\t\t\t\t<\/div>\n\t\t<\/section>\n\t\t\t\t\t\t\t\t\t<\/div>\n\t\t\t<\/div>\n\t\t\t\t\t<\/div>\n\t\t","protected":false},"excerpt":{"rendered":"<p>Desde 2015 a feira \u00e9 realizada todo 2\u00ba Domingo de cada m\u00eas dentro no Clube Uni\u00e3o Lira Serrano, com entrada franca. Conta com a participa\u00e7\u00e3o<\/p>\n","protected":false},"author":1,"featured_media":6392,"parent":0,"menu_order":0,"comment_status":"closed","ping_status":"closed","template":"","meta":{"spay_email":""},"uagb_featured_image_src":{"full":["https:\/\/www3.santoandre.sp.gov.br\/turismosantoandre\/wp-content\/uploads\/2021\/02\/logo-feira-de-artes.png",720,720,false],"thumbnail":["https:\/\/www3.santoandre.sp.gov.br\/turismosantoandre\/wp-content\/uploads\/2021\/02\/logo-feira-de-artes-150x150.png",150,150,true],"medium":["https:\/\/www3.santoandre.sp.gov.br\/turismosantoandre\/wp-content\/uploads\/2021\/02\/logo-feira-de-artes-300x300.png",300,300,true],"medium_large":["https:\/\/www3.santoandre.sp.gov.br\/turismosantoandre\/wp-content\/uploads\/2021\/02\/logo-feira-de-artes.png",720,720,false],"large":["https:\/\/www3.santoandre.sp.gov.br\/turismosantoandre\/wp-content\/uploads\/2021\/02\/logo-feira-de-artes.png",720,720,false],"1536x1536":["https:\/\/www3.santoandre.sp.gov.br\/turismosantoandre\/wp-content\/uploads\/2021\/02\/logo-feira-de-artes.png",720,720,false],"2048x2048":["https:\/\/www3.santoandre.sp.gov.br\/turismosantoandre\/wp-content\/uploads\/2021\/02\/logo-feira-de-artes.png",720,720,false],"himalayas-featured-post":["https:\/\/www3.santoandre.sp.gov.br\/turismosantoandre\/wp-content\/uploads\/2021\/02\/logo-feira-de-artes-720x512.png",720,512,true],"himalayas-portfolio-image":["https:\/\/www3.santoandre.sp.gov.br\/turismosantoandre\/wp-content\/uploads\/2021\/02\/logo-feira-de-artes-400x350.png",400,350,true],"himalayas-featured-image":["https:\/\/www3.santoandre.sp.gov.br\/turismosantoandre\/wp-content\/uploads\/2021\/02\/logo-feira-de-artes-319x142.png",319,142,true],"himalayas-services":["https:\/\/www3.santoandre.sp.gov.br\/turismosantoandre\/wp-content\/uploads\/2021\/02\/logo-feira-de-artes-470x280.png",470,280,true]},"uagb_author_info":{"display_name":"Admin","author_link":"https:\/\/www3.santoandre.sp.gov.br\/turismosantoandre\/author\/admtur\/"},"uagb_comment_info":0,"uagb_excerpt":"Desde 2015 a feira \u00e9 realizada todo 2\u00ba Domingo de cada m\u00eas dentro no Clube Uni\u00e3o Lira Serrano, com entrada franca. Conta com a participa\u00e7\u00e3o","_links":{"self":[{"href":"https:\/\/www3.santoandre.sp.gov.br\/turismosantoandre\/wp-json\/wp\/v2\/pages\/6390"}],"collection":[{"href":"https:\/\/www3.santoandre.sp.gov.br\/turismosantoandre\/wp-json\/wp\/v2\/pages"}],"about":[{"href":"https:\/\/www3.santoandre.sp.gov.br\/turismosantoandre\/wp-json\/wp\/v2\/types\/page"}],"author":[{"embeddable":true,"href":"https:\/\/www3.santoandre.sp.gov.br\/turismosantoandre\/wp-json\/wp\/v2\/users\/1"}],"replies":[{"embeddable":true,"href":"https:\/\/www3.santoandre.sp.gov.br\/turismosantoandre\/wp-json\/wp\/v2\/comments?post=6390"}],"version-history":[{"count":7,"href":"https:\/\/www3.santoandre.sp.gov.br\/turismosantoandre\/wp-json\/wp\/v2\/pages\/6390\/revisions"}],"predecessor-version":[{"id":12359,"href":"https:\/\/www3.santoandre.sp.gov.br\/turismosantoandre\/wp-json\/wp\/v2\/pages\/6390\/revisions\/12359"}],"wp:featuredmedia":[{"embeddable":true,"href":"https:\/\/www3.santoandre.sp.gov.br\/turismosantoandre\/wp-json\/wp\/v2\/media\/6392"}],"wp:attachment":[{"href":"https:\/\/www3.santoandre.sp.gov.br\/turismosantoandre\/wp-json\/wp\/v2\/media?parent=6390"}],"curies":[{"name":"wp","href":"https:\/\/api.w.org\/{rel}","templated":true}]}}