{"id":6279,"date":"2021-02-17T10:35:11","date_gmt":"2021-02-17T12:35:11","guid":{"rendered":"https:\/\/www3.santoandre.sp.gov.br\/turismosantoandre\/?page_id=6279"},"modified":"2023-03-17T18:13:31","modified_gmt":"2023-03-17T21:13:31","slug":"estudo-de-demanda-turistica","status":"publish","type":"page","link":"https:\/\/www3.santoandre.sp.gov.br\/turismosantoandre\/estudo-de-demanda-turistica\/","title":{"rendered":"Estudo de Demanda Tur\u00edstica"},"content":{"rendered":"\t\t<div data-elementor-type=\"wp-post\" data-elementor-id=\"6279\" class=\"elementor elementor-6279\">\n\t\t\t\t\t\t<div class=\"elementor-inner\">\n\t\t\t\t<div class=\"elementor-section-wrap\">\n\t\t\t\t\t\t\t\t\t<section class=\"elementor-section elementor-top-section elementor-element elementor-element-3443c3b7 elementor-section-boxed elementor-section-height-default elementor-section-height-default\" data-id=\"3443c3b7\" data-element_type=\"section\">\n\t\t\t\t\t\t<div class=\"elementor-container elementor-column-gap-default\">\n\t\t\t\t\t\t\t<div class=\"elementor-row\">\n\t\t\t\t\t<div class=\"elementor-column elementor-col-100 elementor-top-column elementor-element elementor-element-279f518c\" data-id=\"279f518c\" data-element_type=\"column\">\n\t\t\t<div class=\"elementor-column-wrap elementor-element-populated\">\n\t\t\t\t\t\t\t<div class=\"elementor-widget-wrap\">\n\t\t\t\t\t\t<div class=\"elementor-element elementor-element-18e565c4 elementor-widget elementor-widget-text-editor\" data-id=\"18e565c4\" data-element_type=\"widget\" data-widget_type=\"text-editor.default\">\n\t\t\t\t<div class=\"elementor-widget-container\">\n\t\t\t\t\t\t\t\t<div class=\"elementor-text-editor elementor-clearfix\">\n\t\t\t\t<p>O Turismo tem um grande impacto na economia, no meio ambiente, nas comunidades locais e nos pr\u00f3prios turistas. Por isso, ele \u00e9 um fen\u00f4meno que, assim como qualquer outro, precisa ser investigado e planejado para que se atinjam melhores resultados econ\u00f4micos e sociais, reduzindo seus impactos negativos. E para que se comece a planejar a atividade tur\u00edstica, o primeiro passo \u00e9 o levantamento de informa\u00e7\u00f5es. Para isso, a realiza\u00e7\u00e3o de pesquisas, estudos e an\u00e1lise de dados s\u00e3o essenciais para esta tarefa.<\/p><p>\u00c9 apenas com informa\u00e7\u00f5es suficientes e adequadas que se consegue gerar estat\u00edsticas confi\u00e1veis sobre o turismo. As informa\u00e7\u00f5es coletadas auxiliam em diversas atividades, tais como orientar no planejamento tur\u00edstico, auxiliar em futuros investimentos, conhecer o p\u00fablico consumidor (visitantes) e, principalmente, melhorar a presta\u00e7\u00e3o de servi\u00e7os para satisfa\u00e7\u00e3o dos visitantes. Com isso, passa a ser poss\u00edvel avaliar os diferentes aspectos do turismo, dando suporte \u00e0 tomada de decis\u00e3o e a efetiva cria\u00e7\u00e3o de pol\u00edticas para o setor.<\/p><p>O Plano Municipal de Turismo de Santo Andr\u00e9 estabelece a realiza\u00e7\u00e3o de Estudos de Demanda Tur\u00edstica de forma recorrente, a fim de monitorar a atividade tur\u00edstica da cidade e desenhar pol\u00edticas p\u00fablicas que promovam e alavanquem a atividade como eixo de desenvolvimento econ\u00f4mico.<\/p><p>Portanto, estes documentos \u2013 \u201cEstudo de Demanda Tur\u00edstica Santo Andr\u00e9 2020 e 2022\u201d, s\u00e3o parte fundamental do planejamento e execu\u00e7\u00e3o das pol\u00edticas p\u00fablicas de fomento \u00e0 atividade tur\u00edstica no munic\u00edpio de Santo Andr\u00e9.<\/p><p><strong><a href=\"https:\/\/www3.santoandre.sp.gov.br\/turismosantoandre\/wp-content\/uploads\/2023\/03\/Estudo-de-Demanda-Santo-Andre-2022-v16.02.2023-FINAL1.pdf\">Estudo de Demanda Tur\u00edstica de Santo Andr\u00e9 2022 &#8211; Clique aqui<\/a><\/strong><\/p><p><strong><a href=\"https:\/\/www3.santoandre.sp.gov.br\/turismosantoandre\/wp-content\/uploads\/2021\/10\/Anexo-IV-Estudo-de-Demanda-Turistica-de-Santo-Andre-2020.pdf\">Estudo de Demanda Tur\u00edstica de Santo Andr\u00e9 2020 &#8211; Clique aqui<\/a><\/strong><\/p><p><strong>Informa\u00e7\u00f5es:\u00a0<\/strong><\/p><p style=\"padding-left: 30px;\"><strong><a href=\"mailto:turismo@santoandre.sp.gov.br\">turismo@santoandre.sp.gov.br<\/a> | <\/strong><a href=\"tel:551144330752\"><strong>(11) 4433-0752<\/strong><\/a><\/p><p style=\"padding-left: 30px;\">Ger\u00eancia de Polos e Voca\u00e7\u00f5es Tur\u00edsticas<\/p><p><em>tags: turismo, estudo de demanda tur\u00edstica, santo andr\u00e9, munic\u00edpio de interesse tur\u00edstico, mit, desenvolvimento tur\u00edstico, portal de turismo<\/em><\/p>\t\t\t\t\t<\/div>\n\t\t\t\t\t\t<\/div>\n\t\t\t\t<\/div>\n\t\t\t\t\t\t<\/div>\n\t\t\t\t\t<\/div>\n\t\t<\/div>\n\t\t\t\t\t\t\t\t<\/div>\n\t\t\t\t\t<\/div>\n\t\t<\/section>\n\t\t\t\t\t\t\t\t\t<\/div>\n\t\t\t<\/div>\n\t\t\t\t\t<\/div>\n\t\t","protected":false},"excerpt":{"rendered":"<p>O Turismo tem um grande impacto na economia, no meio ambiente, nas comunidades locais e nos pr\u00f3prios turistas. Por isso, ele \u00e9 um fen\u00f4meno que,<\/p>\n","protected":false},"author":11,"featured_media":0,"parent":0,"menu_order":0,"comment_status":"closed","ping_status":"closed","template":"","meta":{"spay_email":""},"uagb_featured_image_src":{"full":false,"thumbnail":false,"medium":false,"medium_large":false,"large":false,"1536x1536":false,"2048x2048":false,"himalayas-featured-post":false,"himalayas-portfolio-image":false,"himalayas-featured-image":false,"himalayas-services":false},"uagb_author_info":{"display_name":"Turismo Santo Andr\u00e9","author_link":"https:\/\/www3.santoandre.sp.gov.br\/turismosantoandre\/author\/turismo-santo-andre\/"},"uagb_comment_info":0,"uagb_excerpt":"O Turismo tem um grande impacto na economia, no meio ambiente, nas comunidades locais e nos pr\u00f3prios turistas. Por isso, ele \u00e9 um fen\u00f4meno que,","_links":{"self":[{"href":"https:\/\/www3.santoandre.sp.gov.br\/turismosantoandre\/wp-json\/wp\/v2\/pages\/6279"}],"collection":[{"href":"https:\/\/www3.santoandre.sp.gov.br\/turismosantoandre\/wp-json\/wp\/v2\/pages"}],"about":[{"href":"https:\/\/www3.santoandre.sp.gov.br\/turismosantoandre\/wp-json\/wp\/v2\/types\/page"}],"author":[{"embeddable":true,"href":"https:\/\/www3.santoandre.sp.gov.br\/turismosantoandre\/wp-json\/wp\/v2\/users\/11"}],"replies":[{"embeddable":true,"href":"https:\/\/www3.santoandre.sp.gov.br\/turismosantoandre\/wp-json\/wp\/v2\/comments?post=6279"}],"version-history":[{"count":51,"href":"https:\/\/www3.santoandre.sp.gov.br\/turismosantoandre\/wp-json\/wp\/v2\/pages\/6279\/revisions"}],"predecessor-version":[{"id":15826,"href":"https:\/\/www3.santoandre.sp.gov.br\/turismosantoandre\/wp-json\/wp\/v2\/pages\/6279\/revisions\/15826"}],"wp:attachment":[{"href":"https:\/\/www3.santoandre.sp.gov.br\/turismosantoandre\/wp-json\/wp\/v2\/media?parent=6279"}],"curies":[{"name":"wp","href":"https:\/\/api.w.org\/{rel}","templated":true}]}}