{"id":507,"date":"2019-08-19T18:21:15","date_gmt":"2019-08-19T21:21:15","guid":{"rendered":"https:\/\/www3.santoandre.sp.gov.br\/turismosantoandre\/?page_id=507"},"modified":"2025-07-04T11:07:06","modified_gmt":"2025-07-04T14:07:06","slug":"publicacoes","status":"publish","type":"page","link":"https:\/\/www3.santoandre.sp.gov.br\/turismosantoandre\/","title":{"rendered":"Publica\u00e7\u00f5es"},"content":{"rendered":"\t\t<div data-elementor-type=\"wp-post\" data-elementor-id=\"507\" class=\"elementor elementor-507\">\n\t\t\t\t\t\t<div class=\"elementor-inner\">\n\t\t\t\t<div class=\"elementor-section-wrap\">\n\t\t\t\t\t\t\t\t\t<section class=\"elementor-section elementor-top-section elementor-element elementor-element-c2402b2 elementor-section-boxed elementor-section-height-default elementor-section-height-default\" data-id=\"c2402b2\" data-element_type=\"section\">\n\t\t\t\t\t\t<div class=\"elementor-container elementor-column-gap-default\">\n\t\t\t\t\t\t\t<div class=\"elementor-row\">\n\t\t\t\t\t<div class=\"elementor-column elementor-col-100 elementor-top-column elementor-element elementor-element-a78a718\" data-id=\"a78a718\" data-element_type=\"column\">\n\t\t\t<div class=\"elementor-column-wrap elementor-element-populated\">\n\t\t\t\t\t\t\t<div class=\"elementor-widget-wrap\">\n\t\t\t\t\t\t<div class=\"elementor-element elementor-element-185dc327 elementor-widget elementor-widget-text-editor\" data-id=\"185dc327\" data-element_type=\"widget\" data-widget_type=\"text-editor.default\">\n\t\t\t\t<div class=\"elementor-widget-container\">\n\t\t\t\t\t\t\t\t<div class=\"elementor-text-editor elementor-clearfix\">\n\t\t\t\t<p><a href=\"https:\/\/www3.santoandre.sp.gov.br\/turismosantoandre\/wp-content\/uploads\/2021\/10\/Lei-no-10.428-de-15-de-outubro-de-2021.pdf\"><strong>LEI N\u00ba 10.428, DE15 DE OUTUBRO DE 2021 Plano Diretor de Turismo<\/strong><\/a><\/p><p><strong><a href=\"https:\/\/www3.santoandre.sp.gov.br\/turismosantoandre\/wp-content\/uploads\/2021\/09\/Anexo-Unico-Revisao-do-Plano-Diretor-de-Turismo-de-Santo-Andre.pdf\">Anexo \u00danico &#8211; Revis\u00e3o do Plano Diretor de Turismo de Santo Andr\u00e9 &#8211; 2021<\/a><\/strong><\/p><p><a href=\"https:\/\/www3.santoandre.sp.gov.br\/turismosantoandre\/wp-content\/uploads\/2021\/09\/Anexo-I-Indicacao-da-Vila-de-Paranapiacaba-como-Patrimonio-da-Humanidade-na-UNESCO.pdf\"><strong>Anexo I &#8211; Indica\u00e7\u00e3o da Vila de Paranapiacaba como Patrim\u00f4nio da Humanidade na UNESCO<\/strong><\/a><\/p><p><a href=\"https:\/\/www3.santoandre.sp.gov.br\/turismosantoandre\/wp-content\/uploads\/2021\/09\/Anexo-II-Conferencia-Municipal-de-Turismo-Santo-Andre.pdf\"><strong>Anexo II &#8211; Confer\u00eancia Municipal de Turismo Santo Andr\u00e9<\/strong><\/a><\/p><p><strong><a href=\"https:\/\/www3.santoandre.sp.gov.br\/turismosantoandre\/wp-content\/uploads\/2021\/10\/ANEXO-III-Inventario-Turistico-de-Santo-Andre-Revisao-26.10.2021.pdf\">Anexo III &#8211; Invent\u00e1rio Tur\u00edstico de Santo Andr\u00e9<\/a><\/strong><\/p><p><a href=\"https:\/\/www3.santoandre.sp.gov.br\/turismosantoandre\/wp-content\/uploads\/2021\/10\/Anexo-IV-Estudo-de-Demanda-Turistica-de-Santo-Andre-2020.pdf\"><strong>Anexo IV-Estudo de Demanda-Turistica de Santo Andre 2020<\/strong><\/a><\/p><p><a href=\"https:\/\/www3.santoandre.sp.gov.br\/turismosantoandre\/wp-content\/uploads\/2021\/09\/Anexo-V-Resultado-Consulta-Publica-COLAB.pdf\"><strong>Anexo V &#8211; Resultado Consulta P\u00fablica &#8211; COLAB<\/strong><\/a><\/p><p><strong><a href=\"https:\/\/www3.santoandre.sp.gov.br\/turismosantoandre\/wp-content\/uploads\/2023\/03\/Estudo-de-Demanda-Santo-Andre-2022-v16.02.2023-FINAL1.pdf\">Estudo de Demanda Tur\u00edstica Santo Andr\u00e9 2022<\/a><\/strong><\/p><p><strong><a href=\"https:\/\/www3.santoandre.sp.gov.br\/turismosantoandre\/wp-content\/uploads\/2021\/02\/Estudo-de-Demanda-Tur\u00edstica-de-Santo-Andr\u00e9-2020.pdf\">Estudo de Demanda Tur\u00edstica Santo Andr\u00e9 2020<\/a><\/strong><\/p>\t\t\t\t\t<\/div>\n\t\t\t\t\t\t<\/div>\n\t\t\t\t<\/div>\n\t\t\t\t\t\t<\/div>\n\t\t\t\t\t<\/div>\n\t\t<\/div>\n\t\t\t\t\t\t\t\t<\/div>\n\t\t\t\t\t<\/div>\n\t\t<\/section>\n\t\t\t\t\t\t\t\t\t<\/div>\n\t\t\t<\/div>\n\t\t\t\t\t<\/div>\n\t\t","protected":false},"excerpt":{"rendered":"<p>LEI N\u00ba 10.428, DE15 DE OUTUBRO DE 2021 Plano Diretor de Turismo Anexo \u00danico &#8211; Revis\u00e3o do Plano Diretor de Turismo de Santo Andr\u00e9 &#8211;<\/p>\n","protected":false},"author":11,"featured_media":0,"parent":0,"menu_order":0,"comment_status":"closed","ping_status":"closed","template":"","meta":{"spay_email":""},"uagb_featured_image_src":{"full":false,"thumbnail":false,"medium":false,"medium_large":false,"large":false,"1536x1536":false,"2048x2048":false,"himalayas-featured-post":false,"himalayas-portfolio-image":false,"himalayas-featured-image":false,"himalayas-services":false},"uagb_author_info":{"display_name":"Turismo Santo Andr\u00e9","author_link":"https:\/\/www3.santoandre.sp.gov.br\/turismosantoandre\/author\/turismo-santo-andre\/"},"uagb_comment_info":0,"uagb_excerpt":"LEI N\u00ba 10.428, DE15 DE OUTUBRO DE 2021 Plano Diretor de Turismo Anexo \u00danico &#8211; Revis\u00e3o do Plano Diretor de Turismo de Santo Andr\u00e9 &#8211;","_links":{"self":[{"href":"https:\/\/www3.santoandre.sp.gov.br\/turismosantoandre\/wp-json\/wp\/v2\/pages\/507"}],"collection":[{"href":"https:\/\/www3.santoandre.sp.gov.br\/turismosantoandre\/wp-json\/wp\/v2\/pages"}],"about":[{"href":"https:\/\/www3.santoandre.sp.gov.br\/turismosantoandre\/wp-json\/wp\/v2\/types\/page"}],"author":[{"embeddable":true,"href":"https:\/\/www3.santoandre.sp.gov.br\/turismosantoandre\/wp-json\/wp\/v2\/users\/11"}],"replies":[{"embeddable":true,"href":"https:\/\/www3.santoandre.sp.gov.br\/turismosantoandre\/wp-json\/wp\/v2\/comments?post=507"}],"version-history":[{"count":82,"href":"https:\/\/www3.santoandre.sp.gov.br\/turismosantoandre\/wp-json\/wp\/v2\/pages\/507\/revisions"}],"predecessor-version":[{"id":19177,"href":"https:\/\/www3.santoandre.sp.gov.br\/turismosantoandre\/wp-json\/wp\/v2\/pages\/507\/revisions\/19177"}],"wp:attachment":[{"href":"https:\/\/www3.santoandre.sp.gov.br\/turismosantoandre\/wp-json\/wp\/v2\/media?parent=507"}],"curies":[{"name":"wp","href":"https:\/\/api.w.org\/{rel}","templated":true}]}}