{"id":4207,"date":"2020-01-17T13:45:35","date_gmt":"2020-01-17T15:45:35","guid":{"rendered":"https:\/\/www3.santoandre.sp.gov.br\/turismosantoandre\/?page_id=4207"},"modified":"2020-09-25T11:19:54","modified_gmt":"2020-09-25T14:19:54","slug":"santuario-nosso-senhor-do-bonfim","status":"publish","type":"page","link":"https:\/\/www3.santoandre.sp.gov.br\/turismosantoandre\/santuario-nosso-senhor-do-bonfim\/","title":{"rendered":"Santu\u00e1rio Nosso Senhor do Bonfim"},"content":{"rendered":"\t\t<div data-elementor-type=\"wp-post\" data-elementor-id=\"4207\" class=\"elementor elementor-4207\">\n\t\t\t\t\t\t<div class=\"elementor-inner\">\n\t\t\t\t<div class=\"elementor-section-wrap\">\n\t\t\t\t\t\t\t\t\t<section class=\"elementor-section elementor-top-section elementor-element elementor-element-a18df80 elementor-section-boxed elementor-section-height-default elementor-section-height-default\" data-id=\"a18df80\" data-element_type=\"section\">\n\t\t\t\t\t\t<div class=\"elementor-container elementor-column-gap-default\">\n\t\t\t\t\t\t\t<div class=\"elementor-row\">\n\t\t\t\t\t<div class=\"elementor-column elementor-col-100 elementor-top-column elementor-element elementor-element-d9c8a6a\" data-id=\"d9c8a6a\" data-element_type=\"column\">\n\t\t\t<div class=\"elementor-column-wrap elementor-element-populated\">\n\t\t\t\t\t\t\t<div class=\"elementor-widget-wrap\">\n\t\t\t\t\t\t<div class=\"elementor-element elementor-element-507df05 elementor-arrows-position-inside elementor-widget elementor-widget-image-carousel\" data-id=\"507df05\" data-element_type=\"widget\" data-settings=\"{&quot;slides_to_show&quot;:&quot;1&quot;,&quot;navigation&quot;:&quot;arrows&quot;,&quot;autoplay&quot;:&quot;yes&quot;,&quot;pause_on_hover&quot;:&quot;yes&quot;,&quot;pause_on_interaction&quot;:&quot;yes&quot;,&quot;autoplay_speed&quot;:5000,&quot;infinite&quot;:&quot;yes&quot;,&quot;effect&quot;:&quot;slide&quot;,&quot;speed&quot;:500}\" data-widget_type=\"image-carousel.default\">\n\t\t\t\t<div class=\"elementor-widget-container\">\n\t\t\t\t\t<div class=\"elementor-image-carousel-wrapper swiper-container\" dir=\"ltr\">\n\t\t\t<div class=\"elementor-image-carousel swiper-wrapper\">\n\t\t\t\t\t\t\t\t<div class=\"swiper-slide\"><figure class=\"swiper-slide-inner\"><img class=\"swiper-slide-image\" src=\"https:\/\/www3.santoandre.sp.gov.br\/turismosantoandre\/wp-content\/uploads\/2020\/01\/bonfim2.jpg\" alt=\"bonfim2\" \/><\/figure><\/div><div class=\"swiper-slide\"><figure class=\"swiper-slide-inner\"><img class=\"swiper-slide-image\" src=\"https:\/\/www3.santoandre.sp.gov.br\/turismosantoandre\/wp-content\/uploads\/2020\/01\/bonfim3.jpg\" alt=\"bonfim3\" \/><\/figure><\/div>\t\t\t<\/div>\n\t\t\t\t\t\t\t\t\t\t\t\t\t\t\t\t<div class=\"elementor-swiper-button elementor-swiper-button-prev\">\n\t\t\t\t\t\t<i aria-hidden=\"true\" class=\"eicon-chevron-left\"><\/i>\t\t\t\t\t\t<span class=\"elementor-screen-only\">Anterior<\/span>\n\t\t\t\t\t<\/div>\n\t\t\t\t\t<div class=\"elementor-swiper-button elementor-swiper-button-next\">\n\t\t\t\t\t\t<i aria-hidden=\"true\" class=\"eicon-chevron-right\"><\/i>\t\t\t\t\t\t<span class=\"elementor-screen-only\">Pr\u00f3ximo<\/span>\n\t\t\t\t\t<\/div>\n\t\t\t\t\t\t\t\t\t<\/div>\n\t\t\t\t<\/div>\n\t\t\t\t<\/div>\n\t\t\t\t\t\t<\/div>\n\t\t\t\t\t<\/div>\n\t\t<\/div>\n\t\t\t\t\t\t\t\t<\/div>\n\t\t\t\t\t<\/div>\n\t\t<\/section>\n\t\t\t\t<section class=\"elementor-section elementor-top-section elementor-element elementor-element-c2507bd elementor-section-boxed elementor-section-height-default elementor-section-height-default\" data-id=\"c2507bd\" data-element_type=\"section\">\n\t\t\t\t\t\t<div class=\"elementor-container elementor-column-gap-default\">\n\t\t\t\t\t\t\t<div class=\"elementor-row\">\n\t\t\t\t\t<div class=\"elementor-column elementor-col-100 elementor-top-column elementor-element elementor-element-6ea4ef8\" data-id=\"6ea4ef8\" data-element_type=\"column\">\n\t\t\t<div class=\"elementor-column-wrap elementor-element-populated\">\n\t\t\t\t\t\t\t<div class=\"elementor-widget-wrap\">\n\t\t\t\t\t\t<div class=\"elementor-element elementor-element-64ff419 elementor-widget elementor-widget-text-editor\" data-id=\"64ff419\" data-element_type=\"widget\" data-widget_type=\"text-editor.default\">\n\t\t\t\t<div class=\"elementor-widget-container\">\n\t\t\t\t\t\t\t\t<div class=\"elementor-text-editor elementor-clearfix\">\n\t\t\t\t<p>\u00a0<strong>O In\u00edcio<\/strong>\u00a0<\/p><p>A Igreja do Parque das Na\u00e7\u00f5es foi a segunda da regi\u00e3o Utinga,\u00a0fundada em 1942.\u00a0Chamava-se\u00a0Igreja Nossa Senhora da Auxiliadora.\u00a0O primeiro\u00a0sacerdote foi o Lituano, Padre Estanislaw Grigaliunas.<\/p><p>A primeira sede foi um antigo centro\u00a0comunit\u00e1rio lituano situado na Rua Su\u00ed\u00e7a, 851, onde atualmente funciona a escola Etip.\u00a0Em 1943, a pequena Igreja\u00a0Nossa Senhora da Auxiliadora, passa a ter um novo Padroeiro, Senhor do Bonfim.\u00a0O Vig\u00e1rio j\u00e1 era o Padre Fiorente Elena,\u00a0dos padres\u00a0calistas, que aqui ficou at\u00e9 o fim do ano de 1946.<\/p><p>A imagem do Senhor do Bonfim foi doada pelos baianos aos paulistas em retribui\u00e7\u00e3o \u00e0 imagem doada pelos paulistas de Nossa Senhora Aparecida, no ano de 1941 e\u00a0ficou\u00a0por algum tempo exposta na Catedral da S\u00e9, em S\u00e3o Paulo.<\/p><p>Mais tarde, por ordem do arcebispo\u00a0cardeal de\u00a0S\u00e3o Paulo, Dom Carlos Vasconcelos Mota, a imagem foi encaminhada\u00a0e entregue a igreja mais pobre da arquidiocese de S\u00e3o Paulo, que ent\u00e3o era a igreja do Parque das Na\u00e7\u00f5es.<\/p><p>O Senhor do\u00a0Bonfim, aqui\u00a0chegou, no dia\u00a018\/04\/1943.<\/p><p><strong>A Festa do Senhor do Bonfim<\/strong><\/p><p>Seguindo a tradi\u00e7\u00e3o do povo baiano, o dia do padroeiro era comemorado dia 25 de Janeiro.<\/p><p>Mais tarde, em 1984, por decis\u00e3o do Conselho Pastoral paroquial &#8211; CPP, essa data foi mudada para\u00a0o dia da festa da exalta\u00e7\u00e3o da Santa Cruz, 14 de setembro.<\/p><p>O P\u00e1roco era o Frei Benedito\u00a0Bailo Prado. Assim sendo, comemoramos o nosso padroeiro no segundo Domingo de Setembro.\u00a0\u00a0<\/p><p><strong>O Inicio da Prov\u00edncia Franciscana em nossa comunidade.<\/strong><\/p><p>No final de 1948, dois frades rec\u00e9m chegados da It\u00e1lia, Frei Vitorio Valentim, que era sacerdote e Frei Marino, irm\u00e3o religioso.<\/p><p>Tinham o compromisso de abrir caminho para uma miss\u00e3o em terras brasileiras em nome de S\u00e3o Francisco de Assis e de Santo Ant\u00f3nio de P\u00e1dua.<\/p><p>No dia 27 de janeiro de\u00a01949, houve a posse do novo p\u00e1roco na Par\u00f3quia do Parque das Na\u00e7\u00f5es.<\/p><p>O bispo auxiliar de S\u00e3o Paulo, Dom Rolim Loureiro, se fez presente \u00e0\u00a0\u00a0missa para dar posse ao Frei Vit\u00f3rio.\u00a0<\/p><p>A Igreja deixa de ser administrada pelos padres diocesanos, e passa a ser Franciscana.<\/p><p><strong>A constru\u00e7\u00e3o da Igreja e do Semin\u00e1rio do Senhor do Bonfim<\/strong><\/p><p>O Senhor Francisco Peruche, dono do loteamento do Parque das Na\u00e7\u00f5es, se disp\u00f4s a doar cinco lotes para nova Matriz do bairro.<\/p><p>Tratava-se de um terreno localizado na rua Orat\u00f3rio, mas insuficiente para comportar o conjunto igreja &#8211; semin\u00e1rio &#8211; convento, que estava sendo planejado.<\/p><p>Tomou-se\u00a0\u00a0necess\u00e1ria a cria\u00e7\u00e3o de uma entidade civil para receber a doa\u00e7\u00e3o\u00a0e por isso foi fundada no dia 23 de Junho de 1949, a Sociedade Mission\u00e1ria dos Frades Menores Conventuais (Somiframeco).<\/p><p>Ent\u00e3o gra\u00e7as \u00e0 determina\u00e7\u00e3o e insist\u00eancia do Frei Vit\u00f3rio, no dia 09 de dezembro de 1949, estava garantida a escritura de 12 lotes: seis com frente para a rua Su\u00ed\u00e7a e seis com frente para a rua Hungria, 3.749\u00a0Metros.<\/p><p>Alguns meses depois, no dia 5 de fevereiro 1950, teve lugar o lan\u00e7amento da pedra fundamental da nova Igreja, sendo celebrante da Missa Campal o Bispo Auxiliar Dom Ant\u00f4nio M\u00aa. A.\u00a0de Siqueira.<\/p><p>A Igreja foi erguida com muito sacrif\u00edcio pelos frades e mediante a colabora\u00e7\u00e3o do povo. Houve, de fato, um not\u00e1vel esfor\u00e7o da parte da popula\u00e7\u00e3o local que, atendendo \u00e0s campanhas lan\u00e7adas cooperava com doa\u00e7\u00f5es de tijolos, material de constru\u00e7\u00e3o em geral e em dinheiro.<\/p><p>Por isso, no final de 1950, exatamente no dia 17 de dezembro, conforme tinha sido programado, foi feita a transfer\u00eancia das imagens, da igreja da rua Su\u00ed\u00e7a, para a primeira parte da nova matriz.<\/p><p>Em 1951 foram levantadas, aos\u00a0poucos, as paredes laterais e as colunas para receber o telhado. Tamb\u00e9m em 1951 foi iniciado a constru\u00e7\u00e3o do convento ao lado da sacristia.<\/p><p>Em 1952 se iniciou as obras do semin\u00e1rio para acolher\u00a0meninos vocacionados para a vida religiosa Franciscana.<\/p><p>A constru\u00e7\u00e3o\u00a0teve in\u00edcio imediato na \u00e1rea existente ao lado do convento e da Igreja. O Semin\u00e1rio\u00a0foi chamado\u00a0\u201cSemin\u00e1rio Ser\u00e1fico Senhor do Bonfim\u201d, lembrando a\u00a0figura de S\u00e3o\u00a0Francisco,\u00a0dito o Serafim de Assis.<\/p><p>O Semin\u00e1rio iniciou suas atividades aos 12 de mar\u00e7o\u00a0de 1953 tendo como reitor respons\u00e1vel Frei Emanuel Br\u00eddio e o Frei Giocondo Daminato como auxiliar. No dia 14 de abril de 1957, foram erguidos os sinos da nova Igreja.<\/p><p><strong>Pedra por pedra com esperan\u00e7a de ver Jesus&#8230;<\/strong><\/p><p>Seguindo os passos de S\u00e3o Francisco, Frei Vit\u00f3rio nosso Patrono,\u00a0nasceu em Tueno regi\u00e3o norte da It\u00e1lia, no dia 03 de Junho de 1908.<\/p><p>Viveu os horrores da\u00a0guerra durante\u00a0a sua inf\u00e2ncia, em 1922, com 14 anos, entrou para o Semin\u00e1rio dos Franciscanos\u00a0Conventuais, foi ordenado sacerdote no dia 02 de Julho de 1933, padre aos 25 anos, dedicou-se \u00e0 prega\u00e7\u00e3o e ao minist\u00e9rio pastoral em v\u00e1rios lugares, at\u00e9 chegar no Brasil no dia 03 Janeiro de 1949.<\/p><p>Inicia seus trabalhos paroquiais no mesmo ano, na Igreja Senhor do Bonfim, e permanece nesta fun\u00e7\u00e3o at\u00e9 1956 e, depois, vai para Ca\u00e7apava, Ubatuba e Itaquaquecetuba.<\/p><p>Volta para Santo Andr\u00e9, como vig\u00e1rio das par\u00f3quias S\u00f4nia Maria em Mau\u00e1 e da Vila Clarice, em Utinga. Aposentado aos 75 anos, ficou na Cidade dos Meninos, at\u00e9 seus \u00faltimos dias. Morreu no dia 23 de Junho de 1996 aos 78 anos.<\/p><p><strong>A HIST\u00d3RIA DA DEVO\u00c7\u00c3O DO SENHOR DO BONFIM:\u00a0<\/strong><strong><em>\u00a0<\/em><\/strong><\/p><p><strong>Senhor do Bonfim<\/strong>, segundo a devo\u00e7\u00e3o\u00a0cat\u00f3lica, \u00e9 uma figura\u00e7\u00e3o de\u00a0Jesus Cristo\u00a0em que este \u00e9 venerado na vis\u00e3o de sua morte.\u00a0\u00a0A devo\u00e7\u00e3o a Senhor do Bonfim, come\u00e7ou em Set\u00fabal, Portugal em 1669, mas acredita-se que foi introduzida, desde a conquista dos Crist\u00e3os no territ\u00f3rio em 1217. O culto ao Senhor do Bom Jesus do Bonfim nasceu no Brasil, com a vinda do Capit\u00e3o de Mar e Guerra, o portugu\u00eas Theod\u00f3zio Rodrigues de Faria, para a Bahia em 1740, quando pontificava na Igreja o Papa Bento XIV, sob o reinado em Portugal de D. Jo\u00e3o V, e governava a Col\u00f4nia na Bahia o 5\u00ba vice rei. Andr\u00e9 Melo e Castro, conde dos Galreias. Foi nesse per\u00edodo que o Benem\u00e9rito Capit\u00e3o de Mar e Guerra, pela grande devo\u00e7\u00e3o que tinha ao Senhor do Bonfim, atrav\u00e9s da imagem que venerava, trouxe de Lisboa, esculpida em pinho de Riga, medindo 1,06 cm de altura.\u00a0Pela P\u00e1scoa da Ressurrei\u00e7\u00e3o do Senhor, em 18 de abril de 1745, com grande festividade e \u00e0 sua custa, o Capit\u00e3o devoto colocou a imagem para venera\u00e7\u00e3o dos fi\u00e9is na Capela de Nossa Senhora da Penha de Fran\u00e7a em Itapagipe\u00a0.Naquela mesma solenidade, com a presen\u00e7a do arcebispo da Bahia, D.Jos\u00e9 Botelho de Matos, foi requerida licen\u00e7a e fundada uma irmandade de devotos leigos que, ap\u00f3s elei\u00e7\u00e3o, passou a denominar-se &#8220;Devo\u00e7\u00e3o do Senhor do Bonfim&#8221;.\u00a0Os objetivos da Devo\u00e7\u00e3o que, entre outros, at\u00e9 hoje perduram, tinham como prioridade zelar e manter o culto ao Senhor do Bonfim, filho de Deus.\u00a0O culto a Jesus crucificado, Senhor do Bonfim, propagou-se e tomou vulto. Grandes romarias, desde ent\u00e3o, sucederam-se com freq\u00fc\u00eancia e as not\u00edcias de gra\u00e7as e milagres alcan\u00e7ados, corriam por todo Brasil. O Senhor do Bonfim ia aos poucos concentrando a piedade o fervor do povo baiano que passou admir\u00e1-lo como seu grande protetor&#8221;.\u00a0Espalhando o culto de f\u00e9 e venera\u00e7\u00e3o e aumentando a aflu\u00eancia de fi\u00e9is, decidiu o Capit\u00e3o, junto aos companheiros da Devo\u00e7\u00e3o, construir em definitivo uma Capela, que hoje \u00e9 conhecida como Igreja do Senhor do Bonfim na Bahia.<\/p><p><em style=\"font-size: 15px;\">Fonte: <a href=\"https:\/\/www.paroquiasenhordobonfim.net\/index.php\/paroquia\/historia\">paroquiasenhordobonfim.net<\/a><\/em><\/p>\t\t\t\t\t<\/div>\n\t\t\t\t\t\t<\/div>\n\t\t\t\t<\/div>\n\t\t\t\t\t\t<\/div>\n\t\t\t\t\t<\/div>\n\t\t<\/div>\n\t\t\t\t\t\t\t\t<\/div>\n\t\t\t\t\t<\/div>\n\t\t<\/section>\n\t\t\t\t<section class=\"elementor-section elementor-top-section elementor-element elementor-element-0868f3c elementor-section-boxed elementor-section-height-default elementor-section-height-default\" data-id=\"0868f3c\" data-element_type=\"section\">\n\t\t\t\t\t\t<div class=\"elementor-container elementor-column-gap-default\">\n\t\t\t\t\t\t\t<div class=\"elementor-row\">\n\t\t\t\t\t<div class=\"elementor-column elementor-col-50 elementor-top-column elementor-element elementor-element-fed45b0\" data-id=\"fed45b0\" data-element_type=\"column\">\n\t\t\t<div class=\"elementor-column-wrap elementor-element-populated\">\n\t\t\t\t\t\t\t<div class=\"elementor-widget-wrap\">\n\t\t\t\t\t\t<div class=\"elementor-element elementor-element-31391a5 elementor-widget elementor-widget-google_maps\" data-id=\"31391a5\" data-element_type=\"widget\" data-widget_type=\"google_maps.default\">\n\t\t\t\t<div class=\"elementor-widget-container\">\n\t\t\t\t\t<div class=\"elementor-custom-embed\">\n\t\t\t<iframe frameborder=\"0\" scrolling=\"no\" marginheight=\"0\" marginwidth=\"0\"\n\t\t\t\t\tsrc=\"https:\/\/maps.google.com\/maps?q=Rua%20Orat%C3%B3rio%2C%201458%20-%20Parque%20das%20Na%C3%A7%C3%B5es%2C%20Santo%20Andr%C3%A9%20-%20SP%2C%2009210-120&#038;t=m&#038;z=12&#038;output=embed&#038;iwloc=near\"\n\t\t\t\t\ttitle=\"Rua Orat\u00f3rio, 1458 - Parque das Na\u00e7\u00f5es, Santo Andr\u00e9 - SP, 09210-120\"\n\t\t\t\t\taria-label=\"Rua Orat\u00f3rio, 1458 - Parque das Na\u00e7\u00f5es, Santo Andr\u00e9 - SP, 09210-120\"\n\t\t\t><\/iframe>\n\t\t<\/div>\n\t\t\t\t<\/div>\n\t\t\t\t<\/div>\n\t\t\t\t\t\t<\/div>\n\t\t\t\t\t<\/div>\n\t\t<\/div>\n\t\t\t\t<div class=\"elementor-column elementor-col-50 elementor-top-column elementor-element elementor-element-1681ecc\" data-id=\"1681ecc\" data-element_type=\"column\">\n\t\t\t<div class=\"elementor-column-wrap elementor-element-populated\">\n\t\t\t\t\t\t\t<div class=\"elementor-widget-wrap\">\n\t\t\t\t\t\t<div class=\"elementor-element elementor-element-6c94e2a elementor-widget elementor-widget-text-editor\" data-id=\"6c94e2a\" data-element_type=\"widget\" data-widget_type=\"text-editor.default\">\n\t\t\t\t<div class=\"elementor-widget-container\">\n\t\t\t\t\t\t\t\t<div class=\"elementor-text-editor elementor-clearfix\">\n\t\t\t\t<p>Rua Orat\u00f3rio, 1458 &#8211; Parque das Na\u00e7\u00f5es<\/p><p>Hor\u00e1rio de Funcionamento:\u00a0<br \/>De 2\u00aa. feira a domingo, das 06:00 \u00e0s 12:00 e das 15:00 \u00e0s 20:00<\/p><p>Entrada Gratuita<\/p><p>Informa\u00e7\u00f5es: (11) 4472-8444 |\u00a0https:\/\/www.paroquiasenhordobonfim.net\/<\/p>\t\t\t\t\t<\/div>\n\t\t\t\t\t\t<\/div>\n\t\t\t\t<\/div>\n\t\t\t\t\t\t<\/div>\n\t\t\t\t\t<\/div>\n\t\t<\/div>\n\t\t\t\t\t\t\t\t<\/div>\n\t\t\t\t\t<\/div>\n\t\t<\/section>\n\t\t\t\t\t\t\t\t\t<\/div>\n\t\t\t<\/div>\n\t\t\t\t\t<\/div>\n\t\t","protected":false},"excerpt":{"rendered":"<p>O In\u00edcio A Igreja do Parque das Na\u00e7\u00f5es foi a segunda da regi\u00e3o Utinga,\u00a0fundada em 1942.\u00a0Chamava-se\u00a0Igreja Nossa Senhora da Auxiliadora.\u00a0O primeiro\u00a0sacerdote foi o Lituano, Padre<\/p>\n","protected":false},"author":11,"featured_media":4214,"parent":0,"menu_order":0,"comment_status":"closed","ping_status":"closed","template":"","meta":{"spay_email":""},"uagb_featured_image_src":{"full":["https:\/\/www3.santoandre.sp.gov.br\/turismosantoandre\/wp-content\/uploads\/2020\/01\/bonfim2.jpg",225,224,false],"thumbnail":["https:\/\/www3.santoandre.sp.gov.br\/turismosantoandre\/wp-content\/uploads\/2020\/01\/bonfim2-150x150.jpg",150,150,true],"medium":["https:\/\/www3.santoandre.sp.gov.br\/turismosantoandre\/wp-content\/uploads\/2020\/01\/bonfim2.jpg",225,224,false],"medium_large":["https:\/\/www3.santoandre.sp.gov.br\/turismosantoandre\/wp-content\/uploads\/2020\/01\/bonfim2.jpg",225,224,false],"large":["https:\/\/www3.santoandre.sp.gov.br\/turismosantoandre\/wp-content\/uploads\/2020\/01\/bonfim2.jpg",225,224,false],"1536x1536":["https:\/\/www3.santoandre.sp.gov.br\/turismosantoandre\/wp-content\/uploads\/2020\/01\/bonfim2.jpg",225,224,false],"2048x2048":["https:\/\/www3.santoandre.sp.gov.br\/turismosantoandre\/wp-content\/uploads\/2020\/01\/bonfim2.jpg",225,224,false],"himalayas-featured-post":["https:\/\/www3.santoandre.sp.gov.br\/turismosantoandre\/wp-content\/uploads\/2020\/01\/bonfim2.jpg",225,224,false],"himalayas-portfolio-image":["https:\/\/www3.santoandre.sp.gov.br\/turismosantoandre\/wp-content\/uploads\/2020\/01\/bonfim2.jpg",225,224,false],"himalayas-featured-image":["https:\/\/www3.santoandre.sp.gov.br\/turismosantoandre\/wp-content\/uploads\/2020\/01\/bonfim2-225x142.jpg",225,142,true],"himalayas-services":["https:\/\/www3.santoandre.sp.gov.br\/turismosantoandre\/wp-content\/uploads\/2020\/01\/bonfim2.jpg",225,224,false]},"uagb_author_info":{"display_name":"Turismo Santo Andr\u00e9","author_link":"https:\/\/www3.santoandre.sp.gov.br\/turismosantoandre\/author\/turismo-santo-andre\/"},"uagb_comment_info":0,"uagb_excerpt":"O In\u00edcio A Igreja do Parque das Na\u00e7\u00f5es foi a segunda da regi\u00e3o Utinga,\u00a0fundada em 1942.\u00a0Chamava-se\u00a0Igreja Nossa Senhora da Auxiliadora.\u00a0O primeiro\u00a0sacerdote foi o Lituano, Padre","_links":{"self":[{"href":"https:\/\/www3.santoandre.sp.gov.br\/turismosantoandre\/wp-json\/wp\/v2\/pages\/4207"}],"collection":[{"href":"https:\/\/www3.santoandre.sp.gov.br\/turismosantoandre\/wp-json\/wp\/v2\/pages"}],"about":[{"href":"https:\/\/www3.santoandre.sp.gov.br\/turismosantoandre\/wp-json\/wp\/v2\/types\/page"}],"author":[{"embeddable":true,"href":"https:\/\/www3.santoandre.sp.gov.br\/turismosantoandre\/wp-json\/wp\/v2\/users\/11"}],"replies":[{"embeddable":true,"href":"https:\/\/www3.santoandre.sp.gov.br\/turismosantoandre\/wp-json\/wp\/v2\/comments?post=4207"}],"version-history":[{"count":7,"href":"https:\/\/www3.santoandre.sp.gov.br\/turismosantoandre\/wp-json\/wp\/v2\/pages\/4207\/revisions"}],"predecessor-version":[{"id":4217,"href":"https:\/\/www3.santoandre.sp.gov.br\/turismosantoandre\/wp-json\/wp\/v2\/pages\/4207\/revisions\/4217"}],"wp:featuredmedia":[{"embeddable":true,"href":"https:\/\/www3.santoandre.sp.gov.br\/turismosantoandre\/wp-json\/wp\/v2\/media\/4214"}],"wp:attachment":[{"href":"https:\/\/www3.santoandre.sp.gov.br\/turismosantoandre\/wp-json\/wp\/v2\/media?parent=4207"}],"curies":[{"name":"wp","href":"https:\/\/api.w.org\/{rel}","templated":true}]}}