{"id":4003,"date":"2020-01-08T15:50:36","date_gmt":"2020-01-08T17:50:36","guid":{"rendered":"https:\/\/www3.santoandre.sp.gov.br\/turismosantoandre\/?page_id=4003"},"modified":"2020-09-25T11:18:08","modified_gmt":"2020-09-25T14:18:08","slug":"corinthians-clube-santo-andre","status":"publish","type":"page","link":"https:\/\/www3.santoandre.sp.gov.br\/turismosantoandre\/corinthians-clube-santo-andre\/","title":{"rendered":"Corinthians Futebol Clube Santo Andr\u00e9"},"content":{"rendered":"\t\t<div data-elementor-type=\"wp-post\" data-elementor-id=\"4003\" class=\"elementor elementor-4003\">\n\t\t\t\t\t\t<div class=\"elementor-inner\">\n\t\t\t\t<div class=\"elementor-section-wrap\">\n\t\t\t\t\t\t\t\t\t<section class=\"elementor-section elementor-top-section elementor-element elementor-element-42cd2ed elementor-section-boxed elementor-section-height-default elementor-section-height-default\" data-id=\"42cd2ed\" data-element_type=\"section\">\n\t\t\t\t\t\t<div class=\"elementor-container elementor-column-gap-default\">\n\t\t\t\t\t\t\t<div class=\"elementor-row\">\n\t\t\t\t\t<div class=\"elementor-column elementor-col-100 elementor-top-column elementor-element elementor-element-9ab849d\" data-id=\"9ab849d\" data-element_type=\"column\">\n\t\t\t<div class=\"elementor-column-wrap elementor-element-populated\">\n\t\t\t\t\t\t\t<div class=\"elementor-widget-wrap\">\n\t\t\t\t\t\t<div class=\"elementor-element elementor-element-6adb116 elementor-arrows-position-inside elementor-widget elementor-widget-image-carousel\" data-id=\"6adb116\" data-element_type=\"widget\" data-settings=\"{&quot;slides_to_show&quot;:&quot;1&quot;,&quot;navigation&quot;:&quot;arrows&quot;,&quot;autoplay&quot;:&quot;yes&quot;,&quot;pause_on_hover&quot;:&quot;yes&quot;,&quot;pause_on_interaction&quot;:&quot;yes&quot;,&quot;autoplay_speed&quot;:5000,&quot;infinite&quot;:&quot;yes&quot;,&quot;effect&quot;:&quot;slide&quot;,&quot;speed&quot;:500}\" data-widget_type=\"image-carousel.default\">\n\t\t\t\t<div class=\"elementor-widget-container\">\n\t\t\t\t\t<div class=\"elementor-image-carousel-wrapper swiper-container\" dir=\"ltr\">\n\t\t\t<div class=\"elementor-image-carousel swiper-wrapper swiper-image-stretch\">\n\t\t\t\t\t\t\t\t<div class=\"swiper-slide\"><figure class=\"swiper-slide-inner\"><img class=\"swiper-slide-image\" src=\"https:\/\/www3.santoandre.sp.gov.br\/turismosantoandre\/wp-content\/uploads\/2020\/01\/corinthinha-768x500.jpg\" alt=\"corinthinha\" \/><\/figure><\/div><div class=\"swiper-slide\"><figure class=\"swiper-slide-inner\"><img class=\"swiper-slide-image\" src=\"https:\/\/www3.santoandre.sp.gov.br\/turismosantoandre\/wp-content\/uploads\/2020\/01\/time-p\u00e9le-768x500.jpg\" alt=\"time p\u00e9le\" \/><\/figure><\/div><div class=\"swiper-slide\"><figure class=\"swiper-slide-inner\"><img class=\"swiper-slide-image\" src=\"https:\/\/www3.santoandre.sp.gov.br\/turismosantoandre\/wp-content\/uploads\/2020\/01\/Sumula-Pel\u00e9-768x500.jpg\" alt=\"Sumula Pel\u00e9\" \/><\/figure><\/div>\t\t\t<\/div>\n\t\t\t\t\t\t\t\t\t\t\t\t\t\t\t\t<div class=\"elementor-swiper-button elementor-swiper-button-prev\">\n\t\t\t\t\t\t<i aria-hidden=\"true\" class=\"eicon-chevron-left\"><\/i>\t\t\t\t\t\t<span class=\"elementor-screen-only\">Anterior<\/span>\n\t\t\t\t\t<\/div>\n\t\t\t\t\t<div class=\"elementor-swiper-button elementor-swiper-button-next\">\n\t\t\t\t\t\t<i aria-hidden=\"true\" class=\"eicon-chevron-right\"><\/i>\t\t\t\t\t\t<span class=\"elementor-screen-only\">Pr\u00f3ximo<\/span>\n\t\t\t\t\t<\/div>\n\t\t\t\t\t\t\t\t\t<\/div>\n\t\t\t\t<\/div>\n\t\t\t\t<\/div>\n\t\t\t\t\t\t<\/div>\n\t\t\t\t\t<\/div>\n\t\t<\/div>\n\t\t\t\t\t\t\t\t<\/div>\n\t\t\t\t\t<\/div>\n\t\t<\/section>\n\t\t\t\t<section class=\"elementor-section elementor-top-section elementor-element elementor-element-2da70f1 elementor-section-boxed elementor-section-height-default elementor-section-height-default\" data-id=\"2da70f1\" data-element_type=\"section\">\n\t\t\t\t\t\t<div class=\"elementor-container elementor-column-gap-default\">\n\t\t\t\t\t\t\t<div class=\"elementor-row\">\n\t\t\t\t\t<div class=\"elementor-column elementor-col-100 elementor-top-column elementor-element elementor-element-be92ec7\" data-id=\"be92ec7\" data-element_type=\"column\">\n\t\t\t<div class=\"elementor-column-wrap elementor-element-populated\">\n\t\t\t\t\t\t\t<div class=\"elementor-widget-wrap\">\n\t\t\t\t\t\t<div class=\"elementor-element elementor-element-6b42923 elementor-widget elementor-widget-text-editor\" data-id=\"6b42923\" data-element_type=\"widget\" data-widget_type=\"text-editor.default\">\n\t\t\t\t<div class=\"elementor-widget-container\">\n\t\t\t\t\t\t\t\t<div class=\"elementor-text-editor elementor-clearfix\">\n\t\t\t\t<p>O\u00a0<strong>Corinthians Futebol Clube<\/strong>\u00a0\u00e9 uma agremia\u00e7\u00e3o da \u00a0cidade de Santo Andr\u00e9 (SP). O\u00a0<em><strong>Galo Preto da Vila Alzira\u00a0<\/strong><\/em><em>ou<strong>\u00a0Corinthinha<\/strong><\/em><strong><em>\u00a0<\/em><\/strong>foi\u00a0<strong>Fundado em 15 de agosto de 1912<\/strong>, em S\u00e3o Bernardo do Campo, sob o nome\u00a0<strong><em>Corinthians Foot-Ball Club<\/em><\/strong>\u00a0sendo conhecido como \u201c<strong><em>Corinthians de S\u00e3o Bernardo<\/em><\/strong>\u201c, e somente em 1938 quando a cidade de\u00a0<em>Santo Andr\u00e9<\/em>\u00a0se emancipou de S\u00e3o Bernardo do Campo o clube passou a ser o \u201c<strong><em>Corinthians de Santo Andr\u00e9<\/em><\/strong>\u201c.<\/p><p style=\"font-family: Roboto, sans-serif; font-size: 15px; font-style: normal; font-weight: 300;\"><span style=\"font-size: 15px;\">A equipe disputou o\u00a0<\/span><strong style=\"font-size: 15px;\"><em style=\"font-size: 15px;\">Campeonato Paulista da Segunda Divis\u00e3o (atual: A2)<\/em><\/strong><span style=\"font-size: 15px;\">:\u00a0<\/span><strong style=\"font-size: 15px;\"><em style=\"font-size: 15px;\">1949 \u2013 1950 \u2013 1951 \u2013 1952 \u2013 1953 \u2013 1955 \u2013 1956 \u2013 1970<\/em><\/strong><span style=\"font-size: 15px;\">. Esteve presente no\u00a0<\/span><strong style=\"font-size: 15px;\"><em style=\"font-size: 15px;\">Campeonato Paulista da Terceira Divis\u00e3o (atual: A3)<\/em><\/strong><span style=\"font-size: 15px;\">: 1957 e 1961; e no\u00a0<\/span><strong style=\"font-size: 15px;\"><em style=\"font-size: 15px;\">Campeonato Paulista da Quarta Divis\u00e3o (atual: Segunda Divis\u00e3o)<\/em><\/strong><span style=\"font-size: 15px;\">: \u00a01932. Atualmente disputa apenas campeonatos amadores de futebol.<\/span><\/p><p style=\"font-family: Roboto, sans-serif; font-size: 15px; font-style: normal; font-weight: 300;\"><span style=\"font-size: 15px;\">A primeira escala\u00e7\u00e3o da equipe foi formada por\u00a0<\/span><em style=\"font-size: 15px;\">Jo\u00e3o, T\u00falio, Manetti, Polesi e Veronesi, Jacomo e Am\u00e9rico, Paulista, Cortez, Severino e Carmine<\/em><span style=\"font-size: 15px;\">. A primeira partida e gol de\u00a0<\/span><strong style=\"font-size: 15px;\"><em style=\"font-size: 15px;\">Pel\u00e9<\/em><\/strong><span style=\"font-size: 15px;\">\u00a0foi contra o\u00a0<\/span><strong style=\"font-size: 15px;\"><em style=\"font-size: 15px;\">Corinthians de Santo Andr\u00e9<\/em><\/strong><span style=\"font-size: 15px;\">, numa partida amistosa de comemora\u00e7\u00e3o da Independ\u00eancia, em 7 de setembro de 1956.<\/span><\/p><p>Com sede e espa\u00e7o poliesportivo na rua Sete de Setembro, 288, na Vila Alzira, eixo comercial em Santo Andr\u00e9, o clube tem uma \u00e1rea aproximada de 20 mil metros quadrados.\u00a0<\/p><p>Assim como o\u00a0<strong><em>Sport Club Corinthians Paulista<\/em><\/strong>, o nome da equipe de Santo Andr\u00e9 tamb\u00e9m surgiu devido ao\u00a0<strong><em>Corinthian Football Club<\/em><\/strong>, equipe inglesa que excursionava pelo Brasil. Entre os fundadores as duas propostas finais de nome eram\u00a0<strong><em>Flor da \u00cdndia<\/em><\/strong>\u00a0e\u00a0<strong><em>Corinthians<\/em><\/strong>.<\/p><p>Era o \u201cBarcelona\u201d do futebol da \u00e9poca. A primeira reuni\u00e3o de funda\u00e7\u00e3o do \u2018Corintinha\u2019 foi na Rua Agenor de Camargo, esquina da Rua da F\u00e1brica, quase ao lado da atual Av. Perimetral.<\/p><p><strong style=\"font-size: 15px;\">Fatos e curiosidades<\/strong><\/p><p>Em novembro de 2019, foi entregue ao <strong><a href=\"https:\/\/www3.santoandre.sp.gov.br\/turismosantoandre\/index.php\/museu-octaviano-gaiarsa\/\">Museu de Santo Andr\u00e9 Dr. Octaviano Armando Gaiarsa<\/a><\/strong> a <a href=\"https:\/\/www.espn.com.br\/futebol\/artigo\/_\/id\/6369651\/sumula-original-do-1%C2%BA-gol-de-pele-aparece-apos-63-anos-e-local-onde-rei-do-futebol-marcou-vai-virar-marco-zero\"><strong>S\u00famula Original<\/strong><\/a> da partida (<strong>7&#215;1<\/strong>) entre <strong>Santos e\u00a0Corinthians de Santo Andr\u00e9 <\/strong><strong style=\"font-family: Roboto, sans-serif; font-size: 15px; font-style: normal;\">\u00a0<\/strong>(07\/09\/1956)<span style=\"font-size: 15px;\">, no amistoso estadual\u00a0<\/span>onde<span style=\"font-size: 15px;\"> o lend\u00e1rio jogador\u00a0Edson Arantes do Nascimento, mais conhecido como <\/span><strong style=\"font-size: 15px;\">Pel\u00e9<\/strong><span style=\"font-size: 15px;\"> (ou &#8220;<\/span><em style=\"font-size: 15px;\">Gasolina&#8221;<\/em><span style=\"font-size: 15px;\"> naquela \u00e9poca) marcou seu <\/span><strong style=\"font-size: 15px;\">1\u00ba.\u00a0Gol <\/strong><span style=\"font-size: 15px;\">(gol de n\u00famero zero, na contagem dos seus mil gols realizados durante toda sua carreira).\u00a0<\/span><\/p><p><span style=\"font-size: 15px;\">Confira mais informa\u00e7\u00f5es sobre essa partida em\u00a0<\/span><a style=\"font-size: 15px;\" href=\"https:\/\/historiadofutebol.com\/blog\/?p=107451\">https:\/\/historiadofutebol.com\/blog\/?p=107451<\/a><\/p><p><span style=\"font-size: 15px;\">Fontes:\u00a0<\/span><a href=\"https:\/\/www.espn.com.br\/futebol\/artigo\/_\/id\/6369651\/sumula-original-do-1%C2%BA-gol-de-pele-aparece-apos-63-anos-e-local-onde-rei-do-futebol-marcou-vai-virar-marco-zero\">ESPN<\/a> e <a href=\"https:\/\/historiadofutebol.com\/blog\/?cat=51&amp;paged=83\">historiadofutebol.com<\/a><\/p>\t\t\t\t\t<\/div>\n\t\t\t\t\t\t<\/div>\n\t\t\t\t<\/div>\n\t\t\t\t\t\t<\/div>\n\t\t\t\t\t<\/div>\n\t\t<\/div>\n\t\t\t\t\t\t\t\t<\/div>\n\t\t\t\t\t<\/div>\n\t\t<\/section>\n\t\t\t\t<section class=\"elementor-section elementor-top-section elementor-element elementor-element-ef94e12 elementor-section-boxed elementor-section-height-default elementor-section-height-default\" data-id=\"ef94e12\" data-element_type=\"section\">\n\t\t\t\t\t\t<div class=\"elementor-container elementor-column-gap-default\">\n\t\t\t\t\t\t\t<div class=\"elementor-row\">\n\t\t\t\t\t<div class=\"elementor-column elementor-col-50 elementor-top-column elementor-element elementor-element-e560d6e\" data-id=\"e560d6e\" data-element_type=\"column\">\n\t\t\t<div class=\"elementor-column-wrap elementor-element-populated\">\n\t\t\t\t\t\t\t<div class=\"elementor-widget-wrap\">\n\t\t\t\t\t\t<div class=\"elementor-element elementor-element-ce34bd5 elementor-widget elementor-widget-google_maps\" data-id=\"ce34bd5\" data-element_type=\"widget\" data-widget_type=\"google_maps.default\">\n\t\t\t\t<div class=\"elementor-widget-container\">\n\t\t\t\t\t<div class=\"elementor-custom-embed\">\n\t\t\t<iframe frameborder=\"0\" scrolling=\"no\" marginheight=\"0\" marginwidth=\"0\"\n\t\t\t\t\tsrc=\"https:\/\/maps.google.com\/maps?q=R.%20Sete%20de%20Setembro%2C%20288%20-%20Vila%20Alzira%2C%20Santo%20Andr%C3%A9%20-%20SP%2C%2009030-160&#038;t=m&#038;z=14&#038;output=embed&#038;iwloc=near\"\n\t\t\t\t\ttitle=\"R. Sete de Setembro, 288 - Vila Alzira, Santo Andr\u00e9 - SP, 09030-160\"\n\t\t\t\t\taria-label=\"R. Sete de Setembro, 288 - Vila Alzira, Santo Andr\u00e9 - SP, 09030-160\"\n\t\t\t><\/iframe>\n\t\t<\/div>\n\t\t\t\t<\/div>\n\t\t\t\t<\/div>\n\t\t\t\t\t\t<\/div>\n\t\t\t\t\t<\/div>\n\t\t<\/div>\n\t\t\t\t<div class=\"elementor-column elementor-col-50 elementor-top-column elementor-element elementor-element-989f6ea\" data-id=\"989f6ea\" data-element_type=\"column\">\n\t\t\t<div class=\"elementor-column-wrap elementor-element-populated\">\n\t\t\t\t\t\t\t<div class=\"elementor-widget-wrap\">\n\t\t\t\t\t\t<div class=\"elementor-element elementor-element-f08d423 elementor-widget elementor-widget-text-editor\" data-id=\"f08d423\" data-element_type=\"widget\" data-widget_type=\"text-editor.default\">\n\t\t\t\t<div class=\"elementor-widget-container\">\n\t\t\t\t\t\t\t\t<div class=\"elementor-text-editor elementor-clearfix\">\n\t\t\t\t<p>Rua Sete de Setembro, 288 &#8211; Vila Alzira<\/p><p><span style=\"font-size: 15px;\">Hor\u00e1rio de Funcionamento:\u00a0<br \/><\/span><span style=\"font-size: 15px;\">De 2\u00aa -feira a Domingo, das 7:00 \u00e0s 24:00.<\/span><\/p><p><span style=\"font-size: 15px;\">Entrada sob agendamento | Info: (11) 4451-3774 \/ 1966<\/span><\/p><p><span style=\"font-size: 15px;\">Site:\u00a0<\/span><a style=\"font-size: 15px;\" href=\"https:\/\/www.panathlonsantoandre.org\/clubes\">https:\/\/www.panathlonsantoandre.org\/<\/a><\/p>\t\t\t\t\t<\/div>\n\t\t\t\t\t\t<\/div>\n\t\t\t\t<\/div>\n\t\t\t\t\t\t<\/div>\n\t\t\t\t\t<\/div>\n\t\t<\/div>\n\t\t\t\t\t\t\t\t<\/div>\n\t\t\t\t\t<\/div>\n\t\t<\/section>\n\t\t\t\t\t\t\t\t\t<\/div>\n\t\t\t<\/div>\n\t\t\t\t\t<\/div>\n\t\t","protected":false},"excerpt":{"rendered":"<p>O\u00a0Corinthians Futebol Clube\u00a0\u00e9 uma agremia\u00e7\u00e3o da \u00a0cidade de Santo Andr\u00e9 (SP). O\u00a0Galo Preto da Vila Alzira\u00a0ou\u00a0Corinthinha\u00a0foi\u00a0Fundado em 15 de agosto de 1912, em S\u00e3o Bernardo<\/p>\n","protected":false},"author":11,"featured_media":0,"parent":0,"menu_order":0,"comment_status":"closed","ping_status":"closed","template":"","meta":{"spay_email":""},"uagb_featured_image_src":{"full":false,"thumbnail":false,"medium":false,"medium_large":false,"large":false,"1536x1536":false,"2048x2048":false,"himalayas-featured-post":false,"himalayas-portfolio-image":false,"himalayas-featured-image":false,"himalayas-services":false},"uagb_author_info":{"display_name":"Turismo Santo Andr\u00e9","author_link":"https:\/\/www3.santoandre.sp.gov.br\/turismosantoandre\/author\/turismo-santo-andre\/"},"uagb_comment_info":0,"uagb_excerpt":"O\u00a0Corinthians Futebol Clube\u00a0\u00e9 uma agremia\u00e7\u00e3o da \u00a0cidade de Santo Andr\u00e9 (SP). O\u00a0Galo Preto da Vila Alzira\u00a0ou\u00a0Corinthinha\u00a0foi\u00a0Fundado em 15 de agosto de 1912, em S\u00e3o Bernardo","_links":{"self":[{"href":"https:\/\/www3.santoandre.sp.gov.br\/turismosantoandre\/wp-json\/wp\/v2\/pages\/4003"}],"collection":[{"href":"https:\/\/www3.santoandre.sp.gov.br\/turismosantoandre\/wp-json\/wp\/v2\/pages"}],"about":[{"href":"https:\/\/www3.santoandre.sp.gov.br\/turismosantoandre\/wp-json\/wp\/v2\/types\/page"}],"author":[{"embeddable":true,"href":"https:\/\/www3.santoandre.sp.gov.br\/turismosantoandre\/wp-json\/wp\/v2\/users\/11"}],"replies":[{"embeddable":true,"href":"https:\/\/www3.santoandre.sp.gov.br\/turismosantoandre\/wp-json\/wp\/v2\/comments?post=4003"}],"version-history":[{"count":19,"href":"https:\/\/www3.santoandre.sp.gov.br\/turismosantoandre\/wp-json\/wp\/v2\/pages\/4003\/revisions"}],"predecessor-version":[{"id":4029,"href":"https:\/\/www3.santoandre.sp.gov.br\/turismosantoandre\/wp-json\/wp\/v2\/pages\/4003\/revisions\/4029"}],"wp:attachment":[{"href":"https:\/\/www3.santoandre.sp.gov.br\/turismosantoandre\/wp-json\/wp\/v2\/media?parent=4003"}],"curies":[{"name":"wp","href":"https:\/\/api.w.org\/{rel}","templated":true}]}}