{"id":3709,"date":"2019-12-16T17:51:57","date_gmt":"2019-12-16T19:51:57","guid":{"rendered":"https:\/\/www3.santoandre.sp.gov.br\/turismosantoandre\/?page_id=3709"},"modified":"2020-09-25T11:18:08","modified_gmt":"2020-09-25T14:18:08","slug":"fundacao-santo-andre","status":"publish","type":"page","link":"https:\/\/www3.santoandre.sp.gov.br\/turismosantoandre\/fundacao-santo-andre\/","title":{"rendered":"Funda\u00e7\u00e3o Santo Andr\u00e9 &#8211; Casa Amarela"},"content":{"rendered":"\t\t<div data-elementor-type=\"wp-post\" data-elementor-id=\"3709\" class=\"elementor elementor-3709\">\n\t\t\t\t\t\t<div class=\"elementor-inner\">\n\t\t\t\t<div class=\"elementor-section-wrap\">\n\t\t\t\t\t\t\t\t\t<section class=\"elementor-section elementor-top-section elementor-element elementor-element-3694d78 elementor-section-boxed elementor-section-height-default elementor-section-height-default\" data-id=\"3694d78\" data-element_type=\"section\">\n\t\t\t\t\t\t<div class=\"elementor-container elementor-column-gap-default\">\n\t\t\t\t\t\t\t<div class=\"elementor-row\">\n\t\t\t\t\t<div class=\"elementor-column elementor-col-100 elementor-top-column elementor-element elementor-element-1d75769\" data-id=\"1d75769\" data-element_type=\"column\">\n\t\t\t<div class=\"elementor-column-wrap elementor-element-populated\">\n\t\t\t\t\t\t\t<div class=\"elementor-widget-wrap\">\n\t\t\t\t\t\t<div class=\"elementor-element elementor-element-e881618 elementor-arrows-position-inside elementor-widget elementor-widget-image-carousel\" data-id=\"e881618\" data-element_type=\"widget\" data-settings=\"{&quot;slides_to_show&quot;:&quot;1&quot;,&quot;navigation&quot;:&quot;arrows&quot;,&quot;autoplay&quot;:&quot;yes&quot;,&quot;pause_on_hover&quot;:&quot;yes&quot;,&quot;pause_on_interaction&quot;:&quot;yes&quot;,&quot;autoplay_speed&quot;:5000,&quot;infinite&quot;:&quot;yes&quot;,&quot;effect&quot;:&quot;slide&quot;,&quot;speed&quot;:500}\" data-widget_type=\"image-carousel.default\">\n\t\t\t\t<div class=\"elementor-widget-container\">\n\t\t\t\t\t<div class=\"elementor-image-carousel-wrapper swiper-container\" dir=\"ltr\">\n\t\t\t<div class=\"elementor-image-carousel swiper-wrapper swiper-image-stretch\">\n\t\t\t\t\t\t\t\t<div class=\"swiper-slide\"><figure class=\"swiper-slide-inner\"><img class=\"swiper-slide-image\" src=\"https:\/\/www3.santoandre.sp.gov.br\/turismosantoandre\/wp-content\/uploads\/2019\/11\/casa_amarela_1-768x514.jpg\" alt=\"casa_amarela_1\" \/><\/figure><\/div><div class=\"swiper-slide\"><figure class=\"swiper-slide-inner\"><img class=\"swiper-slide-image\" src=\"https:\/\/www3.santoandre.sp.gov.br\/turismosantoandre\/wp-content\/uploads\/2019\/12\/casa-amarela1-768x503.jpg\" alt=\"casa amarela1\" \/><\/figure><\/div><div class=\"swiper-slide\"><figure class=\"swiper-slide-inner\"><img class=\"swiper-slide-image\" src=\"https:\/\/www3.santoandre.sp.gov.br\/turismosantoandre\/wp-content\/uploads\/2019\/12\/casa-amarela2-768x503.jpg\" alt=\"casa amarela2\" \/><\/figure><\/div><div class=\"swiper-slide\"><figure class=\"swiper-slide-inner\"><img class=\"swiper-slide-image\" src=\"https:\/\/www3.santoandre.sp.gov.br\/turismosantoandre\/wp-content\/uploads\/2019\/12\/casa-amarela-3-1-768x503.jpg\" alt=\"casa amarela 3\" \/><\/figure><\/div><div class=\"swiper-slide\"><figure class=\"swiper-slide-inner\"><img class=\"swiper-slide-image\" src=\"https:\/\/www3.santoandre.sp.gov.br\/turismosantoandre\/wp-content\/uploads\/2019\/12\/casa-amarela-4-1-768x503.jpg\" alt=\"casa amarela 4\" \/><\/figure><\/div>\t\t\t<\/div>\n\t\t\t\t\t\t\t\t\t\t\t\t\t\t\t\t<div class=\"elementor-swiper-button elementor-swiper-button-prev\">\n\t\t\t\t\t\t<i aria-hidden=\"true\" class=\"eicon-chevron-left\"><\/i>\t\t\t\t\t\t<span class=\"elementor-screen-only\">Anterior<\/span>\n\t\t\t\t\t<\/div>\n\t\t\t\t\t<div class=\"elementor-swiper-button elementor-swiper-button-next\">\n\t\t\t\t\t\t<i aria-hidden=\"true\" class=\"eicon-chevron-right\"><\/i>\t\t\t\t\t\t<span class=\"elementor-screen-only\">Pr\u00f3ximo<\/span>\n\t\t\t\t\t<\/div>\n\t\t\t\t\t\t\t\t\t<\/div>\n\t\t\t\t<\/div>\n\t\t\t\t<\/div>\n\t\t\t\t\t\t<\/div>\n\t\t\t\t\t<\/div>\n\t\t<\/div>\n\t\t\t\t\t\t\t\t<\/div>\n\t\t\t\t\t<\/div>\n\t\t<\/section>\n\t\t\t\t<section class=\"elementor-section elementor-top-section elementor-element elementor-element-ce3f1ac elementor-section-boxed elementor-section-height-default elementor-section-height-default\" data-id=\"ce3f1ac\" data-element_type=\"section\">\n\t\t\t\t\t\t<div class=\"elementor-container elementor-column-gap-default\">\n\t\t\t\t\t\t\t<div class=\"elementor-row\">\n\t\t\t\t\t<div class=\"elementor-column elementor-col-100 elementor-top-column elementor-element elementor-element-aee0f48\" data-id=\"aee0f48\" data-element_type=\"column\">\n\t\t\t<div class=\"elementor-column-wrap elementor-element-populated\">\n\t\t\t\t\t\t\t<div class=\"elementor-widget-wrap\">\n\t\t\t\t\t\t<div class=\"elementor-element elementor-element-31ba172 elementor-widget elementor-widget-text-editor\" data-id=\"31ba172\" data-element_type=\"widget\" data-widget_type=\"text-editor.default\">\n\t\t\t\t<div class=\"elementor-widget-container\">\n\t\t\t\t\t\t\t\t<div class=\"elementor-text-editor elementor-clearfix\">\n\t\t\t\t<p>A <a href=\"https:\/\/www.fsa.br\/fundacao-santo-andre\/\">Funda\u00e7\u00e3o Santo Andr\u00e9<\/a>, institui\u00e7\u00e3o de car\u00e1ter p\u00fablico e de direito privado, foi criada em 1962, por meio da Lei Municipal n\u00ba 1.840, da Prefeitura de Santo Andr\u00e9. Sua finalidade foi manter a Faculdade de Ci\u00eancias Econ\u00f4micas e Administrativas (FAECO), tamb\u00e9m originada pelo Poder P\u00fablico Municipal, em 1953. A FAECO foi a primeira escola de ensino superior da regi\u00e3o do Grande ABC e teve suas atividades iniciadas nas instala\u00e7\u00f5es da Escola T\u00e9cnica J\u00falio de Mesquita. Em 1966, a Prefeitura autorizou a instala\u00e7\u00e3o da segunda unidade a ser mantida pela Funda\u00e7\u00e3o: a Faculdade de Filosofia, Ci\u00eancias e Letras (FAFIL).<\/p><p>No final da d\u00e9cada de 80, a institui\u00e7\u00e3o criou sua escola de ensino m\u00e9dio, o Col\u00e9gio da Funda\u00e7\u00e3o Santo Andr\u00e9. Com proposta pedag\u00f3gica fundamentada nos princ\u00edpios de constru\u00e7\u00e3o do conhecimento e instalado em campus universit\u00e1rio, nosso Col\u00e9gio incentiva a integra\u00e7\u00e3o com ambiente acad\u00eamico.<\/p><p>O Centro de P\u00f3s-Gradua\u00e7\u00e3o surgiu em 1990. Com cursos de Atualiza\u00e7\u00e3o, Especializa\u00e7\u00e3o e MBA \u2013 Master Business Administration. O objetivo \u00e9 atender as necessidades de capacita\u00e7\u00e3o profissional e contribuir para a forma\u00e7\u00e3o de profissionais comprometidos com o bem-estar social.<\/p><p>No final dos anos 90, iniciou-se a transforma\u00e7\u00e3o das faculdades isoladas, FAFIL e FAECO, em Centro Universit\u00e1rio, ocasi\u00e3o em que a terceira faculdade foi, tamb\u00e9m, criada, a Faculdade de Engenharia Celso Daniel \u2013 FAENG. Atualmente, a Funda\u00e7\u00e3o Santo Andr\u00e9 \u00e9 mantenedora do Centro Universit\u00e1rio, que abriga as tr\u00eas faculdades e o col\u00e9gio.<\/p><p><a href=\"https:\/\/culturaz.santoandre.sp.gov.br\/espaco\/128\/\"><strong>CASA AMARELA\u00a0<\/strong><\/a><\/p><p>Localizada no antigo S\u00edtio Tangar\u00e1, provavelmente constru\u00edda entre as d\u00e9cadas de 1920 e 1930, a casa era utilizada como sede do campo de golfe da fam\u00edlia de Charles Murray, que tamb\u00e9m mantinha uma casa na Av. Portugal, a Vila Mimosa (atual sede do Clube 1\u00ba de Maio). Estas resid\u00eancias eram ocupadas apenas em finais de semana. Desapropriada em 1964 para a implanta\u00e7\u00e3o de um parque p\u00fablico, a \u00e1rea acabou sendo ocupada pela Funda\u00e7\u00e3o Santo Andr\u00e9, Faculdade de Medicina do ABC, Instituto M\u00e9dico Legal, Associa\u00e7\u00e3o dos Funcion\u00e1rios P\u00fablicos, Parque Escola, abertura de sistema vi\u00e1rio e piscin\u00e3o. A edifica\u00e7\u00e3o, em estilo Miss\u00f5es, representa a \u00e9poca das grandes ch\u00e1caras de veraneio e tamb\u00e9m a luta pela cria\u00e7\u00e3o de uma universidade no grande ABC.<\/p>\t\t\t\t\t<\/div>\n\t\t\t\t\t\t<\/div>\n\t\t\t\t<\/div>\n\t\t\t\t\t\t<\/div>\n\t\t\t\t\t<\/div>\n\t\t<\/div>\n\t\t\t\t\t\t\t\t<\/div>\n\t\t\t\t\t<\/div>\n\t\t<\/section>\n\t\t\t\t<section class=\"elementor-section elementor-top-section elementor-element elementor-element-eb9a2cd elementor-section-boxed elementor-section-height-default elementor-section-height-default\" data-id=\"eb9a2cd\" data-element_type=\"section\">\n\t\t\t\t\t\t<div class=\"elementor-container elementor-column-gap-default\">\n\t\t\t\t\t\t\t<div class=\"elementor-row\">\n\t\t\t\t\t<div class=\"elementor-column elementor-col-50 elementor-top-column elementor-element elementor-element-cf25615\" data-id=\"cf25615\" data-element_type=\"column\">\n\t\t\t<div class=\"elementor-column-wrap elementor-element-populated\">\n\t\t\t\t\t\t\t<div class=\"elementor-widget-wrap\">\n\t\t\t\t\t\t<div class=\"elementor-element elementor-element-91a91ad elementor-widget elementor-widget-google_maps\" data-id=\"91a91ad\" data-element_type=\"widget\" data-widget_type=\"google_maps.default\">\n\t\t\t\t<div class=\"elementor-widget-container\">\n\t\t\t\t\t<div class=\"elementor-custom-embed\">\n\t\t\t<iframe frameborder=\"0\" scrolling=\"no\" marginheight=\"0\" marginwidth=\"0\"\n\t\t\t\t\tsrc=\"https:\/\/maps.google.com\/maps?q=Av.%20Pr%C3%ADncipe%20de%20Gales%2C%20821%20-%20Vila%20Principe%20de%20Gales%2C%20Santo%20Andr%C3%A9%20-%20SP%2C%2009060-650&#038;t=m&#038;z=16&#038;output=embed&#038;iwloc=near\"\n\t\t\t\t\ttitle=\"Av. Pr\u00edncipe de Gales, 821 - Vila Principe de Gales, Santo Andr\u00e9 - SP, 09060-650\"\n\t\t\t\t\taria-label=\"Av. Pr\u00edncipe de Gales, 821 - Vila Principe de Gales, Santo Andr\u00e9 - SP, 09060-650\"\n\t\t\t><\/iframe>\n\t\t<\/div>\n\t\t\t\t<\/div>\n\t\t\t\t<\/div>\n\t\t\t\t\t\t<\/div>\n\t\t\t\t\t<\/div>\n\t\t<\/div>\n\t\t\t\t<div class=\"elementor-column elementor-col-50 elementor-top-column elementor-element elementor-element-4aa8609\" data-id=\"4aa8609\" data-element_type=\"column\">\n\t\t\t<div class=\"elementor-column-wrap elementor-element-populated\">\n\t\t\t\t\t\t\t<div class=\"elementor-widget-wrap\">\n\t\t\t\t\t\t<div class=\"elementor-element elementor-element-bb562cd elementor-widget elementor-widget-text-editor\" data-id=\"bb562cd\" data-element_type=\"widget\" data-widget_type=\"text-editor.default\">\n\t\t\t\t<div class=\"elementor-widget-container\">\n\t\t\t\t\t\t\t\t<div class=\"elementor-text-editor elementor-clearfix\">\n\t\t\t\t<p>Av. Pr\u00edncipe de Gales, 821 &#8211; Vila Principe de Gales<\/p><p><span style=\"font-size: 15px;\">Hor\u00e1rio de funcionamento:\u00a0<br \/>De 2\u00aa.a 6\u00aa.-feira, das 8:00 \u00e0s 23:00 e s\u00e1bado, das 8:00 \u00e0s 15:00.<\/span><\/p><p><span style=\"font-size: 15px;\">Visitas agendadas |\u00a0<\/span><span style=\"font-size: 15px;\">Info: (11) 4979-3300<\/span><\/p>\t\t\t\t\t<\/div>\n\t\t\t\t\t\t<\/div>\n\t\t\t\t<\/div>\n\t\t\t\t\t\t<\/div>\n\t\t\t\t\t<\/div>\n\t\t<\/div>\n\t\t\t\t\t\t\t\t<\/div>\n\t\t\t\t\t<\/div>\n\t\t<\/section>\n\t\t\t\t\t\t\t\t\t<\/div>\n\t\t\t<\/div>\n\t\t\t\t\t<\/div>\n\t\t","protected":false},"excerpt":{"rendered":"<p>A Funda\u00e7\u00e3o Santo Andr\u00e9, institui\u00e7\u00e3o de car\u00e1ter p\u00fablico e de direito privado, foi criada em 1962, por meio da Lei Municipal n\u00ba 1.840, da Prefeitura<\/p>\n","protected":false},"author":11,"featured_media":3250,"parent":0,"menu_order":0,"comment_status":"closed","ping_status":"closed","template":"","meta":{"spay_email":""},"uagb_featured_image_src":{"full":["https:\/\/www3.santoandre.sp.gov.br\/turismosantoandre\/wp-content\/uploads\/2019\/11\/casa_amarela_1.jpg",3872,2592,false],"thumbnail":["https:\/\/www3.santoandre.sp.gov.br\/turismosantoandre\/wp-content\/uploads\/2019\/11\/casa_amarela_1-150x150.jpg",150,150,true],"medium":["https:\/\/www3.santoandre.sp.gov.br\/turismosantoandre\/wp-content\/uploads\/2019\/11\/casa_amarela_1-300x201.jpg",300,201,true],"medium_large":["https:\/\/www3.santoandre.sp.gov.br\/turismosantoandre\/wp-content\/uploads\/2019\/11\/casa_amarela_1-768x514.jpg",768,514,true],"large":["https:\/\/www3.santoandre.sp.gov.br\/turismosantoandre\/wp-content\/uploads\/2019\/11\/casa_amarela_1-1024x685.jpg",783,524,true],"1536x1536":["https:\/\/www3.santoandre.sp.gov.br\/turismosantoandre\/wp-content\/uploads\/2019\/11\/casa_amarela_1.jpg",1536,1028,false],"2048x2048":["https:\/\/www3.santoandre.sp.gov.br\/turismosantoandre\/wp-content\/uploads\/2019\/11\/casa_amarela_1.jpg",2048,1371,false],"himalayas-featured-post":["https:\/\/www3.santoandre.sp.gov.br\/turismosantoandre\/wp-content\/uploads\/2019\/11\/casa_amarela_1-781x512.jpg",781,512,true],"himalayas-portfolio-image":["https:\/\/www3.santoandre.sp.gov.br\/turismosantoandre\/wp-content\/uploads\/2019\/11\/casa_amarela_1-400x350.jpg",400,350,true],"himalayas-featured-image":["https:\/\/www3.santoandre.sp.gov.br\/turismosantoandre\/wp-content\/uploads\/2019\/11\/casa_amarela_1-319x142.jpg",319,142,true],"himalayas-services":["https:\/\/www3.santoandre.sp.gov.br\/turismosantoandre\/wp-content\/uploads\/2019\/11\/casa_amarela_1-470x280.jpg",470,280,true]},"uagb_author_info":{"display_name":"Turismo Santo Andr\u00e9","author_link":"https:\/\/www3.santoandre.sp.gov.br\/turismosantoandre\/author\/turismo-santo-andre\/"},"uagb_comment_info":0,"uagb_excerpt":"A Funda\u00e7\u00e3o Santo Andr\u00e9, institui\u00e7\u00e3o de car\u00e1ter p\u00fablico e de direito privado, foi criada em 1962, por meio da Lei Municipal n\u00ba 1.840, da Prefeitura","_links":{"self":[{"href":"https:\/\/www3.santoandre.sp.gov.br\/turismosantoandre\/wp-json\/wp\/v2\/pages\/3709"}],"collection":[{"href":"https:\/\/www3.santoandre.sp.gov.br\/turismosantoandre\/wp-json\/wp\/v2\/pages"}],"about":[{"href":"https:\/\/www3.santoandre.sp.gov.br\/turismosantoandre\/wp-json\/wp\/v2\/types\/page"}],"author":[{"embeddable":true,"href":"https:\/\/www3.santoandre.sp.gov.br\/turismosantoandre\/wp-json\/wp\/v2\/users\/11"}],"replies":[{"embeddable":true,"href":"https:\/\/www3.santoandre.sp.gov.br\/turismosantoandre\/wp-json\/wp\/v2\/comments?post=3709"}],"version-history":[{"count":11,"href":"https:\/\/www3.santoandre.sp.gov.br\/turismosantoandre\/wp-json\/wp\/v2\/pages\/3709\/revisions"}],"predecessor-version":[{"id":3726,"href":"https:\/\/www3.santoandre.sp.gov.br\/turismosantoandre\/wp-json\/wp\/v2\/pages\/3709\/revisions\/3726"}],"wp:featuredmedia":[{"embeddable":true,"href":"https:\/\/www3.santoandre.sp.gov.br\/turismosantoandre\/wp-json\/wp\/v2\/media\/3250"}],"wp:attachment":[{"href":"https:\/\/www3.santoandre.sp.gov.br\/turismosantoandre\/wp-json\/wp\/v2\/media?parent=3709"}],"curies":[{"name":"wp","href":"https:\/\/api.w.org\/{rel}","templated":true}]}}