{"id":33149,"date":"2026-03-27T11:16:25","date_gmt":"2026-03-27T14:16:25","guid":{"rendered":"https:\/\/www3.santoandre.sp.gov.br\/turismosantoandre\/?page_id=33149"},"modified":"2026-03-27T11:20:55","modified_gmt":"2026-03-27T14:20:55","slug":"programacaofestivaldocambuci2026","status":"publish","type":"page","link":"https:\/\/www3.santoandre.sp.gov.br\/turismosantoandre\/programacaofestivaldocambuci2026\/","title":{"rendered":"Programa\u00e7\u00e3o Festival do Cambuci 2026"},"content":{"rendered":"<h1><\/h1>\n<h1 style=\"text-align: center;\">21\u00ba Festival do Cambuci<\/h1>\n<h1 style=\"text-align: center;\">de Paranapiacaba<\/h1>\n<h1 style=\"text-align: center;\"><img loading=\"lazy\" class=\"alignnone wp-image-33100\" style=\"font-size: 16px;\" src=\"https:\/\/www3.santoandre.sp.gov.br\/turismosantoandre\/wp-content\/uploads\/2026\/03\/festival-do-cambuci-e1773945565885-253x300.jpg\" alt=\"\" width=\"380\" height=\"451\" srcset=\"https:\/\/www3.santoandre.sp.gov.br\/turismosantoandre\/wp-content\/uploads\/2026\/03\/festival-do-cambuci-e1773945565885-253x300.jpg 253w, https:\/\/www3.santoandre.sp.gov.br\/turismosantoandre\/wp-content\/uploads\/2026\/03\/festival-do-cambuci-e1773945565885-864x1024.jpg 864w, https:\/\/www3.santoandre.sp.gov.br\/turismosantoandre\/wp-content\/uploads\/2026\/03\/festival-do-cambuci-e1773945565885-768x910.jpg 768w, https:\/\/www3.santoandre.sp.gov.br\/turismosantoandre\/wp-content\/uploads\/2026\/03\/festival-do-cambuci-e1773945565885.jpg 1079w\" sizes=\"(max-width: 380px) 100vw, 380px\" \/><\/h1>\n<p>&nbsp;<\/p>\n<h3 style=\"text-align: center;\">\ud83d\udcc5 <strong>18\/04 \u2013 S\u00e1bado<\/strong><\/h3>\n<p style=\"text-align: center;\">\ud83d\udd5a 11h \u2013 The Jazz&#8217;n&#8217;Blues Rock Jam<\/p>\n<p style=\"text-align: center;\">\ud83d\udd5d 14h30 \u2013 Myl N\u00facleos<\/p>\n<p>&nbsp;<\/p>\n<h3 style=\"text-align: center;\">\ud83d\udcc5 <strong>19\/04 \u2013 Domingo<\/strong><\/h3>\n<p style=\"text-align: center;\">\ud83d\udd5a 11h \u2013 Cachorro Urubu (Tributo a Raul Seixas)<\/p>\n<p style=\"text-align: center;\">\ud83d\udd5d 14h30 \u2013 Os Procurados<\/p>\n<p>&nbsp;<\/p>\n<h3 style=\"text-align: center;\">\ud83d\udcc5 <strong>25\/04 \u2013 S\u00e1bado<\/strong><\/h3>\n<p style=\"text-align: center;\">\ud83d\udd5a 11h \u2013 Apresenta\u00e7\u00e3o Mi Young (K-Pop)<br \/>\n\ud83d\udd5a 11h10 \u2013 Banda CC Riders<\/p>\n<p style=\"text-align: center;\">\ud83d\udd5b 12h \u2013 Elvis Matos (Tributo a Elvis Presley)<br \/>\n\ud83d\udd5d 14h30 \u2013 3B1W Rock e Pop<br \/>\nItinerante: &#8220;Teatro Lambe Lambe&#8221; com Ponto de Fiandeiras<\/p>\n<p>&nbsp;<\/p>\n<h3 style=\"text-align: center;\">\ud83d\udcc5 <strong>26\/04 \u2013 Domingo<\/strong><\/h3>\n<p style=\"text-align: center;\">\ud83d\udd5a 11h \u2013 Karen (MPB, Samba e Brasilidades)<br \/>\n\ud83d\udd5d 14h30 \u2013 Fruto Proibido (Tributo a Rita Lee)<br \/>\nItinerante: 26\/04 &#8211; \u201cO Jazz N\u00e3o Morde&#8221;<\/p>\n<p>&nbsp;<\/p>\n<h3 style=\"text-align: center;\"><span style=\"color: #000000;\"><em><strong>Festival gastron\u00f4mico, Feira de Artesanato, Exposi\u00e7\u00e3o &#8220;Resgatando Ra\u00edzes, Caminhos do Cambuci&#8221; e muito mais!<\/strong><\/em><\/span><\/h3>\n","protected":false},"excerpt":{"rendered":"<p>21\u00ba Festival do Cambuci de Paranapiacaba &nbsp; \ud83d\udcc5 18\/04 \u2013 S\u00e1bado \ud83d\udd5a 11h \u2013 The Jazz&#8217;n&#8217;Blues Rock Jam \ud83d\udd5d 14h30 \u2013 Myl N\u00facleos &nbsp; \ud83d\udcc5<\/p>\n","protected":false},"author":23,"featured_media":0,"parent":0,"menu_order":0,"comment_status":"closed","ping_status":"closed","template":"","meta":{"spay_email":""},"uagb_featured_image_src":{"full":false,"thumbnail":false,"medium":false,"medium_large":false,"large":false,"1536x1536":false,"2048x2048":false,"himalayas-featured-post":false,"himalayas-portfolio-image":false,"himalayas-featured-image":false,"himalayas-services":false},"uagb_author_info":{"display_name":"Tamara Santana","author_link":"https:\/\/www3.santoandre.sp.gov.br\/turismosantoandre\/author\/tamara\/"},"uagb_comment_info":0,"uagb_excerpt":"21\u00ba Festival do Cambuci de Paranapiacaba &nbsp; \ud83d\udcc5 18\/04 \u2013 S\u00e1bado \ud83d\udd5a 11h \u2013 The Jazz&#8217;n&#8217;Blues Rock Jam \ud83d\udd5d 14h30 \u2013 Myl N\u00facleos &nbsp; \ud83d\udcc5","_links":{"self":[{"href":"https:\/\/www3.santoandre.sp.gov.br\/turismosantoandre\/wp-json\/wp\/v2\/pages\/33149"}],"collection":[{"href":"https:\/\/www3.santoandre.sp.gov.br\/turismosantoandre\/wp-json\/wp\/v2\/pages"}],"about":[{"href":"https:\/\/www3.santoandre.sp.gov.br\/turismosantoandre\/wp-json\/wp\/v2\/types\/page"}],"author":[{"embeddable":true,"href":"https:\/\/www3.santoandre.sp.gov.br\/turismosantoandre\/wp-json\/wp\/v2\/users\/23"}],"replies":[{"embeddable":true,"href":"https:\/\/www3.santoandre.sp.gov.br\/turismosantoandre\/wp-json\/wp\/v2\/comments?post=33149"}],"version-history":[{"count":6,"href":"https:\/\/www3.santoandre.sp.gov.br\/turismosantoandre\/wp-json\/wp\/v2\/pages\/33149\/revisions"}],"predecessor-version":[{"id":33151,"href":"https:\/\/www3.santoandre.sp.gov.br\/turismosantoandre\/wp-json\/wp\/v2\/pages\/33149\/revisions\/33151"}],"wp:attachment":[{"href":"https:\/\/www3.santoandre.sp.gov.br\/turismosantoandre\/wp-json\/wp\/v2\/media?parent=33149"}],"curies":[{"name":"wp","href":"https:\/\/api.w.org\/{rel}","templated":true}]}}