{"id":33132,"date":"2026-03-25T10:45:25","date_gmt":"2026-03-25T13:45:25","guid":{"rendered":"https:\/\/www3.santoandre.sp.gov.br\/turismosantoandre\/?page_id=33132"},"modified":"2026-03-25T11:30:13","modified_gmt":"2026-03-25T14:30:13","slug":"parquetecnologicosantoandre","status":"publish","type":"page","link":"https:\/\/www3.santoandre.sp.gov.br\/turismosantoandre\/parquetecnologicosantoandre\/","title":{"rendered":"Parque Tecnol\u00f3gico Santo Andr\u00e9"},"content":{"rendered":"\t\t<div data-elementor-type=\"wp-post\" data-elementor-id=\"33132\" class=\"elementor elementor-33132\">\n\t\t\t\t\t\t<div class=\"elementor-inner\">\n\t\t\t\t<div class=\"elementor-section-wrap\">\n\t\t\t\t\t\t\t\t\t<section class=\"elementor-section elementor-top-section elementor-element elementor-element-4062db8 elementor-section-boxed elementor-section-height-default elementor-section-height-default\" data-id=\"4062db8\" data-element_type=\"section\">\n\t\t\t\t\t\t<div class=\"elementor-container elementor-column-gap-default\">\n\t\t\t\t\t\t\t<div class=\"elementor-row\">\n\t\t\t\t\t<div class=\"elementor-column elementor-col-100 elementor-top-column elementor-element elementor-element-1139484\" data-id=\"1139484\" data-element_type=\"column\">\n\t\t\t<div class=\"elementor-column-wrap elementor-element-populated\">\n\t\t\t\t\t\t\t<div class=\"elementor-widget-wrap\">\n\t\t\t\t\t\t<div class=\"elementor-element elementor-element-b03edf6 elementor-widget elementor-widget-image\" data-id=\"b03edf6\" data-element_type=\"widget\" data-widget_type=\"image.default\">\n\t\t\t\t<div class=\"elementor-widget-container\">\n\t\t\t\t\t\t\t\t<div class=\"elementor-image\">\n\t\t\t\t\t\t\t\t\t\t\t\t<img width=\"783\" height=\"440\" src=\"https:\/\/www3.santoandre.sp.gov.br\/turismosantoandre\/wp-content\/uploads\/2026\/03\/parque-tecnologico-santo-andre-1.jpg\" class=\"attachment-large size-large\" alt=\"\" loading=\"lazy\" srcset=\"https:\/\/www3.santoandre.sp.gov.br\/turismosantoandre\/wp-content\/uploads\/2026\/03\/parque-tecnologico-santo-andre-1.jpg 800w, https:\/\/www3.santoandre.sp.gov.br\/turismosantoandre\/wp-content\/uploads\/2026\/03\/parque-tecnologico-santo-andre-1-300x169.jpg 300w, https:\/\/www3.santoandre.sp.gov.br\/turismosantoandre\/wp-content\/uploads\/2026\/03\/parque-tecnologico-santo-andre-1-768x432.jpg 768w\" sizes=\"(max-width: 783px) 100vw, 783px\" \/>\t\t\t\t\t\t\t\t\t\t\t\t\t\t<\/div>\n\t\t\t\t\t\t<\/div>\n\t\t\t\t<\/div>\n\t\t\t\t\t\t<\/div>\n\t\t\t\t\t<\/div>\n\t\t<\/div>\n\t\t\t\t\t\t\t\t<\/div>\n\t\t\t\t\t<\/div>\n\t\t<\/section>\n\t\t\t\t<section class=\"elementor-section elementor-top-section elementor-element elementor-element-ce3f1ac elementor-section-boxed elementor-section-height-default elementor-section-height-default\" data-id=\"ce3f1ac\" data-element_type=\"section\">\n\t\t\t\t\t\t<div class=\"elementor-container elementor-column-gap-default\">\n\t\t\t\t\t\t\t<div class=\"elementor-row\">\n\t\t\t\t\t<div class=\"elementor-column elementor-col-100 elementor-top-column elementor-element elementor-element-aee0f48\" data-id=\"aee0f48\" data-element_type=\"column\">\n\t\t\t<div class=\"elementor-column-wrap elementor-element-populated\">\n\t\t\t\t\t\t\t<div class=\"elementor-widget-wrap\">\n\t\t\t\t\t\t<div class=\"elementor-element elementor-element-31ba172 elementor-widget elementor-widget-text-editor\" data-id=\"31ba172\" data-element_type=\"widget\" data-widget_type=\"text-editor.default\">\n\t\t\t\t<div class=\"elementor-widget-container\">\n\t\t\t\t\t\t\t\t<div class=\"elementor-text-editor elementor-clearfix\">\n\t\t\t\t<p class=\"font_4 wixui-rich-text__text\"><span class=\"wixui-rich-text__text\"><span class=\"color_36 wixui-rich-text__text\">O Parque Tecnol\u00f3gico de Santo Andr\u00e9 \u00e9 uma iniciativa municipal que promove inova\u00e7\u00e3o, tecnologia e desenvolvimento econ\u00f4mico, conectando empresas, governo e academia em um ambiente estruturado para impulsionar projetos e neg\u00f3cios.<\/span><\/span><\/p><p>Instalado em um pr\u00e9dio hist\u00f3rico totalmente revitalizado, o Centro de Inova\u00e7\u00e3o oferece 8 mil metros quadrados de \u00e1rea constru\u00edda preparados para integrar startups, universidades, centros de pesquisa e empresas de diversos setores. O local funcionar\u00e1 como n\u00facleo central do Parque Tecnol\u00f3gico de Santo Andr\u00e9, que j\u00e1 atua desde 2019 como uma rede estrat\u00e9gica de inova\u00e7\u00e3o envolvendo o poder p\u00fablico, institui\u00e7\u00f5es de ensino e o setor produtivo.<\/p><p class=\"font_9 wixui-rich-text__text\"><span class=\"wixui-rich-text__text\"><span class=\"color_40 wixui-rich-text__text\">Nossa rede re\u00fane os\u00a0atores mais relevantes\u00a0e representativos da\u00a0Tr\u00edplice H\u00e9lice:\u00a0Governo &#8211; Empresas &#8211; Institui\u00e7\u00f5es Cient\u00edfico Tecnol\u00f3gicas de nossa regi\u00e3o.\u00a0Nossos parceiros est\u00e3o integrados e prontos para apoiar as empresas no esfor\u00e7o de vencer os desafios cada vez mais complexos que o futuro nos reserva.<\/span><\/span><\/p><div class=\"j7pOnl\" data-testid=\"linkElement\">Atuamos como promotores de arranjos produtivos para presta\u00e7\u00e3o de servi\u00e7os tecnol\u00f3gicos, desafios de\u00a0inova\u00e7\u00e3o aberta, cons\u00f3rcios pr\u00e9 competitivos,\u00a0suporte ao empreendedorismo, apoio na busca de fomento, capta\u00e7\u00e3o de talentos,\u00a0promo\u00e7\u00e3o da cultura de inova\u00e7\u00e3o\u00a0e muito mais.<\/div><div data-testid=\"linkElement\">\u00a0<\/div><p><strong>As visitas t\u00e9cnicas oferecem uma imers\u00e3o no Centro de Inova\u00e7\u00e3o, Tecnologia e Empreendedorismo, onde a estrat\u00e9gia do Parque Tecnol\u00f3gico de Santo Andr\u00e9 acontece na pr\u00e1tica.<\/strong><\/p><p>Para mais informa\u00e7\u00f5es ou agendar visita clique no link abaixo:<\/p><p><a href=\"https:\/\/acesse.santoandre.br\/TechTour\"><strong>https:\/\/acesse.santoandre.br\/TechTour<\/strong><\/a><\/p>\t\t\t\t\t<\/div>\n\t\t\t\t\t\t<\/div>\n\t\t\t\t<\/div>\n\t\t\t\t\t\t<\/div>\n\t\t\t\t\t<\/div>\n\t\t<\/div>\n\t\t\t\t\t\t\t\t<\/div>\n\t\t\t\t\t<\/div>\n\t\t<\/section>\n\t\t\t\t<section class=\"elementor-section elementor-top-section elementor-element elementor-element-eb9a2cd elementor-section-boxed elementor-section-height-default elementor-section-height-default\" data-id=\"eb9a2cd\" data-element_type=\"section\">\n\t\t\t\t\t\t<div class=\"elementor-container elementor-column-gap-default\">\n\t\t\t\t\t\t\t<div class=\"elementor-row\">\n\t\t\t\t\t<div class=\"elementor-column elementor-col-50 elementor-top-column elementor-element elementor-element-cf25615\" data-id=\"cf25615\" data-element_type=\"column\">\n\t\t\t<div class=\"elementor-column-wrap elementor-element-populated\">\n\t\t\t\t\t\t\t<div class=\"elementor-widget-wrap\">\n\t\t\t\t\t\t<div class=\"elementor-element elementor-element-91a91ad elementor-widget elementor-widget-google_maps\" data-id=\"91a91ad\" data-element_type=\"widget\" data-widget_type=\"google_maps.default\">\n\t\t\t\t<div class=\"elementor-widget-container\">\n\t\t\t\t\t<div class=\"elementor-custom-embed\">\n\t\t\t<iframe frameborder=\"0\" scrolling=\"no\" marginheight=\"0\" marginwidth=\"0\"\n\t\t\t\t\tsrc=\"https:\/\/maps.google.com\/maps?q=Rua%20Visconde%20de%20Taunay%2C%2070%20%E2%80%93%20Bangu%20%E2%80%93%20Santo%20Andr%C3%A9%20%E2%80%93%20SP&#038;t=m&#038;z=15&#038;output=embed&#038;iwloc=near\"\n\t\t\t\t\ttitle=\"Rua Visconde de Taunay, 70 \u2013 Bangu \u2013 Santo Andr\u00e9 \u2013 SP\"\n\t\t\t\t\taria-label=\"Rua Visconde de Taunay, 70 \u2013 Bangu \u2013 Santo Andr\u00e9 \u2013 SP\"\n\t\t\t><\/iframe>\n\t\t<\/div>\n\t\t\t\t<\/div>\n\t\t\t\t<\/div>\n\t\t\t\t\t\t<\/div>\n\t\t\t\t\t<\/div>\n\t\t<\/div>\n\t\t\t\t<div class=\"elementor-column elementor-col-50 elementor-top-column elementor-element elementor-element-4aa8609\" data-id=\"4aa8609\" data-element_type=\"column\">\n\t\t\t<div class=\"elementor-column-wrap elementor-element-populated\">\n\t\t\t\t\t\t\t<div class=\"elementor-widget-wrap\">\n\t\t\t\t\t\t<div class=\"elementor-element elementor-element-bb562cd elementor-widget elementor-widget-text-editor\" data-id=\"bb562cd\" data-element_type=\"widget\" data-widget_type=\"text-editor.default\">\n\t\t\t\t<div class=\"elementor-widget-container\">\n\t\t\t\t\t\t\t\t<div class=\"elementor-text-editor elementor-clearfix\">\n\t\t\t\t<p>Endere\u00e7o: Rua Visconde de Taunay, 70 \u2013 Bangu \u2013 Santo Andr\u00e9 \u2013 SP<\/p><p><span style=\"font-size: 15px;\">Agendamento:<strong><a href=\"https:\/\/acesse.santoandre.br\/TechTour\"> https:\/\/acesse.santoandre.br\/TechTour<\/a><\/strong><\/span><\/p><p><span style=\"font-size: 15px;\">Entrada: Gratuita <\/span><\/p>\t\t\t\t\t<\/div>\n\t\t\t\t\t\t<\/div>\n\t\t\t\t<\/div>\n\t\t\t\t\t\t<\/div>\n\t\t\t\t\t<\/div>\n\t\t<\/div>\n\t\t\t\t\t\t\t\t<\/div>\n\t\t\t\t\t<\/div>\n\t\t<\/section>\n\t\t\t\t\t\t\t\t\t<\/div>\n\t\t\t<\/div>\n\t\t\t\t\t<\/div>\n\t\t","protected":false},"excerpt":{"rendered":"<p>O Parque Tecnol\u00f3gico de Santo Andr\u00e9 \u00e9 uma iniciativa municipal que promove inova\u00e7\u00e3o, tecnologia e desenvolvimento econ\u00f4mico, conectando empresas, governo e academia em um ambiente<\/p>\n","protected":false},"author":23,"featured_media":0,"parent":0,"menu_order":0,"comment_status":"closed","ping_status":"closed","template":"","meta":{"spay_email":""},"uagb_featured_image_src":{"full":false,"thumbnail":false,"medium":false,"medium_large":false,"large":false,"1536x1536":false,"2048x2048":false,"himalayas-featured-post":false,"himalayas-portfolio-image":false,"himalayas-featured-image":false,"himalayas-services":false},"uagb_author_info":{"display_name":"Tamara Santana","author_link":"https:\/\/www3.santoandre.sp.gov.br\/turismosantoandre\/author\/tamara\/"},"uagb_comment_info":0,"uagb_excerpt":"O Parque Tecnol\u00f3gico de Santo Andr\u00e9 \u00e9 uma iniciativa municipal que promove inova\u00e7\u00e3o, tecnologia e desenvolvimento econ\u00f4mico, conectando empresas, governo e academia em um ambiente","_links":{"self":[{"href":"https:\/\/www3.santoandre.sp.gov.br\/turismosantoandre\/wp-json\/wp\/v2\/pages\/33132"}],"collection":[{"href":"https:\/\/www3.santoandre.sp.gov.br\/turismosantoandre\/wp-json\/wp\/v2\/pages"}],"about":[{"href":"https:\/\/www3.santoandre.sp.gov.br\/turismosantoandre\/wp-json\/wp\/v2\/types\/page"}],"author":[{"embeddable":true,"href":"https:\/\/www3.santoandre.sp.gov.br\/turismosantoandre\/wp-json\/wp\/v2\/users\/23"}],"replies":[{"embeddable":true,"href":"https:\/\/www3.santoandre.sp.gov.br\/turismosantoandre\/wp-json\/wp\/v2\/comments?post=33132"}],"version-history":[{"count":4,"href":"https:\/\/www3.santoandre.sp.gov.br\/turismosantoandre\/wp-json\/wp\/v2\/pages\/33132\/revisions"}],"predecessor-version":[{"id":33143,"href":"https:\/\/www3.santoandre.sp.gov.br\/turismosantoandre\/wp-json\/wp\/v2\/pages\/33132\/revisions\/33143"}],"wp:attachment":[{"href":"https:\/\/www3.santoandre.sp.gov.br\/turismosantoandre\/wp-json\/wp\/v2\/media?parent=33132"}],"curies":[{"name":"wp","href":"https:\/\/api.w.org\/{rel}","templated":true}]}}