{"id":32647,"date":"2026-01-19T11:52:43","date_gmt":"2026-01-19T14:52:43","guid":{"rendered":"https:\/\/www3.santoandre.sp.gov.br\/turismosantoandre\/?page_id=32647"},"modified":"2026-01-20T09:17:49","modified_gmt":"2026-01-20T12:17:49","slug":"cartilhas-de-preservacao","status":"publish","type":"page","link":"https:\/\/www3.santoandre.sp.gov.br\/turismosantoandre\/cartilhas-de-preservacao\/","title":{"rendered":"Cartilhas de Preserva\u00e7\u00e3o"},"content":{"rendered":"\t\t<div data-elementor-type=\"wp-post\" data-elementor-id=\"32647\" class=\"elementor elementor-32647\">\n\t\t\t\t\t\t<div class=\"elementor-inner\">\n\t\t\t\t<div class=\"elementor-section-wrap\">\n\t\t\t\t\t\t\t\t\t<section class=\"elementor-section elementor-top-section elementor-element elementor-element-30c1228 elementor-section-boxed elementor-section-height-default elementor-section-height-default\" data-id=\"30c1228\" data-element_type=\"section\">\n\t\t\t\t\t\t<div class=\"elementor-container elementor-column-gap-default\">\n\t\t\t\t\t\t\t<div class=\"elementor-row\">\n\t\t\t\t\t<div class=\"elementor-column elementor-col-100 elementor-top-column elementor-element elementor-element-6fd0895\" data-id=\"6fd0895\" data-element_type=\"column\">\n\t\t\t<div class=\"elementor-column-wrap elementor-element-populated\">\n\t\t\t\t\t\t\t<div class=\"elementor-widget-wrap\">\n\t\t\t\t\t\t<div class=\"elementor-element elementor-element-2999f94 elementor-widget elementor-widget-heading\" data-id=\"2999f94\" data-element_type=\"widget\" data-widget_type=\"heading.default\">\n\t\t\t\t<div class=\"elementor-widget-container\">\n\t\t\t<h1 class=\"elementor-heading-title elementor-size-xl\">Cartilhas de Preserva\u00e7\u00e3o de Paranapiacaba: conhecimento t\u00e9cnico a servi\u00e7o da comunidade<\/h1>\t\t<\/div>\n\t\t\t\t<\/div>\n\t\t\t\t<div class=\"elementor-element elementor-element-da8b86e elementor-widget elementor-widget-spacer\" data-id=\"da8b86e\" data-element_type=\"widget\" data-widget_type=\"spacer.default\">\n\t\t\t\t<div class=\"elementor-widget-container\">\n\t\t\t\t\t<div class=\"elementor-spacer\">\n\t\t\t<div class=\"elementor-spacer-inner\"><\/div>\n\t\t<\/div>\n\t\t\t\t<\/div>\n\t\t\t\t<\/div>\n\t\t\t\t\t\t<\/div>\n\t\t\t\t\t<\/div>\n\t\t<\/div>\n\t\t\t\t\t\t\t\t<\/div>\n\t\t\t\t\t<\/div>\n\t\t<\/section>\n\t\t\t\t<section class=\"elementor-section elementor-top-section elementor-element elementor-element-b27908e elementor-section-boxed elementor-section-height-default elementor-section-height-default\" data-id=\"b27908e\" data-element_type=\"section\">\n\t\t\t\t\t\t<div class=\"elementor-container elementor-column-gap-default\">\n\t\t\t\t\t\t\t<div class=\"elementor-row\">\n\t\t\t\t\t<div class=\"elementor-column elementor-col-100 elementor-top-column elementor-element elementor-element-71b0041\" data-id=\"71b0041\" data-element_type=\"column\">\n\t\t\t<div class=\"elementor-column-wrap elementor-element-populated\">\n\t\t\t\t\t\t\t<div class=\"elementor-widget-wrap\">\n\t\t\t\t\t\t<div class=\"elementor-element elementor-element-c6d99a1 elementor-widget elementor-widget-image\" data-id=\"c6d99a1\" data-element_type=\"widget\" data-widget_type=\"image.default\">\n\t\t\t\t<div class=\"elementor-widget-container\">\n\t\t\t\t\t\t\t\t<div class=\"elementor-image\">\n\t\t\t\t\t\t\t\t\t\t\t\t<img width=\"783\" height=\"979\" src=\"https:\/\/www3.santoandre.sp.gov.br\/turismosantoandre\/wp-content\/uploads\/2026\/01\/Arte-Cartilhas-Preservacao-Paranapiacaba-819x1024.jpeg\" class=\"attachment-large size-large\" alt=\"\" loading=\"lazy\" srcset=\"https:\/\/www3.santoandre.sp.gov.br\/turismosantoandre\/wp-content\/uploads\/2026\/01\/Arte-Cartilhas-Preservacao-Paranapiacaba-819x1024.jpeg 819w, https:\/\/www3.santoandre.sp.gov.br\/turismosantoandre\/wp-content\/uploads\/2026\/01\/Arte-Cartilhas-Preservacao-Paranapiacaba-240x300.jpeg 240w, https:\/\/www3.santoandre.sp.gov.br\/turismosantoandre\/wp-content\/uploads\/2026\/01\/Arte-Cartilhas-Preservacao-Paranapiacaba-768x960.jpeg 768w, https:\/\/www3.santoandre.sp.gov.br\/turismosantoandre\/wp-content\/uploads\/2026\/01\/Arte-Cartilhas-Preservacao-Paranapiacaba.jpeg 1080w\" sizes=\"(max-width: 783px) 100vw, 783px\" \/>\t\t\t\t\t\t\t\t\t\t\t\t\t\t<\/div>\n\t\t\t\t\t\t<\/div>\n\t\t\t\t<\/div>\n\t\t\t\t\t\t<\/div>\n\t\t\t\t\t<\/div>\n\t\t<\/div>\n\t\t\t\t\t\t\t\t<\/div>\n\t\t\t\t\t<\/div>\n\t\t<\/section>\n\t\t\t\t<section class=\"elementor-section elementor-top-section elementor-element elementor-element-78f5ca16 elementor-section-boxed elementor-section-height-default elementor-section-height-default\" data-id=\"78f5ca16\" data-element_type=\"section\">\n\t\t\t\t\t\t<div class=\"elementor-container elementor-column-gap-default\">\n\t\t\t\t\t\t\t<div class=\"elementor-row\">\n\t\t\t\t\t<div class=\"elementor-column elementor-col-100 elementor-top-column elementor-element elementor-element-38d54ab5\" data-id=\"38d54ab5\" data-element_type=\"column\">\n\t\t\t<div class=\"elementor-column-wrap elementor-element-populated\">\n\t\t\t\t\t\t\t<div class=\"elementor-widget-wrap\">\n\t\t\t\t\t\t<div class=\"elementor-element elementor-element-5c7c85e8 elementor-widget elementor-widget-text-editor\" data-id=\"5c7c85e8\" data-element_type=\"widget\" data-widget_type=\"text-editor.default\">\n\t\t\t\t<div class=\"elementor-widget-container\">\n\t\t\t\t\t\t\t\t<div class=\"elementor-text-editor elementor-clearfix\">\n\t\t\t\t<div class=\"elementor-element elementor-element-3d40ed4 elementor-widget elementor-widget-heading\" data-id=\"3d40ed4\" data-element_type=\"widget\" data-widget_type=\"heading.default\"><div class=\"elementor-widget-container\"><span class=\"elementor-heading-title elementor-size-default\">A Vila Ferrovi\u00e1ria de Paranapiacaba \u00e9 um dos mais importantes conjuntos arquitet\u00f4nicos e urban\u00edsticos do Brasil. Inserida na Serra do Mar e profundamente ligada \u00e0 hist\u00f3ria da ferrovia, a Vila re\u00fane patrim\u00f4nio material, imaterial, paisagem cultural e modos de vida que atravessam gera\u00e7\u00f5es. Preservar esse territ\u00f3rio \u00e9 um compromisso coletivo que envolve moradores, poder p\u00fablico, institui\u00e7\u00f5es de ensino e a sociedade como um todo.<\/span><\/div><\/div><div class=\"elementor-element elementor-element-d5ba81c elementor-widget elementor-widget-text-editor\" data-id=\"d5ba81c\" data-element_type=\"widget\" data-widget_type=\"text-editor.default\"><div class=\"elementor-widget-container\"><p>Com esse prop\u00f3sito, a\u00a0<strong>Brasil Restauro<\/strong>, por meio do\u00a0<strong>Instituto Brasil Restauro<\/strong>, apresenta as\u00a0<strong>Cartilhas de Preserva\u00e7\u00e3o para o Conjunto Arquitet\u00f4nico e Urban\u00edstico de Paranapiacaba \u2013 vers\u00f5es Adulto e Infantil<\/strong>, agora dispon\u00edveis para download gratuito.<\/p><p>As publica\u00e7\u00f5es foram desenvolvidas no \u00e2mbito do\u00a0<strong>Programa de Preserva\u00e7\u00e3o da Mem\u00f3ria Ferrovi\u00e1ria<\/strong>, com apoio da\u00a0<strong>Ag\u00eancia Nacional de Transportes Terrestres (ANTT)<\/strong>, financiamento da\u00a0<strong>MRS Log\u00edstica<\/strong>, e em parceria com a\u00a0<strong>Prefeitura de Santo Andr\u00e9<\/strong>,\u00a0<strong>UNESP<\/strong>\u00a0e os \u00f3rg\u00e3os de preserva\u00e7\u00e3o\u00a0<strong>Iphan, Condephaat e Comdephaapasa<\/strong>. O conte\u00fado \u00e9 resultado de pesquisa t\u00e9cnica, escuta comunit\u00e1ria e oficinas participativas realizadas na pr\u00f3pria Vila.<\/p><\/div><\/div>\t\t\t\t\t<\/div>\n\t\t\t\t\t\t<\/div>\n\t\t\t\t<\/div>\n\t\t\t\t\t\t<\/div>\n\t\t\t\t\t<\/div>\n\t\t<\/div>\n\t\t\t\t\t\t\t\t<\/div>\n\t\t\t\t\t<\/div>\n\t\t<\/section>\n\t\t\t\t<section class=\"elementor-section elementor-top-section elementor-element elementor-element-0cd37c7 elementor-section-boxed elementor-section-height-default elementor-section-height-default\" data-id=\"0cd37c7\" data-element_type=\"section\">\n\t\t\t\t\t\t<div class=\"elementor-container elementor-column-gap-default\">\n\t\t\t\t\t\t\t<div class=\"elementor-row\">\n\t\t\t\t\t<div class=\"elementor-column elementor-col-100 elementor-top-column elementor-element elementor-element-45e7264\" data-id=\"45e7264\" data-element_type=\"column\">\n\t\t\t<div class=\"elementor-column-wrap elementor-element-populated\">\n\t\t\t\t\t\t\t<div class=\"elementor-widget-wrap\">\n\t\t\t\t\t\t<div class=\"elementor-element elementor-element-03ca42b elementor-widget elementor-widget-heading\" data-id=\"03ca42b\" data-element_type=\"widget\" data-widget_type=\"heading.default\">\n\t\t\t\t<div class=\"elementor-widget-container\">\n\t\t\t<h2 class=\"elementor-heading-title elementor-size-default\">Cartilha Adulto<\/h2>\t\t<\/div>\n\t\t\t\t<\/div>\n\t\t\t\t\t\t<\/div>\n\t\t\t\t\t<\/div>\n\t\t<\/div>\n\t\t\t\t\t\t\t\t<\/div>\n\t\t\t\t\t<\/div>\n\t\t<\/section>\n\t\t\t\t<section class=\"elementor-section elementor-top-section elementor-element elementor-element-7ef2b25 elementor-section-boxed elementor-section-height-default elementor-section-height-default\" data-id=\"7ef2b25\" data-element_type=\"section\">\n\t\t\t\t\t\t<div class=\"elementor-container elementor-column-gap-default\">\n\t\t\t\t\t\t\t<div class=\"elementor-row\">\n\t\t\t\t\t<div class=\"elementor-column elementor-col-100 elementor-top-column elementor-element elementor-element-0a63555\" data-id=\"0a63555\" data-element_type=\"column\">\n\t\t\t<div class=\"elementor-column-wrap elementor-element-populated\">\n\t\t\t\t\t\t\t<div class=\"elementor-widget-wrap\">\n\t\t\t\t\t\t<div class=\"elementor-element elementor-element-68dd7e4 elementor-widget elementor-widget-text-editor\" data-id=\"68dd7e4\" data-element_type=\"widget\" data-widget_type=\"text-editor.default\">\n\t\t\t\t<div class=\"elementor-widget-container\">\n\t\t\t\t\t\t\t\t<div class=\"elementor-text-editor elementor-clearfix\">\n\t\t\t\t<p>A\u00a0<strong>Cartilha de Manuten\u00e7\u00e3o e Preserva\u00e7\u00e3o do Patrim\u00f4nio Hist\u00f3rico da Vila Ferrovi\u00e1ria de Paranapiacaba<\/strong>\u00a0foi elaborada para orientar moradores, comerciantes e usu\u00e1rios do territ\u00f3rio sobre como cuidar de seus im\u00f3veis de forma adequada \u00e0s normas de preserva\u00e7\u00e3o. O material apresenta, de maneira clara e did\u00e1tica, informa\u00e7\u00f5es sobre tombamentos, diretrizes urban\u00edsticas, categorias de interven\u00e7\u00e3o, boas pr\u00e1ticas de manuten\u00e7\u00e3o, cores, materiais e procedimentos para obten\u00e7\u00e3o de autoriza\u00e7\u00f5es junto aos \u00f3rg\u00e3os competentes.<\/p><p>Trata-se de um guia pr\u00e1tico que busca reduzir interven\u00e7\u00f5es inadequadas, fortalecer a manuten\u00e7\u00e3o preventiva e valorizar o papel do morador como agente ativo da preserva\u00e7\u00e3o.<\/p><p><strong>Fa\u00e7a o download da cartilha adulto:<\/strong><\/p><ul><li><strong><a href=\"https:\/\/www3.santoandre.sp.gov.br\/turismosantoandre\/wp-content\/uploads\/2026\/01\/Cartilha-Adulta-Paranapiacaba.pdf\">Cartilha de Preserva\u00e7\u00e3o de Paranapiacaba \u2013 Adulto<\/a><\/strong><\/li><\/ul>\t\t\t\t\t<\/div>\n\t\t\t\t\t\t<\/div>\n\t\t\t\t<\/div>\n\t\t\t\t\t\t<\/div>\n\t\t\t\t\t<\/div>\n\t\t<\/div>\n\t\t\t\t\t\t\t\t<\/div>\n\t\t\t\t\t<\/div>\n\t\t<\/section>\n\t\t\t\t<section class=\"elementor-section elementor-top-section elementor-element elementor-element-ec16b26 elementor-section-boxed elementor-section-height-default elementor-section-height-default\" data-id=\"ec16b26\" data-element_type=\"section\">\n\t\t\t\t\t\t<div class=\"elementor-container elementor-column-gap-default\">\n\t\t\t\t\t\t\t<div class=\"elementor-row\">\n\t\t\t\t\t<div class=\"elementor-column elementor-col-100 elementor-top-column elementor-element elementor-element-37a0d86\" data-id=\"37a0d86\" data-element_type=\"column\">\n\t\t\t<div class=\"elementor-column-wrap elementor-element-populated\">\n\t\t\t\t\t\t\t<div class=\"elementor-widget-wrap\">\n\t\t\t\t\t\t<div class=\"elementor-element elementor-element-8ee42ac elementor-widget elementor-widget-heading\" data-id=\"8ee42ac\" data-element_type=\"widget\" data-widget_type=\"heading.default\">\n\t\t\t\t<div class=\"elementor-widget-container\">\n\t\t\t<h2 class=\"elementor-heading-title elementor-size-default\">Cartilha Infantil<\/h2>\t\t<\/div>\n\t\t\t\t<\/div>\n\t\t\t\t\t\t<\/div>\n\t\t\t\t\t<\/div>\n\t\t<\/div>\n\t\t\t\t\t\t\t\t<\/div>\n\t\t\t\t\t<\/div>\n\t\t<\/section>\n\t\t\t\t<section class=\"elementor-section elementor-top-section elementor-element elementor-element-09a4d6b elementor-section-boxed elementor-section-height-default elementor-section-height-default\" data-id=\"09a4d6b\" data-element_type=\"section\">\n\t\t\t\t\t\t<div class=\"elementor-container elementor-column-gap-default\">\n\t\t\t\t\t\t\t<div class=\"elementor-row\">\n\t\t\t\t\t<div class=\"elementor-column elementor-col-100 elementor-top-column elementor-element elementor-element-a6b98a4\" data-id=\"a6b98a4\" data-element_type=\"column\">\n\t\t\t<div class=\"elementor-column-wrap elementor-element-populated\">\n\t\t\t\t\t\t\t<div class=\"elementor-widget-wrap\">\n\t\t\t\t\t\t<div class=\"elementor-element elementor-element-9884938 elementor-widget elementor-widget-text-editor\" data-id=\"9884938\" data-element_type=\"widget\" data-widget_type=\"text-editor.default\">\n\t\t\t\t<div class=\"elementor-widget-container\">\n\t\t\t\t\t\t\t\t<div class=\"elementor-text-editor elementor-clearfix\">\n\t\t\t\t<p>A\u00a0<strong>Cartilha de Preserva\u00e7\u00e3o \u2013 vers\u00e3o Infantil<\/strong>\u00a0\u00e9 voltada a alunos e professores da rede p\u00fablica e funciona como um material de apoio \u00e0 educa\u00e7\u00e3o patrimonial. A publica\u00e7\u00e3o apresenta conceitos de patrim\u00f4nio cultural a partir da hist\u00f3ria e do cotidiano de Paranapiacaba, estimulando o reconhecimento do territ\u00f3rio como espa\u00e7o de mem\u00f3ria, identidade e pertencimento.<\/p><p>Organizada em cap\u00edtulos tem\u00e1ticos, a cartilha inclui propostas de oficinas pedag\u00f3gicas que incentivam a participa\u00e7\u00e3o ativa das crian\u00e7as, o di\u00e1logo entre escola e comunidade e a constru\u00e7\u00e3o coletiva do cuidado com o patrim\u00f4nio.<\/p><p><strong>Fa\u00e7a o download da cartilha infantil:<\/strong><\/p><ul><li><strong><a href=\"https:\/\/www3.santoandre.sp.gov.br\/turismosantoandre\/wp-content\/uploads\/2026\/01\/Cartilha-Infantil-Paranapiacaba.pdf\">Cartilha de Preserva\u00e7\u00e3o de Paranapiacaba \u2013 infantil<\/a><\/strong><\/li><\/ul>\t\t\t\t\t<\/div>\n\t\t\t\t\t\t<\/div>\n\t\t\t\t<\/div>\n\t\t\t\t\t\t<\/div>\n\t\t\t\t\t<\/div>\n\t\t<\/div>\n\t\t\t\t\t\t\t\t<\/div>\n\t\t\t\t\t<\/div>\n\t\t<\/section>\n\t\t\t\t<section class=\"elementor-section elementor-top-section elementor-element elementor-element-061242b elementor-section-boxed elementor-section-height-default elementor-section-height-default\" data-id=\"061242b\" data-element_type=\"section\">\n\t\t\t\t\t\t<div class=\"elementor-container elementor-column-gap-default\">\n\t\t\t\t\t\t\t<div class=\"elementor-row\">\n\t\t\t\t\t<div class=\"elementor-column elementor-col-100 elementor-top-column elementor-element elementor-element-9388314\" data-id=\"9388314\" data-element_type=\"column\">\n\t\t\t<div class=\"elementor-column-wrap elementor-element-populated\">\n\t\t\t\t\t\t\t<div class=\"elementor-widget-wrap\">\n\t\t\t\t\t\t<div class=\"elementor-element elementor-element-8c5ea43 elementor-widget-divider--view-line elementor-widget elementor-widget-divider\" data-id=\"8c5ea43\" data-element_type=\"widget\" data-widget_type=\"divider.default\">\n\t\t\t\t<div class=\"elementor-widget-container\">\n\t\t\t\t\t<div class=\"elementor-divider\">\n\t\t\t<span class=\"elementor-divider-separator\">\n\t\t\t\t\t\t<\/span>\n\t\t<\/div>\n\t\t\t\t<\/div>\n\t\t\t\t<\/div>\n\t\t\t\t\t\t<\/div>\n\t\t\t\t\t<\/div>\n\t\t<\/div>\n\t\t\t\t\t\t\t\t<\/div>\n\t\t\t\t\t<\/div>\n\t\t<\/section>\n\t\t\t\t\t\t\t\t\t<\/div>\n\t\t\t<\/div>\n\t\t\t\t\t<\/div>\n\t\t","protected":false},"excerpt":{"rendered":"<p>Cartilhas de Preserva\u00e7\u00e3o de Paranapiacaba: conhecimento t\u00e9cnico a servi\u00e7o da comunidade A Vila Ferrovi\u00e1ria de Paranapiacaba \u00e9 um dos mais importantes conjuntos arquitet\u00f4nicos e urban\u00edsticos<\/p>\n","protected":false},"author":4,"featured_media":32649,"parent":0,"menu_order":2,"comment_status":"closed","ping_status":"closed","template":"","meta":{"spay_email":""},"uagb_featured_image_src":{"full":["https:\/\/www3.santoandre.sp.gov.br\/turismosantoandre\/wp-content\/uploads\/2026\/01\/Arte-Cartilhas-Preservacao-Paranapiacaba.jpeg",1080,1350,false],"thumbnail":["https:\/\/www3.santoandre.sp.gov.br\/turismosantoandre\/wp-content\/uploads\/2026\/01\/Arte-Cartilhas-Preservacao-Paranapiacaba-150x150.jpeg",150,150,true],"medium":["https:\/\/www3.santoandre.sp.gov.br\/turismosantoandre\/wp-content\/uploads\/2026\/01\/Arte-Cartilhas-Preservacao-Paranapiacaba-240x300.jpeg",240,300,true],"medium_large":["https:\/\/www3.santoandre.sp.gov.br\/turismosantoandre\/wp-content\/uploads\/2026\/01\/Arte-Cartilhas-Preservacao-Paranapiacaba-768x960.jpeg",768,960,true],"large":["https:\/\/www3.santoandre.sp.gov.br\/turismosantoandre\/wp-content\/uploads\/2026\/01\/Arte-Cartilhas-Preservacao-Paranapiacaba-819x1024.jpeg",783,979,true],"1536x1536":["https:\/\/www3.santoandre.sp.gov.br\/turismosantoandre\/wp-content\/uploads\/2026\/01\/Arte-Cartilhas-Preservacao-Paranapiacaba.jpeg",1080,1350,false],"2048x2048":["https:\/\/www3.santoandre.sp.gov.br\/turismosantoandre\/wp-content\/uploads\/2026\/01\/Arte-Cartilhas-Preservacao-Paranapiacaba.jpeg",1080,1350,false],"himalayas-featured-post":["https:\/\/www3.santoandre.sp.gov.br\/turismosantoandre\/wp-content\/uploads\/2026\/01\/Arte-Cartilhas-Preservacao-Paranapiacaba-781x512.jpeg",781,512,true],"himalayas-portfolio-image":["https:\/\/www3.santoandre.sp.gov.br\/turismosantoandre\/wp-content\/uploads\/2026\/01\/Arte-Cartilhas-Preservacao-Paranapiacaba-400x350.jpeg",400,350,true],"himalayas-featured-image":["https:\/\/www3.santoandre.sp.gov.br\/turismosantoandre\/wp-content\/uploads\/2026\/01\/Arte-Cartilhas-Preservacao-Paranapiacaba-319x142.jpeg",319,142,true],"himalayas-services":["https:\/\/www3.santoandre.sp.gov.br\/turismosantoandre\/wp-content\/uploads\/2026\/01\/Arte-Cartilhas-Preservacao-Paranapiacaba-470x280.jpeg",470,280,true]},"uagb_author_info":{"display_name":"Rubens Gallino Junior","author_link":"https:\/\/www3.santoandre.sp.gov.br\/turismosantoandre\/author\/rubens\/"},"uagb_comment_info":0,"uagb_excerpt":"Cartilhas de Preserva\u00e7\u00e3o de Paranapiacaba: conhecimento t\u00e9cnico a servi\u00e7o da comunidade A Vila Ferrovi\u00e1ria de Paranapiacaba \u00e9 um dos mais importantes conjuntos arquitet\u00f4nicos e urban\u00edsticos","_links":{"self":[{"href":"https:\/\/www3.santoandre.sp.gov.br\/turismosantoandre\/wp-json\/wp\/v2\/pages\/32647"}],"collection":[{"href":"https:\/\/www3.santoandre.sp.gov.br\/turismosantoandre\/wp-json\/wp\/v2\/pages"}],"about":[{"href":"https:\/\/www3.santoandre.sp.gov.br\/turismosantoandre\/wp-json\/wp\/v2\/types\/page"}],"author":[{"embeddable":true,"href":"https:\/\/www3.santoandre.sp.gov.br\/turismosantoandre\/wp-json\/wp\/v2\/users\/4"}],"replies":[{"embeddable":true,"href":"https:\/\/www3.santoandre.sp.gov.br\/turismosantoandre\/wp-json\/wp\/v2\/comments?post=32647"}],"version-history":[{"count":20,"href":"https:\/\/www3.santoandre.sp.gov.br\/turismosantoandre\/wp-json\/wp\/v2\/pages\/32647\/revisions"}],"predecessor-version":[{"id":32672,"href":"https:\/\/www3.santoandre.sp.gov.br\/turismosantoandre\/wp-json\/wp\/v2\/pages\/32647\/revisions\/32672"}],"wp:featuredmedia":[{"embeddable":true,"href":"https:\/\/www3.santoandre.sp.gov.br\/turismosantoandre\/wp-json\/wp\/v2\/media\/32649"}],"wp:attachment":[{"href":"https:\/\/www3.santoandre.sp.gov.br\/turismosantoandre\/wp-json\/wp\/v2\/media?parent=32647"}],"curies":[{"name":"wp","href":"https:\/\/api.w.org\/{rel}","templated":true}]}}