{"id":32631,"date":"2026-01-14T16:12:43","date_gmt":"2026-01-14T19:12:43","guid":{"rendered":"https:\/\/www3.santoandre.sp.gov.br\/turismosantoandre\/?page_id=32631"},"modified":"2026-03-19T15:04:23","modified_gmt":"2026-03-19T18:04:23","slug":"noticias-2026","status":"publish","type":"page","link":"https:\/\/www3.santoandre.sp.gov.br\/turismosantoandre\/noticias-2026\/","title":{"rendered":"Not\u00edcias 2026"},"content":{"rendered":"\t\t<div data-elementor-type=\"wp-page\" data-elementor-id=\"32631\" class=\"elementor elementor-32631\">\n\t\t\t\t\t\t<div class=\"elementor-inner\">\n\t\t\t\t<div class=\"elementor-section-wrap\">\n\t\t\t\t\t\t\t\t\t<section class=\"elementor-section elementor-top-section elementor-element elementor-element-6ecf5e9 elementor-section-boxed elementor-section-height-default elementor-section-height-default\" data-id=\"6ecf5e9\" data-element_type=\"section\">\n\t\t\t\t\t\t<div class=\"elementor-container elementor-column-gap-default\">\n\t\t\t\t\t\t\t<div class=\"elementor-row\">\n\t\t\t\t\t<div class=\"elementor-column elementor-col-100 elementor-top-column elementor-element elementor-element-a9635a5\" data-id=\"a9635a5\" data-element_type=\"column\">\n\t\t\t<div class=\"elementor-column-wrap elementor-element-populated\">\n\t\t\t\t\t\t\t<div class=\"elementor-widget-wrap\">\n\t\t\t\t\t\t<div class=\"elementor-element elementor-element-5d19053 elementor-widget elementor-widget-text-editor\" data-id=\"5d19053\" data-element_type=\"widget\" data-widget_type=\"text-editor.default\">\n\t\t\t\t<div class=\"elementor-widget-container\">\n\t\t\t\t\t\t\t\t<div class=\"elementor-text-editor elementor-clearfix\">\n\t\t\t\t<h2 style=\"text-align: center;\"><strong>ANO 2026<\/strong><\/h2>\t\t\t\t\t<\/div>\n\t\t\t\t\t\t<\/div>\n\t\t\t\t<\/div>\n\t\t\t\t\t\t<\/div>\n\t\t\t\t\t<\/div>\n\t\t<\/div>\n\t\t\t\t\t\t\t\t<\/div>\n\t\t\t\t\t<\/div>\n\t\t<\/section>\n\t\t\t\t<section class=\"elementor-section elementor-top-section elementor-element elementor-element-2c6fef8 elementor-section-boxed elementor-section-height-default elementor-section-height-default\" data-id=\"2c6fef8\" data-element_type=\"section\">\n\t\t\t\t\t\t<div class=\"elementor-container elementor-column-gap-default\">\n\t\t\t\t\t\t\t<div class=\"elementor-row\">\n\t\t\t\t\t<div class=\"elementor-column elementor-col-50 elementor-top-column elementor-element elementor-element-103d18b\" data-id=\"103d18b\" data-element_type=\"column\">\n\t\t\t<div class=\"elementor-column-wrap elementor-element-populated\">\n\t\t\t\t\t\t\t<div class=\"elementor-widget-wrap\">\n\t\t\t\t\t\t<div class=\"elementor-element elementor-element-bc82e6e elementor-widget elementor-widget-image\" data-id=\"bc82e6e\" data-element_type=\"widget\" data-widget_type=\"image.default\">\n\t\t\t\t<div class=\"elementor-widget-container\">\n\t\t\t\t\t\t\t\t<div class=\"elementor-image\">\n\t\t\t\t\t\t\t\t\t\t\t\t<img width=\"783\" height=\"522\" src=\"https:\/\/www3.santoandre.sp.gov.br\/turismosantoandre\/wp-content\/uploads\/2026\/03\/foto-turismo.jpg\" class=\"attachment-large size-large\" alt=\"\" loading=\"lazy\" srcset=\"https:\/\/www3.santoandre.sp.gov.br\/turismosantoandre\/wp-content\/uploads\/2026\/03\/foto-turismo.jpg 800w, https:\/\/www3.santoandre.sp.gov.br\/turismosantoandre\/wp-content\/uploads\/2026\/03\/foto-turismo-300x200.jpg 300w, https:\/\/www3.santoandre.sp.gov.br\/turismosantoandre\/wp-content\/uploads\/2026\/03\/foto-turismo-768x512.jpg 768w\" sizes=\"(max-width: 783px) 100vw, 783px\" \/>\t\t\t\t\t\t\t\t\t\t\t\t\t\t<\/div>\n\t\t\t\t\t\t<\/div>\n\t\t\t\t<\/div>\n\t\t\t\t\t\t<\/div>\n\t\t\t\t\t<\/div>\n\t\t<\/div>\n\t\t\t\t<div class=\"elementor-column elementor-col-50 elementor-top-column elementor-element elementor-element-d4cdadd\" data-id=\"d4cdadd\" data-element_type=\"column\">\n\t\t\t<div class=\"elementor-column-wrap elementor-element-populated\">\n\t\t\t\t\t\t\t<div class=\"elementor-widget-wrap\">\n\t\t\t\t\t\t<div class=\"elementor-element elementor-element-f909c14 elementor-widget elementor-widget-text-editor\" data-id=\"f909c14\" data-element_type=\"widget\" data-widget_type=\"text-editor.default\">\n\t\t\t\t<div class=\"elementor-widget-container\">\n\t\t\t\t\t\t\t\t<div class=\"elementor-text-editor elementor-clearfix\">\n\t\t\t\t<h3 style=\"text-align: center;\"><strong><a href=\"https:\/\/web.santoandre.sp.gov.br\/portal\/noticias\/0\/3\/20213\/populacao-considera-que-turismo-e-bom-para-santo-andre-e-a-economia-da-cidade-aponta-levantamento-do-governo-estadual\">\u00a0Popula\u00e7\u00e3o considera que turismo \u00e9 bom para Santo Andr\u00e9 e \u00e0 economia da cidade, aponta levantamento do governo estadual<\/a><\/strong><\/h3><p>\u00a0<\/p><p style=\"text-align: center;\">Os moradores de Santo Andr\u00e9 aprovam o turismo e as benfeitorias que este setor faz e traz para a cidade.<\/p><p>\u00a0<\/p><p>\u00a0<\/p><p><span style=\"font-size: 15px;\">18 MAR 2026<\/span><\/p>\t\t\t\t\t<\/div>\n\t\t\t\t\t\t<\/div>\n\t\t\t\t<\/div>\n\t\t\t\t\t\t<\/div>\n\t\t\t\t\t<\/div>\n\t\t<\/div>\n\t\t\t\t\t\t\t\t<\/div>\n\t\t\t\t\t<\/div>\n\t\t<\/section>\n\t\t\t\t<section class=\"elementor-section elementor-top-section elementor-element elementor-element-c0da192 elementor-section-boxed elementor-section-height-default elementor-section-height-default\" data-id=\"c0da192\" data-element_type=\"section\">\n\t\t\t\t\t\t<div class=\"elementor-container elementor-column-gap-default\">\n\t\t\t\t\t\t\t<div class=\"elementor-row\">\n\t\t\t\t\t<div class=\"elementor-column elementor-col-50 elementor-top-column elementor-element elementor-element-41c4b6d\" data-id=\"41c4b6d\" data-element_type=\"column\">\n\t\t\t<div class=\"elementor-column-wrap elementor-element-populated\">\n\t\t\t\t\t\t\t<div class=\"elementor-widget-wrap\">\n\t\t\t\t\t\t<div class=\"elementor-element elementor-element-fab3491 elementor-widget elementor-widget-image\" data-id=\"fab3491\" data-element_type=\"widget\" data-widget_type=\"image.default\">\n\t\t\t\t<div class=\"elementor-widget-container\">\n\t\t\t\t\t\t\t\t<div class=\"elementor-image\">\n\t\t\t\t\t\t\t\t\t\t\t\t<img width=\"783\" height=\"522\" src=\"https:\/\/www3.santoandre.sp.gov.br\/turismosantoandre\/wp-content\/uploads\/2026\/02\/sabina.jpg\" class=\"attachment-large size-large\" alt=\"\" loading=\"lazy\" srcset=\"https:\/\/www3.santoandre.sp.gov.br\/turismosantoandre\/wp-content\/uploads\/2026\/02\/sabina.jpg 800w, https:\/\/www3.santoandre.sp.gov.br\/turismosantoandre\/wp-content\/uploads\/2026\/02\/sabina-300x200.jpg 300w, https:\/\/www3.santoandre.sp.gov.br\/turismosantoandre\/wp-content\/uploads\/2026\/02\/sabina-768x512.jpg 768w\" sizes=\"(max-width: 783px) 100vw, 783px\" \/>\t\t\t\t\t\t\t\t\t\t\t\t\t\t<\/div>\n\t\t\t\t\t\t<\/div>\n\t\t\t\t<\/div>\n\t\t\t\t\t\t<\/div>\n\t\t\t\t\t<\/div>\n\t\t<\/div>\n\t\t\t\t<div class=\"elementor-column elementor-col-50 elementor-top-column elementor-element elementor-element-8e7b1c9\" data-id=\"8e7b1c9\" data-element_type=\"column\">\n\t\t\t<div class=\"elementor-column-wrap elementor-element-populated\">\n\t\t\t\t\t\t\t<div class=\"elementor-widget-wrap\">\n\t\t\t\t\t\t<div class=\"elementor-element elementor-element-47ea8ca elementor-widget elementor-widget-text-editor\" data-id=\"47ea8ca\" data-element_type=\"widget\" data-widget_type=\"text-editor.default\">\n\t\t\t\t<div class=\"elementor-widget-container\">\n\t\t\t\t\t\t\t\t<div class=\"elementor-text-editor elementor-clearfix\">\n\t\t\t\t<h3 style=\"text-align: center;\"><strong><a href=\"https:\/\/web.santoandre.sp.gov.br\/portal\/noticias\/0\/3\/20002\/sabina-comemora-19-anos-com-programacao-especial-de-aniversario\">\u00a0 Sabina comemora 19 anos com programa\u00e7\u00e3o especial de anivers\u00e1rio.<\/a><\/strong><\/h3><p>\u00a0<\/p><p style=\"text-align: center;\">Este importante equipamento de Educa\u00e7\u00e3o completa 19 anos no dia 11 de fevereiro e traz uma programa\u00e7\u00e3o comemorativa super especial no m\u00eas de anivers\u00e1rio<\/p><p>\u00a0<\/p><p>\u00a0<\/p><p>\u00a0<\/p><p><span style=\"font-size: 15px;\">05 FEV 2026<\/span><\/p>\t\t\t\t\t<\/div>\n\t\t\t\t\t\t<\/div>\n\t\t\t\t<\/div>\n\t\t\t\t\t\t<\/div>\n\t\t\t\t\t<\/div>\n\t\t<\/div>\n\t\t\t\t\t\t\t\t<\/div>\n\t\t\t\t\t<\/div>\n\t\t<\/section>\n\t\t\t\t<section class=\"elementor-section elementor-top-section elementor-element elementor-element-e69700f elementor-section-boxed elementor-section-height-default elementor-section-height-default\" data-id=\"e69700f\" data-element_type=\"section\">\n\t\t\t\t\t\t<div class=\"elementor-container elementor-column-gap-default\">\n\t\t\t\t\t\t\t<div class=\"elementor-row\">\n\t\t\t\t\t<div class=\"elementor-column elementor-col-50 elementor-top-column elementor-element elementor-element-a2d0d25\" data-id=\"a2d0d25\" data-element_type=\"column\">\n\t\t\t<div class=\"elementor-column-wrap elementor-element-populated\">\n\t\t\t\t\t\t\t<div class=\"elementor-widget-wrap\">\n\t\t\t\t\t\t<div class=\"elementor-element elementor-element-040ee60 elementor-widget elementor-widget-image\" data-id=\"040ee60\" data-element_type=\"widget\" data-widget_type=\"image.default\">\n\t\t\t\t<div class=\"elementor-widget-container\">\n\t\t\t\t\t\t\t\t<div class=\"elementor-image\">\n\t\t\t\t\t\t\t\t\t\t\t\t<img width=\"783\" height=\"522\" src=\"https:\/\/www3.santoandre.sp.gov.br\/turismosantoandre\/wp-content\/uploads\/2026\/02\/carnaval-1.jpg\" class=\"attachment-large size-large\" alt=\"\" loading=\"lazy\" srcset=\"https:\/\/www3.santoandre.sp.gov.br\/turismosantoandre\/wp-content\/uploads\/2026\/02\/carnaval-1.jpg 800w, https:\/\/www3.santoandre.sp.gov.br\/turismosantoandre\/wp-content\/uploads\/2026\/02\/carnaval-1-300x200.jpg 300w, https:\/\/www3.santoandre.sp.gov.br\/turismosantoandre\/wp-content\/uploads\/2026\/02\/carnaval-1-768x512.jpg 768w\" sizes=\"(max-width: 783px) 100vw, 783px\" \/>\t\t\t\t\t\t\t\t\t\t\t\t\t\t<\/div>\n\t\t\t\t\t\t<\/div>\n\t\t\t\t<\/div>\n\t\t\t\t\t\t<\/div>\n\t\t\t\t\t<\/div>\n\t\t<\/div>\n\t\t\t\t<div class=\"elementor-column elementor-col-50 elementor-top-column elementor-element elementor-element-5c3021f\" data-id=\"5c3021f\" data-element_type=\"column\">\n\t\t\t<div class=\"elementor-column-wrap elementor-element-populated\">\n\t\t\t\t\t\t\t<div class=\"elementor-widget-wrap\">\n\t\t\t\t\t\t<div class=\"elementor-element elementor-element-a3ffd6d elementor-widget elementor-widget-text-editor\" data-id=\"a3ffd6d\" data-element_type=\"widget\" data-widget_type=\"text-editor.default\">\n\t\t\t\t<div class=\"elementor-widget-container\">\n\t\t\t\t\t\t\t\t<div class=\"elementor-text-editor elementor-clearfix\">\n\t\t\t\t<h3 style=\"text-align: center;\"><strong><a href=\"https:\/\/web.santoandre.sp.gov.br\/portal\/noticias\/0\/3\/19981\/programacao-do-carnaval-de-santo-andre-comeca-neste-sabado\">\u00a0Programa\u00e7\u00e3o do Carnaval de Santo Andr\u00e9 come\u00e7a neste s\u00e1bado.<\/a><\/strong><\/h3><p>\u00a0<\/p><p style=\"text-align: center;\">Santo Andr\u00e9 escolheu a Corte do Carnaval 2026 e est\u00e1 mais do que habilitada para dar in\u00edcio \u00e0 programa\u00e7\u00e3o da folia, que ser\u00e1 realizada por todo o m\u00eas de fevereiro. O p\u00fablico vai se divertir com blocos, matin\u00ea, apresenta\u00e7\u00f5es musicais e diversas atra\u00e7\u00f5es, todas gratuitas.<\/p><p>\u00a0<\/p><p>\u00a0<\/p><p><span style=\"font-size: 15px;\">02 FEV 2026<\/span><\/p>\t\t\t\t\t<\/div>\n\t\t\t\t\t\t<\/div>\n\t\t\t\t<\/div>\n\t\t\t\t\t\t<\/div>\n\t\t\t\t\t<\/div>\n\t\t<\/div>\n\t\t\t\t\t\t\t\t<\/div>\n\t\t\t\t\t<\/div>\n\t\t<\/section>\n\t\t\t\t<section class=\"elementor-section elementor-top-section elementor-element elementor-element-07ad376 elementor-section-boxed elementor-section-height-default elementor-section-height-default\" data-id=\"07ad376\" data-element_type=\"section\">\n\t\t\t\t\t\t<div class=\"elementor-container elementor-column-gap-default\">\n\t\t\t\t\t\t\t<div class=\"elementor-row\">\n\t\t\t\t\t<div class=\"elementor-column elementor-col-50 elementor-top-column elementor-element elementor-element-c16da61\" data-id=\"c16da61\" data-element_type=\"column\">\n\t\t\t<div class=\"elementor-column-wrap elementor-element-populated\">\n\t\t\t\t\t\t\t<div class=\"elementor-widget-wrap\">\n\t\t\t\t\t\t<div class=\"elementor-element elementor-element-f0029ca elementor-widget elementor-widget-image\" data-id=\"f0029ca\" data-element_type=\"widget\" data-widget_type=\"image.default\">\n\t\t\t\t<div class=\"elementor-widget-container\">\n\t\t\t\t\t\t\t\t<div class=\"elementor-image\">\n\t\t\t\t\t\t\t\t\t\t\t\t<img width=\"596\" height=\"477\" src=\"https:\/\/www3.santoandre.sp.gov.br\/turismosantoandre\/wp-content\/uploads\/2026\/02\/bd009555dacae787126e34af11765df6.jpg\" class=\"attachment-large size-large\" alt=\"\" loading=\"lazy\" srcset=\"https:\/\/www3.santoandre.sp.gov.br\/turismosantoandre\/wp-content\/uploads\/2026\/02\/bd009555dacae787126e34af11765df6.jpg 596w, https:\/\/www3.santoandre.sp.gov.br\/turismosantoandre\/wp-content\/uploads\/2026\/02\/bd009555dacae787126e34af11765df6-300x240.jpg 300w\" sizes=\"(max-width: 596px) 100vw, 596px\" \/>\t\t\t\t\t\t\t\t\t\t\t\t\t\t<\/div>\n\t\t\t\t\t\t<\/div>\n\t\t\t\t<\/div>\n\t\t\t\t\t\t<\/div>\n\t\t\t\t\t<\/div>\n\t\t<\/div>\n\t\t\t\t<div class=\"elementor-column elementor-col-50 elementor-top-column elementor-element elementor-element-94a37d3\" data-id=\"94a37d3\" data-element_type=\"column\">\n\t\t\t<div class=\"elementor-column-wrap elementor-element-populated\">\n\t\t\t\t\t\t\t<div class=\"elementor-widget-wrap\">\n\t\t\t\t\t\t<div class=\"elementor-element elementor-element-3d14241 elementor-widget elementor-widget-text-editor\" data-id=\"3d14241\" data-element_type=\"widget\" data-widget_type=\"text-editor.default\">\n\t\t\t\t<div class=\"elementor-widget-container\">\n\t\t\t\t\t\t\t\t<div class=\"elementor-text-editor elementor-clearfix\">\n\t\t\t\t<h3 style=\"text-align: center;\"><strong><a href=\"https:\/\/web.santoandre.sp.gov.br\/portal\/noticias\/0\/3\/19915\/paranapiacaba-ganha-cartilha-sobre-preservacao-e-manutencao-de-patrimonio-historico\">Paranapiacaba ganha cartilha sobre preserva\u00e7\u00e3o e manuten\u00e7\u00e3o de patrim\u00f4nio hist\u00f3rico<\/a><\/strong><\/h3><p>\u00a0<\/p><p style=\"text-align: center;\">A Vila de Paranapiacaba ganhou uma cartilha com orienta\u00e7\u00f5es sobe conserva\u00e7\u00e3o, manuten\u00e7\u00e3o e restauro dos im\u00f3veis tombados pelo patrim\u00f4nio hist\u00f3rico. A publica\u00e7\u00e3o tem duas vers\u00f5es: adulta, para servir como guia t\u00e9cnico-pr\u00e1tico; e infantil, com conte\u00fado pedag\u00f3gico complementar.\u00a0<\/p><p>\u00a0<\/p><p>\u00a0<\/p><p>\u00a0<\/p><p><span style=\"font-size: 15px;\">19 JAN 2026<\/span><\/p>\t\t\t\t\t<\/div>\n\t\t\t\t\t\t<\/div>\n\t\t\t\t<\/div>\n\t\t\t\t\t\t<\/div>\n\t\t\t\t\t<\/div>\n\t\t<\/div>\n\t\t\t\t\t\t\t\t<\/div>\n\t\t\t\t\t<\/div>\n\t\t<\/section>\n\t\t\t\t<section class=\"elementor-section elementor-top-section elementor-element elementor-element-7b9e0a4 elementor-section-boxed elementor-section-height-default elementor-section-height-default\" data-id=\"7b9e0a4\" data-element_type=\"section\">\n\t\t\t\t\t\t<div class=\"elementor-container elementor-column-gap-default\">\n\t\t\t\t\t\t\t<div class=\"elementor-row\">\n\t\t\t\t\t<div class=\"elementor-column elementor-col-50 elementor-top-column elementor-element elementor-element-084d574\" data-id=\"084d574\" data-element_type=\"column\">\n\t\t\t<div class=\"elementor-column-wrap elementor-element-populated\">\n\t\t\t\t\t\t\t<div class=\"elementor-widget-wrap\">\n\t\t\t\t\t\t<div class=\"elementor-element elementor-element-93e1de0 elementor-widget elementor-widget-image\" data-id=\"93e1de0\" data-element_type=\"widget\" data-widget_type=\"image.default\">\n\t\t\t\t<div class=\"elementor-widget-container\">\n\t\t\t\t\t\t\t\t<div class=\"elementor-image\">\n\t\t\t\t\t\t\t\t\t\t\t\t<img width=\"783\" height=\"522\" src=\"https:\/\/www3.santoandre.sp.gov.br\/turismosantoandre\/wp-content\/uploads\/2026\/01\/paranapiacaba-1.jpg\" class=\"attachment-large size-large\" alt=\"\" loading=\"lazy\" srcset=\"https:\/\/www3.santoandre.sp.gov.br\/turismosantoandre\/wp-content\/uploads\/2026\/01\/paranapiacaba-1.jpg 800w, https:\/\/www3.santoandre.sp.gov.br\/turismosantoandre\/wp-content\/uploads\/2026\/01\/paranapiacaba-1-300x200.jpg 300w, https:\/\/www3.santoandre.sp.gov.br\/turismosantoandre\/wp-content\/uploads\/2026\/01\/paranapiacaba-1-768x512.jpg 768w\" sizes=\"(max-width: 783px) 100vw, 783px\" \/>\t\t\t\t\t\t\t\t\t\t\t\t\t\t<\/div>\n\t\t\t\t\t\t<\/div>\n\t\t\t\t<\/div>\n\t\t\t\t\t\t<\/div>\n\t\t\t\t\t<\/div>\n\t\t<\/div>\n\t\t\t\t<div class=\"elementor-column elementor-col-50 elementor-top-column elementor-element elementor-element-513b989\" data-id=\"513b989\" data-element_type=\"column\">\n\t\t\t<div class=\"elementor-column-wrap elementor-element-populated\">\n\t\t\t\t\t\t\t<div class=\"elementor-widget-wrap\">\n\t\t\t\t\t\t<div class=\"elementor-element elementor-element-aa15fe5 elementor-widget elementor-widget-text-editor\" data-id=\"aa15fe5\" data-element_type=\"widget\" data-widget_type=\"text-editor.default\">\n\t\t\t\t<div class=\"elementor-widget-container\">\n\t\t\t\t\t\t\t\t<div class=\"elementor-text-editor elementor-clearfix\">\n\t\t\t\t<h3 style=\"text-align: center;\"><a href=\"https:\/\/web.santoandre.sp.gov.br\/portal\/noticias\/0\/3\/19890\/atracoes-turisticas-e-comercio-de-paranapiacaba-ampliam-funcionamento-nas-ferias-de-janeiro\/\">Atra\u00e7\u00f5es tur\u00edsticas e com\u00e9rcio de Paranapiacaba ampliam funcionamento nas f\u00e9rias de Janeiro.<\/a><\/h3><div class=\"ntc_data_noticia sw_lato\">\u00a0<\/div><div class=\"ntc_data_noticia sw_lato\">\u00a0<\/div><div class=\"ntc_data_noticia sw_lato\" style=\"text-align: center;\">Os espa\u00e7os culturais e o com\u00e9rcio de Paranapiacaba v\u00e3o funcionar em esquema especial durante as f\u00e9rias de janeiro. A partir desta sexta-feira (9), diversas atra\u00e7\u00f5es da vila inglesa ter\u00e3o atendimento ampliado por conta do fluxo de turistas que aumenta nesta \u00e9poca do ano.\u00a0<\/div><div class=\"ntc_data_noticia sw_lato\">\u00a0<\/div><div class=\"ntc_data_noticia sw_lato\">\u00a0<\/div><div class=\"ntc_data_noticia sw_lato\">\u00a0<\/div><div class=\"ntc_data_noticia sw_lato\">\u00a0<\/div><div class=\"ntc_data_noticia sw_lato\"><span style=\"font-size: 15px;\">08 JAN 2026<\/span><\/div>\t\t\t\t\t<\/div>\n\t\t\t\t\t\t<\/div>\n\t\t\t\t<\/div>\n\t\t\t\t\t\t<\/div>\n\t\t\t\t\t<\/div>\n\t\t<\/div>\n\t\t\t\t\t\t\t\t<\/div>\n\t\t\t\t\t<\/div>\n\t\t<\/section>\n\t\t\t\t<section class=\"elementor-section elementor-top-section elementor-element elementor-element-ad218d6 elementor-section-boxed elementor-section-height-default elementor-section-height-default\" data-id=\"ad218d6\" data-element_type=\"section\">\n\t\t\t\t\t\t<div class=\"elementor-container elementor-column-gap-default\">\n\t\t\t\t\t\t\t<div class=\"elementor-row\">\n\t\t\t\t\t<div class=\"elementor-column elementor-col-50 elementor-top-column elementor-element elementor-element-07ec06a\" data-id=\"07ec06a\" data-element_type=\"column\">\n\t\t\t<div class=\"elementor-column-wrap elementor-element-populated\">\n\t\t\t\t\t\t\t<div class=\"elementor-widget-wrap\">\n\t\t\t\t\t\t<div class=\"elementor-element elementor-element-4e9231c elementor-widget elementor-widget-image\" data-id=\"4e9231c\" data-element_type=\"widget\" data-widget_type=\"image.default\">\n\t\t\t\t<div class=\"elementor-widget-container\">\n\t\t\t\t\t\t\t\t<div class=\"elementor-image\">\n\t\t\t\t\t\t\t\t\t\t\t\t<img width=\"783\" height=\"522\" src=\"https:\/\/www3.santoandre.sp.gov.br\/turismosantoandre\/wp-content\/uploads\/2026\/01\/SABINA.jpg\" class=\"attachment-large size-large\" alt=\"\" loading=\"lazy\" srcset=\"https:\/\/www3.santoandre.sp.gov.br\/turismosantoandre\/wp-content\/uploads\/2026\/01\/SABINA.jpg 800w, https:\/\/www3.santoandre.sp.gov.br\/turismosantoandre\/wp-content\/uploads\/2026\/01\/SABINA-300x200.jpg 300w, https:\/\/www3.santoandre.sp.gov.br\/turismosantoandre\/wp-content\/uploads\/2026\/01\/SABINA-768x512.jpg 768w\" sizes=\"(max-width: 783px) 100vw, 783px\" \/>\t\t\t\t\t\t\t\t\t\t\t\t\t\t<\/div>\n\t\t\t\t\t\t<\/div>\n\t\t\t\t<\/div>\n\t\t\t\t\t\t<\/div>\n\t\t\t\t\t<\/div>\n\t\t<\/div>\n\t\t\t\t<div class=\"elementor-column elementor-col-50 elementor-top-column elementor-element elementor-element-2cdbd2c\" data-id=\"2cdbd2c\" data-element_type=\"column\">\n\t\t\t<div class=\"elementor-column-wrap elementor-element-populated\">\n\t\t\t\t\t\t\t<div class=\"elementor-widget-wrap\">\n\t\t\t\t\t\t<div class=\"elementor-element elementor-element-ebae0d1 elementor-widget elementor-widget-text-editor\" data-id=\"ebae0d1\" data-element_type=\"widget\" data-widget_type=\"text-editor.default\">\n\t\t\t\t<div class=\"elementor-widget-container\">\n\t\t\t\t\t\t\t\t<div class=\"elementor-text-editor elementor-clearfix\">\n\t\t\t\t<h3 style=\"text-align: center;\"><a href=\"https:\/\/web.santoandre.sp.gov.br\/portal\/noticias\/0\/3\/19882\/programacao-de-ferias-na-sabina-comeca-nesta-quinta-feira-com-diversas-atracoes\/\">Programa\u00e7\u00e3o de f\u00e9rias na Sabina come\u00e7a nesta quinta-feira com diversas atra\u00e7\u00f5es.<\/a><\/h3><div class=\"ntc_data_noticia sw_lato\" style=\"text-align: center;\">\u00a0<\/div><div class=\"ntc_data_noticia sw_lato\" style=\"text-align: center;\">\u00a0<\/div><div class=\"ntc_data_noticia sw_lato\" style=\"text-align: center;\">As atra\u00e7\u00f5es de f\u00e9rias na Sabina Escola Parque do Conhecimento, em Santo Andr\u00e9, estar\u00e3o dispon\u00edveis a partir desta quinta-feira (8) para todas as idades. Al\u00e9m dos espa\u00e7os fixos, o equipamento preparou oficinas, teatros e shows de ci\u00eancias para oferecer conhecimento cient\u00edfico e divers\u00e3o ao mesmo tempo.<\/div><div class=\"ntc_data_noticia sw_lato\">\u00a0<\/div><div class=\"ntc_data_noticia sw_lato\">\u00a0<\/div><div class=\"ntc_data_noticia sw_lato\">\u00a0<\/div><div class=\"ntc_data_noticia sw_lato\">\u00a0<\/div><div class=\"ntc_data_noticia sw_lato\">\u00a0<\/div><div class=\"ntc_data_noticia sw_lato\"><span style=\"font-size: 15px;\">06 JAN 2026<\/span><\/div>\t\t\t\t\t<\/div>\n\t\t\t\t\t\t<\/div>\n\t\t\t\t<\/div>\n\t\t\t\t\t\t<\/div>\n\t\t\t\t\t<\/div>\n\t\t<\/div>\n\t\t\t\t\t\t\t\t<\/div>\n\t\t\t\t\t<\/div>\n\t\t<\/section>\n\t\t\t\t<section class=\"elementor-section elementor-top-section elementor-element elementor-element-bd796d9 elementor-section-boxed elementor-section-height-default elementor-section-height-default\" data-id=\"bd796d9\" data-element_type=\"section\">\n\t\t\t\t\t\t<div class=\"elementor-container elementor-column-gap-default\">\n\t\t\t\t\t\t\t<div class=\"elementor-row\">\n\t\t\t\t\t<div class=\"elementor-column elementor-col-50 elementor-top-column elementor-element elementor-element-aca9b71\" data-id=\"aca9b71\" data-element_type=\"column\">\n\t\t\t<div class=\"elementor-column-wrap elementor-element-populated\">\n\t\t\t\t\t\t\t<div class=\"elementor-widget-wrap\">\n\t\t\t\t\t\t<div class=\"elementor-element elementor-element-48e0d6f elementor-widget elementor-widget-text-editor\" data-id=\"48e0d6f\" data-element_type=\"widget\" data-widget_type=\"text-editor.default\">\n\t\t\t\t<div class=\"elementor-widget-container\">\n\t\t\t\t\t\t\t\t<div class=\"elementor-text-editor elementor-clearfix\">\n\t\t\t\t\t\t\t\t\t<\/div>\n\t\t\t\t\t\t<\/div>\n\t\t\t\t<\/div>\n\t\t\t\t\t\t<\/div>\n\t\t\t\t\t<\/div>\n\t\t<\/div>\n\t\t\t\t<div class=\"elementor-column elementor-col-50 elementor-top-column elementor-element elementor-element-9180910\" data-id=\"9180910\" data-element_type=\"column\">\n\t\t\t<div class=\"elementor-column-wrap\">\n\t\t\t\t\t\t\t<div class=\"elementor-widget-wrap\">\n\t\t\t\t\t\t\t\t<\/div>\n\t\t\t\t\t<\/div>\n\t\t<\/div>\n\t\t\t\t\t\t\t\t<\/div>\n\t\t\t\t\t<\/div>\n\t\t<\/section>\n\t\t\t\t<section class=\"elementor-section elementor-top-section elementor-element elementor-element-447a84a elementor-section-boxed elementor-section-height-default elementor-section-height-default\" data-id=\"447a84a\" data-element_type=\"section\">\n\t\t\t\t\t\t<div class=\"elementor-container elementor-column-gap-default\">\n\t\t\t\t\t\t\t<div class=\"elementor-row\">\n\t\t\t\t\t<div class=\"elementor-column elementor-col-100 elementor-top-column elementor-element elementor-element-7dd37cc\" data-id=\"7dd37cc\" data-element_type=\"column\">\n\t\t\t<div class=\"elementor-column-wrap elementor-element-populated\">\n\t\t\t\t\t\t\t<div class=\"elementor-widget-wrap\">\n\t\t\t\t\t\t<div class=\"elementor-element elementor-element-d71597d elementor-widget elementor-widget-text-editor\" data-id=\"d71597d\" data-element_type=\"widget\" data-widget_type=\"text-editor.default\">\n\t\t\t\t<div class=\"elementor-widget-container\">\n\t\t\t\t\t\t\t\t<div class=\"elementor-text-editor elementor-clearfix\">\n\t\t\t\t<h2 style=\"text-align: center;\"><a href=\"https:\/\/www3.santoandre.sp.gov.br\/turismosantoandre\/noticias-2025\/\">Not\u00edcias ANO 2025 &#8211; Clique aqui<\/a><\/h2>\t\t\t\t\t<\/div>\n\t\t\t\t\t\t<\/div>\n\t\t\t\t<\/div>\n\t\t\t\t\t\t<\/div>\n\t\t\t\t\t<\/div>\n\t\t<\/div>\n\t\t\t\t\t\t\t\t<\/div>\n\t\t\t\t\t<\/div>\n\t\t<\/section>\n\t\t\t\t\t\t\t\t\t<\/div>\n\t\t\t<\/div>\n\t\t\t\t\t<\/div>\n\t\t","protected":false},"excerpt":{"rendered":"<p>ANO 2026 \u00a0Popula\u00e7\u00e3o considera que turismo \u00e9 bom para Santo Andr\u00e9 e \u00e0 economia da cidade, aponta levantamento do governo estadual \u00a0 Os moradores de<\/p>\n","protected":false},"author":4,"featured_media":0,"parent":0,"menu_order":0,"comment_status":"closed","ping_status":"closed","template":"","meta":{"spay_email":""},"uagb_featured_image_src":{"full":false,"thumbnail":false,"medium":false,"medium_large":false,"large":false,"1536x1536":false,"2048x2048":false,"himalayas-featured-post":false,"himalayas-portfolio-image":false,"himalayas-featured-image":false,"himalayas-services":false},"uagb_author_info":{"display_name":"Rubens Gallino Junior","author_link":"https:\/\/www3.santoandre.sp.gov.br\/turismosantoandre\/author\/rubens\/"},"uagb_comment_info":0,"uagb_excerpt":"ANO 2026 \u00a0Popula\u00e7\u00e3o considera que turismo \u00e9 bom para Santo Andr\u00e9 e \u00e0 economia da cidade, aponta levantamento do governo estadual \u00a0 Os moradores de","_links":{"self":[{"href":"https:\/\/www3.santoandre.sp.gov.br\/turismosantoandre\/wp-json\/wp\/v2\/pages\/32631"}],"collection":[{"href":"https:\/\/www3.santoandre.sp.gov.br\/turismosantoandre\/wp-json\/wp\/v2\/pages"}],"about":[{"href":"https:\/\/www3.santoandre.sp.gov.br\/turismosantoandre\/wp-json\/wp\/v2\/types\/page"}],"author":[{"embeddable":true,"href":"https:\/\/www3.santoandre.sp.gov.br\/turismosantoandre\/wp-json\/wp\/v2\/users\/4"}],"replies":[{"embeddable":true,"href":"https:\/\/www3.santoandre.sp.gov.br\/turismosantoandre\/wp-json\/wp\/v2\/comments?post=32631"}],"version-history":[{"count":33,"href":"https:\/\/www3.santoandre.sp.gov.br\/turismosantoandre\/wp-json\/wp\/v2\/pages\/32631\/revisions"}],"predecessor-version":[{"id":33098,"href":"https:\/\/www3.santoandre.sp.gov.br\/turismosantoandre\/wp-json\/wp\/v2\/pages\/32631\/revisions\/33098"}],"wp:attachment":[{"href":"https:\/\/www3.santoandre.sp.gov.br\/turismosantoandre\/wp-json\/wp\/v2\/media?parent=32631"}],"curies":[{"name":"wp","href":"https:\/\/api.w.org\/{rel}","templated":true}]}}