{"id":31111,"date":"2025-07-02T11:59:23","date_gmt":"2025-07-02T14:59:23","guid":{"rendered":"https:\/\/www3.santoandre.sp.gov.br\/turismosantoandre\/?page_id=31111"},"modified":"2025-07-03T17:24:08","modified_gmt":"2025-07-03T20:24:08","slug":"plano-diretor-de-turismo-2025-2027","status":"publish","type":"page","link":"https:\/\/www3.santoandre.sp.gov.br\/turismosantoandre\/plano-diretor-de-turismo-2025-2027\/","title":{"rendered":"Plano Diretor de Turismo 2025 \/ 2027"},"content":{"rendered":"\t\t<div data-elementor-type=\"wp-post\" data-elementor-id=\"31111\" class=\"elementor elementor-31111\">\n\t\t\t\t\t\t<div class=\"elementor-inner\">\n\t\t\t\t<div class=\"elementor-section-wrap\">\n\t\t\t\t\t\t\t\t\t<section class=\"elementor-section elementor-top-section elementor-element elementor-element-82304f8 elementor-section-boxed elementor-section-height-default elementor-section-height-default\" data-id=\"82304f8\" data-element_type=\"section\">\n\t\t\t\t\t\t<div class=\"elementor-container elementor-column-gap-default\">\n\t\t\t\t\t\t\t<div class=\"elementor-row\">\n\t\t\t\t\t<div class=\"elementor-column elementor-col-100 elementor-top-column elementor-element elementor-element-35e49e9\" data-id=\"35e49e9\" data-element_type=\"column\">\n\t\t\t<div class=\"elementor-column-wrap elementor-element-populated\">\n\t\t\t\t\t\t\t<div class=\"elementor-widget-wrap\">\n\t\t\t\t\t\t<div class=\"elementor-element elementor-element-74336f8 elementor-widget elementor-widget-image\" data-id=\"74336f8\" data-element_type=\"widget\" data-widget_type=\"image.default\">\n\t\t\t\t<div class=\"elementor-widget-container\">\n\t\t\t\t\t\t\t\t<div class=\"elementor-image\">\n\t\t\t\t\t\t\t\t\t\t\t\t<img width=\"1530\" height=\"440\" src=\"https:\/\/www3.santoandre.sp.gov.br\/turismosantoandre\/wp-content\/uploads\/2025\/07\/Topo-PDT1.jpg\" class=\"attachment-full size-full\" alt=\"\" loading=\"lazy\" srcset=\"https:\/\/www3.santoandre.sp.gov.br\/turismosantoandre\/wp-content\/uploads\/2025\/07\/Topo-PDT1.jpg 1530w, https:\/\/www3.santoandre.sp.gov.br\/turismosantoandre\/wp-content\/uploads\/2025\/07\/Topo-PDT1-300x86.jpg 300w, https:\/\/www3.santoandre.sp.gov.br\/turismosantoandre\/wp-content\/uploads\/2025\/07\/Topo-PDT1-1024x294.jpg 1024w, https:\/\/www3.santoandre.sp.gov.br\/turismosantoandre\/wp-content\/uploads\/2025\/07\/Topo-PDT1-768x221.jpg 768w\" sizes=\"(max-width: 1530px) 100vw, 1530px\" \/>\t\t\t\t\t\t\t\t\t\t\t\t\t\t<\/div>\n\t\t\t\t\t\t<\/div>\n\t\t\t\t<\/div>\n\t\t\t\t\t\t<\/div>\n\t\t\t\t\t<\/div>\n\t\t<\/div>\n\t\t\t\t\t\t\t\t<\/div>\n\t\t\t\t\t<\/div>\n\t\t<\/section>\n\t\t\t\t<section class=\"elementor-section elementor-top-section elementor-element elementor-element-3443c3b7 elementor-section-boxed elementor-section-height-default elementor-section-height-default\" data-id=\"3443c3b7\" data-element_type=\"section\">\n\t\t\t\t\t\t<div class=\"elementor-container elementor-column-gap-default\">\n\t\t\t\t\t\t\t<div class=\"elementor-row\">\n\t\t\t\t\t<div class=\"elementor-column elementor-col-100 elementor-top-column elementor-element elementor-element-279f518c\" data-id=\"279f518c\" data-element_type=\"column\">\n\t\t\t<div class=\"elementor-column-wrap elementor-element-populated\">\n\t\t\t\t\t\t\t<div class=\"elementor-widget-wrap\">\n\t\t\t\t\t\t<div class=\"elementor-element elementor-element-18e565c4 elementor-widget elementor-widget-text-editor\" data-id=\"18e565c4\" data-element_type=\"widget\" data-widget_type=\"text-editor.default\">\n\t\t\t\t<div class=\"elementor-widget-container\">\n\t\t\t\t\t\t\t\t<div class=\"elementor-text-editor elementor-clearfix\">\n\t\t\t\t<p>Em 2024, foi realizada a segunda Revis\u00e3o do Plano Diretor Municipal de Turismo de Santo Andr\u00e9, que contou com a participa\u00e7\u00e3o do poder p\u00fablico, que organizou estudos e pesquisas no setor, desenvolvidas no munic\u00edpio ao longo dos \u00faltimos anos. Contou tamb\u00e9m com a participa\u00e7\u00e3o do Conselho Municipal de Turismo e da sociedade civil atrav\u00e9s de audi\u00eancia p\u00fablica e de consulta atrav\u00e9s da plataforma Colab. O\u00a0 Plano usou dados do Invent\u00e1rio Tur\u00edstico realizado em parceria com o Centro Paula Souza, e uma vers\u00e3o anterior elaborada tamb\u00e9m atrav\u00e9s do Cons\u00f3rcio, pela consultoria Ruschmann. O Invent\u00e1rio foi atualizado pela equipe da Ger\u00eancia de Turismo em 2024.<\/p><p>Al\u00e9m de adequar o munic\u00edpio de Santo Andr\u00e9 aos par\u00e2metros necess\u00e1rios para pleitear a classifica\u00e7\u00e3o de Munic\u00edpio de Interesse Tur\u00edstico (MIT), conforme Lei Estadual Complementar n\u00ba 1.261 de 2015, tamb\u00e9m refor\u00e7a as condi\u00e7\u00f5es do munic\u00edpio a esta classifica\u00e7\u00e3o estadual, a qual habilita o munic\u00edpio a obter recursos para investimento na atividade tur\u00edstica, atrav\u00e9s da apresenta\u00e7\u00e3o de projetos.<\/p><p>\u00c9 importante lembrar que o turismo, hoje, \u00e9 uma das atividades econ\u00f4micas que mais cresce e promove o desenvolvimento da economia local, gerando empregos e novos investimentos.<\/p><p><a href=\"https:\/\/www3.santoandre.sp.gov.br\/turismosantoandre\/wp-content\/uploads\/2025\/07\/Lei-10.857_2025-Plano-Diretor-de-Turismo.pdf\"><strong>Lei n\u00ba 10.857, de 02 de julho de 2025<\/strong><\/a><\/p><p><strong><a href=\"https:\/\/www3.santoandre.sp.gov.br\/turismosantoandre\/wp-content\/uploads\/2025\/07\/Anexo-Unico-Segunda-Revisao-do-Plano-Diretor-de-Turismo-de-Santo-Andre.pdf\">Anexo \u00danico &#8211; Revis\u00e3o do Plano Diretor de Turismo de Santo Andr\u00e9 &#8211; 2025 \/ 2027<\/a><\/strong><\/p><p><a href=\"https:\/\/www3.santoandre.sp.gov.br\/turismosantoandre\/wp-content\/uploads\/2025\/07\/Anexo-I-Inventario-da-Oferta-Turistica-de-Santo-Andre-2024.pdf\"><strong>Anexo I &#8211; Invent\u00e1rio da Oferta Tur\u00edstica de Santo Andr\u00e9 2024<\/strong><\/a><\/p><p><a href=\"https:\/\/www3.santoandre.sp.gov.br\/turismosantoandre\/wp-content\/uploads\/2025\/07\/Anexo-II-Estudo-de-Demanda-Santo-Andre-2022.pdf\"><strong>Anexo II &#8211; Estudo-de-Demanda-Santo-Andre-2022<\/strong><\/a><\/p><p><strong><a href=\"https:\/\/www3.santoandre.sp.gov.br\/turismosantoandre\/wp-content\/uploads\/2025\/07\/Anexo-III-Resultado-Consulta-Publica-COLAB.pdf\">Anexo-III-Resultado-Consulta-Publica-COLAB<\/a><\/strong><\/p><p><strong>Informa\u00e7\u00f5es:\u00a0<\/strong><\/p><p><strong>Email:<\/strong><strong><a href=\"mailto:turismo@santoandre.sp.gov.br\"> turismo@santoandre.sp.gov.br<\/a><\/strong><\/p><p><strong>Telefones: <a href=\"tel:551144330752\">(11) 4433-0752 \u00a0<\/a><a href=\"tel:551144330198\">(11) 4433-0198<\/a><\/strong><\/p><p><strong>Ger\u00eancia de Turismo<\/strong><\/p><p><em>tags: turismo, plano diretor municipal, santo andr\u00e9, munic\u00edpio de interesse tur\u00edstico, mit, desenvolvimento tur\u00edstico, portal de turismo<\/em><\/p>\t\t\t\t\t<\/div>\n\t\t\t\t\t\t<\/div>\n\t\t\t\t<\/div>\n\t\t\t\t\t\t<\/div>\n\t\t\t\t\t<\/div>\n\t\t<\/div>\n\t\t\t\t\t\t\t\t<\/div>\n\t\t\t\t\t<\/div>\n\t\t<\/section>\n\t\t\t\t\t\t\t\t\t<\/div>\n\t\t\t<\/div>\n\t\t\t\t\t<\/div>\n\t\t","protected":false},"excerpt":{"rendered":"<p>Em 2024, foi realizada a segunda Revis\u00e3o do Plano Diretor Municipal de Turismo de Santo Andr\u00e9, que contou com a participa\u00e7\u00e3o do poder p\u00fablico, que<\/p>\n","protected":false},"author":4,"featured_media":31209,"parent":0,"menu_order":0,"comment_status":"closed","ping_status":"closed","template":"","meta":{"spay_email":""},"uagb_featured_image_src":{"full":["https:\/\/www3.santoandre.sp.gov.br\/turismosantoandre\/wp-content\/uploads\/2025\/07\/Topo-PDT1.jpg",1530,440,false],"thumbnail":["https:\/\/www3.santoandre.sp.gov.br\/turismosantoandre\/wp-content\/uploads\/2025\/07\/Topo-PDT1-150x150.jpg",150,150,true],"medium":["https:\/\/www3.santoandre.sp.gov.br\/turismosantoandre\/wp-content\/uploads\/2025\/07\/Topo-PDT1-300x86.jpg",300,86,true],"medium_large":["https:\/\/www3.santoandre.sp.gov.br\/turismosantoandre\/wp-content\/uploads\/2025\/07\/Topo-PDT1-768x221.jpg",768,221,true],"large":["https:\/\/www3.santoandre.sp.gov.br\/turismosantoandre\/wp-content\/uploads\/2025\/07\/Topo-PDT1-1024x294.jpg",783,225,true],"1536x1536":["https:\/\/www3.santoandre.sp.gov.br\/turismosantoandre\/wp-content\/uploads\/2025\/07\/Topo-PDT1.jpg",1530,440,false],"2048x2048":["https:\/\/www3.santoandre.sp.gov.br\/turismosantoandre\/wp-content\/uploads\/2025\/07\/Topo-PDT1.jpg",1530,440,false],"himalayas-featured-post":["https:\/\/www3.santoandre.sp.gov.br\/turismosantoandre\/wp-content\/uploads\/2025\/07\/Topo-PDT1-781x440.jpg",781,440,true],"himalayas-portfolio-image":["https:\/\/www3.santoandre.sp.gov.br\/turismosantoandre\/wp-content\/uploads\/2025\/07\/Topo-PDT1-400x350.jpg",400,350,true],"himalayas-featured-image":["https:\/\/www3.santoandre.sp.gov.br\/turismosantoandre\/wp-content\/uploads\/2025\/07\/Topo-PDT1-319x142.jpg",319,142,true],"himalayas-services":["https:\/\/www3.santoandre.sp.gov.br\/turismosantoandre\/wp-content\/uploads\/2025\/07\/Topo-PDT1-470x280.jpg",470,280,true]},"uagb_author_info":{"display_name":"Rubens Gallino Junior","author_link":"https:\/\/www3.santoandre.sp.gov.br\/turismosantoandre\/author\/rubens\/"},"uagb_comment_info":0,"uagb_excerpt":"Em 2024, foi realizada a segunda Revis\u00e3o do Plano Diretor Municipal de Turismo de Santo Andr\u00e9, que contou com a participa\u00e7\u00e3o do poder p\u00fablico, que","_links":{"self":[{"href":"https:\/\/www3.santoandre.sp.gov.br\/turismosantoandre\/wp-json\/wp\/v2\/pages\/31111"}],"collection":[{"href":"https:\/\/www3.santoandre.sp.gov.br\/turismosantoandre\/wp-json\/wp\/v2\/pages"}],"about":[{"href":"https:\/\/www3.santoandre.sp.gov.br\/turismosantoandre\/wp-json\/wp\/v2\/types\/page"}],"author":[{"embeddable":true,"href":"https:\/\/www3.santoandre.sp.gov.br\/turismosantoandre\/wp-json\/wp\/v2\/users\/4"}],"replies":[{"embeddable":true,"href":"https:\/\/www3.santoandre.sp.gov.br\/turismosantoandre\/wp-json\/wp\/v2\/comments?post=31111"}],"version-history":[{"count":27,"href":"https:\/\/www3.santoandre.sp.gov.br\/turismosantoandre\/wp-json\/wp\/v2\/pages\/31111\/revisions"}],"predecessor-version":[{"id":31300,"href":"https:\/\/www3.santoandre.sp.gov.br\/turismosantoandre\/wp-json\/wp\/v2\/pages\/31111\/revisions\/31300"}],"wp:featuredmedia":[{"embeddable":true,"href":"https:\/\/www3.santoandre.sp.gov.br\/turismosantoandre\/wp-json\/wp\/v2\/media\/31209"}],"wp:attachment":[{"href":"https:\/\/www3.santoandre.sp.gov.br\/turismosantoandre\/wp-json\/wp\/v2\/media?parent=31111"}],"curies":[{"name":"wp","href":"https:\/\/api.w.org\/{rel}","templated":true}]}}