{"id":2425,"date":"2019-09-26T15:42:18","date_gmt":"2019-09-26T18:42:18","guid":{"rendered":"https:\/\/www3.santoandre.sp.gov.br\/turismosantoandre\/?page_id=2425"},"modified":"2022-10-14T14:03:45","modified_gmt":"2022-10-14T17:03:45","slug":"museu-octaviano-gaiarsa","status":"publish","type":"page","link":"https:\/\/www3.santoandre.sp.gov.br\/turismosantoandre\/museu-octaviano-gaiarsa\/","title":{"rendered":"Museu de Santo Andr\u00e9 Dr. Octaviano Armando Gaiarsa"},"content":{"rendered":"\t\t<div data-elementor-type=\"wp-post\" data-elementor-id=\"2425\" class=\"elementor elementor-2425\">\n\t\t\t\t\t\t<div class=\"elementor-inner\">\n\t\t\t\t<div class=\"elementor-section-wrap\">\n\t\t\t\t\t\t\t\t\t<section class=\"elementor-section elementor-top-section elementor-element elementor-element-d74753b elementor-section-boxed elementor-section-height-default elementor-section-height-default\" data-id=\"d74753b\" data-element_type=\"section\">\n\t\t\t\t\t\t<div class=\"elementor-container elementor-column-gap-default\">\n\t\t\t\t\t\t\t<div class=\"elementor-row\">\n\t\t\t\t\t<div class=\"elementor-column elementor-col-100 elementor-top-column elementor-element elementor-element-106f65b\" data-id=\"106f65b\" data-element_type=\"column\">\n\t\t\t<div class=\"elementor-column-wrap elementor-element-populated\">\n\t\t\t\t\t\t\t<div class=\"elementor-widget-wrap\">\n\t\t\t\t\t\t<div class=\"elementor-element elementor-element-e9e5085 elementor-arrows-position-inside elementor-widget elementor-widget-image-carousel\" data-id=\"e9e5085\" data-element_type=\"widget\" data-settings=\"{&quot;slides_to_show&quot;:&quot;1&quot;,&quot;navigation&quot;:&quot;arrows&quot;,&quot;autoplay&quot;:&quot;yes&quot;,&quot;pause_on_hover&quot;:&quot;yes&quot;,&quot;pause_on_interaction&quot;:&quot;yes&quot;,&quot;autoplay_speed&quot;:5000,&quot;infinite&quot;:&quot;yes&quot;,&quot;effect&quot;:&quot;slide&quot;,&quot;speed&quot;:500}\" data-widget_type=\"image-carousel.default\">\n\t\t\t\t<div class=\"elementor-widget-container\">\n\t\t\t\t\t<div class=\"elementor-image-carousel-wrapper swiper-container\" dir=\"ltr\">\n\t\t\t<div class=\"elementor-image-carousel swiper-wrapper\">\n\t\t\t\t\t\t\t\t<div class=\"swiper-slide\"><figure class=\"swiper-slide-inner\"><img class=\"swiper-slide-image\" src=\"https:\/\/www3.santoandre.sp.gov.br\/turismosantoandre\/wp-content\/uploads\/2020\/06\/48953813061_fd43b0909c_k-768x510.jpg\" alt=\"48953813061_fd43b0909c_k\" \/><\/figure><\/div><div class=\"swiper-slide\"><figure class=\"swiper-slide-inner\"><img class=\"swiper-slide-image\" src=\"https:\/\/www3.santoandre.sp.gov.br\/turismosantoandre\/wp-content\/uploads\/2019\/10\/museu-768x500.jpg\" alt=\"museu\" \/><\/figure><\/div>\t\t\t<\/div>\n\t\t\t\t\t\t\t\t\t\t\t\t\t\t\t\t<div class=\"elementor-swiper-button elementor-swiper-button-prev\">\n\t\t\t\t\t\t<i aria-hidden=\"true\" class=\"eicon-chevron-left\"><\/i>\t\t\t\t\t\t<span class=\"elementor-screen-only\">Anterior<\/span>\n\t\t\t\t\t<\/div>\n\t\t\t\t\t<div class=\"elementor-swiper-button elementor-swiper-button-next\">\n\t\t\t\t\t\t<i aria-hidden=\"true\" class=\"eicon-chevron-right\"><\/i>\t\t\t\t\t\t<span class=\"elementor-screen-only\">Pr\u00f3ximo<\/span>\n\t\t\t\t\t<\/div>\n\t\t\t\t\t\t\t\t\t<\/div>\n\t\t\t\t<\/div>\n\t\t\t\t<\/div>\n\t\t\t\t\t\t<\/div>\n\t\t\t\t\t<\/div>\n\t\t<\/div>\n\t\t\t\t\t\t\t\t<\/div>\n\t\t\t\t\t<\/div>\n\t\t<\/section>\n\t\t\t\t<section class=\"elementor-section elementor-top-section elementor-element elementor-element-ace4a84 elementor-section-boxed elementor-section-height-default elementor-section-height-default\" data-id=\"ace4a84\" data-element_type=\"section\">\n\t\t\t\t\t\t<div class=\"elementor-container elementor-column-gap-default\">\n\t\t\t\t\t\t\t<div class=\"elementor-row\">\n\t\t\t\t\t<div class=\"elementor-column elementor-col-100 elementor-top-column elementor-element elementor-element-0446511\" data-id=\"0446511\" data-element_type=\"column\">\n\t\t\t<div class=\"elementor-column-wrap elementor-element-populated\">\n\t\t\t\t\t\t\t<div class=\"elementor-widget-wrap\">\n\t\t\t\t\t\t<div class=\"elementor-element elementor-element-c08b8cd elementor-widget elementor-widget-text-editor\" data-id=\"c08b8cd\" data-element_type=\"widget\" data-widget_type=\"text-editor.default\">\n\t\t\t\t<div class=\"elementor-widget-container\">\n\t\t\t\t\t\t\t\t<div class=\"elementor-text-editor elementor-clearfix\">\n\t\t\t\t<p>O Museu de Santo Andr\u00e9 apresenta aos seus visitantes a mem\u00f3ria e a hist\u00f3ria da cidade e regi\u00e3o por meio de um acervo composto por aproximadamente 70 mil itens. As exposi\u00e7\u00f5es e demais a\u00e7\u00f5es de difus\u00e3o tratam das transforma\u00e7\u00f5es que foram se delineando na cidade, seja no aspecto urbano, social, econ\u00f4mico, pol\u00edtico ou cultural.<\/p><p>A pol\u00edtica cultural do Museu de Santo Andr\u00e9 tem sete objetivos principais:<\/p><ul><li>ser um espa\u00e7o din\u00e2mico, que valoriza o ser humano, sua produ\u00e7\u00e3o e Atividades abertas ao p\u00fablico s\u00e3o constantes sua cultura dentro do contexto social da comunidade em que se encontra inserido;<\/li><li>estabelecer di\u00e1logo com a sociedade e os visitantes por meio de exposi\u00e7\u00f5es, publica\u00e7\u00f5es e a\u00e7\u00f5es educativas e culturais;<\/li><li>ser um espa\u00e7o cultural onde a refer\u00eancia \u00e9 o tempo presente. Os acontecimentos passados s\u00e3o referenciais para o entendimento da atualidade;<\/li><li>ser catalisador de bens culturais da cidade por meio da coleta, pesquisa, sele\u00e7\u00e3o, conserva\u00e7\u00e3o e divulga\u00e7\u00e3o desses bens;<\/li><li>fomentar atividades de valoriza\u00e7\u00e3o do patrim\u00f4nio cultural de Santo Andr\u00e9, sejam elas iniciativas do poder p\u00fablico ou da sociedade civil. Suas formas podem ser parcerias, coopera\u00e7\u00f5es, cursos ou palestras;<\/li><li>realizar pesquisas, selecionando e conservando suas fontes e divulgando os resultados por meio de exposi\u00e7\u00f5es, palestras, cat\u00e1logos, livros ou outros meios de acesso ao p\u00fablico;<\/li><li>criar estrat\u00e9gias de forma\u00e7\u00e3o de pessoas e divulga\u00e7\u00e3o de temas associados a sua \u00e1rea de atua\u00e7\u00e3o, visando o desenvolvimento do conhecimento sobre a hist\u00f3ria e mem\u00f3ria da cidade.<\/li><li>Biblioteca \u00e9 aberta para consulta dos interessados<\/li><\/ul><p>Para tanto, o Museu dedica-se a cinco linhas b\u00e1sicas de atua\u00e7\u00e3o: exposi\u00e7\u00f5es, a\u00e7\u00e3o educativa e cultural, biblioteca, sala especial e servi\u00e7o de capta\u00e7\u00e3o de doa\u00e7\u00f5es. Esses os trabalhos potencializam o contato com a sociedade.<\/p><p><strong>Hist\u00f3rico<\/strong><\/p><p>O edif\u00edcio que abriga o Museu de Santo Andr\u00e9 faz parte de um conjunto de edifica\u00e7\u00f5es escolares<br \/>constru\u00eddas pelo Governo do Estado de S\u00e3o Paulo na Primeira Rep\u00fablica (1889-1930). O projeto de <strong>Jos\u00e9\u00a0Van Humbeck<\/strong> com a fachada de <strong>J.B Maroni<\/strong>, \u00e9 da tipologia Mogy Guassu e comum em Grupos Escolares\u00a0em outras cidades do estado como Ituverava, Pereiras, It\u00e1polis, Orlandia, Itatinga e Mogi Gua\u00e7u.<\/p><p>O pr\u00e9dio foi inaugurado em 1914, como Primeiro Grupo Escolar da regi\u00e3o do ABC. A disposi\u00e7\u00e3o das\u00a0salas em forma de U, interligadas por um alpendre, cria um agrad\u00e1vel p\u00e1tio interno.<\/p><p>No decorrer do tempo, a escola ficou pequena para atender ao crescente n\u00famero de alunos o que levou\u00a0a Prefeitura e o Governo a fazer uma permuta em que o munic\u00edpio construiu uma nova edifica\u00e7\u00e3o no\u00a0bairro Casa Branca para abrigar a escola, transferida em 1978. A Prefeitura, por sua vez, assumiu as\u00a0instala\u00e7\u00f5es do antigo Grupo Escolar, que naquele momento passou a ser ocupado pelo Servi\u00e7o de\u00a0Promo\u00e7\u00e3o Social &#8211; PROSSAN.<\/p><p>Em 1990 o Museu de Santo Andr\u00e9 foi transferido para essa edifica\u00e7\u00e3o. Em 1992 o pr\u00e9dio foi<br \/>reconhecido como Patrim\u00f4nio Cultural da cidade pelo Conselho Municipal de Defesa do Patrim\u00f4nio\u00a0Hist\u00f3rico, Art\u00edstico, Arquitet\u00f4nico-Urban\u00edstico e Paisag\u00edstico de Santo Andr\u00e9 \u2013 COMDEPHAAPASA e em\u00a02010, como Patrim\u00f4nio Cultural do Estado de S\u00e3o Paulo pelo Conselho de Defesa do Patrim\u00f4nio\u00a0Hist\u00f3rico Art\u00edstico arqueol\u00f3gico e Tur\u00edstico do Estado de S\u00e3o Paulo &#8211; CONDEPHAAT.<\/p><p>O Museu possui em seu acervo cerca de 70 mil itens relativos \u00e0 mem\u00f3ria de Santo Andr\u00e9, apresentados\u00a0em exposi\u00e7\u00f5es e diversas outras atividades de difus\u00e3o que retratam as\u00a0 transforma\u00e7\u00f5es delineadas na\u00a0cidade no decorrer do tempo, em seu aspecto urbano, social, econ\u00f4mico, pol\u00edtico ou cultural. Assim,\u00a0estabelece rela\u00e7\u00f5es cada vez mais s\u00f3lidas com a sociedade que ele representa, incentivando que esta\u00a0se aproprie deste espa\u00e7o de conhecimento, bem como de sua hist\u00f3ria e de sua Mem\u00f3ria. <em>Fonte: Museu de Santo Andr\u00e9<\/em>.<\/p>\t\t\t\t\t<\/div>\n\t\t\t\t\t\t<\/div>\n\t\t\t\t<\/div>\n\t\t\t\t\t\t<\/div>\n\t\t\t\t\t<\/div>\n\t\t<\/div>\n\t\t\t\t\t\t\t\t<\/div>\n\t\t\t\t\t<\/div>\n\t\t<\/section>\n\t\t\t\t<section class=\"elementor-section elementor-top-section elementor-element elementor-element-f0cd6a4 elementor-section-boxed elementor-section-height-default elementor-section-height-default\" data-id=\"f0cd6a4\" data-element_type=\"section\">\n\t\t\t\t\t\t<div class=\"elementor-container elementor-column-gap-default\">\n\t\t\t\t\t\t\t<div class=\"elementor-row\">\n\t\t\t\t\t<div class=\"elementor-column elementor-col-50 elementor-top-column elementor-element elementor-element-6cc5208\" data-id=\"6cc5208\" data-element_type=\"column\">\n\t\t\t<div class=\"elementor-column-wrap elementor-element-populated\">\n\t\t\t\t\t\t\t<div class=\"elementor-widget-wrap\">\n\t\t\t\t\t\t<div class=\"elementor-element elementor-element-1556a53 elementor-widget elementor-widget-text-editor\" data-id=\"1556a53\" data-element_type=\"widget\" data-widget_type=\"text-editor.default\">\n\t\t\t\t<div class=\"elementor-widget-container\">\n\t\t\t\t\t\t\t\t<div class=\"elementor-text-editor elementor-clearfix\">\n\t\t\t\t<p>Rua Senador Fl\u00e1quer, 470 \u2013 Centro \u2013 Santo Andr\u00e9\u00a0<\/p><p>Estacionamento gratuito para visitantes:\u00a0<br \/>Rua Dona Gertrudes de Lima, 499 &#8211; Centro<\/p><p><span style=\"font-family: Roboto, sans-serif; font-size: 15px; font-style: normal; font-weight: 300;\">Entrada Gratuita\u00a0<\/span><\/p>\t\t\t\t\t<\/div>\n\t\t\t\t\t\t<\/div>\n\t\t\t\t<\/div>\n\t\t\t\t\t\t<\/div>\n\t\t\t\t\t<\/div>\n\t\t<\/div>\n\t\t\t\t<div class=\"elementor-column elementor-col-50 elementor-top-column elementor-element elementor-element-42bf25b\" data-id=\"42bf25b\" data-element_type=\"column\">\n\t\t\t<div class=\"elementor-column-wrap elementor-element-populated\">\n\t\t\t\t\t\t\t<div class=\"elementor-widget-wrap\">\n\t\t\t\t\t\t<div class=\"elementor-element elementor-element-d1fc51e elementor-widget elementor-widget-text-editor\" data-id=\"d1fc51e\" data-element_type=\"widget\" data-widget_type=\"text-editor.default\">\n\t\t\t\t<div class=\"elementor-widget-container\">\n\t\t\t\t\t\t\t\t<div class=\"elementor-text-editor elementor-clearfix\">\n\t\t\t\t<p>Contatos:<\/p><p><a href=\"tel:551144277297\">(11) 4427-7297<\/a> | <a href=\"tel:551144363631\">(11) 4436-3631<\/a><br \/><a href=\"mailto:museu@santoandre.sp.gov.br\"><span style=\"font-size: 15px;\">museu@santoandre.sp.gov.br<\/span><\/a><\/p><p>Funcionamento:<br \/>De 2\u00aa. a 6\u00aa. feira, das 8:30 \u00e0s 16:30 e <br \/>S\u00e1bado das 9:00 \u00e0s 14:30<\/p>\t\t\t\t\t<\/div>\n\t\t\t\t\t\t<\/div>\n\t\t\t\t<\/div>\n\t\t\t\t\t\t<\/div>\n\t\t\t\t\t<\/div>\n\t\t<\/div>\n\t\t\t\t\t\t\t\t<\/div>\n\t\t\t\t\t<\/div>\n\t\t<\/section>\n\t\t\t\t<section class=\"elementor-section elementor-top-section elementor-element elementor-element-fef5477 elementor-section-boxed elementor-section-height-default elementor-section-height-default\" data-id=\"fef5477\" data-element_type=\"section\">\n\t\t\t\t\t\t<div class=\"elementor-container elementor-column-gap-default\">\n\t\t\t\t\t\t\t<div class=\"elementor-row\">\n\t\t\t\t\t<div class=\"elementor-column elementor-col-100 elementor-top-column elementor-element elementor-element-ba873ea\" data-id=\"ba873ea\" data-element_type=\"column\">\n\t\t\t<div class=\"elementor-column-wrap elementor-element-populated\">\n\t\t\t\t\t\t\t<div class=\"elementor-widget-wrap\">\n\t\t\t\t\t\t<div class=\"elementor-element elementor-element-314b80e elementor-widget elementor-widget-google_maps\" data-id=\"314b80e\" data-element_type=\"widget\" data-widget_type=\"google_maps.default\">\n\t\t\t\t<div class=\"elementor-widget-container\">\n\t\t\t\t\t<div class=\"elementor-custom-embed\">\n\t\t\t<iframe frameborder=\"0\" scrolling=\"no\" marginheight=\"0\" marginwidth=\"0\"\n\t\t\t\t\tsrc=\"https:\/\/maps.google.com\/maps?q=Rua%20Senador%20Fl%C3%A1quer%2C%20470%20%E2%80%93%20Centro%20%E2%80%93%20Santo%20Andr%C3%A9&#038;t=m&#038;z=10&#038;output=embed&#038;iwloc=near\"\n\t\t\t\t\ttitle=\"Rua Senador Fl\u00e1quer, 470 \u2013 Centro \u2013 Santo Andr\u00e9\"\n\t\t\t\t\taria-label=\"Rua Senador Fl\u00e1quer, 470 \u2013 Centro \u2013 Santo Andr\u00e9\"\n\t\t\t><\/iframe>\n\t\t<\/div>\n\t\t\t\t<\/div>\n\t\t\t\t<\/div>\n\t\t\t\t\t\t<\/div>\n\t\t\t\t\t<\/div>\n\t\t<\/div>\n\t\t\t\t\t\t\t\t<\/div>\n\t\t\t\t\t<\/div>\n\t\t<\/section>\n\t\t\t\t<section class=\"elementor-section elementor-top-section elementor-element elementor-element-98802b5 elementor-section-boxed elementor-section-height-default elementor-section-height-default\" data-id=\"98802b5\" data-element_type=\"section\">\n\t\t\t\t\t\t<div class=\"elementor-container elementor-column-gap-default\">\n\t\t\t\t\t\t\t<div class=\"elementor-row\">\n\t\t\t\t\t<div class=\"elementor-column elementor-col-100 elementor-top-column elementor-element elementor-element-cf7ea02\" data-id=\"cf7ea02\" data-element_type=\"column\">\n\t\t\t<div class=\"elementor-column-wrap elementor-element-populated\">\n\t\t\t\t\t\t\t<div class=\"elementor-widget-wrap\">\n\t\t\t\t\t\t<div class=\"elementor-element elementor-element-b5bdc2e elementor-widget elementor-widget-text-editor\" data-id=\"b5bdc2e\" data-element_type=\"widget\" data-widget_type=\"text-editor.default\">\n\t\t\t\t<div class=\"elementor-widget-container\">\n\t\t\t\t\t\t\t\t<div class=\"elementor-text-editor elementor-clearfix\">\n\t\t\t\t<p><span style=\"font-size: 15px;\">Para saber mais sobre roteiros tur\u00edsticos, <\/span><a style=\"font-size: 15px;\" href=\"https:\/\/www3.santoandre.sp.gov.br\/turismosantoandre\/?page_id=413\">clique aqui<\/a><span style=\"font-size: 15px;\">.<\/span><\/p><p><em>tags: turismo, atrativo tur\u00edstico, santo andr\u00e9, atividade tur\u00edstica, abctur, rota tur\u00edstica<\/em><\/p>\t\t\t\t\t<\/div>\n\t\t\t\t\t\t<\/div>\n\t\t\t\t<\/div>\n\t\t\t\t\t\t<\/div>\n\t\t\t\t\t<\/div>\n\t\t<\/div>\n\t\t\t\t\t\t\t\t<\/div>\n\t\t\t\t\t<\/div>\n\t\t<\/section>\n\t\t\t\t\t\t\t\t\t<\/div>\n\t\t\t<\/div>\n\t\t\t\t\t<\/div>\n\t\t","protected":false},"excerpt":{"rendered":"<p>Anterior Pr\u00f3ximo O Museu de Santo Andr\u00e9 apresenta aos seus visitantes a mem\u00f3ria e a hist\u00f3ria da cidade e regi\u00e3o por meio de um acervo<\/p>\n","protected":false},"author":11,"featured_media":5265,"parent":0,"menu_order":0,"comment_status":"closed","ping_status":"closed","template":"","meta":{"spay_email":""},"uagb_featured_image_src":{"full":["https:\/\/www3.santoandre.sp.gov.br\/turismosantoandre\/wp-content\/uploads\/2020\/06\/48953813061_fd43b0909c_k.jpg",2048,1361,false],"thumbnail":["https:\/\/www3.santoandre.sp.gov.br\/turismosantoandre\/wp-content\/uploads\/2020\/06\/48953813061_fd43b0909c_k-150x150.jpg",150,150,true],"medium":["https:\/\/www3.santoandre.sp.gov.br\/turismosantoandre\/wp-content\/uploads\/2020\/06\/48953813061_fd43b0909c_k-300x199.jpg",300,199,true],"medium_large":["https:\/\/www3.santoandre.sp.gov.br\/turismosantoandre\/wp-content\/uploads\/2020\/06\/48953813061_fd43b0909c_k-768x510.jpg",768,510,true],"large":["https:\/\/www3.santoandre.sp.gov.br\/turismosantoandre\/wp-content\/uploads\/2020\/06\/48953813061_fd43b0909c_k-1024x681.jpg",783,521,true],"1536x1536":["https:\/\/www3.santoandre.sp.gov.br\/turismosantoandre\/wp-content\/uploads\/2020\/06\/48953813061_fd43b0909c_k.jpg",1536,1021,false],"2048x2048":["https:\/\/www3.santoandre.sp.gov.br\/turismosantoandre\/wp-content\/uploads\/2020\/06\/48953813061_fd43b0909c_k.jpg",2048,1361,false],"himalayas-featured-post":["https:\/\/www3.santoandre.sp.gov.br\/turismosantoandre\/wp-content\/uploads\/2020\/06\/48953813061_fd43b0909c_k-781x512.jpg",781,512,true],"himalayas-portfolio-image":["https:\/\/www3.santoandre.sp.gov.br\/turismosantoandre\/wp-content\/uploads\/2020\/06\/48953813061_fd43b0909c_k-400x350.jpg",400,350,true],"himalayas-featured-image":["https:\/\/www3.santoandre.sp.gov.br\/turismosantoandre\/wp-content\/uploads\/2020\/06\/48953813061_fd43b0909c_k-319x142.jpg",319,142,true],"himalayas-services":["https:\/\/www3.santoandre.sp.gov.br\/turismosantoandre\/wp-content\/uploads\/2020\/06\/48953813061_fd43b0909c_k-470x280.jpg",470,280,true]},"uagb_author_info":{"display_name":"Turismo Santo Andr\u00e9","author_link":"https:\/\/www3.santoandre.sp.gov.br\/turismosantoandre\/author\/turismo-santo-andre\/"},"uagb_comment_info":0,"uagb_excerpt":"Anterior Pr\u00f3ximo O Museu de Santo Andr\u00e9 apresenta aos seus visitantes a mem\u00f3ria e a hist\u00f3ria da cidade e regi\u00e3o por meio de um acervo","_links":{"self":[{"href":"https:\/\/www3.santoandre.sp.gov.br\/turismosantoandre\/wp-json\/wp\/v2\/pages\/2425"}],"collection":[{"href":"https:\/\/www3.santoandre.sp.gov.br\/turismosantoandre\/wp-json\/wp\/v2\/pages"}],"about":[{"href":"https:\/\/www3.santoandre.sp.gov.br\/turismosantoandre\/wp-json\/wp\/v2\/types\/page"}],"author":[{"embeddable":true,"href":"https:\/\/www3.santoandre.sp.gov.br\/turismosantoandre\/wp-json\/wp\/v2\/users\/11"}],"replies":[{"embeddable":true,"href":"https:\/\/www3.santoandre.sp.gov.br\/turismosantoandre\/wp-json\/wp\/v2\/comments?post=2425"}],"version-history":[{"count":34,"href":"https:\/\/www3.santoandre.sp.gov.br\/turismosantoandre\/wp-json\/wp\/v2\/pages\/2425\/revisions"}],"predecessor-version":[{"id":14173,"href":"https:\/\/www3.santoandre.sp.gov.br\/turismosantoandre\/wp-json\/wp\/v2\/pages\/2425\/revisions\/14173"}],"wp:featuredmedia":[{"embeddable":true,"href":"https:\/\/www3.santoandre.sp.gov.br\/turismosantoandre\/wp-json\/wp\/v2\/media\/5265"}],"wp:attachment":[{"href":"https:\/\/www3.santoandre.sp.gov.br\/turismosantoandre\/wp-json\/wp\/v2\/media?parent=2425"}],"curies":[{"name":"wp","href":"https:\/\/api.w.org\/{rel}","templated":true}]}}