{"id":23883,"date":"2024-06-11T17:33:28","date_gmt":"2024-06-11T20:33:28","guid":{"rendered":"https:\/\/www3.santoandre.sp.gov.br\/turismosantoandre\/?page_id=23883"},"modified":"2024-06-11T17:36:24","modified_gmt":"2024-06-11T20:36:24","slug":"parque-dr-sergio-cyrino-da-silva","status":"publish","type":"page","link":"https:\/\/www3.santoandre.sp.gov.br\/turismosantoandre\/parque-dr-sergio-cyrino-da-silva\/","title":{"rendered":"Parque Dr. S\u00e9rgio Cyrino da Silva"},"content":{"rendered":"\t\t<div data-elementor-type=\"wp-post\" data-elementor-id=\"23883\" class=\"elementor elementor-23883\">\n\t\t\t\t\t\t<div class=\"elementor-inner\">\n\t\t\t\t<div class=\"elementor-section-wrap\">\n\t\t\t\t\t\t\t\t\t<section class=\"elementor-section elementor-top-section elementor-element elementor-element-d880937 elementor-section-boxed elementor-section-height-default elementor-section-height-default\" data-id=\"d880937\" data-element_type=\"section\">\n\t\t\t\t\t\t<div class=\"elementor-container elementor-column-gap-default\">\n\t\t\t\t\t\t\t<div class=\"elementor-row\">\n\t\t\t\t\t<div class=\"elementor-column elementor-col-100 elementor-top-column elementor-element elementor-element-ffdfe07\" data-id=\"ffdfe07\" data-element_type=\"column\">\n\t\t\t<div class=\"elementor-column-wrap elementor-element-populated\">\n\t\t\t\t\t\t\t<div class=\"elementor-widget-wrap\">\n\t\t\t\t\t\t<div class=\"elementor-element elementor-element-6d7be49 elementor-arrows-position-inside elementor-widget elementor-widget-image-carousel\" data-id=\"6d7be49\" data-element_type=\"widget\" data-settings=\"{&quot;slides_to_show&quot;:&quot;2&quot;,&quot;navigation&quot;:&quot;arrows&quot;,&quot;autoplay&quot;:&quot;yes&quot;,&quot;pause_on_hover&quot;:&quot;yes&quot;,&quot;pause_on_interaction&quot;:&quot;yes&quot;,&quot;autoplay_speed&quot;:5000,&quot;infinite&quot;:&quot;yes&quot;,&quot;speed&quot;:500,&quot;image_spacing_custom&quot;:{&quot;unit&quot;:&quot;px&quot;,&quot;size&quot;:20,&quot;sizes&quot;:[]}}\" data-widget_type=\"image-carousel.default\">\n\t\t\t\t<div class=\"elementor-widget-container\">\n\t\t\t\t\t<div class=\"elementor-image-carousel-wrapper swiper-container\" dir=\"ltr\">\n\t\t\t<div class=\"elementor-image-carousel swiper-wrapper swiper-image-stretch\">\n\t\t\t\t\t\t\t\t<div class=\"swiper-slide\"><figure class=\"swiper-slide-inner\"><img class=\"swiper-slide-image\" src=\"https:\/\/www3.santoandre.sp.gov.br\/turismosantoandre\/wp-content\/uploads\/2024\/06\/WhatsApp-Image-2024-06-11-at-13.53.37-1-768x512.jpeg\" alt=\"WhatsApp Image 2024-06-11 at 13.53.37\" \/><\/figure><\/div><div class=\"swiper-slide\"><figure class=\"swiper-slide-inner\"><img class=\"swiper-slide-image\" src=\"https:\/\/www3.santoandre.sp.gov.br\/turismosantoandre\/wp-content\/uploads\/2024\/06\/WhatsApp-Image-2024-06-11-at-13.53.35-1-768x512.jpeg\" alt=\"WhatsApp Image 2024-06-11 at 13.53.35 (1)\" \/><\/figure><\/div><div class=\"swiper-slide\"><figure class=\"swiper-slide-inner\"><img class=\"swiper-slide-image\" src=\"https:\/\/www3.santoandre.sp.gov.br\/turismosantoandre\/wp-content\/uploads\/2024\/06\/WhatsApp-Image-2024-06-11-at-13.53.35-768x512.jpeg\" alt=\"WhatsApp Image 2024-06-11 at 13.53.35\" \/><\/figure><\/div><div class=\"swiper-slide\"><figure class=\"swiper-slide-inner\"><img class=\"swiper-slide-image\" src=\"https:\/\/www3.santoandre.sp.gov.br\/turismosantoandre\/wp-content\/uploads\/2024\/06\/WhatsApp-Image-2024-06-11-at-13.53.36-1-768x512.jpeg\" alt=\"WhatsApp Image 2024-06-11 at 13.53.36 (1)\" \/><\/figure><\/div><div class=\"swiper-slide\"><figure class=\"swiper-slide-inner\"><img class=\"swiper-slide-image\" src=\"https:\/\/www3.santoandre.sp.gov.br\/turismosantoandre\/wp-content\/uploads\/2024\/06\/WhatsApp-Image-2024-06-11-at-13.53.39-768x512.jpeg\" alt=\"WhatsApp Image 2024-06-11 at 13.53.39\" \/><\/figure><\/div>\t\t\t<\/div>\n\t\t\t\t\t\t\t\t\t\t\t\t\t\t\t\t<div class=\"elementor-swiper-button elementor-swiper-button-prev\">\n\t\t\t\t\t\t<i aria-hidden=\"true\" class=\"eicon-chevron-left\"><\/i>\t\t\t\t\t\t<span class=\"elementor-screen-only\">Anterior<\/span>\n\t\t\t\t\t<\/div>\n\t\t\t\t\t<div class=\"elementor-swiper-button elementor-swiper-button-next\">\n\t\t\t\t\t\t<i aria-hidden=\"true\" class=\"eicon-chevron-right\"><\/i>\t\t\t\t\t\t<span class=\"elementor-screen-only\">Pr\u00f3ximo<\/span>\n\t\t\t\t\t<\/div>\n\t\t\t\t\t\t\t\t\t<\/div>\n\t\t\t\t<\/div>\n\t\t\t\t<\/div>\n\t\t\t\t\t\t<\/div>\n\t\t\t\t\t<\/div>\n\t\t<\/div>\n\t\t\t\t\t\t\t\t<\/div>\n\t\t\t\t\t<\/div>\n\t\t<\/section>\n\t\t\t\t<section class=\"elementor-section elementor-top-section elementor-element elementor-element-0bedbdd elementor-section-boxed elementor-section-height-default elementor-section-height-default\" data-id=\"0bedbdd\" data-element_type=\"section\">\n\t\t\t\t\t\t<div class=\"elementor-container elementor-column-gap-default\">\n\t\t\t\t\t\t\t<div class=\"elementor-row\">\n\t\t\t\t\t<div class=\"elementor-column elementor-col-100 elementor-top-column elementor-element elementor-element-ef40c71\" data-id=\"ef40c71\" data-element_type=\"column\">\n\t\t\t<div class=\"elementor-column-wrap elementor-element-populated\">\n\t\t\t\t\t\t\t<div class=\"elementor-widget-wrap\">\n\t\t\t\t\t\t<div class=\"elementor-element elementor-element-96ad16c elementor-widget elementor-widget-text-editor\" data-id=\"96ad16c\" data-element_type=\"widget\" data-widget_type=\"text-editor.default\">\n\t\t\t\t<div class=\"elementor-widget-container\">\n\t\t\t\t\t\t\t\t<div class=\"elementor-text-editor elementor-clearfix\">\n\t\t\t\t<p>A Pra\u00e7a Dr. S\u00e9rgio Cyrino da Silva teve a denomina\u00e7\u00e3o alterada para Parque Dr. S\u00e9rgio Cyrino da Silva atrav\u00e9s do processo n\u00ba 28.917\/2016, de 19 de dezembro de 2016. Possui uma \u00e1rea total de 194.50 m\u00b2.<br \/>O Parque conta com:<\/p><ul><li>Academia ao ar livre<\/li><li>Playground<\/li><li>Tirolesa<\/li><li>Campo de malha<\/li><li>Quadra Poliesportiva<\/li><li>Pista de caminhada<\/li><li>\u00c1rea de alongamento<\/li><li>\u00c1rea de alongamento do idoso<\/li><li>Sanit\u00e1rios p\u00fablicos<\/li><li>Administra\u00e7\u00e3o<\/li><li>Red\u00e1rio<\/li><li>Pista de skate de quase mil m\u00b2<\/li><\/ul>\t\t\t\t\t<\/div>\n\t\t\t\t\t\t<\/div>\n\t\t\t\t<\/div>\n\t\t\t\t\t\t<\/div>\n\t\t\t\t\t<\/div>\n\t\t<\/div>\n\t\t\t\t\t\t\t\t<\/div>\n\t\t\t\t\t<\/div>\n\t\t<\/section>\n\t\t\t\t<section class=\"elementor-section elementor-top-section elementor-element elementor-element-855f1f3 elementor-section-boxed elementor-section-height-default elementor-section-height-default\" data-id=\"855f1f3\" data-element_type=\"section\">\n\t\t\t\t\t\t<div class=\"elementor-container elementor-column-gap-default\">\n\t\t\t\t\t\t\t<div class=\"elementor-row\">\n\t\t\t\t\t<div class=\"elementor-column elementor-col-50 elementor-top-column elementor-element elementor-element-683fc11\" data-id=\"683fc11\" data-element_type=\"column\">\n\t\t\t<div class=\"elementor-column-wrap elementor-element-populated\">\n\t\t\t\t\t\t\t<div class=\"elementor-widget-wrap\">\n\t\t\t\t\t\t<div class=\"elementor-element elementor-element-f3a37e3 elementor-widget elementor-widget-google_maps\" data-id=\"f3a37e3\" data-element_type=\"widget\" data-widget_type=\"google_maps.default\">\n\t\t\t\t<div class=\"elementor-widget-container\">\n\t\t\t\t\t<div class=\"elementor-custom-embed\">\n\t\t\t<iframe frameborder=\"0\" scrolling=\"no\" marginheight=\"0\" marginwidth=\"0\"\n\t\t\t\t\tsrc=\"https:\/\/maps.google.com\/maps?q=Av.%20Atl%C3%A2ntica%20-%20Vila%20Valparaiso%2C%20Santo%20Andr%C3%A9%20-%20SP%2C%2009060-180&#038;t=m&#038;z=16&#038;output=embed&#038;iwloc=near\"\n\t\t\t\t\ttitle=\"Av. Atl\u00e2ntica - Vila Valparaiso, Santo Andr\u00e9 - SP, 09060-180\"\n\t\t\t\t\taria-label=\"Av. Atl\u00e2ntica - Vila Valparaiso, Santo Andr\u00e9 - SP, 09060-180\"\n\t\t\t><\/iframe>\n\t\t<\/div>\n\t\t\t\t<\/div>\n\t\t\t\t<\/div>\n\t\t\t\t\t\t<\/div>\n\t\t\t\t\t<\/div>\n\t\t<\/div>\n\t\t\t\t<div class=\"elementor-column elementor-col-50 elementor-top-column elementor-element elementor-element-70fa342\" data-id=\"70fa342\" data-element_type=\"column\">\n\t\t\t<div class=\"elementor-column-wrap elementor-element-populated\">\n\t\t\t\t\t\t\t<div class=\"elementor-widget-wrap\">\n\t\t\t\t\t\t<div class=\"elementor-element elementor-element-1e66e83 elementor-widget elementor-widget-text-editor\" data-id=\"1e66e83\" data-element_type=\"widget\" data-widget_type=\"text-editor.default\">\n\t\t\t\t<div class=\"elementor-widget-container\">\n\t\t\t\t\t\t\t\t<div class=\"elementor-text-editor elementor-clearfix\">\n\t\t\t\t<p><strong>Endere\u00e7o:<\/strong> Avenida Atl\u00e2ntica \u2013 Vila Valpara\u00edso<br \/><strong><span style=\"font-size: 15px;\">Hor\u00e1rio de Funcionamento: <\/span><\/strong><span style=\"font-size: 15px;\">das 6h \u00e0s 21h<br \/><\/span><\/p><p><span style=\"font-size: 15px;\">Tel: <strong><a href=\"tel:551144331956\">(11) 4433-1956<\/a><br \/><\/strong><\/span>Email: <strong><a href=\"mailto:parquesdesantoandre@santoandre.sp.gov.br\">parquesdesantoandre@santoandre.sp.gov.br<\/a><\/strong><\/p>\t\t\t\t\t<\/div>\n\t\t\t\t\t\t<\/div>\n\t\t\t\t<\/div>\n\t\t\t\t\t\t<\/div>\n\t\t\t\t\t<\/div>\n\t\t<\/div>\n\t\t\t\t\t\t\t\t<\/div>\n\t\t\t\t\t<\/div>\n\t\t<\/section>\n\t\t\t\t<section class=\"elementor-section elementor-top-section elementor-element elementor-element-135a1c9 elementor-section-boxed elementor-section-height-default elementor-section-height-default\" data-id=\"135a1c9\" data-element_type=\"section\">\n\t\t\t\t\t\t<div class=\"elementor-container elementor-column-gap-default\">\n\t\t\t\t\t\t\t<div class=\"elementor-row\">\n\t\t\t\t\t<div class=\"elementor-column elementor-col-100 elementor-top-column elementor-element elementor-element-5beeca3\" data-id=\"5beeca3\" data-element_type=\"column\">\n\t\t\t<div class=\"elementor-column-wrap elementor-element-populated\">\n\t\t\t\t\t\t\t<div class=\"elementor-widget-wrap\">\n\t\t\t\t\t\t<div class=\"elementor-element elementor-element-a1d3d2b elementor-widget elementor-widget-text-editor\" data-id=\"a1d3d2b\" data-element_type=\"widget\" data-widget_type=\"text-editor.default\">\n\t\t\t\t<div class=\"elementor-widget-container\">\n\t\t\t\t\t\t\t\t<div class=\"elementor-text-editor elementor-clearfix\">\n\t\t\t\t<p><strong> Linhas de \u00f4nibus Intermunicipais:<\/strong><\/p><p>&#8211; 151 \u2013 Jardim Cambu\u00ed\/S\u00e3o Paulo (F\u00e1brica Trol)<br \/>&#8211; 432 \u2013 Terminal Metropolitano Santo Andr\u00e9 Leste\/S\u00e3o Bernardo (Tabo\u00e3o)<\/p>\t\t\t\t\t<\/div>\n\t\t\t\t\t\t<\/div>\n\t\t\t\t<\/div>\n\t\t\t\t\t\t<\/div>\n\t\t\t\t\t<\/div>\n\t\t<\/div>\n\t\t\t\t\t\t\t\t<\/div>\n\t\t\t\t\t<\/div>\n\t\t<\/section>\n\t\t\t\t\t\t\t\t\t<\/div>\n\t\t\t<\/div>\n\t\t\t\t\t<\/div>\n\t\t","protected":false},"excerpt":{"rendered":"<p>Anterior Pr\u00f3ximo A Pra\u00e7a Dr. S\u00e9rgio Cyrino da Silva teve a denomina\u00e7\u00e3o alterada para Parque Dr. S\u00e9rgio Cyrino da Silva atrav\u00e9s do processo n\u00ba 28.917\/2016,<\/p>\n","protected":false},"author":19,"featured_media":1760,"parent":0,"menu_order":0,"comment_status":"closed","ping_status":"closed","template":"","meta":{"spay_email":""},"uagb_featured_image_src":{"full":["https:\/\/www3.santoandre.sp.gov.br\/turismosantoandre\/wp-content\/uploads\/2019\/09\/Parque-Celso-Daniel-Alex-Cavanha-PSA-4.jpg",2048,1365,false],"thumbnail":["https:\/\/www3.santoandre.sp.gov.br\/turismosantoandre\/wp-content\/uploads\/2019\/09\/Parque-Celso-Daniel-Alex-Cavanha-PSA-4-150x150.jpg",150,150,true],"medium":["https:\/\/www3.santoandre.sp.gov.br\/turismosantoandre\/wp-content\/uploads\/2019\/09\/Parque-Celso-Daniel-Alex-Cavanha-PSA-4-300x200.jpg",300,200,true],"medium_large":["https:\/\/www3.santoandre.sp.gov.br\/turismosantoandre\/wp-content\/uploads\/2019\/09\/Parque-Celso-Daniel-Alex-Cavanha-PSA-4-768x512.jpg",768,512,true],"large":["https:\/\/www3.santoandre.sp.gov.br\/turismosantoandre\/wp-content\/uploads\/2019\/09\/Parque-Celso-Daniel-Alex-Cavanha-PSA-4-1024x683.jpg",783,522,true],"1536x1536":["https:\/\/www3.santoandre.sp.gov.br\/turismosantoandre\/wp-content\/uploads\/2019\/09\/Parque-Celso-Daniel-Alex-Cavanha-PSA-4.jpg",1536,1024,false],"2048x2048":["https:\/\/www3.santoandre.sp.gov.br\/turismosantoandre\/wp-content\/uploads\/2019\/09\/Parque-Celso-Daniel-Alex-Cavanha-PSA-4.jpg",2048,1365,false],"himalayas-featured-post":["https:\/\/www3.santoandre.sp.gov.br\/turismosantoandre\/wp-content\/uploads\/2019\/09\/Parque-Celso-Daniel-Alex-Cavanha-PSA-4-781x512.jpg",781,512,true],"himalayas-portfolio-image":["https:\/\/www3.santoandre.sp.gov.br\/turismosantoandre\/wp-content\/uploads\/2019\/09\/Parque-Celso-Daniel-Alex-Cavanha-PSA-4-400x350.jpg",400,350,true],"himalayas-featured-image":["https:\/\/www3.santoandre.sp.gov.br\/turismosantoandre\/wp-content\/uploads\/2019\/09\/Parque-Celso-Daniel-Alex-Cavanha-PSA-4-319x142.jpg",319,142,true],"himalayas-services":["https:\/\/www3.santoandre.sp.gov.br\/turismosantoandre\/wp-content\/uploads\/2019\/09\/Parque-Celso-Daniel-Alex-Cavanha-PSA-4-470x280.jpg",470,280,true]},"uagb_author_info":{"display_name":"Maria Eduarda","author_link":"https:\/\/www3.santoandre.sp.gov.br\/turismosantoandre\/author\/mesmota\/"},"uagb_comment_info":0,"uagb_excerpt":"Anterior Pr\u00f3ximo A Pra\u00e7a Dr. S\u00e9rgio Cyrino da Silva teve a denomina\u00e7\u00e3o alterada para Parque Dr. S\u00e9rgio Cyrino da Silva atrav\u00e9s do processo n\u00ba 28.917\/2016,","_links":{"self":[{"href":"https:\/\/www3.santoandre.sp.gov.br\/turismosantoandre\/wp-json\/wp\/v2\/pages\/23883"}],"collection":[{"href":"https:\/\/www3.santoandre.sp.gov.br\/turismosantoandre\/wp-json\/wp\/v2\/pages"}],"about":[{"href":"https:\/\/www3.santoandre.sp.gov.br\/turismosantoandre\/wp-json\/wp\/v2\/types\/page"}],"author":[{"embeddable":true,"href":"https:\/\/www3.santoandre.sp.gov.br\/turismosantoandre\/wp-json\/wp\/v2\/users\/19"}],"replies":[{"embeddable":true,"href":"https:\/\/www3.santoandre.sp.gov.br\/turismosantoandre\/wp-json\/wp\/v2\/comments?post=23883"}],"version-history":[{"count":7,"href":"https:\/\/www3.santoandre.sp.gov.br\/turismosantoandre\/wp-json\/wp\/v2\/pages\/23883\/revisions"}],"predecessor-version":[{"id":23900,"href":"https:\/\/www3.santoandre.sp.gov.br\/turismosantoandre\/wp-json\/wp\/v2\/pages\/23883\/revisions\/23900"}],"wp:featuredmedia":[{"embeddable":true,"href":"https:\/\/www3.santoandre.sp.gov.br\/turismosantoandre\/wp-json\/wp\/v2\/media\/1760"}],"wp:attachment":[{"href":"https:\/\/www3.santoandre.sp.gov.br\/turismosantoandre\/wp-json\/wp\/v2\/media?parent=23883"}],"curies":[{"name":"wp","href":"https:\/\/api.w.org\/{rel}","templated":true}]}}