{"id":21784,"date":"2024-05-09T14:33:23","date_gmt":"2024-05-09T17:33:23","guid":{"rendered":"https:\/\/www3.santoandre.sp.gov.br\/turismosantoandre\/?page_id=21784"},"modified":"2025-06-13T14:17:52","modified_gmt":"2025-06-13T17:17:52","slug":"restaurantes-participantes-sabores","status":"publish","type":"page","link":"https:\/\/www3.santoandre.sp.gov.br\/turismosantoandre\/restaurantes-participantes-sabores\/","title":{"rendered":"Restaurantes Participantes &#8211; Sabores da Cidade"},"content":{"rendered":"\t\t<div data-elementor-type=\"wp-page\" data-elementor-id=\"21784\" class=\"elementor elementor-21784\">\n\t\t\t\t\t\t<div class=\"elementor-inner\">\n\t\t\t\t<div class=\"elementor-section-wrap\">\n\t\t\t\t\t\t\t\t\t<section class=\"elementor-section elementor-top-section elementor-element elementor-element-69e2937 elementor-section-boxed elementor-section-height-default elementor-section-height-default\" data-id=\"69e2937\" data-element_type=\"section\">\n\t\t\t\t\t\t<div class=\"elementor-container elementor-column-gap-default\">\n\t\t\t\t\t\t\t<div class=\"elementor-row\">\n\t\t\t\t\t<div class=\"elementor-column elementor-col-100 elementor-top-column elementor-element elementor-element-82f6f77\" data-id=\"82f6f77\" data-element_type=\"column\">\n\t\t\t<div class=\"elementor-column-wrap elementor-element-populated\">\n\t\t\t\t\t\t\t<div class=\"elementor-widget-wrap\">\n\t\t\t\t\t\t<div class=\"elementor-element elementor-element-d4bd4ae elementor-widget elementor-widget-image\" data-id=\"d4bd4ae\" data-element_type=\"widget\" data-widget_type=\"image.default\">\n\t\t\t\t<div class=\"elementor-widget-container\">\n\t\t\t\t\t\t\t\t<div class=\"elementor-image\">\n\t\t\t\t\t\t\t\t\t\t\t\t<img width=\"400\" height=\"350\" src=\"https:\/\/www3.santoandre.sp.gov.br\/turismosantoandre\/wp-content\/uploads\/2025\/04\/APP-Sabores-2025-400x350.png\" class=\"attachment-himalayas-portfolio-image size-himalayas-portfolio-image\" alt=\"\" loading=\"lazy\" \/>\t\t\t\t\t\t\t\t\t\t\t\t\t\t<\/div>\n\t\t\t\t\t\t<\/div>\n\t\t\t\t<\/div>\n\t\t\t\t\t\t<\/div>\n\t\t\t\t\t<\/div>\n\t\t<\/div>\n\t\t\t\t\t\t\t\t<\/div>\n\t\t\t\t\t<\/div>\n\t\t<\/section>\n\t\t\t\t<section class=\"elementor-section elementor-top-section elementor-element elementor-element-8b21a44 elementor-section-boxed elementor-section-height-default elementor-section-height-default\" data-id=\"8b21a44\" data-element_type=\"section\">\n\t\t\t\t\t\t<div class=\"elementor-container elementor-column-gap-default\">\n\t\t\t\t\t\t\t<div class=\"elementor-row\">\n\t\t\t\t\t<div class=\"elementor-column elementor-col-100 elementor-top-column elementor-element elementor-element-30ea217\" data-id=\"30ea217\" data-element_type=\"column\">\n\t\t\t<div class=\"elementor-column-wrap elementor-element-populated\">\n\t\t\t\t\t\t\t<div class=\"elementor-widget-wrap\">\n\t\t\t\t\t\t<div class=\"elementor-element elementor-element-55e385d elementor-widget elementor-widget-heading\" data-id=\"55e385d\" data-element_type=\"widget\" data-widget_type=\"heading.default\">\n\t\t\t\t<div class=\"elementor-widget-container\">\n\t\t\t<h3 class=\"elementor-heading-title elementor-size-default\">Infelizmente, o Festival Sabores da Cidade de 2025 chegou ao fim!<\/h3>\t\t<\/div>\n\t\t\t\t<\/div>\n\t\t\t\t\t\t<\/div>\n\t\t\t\t\t<\/div>\n\t\t<\/div>\n\t\t\t\t\t\t\t\t<\/div>\n\t\t\t\t\t<\/div>\n\t\t<\/section>\n\t\t\t\t<section class=\"elementor-section elementor-top-section elementor-element elementor-element-5b816e2 elementor-section-boxed elementor-section-height-default elementor-section-height-default\" data-id=\"5b816e2\" data-element_type=\"section\">\n\t\t\t\t\t\t<div class=\"elementor-container elementor-column-gap-default\">\n\t\t\t\t\t\t\t<div class=\"elementor-row\">\n\t\t\t\t\t<div class=\"elementor-column elementor-col-100 elementor-top-column elementor-element elementor-element-4d37eff\" data-id=\"4d37eff\" data-element_type=\"column\">\n\t\t\t<div class=\"elementor-column-wrap elementor-element-populated\">\n\t\t\t\t\t\t\t<div class=\"elementor-widget-wrap\">\n\t\t\t\t\t\t<div class=\"elementor-element elementor-element-a00fff4 elementor-widget elementor-widget-text-editor\" data-id=\"a00fff4\" data-element_type=\"widget\" data-widget_type=\"text-editor.default\">\n\t\t\t\t<div class=\"elementor-widget-container\">\n\t\t\t\t\t\t\t\t<div class=\"elementor-text-editor elementor-clearfix\">\n\t\t\t\t<p>Por\u00e9m, ainda \u00e9 poss\u00edvel conhecer estabelecimentos com experi\u00eancias \u00fanicas de pratos irresist\u00edveis do que h\u00e1 de melhor na gastronomia de andreense.<\/p><p><strong>Conhe\u00e7a mais sobre:<\/strong><\/p>\t\t\t\t\t<\/div>\n\t\t\t\t\t\t<\/div>\n\t\t\t\t<\/div>\n\t\t\t\t\t\t<\/div>\n\t\t\t\t\t<\/div>\n\t\t<\/div>\n\t\t\t\t\t\t\t\t<\/div>\n\t\t\t\t\t<\/div>\n\t\t<\/section>\n\t\t\t\t<section class=\"elementor-section elementor-top-section elementor-element elementor-element-1dda610 elementor-section-boxed elementor-section-height-default elementor-section-height-default\" data-id=\"1dda610\" data-element_type=\"section\">\n\t\t\t\t\t\t<div class=\"elementor-container elementor-column-gap-default\">\n\t\t\t\t\t\t\t<div class=\"elementor-row\">\n\t\t\t\t\t<div class=\"elementor-column elementor-col-33 elementor-top-column elementor-element elementor-element-b83891a\" data-id=\"b83891a\" data-element_type=\"column\">\n\t\t\t<div class=\"elementor-column-wrap elementor-element-populated\">\n\t\t\t\t\t\t\t<div class=\"elementor-widget-wrap\">\n\t\t\t\t\t\t<div class=\"elementor-element elementor-element-9cf196a elementor-view-default elementor-widget elementor-widget-icon\" data-id=\"9cf196a\" data-element_type=\"widget\" data-widget_type=\"icon.default\">\n\t\t\t\t<div class=\"elementor-widget-container\">\n\t\t\t\t\t<div class=\"elementor-icon-wrapper\">\n\t\t\t<a class=\"elementor-icon\" href=\"https:\/\/www3.santoandre.sp.gov.br\/turismosantoandre\/bares-e-cervejarias\/\">\n\t\t\t<svg xmlns=\"http:\/\/www.w3.org\/2000\/svg\" id=\"Layer_1\" data-name=\"Layer 1\" viewBox=\"0 0 24 24\" width=\"512\" height=\"512\"><path d=\"M19.5,9H19V7a1,1,0,0,0-1-1,3.9,3.9,0,0,0-2.016-3.485,4.093,4.093,0,0,0-2.359-.5.593.593,0,0,1-.54-.223,4.509,4.509,0,0,0-7.332.229A3.993,3.993,0,0,0,2,6,1,1,0,0,0,1,7V19a5.006,5.006,0,0,0,5,5h8a5.006,5.006,0,0,0,5-5h.5A3.5,3.5,0,0,0,23,15.5v-3A3.5,3.5,0,0,0,19.5,9ZM6,4a.963.963,0,0,1,.171.021,1,1,0,0,0,1.068-.567A2.5,2.5,0,0,1,11.486,3a2.576,2.576,0,0,0,2.332,1.012,2.157,2.157,0,0,1,1.228.271A1.938,1.938,0,0,1,16,6H12A3,3,0,0,0,9,9v3a1,1,0,0,1-2,0V9A3,3,0,0,0,4,6,2,2,0,0,1,6,4ZM17,19a3,3,0,0,1-3,3H6a3,3,0,0,1-3-3V8H4A1,1,0,0,1,5,9v3a3,3,0,0,0,6,0V9a1,1,0,0,1,1-1h5Zm4-3.5A1.5,1.5,0,0,1,19.5,17H19V11h.5A1.5,1.5,0,0,1,21,12.5Z\"><\/path><\/svg>\t\t\t<\/a>\n\t\t<\/div>\n\t\t\t\t<\/div>\n\t\t\t\t<\/div>\n\t\t\t\t<div class=\"elementor-element elementor-element-67dcd28 elementor-widget elementor-widget-spacer\" data-id=\"67dcd28\" data-element_type=\"widget\" data-widget_type=\"spacer.default\">\n\t\t\t\t<div class=\"elementor-widget-container\">\n\t\t\t\t\t<div class=\"elementor-spacer\">\n\t\t\t<div class=\"elementor-spacer-inner\"><\/div>\n\t\t<\/div>\n\t\t\t\t<\/div>\n\t\t\t\t<\/div>\n\t\t\t\t<div class=\"elementor-element elementor-element-b93c4e8 elementor-align-center elementor-widget elementor-widget-button\" data-id=\"b93c4e8\" data-element_type=\"widget\" data-widget_type=\"button.default\">\n\t\t\t\t<div class=\"elementor-widget-container\">\n\t\t\t\t\t<div class=\"elementor-button-wrapper\">\n\t\t\t<a href=\"https:\/\/www3.santoandre.sp.gov.br\/turismosantoandre\/bares-e-cervejarias\/\" class=\"elementor-button-link elementor-button elementor-size-sm\" role=\"button\">\n\t\t\t\t\t\t<span class=\"elementor-button-content-wrapper\">\n\t\t\t\t\t\t<span class=\"elementor-button-text\">BARES E CERVEJARIAS<\/span>\n\t\t<\/span>\n\t\t\t\t\t<\/a>\n\t\t<\/div>\n\t\t\t\t<\/div>\n\t\t\t\t<\/div>\n\t\t\t\t\t\t<\/div>\n\t\t\t\t\t<\/div>\n\t\t<\/div>\n\t\t\t\t<div class=\"elementor-column elementor-col-33 elementor-top-column elementor-element elementor-element-6ad19d6\" data-id=\"6ad19d6\" data-element_type=\"column\">\n\t\t\t<div class=\"elementor-column-wrap elementor-element-populated\">\n\t\t\t\t\t\t\t<div class=\"elementor-widget-wrap\">\n\t\t\t\t\t\t<div class=\"elementor-element elementor-element-8c0910b elementor-view-default elementor-widget elementor-widget-icon\" data-id=\"8c0910b\" data-element_type=\"widget\" data-widget_type=\"icon.default\">\n\t\t\t\t<div class=\"elementor-widget-container\">\n\t\t\t\t\t<div class=\"elementor-icon-wrapper\">\n\t\t\t<a class=\"elementor-icon\" href=\"https:\/\/www3.santoandre.sp.gov.br\/turismosantoandre\/restaurantes\/\">\n\t\t\t<svg xmlns=\"http:\/\/www.w3.org\/2000\/svg\" id=\"Layer_1\" data-name=\"Layer 1\" viewBox=\"0 0 24 24\" width=\"512\" height=\"512\"><path d=\"M1.333,7.238C.484,5.522-1.2,1.269,1.2.15A1.949,1.949,0,0,1,3.329.573l4.96,5.3A1,1,0,1,1,6.887,7.3L2,2.08c.119,3.777,2.343,6.6,4.841,9.439a1,1,0,0,1-1.39,1.446A24.522,24.522,0,0,1,1.333,7.238ZM18.005,16.2a1.259,1.259,0,0,0-1.09-.4,8.055,8.055,0,0,1-3.458-.29.985.985,0,0,0-.981.254c-1.494,2.256,3.274,2.113,4.312,2.08l5.483,5.839a1,1,0,0,0,1.458-1.371ZM15,14a4.99,4.99,0,0,0,3.536-1.462l5.171-5.172A1,1,0,1,0,22.293,5.95l-5.171,5.172a3,3,0,0,1-3.406.576l6.991-6.991a1,1,0,1,0-1.414-1.414L12.3,10.284a3,3,0,0,1,.576-3.406L18.05,1.707A1,1,0,0,0,16.636.293L11.464,5.464a5.01,5.01,0,0,0-.635,6.293L.293,22.293a1,1,0,0,0,1.414,1.414L12.243,13.171A5,5,0,0,0,15,14Z\"><\/path><\/svg>\t\t\t<\/a>\n\t\t<\/div>\n\t\t\t\t<\/div>\n\t\t\t\t<\/div>\n\t\t\t\t<div class=\"elementor-element elementor-element-fe41be3 elementor-widget elementor-widget-spacer\" data-id=\"fe41be3\" data-element_type=\"widget\" data-widget_type=\"spacer.default\">\n\t\t\t\t<div class=\"elementor-widget-container\">\n\t\t\t\t\t<div class=\"elementor-spacer\">\n\t\t\t<div class=\"elementor-spacer-inner\"><\/div>\n\t\t<\/div>\n\t\t\t\t<\/div>\n\t\t\t\t<\/div>\n\t\t\t\t<div class=\"elementor-element elementor-element-f4c7af0 elementor-align-center elementor-widget elementor-widget-button\" data-id=\"f4c7af0\" data-element_type=\"widget\" data-widget_type=\"button.default\">\n\t\t\t\t<div class=\"elementor-widget-container\">\n\t\t\t\t\t<div class=\"elementor-button-wrapper\">\n\t\t\t<a href=\"https:\/\/www3.santoandre.sp.gov.br\/turismosantoandre\/restaurantes\/\" class=\"elementor-button-link elementor-button elementor-size-sm\" role=\"button\">\n\t\t\t\t\t\t<span class=\"elementor-button-content-wrapper\">\n\t\t\t\t\t\t<span class=\"elementor-button-text\">RESTAURANTES<\/span>\n\t\t<\/span>\n\t\t\t\t\t<\/a>\n\t\t<\/div>\n\t\t\t\t<\/div>\n\t\t\t\t<\/div>\n\t\t\t\t\t\t<\/div>\n\t\t\t\t\t<\/div>\n\t\t<\/div>\n\t\t\t\t<div class=\"elementor-column elementor-col-33 elementor-top-column elementor-element elementor-element-6605541\" data-id=\"6605541\" data-element_type=\"column\">\n\t\t\t<div class=\"elementor-column-wrap elementor-element-populated\">\n\t\t\t\t\t\t\t<div class=\"elementor-widget-wrap\">\n\t\t\t\t\t\t<div class=\"elementor-element elementor-element-1ede1f7 elementor-view-default elementor-widget elementor-widget-icon\" data-id=\"1ede1f7\" data-element_type=\"widget\" data-widget_type=\"icon.default\">\n\t\t\t\t<div class=\"elementor-widget-container\">\n\t\t\t\t\t<div class=\"elementor-icon-wrapper\">\n\t\t\t<a class=\"elementor-icon\" href=\"https:\/\/www3.santoandre.sp.gov.br\/turismosantoandre\/pizzarias-e-esfiharias\/\">\n\t\t\t<svg xmlns=\"http:\/\/www.w3.org\/2000\/svg\" id=\"Layer_1\" data-name=\"Layer 1\" viewBox=\"0 0 24 24\" width=\"512\" height=\"512\"><path d=\"M23.2.8A2.714,2.714,0,0,0,20.3.178L0,8.322V9A15.017,15.017,0,0,0,15,24h.676L23.832,3.67A2.708,2.708,0,0,0,23.2.8ZM21.01,2.045a.715.715,0,0,1,.771.171.7.7,0,0,1,.183.74L21.288,4.64c-5.708-1.956-8.914,6.126-3.466,8.639L15.93,18C9.551,17.97,6.029,14.447,6,8.068ZM17,9a2.655,2.655,0,0,1,3.54-2.5l-1.973,4.918A2.665,2.665,0,0,1,17,9ZM14.331,21.983A13.019,13.019,0,0,1,2.017,9.667l2.016-.809c.321,6.706,4.4,10.787,11.106,11.109Z\"><\/path><path d=\"M11,13a2,2,0,0,0,0-4A2,2,0,0,0,11,13Z\"><\/path><\/svg>\t\t\t<\/a>\n\t\t<\/div>\n\t\t\t\t<\/div>\n\t\t\t\t<\/div>\n\t\t\t\t<div class=\"elementor-element elementor-element-1b46fb2 elementor-widget elementor-widget-spacer\" data-id=\"1b46fb2\" data-element_type=\"widget\" data-widget_type=\"spacer.default\">\n\t\t\t\t<div class=\"elementor-widget-container\">\n\t\t\t\t\t<div class=\"elementor-spacer\">\n\t\t\t<div class=\"elementor-spacer-inner\"><\/div>\n\t\t<\/div>\n\t\t\t\t<\/div>\n\t\t\t\t<\/div>\n\t\t\t\t<div class=\"elementor-element elementor-element-643cf1d elementor-align-center elementor-widget elementor-widget-button\" data-id=\"643cf1d\" data-element_type=\"widget\" data-widget_type=\"button.default\">\n\t\t\t\t<div class=\"elementor-widget-container\">\n\t\t\t\t\t<div class=\"elementor-button-wrapper\">\n\t\t\t<a href=\"https:\/\/www3.santoandre.sp.gov.br\/turismosantoandre\/pizzarias-e-esfiharias\/\" class=\"elementor-button-link elementor-button elementor-size-sm\" role=\"button\">\n\t\t\t\t\t\t<span class=\"elementor-button-content-wrapper\">\n\t\t\t\t\t\t<span class=\"elementor-button-text\">PIZZARIAS E ESFIHARIAS<\/span>\n\t\t<\/span>\n\t\t\t\t\t<\/a>\n\t\t<\/div>\n\t\t\t\t<\/div>\n\t\t\t\t<\/div>\n\t\t\t\t\t\t<\/div>\n\t\t\t\t\t<\/div>\n\t\t<\/div>\n\t\t\t\t\t\t\t\t<\/div>\n\t\t\t\t\t<\/div>\n\t\t<\/section>\n\t\t\t\t<section class=\"elementor-section elementor-top-section elementor-element elementor-element-5e036ca elementor-section-boxed elementor-section-height-default elementor-section-height-default\" data-id=\"5e036ca\" data-element_type=\"section\">\n\t\t\t\t\t\t<div class=\"elementor-container elementor-column-gap-default\">\n\t\t\t\t\t\t\t<div class=\"elementor-row\">\n\t\t\t\t\t<div class=\"elementor-column elementor-col-100 elementor-top-column elementor-element elementor-element-c75be39\" data-id=\"c75be39\" data-element_type=\"column\">\n\t\t\t<div class=\"elementor-column-wrap elementor-element-populated\">\n\t\t\t\t\t\t\t<div class=\"elementor-widget-wrap\">\n\t\t\t\t\t\t<div class=\"elementor-element elementor-element-727043d elementor-widget elementor-widget-spacer\" data-id=\"727043d\" data-element_type=\"widget\" data-widget_type=\"spacer.default\">\n\t\t\t\t<div class=\"elementor-widget-container\">\n\t\t\t\t\t<div class=\"elementor-spacer\">\n\t\t\t<div class=\"elementor-spacer-inner\"><\/div>\n\t\t<\/div>\n\t\t\t\t<\/div>\n\t\t\t\t<\/div>\n\t\t\t\t\t\t<\/div>\n\t\t\t\t\t<\/div>\n\t\t<\/div>\n\t\t\t\t\t\t\t\t<\/div>\n\t\t\t\t\t<\/div>\n\t\t<\/section>\n\t\t\t\t<section class=\"elementor-section elementor-top-section elementor-element elementor-element-2726304 elementor-section-boxed elementor-section-height-default elementor-section-height-default\" data-id=\"2726304\" data-element_type=\"section\">\n\t\t\t\t\t\t<div class=\"elementor-container elementor-column-gap-default\">\n\t\t\t\t\t\t\t<div class=\"elementor-row\">\n\t\t\t\t\t<div class=\"elementor-column elementor-col-25 elementor-top-column elementor-element elementor-element-a86dfbf\" data-id=\"a86dfbf\" data-element_type=\"column\">\n\t\t\t<div class=\"elementor-column-wrap\">\n\t\t\t\t\t\t\t<div class=\"elementor-widget-wrap\">\n\t\t\t\t\t\t\t\t<\/div>\n\t\t\t\t\t<\/div>\n\t\t<\/div>\n\t\t\t\t<div class=\"elementor-column elementor-col-25 elementor-top-column elementor-element elementor-element-29330b1\" data-id=\"29330b1\" data-element_type=\"column\">\n\t\t\t<div class=\"elementor-column-wrap elementor-element-populated\">\n\t\t\t\t\t\t\t<div class=\"elementor-widget-wrap\">\n\t\t\t\t\t\t<div class=\"elementor-element elementor-element-e3cc800 elementor-view-default elementor-widget elementor-widget-icon\" data-id=\"e3cc800\" data-element_type=\"widget\" data-widget_type=\"icon.default\">\n\t\t\t\t<div class=\"elementor-widget-container\">\n\t\t\t\t\t<div class=\"elementor-icon-wrapper\">\n\t\t\t<a class=\"elementor-icon\" href=\"https:\/\/www3.santoandre.sp.gov.br\/turismosantoandre\/hamburguerias\/\">\n\t\t\t<svg xmlns=\"http:\/\/www.w3.org\/2000\/svg\" id=\"Layer_1\" data-name=\"Layer 1\" viewBox=\"0 0 24 24\" width=\"512\" height=\"512\"><path d=\"M20,12H16.386l.54-4.334A3,3,0,0,0,14,4.013H11.623L11.883,2H17V.013H10.118l-.515,4H3A2.986,2.986,0,0,0,.665,5.134,2.93,2.93,0,0,0,.059,7.569L2.121,24.013,20,24a4,4,0,0,0,4-4V16A4,4,0,0,0,20,12Zm2,4v1H10V16a2,2,0,0,1,2-2h8A2,2,0,0,1,22,16ZM14,6.013a.992.992,0,0,1,.78.374,1.069,1.069,0,0,1,.18.937L14.873,8H11.108l.257-1.987ZM2.224,6.387A1,1,0,0,1,3,6.013H9.346L9.09,8H2.124l-.1-.771A.993.993,0,0,1,2.224,6.387ZM2.376,10H14.623l-.251,2H12a4,4,0,0,0-4,4v4a3.987,3.987,0,0,0,.544,2.013H3.885ZM20,22H12a2,2,0,0,1-2-2V19h4l3,2,3-2h2v1A2,2,0,0,1,20,22Z\"><\/path><\/svg>\t\t\t<\/a>\n\t\t<\/div>\n\t\t\t\t<\/div>\n\t\t\t\t<\/div>\n\t\t\t\t<div class=\"elementor-element elementor-element-a7fa44d elementor-widget elementor-widget-spacer\" data-id=\"a7fa44d\" data-element_type=\"widget\" data-widget_type=\"spacer.default\">\n\t\t\t\t<div class=\"elementor-widget-container\">\n\t\t\t\t\t<div class=\"elementor-spacer\">\n\t\t\t<div class=\"elementor-spacer-inner\"><\/div>\n\t\t<\/div>\n\t\t\t\t<\/div>\n\t\t\t\t<\/div>\n\t\t\t\t<div class=\"elementor-element elementor-element-80f9db8 elementor-align-center elementor-widget elementor-widget-button\" data-id=\"80f9db8\" data-element_type=\"widget\" data-widget_type=\"button.default\">\n\t\t\t\t<div class=\"elementor-widget-container\">\n\t\t\t\t\t<div class=\"elementor-button-wrapper\">\n\t\t\t<a href=\"https:\/\/www3.santoandre.sp.gov.br\/turismosantoandre\/hamburguerias\/\" class=\"elementor-button-link elementor-button elementor-size-sm\" role=\"button\">\n\t\t\t\t\t\t<span class=\"elementor-button-content-wrapper\">\n\t\t\t\t\t\t<span class=\"elementor-button-text\">LANCHONETES e HAMBURGUERIAS<\/span>\n\t\t<\/span>\n\t\t\t\t\t<\/a>\n\t\t<\/div>\n\t\t\t\t<\/div>\n\t\t\t\t<\/div>\n\t\t\t\t\t\t<\/div>\n\t\t\t\t\t<\/div>\n\t\t<\/div>\n\t\t\t\t<div class=\"elementor-column elementor-col-25 elementor-top-column elementor-element elementor-element-19c7b27\" data-id=\"19c7b27\" data-element_type=\"column\">\n\t\t\t<div class=\"elementor-column-wrap elementor-element-populated\">\n\t\t\t\t\t\t\t<div class=\"elementor-widget-wrap\">\n\t\t\t\t\t\t<div class=\"elementor-element elementor-element-3a30256 elementor-view-default elementor-widget elementor-widget-icon\" data-id=\"3a30256\" data-element_type=\"widget\" data-widget_type=\"icon.default\">\n\t\t\t\t<div class=\"elementor-widget-container\">\n\t\t\t\t\t<div class=\"elementor-icon-wrapper\">\n\t\t\t<a class=\"elementor-icon\" href=\"https:\/\/www3.santoandre.sp.gov.br\/turismosantoandre\/padarias-confeitarias-e-cafeterias\/\">\n\t\t\t<svg xmlns=\"http:\/\/www.w3.org\/2000\/svg\" id=\"Layer_1\" data-name=\"Layer 1\" viewBox=\"0 0 24 24\" width=\"512\" height=\"512\"><path d=\"M22.375,3.785a13.441,13.441,0,0,0-4.5-1.583A2.981,2.981,0,0,0,16.966.738,3.044,3.044,0,0,0,14.527.031a16.763,16.763,0,0,0-4.6,1.382,2.931,2.931,0,0,0-.7-.3,3.025,3.025,0,0,0-2.428.372h0A18.885,18.885,0,0,0,1.48,6.794a3.021,3.021,0,0,0-.372,2.428,2.941,2.941,0,0,0,.3.7A16.816,16.816,0,0,0,.03,14.527a3.056,3.056,0,0,0,.708,2.44,2.976,2.976,0,0,0,1.464.912,13.435,13.435,0,0,0,1.583,4.5,3.168,3.168,0,0,0,3.431,1.557,3.259,3.259,0,0,0,2.61-2.876A9.6,9.6,0,0,1,10.578,18h1.143a14.491,14.491,0,0,1,1.043-2.477l2.759-2.759A14.491,14.491,0,0,1,18,11.721V10.578a9.6,9.6,0,0,1,3.056-.752,3.259,3.259,0,0,0,2.876-2.61A3.161,3.161,0,0,0,22.375,3.785ZM3,11.267l7.861,3.555A11.2,11.2,0,0,0,10.3,16H3a.974.974,0,0,1-.747-.341,1.053,1.053,0,0,1-.241-.843A14.714,14.714,0,0,1,3,11.267Zm4.837,9.566a1.274,1.274,0,0,1-1.027,1.14,1.169,1.169,0,0,1-1.291-.59A11.5,11.5,0,0,1,4.244,18H8.46C8.177,18.874,7.839,20.833,7.839,20.833Zm4.379-7.593L3.555,9.323a1.007,1.007,0,0,1-.393-1.447A16.752,16.752,0,0,1,7.876,3.163a.986.986,0,0,1,.816-.126.972.972,0,0,1,.614.483l3.934,8.7ZM16,10.3a11.2,11.2,0,0,0-1.178.561L11.267,3a14.658,14.658,0,0,1,3.549-.993,1.046,1.046,0,0,1,.841.241A.977.977,0,0,1,16,3Zm5.973-3.49a1.274,1.274,0,0,1-1.14,1.027S18.874,8.177,18,8.46V4.244a11.5,11.5,0,0,1,3.383,1.277A1.172,1.172,0,0,1,21.973,6.812Z\"><\/path><\/svg>\t\t\t<\/a>\n\t\t<\/div>\n\t\t\t\t<\/div>\n\t\t\t\t<\/div>\n\t\t\t\t<div class=\"elementor-element elementor-element-1320a08 elementor-widget elementor-widget-spacer\" data-id=\"1320a08\" data-element_type=\"widget\" data-widget_type=\"spacer.default\">\n\t\t\t\t<div class=\"elementor-widget-container\">\n\t\t\t\t\t<div class=\"elementor-spacer\">\n\t\t\t<div class=\"elementor-spacer-inner\"><\/div>\n\t\t<\/div>\n\t\t\t\t<\/div>\n\t\t\t\t<\/div>\n\t\t\t\t<div class=\"elementor-element elementor-element-6d18edf elementor-align-center elementor-widget elementor-widget-button\" data-id=\"6d18edf\" data-element_type=\"widget\" data-widget_type=\"button.default\">\n\t\t\t\t<div class=\"elementor-widget-container\">\n\t\t\t\t\t<div class=\"elementor-button-wrapper\">\n\t\t\t<a href=\"https:\/\/www3.santoandre.sp.gov.br\/turismosantoandre\/padarias-confeitarias-e-cafeterias\/\" class=\"elementor-button-link elementor-button elementor-size-sm\" role=\"button\">\n\t\t\t\t\t\t<span class=\"elementor-button-content-wrapper\">\n\t\t\t\t\t\t<span class=\"elementor-button-text\">CAFETERIAS, PADARIAS E CONFEITARIAS<\/span>\n\t\t<\/span>\n\t\t\t\t\t<\/a>\n\t\t<\/div>\n\t\t\t\t<\/div>\n\t\t\t\t<\/div>\n\t\t\t\t\t\t<\/div>\n\t\t\t\t\t<\/div>\n\t\t<\/div>\n\t\t\t\t<div class=\"elementor-column elementor-col-25 elementor-top-column elementor-element elementor-element-5b98dcf\" data-id=\"5b98dcf\" data-element_type=\"column\">\n\t\t\t<div class=\"elementor-column-wrap\">\n\t\t\t\t\t\t\t<div class=\"elementor-widget-wrap\">\n\t\t\t\t\t\t\t\t<\/div>\n\t\t\t\t\t<\/div>\n\t\t<\/div>\n\t\t\t\t\t\t\t\t<\/div>\n\t\t\t\t\t<\/div>\n\t\t<\/section>\n\t\t\t\t\t\t\t\t\t<\/div>\n\t\t\t<\/div>\n\t\t\t\t\t<\/div>\n\t\t","protected":false},"excerpt":{"rendered":"<p>Infelizmente, o Festival Sabores da Cidade de 2025 chegou ao fim! Por\u00e9m, ainda \u00e9 poss\u00edvel conhecer estabelecimentos com experi\u00eancias \u00fanicas de pratos irresist\u00edveis do que<\/p>\n","protected":false},"author":19,"featured_media":0,"parent":0,"menu_order":0,"comment_status":"closed","ping_status":"closed","template":"","meta":{"spay_email":""},"uagb_featured_image_src":{"full":false,"thumbnail":false,"medium":false,"medium_large":false,"large":false,"1536x1536":false,"2048x2048":false,"himalayas-featured-post":false,"himalayas-portfolio-image":false,"himalayas-featured-image":false,"himalayas-services":false},"uagb_author_info":{"display_name":"Maria Eduarda","author_link":"https:\/\/www3.santoandre.sp.gov.br\/turismosantoandre\/author\/mesmota\/"},"uagb_comment_info":0,"uagb_excerpt":"Infelizmente, o Festival Sabores da Cidade de 2025 chegou ao fim! Por\u00e9m, ainda \u00e9 poss\u00edvel conhecer estabelecimentos com experi\u00eancias \u00fanicas de pratos irresist\u00edveis do que","_links":{"self":[{"href":"https:\/\/www3.santoandre.sp.gov.br\/turismosantoandre\/wp-json\/wp\/v2\/pages\/21784"}],"collection":[{"href":"https:\/\/www3.santoandre.sp.gov.br\/turismosantoandre\/wp-json\/wp\/v2\/pages"}],"about":[{"href":"https:\/\/www3.santoandre.sp.gov.br\/turismosantoandre\/wp-json\/wp\/v2\/types\/page"}],"author":[{"embeddable":true,"href":"https:\/\/www3.santoandre.sp.gov.br\/turismosantoandre\/wp-json\/wp\/v2\/users\/19"}],"replies":[{"embeddable":true,"href":"https:\/\/www3.santoandre.sp.gov.br\/turismosantoandre\/wp-json\/wp\/v2\/comments?post=21784"}],"version-history":[{"count":242,"href":"https:\/\/www3.santoandre.sp.gov.br\/turismosantoandre\/wp-json\/wp\/v2\/pages\/21784\/revisions"}],"predecessor-version":[{"id":30674,"href":"https:\/\/www3.santoandre.sp.gov.br\/turismosantoandre\/wp-json\/wp\/v2\/pages\/21784\/revisions\/30674"}],"wp:attachment":[{"href":"https:\/\/www3.santoandre.sp.gov.br\/turismosantoandre\/wp-json\/wp\/v2\/media?parent=21784"}],"curies":[{"name":"wp","href":"https:\/\/api.w.org\/{rel}","templated":true}]}}