{"id":21498,"date":"2024-04-23T10:53:26","date_gmt":"2024-04-23T13:53:26","guid":{"rendered":"https:\/\/www3.santoandre.sp.gov.br\/turismosantoandre\/?page_id=21498"},"modified":"2026-02-25T17:42:33","modified_gmt":"2026-02-25T20:42:33","slug":"comtur-atas-das-reunioes-gestao-2024-2025","status":"publish","type":"page","link":"https:\/\/www3.santoandre.sp.gov.br\/turismosantoandre\/comtur-atas-das-reunioes-gestao-2024-2025\/","title":{"rendered":"COMTUR &#8211; Atas das Reuni\u00f5es Gest\u00e3o 2024\/2025"},"content":{"rendered":"\t\t<div data-elementor-type=\"wp-page\" data-elementor-id=\"21498\" class=\"elementor elementor-21498\">\n\t\t\t\t\t\t<div class=\"elementor-inner\">\n\t\t\t\t<div class=\"elementor-section-wrap\">\n\t\t\t\t\t\t\t\t\t<section class=\"elementor-section elementor-top-section elementor-element elementor-element-2ad60911 elementor-section-boxed elementor-section-height-default elementor-section-height-default\" data-id=\"2ad60911\" data-element_type=\"section\">\n\t\t\t\t\t\t<div class=\"elementor-container elementor-column-gap-default\">\n\t\t\t\t\t\t\t<div class=\"elementor-row\">\n\t\t\t\t\t<div class=\"elementor-column elementor-col-100 elementor-top-column elementor-element elementor-element-7845fbf6\" data-id=\"7845fbf6\" data-element_type=\"column\">\n\t\t\t<div class=\"elementor-column-wrap\">\n\t\t\t\t\t\t\t<div class=\"elementor-widget-wrap\">\n\t\t\t\t\t\t\t\t<\/div>\n\t\t\t\t\t<\/div>\n\t\t<\/div>\n\t\t\t\t\t\t\t\t<\/div>\n\t\t\t\t\t<\/div>\n\t\t<\/section>\n\t\t\t\t<section class=\"elementor-section elementor-top-section elementor-element elementor-element-782bf62 elementor-section-boxed elementor-section-height-default elementor-section-height-default\" data-id=\"782bf62\" data-element_type=\"section\">\n\t\t\t\t\t\t<div class=\"elementor-container elementor-column-gap-default\">\n\t\t\t\t\t\t\t<div class=\"elementor-row\">\n\t\t\t\t\t<div class=\"elementor-column elementor-col-100 elementor-top-column elementor-element elementor-element-cafda62\" data-id=\"cafda62\" data-element_type=\"column\">\n\t\t\t<div class=\"elementor-column-wrap elementor-element-populated\">\n\t\t\t\t\t\t\t<div class=\"elementor-widget-wrap\">\n\t\t\t\t\t\t<div class=\"elementor-element elementor-element-2ec9518c elementor-widget elementor-widget-text-editor\" data-id=\"2ec9518c\" data-element_type=\"widget\" data-widget_type=\"text-editor.default\">\n\t\t\t\t<div class=\"elementor-widget-container\">\n\t\t\t\t\t\t\t\t<div class=\"elementor-text-editor elementor-clearfix\">\n\t\t\t\t<h1 class=\"entry-title\"><img class=\"aligncenter\" style=\"font-size: 16px;\" src=\"https:\/\/www3.santoandre.sp.gov.br\/turismosantoandre\/wp-content\/uploads\/2020\/01\/MARCA-COMTUR.png\" \/><\/h1><div class=\"entry-content\"><p><a href=\"https:\/\/www3.santoandre.sp.gov.br\/turismosantoandre\/wp-content\/uploads\/2024\/04\/ATA-DA-1a-REUNIAO-ORDINARIA-DO-CONSELHO-MUNICIPAL-DE-TURISMO-\u2013-COMTUR.pdf\"><strong>Reuni\u00e3o Ordin\u00e1ria n\u00ba 01<\/strong><\/a><\/p><p><a href=\"https:\/\/www3.santoandre.sp.gov.br\/turismosantoandre\/wp-content\/uploads\/2024\/04\/ATA-DA-2a-REUNIAO-ORDINARIA-DO-CONSELHO-MUNICIPAL-DE-TURISMO-COMTUR-3.pdf\"><strong>Reuni\u00e3o Ordin\u00e1ria n\u00ba 02<\/strong><\/a><\/p><p><a href=\"https:\/\/www3.santoandre.sp.gov.br\/turismosantoandre\/wp-content\/uploads\/2024\/11\/ATA-DA-3a-REUNIAO-ORDINARIA-DO-CONSELHO-MUNICIPAL-DE-TURISMO-COMTUR.pdf\"><strong>Reuni\u00e3o Ordin\u00e1ria n\u00ba 03<\/strong><\/a><\/p><p><a href=\"https:\/\/www3.santoandre.sp.gov.br\/turismosantoandre\/wp-content\/uploads\/2024\/11\/ATA-DA-4a-REUNIAO-ORDINARIA-DO-CONSELHO-MUNICIPAL-DE-TURISMO-COMTUR.pdf\"><strong>Reuni\u00e3o Ordin\u00e1ria n\u00ba 04<\/strong><\/a><\/p><p><a href=\"https:\/\/www3.santoandre.sp.gov.br\/turismosantoandre\/wp-content\/uploads\/2025\/05\/ATA-DA-5a-REUNIAO-ORDINARIA-DO-CONSELHO-MUNICIPAL-DE-TURISMO-COMTUR-OUT-2024.pdf\"><strong>Reuni\u00e3o Ordin\u00e1ria n\u00ba 05<\/strong><\/a><\/p><p><a href=\"https:\/\/www3.santoandre.sp.gov.br\/turismosantoandre\/wp-content\/uploads\/2025\/05\/ATA-DA-REUNIAO-EXTRAORDINARIA-DO-CONSELHO-MUNICIPAL-DE-TURISMO-COMTUR-Nov-2024.pdf\"><strong>Reuni\u00e3o Extraordi\u00e1ria \u2013 Novembro de 2024<\/strong><\/a><\/p><p><a href=\"https:\/\/www3.santoandre.sp.gov.br\/turismosantoandre\/wp-content\/uploads\/2025\/05\/ATA-DA-6a-REUNIAO-ORDINARIA-DO-CONSELHO-MUNICIPAL-DE-TURISMO-COMTUR-DEZ-2024.pdf\"><strong>Reuni\u00e3o Ordin\u00e1ria n\u00ba 06<\/strong><\/a><\/p><p><strong><a href=\"https:\/\/www3.santoandre.sp.gov.br\/turismosantoandre\/wp-content\/uploads\/2025\/05\/ATA-DA-7a-REUNIAO-ORDINARIA-DO-CONSELHO-MUNICIPAL-DE-TURISMO.pdf\">Reuni\u00e3o Ordin\u00e1ria n\u00ba 07<\/a><\/strong><\/p><p><strong><a href=\"https:\/\/www3.santoandre.sp.gov.br\/turismosantoandre\/wp-content\/uploads\/2025\/05\/ATA-DA-8a-REUNIAO-ORDINARIA-DO-CONSELHO-MUNICIPAL-DE-TURISMO-COMTUR-ABR-2025.pdf\">Reuni\u00e3o Ordin\u00e1ria n\u00ba 08<\/a><\/strong><\/p><p><strong><a href=\"https:\/\/www3.santoandre.sp.gov.br\/turismosantoandre\/wp-content\/uploads\/2025\/11\/ATA-DA-9a-REUNIAO-ORDINARIA-DO-CONSELHO-MUNICIPAL-DE-TURISMO-COMTUR-JUN-2025.pdf\">Reuni\u00e3o Ordin\u00e1ria n\u00ba 09<\/a><\/strong><\/p><p><strong><a href=\"https:\/\/www3.santoandre.sp.gov.br\/turismosantoandre\/wp-content\/uploads\/2025\/11\/ATA-DA-10a-REUNIAO-ORDINARIA-DO-CONSELHO-MUNICIPAL-DE-TURISMO-COMTUR-AGO-2025-1.pdf\">Reuni\u00e3o Ordin\u00e1ria n\u00ba 10<\/a><\/strong><\/p><p><strong><a href=\"https:\/\/www3.santoandre.sp.gov.br\/turismosantoandre\/wp-content\/uploads\/2026\/02\/ATA-DA-11a-REUNIAO-ORDINARIA-DO-CONSELHO-MUNICIPAL-DE-TURISMO-COMTUR-JUN-2025.pdf\">Reuni\u00e3o Ordin\u00e1ria n\u00ba 11<\/a><\/strong><\/p><p><strong><a href=\"https:\/\/www3.santoandre.sp.gov.br\/turismosantoandre\/wp-content\/uploads\/2026\/02\/ATA-DA-12a-REUNIAO-ORDINARIA-DO-CONSELHO-MUNICIPAL-DE-TURISMO-COMTUR-DEZ-2025.pdf\">Reuni\u00e3o Ordin\u00e1ria n\u00ba 12<\/a><\/strong><\/p><h4><strong>Informa\u00e7\u00f5es:\u00a0<\/strong><\/h4><p><strong>Telefones:<\/strong><\/p><p><strong><a href=\"tel:551144330198\">(11) 4433-0198<\/a><\/strong><\/p><p><a href=\"tel:551144330752\"><strong>(11) 4433-0752<\/strong><\/a><\/p><p><b>Email:<a href=\"mailto:turismo@santoandre.sp.gov.br\">\u00a0turismo@santoandre.sp.gov.br<\/a><\/b><\/p><p>Ger\u00eancia de Polos e Voca\u00e7\u00f5es Tur\u00edsticas<\/p><p>Departamento de Desenvolvimento Econ\u00f4mico, Tecnologia, Inova\u00e7\u00e3o e Turismo<\/p><p>Secretaria de Desenvolvimento e Gera\u00e7\u00e3o de Emprego<\/p><p><em>tags: conselho de turismo, conselho municipal, turismo, conselho, santo andr\u00e9, portal de turismo<\/em><\/p><\/div>\t\t\t\t\t<\/div>\n\t\t\t\t\t\t<\/div>\n\t\t\t\t<\/div>\n\t\t\t\t\t\t<\/div>\n\t\t\t\t\t<\/div>\n\t\t<\/div>\n\t\t\t\t\t\t\t\t<\/div>\n\t\t\t\t\t<\/div>\n\t\t<\/section>\n\t\t\t\t\t\t\t\t\t<\/div>\n\t\t\t<\/div>\n\t\t\t\t\t<\/div>\n\t\t","protected":false},"excerpt":{"rendered":"<p>Reuni\u00e3o Ordin\u00e1ria n\u00ba 01 Reuni\u00e3o Ordin\u00e1ria n\u00ba 02 Reuni\u00e3o Ordin\u00e1ria n\u00ba 03 Reuni\u00e3o Ordin\u00e1ria n\u00ba 04 Reuni\u00e3o Ordin\u00e1ria n\u00ba 05 Reuni\u00e3o Extraordi\u00e1ria \u2013 Novembro de<\/p>\n","protected":false},"author":11,"featured_media":0,"parent":0,"menu_order":0,"comment_status":"closed","ping_status":"closed","template":"","meta":{"spay_email":""},"uagb_featured_image_src":{"full":false,"thumbnail":false,"medium":false,"medium_large":false,"large":false,"1536x1536":false,"2048x2048":false,"himalayas-featured-post":false,"himalayas-portfolio-image":false,"himalayas-featured-image":false,"himalayas-services":false},"uagb_author_info":{"display_name":"Turismo Santo Andr\u00e9","author_link":"https:\/\/www3.santoandre.sp.gov.br\/turismosantoandre\/author\/turismo-santo-andre\/"},"uagb_comment_info":0,"uagb_excerpt":"Reuni\u00e3o Ordin\u00e1ria n\u00ba 01 Reuni\u00e3o Ordin\u00e1ria n\u00ba 02 Reuni\u00e3o Ordin\u00e1ria n\u00ba 03 Reuni\u00e3o Ordin\u00e1ria n\u00ba 04 Reuni\u00e3o Ordin\u00e1ria n\u00ba 05 Reuni\u00e3o Extraordi\u00e1ria \u2013 Novembro de","_links":{"self":[{"href":"https:\/\/www3.santoandre.sp.gov.br\/turismosantoandre\/wp-json\/wp\/v2\/pages\/21498"}],"collection":[{"href":"https:\/\/www3.santoandre.sp.gov.br\/turismosantoandre\/wp-json\/wp\/v2\/pages"}],"about":[{"href":"https:\/\/www3.santoandre.sp.gov.br\/turismosantoandre\/wp-json\/wp\/v2\/types\/page"}],"author":[{"embeddable":true,"href":"https:\/\/www3.santoandre.sp.gov.br\/turismosantoandre\/wp-json\/wp\/v2\/users\/11"}],"replies":[{"embeddable":true,"href":"https:\/\/www3.santoandre.sp.gov.br\/turismosantoandre\/wp-json\/wp\/v2\/comments?post=21498"}],"version-history":[{"count":44,"href":"https:\/\/www3.santoandre.sp.gov.br\/turismosantoandre\/wp-json\/wp\/v2\/pages\/21498\/revisions"}],"predecessor-version":[{"id":32975,"href":"https:\/\/www3.santoandre.sp.gov.br\/turismosantoandre\/wp-json\/wp\/v2\/pages\/21498\/revisions\/32975"}],"wp:attachment":[{"href":"https:\/\/www3.santoandre.sp.gov.br\/turismosantoandre\/wp-json\/wp\/v2\/media?parent=21498"}],"curies":[{"name":"wp","href":"https:\/\/api.w.org\/{rel}","templated":true}]}}