{"id":18512,"date":"2023-12-26T14:47:23","date_gmt":"2023-12-26T17:47:23","guid":{"rendered":"https:\/\/www3.santoandre.sp.gov.br\/turismosantoandre\/?page_id=18512"},"modified":"2024-02-06T18:15:26","modified_gmt":"2024-02-06T21:15:26","slug":"cofip-abc","status":"publish","type":"page","link":"https:\/\/www3.santoandre.sp.gov.br\/turismosantoandre\/cofip-abc\/","title":{"rendered":"COFIP ABC"},"content":{"rendered":"\t\t<div data-elementor-type=\"wp-post\" data-elementor-id=\"18512\" class=\"elementor elementor-18512\">\n\t\t\t\t\t\t<div class=\"elementor-inner\">\n\t\t\t\t<div class=\"elementor-section-wrap\">\n\t\t\t\t\t\t\t\t\t<section class=\"elementor-section elementor-top-section elementor-element elementor-element-3694d78 elementor-section-boxed elementor-section-height-default elementor-section-height-default\" data-id=\"3694d78\" data-element_type=\"section\">\n\t\t\t\t\t\t<div class=\"elementor-container elementor-column-gap-default\">\n\t\t\t\t\t\t\t<div class=\"elementor-row\">\n\t\t\t\t\t<div class=\"elementor-column elementor-col-100 elementor-top-column elementor-element elementor-element-1d75769\" data-id=\"1d75769\" data-element_type=\"column\">\n\t\t\t<div class=\"elementor-column-wrap elementor-element-populated\">\n\t\t\t\t\t\t\t<div class=\"elementor-widget-wrap\">\n\t\t\t\t\t\t<div class=\"elementor-element elementor-element-e881618 elementor-arrows-position-inside elementor-widget elementor-widget-image-carousel\" data-id=\"e881618\" data-element_type=\"widget\" data-settings=\"{&quot;slides_to_show&quot;:&quot;1&quot;,&quot;navigation&quot;:&quot;arrows&quot;,&quot;autoplay&quot;:&quot;yes&quot;,&quot;pause_on_hover&quot;:&quot;yes&quot;,&quot;pause_on_interaction&quot;:&quot;yes&quot;,&quot;autoplay_speed&quot;:5000,&quot;infinite&quot;:&quot;yes&quot;,&quot;effect&quot;:&quot;slide&quot;,&quot;speed&quot;:500}\" data-widget_type=\"image-carousel.default\">\n\t\t\t\t<div class=\"elementor-widget-container\">\n\t\t\t\t\t<div class=\"elementor-image-carousel-wrapper swiper-container\" dir=\"ltr\">\n\t\t\t<div class=\"elementor-image-carousel swiper-wrapper swiper-image-stretch\">\n\t\t\t\t\t\t\t\t<div class=\"swiper-slide\"><figure class=\"swiper-slide-inner\"><img class=\"swiper-slide-image\" src=\"https:\/\/www3.santoandre.sp.gov.br\/turismosantoandre\/wp-content\/uploads\/2024\/02\/COFIP_PortasAbertas-768x399.jpg\" alt=\"COFIP_PortasAbertas\" \/><\/figure><\/div><div class=\"swiper-slide\"><figure class=\"swiper-slide-inner\"><img class=\"swiper-slide-image\" src=\"https:\/\/www3.santoandre.sp.gov.br\/turismosantoandre\/wp-content\/uploads\/2024\/02\/COFIP-ABC-Logo-2-CORES-002-768x171.png\" alt=\"COFIP ABC Logo 2 CORES (002)\" \/><\/figure><\/div>\t\t\t<\/div>\n\t\t\t\t\t\t\t\t\t\t\t\t\t\t\t\t<div class=\"elementor-swiper-button elementor-swiper-button-prev\">\n\t\t\t\t\t\t<i aria-hidden=\"true\" class=\"eicon-chevron-left\"><\/i>\t\t\t\t\t\t<span class=\"elementor-screen-only\">Anterior<\/span>\n\t\t\t\t\t<\/div>\n\t\t\t\t\t<div class=\"elementor-swiper-button elementor-swiper-button-next\">\n\t\t\t\t\t\t<i aria-hidden=\"true\" class=\"eicon-chevron-right\"><\/i>\t\t\t\t\t\t<span class=\"elementor-screen-only\">Pr\u00f3ximo<\/span>\n\t\t\t\t\t<\/div>\n\t\t\t\t\t\t\t\t\t<\/div>\n\t\t\t\t<\/div>\n\t\t\t\t<\/div>\n\t\t\t\t\t\t<\/div>\n\t\t\t\t\t<\/div>\n\t\t<\/div>\n\t\t\t\t\t\t\t\t<\/div>\n\t\t\t\t\t<\/div>\n\t\t<\/section>\n\t\t\t\t<section class=\"elementor-section elementor-top-section elementor-element elementor-element-ce3f1ac elementor-section-boxed elementor-section-height-default elementor-section-height-default\" data-id=\"ce3f1ac\" data-element_type=\"section\">\n\t\t\t\t\t\t<div class=\"elementor-container elementor-column-gap-default\">\n\t\t\t\t\t\t\t<div class=\"elementor-row\">\n\t\t\t\t\t<div class=\"elementor-column elementor-col-100 elementor-top-column elementor-element elementor-element-aee0f48\" data-id=\"aee0f48\" data-element_type=\"column\">\n\t\t\t<div class=\"elementor-column-wrap elementor-element-populated\">\n\t\t\t\t\t\t\t<div class=\"elementor-widget-wrap\">\n\t\t\t\t\t\t<div class=\"elementor-element elementor-element-31ba172 elementor-widget elementor-widget-text-editor\" data-id=\"31ba172\" data-element_type=\"widget\" data-widget_type=\"text-editor.default\">\n\t\t\t\t<div class=\"elementor-widget-container\">\n\t\t\t\t\t\t\t\t<div class=\"elementor-text-editor elementor-clearfix\">\n\t\t\t\t<p><strong>COFIP ABC \u2013 Comit\u00ea de Fomento Industrial do Polo do Grande ABC\u00a0\u00a0\u00a0\u00a0\u00a0 <\/strong><\/p><p>O Grande ABC \u00e9 uma regi\u00e3o com forte voca\u00e7\u00e3o industrial e extrema relev\u00e2ncia na economia brasileira, reconhecida como ber\u00e7o da ind\u00fastria automotiva nacional iniciada na d\u00e9cada de 1950 e pioneira na atividade petroqu\u00edmica com a inaugura\u00e7\u00e3o do Polo de Capuava em 1972 \u2013 primeiro do setor no Pa\u00eds. Desde ent\u00e3o, expandiu suas atividades industriais para diversos segmentos e contribuiu para o desenvolvimento econ\u00f4mico e social dos sete munic\u00edpios que a comp\u00f5em: Santo Andr\u00e9, S\u00e3o Bernardo do Campo, S\u00e3o Caetano, Diadema, Mau\u00e1, Ribeir\u00e3o Pires e Rio Grande da Serra.<\/p><p>E \u00e9 com foco na continuidade desse desenvolvimento sustent\u00e1vel que o COFIP ABC \u2013 Comit\u00ea de Fomento Industrial do Polo do Grande ABC surge em 2015, visando gerar sinergia entre as ind\u00fastrias, o poder p\u00fablico e a comunidade.<\/p><p>A entidade nasce para atuar como articuladora de a\u00e7\u00f5es compartilhadas entre as empresas e para ser a interlocutora do setor industrial com seus principais p\u00fablicos de interesse.<\/p><p><strong>Programa Portas Abertas<\/strong><\/p><p>O COFIP ABC, por meio de seu programa de Relacionamento com a Comunidade, desenvolve o Programa Portas Abertas, onde as empresas associadas promovem visitas \u00e0s plantas industriais, recebendo grupos de pessoas interessadas em conhecer como funcionam os processos produtivos, tipos de produtos fabricados e suas principais funcionalidades e visitar as instala\u00e7\u00f5es das empresas.<\/p><p>O programa foi lan\u00e7ado em 2017 e desde ent\u00e3o, exceto pelo per\u00edodo de isolamento da Covid-19, o Cofip organiza diversas visitas de grupos de universidades, empresas e pessoas da comunidade. Participe conosco deste programa!<\/p><p>Voc\u00ea poder\u00e1 solicitar sua inscri\u00e7\u00e3o no programa, atrav\u00e9s do e-mail <strong><a href=\"mailto:turismo@santoandre.sp.gov.br\">turismo@santoandre.sp.gov.br<\/a> <\/strong>. Envie a sua solicita\u00e7\u00e3o que retornaremos, solicitando as informa\u00e7\u00f5es necess\u00e1rias.<\/p><p><strong>Confira como funciona o programa:<\/strong><\/p><p>As visitas acontecem de segunda a sexta-feira das 13h30 \u00e0s 16h, de acordo com um calend\u00e1rio pr\u00e9-definido das empresas associadas;<\/p><p>N\u00e3o \u00e9 permitido escolher qual empresa visitar;<\/p><p>O deslocamento at\u00e9 a empresa \u00e9 de responsabilidade do visitante;<\/p><p>O grupo de visitantes ser\u00e1 composto de, no m\u00ednimo 6 e, no m\u00e1ximo, 10 pessoas;<\/p><p>Entrada de menores de 18 anos n\u00e3o \u00e9 permitida;<\/p><p>Todas as pessoas devem usar cal\u00e7a comprida e sapatos fechados e sem salto, cada empresa fornecer\u00e1 Equipamento de Prote\u00e7\u00e3o Individual (EPI) de acordo com suas opera\u00e7\u00f5es;<\/p><p>Em caso de cancelamento, avisar com anteced\u00eancia de, pelo menos, 1 dia \u00fatil para o e-mail: <strong><a href=\"mailto:contato@cofipabc.com.br\">contato@cofipabc.com.br<\/a><\/strong><\/p><p>Voc\u00ea pode solicitar visita individual ou em grupo.<\/p>\t\t\t\t\t<\/div>\n\t\t\t\t\t\t<\/div>\n\t\t\t\t<\/div>\n\t\t\t\t\t\t<\/div>\n\t\t\t\t\t<\/div>\n\t\t<\/div>\n\t\t\t\t\t\t\t\t<\/div>\n\t\t\t\t\t<\/div>\n\t\t<\/section>\n\t\t\t\t<section class=\"elementor-section elementor-top-section elementor-element elementor-element-eb9a2cd elementor-section-boxed elementor-section-height-default elementor-section-height-default\" data-id=\"eb9a2cd\" data-element_type=\"section\">\n\t\t\t\t\t\t<div class=\"elementor-container elementor-column-gap-default\">\n\t\t\t\t\t\t\t<div class=\"elementor-row\">\n\t\t\t\t\t<div class=\"elementor-column elementor-col-50 elementor-top-column elementor-element elementor-element-cf25615\" data-id=\"cf25615\" data-element_type=\"column\">\n\t\t\t<div class=\"elementor-column-wrap elementor-element-populated\">\n\t\t\t\t\t\t\t<div class=\"elementor-widget-wrap\">\n\t\t\t\t\t\t<div class=\"elementor-element elementor-element-e9f8083 elementor-widget elementor-widget-google_maps\" data-id=\"e9f8083\" data-element_type=\"widget\" data-widget_type=\"google_maps.default\">\n\t\t\t\t<div class=\"elementor-widget-container\">\n\t\t\t\t\t<div class=\"elementor-custom-embed\">\n\t\t\t<iframe frameborder=\"0\" scrolling=\"no\" marginheight=\"0\" marginwidth=\"0\"\n\t\t\t\t\tsrc=\"https:\/\/maps.google.com\/maps?q=Rua%20do%20Com%C3%A9rcio%2C%2021%20%7C%20-%20Centro%201%C2%B0%20andar%20%7C%20Salas%20102%2F103%20Mau%C3%A1%20Office%20Center%2C%20anexo%20ao%20Mau%C3%A1%20Plaza%20Shopping%20CEP%2009390-015%20%7C%20Mau%C3%A1%20-%20SP&#038;t=m&#038;z=10&#038;output=embed&#038;iwloc=near\"\n\t\t\t\t\ttitle=\"Rua do Com\u00e9rcio, 21 | - Centro 1\u00b0 andar | Salas 102\/103 Mau\u00e1 Office Center, anexo ao Mau\u00e1 Plaza Shopping CEP 09390-015 | Mau\u00e1 - SP\"\n\t\t\t\t\taria-label=\"Rua do Com\u00e9rcio, 21 | - Centro 1\u00b0 andar | Salas 102\/103 Mau\u00e1 Office Center, anexo ao Mau\u00e1 Plaza Shopping CEP 09390-015 | Mau\u00e1 - SP\"\n\t\t\t><\/iframe>\n\t\t<\/div>\n\t\t\t\t<\/div>\n\t\t\t\t<\/div>\n\t\t\t\t\t\t<\/div>\n\t\t\t\t\t<\/div>\n\t\t<\/div>\n\t\t\t\t<div class=\"elementor-column elementor-col-50 elementor-top-column elementor-element elementor-element-4aa8609\" data-id=\"4aa8609\" data-element_type=\"column\">\n\t\t\t<div class=\"elementor-column-wrap elementor-element-populated\">\n\t\t\t\t\t\t\t<div class=\"elementor-widget-wrap\">\n\t\t\t\t\t\t<div class=\"elementor-element elementor-element-bb562cd elementor-widget elementor-widget-text-editor\" data-id=\"bb562cd\" data-element_type=\"widget\" data-widget_type=\"text-editor.default\">\n\t\t\t\t<div class=\"elementor-widget-container\">\n\t\t\t\t\t\t\t\t<div class=\"elementor-text-editor elementor-clearfix\">\n\t\t\t\t<p>Rua do Com\u00e9rcio, 21 | &#8211; Centro<br \/>1\u00b0 andar | Salas 102\/103<br \/>Mau\u00e1 Office Center, anexo ao Mau\u00e1 Plaza Shopping<br \/>CEP 09390-015 | Mau\u00e1 &#8211; SP<\/p><p><span style=\"font-size: 15px;\">Agendamento:\u00a0<br \/><a href=\"mailto:turismo@santoandre.sp.gov.br\"><b>turismo@santoandre.sp.gov.br<\/b><\/a><\/span><\/p><p><span style=\"font-size: 15px;\">Entrada: Gratuita<\/span><\/p><p><span style=\"font-size: 15px;\">\u00a0<\/span><span style=\"font-size: 15px;\">Informa\u00e7\u00f5es: (11) 4433-0752\/0198<\/span><\/p>\t\t\t\t\t<\/div>\n\t\t\t\t\t\t<\/div>\n\t\t\t\t<\/div>\n\t\t\t\t\t\t<\/div>\n\t\t\t\t\t<\/div>\n\t\t<\/div>\n\t\t\t\t\t\t\t\t<\/div>\n\t\t\t\t\t<\/div>\n\t\t<\/section>\n\t\t\t\t\t\t\t\t\t<\/div>\n\t\t\t<\/div>\n\t\t\t\t\t<\/div>\n\t\t","protected":false},"excerpt":{"rendered":"<p>Anterior Pr\u00f3ximo COFIP ABC \u2013 Comit\u00ea de Fomento Industrial do Polo do Grande ABC\u00a0\u00a0\u00a0\u00a0\u00a0 O Grande ABC \u00e9 uma regi\u00e3o com forte voca\u00e7\u00e3o industrial e<\/p>\n","protected":false},"author":11,"featured_media":18510,"parent":0,"menu_order":0,"comment_status":"closed","ping_status":"closed","template":"","meta":{"spay_email":""},"uagb_featured_image_src":{"full":["https:\/\/www3.santoandre.sp.gov.br\/turismosantoandre\/wp-content\/uploads\/2023\/12\/COFIP-images-2.png",300,80,false],"thumbnail":["https:\/\/www3.santoandre.sp.gov.br\/turismosantoandre\/wp-content\/uploads\/2023\/12\/COFIP-images-2-150x80.png",150,80,true],"medium":["https:\/\/www3.santoandre.sp.gov.br\/turismosantoandre\/wp-content\/uploads\/2023\/12\/COFIP-images-2.png",300,80,false],"medium_large":["https:\/\/www3.santoandre.sp.gov.br\/turismosantoandre\/wp-content\/uploads\/2023\/12\/COFIP-images-2.png",300,80,false],"large":["https:\/\/www3.santoandre.sp.gov.br\/turismosantoandre\/wp-content\/uploads\/2023\/12\/COFIP-images-2.png",300,80,false],"1536x1536":["https:\/\/www3.santoandre.sp.gov.br\/turismosantoandre\/wp-content\/uploads\/2023\/12\/COFIP-images-2.png",300,80,false],"2048x2048":["https:\/\/www3.santoandre.sp.gov.br\/turismosantoandre\/wp-content\/uploads\/2023\/12\/COFIP-images-2.png",300,80,false],"himalayas-featured-post":["https:\/\/www3.santoandre.sp.gov.br\/turismosantoandre\/wp-content\/uploads\/2023\/12\/COFIP-images-2.png",300,80,false],"himalayas-portfolio-image":["https:\/\/www3.santoandre.sp.gov.br\/turismosantoandre\/wp-content\/uploads\/2023\/12\/COFIP-images-2.png",300,80,false],"himalayas-featured-image":["https:\/\/www3.santoandre.sp.gov.br\/turismosantoandre\/wp-content\/uploads\/2023\/12\/COFIP-images-2.png",300,80,false],"himalayas-services":["https:\/\/www3.santoandre.sp.gov.br\/turismosantoandre\/wp-content\/uploads\/2023\/12\/COFIP-images-2.png",300,80,false]},"uagb_author_info":{"display_name":"Turismo Santo Andr\u00e9","author_link":"https:\/\/www3.santoandre.sp.gov.br\/turismosantoandre\/author\/turismo-santo-andre\/"},"uagb_comment_info":0,"uagb_excerpt":"Anterior Pr\u00f3ximo COFIP ABC \u2013 Comit\u00ea de Fomento Industrial do Polo do Grande ABC\u00a0\u00a0\u00a0\u00a0\u00a0 O Grande ABC \u00e9 uma regi\u00e3o com forte voca\u00e7\u00e3o industrial e","_links":{"self":[{"href":"https:\/\/www3.santoandre.sp.gov.br\/turismosantoandre\/wp-json\/wp\/v2\/pages\/18512"}],"collection":[{"href":"https:\/\/www3.santoandre.sp.gov.br\/turismosantoandre\/wp-json\/wp\/v2\/pages"}],"about":[{"href":"https:\/\/www3.santoandre.sp.gov.br\/turismosantoandre\/wp-json\/wp\/v2\/types\/page"}],"author":[{"embeddable":true,"href":"https:\/\/www3.santoandre.sp.gov.br\/turismosantoandre\/wp-json\/wp\/v2\/users\/11"}],"replies":[{"embeddable":true,"href":"https:\/\/www3.santoandre.sp.gov.br\/turismosantoandre\/wp-json\/wp\/v2\/comments?post=18512"}],"version-history":[{"count":35,"href":"https:\/\/www3.santoandre.sp.gov.br\/turismosantoandre\/wp-json\/wp\/v2\/pages\/18512\/revisions"}],"predecessor-version":[{"id":19271,"href":"https:\/\/www3.santoandre.sp.gov.br\/turismosantoandre\/wp-json\/wp\/v2\/pages\/18512\/revisions\/19271"}],"wp:featuredmedia":[{"embeddable":true,"href":"https:\/\/www3.santoandre.sp.gov.br\/turismosantoandre\/wp-json\/wp\/v2\/media\/18510"}],"wp:attachment":[{"href":"https:\/\/www3.santoandre.sp.gov.br\/turismosantoandre\/wp-json\/wp\/v2\/media?parent=18512"}],"curies":[{"name":"wp","href":"https:\/\/api.w.org\/{rel}","templated":true}]}}