{"id":1759,"date":"2019-09-11T16:09:48","date_gmt":"2019-09-11T19:09:48","guid":{"rendered":"https:\/\/www3.santoandre.sp.gov.br\/turismosantoandre\/?page_id=1759"},"modified":"2024-06-11T17:36:42","modified_gmt":"2024-06-11T20:36:42","slug":"parque-central","status":"publish","type":"page","link":"https:\/\/www3.santoandre.sp.gov.br\/turismosantoandre\/parque-central\/","title":{"rendered":"Parque Deputado Cicote &#8211; Central"},"content":{"rendered":"\t\t<div data-elementor-type=\"wp-post\" data-elementor-id=\"1759\" class=\"elementor elementor-1759\">\n\t\t\t\t\t\t<div class=\"elementor-inner\">\n\t\t\t\t<div class=\"elementor-section-wrap\">\n\t\t\t\t\t\t\t\t\t<section class=\"elementor-section elementor-top-section elementor-element elementor-element-d880937 elementor-section-boxed elementor-section-height-default elementor-section-height-default\" data-id=\"d880937\" data-element_type=\"section\">\n\t\t\t\t\t\t<div class=\"elementor-container elementor-column-gap-default\">\n\t\t\t\t\t\t\t<div class=\"elementor-row\">\n\t\t\t\t\t<div class=\"elementor-column elementor-col-100 elementor-top-column elementor-element elementor-element-ffdfe07\" data-id=\"ffdfe07\" data-element_type=\"column\">\n\t\t\t<div class=\"elementor-column-wrap elementor-element-populated\">\n\t\t\t\t\t\t\t<div class=\"elementor-widget-wrap\">\n\t\t\t\t\t\t<div class=\"elementor-element elementor-element-6d7be49 elementor-arrows-position-inside elementor-widget elementor-widget-image-carousel\" data-id=\"6d7be49\" data-element_type=\"widget\" data-settings=\"{&quot;slides_to_show&quot;:&quot;2&quot;,&quot;navigation&quot;:&quot;arrows&quot;,&quot;autoplay&quot;:&quot;yes&quot;,&quot;pause_on_hover&quot;:&quot;yes&quot;,&quot;pause_on_interaction&quot;:&quot;yes&quot;,&quot;autoplay_speed&quot;:5000,&quot;infinite&quot;:&quot;yes&quot;,&quot;speed&quot;:500,&quot;image_spacing_custom&quot;:{&quot;unit&quot;:&quot;px&quot;,&quot;size&quot;:20,&quot;sizes&quot;:[]}}\" data-widget_type=\"image-carousel.default\">\n\t\t\t\t<div class=\"elementor-widget-container\">\n\t\t\t\t\t<div class=\"elementor-image-carousel-wrapper swiper-container\" dir=\"ltr\">\n\t\t\t<div class=\"elementor-image-carousel swiper-wrapper swiper-image-stretch\">\n\t\t\t\t\t\t\t\t<div class=\"swiper-slide\"><figure class=\"swiper-slide-inner\"><img class=\"swiper-slide-image\" src=\"https:\/\/www3.santoandre.sp.gov.br\/turismosantoandre\/wp-content\/uploads\/2019\/09\/37538622011_79f570031c_o-768x513.jpg\" alt=\"37538622011_79f570031c_o\" \/><\/figure><\/div><div class=\"swiper-slide\"><figure class=\"swiper-slide-inner\"><img class=\"swiper-slide-image\" src=\"https:\/\/www3.santoandre.sp.gov.br\/turismosantoandre\/wp-content\/uploads\/2019\/09\/Parque-Central-Julio-Bastos-PSA-2-768x513.jpg\" alt=\"Parque Central - Julio Bastos-PSA (2)\" \/><\/figure><\/div><div class=\"swiper-slide\"><figure class=\"swiper-slide-inner\"><img class=\"swiper-slide-image\" src=\"https:\/\/www3.santoandre.sp.gov.br\/turismosantoandre\/wp-content\/uploads\/2019\/09\/Parque-Central-Julio-Bastos-PSA-768x513.jpg\" alt=\"Parque Central - Julio Bastos-PSA\" \/><\/figure><\/div>\t\t\t<\/div>\n\t\t\t\t\t\t\t\t\t\t\t\t\t\t\t\t<div class=\"elementor-swiper-button elementor-swiper-button-prev\">\n\t\t\t\t\t\t<i aria-hidden=\"true\" class=\"eicon-chevron-left\"><\/i>\t\t\t\t\t\t<span class=\"elementor-screen-only\">Anterior<\/span>\n\t\t\t\t\t<\/div>\n\t\t\t\t\t<div class=\"elementor-swiper-button elementor-swiper-button-next\">\n\t\t\t\t\t\t<i aria-hidden=\"true\" class=\"eicon-chevron-right\"><\/i>\t\t\t\t\t\t<span class=\"elementor-screen-only\">Pr\u00f3ximo<\/span>\n\t\t\t\t\t<\/div>\n\t\t\t\t\t\t\t\t\t<\/div>\n\t\t\t\t<\/div>\n\t\t\t\t<\/div>\n\t\t\t\t\t\t<\/div>\n\t\t\t\t\t<\/div>\n\t\t<\/div>\n\t\t\t\t\t\t\t\t<\/div>\n\t\t\t\t\t<\/div>\n\t\t<\/section>\n\t\t\t\t<section class=\"elementor-section elementor-top-section elementor-element elementor-element-0bedbdd elementor-section-boxed elementor-section-height-default elementor-section-height-default\" data-id=\"0bedbdd\" data-element_type=\"section\">\n\t\t\t\t\t\t<div class=\"elementor-container elementor-column-gap-default\">\n\t\t\t\t\t\t\t<div class=\"elementor-row\">\n\t\t\t\t\t<div class=\"elementor-column elementor-col-100 elementor-top-column elementor-element elementor-element-ef40c71\" data-id=\"ef40c71\" data-element_type=\"column\">\n\t\t\t<div class=\"elementor-column-wrap elementor-element-populated\">\n\t\t\t\t\t\t\t<div class=\"elementor-widget-wrap\">\n\t\t\t\t\t\t<div class=\"elementor-element elementor-element-96ad16c elementor-widget elementor-widget-text-editor\" data-id=\"96ad16c\" data-element_type=\"widget\" data-widget_type=\"text-editor.default\">\n\t\t\t\t<div class=\"elementor-widget-container\">\n\t\t\t\t\t\t\t\t<div class=\"elementor-text-editor elementor-clearfix\">\n\t\t\t\t<p>Foi inaugurado em 1992, mas passou por uma revitaliza\u00e7\u00e3o que teve sua primeira parte entregue em abril de 2005 e terminou com a desativa\u00e7\u00e3o total do N\u00facleo Gamboa, em janeiro de 2015, possui uma \u00e1rea de 397.588m\u00b2.<\/p><p>O Parque conta com:<\/p><ul><li>Pista de caminhada;<\/li><li>Ciclovia;<\/li><li>Playground;<\/li><li>Lago;<\/li><li>Palco para shows;<\/li><li>Pista de automobilismo r\u00e1dio controlado;<\/li><li>Campo de futebol;<\/li><li>Quadras poliesportivas;<\/li><li>Equipamentos para gin\u00e1stica;<\/li><li>Biciclet\u00e1rio;<\/li><li>Marquise;<\/li><li>Sanit\u00e1rios;<\/li><li>Vesti\u00e1rios;<\/li><li>Acessibilidade.<\/li><\/ul>\t\t\t\t\t<\/div>\n\t\t\t\t\t\t<\/div>\n\t\t\t\t<\/div>\n\t\t\t\t\t\t<\/div>\n\t\t\t\t\t<\/div>\n\t\t<\/div>\n\t\t\t\t\t\t\t\t<\/div>\n\t\t\t\t\t<\/div>\n\t\t<\/section>\n\t\t\t\t<section class=\"elementor-section elementor-top-section elementor-element elementor-element-855f1f3 elementor-section-boxed elementor-section-height-default elementor-section-height-default\" data-id=\"855f1f3\" data-element_type=\"section\">\n\t\t\t\t\t\t<div class=\"elementor-container elementor-column-gap-default\">\n\t\t\t\t\t\t\t<div class=\"elementor-row\">\n\t\t\t\t\t<div class=\"elementor-column elementor-col-50 elementor-top-column elementor-element elementor-element-683fc11\" data-id=\"683fc11\" data-element_type=\"column\">\n\t\t\t<div class=\"elementor-column-wrap elementor-element-populated\">\n\t\t\t\t\t\t\t<div class=\"elementor-widget-wrap\">\n\t\t\t\t\t\t<div class=\"elementor-element elementor-element-f3a37e3 elementor-widget elementor-widget-google_maps\" data-id=\"f3a37e3\" data-element_type=\"widget\" data-widget_type=\"google_maps.default\">\n\t\t\t\t<div class=\"elementor-widget-container\">\n\t\t\t\t\t<div class=\"elementor-custom-embed\">\n\t\t\t<iframe frameborder=\"0\" scrolling=\"no\" marginheight=\"0\" marginwidth=\"0\"\n\t\t\t\t\tsrc=\"https:\/\/maps.google.com\/maps?q=Parque%20Central%2C%20R.%20Jos%C3%A9%20Bonif%C3%A1cio%20-%20Vila%20Assun%C3%A7%C3%A3o%2C%20Santo%20Andr%C3%A9%20-%20SP%2C%2009030-550%2C%20Brasil&#038;t=m&#038;z=16&#038;output=embed&#038;iwloc=near\"\n\t\t\t\t\ttitle=\"Parque Central, R. Jos\u00e9 Bonif\u00e1cio - Vila Assun\u00e7\u00e3o, Santo Andr\u00e9 - SP, 09030-550, Brasil\"\n\t\t\t\t\taria-label=\"Parque Central, R. Jos\u00e9 Bonif\u00e1cio - Vila Assun\u00e7\u00e3o, Santo Andr\u00e9 - SP, 09030-550, Brasil\"\n\t\t\t><\/iframe>\n\t\t<\/div>\n\t\t\t\t<\/div>\n\t\t\t\t<\/div>\n\t\t\t\t\t\t<\/div>\n\t\t\t\t\t<\/div>\n\t\t<\/div>\n\t\t\t\t<div class=\"elementor-column elementor-col-50 elementor-top-column elementor-element elementor-element-70fa342\" data-id=\"70fa342\" data-element_type=\"column\">\n\t\t\t<div class=\"elementor-column-wrap elementor-element-populated\">\n\t\t\t\t\t\t\t<div class=\"elementor-widget-wrap\">\n\t\t\t\t\t\t<div class=\"elementor-element elementor-element-1e66e83 elementor-widget elementor-widget-text-editor\" data-id=\"1e66e83\" data-element_type=\"widget\" data-widget_type=\"text-editor.default\">\n\t\t\t\t<div class=\"elementor-widget-container\">\n\t\t\t\t\t\t\t\t<div class=\"elementor-text-editor elementor-clearfix\">\n\t\t\t\t<p><strong>Endere\u00e7o: <\/strong>Rua Jos\u00e9 Bonif\u00e1cio, s\/n &#8211; Vila Assun\u00e7\u00e3o, Santo Andr\u00e9<br><strong><span style=\"font-size: 15px;\">Hor\u00e1rio de Funcionamento:<\/span><\/strong><span style=\"font-size: 15px;\"> das 6:00 \u00e0s 22:00. <\/span><\/p>\n<p><span style=\"font-size: 15px;\">Tel: <strong><a href=\"tel:551144331956\">(11) 4433-1956<\/a><br><\/strong><\/span>Email: <strong><a href=\"mailto:parquesdesantoandre@santoandre.sp.gov.br\">parquesdesantoandre@santoandre.sp.gov.br<\/a><\/strong><\/p>\t\t\t\t\t<\/div>\n\t\t\t\t\t\t<\/div>\n\t\t\t\t<\/div>\n\t\t\t\t\t\t<\/div>\n\t\t\t\t\t<\/div>\n\t\t<\/div>\n\t\t\t\t\t\t\t\t<\/div>\n\t\t\t\t\t<\/div>\n\t\t<\/section>\n\t\t\t\t<section class=\"elementor-section elementor-top-section elementor-element elementor-element-d061c70 elementor-section-boxed elementor-section-height-default elementor-section-height-default\" data-id=\"d061c70\" data-element_type=\"section\">\n\t\t\t\t\t\t<div class=\"elementor-container elementor-column-gap-default\">\n\t\t\t\t\t\t\t<div class=\"elementor-row\">\n\t\t\t\t\t<div class=\"elementor-column elementor-col-50 elementor-top-column elementor-element elementor-element-458aef3\" data-id=\"458aef3\" data-element_type=\"column\">\n\t\t\t<div class=\"elementor-column-wrap elementor-element-populated\">\n\t\t\t\t\t\t\t<div class=\"elementor-widget-wrap\">\n\t\t\t\t\t\t<div class=\"elementor-element elementor-element-bebef48 elementor-widget elementor-widget-text-editor\" data-id=\"bebef48\" data-element_type=\"widget\" data-widget_type=\"text-editor.default\">\n\t\t\t\t<div class=\"elementor-widget-container\">\n\t\t\t\t\t\t\t\t<div class=\"elementor-text-editor elementor-clearfix\">\n\t\t\t\t<p><strong>Linhas de \u00f4nibus Municipais:<\/strong><\/p><p>B 51 \u2013 Jardim Bom Pastor\/Jardim Oriental<\/p><p>B 63 \u2013 Vila Palmares\/Jardim Alvorada<\/p><p>I 08 \u2013 Jardim das Maravilhas\/Bairro Para\u00edso<\/p><p>T 15 \u2013 Hospital M\u00e1rio Covas\/Esta\u00e7\u00e3o Santo Andr\u00e9<\/p>\t\t\t\t\t<\/div>\n\t\t\t\t\t\t<\/div>\n\t\t\t\t<\/div>\n\t\t\t\t\t\t<\/div>\n\t\t\t\t\t<\/div>\n\t\t<\/div>\n\t\t\t\t<div class=\"elementor-column elementor-col-50 elementor-top-column elementor-element elementor-element-bba42e5\" data-id=\"bba42e5\" data-element_type=\"column\">\n\t\t\t<div class=\"elementor-column-wrap elementor-element-populated\">\n\t\t\t\t\t\t\t<div class=\"elementor-widget-wrap\">\n\t\t\t\t\t\t<div class=\"elementor-element elementor-element-8c6132d elementor-widget elementor-widget-text-editor\" data-id=\"8c6132d\" data-element_type=\"widget\" data-widget_type=\"text-editor.default\">\n\t\t\t\t<div class=\"elementor-widget-container\">\n\t\t\t\t\t\t\t\t<div class=\"elementor-text-editor elementor-clearfix\">\n\t\t\t\t<p><strong>Linhas de Tr\u00f3lebus:<\/strong><\/p><p>Utilizando qualquer linha, descer na <strong>parada Santa Tereza<\/strong><\/p><p>285 \u2013 S\u00e3o Paulo (Terminal S\u00e3o Mateus) \/ S\u00e3o Bernardo do Campo (Terminal Ferraz\u00f3polis)<\/p><p>286 \u2013 Santo Andr\u00e9 (Terminal Santo Andr\u00e9 Oeste) \/ S\u00e3o Bernardo do Campo (Terminal Ferraz\u00f3polis)<\/p><p>287 &#8211; Santo Andr\u00e9 (Terminal Santo Andr\u00e9 Oeste) \/ S\u00e3o Paulo (Terminal Jabaquara)<\/p><p>287PIR \u2013 Santo Andr\u00e9 (Terminal Santo Andr\u00e9 Oeste) \/ Diadema (Terminal Piraporinha)<\/p>\t\t\t\t\t<\/div>\n\t\t\t\t\t\t<\/div>\n\t\t\t\t<\/div>\n\t\t\t\t\t\t<\/div>\n\t\t\t\t\t<\/div>\n\t\t<\/div>\n\t\t\t\t\t\t\t\t<\/div>\n\t\t\t\t\t<\/div>\n\t\t<\/section>\n\t\t\t\t\t\t\t\t\t<\/div>\n\t\t\t<\/div>\n\t\t\t\t\t<\/div>\n\t\t","protected":false},"excerpt":{"rendered":"<p>Anterior Pr\u00f3ximo Foi inaugurado em 1992, mas passou por uma revitaliza\u00e7\u00e3o que teve sua primeira parte entregue em abril de 2005 e terminou com a<\/p>\n","protected":false},"author":11,"featured_media":1770,"parent":0,"menu_order":0,"comment_status":"closed","ping_status":"closed","template":"","meta":{"spay_email":""},"uagb_featured_image_src":{"full":["https:\/\/www3.santoandre.sp.gov.br\/turismosantoandre\/wp-content\/uploads\/2019\/09\/Parque-Central-Julio-Bastos-PSA-2.jpg",1024,684,false],"thumbnail":["https:\/\/www3.santoandre.sp.gov.br\/turismosantoandre\/wp-content\/uploads\/2019\/09\/Parque-Central-Julio-Bastos-PSA-2-150x150.jpg",150,150,true],"medium":["https:\/\/www3.santoandre.sp.gov.br\/turismosantoandre\/wp-content\/uploads\/2019\/09\/Parque-Central-Julio-Bastos-PSA-2-300x200.jpg",300,200,true],"medium_large":["https:\/\/www3.santoandre.sp.gov.br\/turismosantoandre\/wp-content\/uploads\/2019\/09\/Parque-Central-Julio-Bastos-PSA-2-768x513.jpg",768,513,true],"large":["https:\/\/www3.santoandre.sp.gov.br\/turismosantoandre\/wp-content\/uploads\/2019\/09\/Parque-Central-Julio-Bastos-PSA-2-1024x684.jpg",783,523,true],"1536x1536":["https:\/\/www3.santoandre.sp.gov.br\/turismosantoandre\/wp-content\/uploads\/2019\/09\/Parque-Central-Julio-Bastos-PSA-2.jpg",1024,684,false],"2048x2048":["https:\/\/www3.santoandre.sp.gov.br\/turismosantoandre\/wp-content\/uploads\/2019\/09\/Parque-Central-Julio-Bastos-PSA-2.jpg",1024,684,false],"himalayas-featured-post":["https:\/\/www3.santoandre.sp.gov.br\/turismosantoandre\/wp-content\/uploads\/2019\/09\/Parque-Central-Julio-Bastos-PSA-2-781x512.jpg",781,512,true],"himalayas-portfolio-image":["https:\/\/www3.santoandre.sp.gov.br\/turismosantoandre\/wp-content\/uploads\/2019\/09\/Parque-Central-Julio-Bastos-PSA-2-400x350.jpg",400,350,true],"himalayas-featured-image":["https:\/\/www3.santoandre.sp.gov.br\/turismosantoandre\/wp-content\/uploads\/2019\/09\/Parque-Central-Julio-Bastos-PSA-2-319x142.jpg",319,142,true],"himalayas-services":["https:\/\/www3.santoandre.sp.gov.br\/turismosantoandre\/wp-content\/uploads\/2019\/09\/Parque-Central-Julio-Bastos-PSA-2-470x280.jpg",470,280,true]},"uagb_author_info":{"display_name":"Turismo Santo Andr\u00e9","author_link":"https:\/\/www3.santoandre.sp.gov.br\/turismosantoandre\/author\/turismo-santo-andre\/"},"uagb_comment_info":0,"uagb_excerpt":"Anterior Pr\u00f3ximo Foi inaugurado em 1992, mas passou por uma revitaliza\u00e7\u00e3o que teve sua primeira parte entregue em abril de 2005 e terminou com a","_links":{"self":[{"href":"https:\/\/www3.santoandre.sp.gov.br\/turismosantoandre\/wp-json\/wp\/v2\/pages\/1759"}],"collection":[{"href":"https:\/\/www3.santoandre.sp.gov.br\/turismosantoandre\/wp-json\/wp\/v2\/pages"}],"about":[{"href":"https:\/\/www3.santoandre.sp.gov.br\/turismosantoandre\/wp-json\/wp\/v2\/types\/page"}],"author":[{"embeddable":true,"href":"https:\/\/www3.santoandre.sp.gov.br\/turismosantoandre\/wp-json\/wp\/v2\/users\/11"}],"replies":[{"embeddable":true,"href":"https:\/\/www3.santoandre.sp.gov.br\/turismosantoandre\/wp-json\/wp\/v2\/comments?post=1759"}],"version-history":[{"count":35,"href":"https:\/\/www3.santoandre.sp.gov.br\/turismosantoandre\/wp-json\/wp\/v2\/pages\/1759\/revisions"}],"predecessor-version":[{"id":23906,"href":"https:\/\/www3.santoandre.sp.gov.br\/turismosantoandre\/wp-json\/wp\/v2\/pages\/1759\/revisions\/23906"}],"wp:featuredmedia":[{"embeddable":true,"href":"https:\/\/www3.santoandre.sp.gov.br\/turismosantoandre\/wp-json\/wp\/v2\/media\/1770"}],"wp:attachment":[{"href":"https:\/\/www3.santoandre.sp.gov.br\/turismosantoandre\/wp-json\/wp\/v2\/media?parent=1759"}],"curies":[{"name":"wp","href":"https:\/\/api.w.org\/{rel}","templated":true}]}}