{"id":1632,"date":"2019-09-09T14:10:04","date_gmt":"2019-09-09T17:10:04","guid":{"rendered":"https:\/\/www3.santoandre.sp.gov.br\/turismosantoandre\/?page_id=1632"},"modified":"2022-05-25T12:13:50","modified_gmt":"2022-05-25T15:13:50","slug":"cervejaria-madalena-2","status":"publish","type":"page","link":"https:\/\/www3.santoandre.sp.gov.br\/turismosantoandre\/cervejaria-madalena-2\/","title":{"rendered":"Cervejaria Madalena"},"content":{"rendered":"\t\t<div data-elementor-type=\"wp-post\" data-elementor-id=\"1632\" class=\"elementor elementor-1632\">\n\t\t\t\t\t\t<div class=\"elementor-inner\">\n\t\t\t\t<div class=\"elementor-section-wrap\">\n\t\t\t\t\t\t\t\t\t<section class=\"elementor-section elementor-top-section elementor-element elementor-element-3694d78 elementor-section-boxed elementor-section-height-default elementor-section-height-default\" data-id=\"3694d78\" data-element_type=\"section\">\n\t\t\t\t\t\t<div class=\"elementor-container elementor-column-gap-default\">\n\t\t\t\t\t\t\t<div class=\"elementor-row\">\n\t\t\t\t\t<div class=\"elementor-column elementor-col-100 elementor-top-column elementor-element elementor-element-1d75769\" data-id=\"1d75769\" data-element_type=\"column\">\n\t\t\t<div class=\"elementor-column-wrap elementor-element-populated\">\n\t\t\t\t\t\t\t<div class=\"elementor-widget-wrap\">\n\t\t\t\t\t\t<div class=\"elementor-element elementor-element-e881618 elementor-arrows-position-inside elementor-widget elementor-widget-image-carousel\" data-id=\"e881618\" data-element_type=\"widget\" data-settings=\"{&quot;slides_to_show&quot;:&quot;1&quot;,&quot;navigation&quot;:&quot;arrows&quot;,&quot;autoplay&quot;:&quot;yes&quot;,&quot;pause_on_hover&quot;:&quot;yes&quot;,&quot;pause_on_interaction&quot;:&quot;yes&quot;,&quot;autoplay_speed&quot;:5000,&quot;infinite&quot;:&quot;yes&quot;,&quot;effect&quot;:&quot;slide&quot;,&quot;speed&quot;:500}\" data-widget_type=\"image-carousel.default\">\n\t\t\t\t<div class=\"elementor-widget-container\">\n\t\t\t\t\t<div class=\"elementor-image-carousel-wrapper swiper-container\" dir=\"ltr\">\n\t\t\t<div class=\"elementor-image-carousel swiper-wrapper swiper-image-stretch\">\n\t\t\t\t\t\t\t\t<div class=\"swiper-slide\"><figure class=\"swiper-slide-inner\"><img class=\"swiper-slide-image\" src=\"https:\/\/www3.santoandre.sp.gov.br\/turismosantoandre\/wp-content\/uploads\/2019\/09\/download.jpg\" alt=\"download\" \/><\/figure><\/div>\t\t\t<\/div>\n\t\t\t\t\t<\/div>\n\t\t\t\t<\/div>\n\t\t\t\t<\/div>\n\t\t\t\t\t\t<\/div>\n\t\t\t\t\t<\/div>\n\t\t<\/div>\n\t\t\t\t\t\t\t\t<\/div>\n\t\t\t\t\t<\/div>\n\t\t<\/section>\n\t\t\t\t<section class=\"elementor-section elementor-top-section elementor-element elementor-element-ce3f1ac elementor-section-boxed elementor-section-height-default elementor-section-height-default\" data-id=\"ce3f1ac\" data-element_type=\"section\">\n\t\t\t\t\t\t<div class=\"elementor-container elementor-column-gap-default\">\n\t\t\t\t\t\t\t<div class=\"elementor-row\">\n\t\t\t\t\t<div class=\"elementor-column elementor-col-100 elementor-top-column elementor-element elementor-element-aee0f48\" data-id=\"aee0f48\" data-element_type=\"column\">\n\t\t\t<div class=\"elementor-column-wrap elementor-element-populated\">\n\t\t\t\t\t\t\t<div class=\"elementor-widget-wrap\">\n\t\t\t\t\t\t<div class=\"elementor-element elementor-element-31ba172 elementor-widget elementor-widget-text-editor\" data-id=\"31ba172\" data-element_type=\"widget\" data-widget_type=\"text-editor.default\">\n\t\t\t\t<div class=\"elementor-widget-container\">\n\t\t\t\t\t\t\t\t<div class=\"elementor-text-editor elementor-clearfix\">\n\t\t\t\t<p>Fundada em Janeiro de 2012, a Cervejaria Premium Paulista tem em seus alicerces o respeito ao tempo e ao processo de fabrica\u00e7\u00e3o de suas cervejas. Madalena \u00e9 a diferen\u00e7a entre fabricar uma cerveja artesanal sem crit\u00e9rio e a amplitude de um processo desenvolvido exclusivamente para garantir um produto de sabor \u00fanico e inconfundivelmente premium. O resultado \u00e9 uma cerveja sem adi\u00e7\u00e3o de antioxidantes, estabilizantes de espuma, ou qualquer aditivo qu\u00edmico utilizado a fim de encurtar o tempo de produ\u00e7\u00e3o.<\/p><p>Nossos produtos s\u00e3o elaborados com t\u00e9cnicas exclusivas, insumos importados e processos padronizados para assegurar o melhor resultado, sempre respeitando a preserva\u00e7\u00e3o do meio ambiente e com colaboradores empenhados e motivados. Existe uma enorme diferen\u00e7a entre fabricar cerveja artesanal e, desenvolver procedimentos para garantir que o produto sempre tenha um sabor \u00fanico. \u00c9 assim que a CEPP trabalha. \u00c9 nisso que acreditamos.<\/p><p>Que tal conhecer a f\u00e1brica da Cerveja Madalena e aprender um pouco mais sobre a produ\u00e7\u00e3o de cerveja? Todos os s\u00e1bados n\u00f3s abrimos as nossas portas para o Beer Tour Madalena, um passeio por nossa f\u00e1brica onde voc\u00ea saber\u00e1 um pouco mais sobre o universo da cerveja artesanal, conhecer\u00e1 a linha de produ\u00e7\u00e3o da Cerveja Madalena, e ainda degustar\u00e1 de 2 chopes fresquinhos, direto do nosso tanque!<\/p>\t\t\t\t\t<\/div>\n\t\t\t\t\t\t<\/div>\n\t\t\t\t<\/div>\n\t\t\t\t\t\t<\/div>\n\t\t\t\t\t<\/div>\n\t\t<\/div>\n\t\t\t\t\t\t\t\t<\/div>\n\t\t\t\t\t<\/div>\n\t\t<\/section>\n\t\t\t\t<section class=\"elementor-section elementor-top-section elementor-element elementor-element-eb9a2cd elementor-section-boxed elementor-section-height-default elementor-section-height-default\" data-id=\"eb9a2cd\" data-element_type=\"section\">\n\t\t\t\t\t\t<div class=\"elementor-container elementor-column-gap-default\">\n\t\t\t\t\t\t\t<div class=\"elementor-row\">\n\t\t\t\t\t<div class=\"elementor-column elementor-col-50 elementor-top-column elementor-element elementor-element-cf25615\" data-id=\"cf25615\" data-element_type=\"column\">\n\t\t\t<div class=\"elementor-column-wrap elementor-element-populated\">\n\t\t\t\t\t\t\t<div class=\"elementor-widget-wrap\">\n\t\t\t\t\t\t<div class=\"elementor-element elementor-element-91a91ad elementor-widget elementor-widget-google_maps\" data-id=\"91a91ad\" data-element_type=\"widget\" data-widget_type=\"google_maps.default\">\n\t\t\t\t<div class=\"elementor-widget-container\">\n\t\t\t\t\t<div class=\"elementor-custom-embed\">\n\t\t\t<iframe frameborder=\"0\" scrolling=\"no\" marginheight=\"0\" marginwidth=\"0\"\n\t\t\t\t\tsrc=\"https:\/\/maps.google.com\/maps?q=%20Av.%20Pres.%20Costa%20e%20Silva%2C%20400%20-%20Parque%20Capuava%2C%20Santo%20Andr%C3%A9%20-%20SP&#038;t=m&#038;z=16&#038;output=embed&#038;iwloc=near\"\n\t\t\t\t\ttitle=\" Av. Pres. Costa e Silva, 400 - Parque Capuava, Santo Andr\u00e9 - SP\"\n\t\t\t\t\taria-label=\" Av. Pres. Costa e Silva, 400 - Parque Capuava, Santo Andr\u00e9 - SP\"\n\t\t\t><\/iframe>\n\t\t<\/div>\n\t\t\t\t<\/div>\n\t\t\t\t<\/div>\n\t\t\t\t\t\t<\/div>\n\t\t\t\t\t<\/div>\n\t\t<\/div>\n\t\t\t\t<div class=\"elementor-column elementor-col-50 elementor-top-column elementor-element elementor-element-4aa8609\" data-id=\"4aa8609\" data-element_type=\"column\">\n\t\t\t<div class=\"elementor-column-wrap elementor-element-populated\">\n\t\t\t\t\t\t\t<div class=\"elementor-widget-wrap\">\n\t\t\t\t\t\t<div class=\"elementor-element elementor-element-bb562cd elementor-widget elementor-widget-text-editor\" data-id=\"bb562cd\" data-element_type=\"widget\" data-widget_type=\"text-editor.default\">\n\t\t\t\t<div class=\"elementor-widget-container\">\n\t\t\t\t\t\t\t\t<div class=\"elementor-text-editor elementor-clearfix\">\n\t\t\t\t<p><span class=\"LrzXr\" style=\"font-size: 15px;\">Rua Ara\u00e7atuba, 137 &#8211; Santa Maria<\/span><\/p><p>H<span style=\"font-size: 15px;\">or\u00e1rio de Visitas e agendamento:\u00a0<\/span><\/p><p><span style=\"font-size: 15px;\"><strong><a href=\"https:\/\/cervejamadalena.com\/beer-tour\/\">https:\/\/cervejamadalena.com\/beer-tour\/<\/a><\/strong><br \/><\/span><\/p><p><span style=\"font-size: 15px;\">Entrada: Sob consulta |\u00a0<\/span><span style=\"font-size: 15px;\">Info: (11) 4433-0752\/0198<\/span><\/p>\t\t\t\t\t<\/div>\n\t\t\t\t\t\t<\/div>\n\t\t\t\t<\/div>\n\t\t\t\t\t\t<\/div>\n\t\t\t\t\t<\/div>\n\t\t<\/div>\n\t\t\t\t\t\t\t\t<\/div>\n\t\t\t\t\t<\/div>\n\t\t<\/section>\n\t\t\t\t<section class=\"elementor-section elementor-top-section elementor-element elementor-element-bca5375 elementor-section-boxed elementor-section-height-default elementor-section-height-default\" data-id=\"bca5375\" data-element_type=\"section\">\n\t\t\t\t\t\t<div class=\"elementor-container elementor-column-gap-default\">\n\t\t\t\t\t\t\t<div class=\"elementor-row\">\n\t\t\t\t\t<div class=\"elementor-column elementor-col-100 elementor-top-column elementor-element elementor-element-03b2c6f\" data-id=\"03b2c6f\" data-element_type=\"column\">\n\t\t\t<div class=\"elementor-column-wrap elementor-element-populated\">\n\t\t\t\t\t\t\t<div class=\"elementor-widget-wrap\">\n\t\t\t\t\t\t<div class=\"elementor-element elementor-element-db6ac2c elementor-aspect-ratio-169 elementor-widget elementor-widget-video\" data-id=\"db6ac2c\" data-element_type=\"widget\" data-settings=\"{&quot;youtube_url&quot;:&quot;https:\\\/\\\/youtu.be\\\/9b-n3O-oY5Y&quot;,&quot;video_type&quot;:&quot;youtube&quot;,&quot;controls&quot;:&quot;yes&quot;,&quot;aspect_ratio&quot;:&quot;169&quot;}\" data-widget_type=\"video.default\">\n\t\t\t\t<div class=\"elementor-widget-container\">\n\t\t\t\t\t<div class=\"elementor-wrapper elementor-fit-aspect-ratio elementor-open-inline\">\n\t\t\t<div class=\"elementor-video\"><\/div>\t\t<\/div>\n\t\t\t\t<\/div>\n\t\t\t\t<\/div>\n\t\t\t\t\t\t<\/div>\n\t\t\t\t\t<\/div>\n\t\t<\/div>\n\t\t\t\t\t\t\t\t<\/div>\n\t\t\t\t\t<\/div>\n\t\t<\/section>\n\t\t\t\t\t\t\t\t\t<\/div>\n\t\t\t<\/div>\n\t\t\t\t\t<\/div>\n\t\t","protected":false},"excerpt":{"rendered":"<p>Fundada em Janeiro de 2012, a Cervejaria Premium Paulista tem em seus alicerces o respeito ao tempo e ao processo de fabrica\u00e7\u00e3o de suas cervejas.<\/p>\n","protected":false},"author":11,"featured_media":4159,"parent":0,"menu_order":0,"comment_status":"closed","ping_status":"closed","template":"","meta":{"spay_email":""},"uagb_featured_image_src":{"full":["https:\/\/www3.santoandre.sp.gov.br\/turismosantoandre\/wp-content\/uploads\/2020\/01\/madalena-1-e1578691727855.jpg",450,450,false],"thumbnail":["https:\/\/www3.santoandre.sp.gov.br\/turismosantoandre\/wp-content\/uploads\/2020\/01\/madalena-1-150x150.jpg",150,150,true],"medium":["https:\/\/www3.santoandre.sp.gov.br\/turismosantoandre\/wp-content\/uploads\/2020\/01\/madalena-1-300x300.jpg",300,300,true],"medium_large":["https:\/\/www3.santoandre.sp.gov.br\/turismosantoandre\/wp-content\/uploads\/2020\/01\/madalena-1-768x768.jpg",768,768,true],"large":["https:\/\/www3.santoandre.sp.gov.br\/turismosantoandre\/wp-content\/uploads\/2020\/01\/madalena-1-e1578691727855.jpg",450,450,false],"1536x1536":["https:\/\/www3.santoandre.sp.gov.br\/turismosantoandre\/wp-content\/uploads\/2020\/01\/madalena-1-e1578691727855.jpg",450,450,false],"2048x2048":["https:\/\/www3.santoandre.sp.gov.br\/turismosantoandre\/wp-content\/uploads\/2020\/01\/madalena-1-e1578691727855.jpg",450,450,false],"himalayas-featured-post":["https:\/\/www3.santoandre.sp.gov.br\/turismosantoandre\/wp-content\/uploads\/2020\/01\/madalena-1-781x512.jpg",781,512,true],"himalayas-portfolio-image":["https:\/\/www3.santoandre.sp.gov.br\/turismosantoandre\/wp-content\/uploads\/2020\/01\/madalena-1-400x350.jpg",400,350,true],"himalayas-featured-image":["https:\/\/www3.santoandre.sp.gov.br\/turismosantoandre\/wp-content\/uploads\/2020\/01\/madalena-1-319x142.jpg",319,142,true],"himalayas-services":["https:\/\/www3.santoandre.sp.gov.br\/turismosantoandre\/wp-content\/uploads\/2020\/01\/madalena-1-470x280.jpg",470,280,true]},"uagb_author_info":{"display_name":"Turismo Santo Andr\u00e9","author_link":"https:\/\/www3.santoandre.sp.gov.br\/turismosantoandre\/author\/turismo-santo-andre\/"},"uagb_comment_info":0,"uagb_excerpt":"Fundada em Janeiro de 2012, a Cervejaria Premium Paulista tem em seus alicerces o respeito ao tempo e ao processo de fabrica\u00e7\u00e3o de suas cervejas.","_links":{"self":[{"href":"https:\/\/www3.santoandre.sp.gov.br\/turismosantoandre\/wp-json\/wp\/v2\/pages\/1632"}],"collection":[{"href":"https:\/\/www3.santoandre.sp.gov.br\/turismosantoandre\/wp-json\/wp\/v2\/pages"}],"about":[{"href":"https:\/\/www3.santoandre.sp.gov.br\/turismosantoandre\/wp-json\/wp\/v2\/types\/page"}],"author":[{"embeddable":true,"href":"https:\/\/www3.santoandre.sp.gov.br\/turismosantoandre\/wp-json\/wp\/v2\/users\/11"}],"replies":[{"embeddable":true,"href":"https:\/\/www3.santoandre.sp.gov.br\/turismosantoandre\/wp-json\/wp\/v2\/comments?post=1632"}],"version-history":[{"count":26,"href":"https:\/\/www3.santoandre.sp.gov.br\/turismosantoandre\/wp-json\/wp\/v2\/pages\/1632\/revisions"}],"predecessor-version":[{"id":18705,"href":"https:\/\/www3.santoandre.sp.gov.br\/turismosantoandre\/wp-json\/wp\/v2\/pages\/1632\/revisions\/18705"}],"wp:featuredmedia":[{"embeddable":true,"href":"https:\/\/www3.santoandre.sp.gov.br\/turismosantoandre\/wp-json\/wp\/v2\/media\/4159"}],"wp:attachment":[{"href":"https:\/\/www3.santoandre.sp.gov.br\/turismosantoandre\/wp-json\/wp\/v2\/media?parent=1632"}],"curies":[{"name":"wp","href":"https:\/\/api.w.org\/{rel}","templated":true}]}}