{"id":16267,"date":"2023-05-16T15:38:15","date_gmt":"2023-05-16T18:38:15","guid":{"rendered":"https:\/\/www3.santoandre.sp.gov.br\/turismosantoandre\/?page_id=16267"},"modified":"2024-03-04T13:55:01","modified_gmt":"2024-03-04T16:55:01","slug":"guia-de-servicos","status":"publish","type":"page","link":"https:\/\/www3.santoandre.sp.gov.br\/turismosantoandre\/guia-de-servicos\/","title":{"rendered":"Guia de Servi\u00e7os Paranapiacaba"},"content":{"rendered":"\t\t<div data-elementor-type=\"wp-page\" data-elementor-id=\"16267\" class=\"elementor elementor-16267\">\n\t\t\t\t\t\t<div class=\"elementor-inner\">\n\t\t\t\t<div class=\"elementor-section-wrap\">\n\t\t\t\t\t\t\t\t\t<section class=\"elementor-section elementor-top-section elementor-element elementor-element-543dc9c elementor-section-boxed elementor-section-height-default elementor-section-height-default\" data-id=\"543dc9c\" data-element_type=\"section\">\n\t\t\t\t\t\t<div class=\"elementor-container elementor-column-gap-default\">\n\t\t\t\t\t\t\t<div class=\"elementor-row\">\n\t\t\t\t\t<div class=\"elementor-column elementor-col-100 elementor-top-column elementor-element elementor-element-62156c4\" data-id=\"62156c4\" data-element_type=\"column\">\n\t\t\t<div class=\"elementor-column-wrap elementor-element-populated\">\n\t\t\t\t\t\t\t<div class=\"elementor-widget-wrap\">\n\t\t\t\t\t\t<div class=\"elementor-element elementor-element-d177fb3 elementor-widget elementor-widget-heading\" data-id=\"d177fb3\" data-element_type=\"widget\" data-widget_type=\"heading.default\">\n\t\t\t\t<div class=\"elementor-widget-container\">\n\t\t\t<h1 class=\"elementor-heading-title elementor-size-xl\">Guia de Servi\u00e7os de Paranapiacaba<\/h1>\t\t<\/div>\n\t\t\t\t<\/div>\n\t\t\t\t\t\t<\/div>\n\t\t\t\t\t<\/div>\n\t\t<\/div>\n\t\t\t\t\t\t\t\t<\/div>\n\t\t\t\t\t<\/div>\n\t\t<\/section>\n\t\t\t\t<section class=\"elementor-section elementor-top-section elementor-element elementor-element-75be324 elementor-section-boxed elementor-section-height-default elementor-section-height-default\" data-id=\"75be324\" data-element_type=\"section\">\n\t\t\t\t\t\t<div class=\"elementor-container elementor-column-gap-default\">\n\t\t\t\t\t\t\t<div class=\"elementor-row\">\n\t\t\t\t\t<div class=\"elementor-column elementor-col-100 elementor-top-column elementor-element elementor-element-fb8d6ae\" data-id=\"fb8d6ae\" data-element_type=\"column\">\n\t\t\t<div class=\"elementor-column-wrap elementor-element-populated\">\n\t\t\t\t\t\t\t<div class=\"elementor-widget-wrap\">\n\t\t\t\t\t\t<div class=\"elementor-element elementor-element-8b64120 elementor-widget elementor-widget-spacer\" data-id=\"8b64120\" data-element_type=\"widget\" data-widget_type=\"spacer.default\">\n\t\t\t\t<div class=\"elementor-widget-container\">\n\t\t\t\t\t<div class=\"elementor-spacer\">\n\t\t\t<div class=\"elementor-spacer-inner\"><\/div>\n\t\t<\/div>\n\t\t\t\t<\/div>\n\t\t\t\t<\/div>\n\t\t\t\t<section class=\"elementor-section elementor-inner-section elementor-element elementor-element-0b27daf elementor-section-boxed elementor-section-height-default elementor-section-height-default\" data-id=\"0b27daf\" data-element_type=\"section\">\n\t\t\t\t\t\t<div class=\"elementor-container elementor-column-gap-default\">\n\t\t\t\t\t\t\t<div class=\"elementor-row\">\n\t\t\t\t\t<div class=\"elementor-column elementor-col-33 elementor-inner-column elementor-element elementor-element-664493c\" data-id=\"664493c\" data-element_type=\"column\">\n\t\t\t<div class=\"elementor-column-wrap elementor-element-populated\">\n\t\t\t\t\t\t\t<div class=\"elementor-widget-wrap\">\n\t\t\t\t\t\t<div class=\"elementor-element elementor-element-4722c85 elementor-view-default elementor-widget elementor-widget-icon\" data-id=\"4722c85\" data-element_type=\"widget\" data-widget_type=\"icon.default\">\n\t\t\t\t<div class=\"elementor-widget-container\">\n\t\t\t\t\t<div class=\"elementor-icon-wrapper\">\n\t\t\t<a class=\"elementor-icon\" href=\"https:\/\/www3.santoandre.sp.gov.br\/turismosantoandre\/cafes-chas-lanches-paes-e-doces-p\/\">\n\t\t\t<svg xmlns=\"http:\/\/www.w3.org\/2000\/svg\" id=\"Layer_1\" data-name=\"Layer 1\" viewBox=\"0 0 24 24\" width=\"512\" height=\"512\"><path d=\"M20,10h-.115A3.1,3.1,0,0,0,17,6L3,6c-5.451.372-2,8.651-.589,10.912A6.877,6.877,0,0,0,8.216,20h3.567a6.875,6.875,0,0,0,5.742-3H20C24.814,16.907,25.759,9.822,20,10Zm-8.217,8H8.216a4.881,4.881,0,0,1-4.131-2.179C3.541,15.3.494,8,3,8L17,8a.973.973,0,0,1,.729.325,1.028,1.028,0,0,1,.261.8C17.427,13.384,16.368,17.811,11.783,18ZM20,15H18.588a16.82,16.82,0,0,0,.954-3c1.209-.081,2.546.216,2.458,1.143A1.984,1.984,0,0,1,20,15ZM9.025,3V1a1,1,0,0,1,2,0V3A1,1,0,0,1,9.025,3Zm4,0V1a1,1,0,0,1,2,0V3A1,1,0,0,1,13.025,3Zm-8,0V1a1,1,0,0,1,2,0V3A1,1,0,0,1,5.025,3ZM20,23a1,1,0,0,1-1,1H1a1,1,0,0,1,0-2H19A1,1,0,0,1,20,23Z\"><\/path><\/svg>\t\t\t<\/a>\n\t\t<\/div>\n\t\t\t\t<\/div>\n\t\t\t\t<\/div>\n\t\t\t\t<div class=\"elementor-element elementor-element-64221c4 elementor-align-center elementor-widget elementor-widget-button\" data-id=\"64221c4\" data-element_type=\"widget\" data-widget_type=\"button.default\">\n\t\t\t\t<div class=\"elementor-widget-container\">\n\t\t\t\t\t<div class=\"elementor-button-wrapper\">\n\t\t\t<a href=\"https:\/\/www3.santoandre.sp.gov.br\/turismosantoandre\/cafes-chas-lanches-paes-e-doces-p\/\" class=\"elementor-button-link elementor-button elementor-size-sm\" role=\"button\">\n\t\t\t\t\t\t<span class=\"elementor-button-content-wrapper\">\n\t\t\t\t\t\t<span class=\"elementor-button-text\">CAF\u00c9S, CH\u00c1S, LANCHES, P\u00c3ES E DOCES<\/span>\n\t\t<\/span>\n\t\t\t\t\t<\/a>\n\t\t<\/div>\n\t\t\t\t<\/div>\n\t\t\t\t<\/div>\n\t\t\t\t\t\t<\/div>\n\t\t\t\t\t<\/div>\n\t\t<\/div>\n\t\t\t\t<div class=\"elementor-column elementor-col-33 elementor-inner-column elementor-element elementor-element-a0cbb3f\" data-id=\"a0cbb3f\" data-element_type=\"column\">\n\t\t\t<div class=\"elementor-column-wrap elementor-element-populated\">\n\t\t\t\t\t\t\t<div class=\"elementor-widget-wrap\">\n\t\t\t\t\t\t<div class=\"elementor-element elementor-element-8420747 elementor-view-default elementor-widget elementor-widget-icon\" data-id=\"8420747\" data-element_type=\"widget\" data-widget_type=\"icon.default\">\n\t\t\t\t<div class=\"elementor-widget-container\">\n\t\t\t\t\t<div class=\"elementor-icon-wrapper\">\n\t\t\t<a class=\"elementor-icon\" href=\"https:\/\/www3.santoandre.sp.gov.br\/turismosantoandre\/bares-p\/\">\n\t\t\t<svg xmlns=\"http:\/\/www.w3.org\/2000\/svg\" id=\"Layer_1\" data-name=\"Layer 1\" viewBox=\"0 0 24 24\" width=\"512\" height=\"512\"><path d=\"M6.6,22.122l-1.923-.6L5.5,18.966A4.93,4.93,0,0,0,6.01,19,5,5,0,0,0,10.8,15.392L12,11.836l1.183,3.5a4.887,4.887,0,0,0,5.311,3.627l.8,2.556-1.93.6.594,1.91,5.779-1.8-.593-1.91-1.939.6-.8-2.56a4.965,4.965,0,0,0,2.4-5.762L20.957,7.132A3.023,3.023,0,0,0,17.28,5.11L13.428,6.184A2.966,2.966,0,0,0,12,7.078a2.966,2.966,0,0,0-1.428-.894L6.719,5.11A3.008,3.008,0,0,0,3.052,7.1L1.185,12.657a4.964,4.964,0,0,0,2.4,5.707l-.817,2.568-1.947-.6L.23,22.237l5.781,1.8Zm14.007-6.649a3,3,0,0,1-4.087,1.139,3.022,3.022,0,0,1-1.431-1.859L14.164,12h6.323l.4,1.194A2.979,2.979,0,0,1,20.611,15.473ZM13.357,8.592a.989.989,0,0,1,.608-.482l3.851-1.073A1,1,0,0,1,18.08,7a1.023,1.023,0,0,1,.972.739L19.813,10H13.49l-.215-.637A1,1,0,0,1,13.357,8.592ZM5.918,7a1.007,1.007,0,0,1,.265.036L10.035,8.11a1,1,0,0,1,.7,1.223L10.51,10H4.187l.77-2.29A1.008,1.008,0,0,1,5.918,7ZM3.1,13.245,3.514,12H9.836l-.944,2.8a3,3,0,0,1-5.5.669A2.949,2.949,0,0,1,3.1,13.245Z\"><\/path><rect x=\"14.238\" y=\"1.144\" width=\"3.236\" height=\"2\" transform=\"translate(3.128 11.84) rotate(-45)\"><\/rect><rect x=\"7.125\" y=\"0.534\" width=\"2\" height=\"3.182\" transform=\"translate(0.877 6.368) rotate(-45)\"><\/rect><rect x=\"11\" width=\"2\" height=\"3\"><\/rect><\/svg>\t\t\t<\/a>\n\t\t<\/div>\n\t\t\t\t<\/div>\n\t\t\t\t<\/div>\n\t\t\t\t<div class=\"elementor-element elementor-element-60a80e3 elementor-align-center elementor-widget elementor-widget-button\" data-id=\"60a80e3\" data-element_type=\"widget\" data-widget_type=\"button.default\">\n\t\t\t\t<div class=\"elementor-widget-container\">\n\t\t\t\t\t<div class=\"elementor-button-wrapper\">\n\t\t\t<a href=\"https:\/\/www3.santoandre.sp.gov.br\/turismosantoandre\/bares-p\/\" class=\"elementor-button-link elementor-button elementor-size-sm\" role=\"button\">\n\t\t\t\t\t\t<span class=\"elementor-button-content-wrapper\">\n\t\t\t\t\t\t<span class=\"elementor-button-text\">BARES<\/span>\n\t\t<\/span>\n\t\t\t\t\t<\/a>\n\t\t<\/div>\n\t\t\t\t<\/div>\n\t\t\t\t<\/div>\n\t\t\t\t\t\t<\/div>\n\t\t\t\t\t<\/div>\n\t\t<\/div>\n\t\t\t\t<div class=\"elementor-column elementor-col-33 elementor-inner-column elementor-element elementor-element-1770c77\" data-id=\"1770c77\" data-element_type=\"column\">\n\t\t\t<div class=\"elementor-column-wrap elementor-element-populated\">\n\t\t\t\t\t\t\t<div class=\"elementor-widget-wrap\">\n\t\t\t\t\t\t<div class=\"elementor-element elementor-element-f7fd359 elementor-view-default elementor-widget elementor-widget-icon\" data-id=\"f7fd359\" data-element_type=\"widget\" data-widget_type=\"icon.default\">\n\t\t\t\t<div class=\"elementor-widget-container\">\n\t\t\t\t\t<div class=\"elementor-icon-wrapper\">\n\t\t\t<a class=\"elementor-icon\" href=\"https:\/\/www3.santoandre.sp.gov.br\/turismosantoandre\/restaurantes-p\/\">\n\t\t\t<svg xmlns=\"http:\/\/www.w3.org\/2000\/svg\" id=\"Layer_1\" data-name=\"Layer 1\" viewBox=\"0 0 24 24\" width=\"512\" height=\"512\"><path d=\"M23,19V17A11.01,11.01,0,0,0,13,6.051V4.723a2,2,0,1,0-2,0V6.051A11.01,11.01,0,0,0,1,17v2a1,1,0,0,0,0,2H23A1,1,0,0,0,23,19ZM3,17C3.473,5.066,20.531,5.075,21,17v2H3Z\"><\/path><\/svg>\t\t\t<\/a>\n\t\t<\/div>\n\t\t\t\t<\/div>\n\t\t\t\t<\/div>\n\t\t\t\t<div class=\"elementor-element elementor-element-2e2ccd6 elementor-align-center elementor-widget elementor-widget-button\" data-id=\"2e2ccd6\" data-element_type=\"widget\" data-widget_type=\"button.default\">\n\t\t\t\t<div class=\"elementor-widget-container\">\n\t\t\t\t\t<div class=\"elementor-button-wrapper\">\n\t\t\t<a href=\"https:\/\/www3.santoandre.sp.gov.br\/turismosantoandre\/restaurantes-p\/\" class=\"elementor-button-link elementor-button elementor-size-sm\" role=\"button\">\n\t\t\t\t\t\t<span class=\"elementor-button-content-wrapper\">\n\t\t\t\t\t\t<span class=\"elementor-button-text\">RESTAURANTES<\/span>\n\t\t<\/span>\n\t\t\t\t\t<\/a>\n\t\t<\/div>\n\t\t\t\t<\/div>\n\t\t\t\t<\/div>\n\t\t\t\t\t\t<\/div>\n\t\t\t\t\t<\/div>\n\t\t<\/div>\n\t\t\t\t\t\t\t\t<\/div>\n\t\t\t\t\t<\/div>\n\t\t<\/section>\n\t\t\t\t<div class=\"elementor-element elementor-element-179e614 elementor-widget elementor-widget-spacer\" data-id=\"179e614\" data-element_type=\"widget\" data-widget_type=\"spacer.default\">\n\t\t\t\t<div class=\"elementor-widget-container\">\n\t\t\t\t\t<div class=\"elementor-spacer\">\n\t\t\t<div class=\"elementor-spacer-inner\"><\/div>\n\t\t<\/div>\n\t\t\t\t<\/div>\n\t\t\t\t<\/div>\n\t\t\t\t<section class=\"elementor-section elementor-inner-section elementor-element elementor-element-2e07ccf elementor-section-boxed elementor-section-height-default elementor-section-height-default\" data-id=\"2e07ccf\" data-element_type=\"section\">\n\t\t\t\t\t\t<div class=\"elementor-container elementor-column-gap-default\">\n\t\t\t\t\t\t\t<div class=\"elementor-row\">\n\t\t\t\t\t<div class=\"elementor-column elementor-col-33 elementor-inner-column elementor-element elementor-element-7d245c8\" data-id=\"7d245c8\" data-element_type=\"column\">\n\t\t\t<div class=\"elementor-column-wrap elementor-element-populated\">\n\t\t\t\t\t\t\t<div class=\"elementor-widget-wrap\">\n\t\t\t\t\t\t<div class=\"elementor-element elementor-element-9880ef9 elementor-view-default elementor-widget elementor-widget-icon\" data-id=\"9880ef9\" data-element_type=\"widget\" data-widget_type=\"icon.default\">\n\t\t\t\t<div class=\"elementor-widget-container\">\n\t\t\t\t\t<div class=\"elementor-icon-wrapper\">\n\t\t\t<a class=\"elementor-icon\" href=\"https:\/\/www3.santoandre.sp.gov.br\/turismosantoandre\/arte-e-artesanato-p\/\">\n\t\t\t<svg xmlns=\"http:\/\/www.w3.org\/2000\/svg\" id=\"Layer_1\" data-name=\"Layer 1\" viewBox=\"0 0 24 24\"><path d=\"m22.926,6.264c1.43-1.432,1.43-3.759,0-5.188-1.43-1.432-3.76-1.432-5.189,0L6.8,12.011c-1.509-.083-3.045.451-4.196,1.601C1.103,15.114.255,19.353.017,21.383c-.084.713.158,1.412.664,1.918.439.44,1.025.681,1.64.681.093,0,.186-.006.278-.017.241-.028,5.938-.718,7.789-2.569,1.15-1.15,1.683-2.686,1.6-4.195l10.938-10.937ZM6.806,12.011h0s.001-.001,0,0Zm2.167,7.97c-.854.854-4.095,1.701-6.609,1.997-.135.021-.228-.05-.27-.092-.041-.041-.108-.131-.092-.271.294-2.502,1.174-5.747,2.016-6.59.684-.683,1.58-1.024,2.478-1.024s1.794.342,2.478,1.024c1.366,1.366,1.366,3.589,0,4.955Zm1.414-6.369c-.411-.411-.872-.744-1.363-.997L19.15,2.489c.65-.65,1.711-.65,2.361,0s.65,1.709,0,2.36l-10.127,10.126c-.254-.491-.586-.952-.997-1.363Z\"><\/path><path d=\"m4.722,9.91c.195.195.451.293.707.293s.512-.098.707-.293c.391-.391.391-1.023,0-1.414l-3.646-3.646c-.651-.651-.651-1.71,0-2.361.651-.65,1.711-.65,2.36,0l3.646,3.647c.391.391,1.023.391,1.414,0s.391-1.023,0-1.414l-3.646-3.647C4.832-.355,2.505-.355,1.075,1.074s-1.431,3.759,0,5.189l3.646,3.646Z\"><\/path><path d=\"m22.242,17.054l-2.955-2.956c-.391-.391-1.023-.391-1.414,0s-.391,1.023,0,1.414l2.955,2.956c.745.744,1.172,1.774,1.172,2.828v.704h-.703c-1.069,0-2.074-.416-2.829-1.172l-2.956-2.955c-.391-.391-1.023-.391-1.414,0s-.391,1.023,0,1.414l2.956,2.955c1.132,1.134,2.64,1.758,4.243,1.758h1.703c.553,0,1-.447,1-1v-1.704c0-1.58-.641-3.127-1.758-4.242Z\"><\/path><\/svg>\t\t\t<\/a>\n\t\t<\/div>\n\t\t\t\t<\/div>\n\t\t\t\t<\/div>\n\t\t\t\t<div class=\"elementor-element elementor-element-dc69958 elementor-align-center elementor-widget elementor-widget-button\" data-id=\"dc69958\" data-element_type=\"widget\" data-widget_type=\"button.default\">\n\t\t\t\t<div class=\"elementor-widget-container\">\n\t\t\t\t\t<div class=\"elementor-button-wrapper\">\n\t\t\t<a href=\"https:\/\/www3.santoandre.sp.gov.br\/turismosantoandre\/arte-e-artesanato-p\/\" class=\"elementor-button-link elementor-button elementor-size-sm\" role=\"button\">\n\t\t\t\t\t\t<span class=\"elementor-button-content-wrapper\">\n\t\t\t\t\t\t<span class=\"elementor-button-text\">ARTE E ARTESANATO<\/span>\n\t\t<\/span>\n\t\t\t\t\t<\/a>\n\t\t<\/div>\n\t\t\t\t<\/div>\n\t\t\t\t<\/div>\n\t\t\t\t\t\t<\/div>\n\t\t\t\t\t<\/div>\n\t\t<\/div>\n\t\t\t\t<div class=\"elementor-column elementor-col-33 elementor-inner-column elementor-element elementor-element-2334ffa\" data-id=\"2334ffa\" data-element_type=\"column\">\n\t\t\t<div class=\"elementor-column-wrap elementor-element-populated\">\n\t\t\t\t\t\t\t<div class=\"elementor-widget-wrap\">\n\t\t\t\t\t\t<div class=\"elementor-element elementor-element-fbd56b6 elementor-view-default elementor-widget elementor-widget-icon\" data-id=\"fbd56b6\" data-element_type=\"widget\" data-widget_type=\"icon.default\">\n\t\t\t\t<div class=\"elementor-widget-container\">\n\t\t\t\t\t<div class=\"elementor-icon-wrapper\">\n\t\t\t<a class=\"elementor-icon\" href=\"https:\/\/www3.santoandre.sp.gov.br\/turismosantoandre\/pousadas-p\/\">\n\t\t\t<svg xmlns=\"http:\/\/www.w3.org\/2000\/svg\" id=\"Layer_1\" data-name=\"Layer 1\" viewBox=\"0 0 24 24\" width=\"512\" height=\"512\"><path d=\"M19,6H13A4.987,4.987,0,0,0,8.584,8.705,3.464,3.464,0,0,0,6.5,8,3.5,3.5,0,0,0,3,11.5,3.464,3.464,0,0,0,3.351,13H2V3A1,1,0,0,0,0,3V21a1,1,0,0,0,2,0V19H22v2a1,1,0,0,0,2,0V11A5.006,5.006,0,0,0,19,6Zm-9,5a3,3,0,0,1,3-3h6a3,3,0,0,1,3,3v2H10Zm-5,.5A1.5,1.5,0,1,1,6.5,13,1.5,1.5,0,0,1,5,11.5ZM2,17V15H22v2Z\"><\/path><\/svg>\t\t\t<\/a>\n\t\t<\/div>\n\t\t\t\t<\/div>\n\t\t\t\t<\/div>\n\t\t\t\t<div class=\"elementor-element elementor-element-27f4120 elementor-align-center elementor-widget elementor-widget-button\" data-id=\"27f4120\" data-element_type=\"widget\" data-widget_type=\"button.default\">\n\t\t\t\t<div class=\"elementor-widget-container\">\n\t\t\t\t\t<div class=\"elementor-button-wrapper\">\n\t\t\t<a href=\"https:\/\/www3.santoandre.sp.gov.br\/turismosantoandre\/pousadas-p\/\" class=\"elementor-button-link elementor-button elementor-size-sm\" role=\"button\">\n\t\t\t\t\t\t<span class=\"elementor-button-content-wrapper\">\n\t\t\t\t\t\t<span class=\"elementor-button-text\">POUSADAS<\/span>\n\t\t<\/span>\n\t\t\t\t\t<\/a>\n\t\t<\/div>\n\t\t\t\t<\/div>\n\t\t\t\t<\/div>\n\t\t\t\t\t\t<\/div>\n\t\t\t\t\t<\/div>\n\t\t<\/div>\n\t\t\t\t<div class=\"elementor-column elementor-col-33 elementor-inner-column elementor-element elementor-element-d361731\" data-id=\"d361731\" data-element_type=\"column\">\n\t\t\t<div class=\"elementor-column-wrap elementor-element-populated\">\n\t\t\t\t\t\t\t<div class=\"elementor-widget-wrap\">\n\t\t\t\t\t\t<div class=\"elementor-element elementor-element-5dd1365 elementor-view-default elementor-widget elementor-widget-icon\" data-id=\"5dd1365\" data-element_type=\"widget\" data-widget_type=\"icon.default\">\n\t\t\t\t<div class=\"elementor-widget-container\">\n\t\t\t\t\t<div class=\"elementor-icon-wrapper\">\n\t\t\t<a class=\"elementor-icon\" href=\"https:\/\/www3.santoandre.sp.gov.br\/turismosantoandre\/bed-and-breakfast-p\/\">\n\t\t\t<svg xmlns=\"http:\/\/www.w3.org\/2000\/svg\" id=\"Layer_1\" data-name=\"Layer 1\" viewBox=\"0 0 24 24\" width=\"512\" height=\"512\"><path d=\"M15,24a12.021,12.021,0,0,1-8.914-3.966,11.9,11.9,0,0,1-3.02-9.309A12.122,12.122,0,0,1,13.085.152a13.061,13.061,0,0,1,5.031.205,2.5,2.5,0,0,1,1.108,4.226c-4.56,4.166-4.164,10.644.807,14.41a2.5,2.5,0,0,1-.7,4.32A13.894,13.894,0,0,1,15,24Zm.076-22a10.793,10.793,0,0,0-1.677.127,10.093,10.093,0,0,0-8.344,8.8A9.927,9.927,0,0,0,7.572,18.7,10.476,10.476,0,0,0,18.664,21.43a.5.5,0,0,0,.139-.857c-5.929-4.478-6.4-12.486-.948-17.449a.459.459,0,0,0,.128-.466.49.49,0,0,0-.356-.361A10.657,10.657,0,0,0,15.076,2Z\"><\/path><\/svg>\t\t\t<\/a>\n\t\t<\/div>\n\t\t\t\t<\/div>\n\t\t\t\t<\/div>\n\t\t\t\t<div class=\"elementor-element elementor-element-1455675 elementor-align-center elementor-widget elementor-widget-button\" data-id=\"1455675\" data-element_type=\"widget\" data-widget_type=\"button.default\">\n\t\t\t\t<div class=\"elementor-widget-container\">\n\t\t\t\t\t<div class=\"elementor-button-wrapper\">\n\t\t\t<a href=\"https:\/\/www3.santoandre.sp.gov.br\/turismosantoandre\/bed-and-breakfast-p\/\" class=\"elementor-button-link elementor-button elementor-size-sm\" role=\"button\">\n\t\t\t\t\t\t<span class=\"elementor-button-content-wrapper\">\n\t\t\t\t\t\t<span class=\"elementor-button-text\">B&B (BED & BREAKFAST)<\/span>\n\t\t<\/span>\n\t\t\t\t\t<\/a>\n\t\t<\/div>\n\t\t\t\t<\/div>\n\t\t\t\t<\/div>\n\t\t\t\t\t\t<\/div>\n\t\t\t\t\t<\/div>\n\t\t<\/div>\n\t\t\t\t\t\t\t\t<\/div>\n\t\t\t\t\t<\/div>\n\t\t<\/section>\n\t\t\t\t\t\t<\/div>\n\t\t\t\t\t<\/div>\n\t\t<\/div>\n\t\t\t\t\t\t\t\t<\/div>\n\t\t\t\t\t<\/div>\n\t\t<\/section>\n\t\t\t\t<section class=\"elementor-section elementor-top-section elementor-element elementor-element-2410485 elementor-section-boxed elementor-section-height-default elementor-section-height-default\" data-id=\"2410485\" data-element_type=\"section\">\n\t\t\t\t\t\t<div class=\"elementor-container elementor-column-gap-default\">\n\t\t\t\t\t\t\t<div class=\"elementor-row\">\n\t\t\t\t\t<div class=\"elementor-column elementor-col-100 elementor-top-column elementor-element elementor-element-ef98521\" data-id=\"ef98521\" data-element_type=\"column\">\n\t\t\t<div class=\"elementor-column-wrap elementor-element-populated\">\n\t\t\t\t\t\t\t<div class=\"elementor-widget-wrap\">\n\t\t\t\t\t\t<div class=\"elementor-element elementor-element-b4e49af elementor-widget elementor-widget-spacer\" data-id=\"b4e49af\" data-element_type=\"widget\" data-widget_type=\"spacer.default\">\n\t\t\t\t<div class=\"elementor-widget-container\">\n\t\t\t\t\t<div class=\"elementor-spacer\">\n\t\t\t<div class=\"elementor-spacer-inner\"><\/div>\n\t\t<\/div>\n\t\t\t\t<\/div>\n\t\t\t\t<\/div>\n\t\t\t\t<div class=\"elementor-element elementor-element-c8040d2 elementor-view-default elementor-widget elementor-widget-icon\" data-id=\"c8040d2\" data-element_type=\"widget\" data-widget_type=\"icon.default\">\n\t\t\t\t<div class=\"elementor-widget-container\">\n\t\t\t\t\t<div class=\"elementor-icon-wrapper\">\n\t\t\t<a class=\"elementor-icon\" href=\"https:\/\/www3.santoandre.sp.gov.br\/turismosantoandre\/outros-servicos-p\/\">\n\t\t\t<svg xmlns=\"http:\/\/www.w3.org\/2000\/svg\" id=\"Outline\" viewBox=\"0 0 24 24\" width=\"512\" height=\"512\"><path d=\"M23.707,22.293l-5.969-5.969a10.016,10.016,0,1,0-1.414,1.414l5.969,5.969a1,1,0,0,0,1.414-1.414ZM10,18a8,8,0,1,1,8-8A8.009,8.009,0,0,1,10,18Z\"><\/path><\/svg>\t\t\t<\/a>\n\t\t<\/div>\n\t\t\t\t<\/div>\n\t\t\t\t<\/div>\n\t\t\t\t<div class=\"elementor-element elementor-element-7c085fe elementor-align-center elementor-widget elementor-widget-button\" data-id=\"7c085fe\" data-element_type=\"widget\" data-widget_type=\"button.default\">\n\t\t\t\t<div class=\"elementor-widget-container\">\n\t\t\t\t\t<div class=\"elementor-button-wrapper\">\n\t\t\t<a href=\"https:\/\/www3.santoandre.sp.gov.br\/turismosantoandre\/outros-servicos-p\/\" class=\"elementor-button-link elementor-button elementor-size-sm\" role=\"button\">\n\t\t\t\t\t\t<span class=\"elementor-button-content-wrapper\">\n\t\t\t\t\t\t<span class=\"elementor-button-text\">OUTROS SERVI\u00c7OS<\/span>\n\t\t<\/span>\n\t\t\t\t\t<\/a>\n\t\t<\/div>\n\t\t\t\t<\/div>\n\t\t\t\t<\/div>\n\t\t\t\t\t\t<\/div>\n\t\t\t\t\t<\/div>\n\t\t<\/div>\n\t\t\t\t\t\t\t\t<\/div>\n\t\t\t\t\t<\/div>\n\t\t<\/section>\n\t\t\t\t\t\t\t\t\t<\/div>\n\t\t\t<\/div>\n\t\t\t\t\t<\/div>\n\t\t","protected":false},"excerpt":{"rendered":"<p>Guia de Servi\u00e7os de Paranapiacaba CAF\u00c9S, CH\u00c1S, LANCHES, P\u00c3ES E DOCES BARES RESTAURANTES ARTE E ARTESANATO POUSADAS B&#038;B (BED &#038; BREAKFAST) OUTROS SERVI\u00c7OS<\/p>\n","protected":false},"author":1,"featured_media":0,"parent":0,"menu_order":0,"comment_status":"closed","ping_status":"closed","template":"","meta":{"spay_email":""},"uagb_featured_image_src":{"full":false,"thumbnail":false,"medium":false,"medium_large":false,"large":false,"1536x1536":false,"2048x2048":false,"himalayas-featured-post":false,"himalayas-portfolio-image":false,"himalayas-featured-image":false,"himalayas-services":false},"uagb_author_info":{"display_name":"Admin","author_link":"https:\/\/www3.santoandre.sp.gov.br\/turismosantoandre\/author\/admtur\/"},"uagb_comment_info":0,"uagb_excerpt":"Guia de Servi\u00e7os de Paranapiacaba CAF\u00c9S, CH\u00c1S, LANCHES, P\u00c3ES E DOCES BARES RESTAURANTES ARTE E ARTESANATO POUSADAS B&#038;B (BED &#038; BREAKFAST) OUTROS SERVI\u00c7OS","_links":{"self":[{"href":"https:\/\/www3.santoandre.sp.gov.br\/turismosantoandre\/wp-json\/wp\/v2\/pages\/16267"}],"collection":[{"href":"https:\/\/www3.santoandre.sp.gov.br\/turismosantoandre\/wp-json\/wp\/v2\/pages"}],"about":[{"href":"https:\/\/www3.santoandre.sp.gov.br\/turismosantoandre\/wp-json\/wp\/v2\/types\/page"}],"author":[{"embeddable":true,"href":"https:\/\/www3.santoandre.sp.gov.br\/turismosantoandre\/wp-json\/wp\/v2\/users\/1"}],"replies":[{"embeddable":true,"href":"https:\/\/www3.santoandre.sp.gov.br\/turismosantoandre\/wp-json\/wp\/v2\/comments?post=16267"}],"version-history":[{"count":109,"href":"https:\/\/www3.santoandre.sp.gov.br\/turismosantoandre\/wp-json\/wp\/v2\/pages\/16267\/revisions"}],"predecessor-version":[{"id":19736,"href":"https:\/\/www3.santoandre.sp.gov.br\/turismosantoandre\/wp-json\/wp\/v2\/pages\/16267\/revisions\/19736"}],"wp:attachment":[{"href":"https:\/\/www3.santoandre.sp.gov.br\/turismosantoandre\/wp-json\/wp\/v2\/media?parent=16267"}],"curies":[{"name":"wp","href":"https:\/\/api.w.org\/{rel}","templated":true}]}}