{"id":1520,"date":"2019-09-09T09:49:41","date_gmt":"2019-09-09T12:49:41","guid":{"rendered":"https:\/\/www3.santoandre.sp.gov.br\/turismosantoandre\/?page_id=1520"},"modified":"2024-01-25T15:18:58","modified_gmt":"2024-01-25T18:18:58","slug":"braskem","status":"publish","type":"page","link":"https:\/\/www3.santoandre.sp.gov.br\/turismosantoandre\/braskem\/","title":{"rendered":"Braskem"},"content":{"rendered":"\t\t<div data-elementor-type=\"wp-post\" data-elementor-id=\"1520\" class=\"elementor elementor-1520\">\n\t\t\t\t\t\t<div class=\"elementor-inner\">\n\t\t\t\t<div class=\"elementor-section-wrap\">\n\t\t\t\t\t\t\t\t\t<section class=\"elementor-section elementor-top-section elementor-element elementor-element-ce3f1ac elementor-section-boxed elementor-section-height-default elementor-section-height-default\" data-id=\"ce3f1ac\" data-element_type=\"section\">\n\t\t\t\t\t\t<div class=\"elementor-container elementor-column-gap-default\">\n\t\t\t\t\t\t\t<div class=\"elementor-row\">\n\t\t\t\t\t<div class=\"elementor-column elementor-col-100 elementor-top-column elementor-element elementor-element-aee0f48\" data-id=\"aee0f48\" data-element_type=\"column\">\n\t\t\t<div class=\"elementor-column-wrap elementor-element-populated\">\n\t\t\t\t\t\t\t<div class=\"elementor-widget-wrap\">\n\t\t\t\t\t\t<div class=\"elementor-element elementor-element-31ba172 elementor-widget elementor-widget-text-editor\" data-id=\"31ba172\" data-element_type=\"widget\" data-widget_type=\"text-editor.default\">\n\t\t\t\t<div class=\"elementor-widget-container\">\n\t\t\t\t\t\t\t\t<div class=\"elementor-text-editor elementor-clearfix\">\n\t\t\t\t<p>A Braskem \u00e9, hoje, a maior produtora de resinas termopl\u00e1sticas nas Am\u00e9ricas\u00a0\u00a0e a maior produtora de polipropileno nos Estados Unidos. Sua produ\u00e7\u00e3o \u00e9 focada nas resinas polietileno (PE), polipropileno (PP) e policloreto de vinila (PVC), al\u00e9m de insumos qu\u00edmicos b\u00e1sicos. Juntos, comp\u00f5e um dos portf\u00f3lios mais completos do mercado, ao incluir tamb\u00e9m o polietileno verde, produzido a partir da cana-de-a\u00e7\u00facar, de origem 100% renov\u00e1vel.<\/p><p>A Braskem est\u00e1 inserida no setor qu\u00edmico e petroqu\u00edmico, que tem participa\u00e7\u00e3o relevante em in\u00fameras cadeias produtivas e \u00e9 essencial para o desenvolvimento econ\u00f4mico. Nesse contexto, a qu\u00edmica e o pl\u00e1stico contribuem na cria\u00e7\u00e3o de solu\u00e7\u00f5es sustent\u00e1veis para a melhoria da vida das pessoas em setores como moradia, alimenta\u00e7\u00e3o e mobilidade.<\/p><p>\u00a0A qu\u00edmica e o pl\u00e1stico s\u00e3o elementos fundamentais para a vida moderna e suas aplica\u00e7\u00f5es est\u00e3o presentes em todo e qualquer lugar. A Braskem participa de forma direta nesse processo, oferecendo mat\u00e9rias-primas de qualidade para a ind\u00fastria da transforma\u00e7\u00e3o \u2013 a respons\u00e1vel por criar as aplica\u00e7\u00f5es que atendem as necessidades humanas relacionadas \u00e0 alimenta\u00e7\u00e3o, \u00e0 habita\u00e7\u00e3o, ao transporte, entre outras.<\/p><p>Ela est\u00e1 localizada no P\u00f3lo Petroqu\u00edmico de Capuava, em Santo Andr\u00e9. Empresa inovadora e tamb\u00e9m orgulho industrial de Santo Andr\u00e9.<\/p><p>As visitas na Braskem devem ser <strong>previamente agendadas<\/strong> e acontecem:<\/p><ul><li>\u00e0s quartas e quintas-feiras \u00e0s 9h<\/li><li>\u00e0s segundas-feiras \u00e0s 19h<\/li><li>e aos s\u00e1bados \u00e0s 09h<\/li><li>com grupos de 10 a 22 pessoas, maiores de 14 anos.<\/li><\/ul>\t\t\t\t\t<\/div>\n\t\t\t\t\t\t<\/div>\n\t\t\t\t<\/div>\n\t\t\t\t\t\t<\/div>\n\t\t\t\t\t<\/div>\n\t\t<\/div>\n\t\t\t\t\t\t\t\t<\/div>\n\t\t\t\t\t<\/div>\n\t\t<\/section>\n\t\t\t\t<section class=\"elementor-section elementor-top-section elementor-element elementor-element-eb9a2cd elementor-section-boxed elementor-section-height-default elementor-section-height-default\" data-id=\"eb9a2cd\" data-element_type=\"section\">\n\t\t\t\t\t\t<div class=\"elementor-container elementor-column-gap-default\">\n\t\t\t\t\t\t\t<div class=\"elementor-row\">\n\t\t\t\t\t<div class=\"elementor-column elementor-col-50 elementor-top-column elementor-element elementor-element-cf25615\" data-id=\"cf25615\" data-element_type=\"column\">\n\t\t\t<div class=\"elementor-column-wrap elementor-element-populated\">\n\t\t\t\t\t\t\t<div class=\"elementor-widget-wrap\">\n\t\t\t\t\t\t<div class=\"elementor-element elementor-element-91a91ad elementor-widget elementor-widget-google_maps\" data-id=\"91a91ad\" data-element_type=\"widget\" data-widget_type=\"google_maps.default\">\n\t\t\t\t<div class=\"elementor-widget-container\">\n\t\t\t\t\t<div class=\"elementor-custom-embed\">\n\t\t\t<iframe frameborder=\"0\" scrolling=\"no\" marginheight=\"0\" marginwidth=\"0\"\n\t\t\t\t\tsrc=\"https:\/\/maps.google.com\/maps?q=%20Av.%20Pres.%20Costa%20e%20Silva%2C%20400%20-%20Parque%20Capuava%2C%20Santo%20Andr%C3%A9%20-%20SP&#038;t=m&#038;z=16&#038;output=embed&#038;iwloc=near\"\n\t\t\t\t\ttitle=\" Av. Pres. Costa e Silva, 400 - Parque Capuava, Santo Andr\u00e9 - SP\"\n\t\t\t\t\taria-label=\" Av. Pres. Costa e Silva, 400 - Parque Capuava, Santo Andr\u00e9 - SP\"\n\t\t\t><\/iframe>\n\t\t<\/div>\n\t\t\t\t<\/div>\n\t\t\t\t<\/div>\n\t\t\t\t\t\t<\/div>\n\t\t\t\t\t<\/div>\n\t\t<\/div>\n\t\t\t\t<div class=\"elementor-column elementor-col-50 elementor-top-column elementor-element elementor-element-4aa8609\" data-id=\"4aa8609\" data-element_type=\"column\">\n\t\t\t<div class=\"elementor-column-wrap elementor-element-populated\">\n\t\t\t\t\t\t\t<div class=\"elementor-widget-wrap\">\n\t\t\t\t\t\t<div class=\"elementor-element elementor-element-bb562cd elementor-widget elementor-widget-text-editor\" data-id=\"bb562cd\" data-element_type=\"widget\" data-widget_type=\"text-editor.default\">\n\t\t\t\t<div class=\"elementor-widget-container\">\n\t\t\t\t\t\t\t\t<div class=\"elementor-text-editor elementor-clearfix\">\n\t\t\t\t<p><span class=\"LrzXr\" style=\"font-size: 15px;\">Av. Pres. Costa e Silva, 400 &#8211; Parque Capuava<\/span><\/p><p><span style=\"font-size: 15px;\">Agendamento:\u00a0<br \/><a href=\"mailto:turismo@santoandre.sp.gov.br\"><b>turismo@santoandre.sp.gov.br<\/b><\/a><\/span><\/p><p><span style=\"font-size: 15px;\">Entrada: Gratuita\u00a0<\/span><\/p><p><span style=\"font-size: 15px;\">Info: (11) <strong><a href=\"tel:551144330752\">4433-0752 e <\/a><\/strong><\/span><a href=\"tel:44330198\"><strong>4433-0198<\/strong><\/a><\/p>\t\t\t\t\t<\/div>\n\t\t\t\t\t\t<\/div>\n\t\t\t\t<\/div>\n\t\t\t\t\t\t<\/div>\n\t\t\t\t\t<\/div>\n\t\t<\/div>\n\t\t\t\t\t\t\t\t<\/div>\n\t\t\t\t\t<\/div>\n\t\t<\/section>\n\t\t\t\t\t\t\t\t\t<\/div>\n\t\t\t<\/div>\n\t\t\t\t\t<\/div>\n\t\t","protected":false},"excerpt":{"rendered":"<p>A Braskem \u00e9, hoje, a maior produtora de resinas termopl\u00e1sticas nas Am\u00e9ricas\u00a0\u00a0e a maior produtora de polipropileno nos Estados Unidos. Sua produ\u00e7\u00e3o \u00e9 focada nas<\/p>\n","protected":false},"author":11,"featured_media":0,"parent":0,"menu_order":0,"comment_status":"closed","ping_status":"closed","template":"","meta":{"spay_email":""},"uagb_featured_image_src":{"full":false,"thumbnail":false,"medium":false,"medium_large":false,"large":false,"1536x1536":false,"2048x2048":false,"himalayas-featured-post":false,"himalayas-portfolio-image":false,"himalayas-featured-image":false,"himalayas-services":false},"uagb_author_info":{"display_name":"Turismo Santo Andr\u00e9","author_link":"https:\/\/www3.santoandre.sp.gov.br\/turismosantoandre\/author\/turismo-santo-andre\/"},"uagb_comment_info":0,"uagb_excerpt":"A Braskem \u00e9, hoje, a maior produtora de resinas termopl\u00e1sticas nas Am\u00e9ricas\u00a0\u00a0e a maior produtora de polipropileno nos Estados Unidos. Sua produ\u00e7\u00e3o \u00e9 focada nas","_links":{"self":[{"href":"https:\/\/www3.santoandre.sp.gov.br\/turismosantoandre\/wp-json\/wp\/v2\/pages\/1520"}],"collection":[{"href":"https:\/\/www3.santoandre.sp.gov.br\/turismosantoandre\/wp-json\/wp\/v2\/pages"}],"about":[{"href":"https:\/\/www3.santoandre.sp.gov.br\/turismosantoandre\/wp-json\/wp\/v2\/types\/page"}],"author":[{"embeddable":true,"href":"https:\/\/www3.santoandre.sp.gov.br\/turismosantoandre\/wp-json\/wp\/v2\/users\/11"}],"replies":[{"embeddable":true,"href":"https:\/\/www3.santoandre.sp.gov.br\/turismosantoandre\/wp-json\/wp\/v2\/comments?post=1520"}],"version-history":[{"count":24,"href":"https:\/\/www3.santoandre.sp.gov.br\/turismosantoandre\/wp-json\/wp\/v2\/pages\/1520\/revisions"}],"predecessor-version":[{"id":19142,"href":"https:\/\/www3.santoandre.sp.gov.br\/turismosantoandre\/wp-json\/wp\/v2\/pages\/1520\/revisions\/19142"}],"wp:attachment":[{"href":"https:\/\/www3.santoandre.sp.gov.br\/turismosantoandre\/wp-json\/wp\/v2\/media?parent=1520"}],"curies":[{"name":"wp","href":"https:\/\/api.w.org\/{rel}","templated":true}]}}