{"id":152,"date":"2015-07-21T12:25:49","date_gmt":"2015-07-21T15:25:49","guid":{"rendered":"https:\/\/demo.themegrill.com\/himalayas\/?page_id=152"},"modified":"2026-02-19T12:17:23","modified_gmt":"2026-02-19T15:17:23","slug":"conselho-municipal-de-turismo","status":"publish","type":"page","link":"https:\/\/www3.santoandre.sp.gov.br\/turismosantoandre\/conselho-municipal-de-turismo\/","title":{"rendered":"Conselho Municipal de Turismo"},"content":{"rendered":"\t\t<div data-elementor-type=\"wp-post\" data-elementor-id=\"152\" class=\"elementor elementor-152\">\n\t\t\t\t\t\t<div class=\"elementor-inner\">\n\t\t\t\t<div class=\"elementor-section-wrap\">\n\t\t\t\t\t\t\t\t\t<section class=\"elementor-section elementor-top-section elementor-element elementor-element-2027702 elementor-section-boxed elementor-section-height-default elementor-section-height-default\" data-id=\"2027702\" data-element_type=\"section\">\n\t\t\t\t\t\t<div class=\"elementor-container elementor-column-gap-default\">\n\t\t\t\t\t\t\t<div class=\"elementor-row\">\n\t\t\t\t\t<div class=\"elementor-column elementor-col-100 elementor-top-column elementor-element elementor-element-71cb625\" data-id=\"71cb625\" data-element_type=\"column\">\n\t\t\t<div class=\"elementor-column-wrap elementor-element-populated\">\n\t\t\t\t\t\t\t<div class=\"elementor-widget-wrap\">\n\t\t\t\t\t\t<div class=\"elementor-element elementor-element-251384e elementor-widget elementor-widget-text-editor\" data-id=\"251384e\" data-element_type=\"widget\" data-widget_type=\"text-editor.default\">\n\t\t\t\t<div class=\"elementor-widget-container\">\n\t\t\t\t\t\t\t\t<div class=\"elementor-text-editor elementor-clearfix\">\n\t\t\t\t<p>O Conselho Municipal de Turismo \u2013 COMTUR \u00e9 uma ferramenta de planejamento e participa\u00e7\u00e3o, composto pelo poder publico, iniciativa privada e sociedade civil, vinculado \u00e0 Secretaria de Desenvolvimento e Gera\u00e7\u00e3o de Emprego e tem por objetivo deliberar, opinar, sugerir, indicar, fiscalizar, avaliar, propor e acompanhar as medidas que tenham por finalidade o desenvolvimento sustentado da atividade tur\u00edstica no Munic\u00edpio de Santo Andr\u00e9.<\/p><h3>Gest\u00e3o 2026\/2027<\/h3><ul><li><a href=\"https:\/\/www3.santoandre.sp.gov.br\/turismosantoandre\/wp-content\/uploads\/2026\/01\/PORTARIA-No-007-DE-14-01-2026-Nomeacao-COMTUR.pdf\"><strong>Portaria n\u00ba 007, de 14 de janeiro de\u00a0 2026 \u2013 Nomea\u00e7\u00e3o COMTUR \u2013 2026\/2027<\/strong><\/a><\/li><li><strong><a href=\"https:\/\/www3.santoandre.sp.gov.br\/turismosantoandre\/wp-content\/uploads\/2026\/01\/COMTUR-membros-26.27p.-portal-7.pdf\">Lista de Membros do COMTUR por segmento &#8211; Gest\u00e3o 2026 -2027<\/a><\/strong><\/li><li><a href=\"https:\/\/www3.santoandre.sp.gov.br\/turismosantoandre\/wp-content\/uploads\/2026\/02\/Calendario-Reunioes-COMTUR-Santo-Andre-2026-2.pdf\"><strong>Calend\u00e1rio de Reuni\u00f5es de 2026<\/strong><\/a><\/li><\/ul><h3>Legisla\u00e7\u00e3o<\/h3><ul><li><a href=\"https:\/\/www3.santoandre.sp.gov.br\/turismosantoandre\/wp-content\/uploads\/2025\/09\/Lei-COMTUR-10.373_2021-Atualizada-24-09-2025.pdf\"><strong>Lei de cria\u00e7\u00e3o do Conselho Muniipal de Turismo de Santo Andr\u00e9 \u2013 COMTUR<\/strong><\/a><\/li><li><a href=\"https:\/\/www3.santoandre.sp.gov.br\/turismosantoandre\/wp-content\/uploads\/2021\/12\/Regimento-Interno-COMTUR-Resolucao-no-3-de-2021.pdf\"><strong>Regimento Interno COMTUR Resolu\u00e7\u00e3o n\u00ba 3 de 2021\u00a0<\/strong><\/a><\/li><\/ul><h3><strong>Atas das Reuni\u00f5es<\/strong><\/h3><ul><li><a href=\"https:\/\/www3.santoandre.sp.gov.br\/turismosantoandre\/comtur-atas-das-reunioes-gestao-2024-2025\/\"><strong>Atas das Reuni\u00f5es Gest\u00e3o 2024\/2025<\/strong><\/a><\/li><li><a href=\"https:\/\/www3.santoandre.sp.gov.br\/turismosantoandre\/comtur-atas-das-reunioes-gestao-2022-2023\/\"><strong>Atas das Reuni\u00f5es Gest\u00e3o 2022\/2023<\/strong><\/a><\/li><li><a href=\"https:\/\/www3.santoandre.sp.gov.br\/turismosantoandre\/comtur-atas-das-reunioes-gestao-2019-2020-2021\/\"><strong>Atas das Reuni\u00f5es Gest\u00e3o 2019\/2020\/2021<\/strong><\/a><\/li><li><a href=\"https:\/\/www3.santoandre.sp.gov.br\/turismosantoandre\/comtur-atas-das-reunioes-gestao-2016-2017-2018\/\"><strong>Atas das Reuni\u00f5es Gest\u00e3o 2016\/2017\/2018<\/strong><\/a><\/li><\/ul><h4>\u00a0<\/h4><h4><strong>Informa\u00e7\u00f5es:\u00a0<\/strong><\/h4><p><strong>Telefones:<\/strong><\/p><ul><li><strong><a href=\"tel:551144330198\">(11) 4433-0198<\/a><\/strong><\/li><li><a href=\"tel:551144330752\"><strong>(11) 4433-0752<\/strong><\/a><\/li><\/ul><p><b>Email:<a href=\"mailto:turismo@santoandre.sp.gov.br\">\u00a0turismo@santoandre.sp.gov.br<\/a><\/b><\/p><p>Ger\u00eancia de Turismo<\/p><p>Departamento de Desenvolvimento Econ\u00f4mico e Turismo<\/p><p>Secretaria de Desenvolvimento Econ\u00f4mico e Gera\u00e7\u00e3o de Emprego<\/p><p><em>tags: conselho de turismo, conselho municipal, turismo, conselho, santo andr\u00e9, portal de turismo<\/em><\/p>\t\t\t\t\t<\/div>\n\t\t\t\t\t\t<\/div>\n\t\t\t\t<\/div>\n\t\t\t\t\t\t<\/div>\n\t\t\t\t\t<\/div>\n\t\t<\/div>\n\t\t\t\t\t\t\t\t<\/div>\n\t\t\t\t\t<\/div>\n\t\t<\/section>\n\t\t\t\t\t\t\t\t\t<\/div>\n\t\t\t<\/div>\n\t\t\t\t\t<\/div>\n\t\t","protected":false},"excerpt":{"rendered":"<p>O Conselho Municipal de Turismo \u2013 COMTUR \u00e9 uma ferramenta de planejamento e participa\u00e7\u00e3o, composto pelo poder publico, iniciativa privada e sociedade civil, vinculado \u00e0<\/p>\n","protected":false},"author":11,"featured_media":0,"parent":0,"menu_order":0,"comment_status":"closed","ping_status":"closed","template":"","meta":{"spay_email":""},"uagb_featured_image_src":{"full":false,"thumbnail":false,"medium":false,"medium_large":false,"large":false,"1536x1536":false,"2048x2048":false,"himalayas-featured-post":false,"himalayas-portfolio-image":false,"himalayas-featured-image":false,"himalayas-services":false},"uagb_author_info":{"display_name":"Turismo Santo Andr\u00e9","author_link":"https:\/\/www3.santoandre.sp.gov.br\/turismosantoandre\/author\/turismo-santo-andre\/"},"uagb_comment_info":0,"uagb_excerpt":"O Conselho Municipal de Turismo \u2013 COMTUR \u00e9 uma ferramenta de planejamento e participa\u00e7\u00e3o, composto pelo poder publico, iniciativa privada e sociedade civil, vinculado \u00e0","_links":{"self":[{"href":"https:\/\/www3.santoandre.sp.gov.br\/turismosantoandre\/wp-json\/wp\/v2\/pages\/152"}],"collection":[{"href":"https:\/\/www3.santoandre.sp.gov.br\/turismosantoandre\/wp-json\/wp\/v2\/pages"}],"about":[{"href":"https:\/\/www3.santoandre.sp.gov.br\/turismosantoandre\/wp-json\/wp\/v2\/types\/page"}],"author":[{"embeddable":true,"href":"https:\/\/www3.santoandre.sp.gov.br\/turismosantoandre\/wp-json\/wp\/v2\/users\/11"}],"replies":[{"embeddable":true,"href":"https:\/\/www3.santoandre.sp.gov.br\/turismosantoandre\/wp-json\/wp\/v2\/comments?post=152"}],"version-history":[{"count":205,"href":"https:\/\/www3.santoandre.sp.gov.br\/turismosantoandre\/wp-json\/wp\/v2\/pages\/152\/revisions"}],"predecessor-version":[{"id":32937,"href":"https:\/\/www3.santoandre.sp.gov.br\/turismosantoandre\/wp-json\/wp\/v2\/pages\/152\/revisions\/32937"}],"wp:attachment":[{"href":"https:\/\/www3.santoandre.sp.gov.br\/turismosantoandre\/wp-json\/wp\/v2\/media?parent=152"}],"curies":[{"name":"wp","href":"https:\/\/api.w.org\/{rel}","templated":true}]}}