{"id":150,"date":"2015-07-21T12:25:01","date_gmt":"2015-07-21T15:25:01","guid":{"rendered":"https:\/\/demo.themegrill.com\/himalayas\/?page_id=150"},"modified":"2025-09-29T18:17:43","modified_gmt":"2025-09-29T21:17:43","slug":"governanca-do-turismo","status":"publish","type":"page","link":"https:\/\/www3.santoandre.sp.gov.br\/turismosantoandre\/governanca-do-turismo\/","title":{"rendered":"Governan\u00e7a do Turismo"},"content":{"rendered":"\t\t<div data-elementor-type=\"wp-post\" data-elementor-id=\"150\" class=\"elementor elementor-150\">\n\t\t\t\t\t\t<div class=\"elementor-inner\">\n\t\t\t\t<div class=\"elementor-section-wrap\">\n\t\t\t\t\t\t\t\t\t<section class=\"elementor-section elementor-top-section elementor-element elementor-element-290543a3 elementor-section-boxed elementor-section-height-default elementor-section-height-default\" data-id=\"290543a3\" data-element_type=\"section\">\n\t\t\t\t\t\t<div class=\"elementor-container elementor-column-gap-default\">\n\t\t\t\t\t\t\t<div class=\"elementor-row\">\n\t\t\t\t\t<div class=\"elementor-column elementor-col-100 elementor-top-column elementor-element elementor-element-43adc515\" data-id=\"43adc515\" data-element_type=\"column\">\n\t\t\t<div class=\"elementor-column-wrap elementor-element-populated\">\n\t\t\t\t\t\t\t<div class=\"elementor-widget-wrap\">\n\t\t\t\t\t\t<div class=\"elementor-element elementor-element-14c2919e elementor-widget elementor-widget-text-editor\" data-id=\"14c2919e\" data-element_type=\"widget\" data-widget_type=\"text-editor.default\">\n\t\t\t\t<div class=\"elementor-widget-container\">\n\t\t\t\t\t\t\t\t<div class=\"elementor-text-editor elementor-clearfix\">\n\t\t\t\t<p>Santo Andr\u00e9 tem ampliado sua atua\u00e7\u00e3o no planejamento e a\u00e7\u00f5es estrat\u00e9gicas, que acompanham a tend\u00eancia mundialmente, de desenvolvimento da atividade tur\u00edstica municipal e integrada as regi\u00f5es tur\u00edsticas, neste caso, por exemplo, <strong><a href=\"https:\/\/www.consorcioabc.sp.gov.br\/pagina\/112\/abctur\/\">ABC Tur &#8211; Rota da Natureza e da Ind\u00fastria<\/a>.<\/strong><\/p><p>A gest\u00e3o multidisciplinar integrada, visa estabelecer di\u00e1logo com todos os agentes do turismo, articulando infraestrutura, patrim\u00f4nio e potencialidades, a fim de desenvolver com qualidade o Turismo em toda cidade.<\/p><p>A gest\u00e3o do turismo, possui duas linhas principais de atua\u00e7\u00e3o e estrutura: Polos e Voca\u00e7\u00f5es Tur\u00edsticas e Ecoturismo, uma localizada no centro com foco nas rela\u00e7\u00f5es institucionais e planejamento integrado do turismo e outra para atendimento e organiza\u00e7\u00e3o de a\u00e7\u00f5es especificas relacionadas a atividade tur\u00edstica na Vila Ferrovi\u00e1ria de Paranapiacaba.<\/p><p><strong>Miss\u00e3o<\/strong><\/p><p>Organizar a atividade tur\u00edstica de maneira sustent\u00e1vel e inovadora na Cidade de Santo\u00a0Andr\u00e9, oferecendo assim op\u00e7\u00f5es de qualidade ao visitante e seus moradores.<\/p><p><strong>Valores<\/strong><\/p><p>\u00c9tica, excel\u00eancia, valoriza\u00e7\u00e3o do territ\u00f3rio e cultura local, compromisso social e ambiental.<\/p><p><strong><em>Leis e projetos:<\/em><\/strong><\/p><ul><li><strong><a href=\"https:\/\/www3.santoandre.sp.gov.br\/turismosantoandre\/wp-content\/uploads\/2025\/07\/Lei-10.857_2025-Plano-Diretor-de-Turismo.pdf\">Plano Diretor Municipal de Turismo<\/a><\/strong><\/li><li><a href=\"https:\/\/www3.santoandre.sp.gov.br\/turismosantoandre\/wp-content\/uploads\/2021\/07\/Lei-10.391-de-2021-Politica-Municipal-de-Turismo.pdf\"><strong>Lei da Pol\u00edtica Municipal de Turismo<\/strong><\/a>\u00a0<\/li><li><strong><a href=\"https:\/\/www3.santoandre.sp.gov.br\/turismosantoandre\/wp-content\/uploads\/2024\/12\/Lei-10.789_2024-Promocao-e-Fomento-do-Polo-Gastronomico.pdf\">Lei do Programa Municipal de Promo\u00e7\u00e3o e Fomento do Polo Gastron\u00f4mico de Santo Andr\u00e9<\/a><\/strong><\/li><li><strong><a href=\"https:\/\/www3.santoandre.sp.gov.br\/turismosantoandre\/cmtur-santo-andre\/\">Cadastro Municipal de Turismo<\/a><\/strong><\/li><li><strong><a href=\"https:\/\/www3.santoandre.sp.gov.br\/turismosantoandre\/wp-content\/uploads\/2025\/08\/Lei-10.305_2020-Fundo-Municipal-de-Desenvolvimento-Economico-Emprego-e-Turismo.pdf\">Lei 10.305_2020 Fundo Municipal de Desenvolvimento Econ\u00f4mico, Emprego e Turismo<\/a><\/strong><\/li><li><strong><a href=\"https:\/\/www3.santoandre.sp.gov.br\/turismosantoandre\/wp-content\/uploads\/2025\/08\/Regimento_Interno_IGRT_ABC_Tur_.pdf\">Regimento Interno IGRT ABC Tur<\/a><\/strong><\/li><li><strong><a href=\"https:\/\/www3.santoandre.sp.gov.br\/turismosantoandre\/wp-content\/uploads\/2025\/08\/RELATORIO-2024-IGRT-ABC-TUR.pdf\">Relat\u00f3rio 2024 &#8211; IGRT ABC TUR<\/a><\/strong><\/li><li><strong><a href=\"https:\/\/www3.santoandre.sp.gov.br\/turismosantoandre\/wp-content\/uploads\/2025\/08\/LEI-10.819_2024-Reorganizacao-Estrutura-Adm-PSA.pdf\">LEI 10.819_2024 Reorganiza\u00e7\u00e3o Estrutura Adm PSA<\/a><\/strong><\/li><\/ul><p><strong>Gest\u00e3o do Turismo<\/strong><\/p><p><strong>Secretaria de Desenvolvimento Econ\u00f4mico e Gera\u00e7\u00e3o de Emprego<\/strong><\/p><ul><li>Secret\u00e1rio: Evandro Banzato<\/li><li>Secret\u00e1rio Adjunto: Fernando Santos Soares da Cunha<\/li><li>Departamento de Desenvolvimento Econ\u00f4mico e Turismo<\/li><li>Diretora: Fernanda Parra Garcia<\/li><li>Ger\u00eancia de Turismo<\/li><li>Gerente: Rubens Gallino J\u00fanior<\/li><li>Encarregatura de Informa\u00e7\u00f5es Tur\u00edsticas<\/li><li>Encarregada: Tamara de Novais Rocha Santana<\/li><\/ul><p><strong>Vila de Paranapiacaba:<\/strong><\/p><p><strong>Subprefeitura de Paranapiacaba e Parque Andreense<\/strong><\/p><ul><li>Departamento de Gest\u00e3o de Paranapiacaba e Parque Andreense<\/li><li>Ger\u00eancia de Projetos e Preserva\u00e7\u00e3o Hist\u00f3rica<\/li><li>Gerente: Guilherme Ribeiro de Souza Pinto<\/li><li>Encarregatura de Ecoturismo<\/li><\/ul><h4>Informa\u00e7\u00f5es:<\/h4><p style=\"padding-left: 30px;\"><strong><a href=\"mailto:turismo@santoandre.sp.gov.br\">turismo@santoandre.sp.gov.br<\/a> | (11) <a href=\"tel:551144330752\">4433-0752<\/a> \/ <a href=\"tel:551144330198\">0198<\/a><\/strong><\/p><p style=\"padding-left: 30px;\"><strong><a href=\"https:\/\/web.santoandre.sp.gov.br\/portal\/mapa\">www.santoandre.sp.gov.br<\/a><\/strong><\/p><p style=\"padding-left: 30px;\">Ger\u00eancia de Turismo<\/p><p><em>tags: turismo, santo andr\u00e9, portal de turismo, atividade tur\u00edstica, gest\u00e3o p\u00fablica do turismo<\/em><\/p>\t\t\t\t\t<\/div>\n\t\t\t\t\t\t<\/div>\n\t\t\t\t<\/div>\n\t\t\t\t\t\t<\/div>\n\t\t\t\t\t<\/div>\n\t\t<\/div>\n\t\t\t\t\t\t\t\t<\/div>\n\t\t\t\t\t<\/div>\n\t\t<\/section>\n\t\t\t\t<section class=\"elementor-section elementor-top-section elementor-element elementor-element-693163f elementor-section-boxed elementor-section-height-default elementor-section-height-default\" data-id=\"693163f\" data-element_type=\"section\">\n\t\t\t\t\t\t<div class=\"elementor-container elementor-column-gap-default\">\n\t\t\t\t\t\t\t<div class=\"elementor-row\">\n\t\t\t\t\t<div class=\"elementor-column elementor-col-100 elementor-top-column elementor-element elementor-element-be7a829\" data-id=\"be7a829\" data-element_type=\"column\">\n\t\t\t<div class=\"elementor-column-wrap elementor-element-populated\">\n\t\t\t\t\t\t\t<div class=\"elementor-widget-wrap\">\n\t\t\t\t\t\t<div class=\"elementor-element elementor-element-c929383 elementor-widget-divider--view-line elementor-widget elementor-widget-divider\" data-id=\"c929383\" data-element_type=\"widget\" data-widget_type=\"divider.default\">\n\t\t\t\t<div class=\"elementor-widget-container\">\n\t\t\t\t\t<div class=\"elementor-divider\">\n\t\t\t<span class=\"elementor-divider-separator\">\n\t\t\t\t\t\t<\/span>\n\t\t<\/div>\n\t\t\t\t<\/div>\n\t\t\t\t<\/div>\n\t\t\t\t\t\t<\/div>\n\t\t\t\t\t<\/div>\n\t\t<\/div>\n\t\t\t\t\t\t\t\t<\/div>\n\t\t\t\t\t<\/div>\n\t\t<\/section>\n\t\t\t\t<section class=\"elementor-section elementor-top-section elementor-element elementor-element-94cbba6 elementor-section-boxed elementor-section-height-default elementor-section-height-default\" data-id=\"94cbba6\" data-element_type=\"section\">\n\t\t\t\t\t\t<div class=\"elementor-container elementor-column-gap-default\">\n\t\t\t\t\t\t\t<div class=\"elementor-row\">\n\t\t\t\t\t<div class=\"elementor-column elementor-col-100 elementor-top-column elementor-element elementor-element-b49af69\" data-id=\"b49af69\" data-element_type=\"column\">\n\t\t\t<div class=\"elementor-column-wrap elementor-element-populated\">\n\t\t\t\t\t\t\t<div class=\"elementor-widget-wrap\">\n\t\t\t\t\t\t<div class=\"elementor-element elementor-element-da871df elementor-widget elementor-widget-heading\" data-id=\"da871df\" data-element_type=\"widget\" data-widget_type=\"heading.default\">\n\t\t\t\t<div class=\"elementor-widget-container\">\n\t\t\t<h2 class=\"elementor-heading-title elementor-size-default\">Conselho Municipal de Turismo<\/h2>\t\t<\/div>\n\t\t\t\t<\/div>\n\t\t\t\t\t\t<\/div>\n\t\t\t\t\t<\/div>\n\t\t<\/div>\n\t\t\t\t\t\t\t\t<\/div>\n\t\t\t\t\t<\/div>\n\t\t<\/section>\n\t\t\t\t<section class=\"elementor-section elementor-top-section elementor-element elementor-element-eaf3158 elementor-section-boxed elementor-section-height-default elementor-section-height-default\" data-id=\"eaf3158\" data-element_type=\"section\">\n\t\t\t\t\t\t<div class=\"elementor-container elementor-column-gap-default\">\n\t\t\t\t\t\t\t<div class=\"elementor-row\">\n\t\t\t\t\t<div class=\"elementor-column elementor-col-100 elementor-top-column elementor-element elementor-element-12f6d81\" data-id=\"12f6d81\" data-element_type=\"column\">\n\t\t\t<div class=\"elementor-column-wrap elementor-element-populated\">\n\t\t\t\t\t\t\t<div class=\"elementor-widget-wrap\">\n\t\t\t\t\t\t<div class=\"elementor-element elementor-element-8ef8d2e elementor-widget elementor-widget-text-editor\" data-id=\"8ef8d2e\" data-element_type=\"widget\" data-widget_type=\"text-editor.default\">\n\t\t\t\t<div class=\"elementor-widget-container\">\n\t\t\t\t\t\t\t\t<div class=\"elementor-text-editor elementor-clearfix\">\n\t\t\t\t<p>O Conselho Municipal de Turismo \u2013 COMTUR \u00e9 uma ferramenta de planejamento e participa\u00e7\u00e3o, composto pelo poder publico, iniciativa privada e sociedade civil, vinculado \u00e0 Secretaria de Desenvolvimento e Gera\u00e7\u00e3o de Emprego e tem por objetivo deliberar, opinar, sugerir, indicar, fiscalizar, avaliar, propor e acompanhar as medidas que tenham por finalidade o desenvolvimento sustentado da atividade tur\u00edstica no Munic\u00edpio de Santo Andr\u00e9.<\/p><h3>Gest\u00e3o 2024\/2025<\/h3><ul><li><a href=\"https:\/\/www3.santoandre.sp.gov.br\/turismosantoandre\/wp-content\/uploads\/2024\/01\/Portaria-221-de-27-12-2023-COMTUR.pdf\"><strong>Portaria n\u00ba 221, de 27 de dezembro de\u00a0 2023 \u2013 Nomea\u00e7\u00e3o COMTUR \u2013 2024\/2025<\/strong><\/a><\/li><li><a href=\"https:\/\/www3.santoandre.sp.gov.br\/turismosantoandre\/wp-content\/uploads\/2024\/04\/COMTUR-Gestao-2024-2025-Atualizado-em-29-12-2023-4.pdf\"><strong>Membros COMTUR Gest\u00e3o 2024 \u2013 2025 \u2013 rela\u00e7\u00e3o de nomes e representa\u00e7\u00e3o<\/strong><\/a><\/li><li><a href=\"https:\/\/www3.santoandre.sp.gov.br\/turismosantoandre\/wp-content\/uploads\/2025\/02\/Calendario-Reunioes-COMTUR-Santo-Andre-2025.pdf\"><strong>Calend\u00e1rio de Reuni\u00f5es de 2025<\/strong><\/a><\/li><\/ul><h3>\u00a0<\/h3><h3>Legisla\u00e7\u00e3o<\/h3><ul><li><a href=\"https:\/\/www3.santoandre.sp.gov.br\/turismosantoandre\/wp-content\/uploads\/2025\/09\/Lei-COMTUR-10.373_2021-Atualizada-24-09-2025.pdf\"><strong>Lei de cria\u00e7\u00e3o do Conselho Municipal de Turismo de Santo Andr\u00e9 \u2013 COMTUR<\/strong><\/a><\/li><li><a href=\"https:\/\/www3.santoandre.sp.gov.br\/turismosantoandre\/wp-content\/uploads\/2021\/12\/Regimento-Interno-COMTUR-Resolucao-no-3-de-2021.pdf\"><strong>Regimento Interno COMTUR Resolu\u00e7\u00e3o n\u00ba 3 de 2021\u00a0<\/strong><\/a><\/li><\/ul><h3><strong>Atas das Reuni\u00f5es<\/strong><\/h3><ul><li><a href=\"https:\/\/www3.santoandre.sp.gov.br\/turismosantoandre\/comtur-atas-das-reunioes-gestao-2024-2025\/?customize_changeset_uuid=a4040342-f0be-4ab4-902f-d57fa375054a&amp;customize_autosaved=on\"><strong>Atas das Reuni\u00f5es Gest\u00e3o 2024\/2025<\/strong><\/a><\/li><li><a href=\"https:\/\/www3.santoandre.sp.gov.br\/turismosantoandre\/comtur-atas-das-reunioes-gestao-2022-2023?customize_changeset_uuid=a4040342-f0be-4ab4-902f-d57fa375054a&amp;customize_autosaved=on\"><strong>Atas das Reuni\u00f5es Gest\u00e3o 2022\/2023<\/strong><\/a><\/li><li><a href=\"https:\/\/www3.santoandre.sp.gov.br\/turismosantoandre\/comtur-atas-das-reunioes-gestao-2019-2020-2021\/?customize_changeset_uuid=a4040342-f0be-4ab4-902f-d57fa375054a&amp;customize_autosaved=on\"><strong>Atas das Reuni\u00f5es Gest\u00e3o 2019\/2020\/2021<\/strong><\/a><\/li><li><a href=\"https:\/\/www3.santoandre.sp.gov.br\/turismosantoandre\/comtur-atas-das-reunioes-gestao-2016-2017-2018\/?customize_changeset_uuid=a4040342-f0be-4ab4-902f-d57fa375054a&amp;customize_autosaved=on\"><strong>Atas das Reuni\u00f5es Gest\u00e3o 2016\/2017\/2018<\/strong><\/a><\/li><\/ul><h4>\u00a0<\/h4><h4><strong>Informa\u00e7\u00f5es:\u00a0<\/strong><\/h4><p><strong>Telefones:<\/strong><\/p><ul><li><strong><a href=\"tel:551144330198\">(11) 4433-0198<\/a><\/strong><\/li><li><a href=\"tel:551144330752\"><strong>(11) 4433-0752<\/strong><\/a><\/li><\/ul><p><b>Email:<a href=\"mailto:turismo@santoandre.sp.gov.br\">\u00a0turismo@santoandre.sp.gov.br<\/a><\/b><\/p><p>Ger\u00eancia de Turismo<\/p><p>Departamento de Desenvolvimento Econ\u00f4mico e Turismo<\/p><p>Secretaria de Desenvolvimento Econ\u00f4mico e Gera\u00e7\u00e3o de Emprego<\/p><p><em>tags: conselho de turismo, conselho municipal, turismo, conselho, santo andr\u00e9, portal de turismo<\/em><\/p>\t\t\t\t\t<\/div>\n\t\t\t\t\t\t<\/div>\n\t\t\t\t<\/div>\n\t\t\t\t\t\t<\/div>\n\t\t\t\t\t<\/div>\n\t\t<\/div>\n\t\t\t\t\t\t\t\t<\/div>\n\t\t\t\t\t<\/div>\n\t\t<\/section>\n\t\t\t\t<section class=\"elementor-section elementor-top-section elementor-element elementor-element-8d537b7 elementor-section-boxed elementor-section-height-default elementor-section-height-default\" data-id=\"8d537b7\" data-element_type=\"section\">\n\t\t\t\t\t\t<div class=\"elementor-container elementor-column-gap-default\">\n\t\t\t\t\t\t\t<div class=\"elementor-row\">\n\t\t\t\t\t<div class=\"elementor-column elementor-col-100 elementor-top-column elementor-element elementor-element-099d2e7\" data-id=\"099d2e7\" data-element_type=\"column\">\n\t\t\t<div class=\"elementor-column-wrap elementor-element-populated\">\n\t\t\t\t\t\t\t<div class=\"elementor-widget-wrap\">\n\t\t\t\t\t\t<div class=\"elementor-element elementor-element-0599550 elementor-widget-divider--view-line elementor-widget elementor-widget-divider\" data-id=\"0599550\" data-element_type=\"widget\" data-widget_type=\"divider.default\">\n\t\t\t\t<div class=\"elementor-widget-container\">\n\t\t\t\t\t<div class=\"elementor-divider\">\n\t\t\t<span class=\"elementor-divider-separator\">\n\t\t\t\t\t\t<\/span>\n\t\t<\/div>\n\t\t\t\t<\/div>\n\t\t\t\t<\/div>\n\t\t\t\t\t\t<\/div>\n\t\t\t\t\t<\/div>\n\t\t<\/div>\n\t\t\t\t\t\t\t\t<\/div>\n\t\t\t\t\t<\/div>\n\t\t<\/section>\n\t\t\t\t<section class=\"elementor-section elementor-top-section elementor-element elementor-element-eb15812 elementor-section-boxed elementor-section-height-default elementor-section-height-default\" data-id=\"eb15812\" data-element_type=\"section\">\n\t\t\t\t\t\t<div class=\"elementor-container elementor-column-gap-default\">\n\t\t\t\t\t\t\t<div class=\"elementor-row\">\n\t\t\t\t\t<div class=\"elementor-column elementor-col-100 elementor-top-column elementor-element elementor-element-1310eb2\" data-id=\"1310eb2\" data-element_type=\"column\">\n\t\t\t<div class=\"elementor-column-wrap elementor-element-populated\">\n\t\t\t\t\t\t\t<div class=\"elementor-widget-wrap\">\n\t\t\t\t\t\t<div class=\"elementor-element elementor-element-5e36a62 elementor-widget elementor-widget-heading\" data-id=\"5e36a62\" data-element_type=\"widget\" data-widget_type=\"heading.default\">\n\t\t\t\t<div class=\"elementor-widget-container\">\n\t\t\t<h2 class=\"elementor-heading-title elementor-size-default\">F\u00f3rum Regional IGRT ABC Tur<\/h2>\t\t<\/div>\n\t\t\t\t<\/div>\n\t\t\t\t\t\t<\/div>\n\t\t\t\t\t<\/div>\n\t\t<\/div>\n\t\t\t\t\t\t\t\t<\/div>\n\t\t\t\t\t<\/div>\n\t\t<\/section>\n\t\t\t\t<section class=\"elementor-section elementor-top-section elementor-element elementor-element-bf5d4cb elementor-section-boxed elementor-section-height-default elementor-section-height-default\" data-id=\"bf5d4cb\" data-element_type=\"section\">\n\t\t\t\t\t\t<div class=\"elementor-container elementor-column-gap-default\">\n\t\t\t\t\t\t\t<div class=\"elementor-row\">\n\t\t\t\t\t<div class=\"elementor-column elementor-col-100 elementor-top-column elementor-element elementor-element-c4d5b4d\" data-id=\"c4d5b4d\" data-element_type=\"column\">\n\t\t\t<div class=\"elementor-column-wrap elementor-element-populated\">\n\t\t\t\t\t\t\t<div class=\"elementor-widget-wrap\">\n\t\t\t\t\t\t<div class=\"elementor-element elementor-element-a30f59b elementor-aspect-ratio-169 elementor-widget elementor-widget-video\" data-id=\"a30f59b\" data-element_type=\"widget\" data-settings=\"{&quot;youtube_url&quot;:&quot;https:\\\/\\\/www.youtube.com\\\/watch?v=5MtHDN6R_A0&quot;,&quot;video_type&quot;:&quot;youtube&quot;,&quot;controls&quot;:&quot;yes&quot;,&quot;aspect_ratio&quot;:&quot;169&quot;}\" data-widget_type=\"video.default\">\n\t\t\t\t<div class=\"elementor-widget-container\">\n\t\t\t\t\t<div class=\"elementor-wrapper elementor-fit-aspect-ratio elementor-open-inline\">\n\t\t\t<div class=\"elementor-video\"><\/div>\t\t<\/div>\n\t\t\t\t<\/div>\n\t\t\t\t<\/div>\n\t\t\t\t\t\t<\/div>\n\t\t\t\t\t<\/div>\n\t\t<\/div>\n\t\t\t\t\t\t\t\t<\/div>\n\t\t\t\t\t<\/div>\n\t\t<\/section>\n\t\t\t\t<section class=\"elementor-section elementor-top-section elementor-element elementor-element-5a0e509 elementor-section-boxed elementor-section-height-default elementor-section-height-default\" data-id=\"5a0e509\" data-element_type=\"section\">\n\t\t\t\t\t\t<div class=\"elementor-container elementor-column-gap-default\">\n\t\t\t\t\t\t\t<div class=\"elementor-row\">\n\t\t\t\t\t<div class=\"elementor-column elementor-col-100 elementor-top-column elementor-element elementor-element-c2129ce\" data-id=\"c2129ce\" data-element_type=\"column\">\n\t\t\t<div class=\"elementor-column-wrap elementor-element-populated\">\n\t\t\t\t\t\t\t<div class=\"elementor-widget-wrap\">\n\t\t\t\t\t\t<div class=\"elementor-element elementor-element-f2665ed elementor-widget elementor-widget-text-editor\" data-id=\"f2665ed\" data-element_type=\"widget\" data-widget_type=\"text-editor.default\">\n\t\t\t\t<div class=\"elementor-widget-container\">\n\t\t\t\t\t\t\t\t<div class=\"elementor-text-editor elementor-clearfix\">\n\t\t\t\t<p>As discuss\u00f5es sobre o potencial tur\u00edstico da regi\u00e3o e as maneiras de aproveit\u00e1-lo j\u00e1 t\u00eam mais de uma d\u00e9cada no \u00e2mbito do Cons\u00f3rcio Grande ABC. No Planejamento Regional Estrat\u00e9gico de 2000, o turismo aparece como uma \u00e1rea a receber projetos para seu desenvolvimento e emancipa\u00e7\u00e3o. A Inst\u00e2ncia de Governan\u00e7a Regional de Turismo, F\u00f3rum Regional IGRT ABC Tur, \u00e9 respons\u00e1vel pela gest\u00e3o das a\u00e7\u00f5es regionais de turismo dos munic\u00edpios que comp\u00f5e o Cons\u00f3rcio Intermunicipal Grande ABC e tamb\u00e9m comp\u00f5e a Regi\u00e3o Tur\u00edstica ABC Tur &#8211; Roteiro da Natureza e da Ind\u00fastria.\u00a0<\/p><p>Ficou definido como objetivo das a\u00e7\u00f5es do grupo com base no Planejamento o est\u00edmulo ao Turismo Regional com explora\u00e7\u00e3o n\u00e3o predat\u00f3ria do patrim\u00f4nio ecol\u00f3gico, cultural e hist\u00f3rico, com suporte e infraestrutura compat\u00edveis e com destaque ao turismo ecol\u00f3gico, empresarial, cultural e esportivo.<\/p><p>O F\u00f3rum Regional \u00e9 composto por membros do setor privado, p\u00fablico e terceiro setor, contando com importantes representantes do trade de turismo regional.<\/p><p><strong><a href=\"https:\/\/www3.santoandre.sp.gov.br\/turismosantoandre\/wp-content\/uploads\/2025\/07\/RELATORIO-2024-IGRT-ABC-TUR-1_compressed-2-3.pdf\">RELAT\u00d3RIO DE ATIVIDADES 2024 &#8211; IGRT ABC TUR<\/a><\/strong><\/p><h4>Informa\u00e7\u00f5es:<\/h4><p style=\"padding-left: 30px;\"><strong><a href=\"mailto:contato@consorcioabc.sp.gov.br\">contato@consorcioabc.sp.gov.br<\/a> | <a href=\"tel:551144353555\">(11) 4435-3555<\/a><\/strong><\/p><p style=\"padding-left: 30px;\"><strong><a href=\"https:\/\/consorcioabc.sp.gov.br\/\">Cons\u00f3rcio Intermunicipal do Grande ABC<\/a><\/strong><\/p><p><em>tags: turismo, santo andr\u00e9, portal do turismo, grande abc, gt turismo, consorcio intermunicipal do grande abc<\/em><\/p>\t\t\t\t\t<\/div>\n\t\t\t\t\t\t<\/div>\n\t\t\t\t<\/div>\n\t\t\t\t\t\t<\/div>\n\t\t\t\t\t<\/div>\n\t\t<\/div>\n\t\t\t\t\t\t\t\t<\/div>\n\t\t\t\t\t<\/div>\n\t\t<\/section>\n\t\t\t\t<section class=\"elementor-section elementor-top-section elementor-element elementor-element-fedfff8 elementor-section-boxed elementor-section-height-default elementor-section-height-default\" data-id=\"fedfff8\" data-element_type=\"section\">\n\t\t\t\t\t\t<div class=\"elementor-container elementor-column-gap-default\">\n\t\t\t\t\t\t\t<div class=\"elementor-row\">\n\t\t\t\t\t<div class=\"elementor-column elementor-col-100 elementor-top-column elementor-element elementor-element-4b5e932\" data-id=\"4b5e932\" data-element_type=\"column\">\n\t\t\t<div class=\"elementor-column-wrap elementor-element-populated\">\n\t\t\t\t\t\t\t<div class=\"elementor-widget-wrap\">\n\t\t\t\t\t\t<div class=\"elementor-element elementor-element-6032f1a elementor-widget-divider--view-line elementor-widget elementor-widget-divider\" data-id=\"6032f1a\" data-element_type=\"widget\" data-widget_type=\"divider.default\">\n\t\t\t\t<div class=\"elementor-widget-container\">\n\t\t\t\t\t<div class=\"elementor-divider\">\n\t\t\t<span class=\"elementor-divider-separator\">\n\t\t\t\t\t\t<\/span>\n\t\t<\/div>\n\t\t\t\t<\/div>\n\t\t\t\t<\/div>\n\t\t\t\t\t\t<\/div>\n\t\t\t\t\t<\/div>\n\t\t<\/div>\n\t\t\t\t\t\t\t\t<\/div>\n\t\t\t\t\t<\/div>\n\t\t<\/section>\n\t\t\t\t\t\t\t\t\t<\/div>\n\t\t\t<\/div>\n\t\t\t\t\t<\/div>\n\t\t","protected":false},"excerpt":{"rendered":"<p>Santo Andr\u00e9 tem ampliado sua atua\u00e7\u00e3o no planejamento e a\u00e7\u00f5es estrat\u00e9gicas, que acompanham a tend\u00eancia mundialmente, de desenvolvimento da atividade tur\u00edstica municipal e integrada as<\/p>\n","protected":false},"author":11,"featured_media":0,"parent":0,"menu_order":0,"comment_status":"closed","ping_status":"closed","template":"","meta":{"spay_email":""},"uagb_featured_image_src":{"full":false,"thumbnail":false,"medium":false,"medium_large":false,"large":false,"1536x1536":false,"2048x2048":false,"himalayas-featured-post":false,"himalayas-portfolio-image":false,"himalayas-featured-image":false,"himalayas-services":false},"uagb_author_info":{"display_name":"Turismo Santo Andr\u00e9","author_link":"https:\/\/www3.santoandre.sp.gov.br\/turismosantoandre\/author\/turismo-santo-andre\/"},"uagb_comment_info":0,"uagb_excerpt":"Santo Andr\u00e9 tem ampliado sua atua\u00e7\u00e3o no planejamento e a\u00e7\u00f5es estrat\u00e9gicas, que acompanham a tend\u00eancia mundialmente, de desenvolvimento da atividade tur\u00edstica municipal e integrada as","_links":{"self":[{"href":"https:\/\/www3.santoandre.sp.gov.br\/turismosantoandre\/wp-json\/wp\/v2\/pages\/150"}],"collection":[{"href":"https:\/\/www3.santoandre.sp.gov.br\/turismosantoandre\/wp-json\/wp\/v2\/pages"}],"about":[{"href":"https:\/\/www3.santoandre.sp.gov.br\/turismosantoandre\/wp-json\/wp\/v2\/types\/page"}],"author":[{"embeddable":true,"href":"https:\/\/www3.santoandre.sp.gov.br\/turismosantoandre\/wp-json\/wp\/v2\/users\/11"}],"replies":[{"embeddable":true,"href":"https:\/\/www3.santoandre.sp.gov.br\/turismosantoandre\/wp-json\/wp\/v2\/comments?post=150"}],"version-history":[{"count":124,"href":"https:\/\/www3.santoandre.sp.gov.br\/turismosantoandre\/wp-json\/wp\/v2\/pages\/150\/revisions"}],"predecessor-version":[{"id":32089,"href":"https:\/\/www3.santoandre.sp.gov.br\/turismosantoandre\/wp-json\/wp\/v2\/pages\/150\/revisions\/32089"}],"wp:attachment":[{"href":"https:\/\/www3.santoandre.sp.gov.br\/turismosantoandre\/wp-json\/wp\/v2\/media?parent=150"}],"curies":[{"name":"wp","href":"https:\/\/api.w.org\/{rel}","templated":true}]}}