{"id":14533,"date":"2022-12-20T16:16:30","date_gmt":"2022-12-20T19:16:30","guid":{"rendered":"https:\/\/www3.santoandre.sp.gov.br\/turismosantoandre\/?page_id=14533"},"modified":"2026-03-09T10:20:12","modified_gmt":"2026-03-09T13:20:12","slug":"editais-e-programas-permanentes","status":"publish","type":"page","link":"https:\/\/www3.santoandre.sp.gov.br\/turismosantoandre\/editais-e-programas-permanentes\/","title":{"rendered":"Editais e Programas Permanentes"},"content":{"rendered":"\t\t<div data-elementor-type=\"wp-post\" data-elementor-id=\"14533\" class=\"elementor elementor-14533\">\n\t\t\t\t\t\t<div class=\"elementor-inner\">\n\t\t\t\t<div class=\"elementor-section-wrap\">\n\t\t\t\t\t\t\t\t\t<section class=\"elementor-section elementor-top-section elementor-element elementor-element-290543a3 elementor-section-boxed elementor-section-height-default elementor-section-height-default\" data-id=\"290543a3\" data-element_type=\"section\">\n\t\t\t\t\t\t<div class=\"elementor-container elementor-column-gap-default\">\n\t\t\t\t\t\t\t<div class=\"elementor-row\">\n\t\t\t\t\t<div class=\"elementor-column elementor-col-100 elementor-top-column elementor-element elementor-element-43adc515\" data-id=\"43adc515\" data-element_type=\"column\">\n\t\t\t<div class=\"elementor-column-wrap elementor-element-populated\">\n\t\t\t\t\t\t\t<div class=\"elementor-widget-wrap\">\n\t\t\t\t\t\t<div class=\"elementor-element elementor-element-14c2919e elementor-widget elementor-widget-text-editor\" data-id=\"14c2919e\" data-element_type=\"widget\" data-widget_type=\"text-editor.default\">\n\t\t\t\t<div class=\"elementor-widget-container\">\n\t\t\t\t\t\t\t\t<div class=\"elementor-text-editor elementor-clearfix\">\n\t\t\t\t<p>Santo Andr\u00e9 tem ampliado sua atua\u00e7\u00e3o no planejamento, a\u00e7\u00f5es estrat\u00e9gicas e cria\u00e7\u00e3o de programas permanentes para ajudar a\u00a0 organizar a atividade tur\u00edstica de maneira sustent\u00e1vel e inovadora na Cidade, visando dar alternativas ao trade de turismo, oferecendo assim op\u00e7\u00f5es de qualidade ao visitante e seus moradores.<\/p><h4><strong><em>Editais de Programas Permanentes de Turismo:<\/em><\/strong><\/h4><p><strong>Festival Sabores da Cidade 2026<\/strong><\/p><p><strong><a href=\"https:\/\/www3.santoandre.sp.gov.br\/turismosantoandre\/wp-content\/uploads\/2026\/03\/Edital-004-2026-Festival-Sabores-da-Cidade-Parcerias.pdf\">Edital n\u00ba 04\/2026 &#8211; SDEGE, de 07 de mar\u00e7o de 2026 &#8211; Parcerias\u00a0<\/a><\/strong><\/p><p><span style=\"color: #33cccc;\"><strong><a style=\"color: #33cccc;\" href=\"https:\/\/www3.santoandre.sp.gov.br\/turismosantoandre\/wp-content\/uploads\/2026\/03\/Edital-005-2026-Inscricao-Festival-Sabores-da-cidade.pdf\">Edital n\u00ba 05\/2026 &#8211; SDEGE, de 07 de mar\u00e7o de 2026<\/a>\u00a0&#8211; Inscri\u00e7\u00e3o<\/strong><\/span><\/p><p><strong>Coopera\u00e7\u00e3o para Estudo de Demanda Tur\u00edstica de Santo Andr\u00e9 2025:<\/strong><\/p><p><strong><a href=\"https:\/\/www3.santoandre.sp.gov.br\/turismosantoandre\/wp-content\/uploads\/2025\/06\/Edital-de-Chamamento-no-07-SDEGE-para-Parceria-Estudo-de-Demanda-Turistica-2025.pdf\">Edital n\u00ba 07\/2025 &#8211; SDEGE, de 23 de junho de 2025<\/a><\/strong><\/p><p><strong>Cadastro Municipal de Turismo para empresas e prestadores de servi\u00e7os tur\u00edsticos de Santo Andr\u00e9:<\/strong><\/p><p><strong><a href=\"https:\/\/www2.santoandre.sp.gov.br\/images\/Edital_Chamamento_n%C2%BA_08_de_2019_-_Cadastro_Municipal_de_Turismo.pdf\">Edital\u00a0 \u00a0n\u00ba 08\/2019 \u2013 SDGE- Cadastro Municipal de Turismo<\/a><\/strong><\/p><p><strong>Programa Municipal de Promo\u00e7\u00e3o e Fomento do Polo Gastron\u00f4mico de Santo Andr\u00e9<\/strong><\/p><p><strong><a href=\"https:\/\/www3.santoandre.sp.gov.br\/turismosantoandre\/wp-content\/uploads\/2024\/12\/Lei-10.789_2024-Promocao-e-Fomento-do-Polo-Gastronomico.pdf\">LEI N\u00ba 10.789, DE 1\u00ba DE JULHO DE 2024 <\/a><\/strong><\/p><p><strong>Programa Empreender no Turismo em Paranapiacaba:<\/strong><\/p><p><strong><a href=\"https:\/\/www3.santoandre.sp.gov.br\/turismosantoandre\/wp-content\/uploads\/2022\/12\/Edital_-_09_2022_-Empreendeder_no_Turismo.pdf\">Edital de Chamamento P\u00fablico &#8211; SDGE &#8211; n\u00ba 09\/2022<\/a><\/strong><\/p><p><strong>Programa de Parcerias Acad\u00eamicas Para Promo\u00e7\u00e3o do Desenvolvimento Econ\u00f4mico<\/strong><\/p><p><strong><a href=\"https:\/\/www3.santoandre.sp.gov.br\/turismosantoandre\/wp-content\/uploads\/2024\/04\/Edital-de-Chamamento-Parcerias-Academicas.pdf\">Edital de Chamamento P\u00fablico &#8211; SDGE &#8211; n\u00ba. 06\/2024<\/a><\/strong><\/p><p><strong>Programa Turismo Industrial e de Inova\u00e7\u00e3o:<\/strong><\/p><p><strong><a href=\"https:\/\/www3.santoandre.sp.gov.br\/turismosantoandre\/wp-content\/uploads\/2022\/12\/Edital-de-Credenciamento-no-12-de-2022-Projeto-Turismo-Industrial-e-de-Inovacao.pdf\">Edital n\u00ba 12\/2022 &#8211; SDGE &#8211; de\u00a0 Credenciamento de Empresas e Institui\u00e7\u00f5es Para Participar no Programa Turismo Industrial e de Inova\u00e7\u00e3o de Santo Andr\u00e9<\/a><\/strong><\/p><p><strong>Programa Transporte Tur\u00edstico Rodovi\u00e1rio Paranapiacaba:<\/strong><\/p><p><strong><a href=\"https:\/\/www3.santoandre.sp.gov.br\/turismosantoandre\/wp-content\/uploads\/2023\/04\/Edital-de-Credenciamento-Transporte-Turistico-v.28.04.2022.pdf\">Edital de Chamamento P\u00fablico &#8211; SDGE &#8211; n\u00ba 11\/2022<\/a><\/strong><\/p><h4>Informa\u00e7\u00f5es:<\/h4><p><strong>E-mail: <\/strong><strong><a href=\"mailto:turismo@santoandre.sp.gov.br\">turismo@santoandre.sp.gov.br<\/a>\u00a0<\/strong><\/p><p><strong>Tel:<\/strong> <strong>(11) <a href=\"tel:551144330752\">4433-0752<\/a> \/ <a href=\"tel:551144330198\">4433-0198<\/a><\/strong><\/p><p><strong><a href=\"https:\/\/www3.santoandre.sp.gov.br\/turismosantoandre\/\">www.santoandre.sp.gov.br\/turismosantoandre<\/a><\/strong><\/p><p>Ger\u00eancia de Turismo<\/p><p>Encarregatura de Informa\u00e7\u00f5es Tur\u00edsticas<\/p><p><em>tags: turismo santo andr\u00e9, editais de turismo<\/em><\/p>\t\t\t\t\t<\/div>\n\t\t\t\t\t\t<\/div>\n\t\t\t\t<\/div>\n\t\t\t\t\t\t<\/div>\n\t\t\t\t\t<\/div>\n\t\t<\/div>\n\t\t\t\t\t\t\t\t<\/div>\n\t\t\t\t\t<\/div>\n\t\t<\/section>\n\t\t\t\t\t\t\t\t\t<\/div>\n\t\t\t<\/div>\n\t\t\t\t\t<\/div>\n\t\t","protected":false},"excerpt":{"rendered":"<p>Santo Andr\u00e9 tem ampliado sua atua\u00e7\u00e3o no planejamento, a\u00e7\u00f5es estrat\u00e9gicas e cria\u00e7\u00e3o de programas permanentes para ajudar a\u00a0 organizar a atividade tur\u00edstica de maneira sustent\u00e1vel<\/p>\n","protected":false},"author":11,"featured_media":0,"parent":0,"menu_order":0,"comment_status":"closed","ping_status":"closed","template":"","meta":{"spay_email":""},"uagb_featured_image_src":{"full":false,"thumbnail":false,"medium":false,"medium_large":false,"large":false,"1536x1536":false,"2048x2048":false,"himalayas-featured-post":false,"himalayas-portfolio-image":false,"himalayas-featured-image":false,"himalayas-services":false},"uagb_author_info":{"display_name":"Turismo Santo Andr\u00e9","author_link":"https:\/\/www3.santoandre.sp.gov.br\/turismosantoandre\/author\/turismo-santo-andre\/"},"uagb_comment_info":0,"uagb_excerpt":"Santo Andr\u00e9 tem ampliado sua atua\u00e7\u00e3o no planejamento, a\u00e7\u00f5es estrat\u00e9gicas e cria\u00e7\u00e3o de programas permanentes para ajudar a\u00a0 organizar a atividade tur\u00edstica de maneira sustent\u00e1vel","_links":{"self":[{"href":"https:\/\/www3.santoandre.sp.gov.br\/turismosantoandre\/wp-json\/wp\/v2\/pages\/14533"}],"collection":[{"href":"https:\/\/www3.santoandre.sp.gov.br\/turismosantoandre\/wp-json\/wp\/v2\/pages"}],"about":[{"href":"https:\/\/www3.santoandre.sp.gov.br\/turismosantoandre\/wp-json\/wp\/v2\/types\/page"}],"author":[{"embeddable":true,"href":"https:\/\/www3.santoandre.sp.gov.br\/turismosantoandre\/wp-json\/wp\/v2\/users\/11"}],"replies":[{"embeddable":true,"href":"https:\/\/www3.santoandre.sp.gov.br\/turismosantoandre\/wp-json\/wp\/v2\/comments?post=14533"}],"version-history":[{"count":103,"href":"https:\/\/www3.santoandre.sp.gov.br\/turismosantoandre\/wp-json\/wp\/v2\/pages\/14533\/revisions"}],"predecessor-version":[{"id":33016,"href":"https:\/\/www3.santoandre.sp.gov.br\/turismosantoandre\/wp-json\/wp\/v2\/pages\/14533\/revisions\/33016"}],"wp:attachment":[{"href":"https:\/\/www3.santoandre.sp.gov.br\/turismosantoandre\/wp-json\/wp\/v2\/media?parent=14533"}],"curies":[{"name":"wp","href":"https:\/\/api.w.org\/{rel}","templated":true}]}}