{"id":14408,"date":"2022-12-07T09:42:53","date_gmt":"2022-12-07T12:42:53","guid":{"rendered":"https:\/\/www3.santoandre.sp.gov.br\/turismosantoandre\/?page_id=14408"},"modified":"2022-12-07T09:56:53","modified_gmt":"2022-12-07T12:56:53","slug":"comtur-atas-das-reunioes-gestao-2016-2017-2018","status":"publish","type":"page","link":"https:\/\/www3.santoandre.sp.gov.br\/turismosantoandre\/comtur-atas-das-reunioes-gestao-2016-2017-2018\/","title":{"rendered":"COMTUR &#8211; Atas das Reuni\u00f5es Gest\u00e3o 2016\/2017\/2018"},"content":{"rendered":"<p><img class=\"aligncenter\" src=\"https:\/\/www3.santoandre.sp.gov.br\/turismosantoandre\/wp-content\/uploads\/2020\/01\/MARCA-COMTUR.png\" \/><\/p>\n<h3><\/h3>\n<p><strong><a href=\"https:\/\/www3.santoandre.sp.gov.br\/turismosantoandre\/wp-content\/uploads\/2022\/12\/Ata-da-1a-Reuniao-Ordinaria-COMTUR-03-03-2016.pdf\">Reuni\u00e3o Ordin\u00e1ria n\u00ba 01<\/a><\/strong><\/p>\n<p><strong><a href=\"https:\/\/www3.santoandre.sp.gov.br\/turismosantoandre\/wp-content\/uploads\/2022\/12\/Ata-da-2a-Reuiniao-Ordinaria-COMTUR-de-07-de-abril-de-2016.pdf\">Reuni\u00e3o Ordin\u00e1ria n\u00ba 02<\/a><\/strong><\/p>\n<p><strong><a href=\"https:\/\/www3.santoandre.sp.gov.br\/turismosantoandre\/wp-content\/uploads\/2022\/12\/Ata-da-3a-Reuniao-Ordinaria-COMTUR-05.05.2016-2.pdf\">Reuni\u00e3o Ordin\u00e1ria n\u00ba 03<\/a><\/strong><\/p>\n<p><strong><a href=\"https:\/\/www3.santoandre.sp.gov.br\/turismosantoandre\/wp-content\/uploads\/2022\/12\/Ata-da-4a-Reuniao-Ordinaria-COMTUR-de-02-de-junho-de-2016-1.pdf\">Reuni\u00e3o Ordin\u00e1ria n\u00ba 04<\/a><\/strong><\/p>\n<p><strong><a href=\"https:\/\/www3.santoandre.sp.gov.br\/turismosantoandre\/wp-content\/uploads\/2022\/12\/Ata-da-5a-reuniao-de-04-de-agosto-de-2016.pdf\">Reuni\u00e3o Ordin\u00e1ria n\u00ba 05<\/a><\/strong><\/p>\n<p><strong><a href=\"https:\/\/www3.santoandre.sp.gov.br\/turismosantoandre\/wp-content\/uploads\/2022\/12\/Ata-da-6a-Reuniao-COMTUR-01-de-Setembro-de-2016.pdf\">Reuni\u00e3o Ordin\u00e1ria n\u00ba 06<\/a><\/strong><\/p>\n<p><strong><a href=\"https:\/\/www3.santoandre.sp.gov.br\/turismosantoandre\/wp-content\/uploads\/2022\/12\/Ata-da-7a-Reuniao-Ordinaria-COMTUR-23-de-fevereiro-de-2017.pdf\">Reuni\u00e3o Ordin\u00e1ria n\u00ba 07<\/a><\/strong><\/p>\n<p><strong><a href=\"https:\/\/www3.santoandre.sp.gov.br\/turismosantoandre\/wp-content\/uploads\/2022\/12\/Ata-da-8a-Reuniao-Ordinaria-COMTUR-23-de-marco-2017-1.pdf\">Reuni\u00e3o Ordin\u00e1ria n\u00ba 08<\/a><\/strong><\/p>\n<p><strong><a href=\"https:\/\/www3.santoandre.sp.gov.br\/turismosantoandre\/wp-content\/uploads\/2022\/12\/Ata-da-9a-Reuniao-ordinaria-COMTUR-20-de-dez-2017.pdf\">Reuni\u00e3o Ordin\u00e1ria n\u00ba 09<\/a><\/strong><\/p>\n<p><strong><a href=\"https:\/\/www3.santoandre.sp.gov.br\/turismosantoandre\/wp-content\/uploads\/2022\/12\/ATA-DA-10a-REUNIAO-ORDINARIA-DO-CONSELHO-MUNICIPAL-DE-TURISMO.pdf\">Reuni\u00e3o Ordin\u00e1ria n\u00ba 10<\/a><\/strong><\/p>\n<p><strong><a href=\"https:\/\/www3.santoandre.sp.gov.br\/turismosantoandre\/wp-content\/uploads\/2022\/12\/ATA-DA-11a-REUNIAO-ORDINARIA-DO-CONSELHO-MUNICIPAL-DE-TURISMO-converted.pdf\">Reuni\u00e3o Ordin\u00e1ria n\u00ba 11<\/a><\/strong><\/p>\n<p><a href=\"https:\/\/www3.santoandre.sp.gov.br\/turismosantoandre\/wp-content\/uploads\/2022\/12\/ATA-DA-12a-REUNIAO-ORDINARIA-DO-CONSELHO-MUNICIPAL-DE-TURISMO-19-de-set-2018.pdf\"><strong>Reuni\u00e3o Ordin\u00e1ria n\u00ba 12<\/strong><\/a><\/p>\n<p><strong><a href=\"https:\/\/www3.santoandre.sp.gov.br\/turismosantoandre\/wp-content\/uploads\/2022\/12\/ATA-DA-13a-REUNIAO-ORDINARIA-DO-CONSELHO-MUNICIPAL-DE-TURISMO-14-de-Dez-2018.pdf\">Reuni\u00e3o Ordin\u00e1ria n\u00ba 13\u00a0<\/a><\/strong><\/p>\n<h4><\/h4>\n<h4><strong>Informa\u00e7\u00f5es:\u00a0<\/strong><\/h4>\n<p><strong>Telefones:<\/strong><\/p>\n<p><strong><a href=\"tel:551144330198\">(11) 4433-0198<\/a><\/strong><\/p>\n<p><a href=\"tel:551144330752\"><strong>(11) 4433-0752<\/strong><\/a><\/p>\n<p><span style=\"color: #000000;\"><b>Email:<a href=\"mailto:turismo@santoandre.sp.gov.br\"> turismo@santoandre.sp.gov.br<\/a><\/b><\/span><\/p>\n<p>Ger\u00eancia de Polos e Voca\u00e7\u00f5es Tur\u00edsticas<\/p>\n<p>Departamento de Desenvolvimento Econ\u00f4mico, Tecnologia, Inova\u00e7\u00e3o e Turismo<\/p>\n<p>Secretaria de Desenvolvimento e Gera\u00e7\u00e3o de Emprego<\/p>\n<p><em>tags: conselho de turismo, conselho municipal, turismo, conselho, santo andr\u00e9, portal de turismo<\/em><\/p>\n","protected":false},"excerpt":{"rendered":"<p>Reuni\u00e3o Ordin\u00e1ria n\u00ba 01 Reuni\u00e3o Ordin\u00e1ria n\u00ba 02 Reuni\u00e3o Ordin\u00e1ria n\u00ba 03 Reuni\u00e3o Ordin\u00e1ria n\u00ba 04 Reuni\u00e3o Ordin\u00e1ria n\u00ba 05 Reuni\u00e3o Ordin\u00e1ria n\u00ba 06 Reuni\u00e3o<\/p>\n","protected":false},"author":11,"featured_media":0,"parent":0,"menu_order":0,"comment_status":"closed","ping_status":"closed","template":"","meta":{"spay_email":""},"uagb_featured_image_src":{"full":false,"thumbnail":false,"medium":false,"medium_large":false,"large":false,"1536x1536":false,"2048x2048":false,"himalayas-featured-post":false,"himalayas-portfolio-image":false,"himalayas-featured-image":false,"himalayas-services":false},"uagb_author_info":{"display_name":"Turismo Santo Andr\u00e9","author_link":"https:\/\/www3.santoandre.sp.gov.br\/turismosantoandre\/author\/turismo-santo-andre\/"},"uagb_comment_info":0,"uagb_excerpt":"Reuni\u00e3o Ordin\u00e1ria n\u00ba 01 Reuni\u00e3o Ordin\u00e1ria n\u00ba 02 Reuni\u00e3o Ordin\u00e1ria n\u00ba 03 Reuni\u00e3o Ordin\u00e1ria n\u00ba 04 Reuni\u00e3o Ordin\u00e1ria n\u00ba 05 Reuni\u00e3o Ordin\u00e1ria n\u00ba 06 Reuni\u00e3o","_links":{"self":[{"href":"https:\/\/www3.santoandre.sp.gov.br\/turismosantoandre\/wp-json\/wp\/v2\/pages\/14408"}],"collection":[{"href":"https:\/\/www3.santoandre.sp.gov.br\/turismosantoandre\/wp-json\/wp\/v2\/pages"}],"about":[{"href":"https:\/\/www3.santoandre.sp.gov.br\/turismosantoandre\/wp-json\/wp\/v2\/types\/page"}],"author":[{"embeddable":true,"href":"https:\/\/www3.santoandre.sp.gov.br\/turismosantoandre\/wp-json\/wp\/v2\/users\/11"}],"replies":[{"embeddable":true,"href":"https:\/\/www3.santoandre.sp.gov.br\/turismosantoandre\/wp-json\/wp\/v2\/comments?post=14408"}],"version-history":[{"count":3,"href":"https:\/\/www3.santoandre.sp.gov.br\/turismosantoandre\/wp-json\/wp\/v2\/pages\/14408\/revisions"}],"predecessor-version":[{"id":31686,"href":"https:\/\/www3.santoandre.sp.gov.br\/turismosantoandre\/wp-json\/wp\/v2\/pages\/14408\/revisions\/31686"}],"wp:attachment":[{"href":"https:\/\/www3.santoandre.sp.gov.br\/turismosantoandre\/wp-json\/wp\/v2\/media?parent=14408"}],"curies":[{"name":"wp","href":"https:\/\/api.w.org\/{rel}","templated":true}]}}