{"id":13137,"date":"2022-05-24T11:37:44","date_gmt":"2022-05-24T14:37:44","guid":{"rendered":"https:\/\/www3.santoandre.sp.gov.br\/turismosantoandre\/?page_id=13137"},"modified":"2023-12-20T12:24:18","modified_gmt":"2023-12-20T15:24:18","slug":"comtur-atas-das-reunioes-gestao-2022-2023","status":"publish","type":"page","link":"https:\/\/www3.santoandre.sp.gov.br\/turismosantoandre\/comtur-atas-das-reunioes-gestao-2022-2023\/","title":{"rendered":"COMTUR &#8211; Atas das Reuni\u00f5es Gest\u00e3o 2022\/2023"},"content":{"rendered":"<p><img class=\"aligncenter\" src=\"https:\/\/www3.santoandre.sp.gov.br\/turismosantoandre\/wp-content\/uploads\/2020\/01\/MARCA-COMTUR.png\" \/><\/p>\n<p><a href=\"https:\/\/www3.santoandre.sp.gov.br\/turismosantoandre\/wp-content\/uploads\/2022\/05\/ATA-DA-1a-REUNIAO-ORDINARIA-DO-CONSELHO-MUNICIPAL-DE-TURISMO-\u2013-COMTUR-Gestao-2022-2023-1.pdf\"><strong>Reuni\u00e3o Ordin\u00e1ria n\u00ba 01<\/strong><\/a><\/p>\n<p><a href=\"https:\/\/www3.santoandre.sp.gov.br\/turismosantoandre\/wp-content\/uploads\/2022\/06\/ATA-DA-2a-REUNIAO-ORDINARIA-DO-CONSELHO-MUNICIPAL-DE-TURISMO-\u2013-COMTUR-2022.pdf\"><strong>Reuni\u00e3o Ordin\u00e1ria n\u00ba 02<\/strong><\/a><\/p>\n<p><a href=\"https:\/\/www3.santoandre.sp.gov.br\/turismosantoandre\/wp-content\/uploads\/2022\/08\/ATA-DA-3a-REUNIAO-ORDINARIA-DO-CONSELHO-MUNICIPAL-DE-TURISMO-\u2013-COMTUR-2022.pdf\"><strong>Reuni\u00e3o Ordin\u00e1ria n\u00ba 03<\/strong><\/a><\/p>\n<p><a href=\"https:\/\/www3.santoandre.sp.gov.br\/turismosantoandre\/wp-content\/uploads\/2022\/11\/ATA-DA-4a-REUNIAO-ORDINARIA-DO-CONSELHO-MUNICIPAL-DE-TURISMO-\u2013-COMTUR-2022-1.pdf\"><strong>Reuni\u00e3o Ordin\u00e1ria n\u00ba 04<\/strong><\/a><\/p>\n<p><a href=\"https:\/\/www3.santoandre.sp.gov.br\/turismosantoandre\/wp-content\/uploads\/2022\/12\/ATA-DA-5a-REUNIAO-ORDINARIA-DO-CONSELHO-MUNICIPAL-DE-TURISMO-\u2013-COMTUR-2022.pdf\"><strong>Reuni\u00e3o Ordin\u00e1ria n\u00ba 05<\/strong><\/a><\/p>\n<p><a href=\"https:\/\/www3.santoandre.sp.gov.br\/turismosantoandre\/wp-content\/uploads\/2023\/04\/ATA-DA-6a-REUNIAO-ORDINARIA-DO-CONSELHO-MUNICIPAL-DE-TURISMO-\u2013-COMTUR-2022.pdf\"><strong>Reuni\u00e3o Ordin\u00e1ria n\u00ba 06<\/strong><\/a><\/p>\n<p><strong><a href=\"https:\/\/www3.santoandre.sp.gov.br\/turismosantoandre\/wp-content\/uploads\/2023\/04\/ATA-DA-7a-REUNIAO-ORDINARIA-DO-CONSELHO-MUNICIPAL-DE-TURISMO-\u2013-COMTUR-2023.pdf\">Reuni\u00e3o Ordin\u00e1ria n\u00ba 07<\/a><\/strong><\/p>\n<p><strong><a href=\"https:\/\/www3.santoandre.sp.gov.br\/turismosantoandre\/wp-content\/uploads\/2023\/04\/ATA-DA-8a-REUNIAO-ORDINARIA-DO-CONSELHO-MUNICIPAL-DE-TURISMO-\u2013-COMTUR-2023.pdf\">Reuni\u00e3o Ordin\u00e1ria n\u00ba 08<\/a><\/strong><\/p>\n<p><strong><a href=\"https:\/\/www3.santoandre.sp.gov.br\/turismosantoandre\/wp-content\/uploads\/2023\/12\/ATA-DA-9a-REUNIAO-ORDINARIA-DO-CONSELHO-MUNICIPAL-DE-TURISMO-\u2013-COMTUR-2023.pdf\">Reuni\u00e3o Ordin\u00e1ria n\u00ba 09<\/a><\/strong><\/p>\n<p><strong><a href=\"https:\/\/www3.santoandre.sp.gov.br\/turismosantoandre\/wp-content\/uploads\/2023\/12\/ATA-DA-10a-REUNIAO-ORDINARIA-DO-CONSELHO-MUNICIPAL-DE-TURISMO-\u2013-COMTUR-2023.pdf\">Reuni\u00e3o Ordin\u00e1ria n\u00ba 10<\/a><\/strong><\/p>\n<p><strong><a href=\"https:\/\/www3.santoandre.sp.gov.br\/turismosantoandre\/wp-content\/uploads\/2023\/12\/ATA-DA-11a-REUNIAO-ORDINARIA-DO-CONSELHO-MUNICIPAL-DE-TURISMO-\u2013-COMTUR-2023.pdf\">Reuni\u00e3o Ordin\u00e1ria n\u00ba 11<\/a><\/strong><\/p>\n<p><strong><a href=\"https:\/\/www3.santoandre.sp.gov.br\/turismosantoandre\/wp-content\/uploads\/2023\/12\/ATA-DA-12a-REUNIAO-ORDINARIA-DO-CONSELHO-MUNICIPAL-DE-TURISMO-\u2013-COMTUR-2023-4.pdf\">Reuni\u00e3o Ordin\u00e1ria n\u00ba 12<\/a><\/strong><\/p>\n<p>&nbsp;<\/p>\n<h4><strong>Informa\u00e7\u00f5es:\u00a0<\/strong><\/h4>\n<p><strong>Telefones:<\/strong><\/p>\n<p><strong><a href=\"tel:551144330198\">(11) 4433-0198<\/a><\/strong><\/p>\n<p><a href=\"tel:551144330752\"><strong>(11) 4433-0752<\/strong><\/a><\/p>\n<p><span style=\"color: #000000;\"><b>Email:<a href=\"mailto:turismo@santoandre.sp.gov.br\"> turismo@santoandre.sp.gov.br<\/a><\/b><\/span><\/p>\n<p>Ger\u00eancia de Polos e Voca\u00e7\u00f5es Tur\u00edsticas<\/p>\n<p>Departamento de Desenvolvimento Econ\u00f4mico, Tecnologia, Inova\u00e7\u00e3o e Turismo<\/p>\n<p>Secretaria de Desenvolvimento e Gera\u00e7\u00e3o de Emprego<\/p>\n<p><em>tags: conselho de turismo, conselho municipal, turismo, conselho, santo andr\u00e9, portal de turismo<\/em><\/p>\n","protected":false},"excerpt":{"rendered":"<p>Reuni\u00e3o Ordin\u00e1ria n\u00ba 01 Reuni\u00e3o Ordin\u00e1ria n\u00ba 02 Reuni\u00e3o Ordin\u00e1ria n\u00ba 03 Reuni\u00e3o Ordin\u00e1ria n\u00ba 04 Reuni\u00e3o Ordin\u00e1ria n\u00ba 05 Reuni\u00e3o Ordin\u00e1ria n\u00ba 06 Reuni\u00e3o<\/p>\n","protected":false},"author":11,"featured_media":0,"parent":0,"menu_order":0,"comment_status":"closed","ping_status":"closed","template":"","meta":{"spay_email":""},"uagb_featured_image_src":{"full":false,"thumbnail":false,"medium":false,"medium_large":false,"large":false,"1536x1536":false,"2048x2048":false,"himalayas-featured-post":false,"himalayas-portfolio-image":false,"himalayas-featured-image":false,"himalayas-services":false},"uagb_author_info":{"display_name":"Turismo Santo Andr\u00e9","author_link":"https:\/\/www3.santoandre.sp.gov.br\/turismosantoandre\/author\/turismo-santo-andre\/"},"uagb_comment_info":0,"uagb_excerpt":"Reuni\u00e3o Ordin\u00e1ria n\u00ba 01 Reuni\u00e3o Ordin\u00e1ria n\u00ba 02 Reuni\u00e3o Ordin\u00e1ria n\u00ba 03 Reuni\u00e3o Ordin\u00e1ria n\u00ba 04 Reuni\u00e3o Ordin\u00e1ria n\u00ba 05 Reuni\u00e3o Ordin\u00e1ria n\u00ba 06 Reuni\u00e3o","_links":{"self":[{"href":"https:\/\/www3.santoandre.sp.gov.br\/turismosantoandre\/wp-json\/wp\/v2\/pages\/13137"}],"collection":[{"href":"https:\/\/www3.santoandre.sp.gov.br\/turismosantoandre\/wp-json\/wp\/v2\/pages"}],"about":[{"href":"https:\/\/www3.santoandre.sp.gov.br\/turismosantoandre\/wp-json\/wp\/v2\/types\/page"}],"author":[{"embeddable":true,"href":"https:\/\/www3.santoandre.sp.gov.br\/turismosantoandre\/wp-json\/wp\/v2\/users\/11"}],"replies":[{"embeddable":true,"href":"https:\/\/www3.santoandre.sp.gov.br\/turismosantoandre\/wp-json\/wp\/v2\/comments?post=13137"}],"version-history":[{"count":20,"href":"https:\/\/www3.santoandre.sp.gov.br\/turismosantoandre\/wp-json\/wp\/v2\/pages\/13137\/revisions"}],"predecessor-version":[{"id":18508,"href":"https:\/\/www3.santoandre.sp.gov.br\/turismosantoandre\/wp-json\/wp\/v2\/pages\/13137\/revisions\/18508"}],"wp:attachment":[{"href":"https:\/\/www3.santoandre.sp.gov.br\/turismosantoandre\/wp-json\/wp\/v2\/media?parent=13137"}],"curies":[{"name":"wp","href":"https:\/\/api.w.org\/{rel}","templated":true}]}}