{"id":12958,"date":"2022-05-03T08:46:36","date_gmt":"2022-05-03T11:46:36","guid":{"rendered":"https:\/\/www3.santoandre.sp.gov.br\/turismosantoandre\/?page_id=12958"},"modified":"2024-04-09T11:57:20","modified_gmt":"2024-04-09T14:57:20","slug":"aterro-municipal-de-santo-andre","status":"publish","type":"page","link":"https:\/\/www3.santoandre.sp.gov.br\/turismosantoandre\/aterro-municipal-de-santo-andre\/","title":{"rendered":"Aterro Sanit\u00e1rio de Santo Andr\u00e9"},"content":{"rendered":"\t\t<div data-elementor-type=\"wp-post\" data-elementor-id=\"12958\" class=\"elementor elementor-12958\">\n\t\t\t\t\t\t<div class=\"elementor-inner\">\n\t\t\t\t<div class=\"elementor-section-wrap\">\n\t\t\t\t\t\t\t\t\t<section class=\"elementor-section elementor-top-section elementor-element elementor-element-4062db8 elementor-section-boxed elementor-section-height-default elementor-section-height-default\" data-id=\"4062db8\" data-element_type=\"section\">\n\t\t\t\t\t\t<div class=\"elementor-container elementor-column-gap-default\">\n\t\t\t\t\t\t\t<div class=\"elementor-row\">\n\t\t\t\t\t<div class=\"elementor-column elementor-col-100 elementor-top-column elementor-element elementor-element-1139484\" data-id=\"1139484\" data-element_type=\"column\">\n\t\t\t<div class=\"elementor-column-wrap elementor-element-populated\">\n\t\t\t\t\t\t\t<div class=\"elementor-widget-wrap\">\n\t\t\t\t\t\t<div class=\"elementor-element elementor-element-b03edf6 elementor-widget elementor-widget-image\" data-id=\"b03edf6\" data-element_type=\"widget\" data-widget_type=\"image.default\">\n\t\t\t\t<div class=\"elementor-widget-container\">\n\t\t\t\t\t\t\t\t<div class=\"elementor-image\">\n\t\t\t\t\t\t\t\t\t\t\t\t<img width=\"768\" height=\"374\" src=\"https:\/\/www3.santoandre.sp.gov.br\/turismosantoandre\/wp-content\/uploads\/2022\/05\/Projeto-De-Volta-Pra-Sala-em-visita-ao-aterro-768x374-1.jpg\" class=\"attachment-large size-large\" alt=\"Aterro Sanit\u00e1rio de Santo Andr\u00e9\" loading=\"lazy\" srcset=\"https:\/\/www3.santoandre.sp.gov.br\/turismosantoandre\/wp-content\/uploads\/2022\/05\/Projeto-De-Volta-Pra-Sala-em-visita-ao-aterro-768x374-1.jpg 768w, https:\/\/www3.santoandre.sp.gov.br\/turismosantoandre\/wp-content\/uploads\/2022\/05\/Projeto-De-Volta-Pra-Sala-em-visita-ao-aterro-768x374-1-300x146.jpg 300w\" sizes=\"(max-width: 768px) 100vw, 768px\" \/>\t\t\t\t\t\t\t\t\t\t\t\t\t\t<\/div>\n\t\t\t\t\t\t<\/div>\n\t\t\t\t<\/div>\n\t\t\t\t\t\t<\/div>\n\t\t\t\t\t<\/div>\n\t\t<\/div>\n\t\t\t\t\t\t\t\t<\/div>\n\t\t\t\t\t<\/div>\n\t\t<\/section>\n\t\t\t\t<section class=\"elementor-section elementor-top-section elementor-element elementor-element-ce3f1ac elementor-section-boxed elementor-section-height-default elementor-section-height-default\" data-id=\"ce3f1ac\" data-element_type=\"section\">\n\t\t\t\t\t\t<div class=\"elementor-container elementor-column-gap-default\">\n\t\t\t\t\t\t\t<div class=\"elementor-row\">\n\t\t\t\t\t<div class=\"elementor-column elementor-col-100 elementor-top-column elementor-element elementor-element-aee0f48\" data-id=\"aee0f48\" data-element_type=\"column\">\n\t\t\t<div class=\"elementor-column-wrap elementor-element-populated\">\n\t\t\t\t\t\t\t<div class=\"elementor-widget-wrap\">\n\t\t\t\t\t\t<div class=\"elementor-element elementor-element-31ba172 elementor-widget elementor-widget-text-editor\" data-id=\"31ba172\" data-element_type=\"widget\" data-widget_type=\"text-editor.default\">\n\t\t\t\t<div class=\"elementor-widget-container\">\n\t\t\t\t\t\t\t\t<div class=\"elementor-text-editor elementor-clearfix\">\n\t\t\t\t<p>O Aterro Municipal de Santo Andr\u00e9 \u00e9 hoje um complexo de tratamento e destina\u00e7\u00e3o final de res\u00edduos s\u00f3lidos produzidos no munic\u00edpio. N\u00e3o \u00e9 s\u00f3 aterro de lixo e muito menos lix\u00e3o. Trata-se de uma \u00e1rea destinada a receber os res\u00edduos s\u00f3lidos produzidos em Santo Andr\u00e9 e dar o destino ambientalmente correto a estes materiais coletados.<\/p><p>Aberto em 1986 e desde 1999 operado pelo Semasa, o Aterro de Santo Andr\u00e9 \u00e9 atualmente um dos mais bem classificados no Estado de S\u00e3o Paulo, com nota 9,4 dada pela pr\u00f3pria Cetesb. Na regi\u00e3o do ABC, Santo Andr\u00e9 \u00e9 a \u00fanica cidade que tem espa\u00e7o para a destina\u00e7\u00e3o de 100% dos res\u00edduos residenciais gerados pela sua popula\u00e7\u00e3o: cerca de 630 toneladas por dia.<\/p><p>Localizado no Parque Gerassi, o Aterro tem \u00e1rea total de 282.258 mil m\u00b2 e\u00a0 hoje abriga tamb\u00e9m as cooperativas de reciclagem.<\/p><p>O Semasa retomou em mar\u00e7o de 2022 as visitas t\u00e9cnicas ao complexo do Aterro Sanit\u00e1rio de Santo Andr\u00e9. Al\u00e9m do pr\u00f3prio aterro, o espa\u00e7o abriga as duas cooperativas de reciclagem parceiras do munic\u00edpio, as lagoas de chorume \u2013 l\u00edquido percolado proveniente da decomposi\u00e7\u00e3o dos res\u00edduos e o ecopontos de recep\u00e7\u00e3o de pneus. O Aterro administrado pelo Semasa \u00e9 o \u00fanico aterro p\u00fablico da regi\u00e3o do ABC e recebe 100% dos res\u00edduos produzidos na cidade.<\/p><p><strong>A visita tem como objetivo despertar a reflex\u00e3o sobre os padr\u00f5es de consumo atuais e a import\u00e2ncia de se participar da coleta seletiva.<\/strong><\/p><p>Para mais informa\u00e7\u00f5es ou agendar visita clique no link abaixo:<\/p><p><strong><a href=\"https:\/\/bit.ly\/visiteoaterrosa\">https:\/\/bit.ly\/visiteoaterrosa<\/a><\/strong><\/p>\t\t\t\t\t<\/div>\n\t\t\t\t\t\t<\/div>\n\t\t\t\t<\/div>\n\t\t\t\t\t\t<\/div>\n\t\t\t\t\t<\/div>\n\t\t<\/div>\n\t\t\t\t\t\t\t\t<\/div>\n\t\t\t\t\t<\/div>\n\t\t<\/section>\n\t\t\t\t<section class=\"elementor-section elementor-top-section elementor-element elementor-element-eb9a2cd elementor-section-boxed elementor-section-height-default elementor-section-height-default\" data-id=\"eb9a2cd\" data-element_type=\"section\">\n\t\t\t\t\t\t<div class=\"elementor-container elementor-column-gap-default\">\n\t\t\t\t\t\t\t<div class=\"elementor-row\">\n\t\t\t\t\t<div class=\"elementor-column elementor-col-50 elementor-top-column elementor-element elementor-element-cf25615\" data-id=\"cf25615\" data-element_type=\"column\">\n\t\t\t<div class=\"elementor-column-wrap elementor-element-populated\">\n\t\t\t\t\t\t\t<div class=\"elementor-widget-wrap\">\n\t\t\t\t\t\t<div class=\"elementor-element elementor-element-91a91ad elementor-widget elementor-widget-google_maps\" data-id=\"91a91ad\" data-element_type=\"widget\" data-widget_type=\"google_maps.default\">\n\t\t\t\t<div class=\"elementor-widget-container\">\n\t\t\t\t\t<div class=\"elementor-custom-embed\">\n\t\t\t<iframe frameborder=\"0\" scrolling=\"no\" marginheight=\"0\" marginwidth=\"0\"\n\t\t\t\t\tsrc=\"https:\/\/maps.google.com\/maps?q=R.%20Fernando%20Costa%20-%20Parque%20Gerassi%2C%20Santo%20Andr%C3%A9%20-%20SP&#038;t=m&#038;z=11&#038;output=embed&#038;iwloc=near\"\n\t\t\t\t\ttitle=\"R. Fernando Costa - Parque Gerassi, Santo Andr\u00e9 - SP\"\n\t\t\t\t\taria-label=\"R. Fernando Costa - Parque Gerassi, Santo Andr\u00e9 - SP\"\n\t\t\t><\/iframe>\n\t\t<\/div>\n\t\t\t\t<\/div>\n\t\t\t\t<\/div>\n\t\t\t\t\t\t<\/div>\n\t\t\t\t\t<\/div>\n\t\t<\/div>\n\t\t\t\t<div class=\"elementor-column elementor-col-50 elementor-top-column elementor-element elementor-element-4aa8609\" data-id=\"4aa8609\" data-element_type=\"column\">\n\t\t\t<div class=\"elementor-column-wrap elementor-element-populated\">\n\t\t\t\t\t\t\t<div class=\"elementor-widget-wrap\">\n\t\t\t\t\t\t<div class=\"elementor-element elementor-element-bb562cd elementor-widget elementor-widget-text-editor\" data-id=\"bb562cd\" data-element_type=\"widget\" data-widget_type=\"text-editor.default\">\n\t\t\t\t<div class=\"elementor-widget-container\">\n\t\t\t\t\t\t\t\t<div class=\"elementor-text-editor elementor-clearfix\">\n\t\t\t\t<p>Endere\u00e7o: Rua Fernando Costa, s\/ n\u00b0, Parque Gerassi, Santo Andr\u00e9.<\/p><p><span style=\"font-size: 15px;\">Agendamento:<a href=\"https:\/\/bit.ly\/visiteoaterrosa\">\u00a0<\/a><\/span><strong><a href=\"https:\/\/bit.ly\/visiteoaterrosa\">https:\/\/bit.ly\/visiteoaterrosa<\/a><\/strong><\/p><p><span style=\"font-size: 15px;\">Entrada: Gratuita <\/span><\/p><p>\u00a0<\/p>\t\t\t\t\t<\/div>\n\t\t\t\t\t\t<\/div>\n\t\t\t\t<\/div>\n\t\t\t\t\t\t<\/div>\n\t\t\t\t\t<\/div>\n\t\t<\/div>\n\t\t\t\t\t\t\t\t<\/div>\n\t\t\t\t\t<\/div>\n\t\t<\/section>\n\t\t\t\t\t\t\t\t\t<\/div>\n\t\t\t<\/div>\n\t\t\t\t\t<\/div>\n\t\t","protected":false},"excerpt":{"rendered":"<p>O Aterro Municipal de Santo Andr\u00e9 \u00e9 hoje um complexo de tratamento e destina\u00e7\u00e3o final de res\u00edduos s\u00f3lidos produzidos no munic\u00edpio. N\u00e3o \u00e9 s\u00f3 aterro<\/p>\n","protected":false},"author":11,"featured_media":0,"parent":0,"menu_order":0,"comment_status":"closed","ping_status":"closed","template":"","meta":{"spay_email":""},"uagb_featured_image_src":{"full":false,"thumbnail":false,"medium":false,"medium_large":false,"large":false,"1536x1536":false,"2048x2048":false,"himalayas-featured-post":false,"himalayas-portfolio-image":false,"himalayas-featured-image":false,"himalayas-services":false},"uagb_author_info":{"display_name":"Turismo Santo Andr\u00e9","author_link":"https:\/\/www3.santoandre.sp.gov.br\/turismosantoandre\/author\/turismo-santo-andre\/"},"uagb_comment_info":0,"uagb_excerpt":"O Aterro Municipal de Santo Andr\u00e9 \u00e9 hoje um complexo de tratamento e destina\u00e7\u00e3o final de res\u00edduos s\u00f3lidos produzidos no munic\u00edpio. N\u00e3o \u00e9 s\u00f3 aterro","_links":{"self":[{"href":"https:\/\/www3.santoandre.sp.gov.br\/turismosantoandre\/wp-json\/wp\/v2\/pages\/12958"}],"collection":[{"href":"https:\/\/www3.santoandre.sp.gov.br\/turismosantoandre\/wp-json\/wp\/v2\/pages"}],"about":[{"href":"https:\/\/www3.santoandre.sp.gov.br\/turismosantoandre\/wp-json\/wp\/v2\/types\/page"}],"author":[{"embeddable":true,"href":"https:\/\/www3.santoandre.sp.gov.br\/turismosantoandre\/wp-json\/wp\/v2\/users\/11"}],"replies":[{"embeddable":true,"href":"https:\/\/www3.santoandre.sp.gov.br\/turismosantoandre\/wp-json\/wp\/v2\/comments?post=12958"}],"version-history":[{"count":66,"href":"https:\/\/www3.santoandre.sp.gov.br\/turismosantoandre\/wp-json\/wp\/v2\/pages\/12958\/revisions"}],"predecessor-version":[{"id":21153,"href":"https:\/\/www3.santoandre.sp.gov.br\/turismosantoandre\/wp-json\/wp\/v2\/pages\/12958\/revisions\/21153"}],"wp:attachment":[{"href":"https:\/\/www3.santoandre.sp.gov.br\/turismosantoandre\/wp-json\/wp\/v2\/media?parent=12958"}],"curies":[{"name":"wp","href":"https:\/\/api.w.org\/{rel}","templated":true}]}}