{"id":1070,"date":"2019-09-04T14:13:14","date_gmt":"2019-09-04T17:13:14","guid":{"rendered":"https:\/\/www3.santoandre.sp.gov.br\/turismosantoandre\/?page_id=1070"},"modified":"2024-04-03T13:26:06","modified_gmt":"2024-04-03T16:26:06","slug":"cemiterio-paranapiacaba","status":"publish","type":"page","link":"https:\/\/www3.santoandre.sp.gov.br\/turismosantoandre\/cemiterio-paranapiacaba\/","title":{"rendered":"Cemit\u00e9rio Bom Jesus de Paranapiacaba"},"content":{"rendered":"\t\t<div data-elementor-type=\"wp-post\" data-elementor-id=\"1070\" class=\"elementor elementor-1070\">\n\t\t\t\t\t\t<div class=\"elementor-inner\">\n\t\t\t\t<div class=\"elementor-section-wrap\">\n\t\t\t\t\t\t\t\t\t<section class=\"elementor-section elementor-top-section elementor-element elementor-element-d880937 elementor-section-boxed elementor-section-height-default elementor-section-height-default\" data-id=\"d880937\" data-element_type=\"section\">\n\t\t\t\t\t\t<div class=\"elementor-container elementor-column-gap-default\">\n\t\t\t\t\t\t\t<div class=\"elementor-row\">\n\t\t\t\t\t<div class=\"elementor-column elementor-col-100 elementor-top-column elementor-element elementor-element-ffdfe07\" data-id=\"ffdfe07\" data-element_type=\"column\">\n\t\t\t<div class=\"elementor-column-wrap elementor-element-populated\">\n\t\t\t\t\t\t\t<div class=\"elementor-widget-wrap\">\n\t\t\t\t\t\t<div class=\"elementor-element elementor-element-6d7be49 elementor-arrows-position-inside elementor-widget elementor-widget-image-carousel\" data-id=\"6d7be49\" data-element_type=\"widget\" data-settings=\"{&quot;slides_to_show&quot;:&quot;3&quot;,&quot;navigation&quot;:&quot;arrows&quot;,&quot;autoplay&quot;:&quot;yes&quot;,&quot;pause_on_hover&quot;:&quot;yes&quot;,&quot;pause_on_interaction&quot;:&quot;yes&quot;,&quot;autoplay_speed&quot;:5000,&quot;infinite&quot;:&quot;yes&quot;,&quot;speed&quot;:500,&quot;image_spacing_custom&quot;:{&quot;unit&quot;:&quot;px&quot;,&quot;size&quot;:20,&quot;sizes&quot;:[]}}\" data-widget_type=\"image-carousel.default\">\n\t\t\t\t<div class=\"elementor-widget-container\">\n\t\t\t\t\t<div class=\"elementor-image-carousel-wrapper swiper-container\" dir=\"ltr\">\n\t\t\t<div class=\"elementor-image-carousel swiper-wrapper swiper-image-stretch\">\n\t\t\t\t\t\t\t\t<div class=\"swiper-slide\"><figure class=\"swiper-slide-inner\"><img class=\"swiper-slide-image\" src=\"https:\/\/www3.santoandre.sp.gov.br\/turismosantoandre\/wp-content\/uploads\/2019\/09\/48299432166_32223d7f8f_k-300x199.jpg\" alt=\"48299432166_32223d7f8f_k\" \/><\/figure><\/div><div class=\"swiper-slide\"><figure class=\"swiper-slide-inner\"><img class=\"swiper-slide-image\" src=\"https:\/\/www3.santoandre.sp.gov.br\/turismosantoandre\/wp-content\/uploads\/2024\/04\/Imagem1-2-300x200.jpg\" alt=\"Imagem1\" \/><\/figure><\/div><div class=\"swiper-slide\"><figure class=\"swiper-slide-inner\"><img class=\"swiper-slide-image\" src=\"https:\/\/www3.santoandre.sp.gov.br\/turismosantoandre\/wp-content\/uploads\/2024\/04\/Imagem2-2-300x199.jpg\" alt=\"Imagem2\" \/><\/figure><\/div><div class=\"swiper-slide\"><figure class=\"swiper-slide-inner\"><img class=\"swiper-slide-image\" src=\"https:\/\/www3.santoandre.sp.gov.br\/turismosantoandre\/wp-content\/uploads\/2024\/04\/Imagem3-2-300x200.jpg\" alt=\"Imagem3\" \/><\/figure><\/div><div class=\"swiper-slide\"><figure class=\"swiper-slide-inner\"><img class=\"swiper-slide-image\" src=\"https:\/\/www3.santoandre.sp.gov.br\/turismosantoandre\/wp-content\/uploads\/2024\/04\/Imagem4-2-300x200.jpg\" alt=\"Imagem4\" \/><\/figure><\/div>\t\t\t<\/div>\n\t\t\t\t\t\t\t\t\t\t\t\t\t\t\t\t<div class=\"elementor-swiper-button elementor-swiper-button-prev\">\n\t\t\t\t\t\t<i aria-hidden=\"true\" class=\"eicon-chevron-left\"><\/i>\t\t\t\t\t\t<span class=\"elementor-screen-only\">Anterior<\/span>\n\t\t\t\t\t<\/div>\n\t\t\t\t\t<div class=\"elementor-swiper-button elementor-swiper-button-next\">\n\t\t\t\t\t\t<i aria-hidden=\"true\" class=\"eicon-chevron-right\"><\/i>\t\t\t\t\t\t<span class=\"elementor-screen-only\">Pr\u00f3ximo<\/span>\n\t\t\t\t\t<\/div>\n\t\t\t\t\t\t\t\t\t<\/div>\n\t\t\t\t<\/div>\n\t\t\t\t<\/div>\n\t\t\t\t\t\t<\/div>\n\t\t\t\t\t<\/div>\n\t\t<\/div>\n\t\t\t\t\t\t\t\t<\/div>\n\t\t\t\t\t<\/div>\n\t\t<\/section>\n\t\t\t\t<section class=\"elementor-section elementor-top-section elementor-element elementor-element-0bedbdd elementor-section-boxed elementor-section-height-default elementor-section-height-default\" data-id=\"0bedbdd\" data-element_type=\"section\">\n\t\t\t\t\t\t<div class=\"elementor-container elementor-column-gap-default\">\n\t\t\t\t\t\t\t<div class=\"elementor-row\">\n\t\t\t\t\t<div class=\"elementor-column elementor-col-100 elementor-top-column elementor-element elementor-element-ef40c71\" data-id=\"ef40c71\" data-element_type=\"column\">\n\t\t\t<div class=\"elementor-column-wrap elementor-element-populated\">\n\t\t\t\t\t\t\t<div class=\"elementor-widget-wrap\">\n\t\t\t\t\t\t<div class=\"elementor-element elementor-element-96ad16c elementor-widget elementor-widget-text-editor\" data-id=\"96ad16c\" data-element_type=\"widget\" data-widget_type=\"text-editor.default\">\n\t\t\t\t<div class=\"elementor-widget-container\">\n\t\t\t\t\t\t\t\t<div class=\"elementor-text-editor elementor-clearfix\">\n\t\t\t\t<p>Principal marco referencial da paisagem da Parte Alta, conhecido popularmente como Cemit\u00e9rio de Paranapiacaba.<\/p><p>O cemit\u00e9rio foi fundado em 25 de Julho de 1900, possuindo em uma \u00e1rea de 20.000 m\u00b2, aproximadamente 600 Jazigos de concess\u00e3o perp\u00e9tua constru\u00eddos.<\/p><p>Este cemit\u00e9rio foi constru\u00eddo pelos ingleses, que na \u00e9poca constru\u00edam e trabalhavam na estrada de ferro. Na \u00e9poca ocorreu uma epidemia muito forte que levou a \u00f3bito centenas destes oper\u00e1rios, que estando longe de seus lares, eram ali sepultados.<\/p><p>Foi tombado como patrim\u00f4nio hist\u00f3rico pelo Munic\u00edpio, pois seus jazigos s\u00e3o em sua grande maioria constru\u00e7\u00f5es bastante antigas datadas daquela \u00e9poca.<\/p>\t\t\t\t\t<\/div>\n\t\t\t\t\t\t<\/div>\n\t\t\t\t<\/div>\n\t\t\t\t\t\t<\/div>\n\t\t\t\t\t<\/div>\n\t\t<\/div>\n\t\t\t\t\t\t\t\t<\/div>\n\t\t\t\t\t<\/div>\n\t\t<\/section>\n\t\t\t\t<section class=\"elementor-section elementor-top-section elementor-element elementor-element-41dd4d5 elementor-section-boxed elementor-section-height-default elementor-section-height-default\" data-id=\"41dd4d5\" data-element_type=\"section\">\n\t\t\t\t\t\t<div class=\"elementor-container elementor-column-gap-default\">\n\t\t\t\t\t\t\t<div class=\"elementor-row\">\n\t\t\t\t\t<div class=\"elementor-column elementor-col-100 elementor-top-column elementor-element elementor-element-2073d2c\" data-id=\"2073d2c\" data-element_type=\"column\">\n\t\t\t<div class=\"elementor-column-wrap elementor-element-populated\">\n\t\t\t\t\t\t\t<div class=\"elementor-widget-wrap\">\n\t\t\t\t\t\t<div class=\"elementor-element elementor-element-b9c44db elementor-widget-divider--view-line elementor-widget elementor-widget-divider\" data-id=\"b9c44db\" data-element_type=\"widget\" data-widget_type=\"divider.default\">\n\t\t\t\t<div class=\"elementor-widget-container\">\n\t\t\t\t\t<div class=\"elementor-divider\">\n\t\t\t<span class=\"elementor-divider-separator\">\n\t\t\t\t\t\t<\/span>\n\t\t<\/div>\n\t\t\t\t<\/div>\n\t\t\t\t<\/div>\n\t\t\t\t\t\t<\/div>\n\t\t\t\t\t<\/div>\n\t\t<\/div>\n\t\t\t\t\t\t\t\t<\/div>\n\t\t\t\t\t<\/div>\n\t\t<\/section>\n\t\t\t\t<section class=\"elementor-section elementor-top-section elementor-element elementor-element-02ab9ad elementor-section-boxed elementor-section-height-default elementor-section-height-default\" data-id=\"02ab9ad\" data-element_type=\"section\">\n\t\t\t\t\t\t<div class=\"elementor-container elementor-column-gap-default\">\n\t\t\t\t\t\t\t<div class=\"elementor-row\">\n\t\t\t\t\t<div class=\"elementor-column elementor-col-100 elementor-top-column elementor-element elementor-element-328dc80\" data-id=\"328dc80\" data-element_type=\"column\">\n\t\t\t<div class=\"elementor-column-wrap elementor-element-populated\">\n\t\t\t\t\t\t\t<div class=\"elementor-widget-wrap\">\n\t\t\t\t\t\t<section class=\"elementor-section elementor-inner-section elementor-element elementor-element-adceff3 elementor-section-boxed elementor-section-height-default elementor-section-height-default\" data-id=\"adceff3\" data-element_type=\"section\">\n\t\t\t\t\t\t<div class=\"elementor-container elementor-column-gap-default\">\n\t\t\t\t\t\t\t<div class=\"elementor-row\">\n\t\t\t\t\t<div class=\"elementor-column elementor-col-50 elementor-inner-column elementor-element elementor-element-a486707\" data-id=\"a486707\" data-element_type=\"column\">\n\t\t\t<div class=\"elementor-column-wrap elementor-element-populated\">\n\t\t\t\t\t\t\t<div class=\"elementor-widget-wrap\">\n\t\t\t\t\t\t<div class=\"elementor-element elementor-element-64dc074 elementor-widget elementor-widget-heading\" data-id=\"64dc074\" data-element_type=\"widget\" data-widget_type=\"heading.default\">\n\t\t\t\t<div class=\"elementor-widget-container\">\n\t\t\t<h5 class=\"elementor-heading-title elementor-size-default\">Endere\u00e7o:<\/h5>\t\t<\/div>\n\t\t\t\t<\/div>\n\t\t\t\t<div class=\"elementor-element elementor-element-6992e28 elementor-widget elementor-widget-text-editor\" data-id=\"6992e28\" data-element_type=\"widget\" data-widget_type=\"text-editor.default\">\n\t\t\t\t<div class=\"elementor-widget-container\">\n\t\t\t\t\t\t\t\t<div class=\"elementor-text-editor elementor-clearfix\">\n\t\t\t\t<p><span class=\"fe5nidar khvhiq1o r5qsrrlp i5tg98hk f9ovudaz przvwfww gx1rr48f gfz4du6o r7fjleex nz2484kf svot0ezm dcnh1tix sxl192xd t3g6t33p\"><span class=\"mpj7bzys xzlurrtv\">\ud83d\udccd <strong><a href=\"https:\/\/maps.app.goo.gl\/8chew6u3bb5WJjTo7\">Rodovia Dep. Antonio Adib Chammas, 5 &#8211; Parte Alta &#8211; Paranapiacaba<\/a><\/strong><\/span><\/span><\/p>\t\t\t\t\t<\/div>\n\t\t\t\t\t\t<\/div>\n\t\t\t\t<\/div>\n\t\t\t\t\t\t<\/div>\n\t\t\t\t\t<\/div>\n\t\t<\/div>\n\t\t\t\t<div class=\"elementor-column elementor-col-50 elementor-inner-column elementor-element elementor-element-3c01026\" data-id=\"3c01026\" data-element_type=\"column\">\n\t\t\t<div class=\"elementor-column-wrap elementor-element-populated\">\n\t\t\t\t\t\t\t<div class=\"elementor-widget-wrap\">\n\t\t\t\t\t\t<div class=\"elementor-element elementor-element-918a858 elementor-widget elementor-widget-heading\" data-id=\"918a858\" data-element_type=\"widget\" data-widget_type=\"heading.default\">\n\t\t\t\t<div class=\"elementor-widget-container\">\n\t\t\t<h5 class=\"elementor-heading-title elementor-size-default\">Hor\u00e1rio de funcionamento:<\/h5>\t\t<\/div>\n\t\t\t\t<\/div>\n\t\t\t\t<div class=\"elementor-element elementor-element-4f9a2dc elementor-widget elementor-widget-text-editor\" data-id=\"4f9a2dc\" data-element_type=\"widget\" data-widget_type=\"text-editor.default\">\n\t\t\t\t<div class=\"elementor-widget-container\">\n\t\t\t\t\t\t\t\t<div class=\"elementor-text-editor elementor-clearfix\">\n\t\t\t\t<p><strong><span class=\"fe5nidar khvhiq1o r5qsrrlp i5tg98hk f9ovudaz przvwfww gx1rr48f gfz4du6o r7fjleex nz2484kf svot0ezm dcnh1tix sxl192xd t3g6t33p\"><span class=\"mpj7bzys xzlurrtv\">\u23f0 <\/span><\/span><\/strong><em><strong>Ter\u00e7a-feira a Domingo:<\/strong><\/em> das 10h \u00e0s 16h<\/p>\t\t\t\t\t<\/div>\n\t\t\t\t\t\t<\/div>\n\t\t\t\t<\/div>\n\t\t\t\t\t\t<\/div>\n\t\t\t\t\t<\/div>\n\t\t<\/div>\n\t\t\t\t\t\t\t\t<\/div>\n\t\t\t\t\t<\/div>\n\t\t<\/section>\n\t\t\t\t<section class=\"elementor-section elementor-inner-section elementor-element elementor-element-ee06e46 elementor-section-boxed elementor-section-height-default elementor-section-height-default\" data-id=\"ee06e46\" data-element_type=\"section\">\n\t\t\t\t\t\t<div class=\"elementor-container elementor-column-gap-default\">\n\t\t\t\t\t\t\t<div class=\"elementor-row\">\n\t\t\t\t\t<div class=\"elementor-column elementor-col-50 elementor-inner-column elementor-element elementor-element-8b748e5\" data-id=\"8b748e5\" data-element_type=\"column\">\n\t\t\t<div class=\"elementor-column-wrap elementor-element-populated\">\n\t\t\t\t\t\t\t<div class=\"elementor-widget-wrap\">\n\t\t\t\t\t\t<div class=\"elementor-element elementor-element-0f5f16d elementor-widget elementor-widget-heading\" data-id=\"0f5f16d\" data-element_type=\"widget\" data-widget_type=\"heading.default\">\n\t\t\t\t<div class=\"elementor-widget-container\">\n\t\t\t<h5 class=\"elementor-heading-title elementor-size-default\">Entrada:<\/h5>\t\t<\/div>\n\t\t\t\t<\/div>\n\t\t\t\t<div class=\"elementor-element elementor-element-eb9344d elementor-widget elementor-widget-text-editor\" data-id=\"eb9344d\" data-element_type=\"widget\" data-widget_type=\"text-editor.default\">\n\t\t\t\t<div class=\"elementor-widget-container\">\n\t\t\t\t\t\t\t\t<div class=\"elementor-text-editor elementor-clearfix\">\n\t\t\t\t<p><span class=\"fe5nidar khvhiq1o r5qsrrlp i5tg98hk f9ovudaz przvwfww gx1rr48f gfz4du6o r7fjleex nz2484kf svot0ezm dcnh1tix sxl192xd t3g6t33p\"><span class=\"mpj7bzys xzlurrtv\">\ud83c\udfab <\/span><\/span>Gratuita<\/p>\t\t\t\t\t<\/div>\n\t\t\t\t\t\t<\/div>\n\t\t\t\t<\/div>\n\t\t\t\t\t\t<\/div>\n\t\t\t\t\t<\/div>\n\t\t<\/div>\n\t\t\t\t<div class=\"elementor-column elementor-col-50 elementor-inner-column elementor-element elementor-element-60748d0\" data-id=\"60748d0\" data-element_type=\"column\">\n\t\t\t<div class=\"elementor-column-wrap elementor-element-populated\">\n\t\t\t\t\t\t\t<div class=\"elementor-widget-wrap\">\n\t\t\t\t\t\t<div class=\"elementor-element elementor-element-75c1e1f elementor-widget elementor-widget-heading\" data-id=\"75c1e1f\" data-element_type=\"widget\" data-widget_type=\"heading.default\">\n\t\t\t\t<div class=\"elementor-widget-container\">\n\t\t\t<h5 class=\"elementor-heading-title elementor-size-default\">Reservas: <\/h5>\t\t<\/div>\n\t\t\t\t<\/div>\n\t\t\t\t<div class=\"elementor-element elementor-element-034e162 elementor-widget elementor-widget-text-editor\" data-id=\"034e162\" data-element_type=\"widget\" data-widget_type=\"text-editor.default\">\n\t\t\t\t<div class=\"elementor-widget-container\">\n\t\t\t\t\t\t\t\t<div class=\"elementor-text-editor elementor-clearfix\">\n\t\t\t\t<p><strong><span class=\"fe5nidar khvhiq1o r5qsrrlp i5tg98hk f9ovudaz przvwfww gx1rr48f gfz4du6o r7fjleex nz2484kf svot0ezm dcnh1tix sxl192xd t3g6t33p\"><span class=\"mpj7bzys xzlurrtv\">\ud83d\udcf1<a href=\"tel:551144391324\"> (11) <span style=\"font-size: 15px;\">4439-1324<\/span><\/a><\/span><\/span><\/strong><\/p>\t\t\t\t\t<\/div>\n\t\t\t\t\t\t<\/div>\n\t\t\t\t<\/div>\n\t\t\t\t\t\t<\/div>\n\t\t\t\t\t<\/div>\n\t\t<\/div>\n\t\t\t\t\t\t\t\t<\/div>\n\t\t\t\t\t<\/div>\n\t\t<\/section>\n\t\t\t\t\t\t<\/div>\n\t\t\t\t\t<\/div>\n\t\t<\/div>\n\t\t\t\t\t\t\t\t<\/div>\n\t\t\t\t\t<\/div>\n\t\t<\/section>\n\t\t\t\t<section class=\"elementor-section elementor-top-section elementor-element elementor-element-6fcfae3 elementor-section-boxed elementor-section-height-default elementor-section-height-default\" data-id=\"6fcfae3\" data-element_type=\"section\">\n\t\t\t\t\t\t<div class=\"elementor-container elementor-column-gap-default\">\n\t\t\t\t\t\t\t<div class=\"elementor-row\">\n\t\t\t\t\t<div class=\"elementor-column elementor-col-50 elementor-top-column elementor-element elementor-element-2b66e44\" data-id=\"2b66e44\" data-element_type=\"column\">\n\t\t\t<div class=\"elementor-column-wrap elementor-element-populated\">\n\t\t\t\t\t\t\t<div class=\"elementor-widget-wrap\">\n\t\t\t\t\t\t<div class=\"elementor-element elementor-element-364d92d elementor-widget elementor-widget-google_maps\" data-id=\"364d92d\" data-element_type=\"widget\" data-widget_type=\"google_maps.default\">\n\t\t\t\t<div class=\"elementor-widget-container\">\n\t\t\t\t\t<div class=\"elementor-custom-embed\">\n\t\t\t<iframe frameborder=\"0\" scrolling=\"no\" marginheight=\"0\" marginwidth=\"0\"\n\t\t\t\t\tsrc=\"https:\/\/maps.google.com\/maps?q=Rod.%20Dep.%20Antonio%20Adib%20Chammas%2C%205%20-%20Paranapiacaba%2C%20Santo%20Andr%C3%A9%20-%20SP%2C%2009150-150%2C%20Brasil&#038;t=m&#038;z=16&#038;output=embed&#038;iwloc=near\"\n\t\t\t\t\ttitle=\"Rod. Dep. Antonio Adib Chammas, 5 - Paranapiacaba, Santo Andr\u00e9 - SP, 09150-150, Brasil\"\n\t\t\t\t\taria-label=\"Rod. Dep. Antonio Adib Chammas, 5 - Paranapiacaba, Santo Andr\u00e9 - SP, 09150-150, Brasil\"\n\t\t\t><\/iframe>\n\t\t<\/div>\n\t\t\t\t<\/div>\n\t\t\t\t<\/div>\n\t\t\t\t\t\t<\/div>\n\t\t\t\t\t<\/div>\n\t\t<\/div>\n\t\t\t\t<div class=\"elementor-column elementor-col-50 elementor-top-column elementor-element elementor-element-1fb449c\" data-id=\"1fb449c\" data-element_type=\"column\">\n\t\t\t<div class=\"elementor-column-wrap\">\n\t\t\t\t\t\t\t<div class=\"elementor-widget-wrap\">\n\t\t\t\t\t\t\t\t<\/div>\n\t\t\t\t\t<\/div>\n\t\t<\/div>\n\t\t\t\t\t\t\t\t<\/div>\n\t\t\t\t\t<\/div>\n\t\t<\/section>\n\t\t\t\t\t\t\t\t\t<\/div>\n\t\t\t<\/div>\n\t\t\t\t\t<\/div>\n\t\t","protected":false},"excerpt":{"rendered":"<p>Anterior Pr\u00f3ximo Principal marco referencial da paisagem da Parte Alta, conhecido popularmente como Cemit\u00e9rio de Paranapiacaba. O cemit\u00e9rio foi fundado em 25 de Julho de<\/p>\n","protected":false},"author":11,"featured_media":996,"parent":0,"menu_order":0,"comment_status":"closed","ping_status":"closed","template":"","meta":{"spay_email":""},"uagb_featured_image_src":{"full":["https:\/\/www3.santoandre.sp.gov.br\/turismosantoandre\/wp-content\/uploads\/2019\/09\/48299432166_32223d7f8f_k.jpg",2048,1360,false],"thumbnail":["https:\/\/www3.santoandre.sp.gov.br\/turismosantoandre\/wp-content\/uploads\/2019\/09\/48299432166_32223d7f8f_k-150x150.jpg",150,150,true],"medium":["https:\/\/www3.santoandre.sp.gov.br\/turismosantoandre\/wp-content\/uploads\/2019\/09\/48299432166_32223d7f8f_k-300x199.jpg",300,199,true],"medium_large":["https:\/\/www3.santoandre.sp.gov.br\/turismosantoandre\/wp-content\/uploads\/2019\/09\/48299432166_32223d7f8f_k-768x510.jpg",768,510,true],"large":["https:\/\/www3.santoandre.sp.gov.br\/turismosantoandre\/wp-content\/uploads\/2019\/09\/48299432166_32223d7f8f_k-1024x680.jpg",783,520,true],"1536x1536":["https:\/\/www3.santoandre.sp.gov.br\/turismosantoandre\/wp-content\/uploads\/2019\/09\/48299432166_32223d7f8f_k.jpg",1536,1020,false],"2048x2048":["https:\/\/www3.santoandre.sp.gov.br\/turismosantoandre\/wp-content\/uploads\/2019\/09\/48299432166_32223d7f8f_k.jpg",2048,1360,false],"himalayas-featured-post":["https:\/\/www3.santoandre.sp.gov.br\/turismosantoandre\/wp-content\/uploads\/2019\/09\/48299432166_32223d7f8f_k-781x512.jpg",781,512,true],"himalayas-portfolio-image":["https:\/\/www3.santoandre.sp.gov.br\/turismosantoandre\/wp-content\/uploads\/2019\/09\/48299432166_32223d7f8f_k-400x350.jpg",400,350,true],"himalayas-featured-image":["https:\/\/www3.santoandre.sp.gov.br\/turismosantoandre\/wp-content\/uploads\/2019\/09\/48299432166_32223d7f8f_k-319x142.jpg",319,142,true],"himalayas-services":["https:\/\/www3.santoandre.sp.gov.br\/turismosantoandre\/wp-content\/uploads\/2019\/09\/48299432166_32223d7f8f_k-470x280.jpg",470,280,true]},"uagb_author_info":{"display_name":"Turismo Santo Andr\u00e9","author_link":"https:\/\/www3.santoandre.sp.gov.br\/turismosantoandre\/author\/turismo-santo-andre\/"},"uagb_comment_info":0,"uagb_excerpt":"Anterior Pr\u00f3ximo Principal marco referencial da paisagem da Parte Alta, conhecido popularmente como Cemit\u00e9rio de Paranapiacaba. O cemit\u00e9rio foi fundado em 25 de Julho de","_links":{"self":[{"href":"https:\/\/www3.santoandre.sp.gov.br\/turismosantoandre\/wp-json\/wp\/v2\/pages\/1070"}],"collection":[{"href":"https:\/\/www3.santoandre.sp.gov.br\/turismosantoandre\/wp-json\/wp\/v2\/pages"}],"about":[{"href":"https:\/\/www3.santoandre.sp.gov.br\/turismosantoandre\/wp-json\/wp\/v2\/types\/page"}],"author":[{"embeddable":true,"href":"https:\/\/www3.santoandre.sp.gov.br\/turismosantoandre\/wp-json\/wp\/v2\/users\/11"}],"replies":[{"embeddable":true,"href":"https:\/\/www3.santoandre.sp.gov.br\/turismosantoandre\/wp-json\/wp\/v2\/comments?post=1070"}],"version-history":[{"count":19,"href":"https:\/\/www3.santoandre.sp.gov.br\/turismosantoandre\/wp-json\/wp\/v2\/pages\/1070\/revisions"}],"predecessor-version":[{"id":21013,"href":"https:\/\/www3.santoandre.sp.gov.br\/turismosantoandre\/wp-json\/wp\/v2\/pages\/1070\/revisions\/21013"}],"wp:featuredmedia":[{"embeddable":true,"href":"https:\/\/www3.santoandre.sp.gov.br\/turismosantoandre\/wp-json\/wp\/v2\/media\/996"}],"wp:attachment":[{"href":"https:\/\/www3.santoandre.sp.gov.br\/turismosantoandre\/wp-json\/wp\/v2\/media?parent=1070"}],"curies":[{"name":"wp","href":"https:\/\/api.w.org\/{rel}","templated":true}]}}