{"id":8487,"date":"2025-02-18T14:54:15","date_gmt":"2025-02-18T17:54:15","guid":{"rendered":"https:\/\/www3.santoandre.sp.gov.br\/portaldoempreendedor\/?page_id=8487"},"modified":"2025-02-18T15:03:40","modified_gmt":"2025-02-18T18:03:40","slug":"angel-bolos","status":"publish","type":"page","link":"https:\/\/www3.santoandre.sp.gov.br\/portaldoempreendedor\/index.php\/encontre-mei-alimentacao\/angel-bolos\/","title":{"rendered":"Angel Bolos"},"content":{"rendered":"\t\t<div data-elementor-type=\"wp-page\" data-elementor-id=\"8487\" class=\"elementor elementor-8487\">\n\t\t\t\t\t\t<section class=\"elementor-section elementor-top-section elementor-element elementor-element-fe6e70f elementor-section-boxed elementor-section-height-default elementor-section-height-default\" data-id=\"fe6e70f\" data-element_type=\"section\">\n\t\t\t\t\t\t<div class=\"elementor-container elementor-column-gap-default\">\n\t\t\t\t\t<div class=\"elementor-column elementor-col-100 elementor-top-column elementor-element elementor-element-1097696\" data-id=\"1097696\" data-element_type=\"column\">\n\t\t\t<div class=\"elementor-widget-wrap elementor-element-populated\">\n\t\t\t\t\t\t<div class=\"elementor-element elementor-element-fba6cc2 elementor-arrows-position-inside elementor-pagination-position-outside elementor-widget elementor-widget-image-carousel\" data-id=\"fba6cc2\" data-element_type=\"widget\" data-settings=\"{&quot;slides_to_show&quot;:&quot;3&quot;,&quot;navigation&quot;:&quot;both&quot;,&quot;autoplay&quot;:&quot;yes&quot;,&quot;pause_on_hover&quot;:&quot;yes&quot;,&quot;pause_on_interaction&quot;:&quot;yes&quot;,&quot;autoplay_speed&quot;:5000,&quot;infinite&quot;:&quot;yes&quot;,&quot;speed&quot;:500,&quot;image_spacing_custom&quot;:{&quot;unit&quot;:&quot;px&quot;,&quot;size&quot;:20,&quot;sizes&quot;:[]},&quot;image_spacing_custom_tablet&quot;:{&quot;unit&quot;:&quot;px&quot;,&quot;size&quot;:&quot;&quot;,&quot;sizes&quot;:[]},&quot;image_spacing_custom_mobile&quot;:{&quot;unit&quot;:&quot;px&quot;,&quot;size&quot;:&quot;&quot;,&quot;sizes&quot;:[]}}\" data-widget_type=\"image-carousel.default\">\n\t\t\t\t<div class=\"elementor-widget-container\">\n\t\t\t\t\t\t\t<div class=\"elementor-image-carousel-wrapper swiper\" role=\"region\" aria-roledescription=\"carousel\" aria-label=\"Carrossel de imagens\" dir=\"ltr\">\n\t\t\t<div class=\"elementor-image-carousel swiper-wrapper\" aria-live=\"off\">\n\t\t\t\t\t\t\t\t<div class=\"swiper-slide\" role=\"group\" aria-roledescription=\"slide\" aria-label=\"1 de 3\"><figure class=\"swiper-slide-inner\"><img decoding=\"async\" class=\"swiper-slide-image\" src=\"https:\/\/www3.santoandre.sp.gov.br\/portaldoempreendedor\/wp-content\/uploads\/2025\/02\/Angel-Bolos-1-300x300.jpg\" alt=\"Angel Bolos - 1\" \/><\/figure><\/div><div class=\"swiper-slide\" role=\"group\" aria-roledescription=\"slide\" aria-label=\"2 de 3\"><figure class=\"swiper-slide-inner\"><img decoding=\"async\" class=\"swiper-slide-image\" src=\"https:\/\/www3.santoandre.sp.gov.br\/portaldoempreendedor\/wp-content\/uploads\/2025\/02\/Angel-Bolos-2-300x300.jpg\" alt=\"Angel Bolos - 2\" \/><\/figure><\/div><div class=\"swiper-slide\" role=\"group\" aria-roledescription=\"slide\" aria-label=\"3 de 3\"><figure class=\"swiper-slide-inner\"><img decoding=\"async\" class=\"swiper-slide-image\" src=\"https:\/\/www3.santoandre.sp.gov.br\/portaldoempreendedor\/wp-content\/uploads\/2025\/02\/Angel-Bolos-3-300x300.jpg\" alt=\"Angel Bolos - 3\" \/><\/figure><\/div>\t\t\t<\/div>\n\t\t\t\t\t\t\t\t\t\t\t\t<div class=\"elementor-swiper-button elementor-swiper-button-prev\" role=\"button\" tabindex=\"0\">\n\t\t\t\t\t\t<i aria-hidden=\"true\" class=\"eicon-chevron-left\"><\/i>\t\t\t\t\t<\/div>\n\t\t\t\t\t<div class=\"elementor-swiper-button elementor-swiper-button-next\" role=\"button\" tabindex=\"0\">\n\t\t\t\t\t\t<i aria-hidden=\"true\" class=\"eicon-chevron-right\"><\/i>\t\t\t\t\t<\/div>\n\t\t\t\t\n\t\t\t\t\t\t\t\t\t<div class=\"swiper-pagination\"><\/div>\n\t\t\t\t\t\t\t\t\t<\/div>\n\t\t\t\t\t\t<\/div>\n\t\t\t\t<\/div>\n\t\t\t\t\t<\/div>\n\t\t<\/div>\n\t\t\t\t\t<\/div>\n\t\t<\/section>\n\t\t\t\t<section class=\"elementor-section elementor-top-section elementor-element elementor-element-7561afd elementor-section-boxed elementor-section-height-default elementor-section-height-default\" data-id=\"7561afd\" data-element_type=\"section\">\n\t\t\t\t\t\t<div class=\"elementor-container elementor-column-gap-default\">\n\t\t\t\t\t<div class=\"elementor-column elementor-col-100 elementor-top-column elementor-element elementor-element-9e0acd3\" data-id=\"9e0acd3\" data-element_type=\"column\">\n\t\t\t<div class=\"elementor-widget-wrap elementor-element-populated\">\n\t\t\t\t\t\t<div class=\"elementor-element elementor-element-2106981 elementor-widget elementor-widget-text-editor\" data-id=\"2106981\" data-element_type=\"widget\" data-widget_type=\"text-editor.default\">\n\t\t\t\t<div class=\"elementor-widget-container\">\n\t\t\t\t\t\t\t\t\t<p>A <strong>Angel Bolos<\/strong> produz bolos de festa, caseirinhos, doces e sobremesas, de forma personalizada e padronizada, pois entendem que cada cliente \u00e9 \u00fanico!<\/p>\t\t\t\t\t\t\t\t<\/div>\n\t\t\t\t<\/div>\n\t\t\t\t<div class=\"elementor-element elementor-element-be1d55d elementor-widget-divider--view-line_icon elementor-view-default elementor-widget-divider--element-align-center elementor-widget elementor-widget-divider\" data-id=\"be1d55d\" data-element_type=\"widget\" data-widget_type=\"divider.default\">\n\t\t\t\t<div class=\"elementor-widget-container\">\n\t\t\t\t\t\t\t<div class=\"elementor-divider\">\n\t\t\t<span class=\"elementor-divider-separator\">\n\t\t\t\t\t\t\t<div class=\"elementor-icon elementor-divider__element\">\n\t\t\t\t\t<i aria-hidden=\"true\" class=\"fas fa-pizza-slice\"><\/i><\/div>\n\t\t\t\t\t\t<\/span>\n\t\t<\/div>\n\t\t\t\t\t\t<\/div>\n\t\t\t\t<\/div>\n\t\t\t\t\t<\/div>\n\t\t<\/div>\n\t\t\t\t\t<\/div>\n\t\t<\/section>\n\t\t\t\t<section class=\"elementor-section elementor-top-section elementor-element elementor-element-f6467cd elementor-section-boxed elementor-section-height-default elementor-section-height-default\" data-id=\"f6467cd\" data-element_type=\"section\">\n\t\t\t\t\t\t<div class=\"elementor-container elementor-column-gap-default\">\n\t\t\t\t\t<div class=\"elementor-column elementor-col-100 elementor-top-column elementor-element elementor-element-10d7f22\" data-id=\"10d7f22\" data-element_type=\"column\">\n\t\t\t<div class=\"elementor-widget-wrap elementor-element-populated\">\n\t\t\t\t\t\t<section class=\"elementor-section elementor-inner-section elementor-element elementor-element-4050854 elementor-section-boxed elementor-section-height-default elementor-section-height-default\" data-id=\"4050854\" data-element_type=\"section\">\n\t\t\t\t\t\t<div class=\"elementor-container elementor-column-gap-default\">\n\t\t\t\t\t<div class=\"elementor-column elementor-col-50 elementor-inner-column elementor-element elementor-element-d628710\" data-id=\"d628710\" data-element_type=\"column\">\n\t\t\t<div class=\"elementor-widget-wrap elementor-element-populated\">\n\t\t\t\t\t\t<div class=\"elementor-element elementor-element-66ed35e elementor-widget elementor-widget-image\" data-id=\"66ed35e\" data-element_type=\"widget\" data-widget_type=\"image.default\">\n\t\t\t\t<div class=\"elementor-widget-container\">\n\t\t\t\t\t\t\t\t\t\t\t\t\t\t\t<img fetchpriority=\"high\" decoding=\"async\" width=\"800\" height=\"800\" src=\"https:\/\/www3.santoandre.sp.gov.br\/portaldoempreendedor\/wp-content\/uploads\/2025\/02\/Angel-Bolos-Logo-1024x1024.png\" class=\"attachment-large size-large wp-image-8492\" alt=\"\" srcset=\"https:\/\/www3.santoandre.sp.gov.br\/portaldoempreendedor\/wp-content\/uploads\/2025\/02\/Angel-Bolos-Logo-1024x1024.png 1024w, https:\/\/www3.santoandre.sp.gov.br\/portaldoempreendedor\/wp-content\/uploads\/2025\/02\/Angel-Bolos-Logo-300x300.png 300w, https:\/\/www3.santoandre.sp.gov.br\/portaldoempreendedor\/wp-content\/uploads\/2025\/02\/Angel-Bolos-Logo-150x150.png 150w, https:\/\/www3.santoandre.sp.gov.br\/portaldoempreendedor\/wp-content\/uploads\/2025\/02\/Angel-Bolos-Logo-768x768.png 768w, https:\/\/www3.santoandre.sp.gov.br\/portaldoempreendedor\/wp-content\/uploads\/2025\/02\/Angel-Bolos-Logo-1536x1536.png 1536w, https:\/\/www3.santoandre.sp.gov.br\/portaldoempreendedor\/wp-content\/uploads\/2025\/02\/Angel-Bolos-Logo-2048x2048.png 2048w\" sizes=\"(max-width: 800px) 100vw, 800px\" \/>\t\t\t\t\t\t\t\t\t\t\t\t\t\t\t<\/div>\n\t\t\t\t<\/div>\n\t\t\t\t\t<\/div>\n\t\t<\/div>\n\t\t\t\t<div class=\"elementor-column elementor-col-50 elementor-inner-column elementor-element elementor-element-03acbb6\" data-id=\"03acbb6\" data-element_type=\"column\">\n\t\t\t<div class=\"elementor-widget-wrap elementor-element-populated\">\n\t\t\t\t\t\t<div class=\"elementor-element elementor-element-31c2d0a elementor-widget elementor-widget-heading\" data-id=\"31c2d0a\" data-element_type=\"widget\" data-widget_type=\"heading.default\">\n\t\t\t\t<div class=\"elementor-widget-container\">\n\t\t\t\t\t<h5 class=\"elementor-heading-title elementor-size-default\">INFORMA\u00c7\u00d5ES:<\/h5>\t\t\t\t<\/div>\n\t\t\t\t<\/div>\n\t\t\t\t<div class=\"elementor-element elementor-element-9353e1c elementor-widget elementor-widget-text-editor\" data-id=\"9353e1c\" data-element_type=\"widget\" data-widget_type=\"text-editor.default\">\n\t\t\t\t<div class=\"elementor-widget-container\">\n\t\t\t\t\t\t\t\t\t<p><strong><span class=\"fe5nidar khvhiq1o r5qsrrlp i5tg98hk f9ovudaz przvwfww gx1rr48f gfz4du6o r7fjleex nz2484kf svot0ezm dcnh1tix sxl192xd t3g6t33p\"><span class=\"mpj7bzys xzlurrtv\">\ud83d\udccd <\/span><\/span>Endere\u00e7o:<\/strong> Rua Luisa Thon &#8211; Vila Homero Thon, Santo Andr\u00e9 &#8211; SP, 09111-010<\/p>\t\t\t\t\t\t\t\t<\/div>\n\t\t\t\t<\/div>\n\t\t\t\t<div class=\"elementor-element elementor-element-f894b95 elementor-widget elementor-widget-heading\" data-id=\"f894b95\" data-element_type=\"widget\" data-widget_type=\"heading.default\">\n\t\t\t\t<div class=\"elementor-widget-container\">\n\t\t\t\t\t<h5 class=\"elementor-heading-title elementor-size-default\">CONHE\u00c7A MAIS:<\/h5>\t\t\t\t<\/div>\n\t\t\t\t<\/div>\n\t\t\t\t<div class=\"elementor-element elementor-element-33bb801 e-grid-align-left elementor-shape-rounded elementor-grid-0 elementor-widget elementor-widget-social-icons\" data-id=\"33bb801\" data-element_type=\"widget\" data-widget_type=\"social-icons.default\">\n\t\t\t\t<div class=\"elementor-widget-container\">\n\t\t\t\t\t\t\t<div class=\"elementor-social-icons-wrapper elementor-grid\">\n\t\t\t\t\t\t\t<span class=\"elementor-grid-item\">\n\t\t\t\t\t<a class=\"elementor-icon elementor-social-icon elementor-social-icon-whatsapp elementor-repeater-item-3ac9bd7\" href=\"http:\/\/wa.me\/5511996683043\" target=\"_blank\">\n\t\t\t\t\t\t<span class=\"elementor-screen-only\">Whatsapp<\/span>\n\t\t\t\t\t\t<i class=\"fab fa-whatsapp\"><\/i>\t\t\t\t\t<\/a>\n\t\t\t\t<\/span>\n\t\t\t\t\t\t\t<span class=\"elementor-grid-item\">\n\t\t\t\t\t<a class=\"elementor-icon elementor-social-icon elementor-social-icon-envelope elementor-repeater-item-24b9a9e\" href=\"mailto:angelzinha1905@gmail.com\" target=\"_blank\">\n\t\t\t\t\t\t<span class=\"elementor-screen-only\">Envelope<\/span>\n\t\t\t\t\t\t<i class=\"fas fa-envelope\"><\/i>\t\t\t\t\t<\/a>\n\t\t\t\t<\/span>\n\t\t\t\t\t\t\t<span class=\"elementor-grid-item\">\n\t\t\t\t\t<a class=\"elementor-icon elementor-social-icon elementor-social-icon-instagram elementor-repeater-item-bb9f7bc\" href=\"https:\/\/www.instagram.com\/angelbolosoficial?igsh=MjV1cmRxMGFyd2Zh\" target=\"_blank\">\n\t\t\t\t\t\t<span class=\"elementor-screen-only\">Instagram<\/span>\n\t\t\t\t\t\t<i class=\"fab fa-instagram\"><\/i>\t\t\t\t\t<\/a>\n\t\t\t\t<\/span>\n\t\t\t\t\t\t\t<span class=\"elementor-grid-item\">\n\t\t\t\t\t<a class=\"elementor-icon elementor-social-icon elementor-social-icon-facebook elementor-repeater-item-e836bbf\" href=\"https:\/\/www.facebook.com\/share\/1AJ1U6Qzkp\/\" target=\"_blank\">\n\t\t\t\t\t\t<span class=\"elementor-screen-only\">Facebook<\/span>\n\t\t\t\t\t\t<i class=\"fab fa-facebook\"><\/i>\t\t\t\t\t<\/a>\n\t\t\t\t<\/span>\n\t\t\t\t\t<\/div>\n\t\t\t\t\t\t<\/div>\n\t\t\t\t<\/div>\n\t\t\t\t\t<\/div>\n\t\t<\/div>\n\t\t\t\t\t<\/div>\n\t\t<\/section>\n\t\t\t\t<div class=\"elementor-element elementor-element-5690c3c elementor-widget-divider--view-line_icon elementor-view-default elementor-widget-divider--element-align-center elementor-widget elementor-widget-divider\" data-id=\"5690c3c\" data-element_type=\"widget\" data-widget_type=\"divider.default\">\n\t\t\t\t<div class=\"elementor-widget-container\">\n\t\t\t\t\t\t\t<div class=\"elementor-divider\">\n\t\t\t<span class=\"elementor-divider-separator\">\n\t\t\t\t\t\t\t<div class=\"elementor-icon elementor-divider__element\">\n\t\t\t\t\t<i aria-hidden=\"true\" class=\"fas fa-pizza-slice\"><\/i><\/div>\n\t\t\t\t\t\t<\/span>\n\t\t<\/div>\n\t\t\t\t\t\t<\/div>\n\t\t\t\t<\/div>\n\t\t\t\t\t<\/div>\n\t\t<\/div>\n\t\t\t\t\t<\/div>\n\t\t<\/section>\n\t\t\t\t<\/div>\n\t\t","protected":false},"excerpt":{"rendered":"<p>A Angel Bolos produz bolos de festa, caseirinhos, doces e sobremesas, de forma personalizada e padronizada, pois entendem que cada cliente \u00e9 \u00fanico! INFORMA\u00c7\u00d5ES: \ud83d\udccd Endere\u00e7o: Rua Luisa Thon &#8211; &#8230;<\/p>\n","protected":false},"author":8,"featured_media":0,"parent":6252,"menu_order":0,"comment_status":"closed","ping_status":"closed","template":"","meta":{"_themeisle_gutenberg_block_has_review":false,"footnotes":""},"class_list":["post-8487","page","type-page","status-publish","hentry"],"jetpack_sharing_enabled":true,"_links":{"self":[{"href":"https:\/\/www3.santoandre.sp.gov.br\/portaldoempreendedor\/index.php\/wp-json\/wp\/v2\/pages\/8487","targetHints":{"allow":["GET"]}}],"collection":[{"href":"https:\/\/www3.santoandre.sp.gov.br\/portaldoempreendedor\/index.php\/wp-json\/wp\/v2\/pages"}],"about":[{"href":"https:\/\/www3.santoandre.sp.gov.br\/portaldoempreendedor\/index.php\/wp-json\/wp\/v2\/types\/page"}],"author":[{"embeddable":true,"href":"https:\/\/www3.santoandre.sp.gov.br\/portaldoempreendedor\/index.php\/wp-json\/wp\/v2\/users\/8"}],"replies":[{"embeddable":true,"href":"https:\/\/www3.santoandre.sp.gov.br\/portaldoempreendedor\/index.php\/wp-json\/wp\/v2\/comments?post=8487"}],"version-history":[{"count":4,"href":"https:\/\/www3.santoandre.sp.gov.br\/portaldoempreendedor\/index.php\/wp-json\/wp\/v2\/pages\/8487\/revisions"}],"predecessor-version":[{"id":8496,"href":"https:\/\/www3.santoandre.sp.gov.br\/portaldoempreendedor\/index.php\/wp-json\/wp\/v2\/pages\/8487\/revisions\/8496"}],"up":[{"embeddable":true,"href":"https:\/\/www3.santoandre.sp.gov.br\/portaldoempreendedor\/index.php\/wp-json\/wp\/v2\/pages\/6252"}],"wp:attachment":[{"href":"https:\/\/www3.santoandre.sp.gov.br\/portaldoempreendedor\/index.php\/wp-json\/wp\/v2\/media?parent=8487"}],"curies":[{"name":"wp","href":"https:\/\/api.w.org\/{rel}","templated":true}]}}