{"id":8328,"date":"2024-11-27T17:31:27","date_gmt":"2024-11-27T20:31:27","guid":{"rendered":"https:\/\/www3.santoandre.sp.gov.br\/portaldoempreendedor\/?page_id=8328"},"modified":"2024-11-27T17:35:29","modified_gmt":"2024-11-27T20:35:29","slug":"esmatec-manutencao","status":"publish","type":"page","link":"https:\/\/www3.santoandre.sp.gov.br\/portaldoempreendedor\/index.php\/encontre-mei-servicos-de-instalacao-manutencao-e-reparacao-diversos\/esmatec-manutencao\/","title":{"rendered":"Esmatec Manuten\u00e7\u00e3o"},"content":{"rendered":"\t\t<div data-elementor-type=\"wp-page\" data-elementor-id=\"8328\" class=\"elementor elementor-8328\">\n\t\t\t\t\t\t<section class=\"elementor-section elementor-top-section elementor-element elementor-element-fb4a012 elementor-section-boxed elementor-section-height-default elementor-section-height-default\" data-id=\"fb4a012\" data-element_type=\"section\">\n\t\t\t\t\t\t<div class=\"elementor-container elementor-column-gap-default\">\n\t\t\t\t\t<div class=\"elementor-column elementor-col-100 elementor-top-column elementor-element elementor-element-0140930\" data-id=\"0140930\" data-element_type=\"column\">\n\t\t\t<div class=\"elementor-widget-wrap elementor-element-populated\">\n\t\t\t\t\t\t<div class=\"elementor-element elementor-element-423d0d7 elementor-arrows-position-inside elementor-pagination-position-outside elementor-widget elementor-widget-image-carousel\" data-id=\"423d0d7\" data-element_type=\"widget\" data-settings=\"{&quot;slides_to_show&quot;:&quot;3&quot;,&quot;navigation&quot;:&quot;both&quot;,&quot;autoplay&quot;:&quot;yes&quot;,&quot;pause_on_hover&quot;:&quot;yes&quot;,&quot;pause_on_interaction&quot;:&quot;yes&quot;,&quot;autoplay_speed&quot;:5000,&quot;infinite&quot;:&quot;yes&quot;,&quot;speed&quot;:500,&quot;image_spacing_custom&quot;:{&quot;unit&quot;:&quot;px&quot;,&quot;size&quot;:20,&quot;sizes&quot;:[]},&quot;image_spacing_custom_tablet&quot;:{&quot;unit&quot;:&quot;px&quot;,&quot;size&quot;:&quot;&quot;,&quot;sizes&quot;:[]},&quot;image_spacing_custom_mobile&quot;:{&quot;unit&quot;:&quot;px&quot;,&quot;size&quot;:&quot;&quot;,&quot;sizes&quot;:[]}}\" data-widget_type=\"image-carousel.default\">\n\t\t\t\t<div class=\"elementor-widget-container\">\n\t\t\t\t\t\t\t<div class=\"elementor-image-carousel-wrapper swiper\" role=\"region\" aria-roledescription=\"carousel\" aria-label=\"Carrossel de imagens\" dir=\"ltr\">\n\t\t\t<div class=\"elementor-image-carousel swiper-wrapper\" aria-live=\"off\">\n\t\t\t\t\t\t\t\t<div class=\"swiper-slide\" role=\"group\" aria-roledescription=\"slide\" aria-label=\"1 de 1\"><figure class=\"swiper-slide-inner\"><img decoding=\"async\" class=\"swiper-slide-image\" src=\"https:\/\/www3.santoandre.sp.gov.br\/portaldoempreendedor\/wp-content\/uploads\/2024\/11\/Captura-de-tela-2024-11-27-173126.png\" alt=\"Captura de tela 2024-11-27 173126\" \/><\/figure><\/div>\t\t\t<\/div>\n\t\t\t\t\t<\/div>\n\t\t\t\t\t\t<\/div>\n\t\t\t\t<\/div>\n\t\t\t\t\t<\/div>\n\t\t<\/div>\n\t\t\t\t\t<\/div>\n\t\t<\/section>\n\t\t\t\t<section class=\"elementor-section elementor-top-section elementor-element elementor-element-7561afd elementor-section-boxed elementor-section-height-default elementor-section-height-default\" data-id=\"7561afd\" data-element_type=\"section\">\n\t\t\t\t\t\t<div class=\"elementor-container elementor-column-gap-default\">\n\t\t\t\t\t<div class=\"elementor-column elementor-col-100 elementor-top-column elementor-element elementor-element-9e0acd3\" data-id=\"9e0acd3\" data-element_type=\"column\">\n\t\t\t<div class=\"elementor-widget-wrap elementor-element-populated\">\n\t\t\t\t\t\t<div class=\"elementor-element elementor-element-2106981 elementor-widget elementor-widget-text-editor\" data-id=\"2106981\" data-element_type=\"widget\" data-widget_type=\"text-editor.default\">\n\t\t\t\t<div class=\"elementor-widget-container\">\n\t\t\t\t\t\t\t\t\t<p>A <strong>Esmatec Manuten\u00e7\u00e3o<\/strong> realiza pintura predial, residencial e de port\u00f5es autom\u00e1ticos e fixos. Al\u00e9m disso, realiza reforma e constru\u00e7\u00e3o de alvenaria, reparo e constru\u00e7\u00e3o de telhados, limpeza de telhado e tira vazamento. Tamb\u00e9m solda e monta pain\u00e9is el\u00e9tricos.<\/p>\t\t\t\t\t\t\t\t<\/div>\n\t\t\t\t<\/div>\n\t\t\t\t<div class=\"elementor-element elementor-element-be1d55d elementor-widget-divider--view-line_icon elementor-view-default elementor-widget-divider--element-align-center elementor-widget elementor-widget-divider\" data-id=\"be1d55d\" data-element_type=\"widget\" data-widget_type=\"divider.default\">\n\t\t\t\t<div class=\"elementor-widget-container\">\n\t\t\t\t\t\t\t<div class=\"elementor-divider\">\n\t\t\t<span class=\"elementor-divider-separator\">\n\t\t\t\t\t\t\t<div class=\"elementor-icon elementor-divider__element\">\n\t\t\t\t\t<i aria-hidden=\"true\" class=\"fas fa-hammer\"><\/i><\/div>\n\t\t\t\t\t\t<\/span>\n\t\t<\/div>\n\t\t\t\t\t\t<\/div>\n\t\t\t\t<\/div>\n\t\t\t\t\t<\/div>\n\t\t<\/div>\n\t\t\t\t\t<\/div>\n\t\t<\/section>\n\t\t\t\t<section class=\"elementor-section elementor-top-section elementor-element elementor-element-c9e122a elementor-section-boxed elementor-section-height-default elementor-section-height-default\" data-id=\"c9e122a\" data-element_type=\"section\">\n\t\t\t\t\t\t<div class=\"elementor-container elementor-column-gap-default\">\n\t\t\t\t\t<div class=\"elementor-column elementor-col-100 elementor-top-column elementor-element elementor-element-30cab00\" data-id=\"30cab00\" data-element_type=\"column\">\n\t\t\t<div class=\"elementor-widget-wrap elementor-element-populated\">\n\t\t\t\t\t\t<section class=\"elementor-section elementor-inner-section elementor-element elementor-element-049d336 elementor-section-boxed elementor-section-height-default elementor-section-height-default\" data-id=\"049d336\" data-element_type=\"section\">\n\t\t\t\t\t\t<div class=\"elementor-container elementor-column-gap-default\">\n\t\t\t\t\t<div class=\"elementor-column elementor-col-50 elementor-inner-column elementor-element elementor-element-3da0e37\" data-id=\"3da0e37\" data-element_type=\"column\">\n\t\t\t<div class=\"elementor-widget-wrap elementor-element-populated\">\n\t\t\t\t\t\t<div class=\"elementor-element elementor-element-9a11fb4 elementor-widget elementor-widget-image\" data-id=\"9a11fb4\" data-element_type=\"widget\" data-widget_type=\"image.default\">\n\t\t\t\t<div class=\"elementor-widget-container\">\n\t\t\t\t\t\t\t\t\t\t\t\t\t\t\t<img fetchpriority=\"high\" decoding=\"async\" width=\"851\" height=\"855\" src=\"https:\/\/www3.santoandre.sp.gov.br\/portaldoempreendedor\/wp-content\/uploads\/2024\/11\/Captura-de-tela-2024-11-27-173013.png\" class=\"attachment-full size-full wp-image-8330\" alt=\"\" srcset=\"https:\/\/www3.santoandre.sp.gov.br\/portaldoempreendedor\/wp-content\/uploads\/2024\/11\/Captura-de-tela-2024-11-27-173013.png 851w, https:\/\/www3.santoandre.sp.gov.br\/portaldoempreendedor\/wp-content\/uploads\/2024\/11\/Captura-de-tela-2024-11-27-173013-300x300.png 300w, https:\/\/www3.santoandre.sp.gov.br\/portaldoempreendedor\/wp-content\/uploads\/2024\/11\/Captura-de-tela-2024-11-27-173013-150x150.png 150w, https:\/\/www3.santoandre.sp.gov.br\/portaldoempreendedor\/wp-content\/uploads\/2024\/11\/Captura-de-tela-2024-11-27-173013-768x772.png 768w\" sizes=\"(max-width: 851px) 100vw, 851px\" \/>\t\t\t\t\t\t\t\t\t\t\t\t\t\t\t<\/div>\n\t\t\t\t<\/div>\n\t\t\t\t\t<\/div>\n\t\t<\/div>\n\t\t\t\t<div class=\"elementor-column elementor-col-50 elementor-inner-column elementor-element elementor-element-0380594\" data-id=\"0380594\" data-element_type=\"column\">\n\t\t\t<div class=\"elementor-widget-wrap elementor-element-populated\">\n\t\t\t\t\t\t<div class=\"elementor-element elementor-element-0a63b12 elementor-widget elementor-widget-heading\" data-id=\"0a63b12\" data-element_type=\"widget\" data-widget_type=\"heading.default\">\n\t\t\t\t<div class=\"elementor-widget-container\">\n\t\t\t\t\t<h5 class=\"elementor-heading-title elementor-size-default\">INFORMA\u00c7\u00d5ES:<\/h5>\t\t\t\t<\/div>\n\t\t\t\t<\/div>\n\t\t\t\t<div class=\"elementor-element elementor-element-7f4e30e elementor-widget elementor-widget-text-editor\" data-id=\"7f4e30e\" data-element_type=\"widget\" data-widget_type=\"text-editor.default\">\n\t\t\t\t<div class=\"elementor-widget-container\">\n\t\t\t\t\t\t\t\t\t<p><strong><span class=\"fe5nidar khvhiq1o r5qsrrlp i5tg98hk f9ovudaz przvwfww gx1rr48f gfz4du6o r7fjleex nz2484kf svot0ezm dcnh1tix sxl192xd t3g6t33p\"><span class=\"mpj7bzys xzlurrtv\">\ud83d\udccd <\/span><\/span>Endere\u00e7o:<\/strong> Avenida das Na\u00e7\u00f5es, 919 \u2013 Parque Novo Orat\u00f3rio, Santo Andr\u00e9, SP \u2013 CEP: 09260-000<\/p>\t\t\t\t\t\t\t\t<\/div>\n\t\t\t\t<\/div>\n\t\t\t\t<div class=\"elementor-element elementor-element-6438ee2 elementor-widget elementor-widget-heading\" data-id=\"6438ee2\" data-element_type=\"widget\" data-widget_type=\"heading.default\">\n\t\t\t\t<div class=\"elementor-widget-container\">\n\t\t\t\t\t<h5 class=\"elementor-heading-title elementor-size-default\">CONHE\u00c7A MAIS:<\/h5>\t\t\t\t<\/div>\n\t\t\t\t<\/div>\n\t\t\t\t<div class=\"elementor-element elementor-element-6518dcf e-grid-align-left elementor-shape-rounded elementor-grid-0 elementor-widget elementor-widget-social-icons\" data-id=\"6518dcf\" data-element_type=\"widget\" data-widget_type=\"social-icons.default\">\n\t\t\t\t<div class=\"elementor-widget-container\">\n\t\t\t\t\t\t\t<div class=\"elementor-social-icons-wrapper elementor-grid\">\n\t\t\t\t\t\t\t<span class=\"elementor-grid-item\">\n\t\t\t\t\t<a class=\"elementor-icon elementor-social-icon elementor-social-icon-whatsapp elementor-repeater-item-3ac9bd7\" href=\"http:\/\/wa.me\/5511948231097\" target=\"_blank\">\n\t\t\t\t\t\t<span class=\"elementor-screen-only\">Whatsapp<\/span>\n\t\t\t\t\t\t<i class=\"fab fa-whatsapp\"><\/i>\t\t\t\t\t<\/a>\n\t\t\t\t<\/span>\n\t\t\t\t\t\t\t<span class=\"elementor-grid-item\">\n\t\t\t\t\t<a class=\"elementor-icon elementor-social-icon elementor-social-icon-envelope elementor-repeater-item-24b9a9e\" href=\"mailto:marcelosobrinho2000@hotmail.com\" target=\"_blank\">\n\t\t\t\t\t\t<span class=\"elementor-screen-only\">Envelope<\/span>\n\t\t\t\t\t\t<i class=\"fas fa-envelope\"><\/i>\t\t\t\t\t<\/a>\n\t\t\t\t<\/span>\n\t\t\t\t\t\t\t<span class=\"elementor-grid-item\">\n\t\t\t\t\t<a class=\"elementor-icon elementor-social-icon elementor-social-icon-instagram elementor-repeater-item-6003546\" href=\"https:\/\/www.instagram.com\/esmatec_manutencao\/?igsh=MXhjcWRhMnowM25nNw%3D%3D\" target=\"_blank\">\n\t\t\t\t\t\t<span class=\"elementor-screen-only\">Instagram<\/span>\n\t\t\t\t\t\t<i class=\"fab fa-instagram\"><\/i>\t\t\t\t\t<\/a>\n\t\t\t\t<\/span>\n\t\t\t\t\t<\/div>\n\t\t\t\t\t\t<\/div>\n\t\t\t\t<\/div>\n\t\t\t\t\t<\/div>\n\t\t<\/div>\n\t\t\t\t\t<\/div>\n\t\t<\/section>\n\t\t\t\t<div class=\"elementor-element elementor-element-af78247 elementor-widget-divider--view-line_icon elementor-view-default elementor-widget-divider--element-align-center elementor-widget elementor-widget-divider\" data-id=\"af78247\" data-element_type=\"widget\" data-widget_type=\"divider.default\">\n\t\t\t\t<div class=\"elementor-widget-container\">\n\t\t\t\t\t\t\t<div class=\"elementor-divider\">\n\t\t\t<span class=\"elementor-divider-separator\">\n\t\t\t\t\t\t\t<div class=\"elementor-icon elementor-divider__element\">\n\t\t\t\t\t<i aria-hidden=\"true\" class=\"fas fa-hammer\"><\/i><\/div>\n\t\t\t\t\t\t<\/span>\n\t\t<\/div>\n\t\t\t\t\t\t<\/div>\n\t\t\t\t<\/div>\n\t\t\t\t\t<\/div>\n\t\t<\/div>\n\t\t\t\t\t<\/div>\n\t\t<\/section>\n\t\t\t\t<\/div>\n\t\t","protected":false},"excerpt":{"rendered":"<p>A Esmatec Manuten\u00e7\u00e3o realiza pintura predial, residencial e de port\u00f5es autom\u00e1ticos e fixos. Al\u00e9m disso, realiza reforma e constru\u00e7\u00e3o de alvenaria, reparo e constru\u00e7\u00e3o de telhados, limpeza de telhado e &#8230;<\/p>\n","protected":false},"author":8,"featured_media":0,"parent":6312,"menu_order":0,"comment_status":"closed","ping_status":"closed","template":"","meta":{"_themeisle_gutenberg_block_has_review":false,"footnotes":""},"class_list":["post-8328","page","type-page","status-publish","hentry"],"jetpack_sharing_enabled":true,"_links":{"self":[{"href":"https:\/\/www3.santoandre.sp.gov.br\/portaldoempreendedor\/index.php\/wp-json\/wp\/v2\/pages\/8328","targetHints":{"allow":["GET"]}}],"collection":[{"href":"https:\/\/www3.santoandre.sp.gov.br\/portaldoempreendedor\/index.php\/wp-json\/wp\/v2\/pages"}],"about":[{"href":"https:\/\/www3.santoandre.sp.gov.br\/portaldoempreendedor\/index.php\/wp-json\/wp\/v2\/types\/page"}],"author":[{"embeddable":true,"href":"https:\/\/www3.santoandre.sp.gov.br\/portaldoempreendedor\/index.php\/wp-json\/wp\/v2\/users\/8"}],"replies":[{"embeddable":true,"href":"https:\/\/www3.santoandre.sp.gov.br\/portaldoempreendedor\/index.php\/wp-json\/wp\/v2\/comments?post=8328"}],"version-history":[{"count":7,"href":"https:\/\/www3.santoandre.sp.gov.br\/portaldoempreendedor\/index.php\/wp-json\/wp\/v2\/pages\/8328\/revisions"}],"predecessor-version":[{"id":8344,"href":"https:\/\/www3.santoandre.sp.gov.br\/portaldoempreendedor\/index.php\/wp-json\/wp\/v2\/pages\/8328\/revisions\/8344"}],"up":[{"embeddable":true,"href":"https:\/\/www3.santoandre.sp.gov.br\/portaldoempreendedor\/index.php\/wp-json\/wp\/v2\/pages\/6312"}],"wp:attachment":[{"href":"https:\/\/www3.santoandre.sp.gov.br\/portaldoempreendedor\/index.php\/wp-json\/wp\/v2\/media?parent=8328"}],"curies":[{"name":"wp","href":"https:\/\/api.w.org\/{rel}","templated":true}]}}