{"id":6013,"date":"2023-09-04T13:29:24","date_gmt":"2023-09-04T16:29:24","guid":{"rendered":"https:\/\/www3.santoandre.sp.gov.br\/portaldoempreendedor\/?page_id=6013"},"modified":"2023-09-11T13:45:52","modified_gmt":"2023-09-11T16:45:52","slug":"eixo-seguranca","status":"publish","type":"page","link":"https:\/\/www3.santoandre.sp.gov.br\/portaldoempreendedor\/index.php\/eixo-seguranca\/","title":{"rendered":"Eixo Seguran\u00e7a"},"content":{"rendered":"\t\t<div data-elementor-type=\"wp-page\" data-elementor-id=\"6013\" class=\"elementor elementor-6013\">\n\t\t\t\t\t\t<section class=\"elementor-section elementor-top-section elementor-element elementor-element-f84dfed elementor-section-boxed elementor-section-height-default elementor-section-height-default\" data-id=\"f84dfed\" data-element_type=\"section\">\n\t\t\t\t\t\t<div class=\"elementor-container elementor-column-gap-default\">\n\t\t\t\t\t<div class=\"elementor-column elementor-col-100 elementor-top-column elementor-element elementor-element-17f0091\" data-id=\"17f0091\" data-element_type=\"column\">\n\t\t\t<div class=\"elementor-widget-wrap elementor-element-populated\">\n\t\t\t\t\t\t<div class=\"elementor-element elementor-element-5428978 elementor-widget elementor-widget-image\" data-id=\"5428978\" data-element_type=\"widget\" data-widget_type=\"image.default\">\n\t\t\t\t<div class=\"elementor-widget-container\">\n\t\t\t\t\t\t\t\t\t\t\t\t\t\t\t<img decoding=\"async\" width=\"150\" height=\"150\" src=\"https:\/\/www3.santoandre.sp.gov.br\/portaldoempreendedor\/wp-content\/uploads\/2023\/09\/4-150x150.png\" class=\"attachment-thumbnail size-thumbnail wp-image-6015\" alt=\"\" \/>\t\t\t\t\t\t\t\t\t\t\t\t\t\t\t<\/div>\n\t\t\t\t<\/div>\n\t\t\t\t<div class=\"elementor-element elementor-element-70f6853 elementor-widget elementor-widget-text-editor\" data-id=\"70f6853\" data-element_type=\"widget\" data-widget_type=\"text-editor.default\">\n\t\t\t\t<div class=\"elementor-widget-container\">\n\t\t\t\t\t\t\t\t\t<p>A Prefeitura atuando para alcan\u00e7ar os mais elevados n\u00edveis de seguran\u00e7a para as pol\u00edticas smart city, incluindo seguran\u00e7a de dados e das infraestruturas de suporte, promovendo cada vez mais confian\u00e7a do cidad\u00e3o em rela\u00e7\u00e3o a como o governo municipal cuida dos dados dos seus cidad\u00e3os.<\/p>\t\t\t\t\t\t\t\t<\/div>\n\t\t\t\t<\/div>\n\t\t\t\t\t<\/div>\n\t\t<\/div>\n\t\t\t\t\t<\/div>\n\t\t<\/section>\n\t\t\t\t<section class=\"elementor-section elementor-top-section elementor-element elementor-element-6f8aee4 elementor-section-boxed elementor-section-height-default elementor-section-height-default\" data-id=\"6f8aee4\" data-element_type=\"section\">\n\t\t\t\t\t\t<div class=\"elementor-container elementor-column-gap-default\">\n\t\t\t\t\t<div class=\"elementor-column elementor-col-100 elementor-top-column elementor-element elementor-element-1315d4b\" data-id=\"1315d4b\" data-element_type=\"column\">\n\t\t\t<div class=\"elementor-widget-wrap elementor-element-populated\">\n\t\t\t\t\t\t<div class=\"elementor-element elementor-element-548d465 elementor-widget-divider--view-line elementor-widget elementor-widget-divider\" data-id=\"548d465\" data-element_type=\"widget\" data-widget_type=\"divider.default\">\n\t\t\t\t<div class=\"elementor-widget-container\">\n\t\t\t\t\t\t\t<div class=\"elementor-divider\">\n\t\t\t<span class=\"elementor-divider-separator\">\n\t\t\t\t\t\t<\/span>\n\t\t<\/div>\n\t\t\t\t\t\t<\/div>\n\t\t\t\t<\/div>\n\t\t\t\t\t<\/div>\n\t\t<\/div>\n\t\t\t\t\t<\/div>\n\t\t<\/section>\n\t\t\t\t<section class=\"elementor-section elementor-top-section elementor-element elementor-element-f8d739c elementor-section-boxed elementor-section-height-default elementor-section-height-default\" data-id=\"f8d739c\" data-element_type=\"section\">\n\t\t\t\t\t\t<div class=\"elementor-container elementor-column-gap-default\">\n\t\t\t\t\t<div class=\"elementor-column elementor-col-50 elementor-top-column elementor-element elementor-element-4ea75a7\" data-id=\"4ea75a7\" data-element_type=\"column\">\n\t\t\t<div class=\"elementor-widget-wrap elementor-element-populated\">\n\t\t\t\t\t\t<div class=\"elementor-element elementor-element-7a256f9 elementor-widget__width-auto elementor-widget elementor-widget-image\" data-id=\"7a256f9\" data-element_type=\"widget\" data-widget_type=\"image.default\">\n\t\t\t\t<div class=\"elementor-widget-container\">\n\t\t\t\t\t\t\t\t\t\t\t\t\t\t\t<img decoding=\"async\" width=\"150\" height=\"135\" src=\"https:\/\/www3.santoandre.sp.gov.br\/portaldoempreendedor\/wp-content\/uploads\/2023\/09\/imagem1-1-150x135.jpg\" class=\"attachment-thumbnail size-thumbnail wp-image-6146\" alt=\"\" \/>\t\t\t\t\t\t\t\t\t\t\t\t\t\t\t<\/div>\n\t\t\t\t<\/div>\n\t\t\t\t\t<\/div>\n\t\t<\/div>\n\t\t\t\t<div class=\"elementor-column elementor-col-50 elementor-top-column elementor-element elementor-element-8fa23f7\" data-id=\"8fa23f7\" data-element_type=\"column\">\n\t\t\t<div class=\"elementor-widget-wrap elementor-element-populated\">\n\t\t\t\t\t\t<div class=\"elementor-element elementor-element-36bae98 elementor-widget elementor-widget-text-editor\" data-id=\"36bae98\" data-element_type=\"widget\" data-widget_type=\"text-editor.default\">\n\t\t\t\t<div class=\"elementor-widget-container\">\n\t\t\t\t\t\t\t\t\t<h3><strong>Amplia\u00e7\u00e3o da Seguran\u00e7a de Dados<\/strong><\/h3><h6><em>UN-H: Security Pillar 7 \u2502 Sustainable Developmment Agenda 16, 16.6 \u2502 New Urban Agenda 157<\/em><\/h6>\t\t\t\t\t\t\t\t<\/div>\n\t\t\t\t<\/div>\n\t\t\t\t<div class=\"elementor-element elementor-element-8137587 elementor-widget elementor-widget-text-editor\" data-id=\"8137587\" data-element_type=\"widget\" data-widget_type=\"text-editor.default\">\n\t\t\t\t<div class=\"elementor-widget-container\">\n\t\t\t\t\t\t\t\t\t<p style=\"text-align: left;\">Ciberseguran\u00e7a \u00e9 um fator cr\u00edtico para a gest\u00e3o da cidade, e por isto a administra\u00e7\u00e3o p\u00fablica de Santo Andr\u00e9 vem realizado esfor\u00e7os para tornar o dado protegido e seguro contra ataques. Neste esfor\u00e7o, foi realizada a implementa\u00e7\u00e3o de firewall PFSense, que promoveu o aumento da seguran\u00e7a da rede atrav\u00e9s da implanta\u00e7\u00e3o de novos firewalls para gerenciamento integrado de todo o trafego de dados entre as redes da Prefeitura. Al\u00e9m disso, foi realizada a integra\u00e7\u00e3o de Servidores Linux ao dom\u00ednio santoandre.sp.gov.br, que habilita a autentica\u00e7\u00e3o de servidores no Active Directory municipal, aumentando a seguran\u00e7a dos acessos, al\u00e9m da implanta\u00e7\u00e3o de solu\u00e7\u00e3o e seguran\u00e7a Kaspersky, com a atualiza\u00e7\u00e3o e amplia\u00e7\u00e3o da solu\u00e7\u00e3o de antiv\u00edrus para os servidores, computadores e e-mails.<\/p>\t\t\t\t\t\t\t\t<\/div>\n\t\t\t\t<\/div>\n\t\t\t\t\t<\/div>\n\t\t<\/div>\n\t\t\t\t\t<\/div>\n\t\t<\/section>\n\t\t\t\t<section class=\"elementor-section elementor-top-section elementor-element elementor-element-62f4a29 elementor-section-boxed elementor-section-height-default elementor-section-height-default\" data-id=\"62f4a29\" data-element_type=\"section\">\n\t\t\t\t\t\t<div class=\"elementor-container elementor-column-gap-default\">\n\t\t\t\t\t<div class=\"elementor-column elementor-col-100 elementor-top-column elementor-element elementor-element-659774f\" data-id=\"659774f\" data-element_type=\"column\">\n\t\t\t<div class=\"elementor-widget-wrap elementor-element-populated\">\n\t\t\t\t\t\t<div class=\"elementor-element elementor-element-358f846 elementor-widget-divider--view-line elementor-widget elementor-widget-divider\" data-id=\"358f846\" data-element_type=\"widget\" data-widget_type=\"divider.default\">\n\t\t\t\t<div class=\"elementor-widget-container\">\n\t\t\t\t\t\t\t<div class=\"elementor-divider\">\n\t\t\t<span class=\"elementor-divider-separator\">\n\t\t\t\t\t\t<\/span>\n\t\t<\/div>\n\t\t\t\t\t\t<\/div>\n\t\t\t\t<\/div>\n\t\t\t\t\t<\/div>\n\t\t<\/div>\n\t\t\t\t\t<\/div>\n\t\t<\/section>\n\t\t\t\t<section class=\"elementor-section elementor-top-section elementor-element elementor-element-c987227 elementor-section-boxed elementor-section-height-default elementor-section-height-default\" data-id=\"c987227\" data-element_type=\"section\">\n\t\t\t\t\t\t<div class=\"elementor-container elementor-column-gap-default\">\n\t\t\t\t\t<div class=\"elementor-column elementor-col-50 elementor-top-column elementor-element elementor-element-c80ef18\" data-id=\"c80ef18\" data-element_type=\"column\">\n\t\t\t<div class=\"elementor-widget-wrap elementor-element-populated\">\n\t\t\t\t\t\t<div class=\"elementor-element elementor-element-1983b83 elementor-widget__width-auto elementor-widget elementor-widget-image\" data-id=\"1983b83\" data-element_type=\"widget\" data-widget_type=\"image.default\">\n\t\t\t\t<div class=\"elementor-widget-container\">\n\t\t\t\t\t\t\t\t\t\t\t\t\t\t\t<img decoding=\"async\" width=\"150\" height=\"144\" src=\"https:\/\/www3.santoandre.sp.gov.br\/portaldoempreendedor\/wp-content\/uploads\/2023\/09\/imagem2-150x144.jpg\" class=\"attachment-thumbnail size-thumbnail wp-image-6145\" alt=\"\" \/>\t\t\t\t\t\t\t\t\t\t\t\t\t\t\t<\/div>\n\t\t\t\t<\/div>\n\t\t\t\t\t<\/div>\n\t\t<\/div>\n\t\t\t\t<div class=\"elementor-column elementor-col-50 elementor-top-column elementor-element elementor-element-5f3e271\" data-id=\"5f3e271\" data-element_type=\"column\">\n\t\t\t<div class=\"elementor-widget-wrap elementor-element-populated\">\n\t\t\t\t\t\t<div class=\"elementor-element elementor-element-27078cc elementor-widget elementor-widget-text-editor\" data-id=\"27078cc\" data-element_type=\"widget\" data-widget_type=\"text-editor.default\">\n\t\t\t\t<div class=\"elementor-widget-container\">\n\t\t\t\t\t\t\t\t\t<h3><strong>Amplia\u00e7\u00e3o da Capacidade Operacional da Gest\u00e3o de Dados<\/strong><\/h3><h6><em>UN-H: Security Pillar 7 \u2502 Sustainable Developmment Agenda 16, 16.6 \u2502 New Urban Agenda 157<\/em><\/h6>\t\t\t\t\t\t\t\t<\/div>\n\t\t\t\t<\/div>\n\t\t\t\t<div class=\"elementor-element elementor-element-5448a25 elementor-widget elementor-widget-text-editor\" data-id=\"5448a25\" data-element_type=\"widget\" data-widget_type=\"text-editor.default\">\n\t\t\t\t<div class=\"elementor-widget-container\">\n\t\t\t\t\t\t\t\t\t<p style=\"text-align: left;\">Al\u00e9m da seguran\u00e7a, a capacidade operacional da infraestrutura de dados tamb\u00e9m \u00e9 um fator cr\u00edtico para a gest\u00e3o da cidade, e por isto a administra\u00e7\u00e3o p\u00fablica de Santo Andr\u00e9 vem realizando esfor\u00e7os para que os sistemas digitais tenham capacidade suficiente para a adequada presta\u00e7\u00e3o dos servi\u00e7os municipais. Neste esfor\u00e7o, foi realizada a restrutura\u00e7\u00e3o da rede l\u00f3gica da Prefeitura, com a cria\u00e7\u00e3o de VLANs especificas para servi\u00e7os e localidades, e a aquisi\u00e7\u00e3o de novo Storage, permitindo a amplia\u00e7\u00e3o da capacidade de armazenamento e seguran\u00e7a dos dados municipais. Al\u00e9m disso, foi adotada a solu\u00e7\u00e3o de Hyperconverg\u00eancia Nutanix, por meio da aquisi\u00e7\u00e3o de recursos de Data Center para implementa\u00e7\u00e3o de servidores virtualizados.<\/p>\t\t\t\t\t\t\t\t<\/div>\n\t\t\t\t<\/div>\n\t\t\t\t\t<\/div>\n\t\t<\/div>\n\t\t\t\t\t<\/div>\n\t\t<\/section>\n\t\t\t\t<section class=\"elementor-section elementor-top-section elementor-element elementor-element-a04fb80 elementor-section-boxed elementor-section-height-default elementor-section-height-default\" data-id=\"a04fb80\" data-element_type=\"section\">\n\t\t\t\t\t\t<div class=\"elementor-container elementor-column-gap-default\">\n\t\t\t\t\t<div class=\"elementor-column elementor-col-100 elementor-top-column elementor-element elementor-element-eca6735\" data-id=\"eca6735\" data-element_type=\"column\">\n\t\t\t<div class=\"elementor-widget-wrap elementor-element-populated\">\n\t\t\t\t\t\t<div class=\"elementor-element elementor-element-87926d9 elementor-widget-divider--view-line elementor-widget elementor-widget-divider\" data-id=\"87926d9\" data-element_type=\"widget\" data-widget_type=\"divider.default\">\n\t\t\t\t<div class=\"elementor-widget-container\">\n\t\t\t\t\t\t\t<div class=\"elementor-divider\">\n\t\t\t<span class=\"elementor-divider-separator\">\n\t\t\t\t\t\t<\/span>\n\t\t<\/div>\n\t\t\t\t\t\t<\/div>\n\t\t\t\t<\/div>\n\t\t\t\t\t<\/div>\n\t\t<\/div>\n\t\t\t\t\t<\/div>\n\t\t<\/section>\n\t\t\t\t<\/div>\n\t\t","protected":false},"excerpt":{"rendered":"<p>A Prefeitura atuando para alcan\u00e7ar os mais elevados n\u00edveis de seguran\u00e7a para as pol\u00edticas smart city, incluindo seguran\u00e7a de dados e das infraestruturas de suporte, promovendo cada vez mais confian\u00e7a &#8230;<\/p>\n","protected":false},"author":8,"featured_media":0,"parent":0,"menu_order":0,"comment_status":"closed","ping_status":"closed","template":"","meta":{"_themeisle_gutenberg_block_has_review":false,"footnotes":""},"class_list":["post-6013","page","type-page","status-publish","hentry"],"jetpack_sharing_enabled":true,"_links":{"self":[{"href":"https:\/\/www3.santoandre.sp.gov.br\/portaldoempreendedor\/index.php\/wp-json\/wp\/v2\/pages\/6013","targetHints":{"allow":["GET"]}}],"collection":[{"href":"https:\/\/www3.santoandre.sp.gov.br\/portaldoempreendedor\/index.php\/wp-json\/wp\/v2\/pages"}],"about":[{"href":"https:\/\/www3.santoandre.sp.gov.br\/portaldoempreendedor\/index.php\/wp-json\/wp\/v2\/types\/page"}],"author":[{"embeddable":true,"href":"https:\/\/www3.santoandre.sp.gov.br\/portaldoempreendedor\/index.php\/wp-json\/wp\/v2\/users\/8"}],"replies":[{"embeddable":true,"href":"https:\/\/www3.santoandre.sp.gov.br\/portaldoempreendedor\/index.php\/wp-json\/wp\/v2\/comments?post=6013"}],"version-history":[{"count":20,"href":"https:\/\/www3.santoandre.sp.gov.br\/portaldoempreendedor\/index.php\/wp-json\/wp\/v2\/pages\/6013\/revisions"}],"predecessor-version":[{"id":6162,"href":"https:\/\/www3.santoandre.sp.gov.br\/portaldoempreendedor\/index.php\/wp-json\/wp\/v2\/pages\/6013\/revisions\/6162"}],"wp:attachment":[{"href":"https:\/\/www3.santoandre.sp.gov.br\/portaldoempreendedor\/index.php\/wp-json\/wp\/v2\/media?parent=6013"}],"curies":[{"name":"wp","href":"https:\/\/api.w.org\/{rel}","templated":true}]}}