{"id":5995,"date":"2023-09-04T13:20:54","date_gmt":"2023-09-04T16:20:54","guid":{"rendered":"https:\/\/www3.santoandre.sp.gov.br\/portaldoempreendedor\/?page_id=5995"},"modified":"2023-09-06T15:25:05","modified_gmt":"2023-09-06T18:25:05","slug":"eixo-capacidade","status":"publish","type":"page","link":"https:\/\/www3.santoandre.sp.gov.br\/portaldoempreendedor\/index.php\/eixo-capacidade\/","title":{"rendered":"Eixo Capacidade"},"content":{"rendered":"\t\t<div data-elementor-type=\"wp-page\" data-elementor-id=\"5995\" class=\"elementor elementor-5995\">\n\t\t\t\t\t\t<section class=\"elementor-section elementor-top-section elementor-element elementor-element-f84dfed elementor-section-boxed elementor-section-height-default elementor-section-height-default\" data-id=\"f84dfed\" data-element_type=\"section\">\n\t\t\t\t\t\t<div class=\"elementor-container elementor-column-gap-default\">\n\t\t\t\t\t<div class=\"elementor-column elementor-col-100 elementor-top-column elementor-element elementor-element-17f0091\" data-id=\"17f0091\" data-element_type=\"column\">\n\t\t\t<div class=\"elementor-widget-wrap elementor-element-populated\">\n\t\t\t\t\t\t<div class=\"elementor-element elementor-element-5428978 elementor-widget elementor-widget-image\" data-id=\"5428978\" data-element_type=\"widget\" data-widget_type=\"image.default\">\n\t\t\t\t<div class=\"elementor-widget-container\">\n\t\t\t\t\t\t\t\t\t\t\t\t\t\t\t<img decoding=\"async\" width=\"150\" height=\"150\" src=\"https:\/\/www3.santoandre.sp.gov.br\/portaldoempreendedor\/wp-content\/uploads\/2023\/09\/5-150x150.png\" class=\"attachment-thumbnail size-thumbnail wp-image-5997\" alt=\"\" \/>\t\t\t\t\t\t\t\t\t\t\t\t\t\t\t<\/div>\n\t\t\t\t<\/div>\n\t\t\t\t<div class=\"elementor-element elementor-element-70f6853 elementor-widget elementor-widget-text-editor\" data-id=\"70f6853\" data-element_type=\"widget\" data-widget_type=\"text-editor.default\">\n\t\t\t\t<div class=\"elementor-widget-container\">\n\t\t\t\t\t\t\t\t\t<p>Como desenvolver parcerias com m\u00faltiplos atores e construir capacidade organizacional para facilitar as pol\u00edticas smart city centradas no cidad\u00e3o.<\/p>\t\t\t\t\t\t\t\t<\/div>\n\t\t\t\t<\/div>\n\t\t\t\t\t<\/div>\n\t\t<\/div>\n\t\t\t\t\t<\/div>\n\t\t<\/section>\n\t\t\t\t<section class=\"elementor-section elementor-top-section elementor-element elementor-element-6f8aee4 elementor-section-boxed elementor-section-height-default elementor-section-height-default\" data-id=\"6f8aee4\" data-element_type=\"section\">\n\t\t\t\t\t\t<div class=\"elementor-container elementor-column-gap-default\">\n\t\t\t\t\t<div class=\"elementor-column elementor-col-100 elementor-top-column elementor-element elementor-element-1315d4b\" data-id=\"1315d4b\" data-element_type=\"column\">\n\t\t\t<div class=\"elementor-widget-wrap elementor-element-populated\">\n\t\t\t\t\t\t<div class=\"elementor-element elementor-element-548d465 elementor-widget-divider--view-line elementor-widget elementor-widget-divider\" data-id=\"548d465\" data-element_type=\"widget\" data-widget_type=\"divider.default\">\n\t\t\t\t<div class=\"elementor-widget-container\">\n\t\t\t\t\t\t\t<div class=\"elementor-divider\">\n\t\t\t<span class=\"elementor-divider-separator\">\n\t\t\t\t\t\t<\/span>\n\t\t<\/div>\n\t\t\t\t\t\t<\/div>\n\t\t\t\t<\/div>\n\t\t\t\t\t<\/div>\n\t\t<\/div>\n\t\t\t\t\t<\/div>\n\t\t<\/section>\n\t\t\t\t<section class=\"elementor-section elementor-top-section elementor-element elementor-element-1c2d704 elementor-section-boxed elementor-section-height-default elementor-section-height-default\" data-id=\"1c2d704\" data-element_type=\"section\">\n\t\t\t\t\t\t<div class=\"elementor-container elementor-column-gap-default\">\n\t\t\t\t\t<div class=\"elementor-column elementor-col-50 elementor-top-column elementor-element elementor-element-6de3064\" data-id=\"6de3064\" data-element_type=\"column\">\n\t\t\t<div class=\"elementor-widget-wrap elementor-element-populated\">\n\t\t\t\t\t\t<div class=\"elementor-element elementor-element-fc41311 elementor-widget elementor-widget-image\" data-id=\"fc41311\" data-element_type=\"widget\" data-widget_type=\"image.default\">\n\t\t\t\t<div class=\"elementor-widget-container\">\n\t\t\t\t\t\t\t\t\t\t\t\t\t\t\t<img decoding=\"async\" src=\"https:\/\/www3.santoandre.sp.gov.br\/portaldoempreendedor\/wp-content\/uploads\/elementor\/thumbs\/Imagem1-qbx9cwfx1lfrel2hd59obeyp4thhdtv2etf3q72c4c.jpg\" title=\"Imagem1\" alt=\"Imagem1\" loading=\"lazy\" \/>\t\t\t\t\t\t\t\t\t\t\t\t\t\t\t<\/div>\n\t\t\t\t<\/div>\n\t\t\t\t\t<\/div>\n\t\t<\/div>\n\t\t\t\t<div class=\"elementor-column elementor-col-50 elementor-top-column elementor-element elementor-element-5f3e9b9\" data-id=\"5f3e9b9\" data-element_type=\"column\">\n\t\t\t<div class=\"elementor-widget-wrap elementor-element-populated\">\n\t\t\t\t\t\t<div class=\"elementor-element elementor-element-aa3bf81 elementor-widget elementor-widget-text-editor\" data-id=\"aa3bf81\" data-element_type=\"widget\" data-widget_type=\"text-editor.default\">\n\t\t\t\t<div class=\"elementor-widget-container\">\n\t\t\t\t\t\t\t\t\t<h3><strong>Sandbox Experimental e Regulat\u00f3rio<\/strong><\/h3><h6><em>UN-H: Capacity Pillar 8 \u2502 Sustainable Developmment Agenda 17 \u2502 New Urban Agenda 91<\/em><\/h6>\t\t\t\t\t\t\t\t<\/div>\n\t\t\t\t<\/div>\n\t\t\t\t<div class=\"elementor-element elementor-element-9bdcc8d elementor-widget elementor-widget-text-editor\" data-id=\"9bdcc8d\" data-element_type=\"widget\" data-widget_type=\"text-editor.default\">\n\t\t\t\t<div class=\"elementor-widget-container\">\n\t\t\t\t\t\t\t\t\t<p style=\"text-align: left;\">O Sandbox Experimental e Regulat\u00f3rio \u00e9 uma legisla\u00e7\u00e3o municipal que fornece seguran\u00e7a jur\u00eddica \u00e0 administra\u00e7\u00e3o municipal e empresas, viabilizando o apoio e o est\u00edmulo da Prefeitura de Santo Andr\u00e9 ao desenvolvimento, testagem, implanta\u00e7\u00e3o ou aperfei\u00e7oamento de solu\u00e7\u00f5es inovadoras, em car\u00e1ter gratuito, para a gest\u00e3o p\u00fablica no Munic\u00edpio. A iniciativa vem de um esfor\u00e7o de instituir e modernizar mecanismos de sensibiliza\u00e7\u00e3o e fomento \u00e0 experimenta\u00e7\u00e3o e inova\u00e7\u00e3o no \u00e2mbito da Administra\u00e7\u00e3o P\u00fablica Municipal, para promo\u00e7\u00e3o de solu\u00e7\u00f5es smart city em parceria com a sociedade civil.<\/p>\t\t\t\t\t\t\t\t<\/div>\n\t\t\t\t<\/div>\n\t\t\t\t\t<\/div>\n\t\t<\/div>\n\t\t\t\t\t<\/div>\n\t\t<\/section>\n\t\t\t\t<section class=\"elementor-section elementor-top-section elementor-element elementor-element-f76976b elementor-section-boxed elementor-section-height-default elementor-section-height-default\" data-id=\"f76976b\" data-element_type=\"section\">\n\t\t\t\t\t\t<div class=\"elementor-container elementor-column-gap-default\">\n\t\t\t\t\t<div class=\"elementor-column elementor-col-100 elementor-top-column elementor-element elementor-element-255b917\" data-id=\"255b917\" data-element_type=\"column\">\n\t\t\t<div class=\"elementor-widget-wrap elementor-element-populated\">\n\t\t\t\t\t\t<div class=\"elementor-element elementor-element-204f39e elementor-widget-divider--view-line elementor-widget elementor-widget-divider\" data-id=\"204f39e\" data-element_type=\"widget\" data-widget_type=\"divider.default\">\n\t\t\t\t<div class=\"elementor-widget-container\">\n\t\t\t\t\t\t\t<div class=\"elementor-divider\">\n\t\t\t<span class=\"elementor-divider-separator\">\n\t\t\t\t\t\t<\/span>\n\t\t<\/div>\n\t\t\t\t\t\t<\/div>\n\t\t\t\t<\/div>\n\t\t\t\t\t<\/div>\n\t\t<\/div>\n\t\t\t\t\t<\/div>\n\t\t<\/section>\n\t\t\t\t<section class=\"elementor-section elementor-top-section elementor-element elementor-element-6013962 elementor-section-boxed elementor-section-height-default elementor-section-height-default\" data-id=\"6013962\" data-element_type=\"section\">\n\t\t\t\t\t\t<div class=\"elementor-container elementor-column-gap-default\">\n\t\t\t\t\t<div class=\"elementor-column elementor-col-50 elementor-top-column elementor-element elementor-element-c255576\" data-id=\"c255576\" data-element_type=\"column\">\n\t\t\t<div class=\"elementor-widget-wrap elementor-element-populated\">\n\t\t\t\t\t\t<div class=\"elementor-element elementor-element-47d7a7c elementor-widget elementor-widget-image\" data-id=\"47d7a7c\" data-element_type=\"widget\" data-widget_type=\"image.default\">\n\t\t\t\t<div class=\"elementor-widget-container\">\n\t\t\t\t\t\t\t\t\t\t\t\t\t\t\t<img fetchpriority=\"high\" decoding=\"async\" width=\"800\" height=\"226\" src=\"https:\/\/www3.santoandre.sp.gov.br\/portaldoempreendedor\/wp-content\/uploads\/2023\/09\/ConectCidade-PNG-Original-e1693851341115-1024x289.png\" class=\"attachment-large size-large wp-image-5933\" alt=\"\" srcset=\"https:\/\/www3.santoandre.sp.gov.br\/portaldoempreendedor\/wp-content\/uploads\/2023\/09\/ConectCidade-PNG-Original-e1693851341115-1024x289.png 1024w, https:\/\/www3.santoandre.sp.gov.br\/portaldoempreendedor\/wp-content\/uploads\/2023\/09\/ConectCidade-PNG-Original-e1693851341115-300x85.png 300w, https:\/\/www3.santoandre.sp.gov.br\/portaldoempreendedor\/wp-content\/uploads\/2023\/09\/ConectCidade-PNG-Original-e1693851341115-768x217.png 768w, https:\/\/www3.santoandre.sp.gov.br\/portaldoempreendedor\/wp-content\/uploads\/2023\/09\/ConectCidade-PNG-Original-e1693851341115.png 1080w\" sizes=\"(max-width: 800px) 100vw, 800px\" \/>\t\t\t\t\t\t\t\t\t\t\t\t\t\t\t<\/div>\n\t\t\t\t<\/div>\n\t\t\t\t\t<\/div>\n\t\t<\/div>\n\t\t\t\t<div class=\"elementor-column elementor-col-50 elementor-top-column elementor-element elementor-element-1342532\" data-id=\"1342532\" data-element_type=\"column\">\n\t\t\t<div class=\"elementor-widget-wrap elementor-element-populated\">\n\t\t\t\t\t\t<div class=\"elementor-element elementor-element-c1ca80f elementor-widget elementor-widget-text-editor\" data-id=\"c1ca80f\" data-element_type=\"widget\" data-widget_type=\"text-editor.default\">\n\t\t\t\t<div class=\"elementor-widget-container\">\n\t\t\t\t\t\t\t\t\t<h3><strong>Open IoT e Conectividade Lab &#8211; ConectCidade<\/strong><\/h3><h6><em>UN-H: Capacity Pillar 8 \u2502 Sustainable Developmment Agenda 17 \u2502 New Urban Agenda 91<\/em><\/h6>\t\t\t\t\t\t\t\t<\/div>\n\t\t\t\t<\/div>\n\t\t\t\t<div class=\"elementor-element elementor-element-f0f4817 elementor-widget elementor-widget-text-editor\" data-id=\"f0f4817\" data-element_type=\"widget\" data-widget_type=\"text-editor.default\">\n\t\t\t\t<div class=\"elementor-widget-container\">\n\t\t\t\t\t\t\t\t\t<p style=\"text-align: left;\">O ConectCidades visa estimular a expans\u00e3o da infraestrutura de conectividade e solu\u00e7\u00f5es IoT e apoiar a cria\u00e7\u00e3o de demonstradores e living labs, em parceria com Universidades e startups. Com isto, visa apoiar e promover o dom\u00ednio de compet\u00eancias em tecnologias e aplica\u00e7\u00f5es em IoT, Ci\u00eancia de Dados e Intelig\u00eancia Artificial, e o desenvolvimento de solu\u00e7\u00f5es fim-a-fim com foco em IA e Dados, buscando criar modelos de previs\u00e3o, intelig\u00eancia e an\u00e1lise de dados, provenientes especialmente de bancos de dados e sistemas de monitoramento operados pela Prefeitura. Programa j\u00e1 possui 2 universidades parceiras, mobili\u00e1rio urbano (\u00e1rvore solar), rede LoRa gratuita para teste de solu\u00e7\u00f5es, e ter\u00e1 um laborat\u00f3rio f\u00edsico no novo pr\u00e9dio do Parque Tecnol\u00f3gico.<\/p>\t\t\t\t\t\t\t\t<\/div>\n\t\t\t\t<\/div>\n\t\t\t\t<div class=\"elementor-element elementor-element-6a0c004 elementor-align-left elementor-widget elementor-widget-button\" data-id=\"6a0c004\" data-element_type=\"widget\" data-widget_type=\"button.default\">\n\t\t\t\t<div class=\"elementor-widget-container\">\n\t\t\t\t\t\t\t\t\t<div class=\"elementor-button-wrapper\">\n\t\t\t\t\t<a class=\"elementor-button elementor-button-link elementor-size-sm\" href=\"https:\/\/www3.santoandre.sp.gov.br\/parquetecnologico\/conectcidade\/%20\">\n\t\t\t\t\t\t<span class=\"elementor-button-content-wrapper\">\n\t\t\t\t\t\t\t\t\t<span class=\"elementor-button-text\">SAIBA MAIS<\/span>\n\t\t\t\t\t<\/span>\n\t\t\t\t\t<\/a>\n\t\t\t\t<\/div>\n\t\t\t\t\t\t\t\t<\/div>\n\t\t\t\t<\/div>\n\t\t\t\t\t<\/div>\n\t\t<\/div>\n\t\t\t\t\t<\/div>\n\t\t<\/section>\n\t\t\t\t<section class=\"elementor-section elementor-top-section elementor-element elementor-element-9f1abda elementor-section-boxed elementor-section-height-default elementor-section-height-default\" data-id=\"9f1abda\" data-element_type=\"section\">\n\t\t\t\t\t\t<div class=\"elementor-container elementor-column-gap-default\">\n\t\t\t\t\t<div class=\"elementor-column elementor-col-100 elementor-top-column elementor-element elementor-element-7b8c2cb\" data-id=\"7b8c2cb\" data-element_type=\"column\">\n\t\t\t<div class=\"elementor-widget-wrap elementor-element-populated\">\n\t\t\t\t\t\t<div class=\"elementor-element elementor-element-ffdcac3 elementor-widget-divider--view-line elementor-widget elementor-widget-divider\" data-id=\"ffdcac3\" data-element_type=\"widget\" data-widget_type=\"divider.default\">\n\t\t\t\t<div class=\"elementor-widget-container\">\n\t\t\t\t\t\t\t<div class=\"elementor-divider\">\n\t\t\t<span class=\"elementor-divider-separator\">\n\t\t\t\t\t\t<\/span>\n\t\t<\/div>\n\t\t\t\t\t\t<\/div>\n\t\t\t\t<\/div>\n\t\t\t\t\t<\/div>\n\t\t<\/div>\n\t\t\t\t\t<\/div>\n\t\t<\/section>\n\t\t\t\t<section class=\"elementor-section elementor-top-section elementor-element elementor-element-d621aa4 elementor-section-boxed elementor-section-height-default elementor-section-height-default\" data-id=\"d621aa4\" data-element_type=\"section\">\n\t\t\t\t\t\t<div class=\"elementor-container elementor-column-gap-default\">\n\t\t\t\t\t<div class=\"elementor-column elementor-col-50 elementor-top-column elementor-element elementor-element-56c3456\" data-id=\"56c3456\" data-element_type=\"column\">\n\t\t\t<div class=\"elementor-widget-wrap elementor-element-populated\">\n\t\t\t\t\t\t<div class=\"elementor-element elementor-element-8b9ec01 elementor-widget elementor-widget-image\" data-id=\"8b9ec01\" data-element_type=\"widget\" data-widget_type=\"image.default\">\n\t\t\t\t<div class=\"elementor-widget-container\">\n\t\t\t\t\t\t\t\t\t\t\t\t\t\t\t<img decoding=\"async\" width=\"800\" height=\"296\" src=\"https:\/\/www3.santoandre.sp.gov.br\/portaldoempreendedor\/wp-content\/uploads\/2023\/09\/PqTecnologicoSA-PROGRAMAS-HUB-1024x379.png\" class=\"attachment-large size-large wp-image-5998\" alt=\"\" srcset=\"https:\/\/www3.santoandre.sp.gov.br\/portaldoempreendedor\/wp-content\/uploads\/2023\/09\/PqTecnologicoSA-PROGRAMAS-HUB-1024x379.png 1024w, https:\/\/www3.santoandre.sp.gov.br\/portaldoempreendedor\/wp-content\/uploads\/2023\/09\/PqTecnologicoSA-PROGRAMAS-HUB-300x111.png 300w, https:\/\/www3.santoandre.sp.gov.br\/portaldoempreendedor\/wp-content\/uploads\/2023\/09\/PqTecnologicoSA-PROGRAMAS-HUB-768x284.png 768w, https:\/\/www3.santoandre.sp.gov.br\/portaldoempreendedor\/wp-content\/uploads\/2023\/09\/PqTecnologicoSA-PROGRAMAS-HUB-1536x569.png 1536w, https:\/\/www3.santoandre.sp.gov.br\/portaldoempreendedor\/wp-content\/uploads\/2023\/09\/PqTecnologicoSA-PROGRAMAS-HUB.png 1567w\" sizes=\"(max-width: 800px) 100vw, 800px\" \/>\t\t\t\t\t\t\t\t\t\t\t\t\t\t\t<\/div>\n\t\t\t\t<\/div>\n\t\t\t\t\t<\/div>\n\t\t<\/div>\n\t\t\t\t<div class=\"elementor-column elementor-col-50 elementor-top-column elementor-element elementor-element-acb5cee\" data-id=\"acb5cee\" data-element_type=\"column\">\n\t\t\t<div class=\"elementor-widget-wrap elementor-element-populated\">\n\t\t\t\t\t\t<div class=\"elementor-element elementor-element-3e453c3 elementor-widget elementor-widget-text-editor\" data-id=\"3e453c3\" data-element_type=\"widget\" data-widget_type=\"text-editor.default\">\n\t\t\t\t<div class=\"elementor-widget-container\">\n\t\t\t\t\t\t\t\t\t<h3><strong>HUB de Inova\u00e7\u00e3o Aberta \u2013 Parque Tecnol\u00f3gico<\/strong><\/h3><h6><em>UN-H: Capacity Pillar 8 \u2502 Sustainable Developmment Agenda 17 \u2502 New Urban Agenda 91<\/em><\/h6>\t\t\t\t\t\t\t\t<\/div>\n\t\t\t\t<\/div>\n\t\t\t\t<div class=\"elementor-element elementor-element-5ac5806 elementor-widget elementor-widget-text-editor\" data-id=\"5ac5806\" data-element_type=\"widget\" data-widget_type=\"text-editor.default\">\n\t\t\t\t<div class=\"elementor-widget-container\">\n\t\t\t\t\t\t\t\t\t<p style=\"text-align: left;\">O programa promove a inova\u00e7\u00e3o aberta nas empresas e institui\u00e7\u00f5es da cidade e regi\u00e3o, por meio da integra\u00e7\u00e3o da triplice h\u00e9lice, proporcionado as conex\u00f5es necess\u00e1rias e o suporte ao estabelecimento de parcerias entre empresas universidades, startups e governo. O HUB j\u00e1 acumula 15 projetos de mais de R$ 28 milh\u00f5es, sendo que aproximadamente R$ 24 milh\u00f5es nos \u00f3rg\u00e3os de fomento federais e estaduais, com destaque para a Finep, no valor de R$ 13,7 milh\u00f5es; a Fundep \u2013 Rota 2030, com R$ 8,6 milh\u00f5es; e a Embrapii, com R$ 1,5 milh\u00e3o. O modelo est\u00e1 apto a receber desafios Smart City, dando todo suporte metodol\u00f3gico e jur\u00eddico para o desenvolvimento das solu\u00e7\u00f5es.<\/p>\t\t\t\t\t\t\t\t<\/div>\n\t\t\t\t<\/div>\n\t\t\t\t<div class=\"elementor-element elementor-element-f34c96b elementor-align-left elementor-widget elementor-widget-button\" data-id=\"f34c96b\" data-element_type=\"widget\" data-widget_type=\"button.default\">\n\t\t\t\t<div class=\"elementor-widget-container\">\n\t\t\t\t\t\t\t\t\t<div class=\"elementor-button-wrapper\">\n\t\t\t\t\t<a class=\"elementor-button elementor-button-link elementor-size-sm\" href=\"https:\/\/www3.santoandre.sp.gov.br\/parquetecnologico\/hub-inovacao-aberta\/\">\n\t\t\t\t\t\t<span class=\"elementor-button-content-wrapper\">\n\t\t\t\t\t\t\t\t\t<span class=\"elementor-button-text\">SAIBA MAIS<\/span>\n\t\t\t\t\t<\/span>\n\t\t\t\t\t<\/a>\n\t\t\t\t<\/div>\n\t\t\t\t\t\t\t\t<\/div>\n\t\t\t\t<\/div>\n\t\t\t\t\t<\/div>\n\t\t<\/div>\n\t\t\t\t\t<\/div>\n\t\t<\/section>\n\t\t\t\t<section class=\"elementor-section elementor-top-section elementor-element elementor-element-11f2f8c elementor-section-boxed elementor-section-height-default elementor-section-height-default\" data-id=\"11f2f8c\" data-element_type=\"section\">\n\t\t\t\t\t\t<div class=\"elementor-container elementor-column-gap-default\">\n\t\t\t\t\t<div class=\"elementor-column elementor-col-100 elementor-top-column elementor-element elementor-element-2767218\" data-id=\"2767218\" data-element_type=\"column\">\n\t\t\t<div class=\"elementor-widget-wrap elementor-element-populated\">\n\t\t\t\t\t\t<div class=\"elementor-element elementor-element-147ede4 elementor-widget-divider--view-line elementor-widget elementor-widget-divider\" data-id=\"147ede4\" data-element_type=\"widget\" data-widget_type=\"divider.default\">\n\t\t\t\t<div class=\"elementor-widget-container\">\n\t\t\t\t\t\t\t<div class=\"elementor-divider\">\n\t\t\t<span class=\"elementor-divider-separator\">\n\t\t\t\t\t\t<\/span>\n\t\t<\/div>\n\t\t\t\t\t\t<\/div>\n\t\t\t\t<\/div>\n\t\t\t\t\t<\/div>\n\t\t<\/div>\n\t\t\t\t\t<\/div>\n\t\t<\/section>\n\t\t\t\t<section class=\"elementor-section elementor-top-section elementor-element elementor-element-8035bb5 elementor-section-boxed elementor-section-height-default elementor-section-height-default\" data-id=\"8035bb5\" data-element_type=\"section\">\n\t\t\t\t\t\t<div class=\"elementor-container elementor-column-gap-default\">\n\t\t\t\t\t<div class=\"elementor-column elementor-col-50 elementor-top-column elementor-element elementor-element-e61bbb4\" data-id=\"e61bbb4\" data-element_type=\"column\">\n\t\t\t<div class=\"elementor-widget-wrap elementor-element-populated\">\n\t\t\t\t\t\t<div class=\"elementor-element elementor-element-f361272 elementor-widget elementor-widget-image\" data-id=\"f361272\" data-element_type=\"widget\" data-widget_type=\"image.default\">\n\t\t\t\t<div class=\"elementor-widget-container\">\n\t\t\t\t\t\t\t\t\t\t\t\t\t\t\t<img loading=\"lazy\" decoding=\"async\" width=\"59\" height=\"48\" src=\"https:\/\/www3.santoandre.sp.gov.br\/portaldoempreendedor\/wp-content\/uploads\/2023\/09\/Imagem2.png\" class=\"attachment-large size-large wp-image-6006\" alt=\"\" \/>\t\t\t\t\t\t\t\t\t\t\t\t\t\t\t<\/div>\n\t\t\t\t<\/div>\n\t\t\t\t\t<\/div>\n\t\t<\/div>\n\t\t\t\t<div class=\"elementor-column elementor-col-50 elementor-top-column elementor-element elementor-element-73a2c4c\" data-id=\"73a2c4c\" data-element_type=\"column\">\n\t\t\t<div class=\"elementor-widget-wrap elementor-element-populated\">\n\t\t\t\t\t\t<div class=\"elementor-element elementor-element-5c269bb elementor-widget elementor-widget-text-editor\" data-id=\"5c269bb\" data-element_type=\"widget\" data-widget_type=\"text-editor.default\">\n\t\t\t\t<div class=\"elementor-widget-container\">\n\t\t\t\t\t\t\t\t\t<h3><strong>N\u00facleo de Inova\u00e7\u00e3o Tecnol\u00f3gica \u2013 NIT<\/strong><\/h3><h6><em>UN-H: Capacity Pillar 9 \u2502 Sustainable Developmment Agenda 16, 16.7 \u2502 New Urban Agenda 151<\/em><\/h6>\t\t\t\t\t\t\t\t<\/div>\n\t\t\t\t<\/div>\n\t\t\t\t<div class=\"elementor-element elementor-element-e830198 elementor-widget elementor-widget-text-editor\" data-id=\"e830198\" data-element_type=\"widget\" data-widget_type=\"text-editor.default\">\n\t\t\t\t<div class=\"elementor-widget-container\">\n\t\t\t\t\t\t\t\t\t<p style=\"text-align: left;\">O N\u00facleo de Inova\u00e7\u00e3o Tecnol\u00f3gica \u00e9 uma inst\u00e2ncia participativa da pol\u00edtica municipal de Governan\u00e7a da Tecnologia da Informa\u00e7\u00e3o \u2013 PMGTI, que permite a integra\u00e7\u00e3o dos gestores p\u00fablicos no \u00e2mbito das iniciativas de Tecnologia e programas ligados \u00e0s Smart City. Dentre suas v\u00e1rias compet\u00eancias, ela pode indicar a necessidade de realiza\u00e7\u00e3o de diagn\u00f3sticos internos, pesquisas, mapeamentos e outros estudos que auxiliem a Prefeitura a entender as defici\u00eancias internas e eternas quanto \u00e0s quest\u00f5es ligadas \u00e0 digitaliza\u00e7\u00e3o, como capacidades t\u00e9cnicas, infraestruturas, dentre outras demandas, que permiam uma trasi\u00e7\u00e3o tecnol\u00f3gica centrada nas pessoas.<\/p>\t\t\t\t\t\t\t\t<\/div>\n\t\t\t\t<\/div>\n\t\t\t\t\t<\/div>\n\t\t<\/div>\n\t\t\t\t\t<\/div>\n\t\t<\/section>\n\t\t\t\t<section class=\"elementor-section elementor-top-section elementor-element elementor-element-1aaba4a elementor-section-boxed elementor-section-height-default elementor-section-height-default\" data-id=\"1aaba4a\" data-element_type=\"section\">\n\t\t\t\t\t\t<div class=\"elementor-container elementor-column-gap-default\">\n\t\t\t\t\t<div class=\"elementor-column elementor-col-100 elementor-top-column elementor-element elementor-element-becae6b\" data-id=\"becae6b\" data-element_type=\"column\">\n\t\t\t<div class=\"elementor-widget-wrap elementor-element-populated\">\n\t\t\t\t\t\t<div class=\"elementor-element elementor-element-ec59209 elementor-widget-divider--view-line elementor-widget elementor-widget-divider\" data-id=\"ec59209\" data-element_type=\"widget\" data-widget_type=\"divider.default\">\n\t\t\t\t<div class=\"elementor-widget-container\">\n\t\t\t\t\t\t\t<div class=\"elementor-divider\">\n\t\t\t<span class=\"elementor-divider-separator\">\n\t\t\t\t\t\t<\/span>\n\t\t<\/div>\n\t\t\t\t\t\t<\/div>\n\t\t\t\t<\/div>\n\t\t\t\t\t<\/div>\n\t\t<\/div>\n\t\t\t\t\t<\/div>\n\t\t<\/section>\n\t\t\t\t<\/div>\n\t\t","protected":false},"excerpt":{"rendered":"<p>Como desenvolver parcerias com m\u00faltiplos atores e construir capacidade organizacional para facilitar as pol\u00edticas smart city centradas no cidad\u00e3o. Sandbox Experimental e Regulat\u00f3rio UN-H: Capacity Pillar 8 \u2502 Sustainable Developmment &#8230;<\/p>\n","protected":false},"author":8,"featured_media":0,"parent":0,"menu_order":0,"comment_status":"closed","ping_status":"closed","template":"","meta":{"_themeisle_gutenberg_block_has_review":false,"footnotes":""},"class_list":["post-5995","page","type-page","status-publish","hentry"],"jetpack_sharing_enabled":true,"_links":{"self":[{"href":"https:\/\/www3.santoandre.sp.gov.br\/portaldoempreendedor\/index.php\/wp-json\/wp\/v2\/pages\/5995","targetHints":{"allow":["GET"]}}],"collection":[{"href":"https:\/\/www3.santoandre.sp.gov.br\/portaldoempreendedor\/index.php\/wp-json\/wp\/v2\/pages"}],"about":[{"href":"https:\/\/www3.santoandre.sp.gov.br\/portaldoempreendedor\/index.php\/wp-json\/wp\/v2\/types\/page"}],"author":[{"embeddable":true,"href":"https:\/\/www3.santoandre.sp.gov.br\/portaldoempreendedor\/index.php\/wp-json\/wp\/v2\/users\/8"}],"replies":[{"embeddable":true,"href":"https:\/\/www3.santoandre.sp.gov.br\/portaldoempreendedor\/index.php\/wp-json\/wp\/v2\/comments?post=5995"}],"version-history":[{"count":17,"href":"https:\/\/www3.santoandre.sp.gov.br\/portaldoempreendedor\/index.php\/wp-json\/wp\/v2\/pages\/5995\/revisions"}],"predecessor-version":[{"id":6132,"href":"https:\/\/www3.santoandre.sp.gov.br\/portaldoempreendedor\/index.php\/wp-json\/wp\/v2\/pages\/5995\/revisions\/6132"}],"wp:attachment":[{"href":"https:\/\/www3.santoandre.sp.gov.br\/portaldoempreendedor\/index.php\/wp-json\/wp\/v2\/media?parent=5995"}],"curies":[{"name":"wp","href":"https:\/\/api.w.org\/{rel}","templated":true}]}}