{"id":2052,"date":"2021-04-16T17:49:25","date_gmt":"2021-04-16T20:49:25","guid":{"rendered":"https:\/\/www3.santoandre.sp.gov.br\/portaldoempreendedor\/?page_id=2052"},"modified":"2024-04-23T12:03:44","modified_gmt":"2024-04-23T15:03:44","slug":"tributos","status":"publish","type":"page","link":"https:\/\/www3.santoandre.sp.gov.br\/portaldoempreendedor\/index.php\/tributos\/","title":{"rendered":"Tributos"},"content":{"rendered":"\t\t<div data-elementor-type=\"wp-page\" data-elementor-id=\"2052\" class=\"elementor elementor-2052\">\n\t\t\t\t\t\t<section class=\"elementor-section elementor-top-section elementor-element elementor-element-3af167f6 elementor-section-boxed elementor-section-height-default elementor-section-height-default\" data-id=\"3af167f6\" data-element_type=\"section\">\n\t\t\t\t\t\t<div class=\"elementor-container elementor-column-gap-default\">\n\t\t\t\t\t<div class=\"elementor-column elementor-col-100 elementor-top-column elementor-element elementor-element-2c0efd26\" data-id=\"2c0efd26\" data-element_type=\"column\">\n\t\t\t<div class=\"elementor-widget-wrap elementor-element-populated\">\n\t\t\t\t\t\t<div class=\"elementor-element elementor-element-e77a2a0 elementor-widget elementor-widget-image\" data-id=\"e77a2a0\" data-element_type=\"widget\" data-widget_type=\"image.default\">\n\t\t\t\t<div class=\"elementor-widget-container\">\n\t\t\t\t\t\t\t\t\t\t\t\t\t\t\t<img fetchpriority=\"high\" decoding=\"async\" width=\"800\" height=\"123\" src=\"https:\/\/www3.santoandre.sp.gov.br\/portaldoempreendedor\/wp-content\/uploads\/2023\/06\/TRIBUTOS-1-1024x157.png\" class=\"attachment-large size-large wp-image-5626\" alt=\"\" srcset=\"https:\/\/www3.santoandre.sp.gov.br\/portaldoempreendedor\/wp-content\/uploads\/2023\/06\/TRIBUTOS-1-1024x157.png 1024w, https:\/\/www3.santoandre.sp.gov.br\/portaldoempreendedor\/wp-content\/uploads\/2023\/06\/TRIBUTOS-1-300x46.png 300w, https:\/\/www3.santoandre.sp.gov.br\/portaldoempreendedor\/wp-content\/uploads\/2023\/06\/TRIBUTOS-1-768x117.png 768w, https:\/\/www3.santoandre.sp.gov.br\/portaldoempreendedor\/wp-content\/uploads\/2023\/06\/TRIBUTOS-1.png 1112w\" sizes=\"(max-width: 800px) 100vw, 800px\" \/>\t\t\t\t\t\t\t\t\t\t\t\t\t\t\t<\/div>\n\t\t\t\t<\/div>\n\t\t\t\t<div class=\"elementor-element elementor-element-755b1be3 elementor-widget elementor-widget-text-editor\" data-id=\"755b1be3\" data-element_type=\"widget\" data-widget_type=\"text-editor.default\">\n\t\t\t\t<div class=\"elementor-widget-container\">\n\t\t\t\t\t\t\t\t\t<p><strong>TRIBUTOS \u2013 MEI (DAS)<\/strong><\/p><p>No caso MEI o pagamento dos tributos (federal, estadual e municipal) \u00e9 feito em guia \u00fanica, com contribui\u00e7\u00e3o mensal, por meio do DAS.<\/p><p>DAS \u00e9 a sigla para Documento de Arrecada\u00e7\u00e3o do Simples Nacional. Trata-se de uma guia de pagamento que unifica todos os impostos que devem ser pagos por empreendedores que optaram pelo regime tribut\u00e1rio Simples Nacional.<\/p><p>Voc\u00ea paga o mesmo valor todos os meses. Uma vez por ano o valor \u00e9 atualizado, quando o sal\u00e1rio-m\u00ednimo for alterado.<\/p><p><a href=\"https:\/\/www.gov.br\/empresas-e-negocios\/pt-br\/empreendedor\/servicos-para-mei\/pagamento-de-contribuicao-mensal\/o-que-voce-precisa-saber-sobre-o-das-1\">https:\/\/www.gov.br\/empresas-e-negocios\/pt-br\/empreendedor\/servicos-para-mei\/pagamento-de-contribuicao-mensal\/o-que-voce-precisa-saber-sobre-o-das-1<\/a><\/p><p><strong>TRIBUTOS MUNICIPAIS<\/strong><\/p><p>Para pagamentos dos tributos, as segundas vias podem ser obtidas atrav\u00e9s do Portal de servi\u00e7os da prefeitura, mas para isso tenha em m\u00e3os o n\u00famero de seu cadastro mobili\u00e1rio de contribuinte (CMC) &#8211; \u00a0<a href=\"https:\/\/www.santoandre.sp.gov.br\/PortalServico\/SegundasVias\/frmMenuSegundasVias.aspx\">Acesse Emiss\u00e3o de guias<\/a><\/p><p>PRINCIPAIS GUIAS<\/p><p>Taxa de licen\u00e7a e Fiscaliza\u00e7\u00e3o &#8211; <a href=\"https:\/\/www.santoandre.sp.gov.br\/PortalServico\/SegundasVias\/Taxa\/TaxaLicenca.aspx\">Clique aqui para taxa de licen\u00e7a<\/a><\/p><p>ISS trimestral \u2013 <a href=\"https:\/\/www.santoandre.sp.gov.br\/PortalServico\/SegundasVias\/ISS\/ISSF.aspx\">Clique aqui para ISS trimestral<\/a><\/p><p>Guias Controle Urbano &#8211; <a href=\"https:\/\/www.santoandre.sp.gov.br\/PortalServico\/SegundasVias\/Recolhimento\/ImpressaoGuia.aspx?tipo=aviso\">Clique aqui para Guias DCURB<\/a><\/p><p>Vigil\u00e2ncia Sanit\u00e1ria &#8211; <a href=\"https:\/\/www.santoandre.sp.gov.br\/PortalServico\/SegundasVias\/Recolhimento\/ImpressaoGuia.aspx?tipo=guia&amp;tp=VS\">Clique aqui para vigil\u00e2ncia sanit\u00e1ria<\/a><\/p><p><strong>TRIBUTOS ESTADUAIS<\/strong><\/p><p><strong>Os tributos estaduais s\u00e3o:<\/strong><\/p><p><strong>ICMS &#8211; O Imposto sobre a Circula\u00e7\u00e3o de Mercadorias e Servi\u00e7os \u00e9 o imposto com maior volume de arrecada\u00e7\u00e3o do Brasil, justamente pelo seu amplo fator gerador. Ele incide em todo tipo de produto e servi\u00e7o prestado e \u00e9 cobrado de forma indireta, tendo seu valor embutido nos bens de consumo ou no servi\u00e7o prestado. Para calcular esse imposto basta aplicar sua al\u00edquota ao produto ou servi\u00e7o em quest\u00e3o.<\/strong><\/p><p><strong>\u00a0<\/strong><\/p><p><strong>No caso de com\u00e9rcios interestaduais aplica-se o Diferencial de Al\u00edquota (DIFAL) que visa reduzir a desigual arrecada\u00e7\u00e3o entre os dois estados envolvidos. <\/strong><\/p><p><a href=\"https:\/\/portal.fazenda.sp.gov.br\/servicos\/cficms\/\"><strong>https:\/\/portal.fazenda.sp.gov.br\/servicos\/cficms\/<\/strong><\/a><\/p><p><strong>\u00a0<\/strong><\/p><p><strong>IPVA &#8211; O Imposto sobre Propriedade de Ve\u00edculos Automotores incide sobre a posse de ve\u00edculos e sua al\u00edquota \u00e9 definida pelos seus respectivos estados.<\/strong><\/p><p><a href=\"https:\/\/portal.fazenda.sp.gov.br\/servicos\/ipva\/\"><strong>https:\/\/portal.fazenda.sp.gov.br\/servicos\/ipva\/<\/strong><\/a><\/p><p><strong>\u00a0<\/strong><\/p><p><strong>Emiss\u00e3o de Certid\u00e3o Negativa dos Tributos Estaduais acesse: <\/strong><a href=\"https:\/\/www10.fazenda.sp.gov.br\/CertidaoNegativaDeb\/Pages\/EmissaoCertidaoNegativa.aspx\"><strong>https:\/\/www10.fazenda.sp.gov.br\/CertidaoNegativaDeb\/Pages\/EmissaoCertidaoNegativa.aspx<\/strong><\/a><\/p><p><strong>\u00a0<\/strong><strong>\u00a0<\/strong><\/p><p><strong>TRIBUTOS FEDERAIS<\/strong><\/p><p><strong>SIMPLES NACIONAL &#8211; <\/strong>O Simples Nacional \u00e9 o nome abreviado do \u201cRegime Especial Unificado de Arrecada\u00e7\u00e3o de Tributos e Contribui\u00e7\u00f5es devidos pelas Microempresas e<\/p><p>Empresas de Pequeno Porte\u201d. Trata-se de um regime tribut\u00e1rio diferenciado, simplificado e favorecido previsto pela Lei Complementar n\u00ba 123, de 2006, aplic\u00e1vel \u00e0s Microempresas e \u00e0s Empresas de Pequeno Porte, a partir de 01\/07\/2007.<\/p><p>O Documento de Arrecada\u00e7\u00e3o do Simples Nacional (DAS) \u00e9 o documento emitido para pagar os tributos apurados pelo Simples Nacional ou d\u00e9bitos lan\u00e7ados por Auto de Infra\u00e7\u00e3o do Simples Nacional. Para emitir o DAS, a empresa deve ser optante pelo Simples Nacional, ou ter protocolado processo de impugna\u00e7\u00e3o da exclus\u00e3o. Para acessar os sistemas no e-CAC, ser\u00e1 necess\u00e1rio acessar o portal utilizando certificado digital.<\/p><p>Acesso a emiss\u00e3o da guia DAS &#8211; <a href=\"https:\/\/www8.receita.fazenda.gov.br\/SimplesNacional\/Servicos\/Grupo.aspx?grp=5\">Clique aqui para emiss\u00e3o DAS<\/a><\/p><p><strong>Saiba mais em<\/strong> <a href=\"https:\/\/www8.receita.fazenda.gov.br\/SIMPLESNACIONAL\/Perguntas\/Perguntas.aspx\">D\u00favidas frequentes Simples Nacional<\/a><\/p><p><strong>SIMEI &#8211; <\/strong>Consiste na solicita\u00e7\u00e3o para ingresso no Sistema de Recolhimento em Valores Fixos Mensais dos Tributos Abrangidos pelo Simples Nacional (Simei), que s\u00f3 \u00e9 poss\u00edvel para o microempreendedor individual (MEI)<\/p><p>Acesso a emiss\u00e3o da guia DAS-SIMEI &#8211; <a href=\"https:\/\/www8.receita.fazenda.gov.br\/SimplesNacional\/Aplicacoes\/ATSPO\/pgmei.app\/Identificacao\">Clique aqui para emiss\u00e3o PGMEI<\/a><\/p><p><strong>Saiba mais em<\/strong> <a href=\"https:\/\/www8.receita.fazenda.gov.br\/SimplesNacional\/Arquivos\/manual\/PerguntaoMEI.pdf\">D\u00favidas frequentes SIMEI<\/a><\/p>\t\t\t\t\t\t\t\t<\/div>\n\t\t\t\t<\/div>\n\t\t\t\t\t<\/div>\n\t\t<\/div>\n\t\t\t\t\t<\/div>\n\t\t<\/section>\n\t\t\t\t<\/div>\n\t\t","protected":false},"excerpt":{"rendered":"<p>TRIBUTOS \u2013 MEI (DAS) No caso MEI o pagamento dos tributos (federal, estadual e municipal) \u00e9 feito em guia \u00fanica, com contribui\u00e7\u00e3o mensal, por meio do DAS. DAS \u00e9 a &#8230;<\/p>\n","protected":false},"author":2,"featured_media":0,"parent":0,"menu_order":0,"comment_status":"closed","ping_status":"closed","template":"","meta":{"_themeisle_gutenberg_block_has_review":false,"footnotes":""},"class_list":["post-2052","page","type-page","status-publish","hentry"],"jetpack_sharing_enabled":true,"_links":{"self":[{"href":"https:\/\/www3.santoandre.sp.gov.br\/portaldoempreendedor\/index.php\/wp-json\/wp\/v2\/pages\/2052","targetHints":{"allow":["GET"]}}],"collection":[{"href":"https:\/\/www3.santoandre.sp.gov.br\/portaldoempreendedor\/index.php\/wp-json\/wp\/v2\/pages"}],"about":[{"href":"https:\/\/www3.santoandre.sp.gov.br\/portaldoempreendedor\/index.php\/wp-json\/wp\/v2\/types\/page"}],"author":[{"embeddable":true,"href":"https:\/\/www3.santoandre.sp.gov.br\/portaldoempreendedor\/index.php\/wp-json\/wp\/v2\/users\/2"}],"replies":[{"embeddable":true,"href":"https:\/\/www3.santoandre.sp.gov.br\/portaldoempreendedor\/index.php\/wp-json\/wp\/v2\/comments?post=2052"}],"version-history":[{"count":11,"href":"https:\/\/www3.santoandre.sp.gov.br\/portaldoempreendedor\/index.php\/wp-json\/wp\/v2\/pages\/2052\/revisions"}],"predecessor-version":[{"id":7613,"href":"https:\/\/www3.santoandre.sp.gov.br\/portaldoempreendedor\/index.php\/wp-json\/wp\/v2\/pages\/2052\/revisions\/7613"}],"wp:attachment":[{"href":"https:\/\/www3.santoandre.sp.gov.br\/portaldoempreendedor\/index.php\/wp-json\/wp\/v2\/media?parent=2052"}],"curies":[{"name":"wp","href":"https:\/\/api.w.org\/{rel}","templated":true}]}}