{"id":2050,"date":"2021-04-16T17:45:05","date_gmt":"2021-04-16T20:45:05","guid":{"rendered":"https:\/\/www3.santoandre.sp.gov.br\/portaldoempreendedor\/?page_id=2050"},"modified":"2025-02-26T15:56:30","modified_gmt":"2025-02-26T18:56:30","slug":"servicos-sanitarios","status":"publish","type":"page","link":"https:\/\/www3.santoandre.sp.gov.br\/portaldoempreendedor\/index.php\/servicos-sanitarios\/","title":{"rendered":"Servi\u00e7os Sanit\u00e1rios"},"content":{"rendered":"\t\t<div data-elementor-type=\"wp-page\" data-elementor-id=\"2050\" class=\"elementor elementor-2050\">\n\t\t\t\t\t\t<section class=\"elementor-section elementor-top-section elementor-element elementor-element-7357b828 elementor-section-boxed elementor-section-height-default elementor-section-height-default\" data-id=\"7357b828\" data-element_type=\"section\">\n\t\t\t\t\t\t<div class=\"elementor-container elementor-column-gap-default\">\n\t\t\t\t\t<div class=\"elementor-column elementor-col-100 elementor-top-column elementor-element elementor-element-5a26a237\" data-id=\"5a26a237\" data-element_type=\"column\">\n\t\t\t<div class=\"elementor-widget-wrap elementor-element-populated\">\n\t\t\t\t\t\t<div class=\"elementor-element elementor-element-a5e39f1 elementor-widget elementor-widget-image\" data-id=\"a5e39f1\" data-element_type=\"widget\" data-widget_type=\"image.default\">\n\t\t\t\t<div class=\"elementor-widget-container\">\n\t\t\t\t\t\t\t\t\t\t\t\t\t\t\t<img fetchpriority=\"high\" decoding=\"async\" width=\"800\" height=\"123\" src=\"https:\/\/www3.santoandre.sp.gov.br\/portaldoempreendedor\/wp-content\/uploads\/2023\/06\/SERVICOS-SANITARIOS-1024x157.png\" class=\"attachment-large size-large wp-image-5617\" alt=\"\" srcset=\"https:\/\/www3.santoandre.sp.gov.br\/portaldoempreendedor\/wp-content\/uploads\/2023\/06\/SERVICOS-SANITARIOS-1024x157.png 1024w, https:\/\/www3.santoandre.sp.gov.br\/portaldoempreendedor\/wp-content\/uploads\/2023\/06\/SERVICOS-SANITARIOS-300x46.png 300w, https:\/\/www3.santoandre.sp.gov.br\/portaldoempreendedor\/wp-content\/uploads\/2023\/06\/SERVICOS-SANITARIOS-768x117.png 768w, https:\/\/www3.santoandre.sp.gov.br\/portaldoempreendedor\/wp-content\/uploads\/2023\/06\/SERVICOS-SANITARIOS.png 1112w\" sizes=\"(max-width: 800px) 100vw, 800px\" \/>\t\t\t\t\t\t\t\t\t\t\t\t\t\t\t<\/div>\n\t\t\t\t<\/div>\n\t\t\t\t<div class=\"elementor-element elementor-element-6cdfe1b4 elementor-widget elementor-widget-text-editor\" data-id=\"6cdfe1b4\" data-element_type=\"widget\" data-widget_type=\"text-editor.default\">\n\t\t\t\t<div class=\"elementor-widget-container\">\n\t\t\t\t\t\t\t\t\t<p>Vigil\u00e2ncia Sanit\u00e1ria \u00e9 o &#8220;conjunto de a\u00e7\u00f5es capaz de eliminar, diminuir ou prevenir riscos \u00e0 sa\u00fade e de intervir nos problemas sanit\u00e1rios decorrentes do meio ambiente, da produ\u00e7\u00e3o e circula\u00e7\u00e3o de bens e da presta\u00e7\u00e3o de servi\u00e7os de interesse \u00e0 sa\u00fade, abrangendo:<\/p><ol><li>controle de bens de consumo, que direta ou indiretamente, se relacionem com a sa\u00fade, compreendidas todas as etapas e processos, da produ\u00e7\u00e3o ao consumo.<\/li><li>controle da presta\u00e7\u00e3o de servi\u00e7os que se relacionem direta ou indiretamente com a sa\u00fade.&#8221; (Lei 8080\/90)<\/li><\/ol><p><strong>PORTARIA CVS N\u00ba 1, DE 22 DE JULHO DE 2020<\/strong> \u2013 <a href=\"https:\/\/cvs.saude.sp.gov.br\/zip\/E_PT-CVS-1_220720%20(Informe%20Eletr%C3%B4nico).pdf\">para consulta portaria CVS<\/a><\/p><p>Disciplina o licenciamento dos estabelecimentos de interesse da sa\u00fade e das fontes de radia\u00e7\u00e3o ionizante considerando a necessidade de:<\/p><p>Padronizar, regulamentar e disciplinar os procedimentos administrativos referentes aos tr\u00e2mites para fins de licenciamento sanit\u00e1rio dos estabelecimentos de interesse da sa\u00fade e das fontes de radia\u00e7\u00e3o ionizante;<br \/>Estabelecer o universo de a\u00e7\u00e3o da Vigil\u00e2ncia Sanit\u00e1ria para fins de licenciamento;<br \/>Compatibilizar as atividades econ\u00f4micas que est\u00e3o sujeitas ao licenciamento pelos servi\u00e7os de vigil\u00e2ncia sanit\u00e1ria com a Classifica\u00e7\u00e3o Nacional de Atividade Econ\u00f4mica &#8211; CNAE, elaborada originalmente pelo Instituto Brasileiro de Geografia e Estat\u00edstica \u2013 IBGE;<br \/>Definir o N\u00famero de Cadastro Estadual de Vigil\u00e2ncia Sanit\u00e1ria &#8211; N\u00ba CEVS;<br \/>Facilitar o interc\u00e2mbio de informa\u00e7\u00f5es com outros \u00f3rg\u00e3os governamentais.<\/p><p><strong>Saiba mais em<\/strong> <a href=\"https:\/\/cvs.saude.sp.gov.br\/cvs.asp\">CVS<\/a><\/p>\t\t\t\t\t\t\t\t<\/div>\n\t\t\t\t<\/div>\n\t\t\t\t\t<\/div>\n\t\t<\/div>\n\t\t\t\t\t<\/div>\n\t\t<\/section>\n\t\t\t\t<\/div>\n\t\t","protected":false},"excerpt":{"rendered":"<p>Vigil\u00e2ncia Sanit\u00e1ria \u00e9 o &#8220;conjunto de a\u00e7\u00f5es capaz de eliminar, diminuir ou prevenir riscos \u00e0 sa\u00fade e de intervir nos problemas sanit\u00e1rios decorrentes do meio ambiente, da produ\u00e7\u00e3o e circula\u00e7\u00e3o &#8230;<\/p>\n","protected":false},"author":2,"featured_media":0,"parent":0,"menu_order":0,"comment_status":"closed","ping_status":"closed","template":"","meta":{"_themeisle_gutenberg_block_has_review":false,"footnotes":""},"class_list":["post-2050","page","type-page","status-publish","hentry"],"jetpack_sharing_enabled":true,"_links":{"self":[{"href":"https:\/\/www3.santoandre.sp.gov.br\/portaldoempreendedor\/index.php\/wp-json\/wp\/v2\/pages\/2050","targetHints":{"allow":["GET"]}}],"collection":[{"href":"https:\/\/www3.santoandre.sp.gov.br\/portaldoempreendedor\/index.php\/wp-json\/wp\/v2\/pages"}],"about":[{"href":"https:\/\/www3.santoandre.sp.gov.br\/portaldoempreendedor\/index.php\/wp-json\/wp\/v2\/types\/page"}],"author":[{"embeddable":true,"href":"https:\/\/www3.santoandre.sp.gov.br\/portaldoempreendedor\/index.php\/wp-json\/wp\/v2\/users\/2"}],"replies":[{"embeddable":true,"href":"https:\/\/www3.santoandre.sp.gov.br\/portaldoempreendedor\/index.php\/wp-json\/wp\/v2\/comments?post=2050"}],"version-history":[{"count":14,"href":"https:\/\/www3.santoandre.sp.gov.br\/portaldoempreendedor\/index.php\/wp-json\/wp\/v2\/pages\/2050\/revisions"}],"predecessor-version":[{"id":8584,"href":"https:\/\/www3.santoandre.sp.gov.br\/portaldoempreendedor\/index.php\/wp-json\/wp\/v2\/pages\/2050\/revisions\/8584"}],"wp:attachment":[{"href":"https:\/\/www3.santoandre.sp.gov.br\/portaldoempreendedor\/index.php\/wp-json\/wp\/v2\/media?parent=2050"}],"curies":[{"name":"wp","href":"https:\/\/api.w.org\/{rel}","templated":true}]}}