{"id":2036,"date":"2021-04-16T17:37:33","date_gmt":"2021-04-16T20:37:33","guid":{"rendered":"https:\/\/www3.santoandre.sp.gov.br\/portaldoempreendedor\/?page_id=2036"},"modified":"2025-02-27T18:37:17","modified_gmt":"2025-02-27T21:37:17","slug":"nota-fiscal-servicos-nfs-e","status":"publish","type":"page","link":"https:\/\/www3.santoandre.sp.gov.br\/portaldoempreendedor\/index.php\/nota-fiscal-servicos-nfs-e\/","title":{"rendered":"Nota Fiscal Servi\u00e7os NFS-e"},"content":{"rendered":"\t\t<div data-elementor-type=\"wp-page\" data-elementor-id=\"2036\" class=\"elementor elementor-2036\">\n\t\t\t\t\t\t<section class=\"elementor-section elementor-top-section elementor-element elementor-element-604ca6e9 elementor-section-boxed elementor-section-height-default elementor-section-height-default\" data-id=\"604ca6e9\" data-element_type=\"section\">\n\t\t\t\t\t\t<div class=\"elementor-container elementor-column-gap-default\">\n\t\t\t\t\t<div class=\"elementor-column elementor-col-100 elementor-top-column elementor-element elementor-element-306ab8fe\" data-id=\"306ab8fe\" data-element_type=\"column\">\n\t\t\t<div class=\"elementor-widget-wrap elementor-element-populated\">\n\t\t\t\t\t\t<div class=\"elementor-element elementor-element-496dce4 elementor-widget elementor-widget-image\" data-id=\"496dce4\" data-element_type=\"widget\" data-widget_type=\"image.default\">\n\t\t\t\t<div class=\"elementor-widget-container\">\n\t\t\t\t\t\t\t\t\t\t\t\t\t\t\t<img fetchpriority=\"high\" decoding=\"async\" width=\"800\" height=\"123\" src=\"https:\/\/www3.santoandre.sp.gov.br\/portaldoempreendedor\/wp-content\/uploads\/2023\/06\/NOTA-FISCAL-SERVICOS-1024x157.png\" class=\"attachment-large size-large wp-image-5427\" alt=\"\" srcset=\"https:\/\/www3.santoandre.sp.gov.br\/portaldoempreendedor\/wp-content\/uploads\/2023\/06\/NOTA-FISCAL-SERVICOS-1024x157.png 1024w, https:\/\/www3.santoandre.sp.gov.br\/portaldoempreendedor\/wp-content\/uploads\/2023\/06\/NOTA-FISCAL-SERVICOS-300x46.png 300w, https:\/\/www3.santoandre.sp.gov.br\/portaldoempreendedor\/wp-content\/uploads\/2023\/06\/NOTA-FISCAL-SERVICOS-768x117.png 768w, https:\/\/www3.santoandre.sp.gov.br\/portaldoempreendedor\/wp-content\/uploads\/2023\/06\/NOTA-FISCAL-SERVICOS.png 1112w\" sizes=\"(max-width: 800px) 100vw, 800px\" \/>\t\t\t\t\t\t\t\t\t\t\t\t\t\t\t<\/div>\n\t\t\t\t<\/div>\n\t\t\t\t<div class=\"elementor-element elementor-element-5fd5c862 elementor-widget elementor-widget-text-editor\" data-id=\"5fd5c862\" data-element_type=\"widget\" data-widget_type=\"text-editor.default\">\n\t\t\t\t<div class=\"elementor-widget-container\">\n\t\t\t\t\t\t\t\t\t<div class=\"wp-block-image\">\n<figure class=\"aligncenter size-large is-resized\" style=\"padding-left: 40px;\">\n<p>Nota fiscal Eletr\u00f4nica de Servi\u00e7os (NFS-e) \u00e9 um documento de exist\u00eancia apenas digital, com o objetivo de documentar uma presta\u00e7\u00e3o de servi\u00e7o.\u00a0<\/p>\n<p>GISSOnline \u00e9 a ferramenta de escritura\u00e7\u00e3o eletr\u00f4nica adotada pelo munic\u00edpio de Santo Andr\u00e9 para facilitar a vida de quem precisa emitir nota fiscal eletr\u00f4nica. Al\u00e9m da emiss\u00e3o de Nota Fiscal Eletr\u00f4nica, o sistema GissOnline possibilita ao usu\u00e1rio a escritura\u00e7\u00e3o e armazenamento em ambiente digital dos livros fiscais, a emiss\u00e3o de guias de recolhimento do ISS de servi\u00e7os prestados e de servi\u00e7os tomados de terceiros, entre outros recursos bem como \u00e9 configurada e adequada de acordo com as legisla\u00e7\u00f5es vigentes (federal e municipal).<\/p>\n<p>Para emiss\u00e3o de NFS-e \u00e9 necess\u00e1rio realizar primeiramente abertura de CMC \u2013 Cadastro Municipal de Contribuinte. Caso n\u00e3o possua, veja como obter sua inscri\u00e7\u00e3o <a href=\"https:\/\/www3.santoandre.sp.gov.br\/portaldoempreendedor\/index.php\/cadastro-municipal-do-contribuinte\/\">CMC.<\/a><\/p>\n<p>\u00a0<\/p>\n<p><strong>CONTATOS<\/strong><\/p>\n<p><strong>Atendimento:<\/strong> Suporte Operacional Presencial <a href=\"https:\/\/www.santoandre.sp.gov.br\/PortalServico\/Agendamento\/frmAgendamento.aspx\">mediante agendamento<\/a> e telef\u00f4nico na PSA: das 8h \u00e0s 16h<\/p>\n<p><strong>Endere\u00e7o:<\/strong>\u00a0Pra\u00e7a IV Centen\u00e1rio, n 1, T\u00e9rreo 1, Centro \u2013 Santo Andr\u00e9 \u2013 SP.<\/p>\n<p><strong>Telefone:<\/strong>\u00a0(11) 4433-0788 e (11) 4433-0792<\/p>\n<p><strong>Chat: <\/strong>Acesse <a href=\"https:\/\/portal.gissonline.com.br\/\">Portal GissOnline<\/a><br \/>Caminho: ACESSO CONTRIBUINTE \u00e0 ACESSAR \u00e0 colocar credenciais de acesso \u00e0 Fale conosco \u00e0 Op\u00e7\u00e3o \u201cChat\u201d ou \u201cMensagem eletr\u00f4nica\u201d<\/p>\n<p><strong>Central GissOnline:<\/strong> 2175-1145<\/p>\n<\/figure>\n<\/div>\n<p><!-- \/wp:paragraph --><\/p>\t\t\t\t\t\t\t\t<\/div>\n\t\t\t\t<\/div>\n\t\t\t\t\t<\/div>\n\t\t<\/div>\n\t\t\t\t\t<\/div>\n\t\t<\/section>\n\t\t\t\t<\/div>\n\t\t","protected":false},"excerpt":{"rendered":"<p>Nota fiscal Eletr\u00f4nica de Servi\u00e7os (NFS-e) \u00e9 um documento de exist\u00eancia apenas digital, com o objetivo de documentar uma presta\u00e7\u00e3o de servi\u00e7o.\u00a0 GISSOnline \u00e9 a ferramenta de escritura\u00e7\u00e3o eletr\u00f4nica adotada &#8230;<\/p>\n","protected":false},"author":2,"featured_media":0,"parent":0,"menu_order":0,"comment_status":"closed","ping_status":"closed","template":"","meta":{"_themeisle_gutenberg_block_has_review":false,"footnotes":""},"class_list":["post-2036","page","type-page","status-publish","hentry"],"jetpack_sharing_enabled":true,"_links":{"self":[{"href":"https:\/\/www3.santoandre.sp.gov.br\/portaldoempreendedor\/index.php\/wp-json\/wp\/v2\/pages\/2036","targetHints":{"allow":["GET"]}}],"collection":[{"href":"https:\/\/www3.santoandre.sp.gov.br\/portaldoempreendedor\/index.php\/wp-json\/wp\/v2\/pages"}],"about":[{"href":"https:\/\/www3.santoandre.sp.gov.br\/portaldoempreendedor\/index.php\/wp-json\/wp\/v2\/types\/page"}],"author":[{"embeddable":true,"href":"https:\/\/www3.santoandre.sp.gov.br\/portaldoempreendedor\/index.php\/wp-json\/wp\/v2\/users\/2"}],"replies":[{"embeddable":true,"href":"https:\/\/www3.santoandre.sp.gov.br\/portaldoempreendedor\/index.php\/wp-json\/wp\/v2\/comments?post=2036"}],"version-history":[{"count":13,"href":"https:\/\/www3.santoandre.sp.gov.br\/portaldoempreendedor\/index.php\/wp-json\/wp\/v2\/pages\/2036\/revisions"}],"predecessor-version":[{"id":8672,"href":"https:\/\/www3.santoandre.sp.gov.br\/portaldoempreendedor\/index.php\/wp-json\/wp\/v2\/pages\/2036\/revisions\/8672"}],"wp:attachment":[{"href":"https:\/\/www3.santoandre.sp.gov.br\/portaldoempreendedor\/index.php\/wp-json\/wp\/v2\/media?parent=2036"}],"curies":[{"name":"wp","href":"https:\/\/api.w.org\/{rel}","templated":true}]}}