{"id":2029,"date":"2021-04-16T17:21:02","date_gmt":"2021-04-16T20:21:02","guid":{"rendered":"https:\/\/www3.santoandre.sp.gov.br\/portaldoempreendedor\/?page_id=2029"},"modified":"2023-06-14T17:58:04","modified_gmt":"2023-06-14T20:58:04","slug":"calcadas","status":"publish","type":"page","link":"https:\/\/www3.santoandre.sp.gov.br\/portaldoempreendedor\/index.php\/calcadas\/","title":{"rendered":"Cal\u00e7adas"},"content":{"rendered":"\t\t<div data-elementor-type=\"wp-page\" data-elementor-id=\"2029\" class=\"elementor elementor-2029\">\n\t\t\t\t\t\t<section class=\"elementor-section elementor-top-section elementor-element elementor-element-7cf8183c elementor-section-boxed elementor-section-height-default elementor-section-height-default\" data-id=\"7cf8183c\" data-element_type=\"section\">\n\t\t\t\t\t\t<div class=\"elementor-container elementor-column-gap-default\">\n\t\t\t\t\t<div class=\"elementor-column elementor-col-100 elementor-top-column elementor-element elementor-element-45f4c1ea\" data-id=\"45f4c1ea\" data-element_type=\"column\">\n\t\t\t<div class=\"elementor-widget-wrap elementor-element-populated\">\n\t\t\t\t\t\t<div class=\"elementor-element elementor-element-c6b619e elementor-widget elementor-widget-image\" data-id=\"c6b619e\" data-element_type=\"widget\" data-widget_type=\"image.default\">\n\t\t\t\t<div class=\"elementor-widget-container\">\n\t\t\t\t\t\t\t\t\t\t\t\t\t\t\t<img fetchpriority=\"high\" decoding=\"async\" width=\"800\" height=\"123\" src=\"https:\/\/www3.santoandre.sp.gov.br\/portaldoempreendedor\/wp-content\/uploads\/2023\/06\/CALCADAS-1024x157.png\" class=\"attachment-large size-large wp-image-5638\" alt=\"\" srcset=\"https:\/\/www3.santoandre.sp.gov.br\/portaldoempreendedor\/wp-content\/uploads\/2023\/06\/CALCADAS-1024x157.png 1024w, https:\/\/www3.santoandre.sp.gov.br\/portaldoempreendedor\/wp-content\/uploads\/2023\/06\/CALCADAS-300x46.png 300w, https:\/\/www3.santoandre.sp.gov.br\/portaldoempreendedor\/wp-content\/uploads\/2023\/06\/CALCADAS-768x117.png 768w, https:\/\/www3.santoandre.sp.gov.br\/portaldoempreendedor\/wp-content\/uploads\/2023\/06\/CALCADAS.png 1112w\" sizes=\"(max-width: 800px) 100vw, 800px\" \/>\t\t\t\t\t\t\t\t\t\t\t\t\t\t\t<\/div>\n\t\t\t\t<\/div>\n\t\t\t\t<div class=\"elementor-element elementor-element-430a7601 elementor-widget elementor-widget-text-editor\" data-id=\"430a7601\" data-element_type=\"widget\" data-widget_type=\"text-editor.default\">\n\t\t\t\t<div class=\"elementor-widget-container\">\n\t\t\t\t\t\t\t\t\t<p>Trata a remo\u00e7\u00e3o de \u00e1rvores que impe\u00e7am abertura de garagem de Autos ou Vagas de estacionamento, mediante apresenta\u00e7\u00e3o de documenta\u00e7\u00e3o (projeto aprovado pela PSA indicando a localiza\u00e7\u00e3o da \u00e1rvore, pagamento das taxas exigidas).<\/p><p><strong><u>SERVI\u00c7OS PRESENCIAIS: <\/u><\/strong><\/p><ol><li><strong><u>REMO\u00c7\u00c3O DE \u00c1RVORES \u2013 IMPEDINDO ACESSO A GARAGEM<\/u><\/strong><strong>:<\/strong><\/li><\/ol><p><strong><u>Quando solicitar:<\/u><\/strong><\/p><ul><li><strong>Canais de atendimento para solicitar o servi\u00e7o:<\/strong><\/li><\/ul><ol><li>Fone-F\u00e1cil: 0800.019.19.44 ou 156<\/li><li>Pra\u00e7a de Atendimento \u2013 Geral<\/li><li>Posto SIM \u2013 Parque das Na\u00e7\u00f5es<\/li><li>Posto SIM \u2013 Santa Terezinha<\/li><li>Posto SIM \u2013 Palmares<\/li><li>Posto de Atendimento \u2013 Parque Andreense<\/li><li>Posto de Atendimento \u2013 Paranapiacaba<\/li><\/ol><ul><li><strong>Requisitos, Documentos e Informa\u00e7\u00f5es para solicitar o servi\u00e7o:<\/strong><\/li><\/ul><ol><li>Requerimento preenchido e assinado.<\/li><li>Apresentar a planta do im\u00f3vel aprovada ou o alvar\u00e1 de funcionamento, no caso de com\u00e9rcio.<\/li><li>Caso o im\u00f3vel seja locado, o locat\u00e1rio deve ter a aprova\u00e7\u00e3o do propriet\u00e1rio.<\/li><li>No caso de constru\u00e7\u00e3o, qualquer representante da construtora poder\u00e1 solicitar o servi\u00e7o.<\/li><li>Taxa paga.<\/li><\/ol><ul><li><strong>Taxas cobradas:<\/strong><\/li><\/ul><ol><li>25 FMP\u2019s prevista no anexo III e art. 25,\u00a0\u00a72\u00b0 da Lei 8.628\/2004.<\/li><li>Se aprovada a remo\u00e7\u00e3o, ser\u00e1 emitida nova taxa de acordo com a altura da \u00e1rvore. Essa taxa ser\u00e1 emitida pela Ger\u00eancia de Manuten\u00e7\u00e3o de \u00c1reas Verdes e o solicitante dever\u00e1 aguardar contato telef\u00f4nico.<\/li><\/ol><ul><li><strong>Prazo para a presta\u00e7\u00e3o do servi\u00e7o:<\/strong><\/li><\/ul><ol><li>Para a vistoria t\u00e9cnica, a partir do pagamento da taxa = 5 dias \u00fateis.<\/li><li>Para a remo\u00e7\u00e3o, ap\u00f3s o pagamento da taxa = 7 dias \u00fateis.<\/li><\/ol><p><strong>\u00a0<\/strong><\/p><p><strong>Telefones<\/strong>:<\/p><p><strong>Secretaria de Manuten\u00e7\u00e3o e Servi\u00e7os Urbanos:<\/strong> (11) 4468-4121<\/p>\t\t\t\t\t\t\t\t<\/div>\n\t\t\t\t<\/div>\n\t\t\t\t\t<\/div>\n\t\t<\/div>\n\t\t\t\t\t<\/div>\n\t\t<\/section>\n\t\t\t\t<\/div>\n\t\t","protected":false},"excerpt":{"rendered":"<p>Trata a remo\u00e7\u00e3o de \u00e1rvores que impe\u00e7am abertura de garagem de Autos ou Vagas de estacionamento, mediante apresenta\u00e7\u00e3o de documenta\u00e7\u00e3o (projeto aprovado pela PSA indicando a localiza\u00e7\u00e3o da \u00e1rvore, pagamento &#8230;<\/p>\n","protected":false},"author":2,"featured_media":0,"parent":0,"menu_order":0,"comment_status":"closed","ping_status":"closed","template":"","meta":{"_themeisle_gutenberg_block_has_review":false,"footnotes":""},"class_list":["post-2029","page","type-page","status-publish","hentry"],"jetpack_sharing_enabled":true,"_links":{"self":[{"href":"https:\/\/www3.santoandre.sp.gov.br\/portaldoempreendedor\/index.php\/wp-json\/wp\/v2\/pages\/2029","targetHints":{"allow":["GET"]}}],"collection":[{"href":"https:\/\/www3.santoandre.sp.gov.br\/portaldoempreendedor\/index.php\/wp-json\/wp\/v2\/pages"}],"about":[{"href":"https:\/\/www3.santoandre.sp.gov.br\/portaldoempreendedor\/index.php\/wp-json\/wp\/v2\/types\/page"}],"author":[{"embeddable":true,"href":"https:\/\/www3.santoandre.sp.gov.br\/portaldoempreendedor\/index.php\/wp-json\/wp\/v2\/users\/2"}],"replies":[{"embeddable":true,"href":"https:\/\/www3.santoandre.sp.gov.br\/portaldoempreendedor\/index.php\/wp-json\/wp\/v2\/comments?post=2029"}],"version-history":[{"count":6,"href":"https:\/\/www3.santoandre.sp.gov.br\/portaldoempreendedor\/index.php\/wp-json\/wp\/v2\/pages\/2029\/revisions"}],"predecessor-version":[{"id":5641,"href":"https:\/\/www3.santoandre.sp.gov.br\/portaldoempreendedor\/index.php\/wp-json\/wp\/v2\/pages\/2029\/revisions\/5641"}],"wp:attachment":[{"href":"https:\/\/www3.santoandre.sp.gov.br\/portaldoempreendedor\/index.php\/wp-json\/wp\/v2\/media?parent=2029"}],"curies":[{"name":"wp","href":"https:\/\/api.w.org\/{rel}","templated":true}]}}