{"id":2027,"date":"2021-04-16T17:20:06","date_gmt":"2021-04-16T20:20:06","guid":{"rendered":"https:\/\/www3.santoandre.sp.gov.br\/portaldoempreendedor\/?page_id=2027"},"modified":"2025-04-17T09:50:53","modified_gmt":"2025-04-17T12:50:53","slug":"eiv-estudo-de-impacto-de-vizinhanca","status":"publish","type":"page","link":"https:\/\/www3.santoandre.sp.gov.br\/portaldoempreendedor\/index.php\/eiv-estudo-de-impacto-de-vizinhanca\/","title":{"rendered":"EIV &#8211; Estudo de Impacto de Vizinhan\u00e7a"},"content":{"rendered":"\t\t<div data-elementor-type=\"wp-page\" data-elementor-id=\"2027\" class=\"elementor elementor-2027\">\n\t\t\t\t\t\t<section class=\"elementor-section elementor-top-section elementor-element elementor-element-671072e3 elementor-section-boxed elementor-section-height-default elementor-section-height-default\" data-id=\"671072e3\" data-element_type=\"section\">\n\t\t\t\t\t\t<div class=\"elementor-container elementor-column-gap-default\">\n\t\t\t\t\t<div class=\"elementor-column elementor-col-100 elementor-top-column elementor-element elementor-element-1bce20e7\" data-id=\"1bce20e7\" data-element_type=\"column\">\n\t\t\t<div class=\"elementor-widget-wrap elementor-element-populated\">\n\t\t\t\t\t\t<div class=\"elementor-element elementor-element-d958709 elementor-widget elementor-widget-image\" data-id=\"d958709\" data-element_type=\"widget\" data-widget_type=\"image.default\">\n\t\t\t\t<div class=\"elementor-widget-container\">\n\t\t\t\t\t\t\t\t\t\t\t\t\t\t\t<img fetchpriority=\"high\" decoding=\"async\" width=\"800\" height=\"123\" src=\"https:\/\/www3.santoandre.sp.gov.br\/portaldoempreendedor\/wp-content\/uploads\/2023\/06\/EIV-1024x157.png\" class=\"attachment-large size-large wp-image-5634\" alt=\"\" srcset=\"https:\/\/www3.santoandre.sp.gov.br\/portaldoempreendedor\/wp-content\/uploads\/2023\/06\/EIV-1024x157.png 1024w, https:\/\/www3.santoandre.sp.gov.br\/portaldoempreendedor\/wp-content\/uploads\/2023\/06\/EIV-300x46.png 300w, https:\/\/www3.santoandre.sp.gov.br\/portaldoempreendedor\/wp-content\/uploads\/2023\/06\/EIV-768x117.png 768w, https:\/\/www3.santoandre.sp.gov.br\/portaldoempreendedor\/wp-content\/uploads\/2023\/06\/EIV.png 1112w\" sizes=\"(max-width: 800px) 100vw, 800px\" \/>\t\t\t\t\t\t\t\t\t\t\t\t\t\t\t<\/div>\n\t\t\t\t<\/div>\n\t\t\t\t<div class=\"elementor-element elementor-element-195202d9 elementor-widget elementor-widget-text-editor\" data-id=\"195202d9\" data-element_type=\"widget\" data-widget_type=\"text-editor.default\">\n\t\t\t\t<div class=\"elementor-widget-container\">\n\t\t\t\t\t\t\t\t\t<p>\u00a0<\/p><p>O EIV \u00e9 um instrumento urban\u00edstico previsto no Plano Diretor de Santo Andr\u00e9, Lei 8.696\/2004, regulamentado pela LUOPS \u2013 Lei 9.924\/2016, que deve ser elaborado e apresentado pelo empreendedor para aprova\u00e7\u00e3o da prefeitura, previamente a aprova\u00e7\u00e3o do projeto.<\/p><p>Os empreendimentos sujeitos a apresenta\u00e7\u00e3o de EIV s\u00e3o aqueles previstos no artigo 36 da LUOPS. O EIV tem por objetivo identificar e analisar os efeitos positivos e negativos de um empreendimento ou atividade, bem como propor medidas preventivas, mitigadoras ou compensat\u00f3rias visando \u00e0 qualidade de vida da popula\u00e7\u00e3o residente na \u00e1rea e suas proximidades, devendo observar no m\u00ednimo as quest\u00f5es de adensamento populacional, equipamentos urbanos e comunit\u00e1rios, uso e ocupa\u00e7\u00e3o do solo, valoriza\u00e7\u00e3o imobili\u00e1ria, gera\u00e7\u00e3o de tr\u00e1fego e demanda por transporte p\u00fablico, ventila\u00e7\u00e3o, ilumina\u00e7\u00e3o, paisagem urbana e patrim\u00f4nio natural e cultural.<\/p><p>De acordo com o Plano Diretor Municipal &#8211; Lei 8696\/2004, artigo 91, o EIV ser\u00e1 exigido para empreendimentos considerados de impacto, sempre que se enquadrarem em uma ou mais das seguintes condi\u00e7\u00f5es: constru\u00e7\u00e3o nova com \u00e1rea maior ou igual a 5.000m\u00b2; amplia\u00e7\u00e3o de constru\u00e7\u00f5es existentes quando a \u00e1rea a ser constru\u00edda for igual ou superior a 5.000 m\u00b2; amplia\u00e7\u00f5es acima de 50% da \u00e1rea existente j\u00e1 enquadradas e licenciadas como EIV e ainda para o funcionamento de atividades que se enquadram como EIV, independente da \u00e1rea constru\u00edda, dentre outras.<\/p><p>O protocolo de EIV deve ser feito por meio do sistema ACTO, no qual o usu\u00e1rio poder\u00e1 realizar o requerimento e obter sua resposta de forma pr\u00e1tica e 100% online, al\u00e9m de atendimento t\u00e9cnico via suporte.<\/p><p>\u00a0<\/p><h3>SERVI\u00c7OS DISPON\u00cdVEIS ELETRONICAMENTE PELO SISTEMA ACTO:<\/h3><ol><li>Estudo de Impacto de Vizinhan\u00e7a \u2013 <strong>EIV Tipo I<\/strong>: Empreendimentos de Impacto de 3 (tr\u00eas) a 200 (duzentas) unidades habitacionais, previstos no inciso II do artigo 91 da Lei Municipal n\u00ba 8.696\/2004, alterado pela Lei 9.924\/2016;<\/li><li>Estudo de Impacto de Vizinhan\u00e7a \u2013 <strong>EIV Tipo II<\/strong>: Empreendimentos de Impacto acima de 200 (duzentas) unidades habitacionais, previstos no inciso II e os previstos nos incisos III, IV, V, VI, VII, VIII, XIII, XIV, XV e XVI do artigo 91 da Lei Municipal n\u00ba 8.696\/2004, alterado pela Lei 9.924\/2016;<\/li><li>Estudo de Impacto de Vizinhan\u00e7a \u2013 <strong>EIV Tipo III<\/strong>: Empreendimentos de Impacto previstos nos incisos I, IX, X, XI, XII, XVII do artigo 91 da Lei Municipal n\u00ba 8.696\/2008, alterado pela Lei 9.924\/2016.<\/li><\/ol><p>\u00a0<\/p><h3>LEGISLA\u00c7\u00d5ES INCIDENTES PARA O REQUERIMENTO, A APRESENTA\u00c7\u00c3O E A APROVA\u00c7\u00c3O DE ESTUDO DE IMPACTO DE VIZINHAN\u00c7A:<\/h3><ul><li>\u00a0 \u00a0 \u00a0 \u00a0 Plano Diretor-<a href=\"http:\/\/www4.cmsandre.sp.gov.br:9000\/normas\/7900\">Lei n\u00ba 8.696\/2004<\/a><\/li><li>\u00a0 \u00a0 \u00a0 \u00a0 Lei de Uso, Ocupa\u00e7\u00e3o e Parcelamento do Solo-<a href=\"http:\/\/www4.cmsandre.sp.gov.br:9000\/normas\/6136\">Lei 9.924\/2006<\/a><\/li><li>\u00a0 \u00a0 \u00a0 \u00a0 C\u00f3digo de Obras e Edifica\u00e7\u00f5es &#8211; Lei 8.065\/2000<\/li><li>\u00a0 \u00a0 \u00a0 \u00a0 Lei de Habita\u00e7\u00e3o de Interesse Social &#8211; 10.191\/2019<\/li><li>\u00a0 \u00a0 \u00a0 \u00a0 Regulamento do Grupo T\u00e9cnico Multidisciplinar &#8211; Decreto 18.403\/ 2025<\/li><\/ul><p>\u00a0<\/p><p>\u00a0<\/p><h3>DOCUMENTOS OBRIGAT\u00d3RIOS PARA AUTUA\u00c7\u00c3O DO PROCESSO:<\/h3><ol><li>\u00a0 \u00a0Dimens\u00f5es da constru\u00e7\u00e3o<\/li><li>\u00a0 \u00a0Estudo de Impacto de Vizinhan\u00e7a &#8211; EIV<\/li><li>\u00a0 \u00a0Diretrizes urban\u00edsticas (lei 9.924\/16 &#8211; art. 32 &#8211; requerido em processo \u00e0 parte)<\/li><li>\u00a0 \u00a0Plano de gerenciamento de res\u00edduos s\u00f3lidos &#8211; PGRS<\/li><li>\u00a0 \u00a0Relat\u00f3rio de impacto no tr\u00e2nsito &#8211; RIT<\/li><li>\u00a0 \u00a0Plano de gerenciamento de res\u00edduos da constru\u00e7\u00e3o civil &#8211; PGRCC<\/li><li>\u00a0 \u00a0Matr\u00edcula de registro de im\u00f3veis atualizada<\/li><li>\u00a0 \u00a0Levantamento planialtim\u00e9trico georreferenciado<\/li><li>\u00a0 \u00a0Inseridos conforme necessidade ou caracter\u00edsticas do projeto\/processo:<\/li><li>\u00a0 \u00a0Outros documentos necess\u00e1rios para an\u00e1lise definido por \u00e1rea t\u00e9cnica espec\u00edfica<\/li><\/ol><h3>\u00a0<\/h3><h3>ROTEIROS A SEREM OBSERVADOS NA ELABORA\u00c7\u00c3O E APRESENTA\u00c7\u00c3O DO EIV:<\/h3><p>\u00a0<\/p><ol><li><a href=\"https:\/\/www.santoandre.sp.gov.br\/PortalServico\/Download\/Roteiro_EIV.pdf\">Recomenda\u00e7\u00f5es e Roteiro para Elabora\u00e7\u00e3o do Estudo de Impacto de Vizinhan\u00e7a<\/a> (https:\/\/www.santoandre.sp.gov.br\/PortalServico\/Download\/Roteiro_EIV.pdf)<\/li><li><a href=\"https:\/\/www.santoandre.sp.gov.br\/PortalServico\/Download\/Roteiro_RIT.pdf\">Roteiro para Elabora\u00e7\u00e3o de Relat\u00f3rio de Impacto no Tr\u00e2nsito<\/a> (https:\/\/www.santoandre.sp.gov.br\/PortalServico\/Download\/Roteiro_RIT.pdf)<\/li><li>Roteiro para Elabora\u00e7\u00e3o de Plano de Gerenciamento de Res\u00edduos S\u00f3lidos(<a href=\"https:\/\/portais.santoandre.sp.gov.br\/semasa\/residuos\/plano-de-gerenciamento-de-residuos-solidos\/\">https:\/\/portais.santoandre.sp.gov.br\/semasa\/residuos\/plano-de-gerenciamento-de-residuos-solidos\/<\/a>)<\/li><li>Roteiro para Elabora\u00e7\u00e3o de Plano de Gerenciamento de Res\u00edduos da Constru\u00e7\u00e3o Civil (<a href=\"https:\/\/portais.santoandre.sp.gov.br\/semasa\/gestao-ambiental\/licenciamento-ambiental\/gerenciamento-de-residuos-de-construcao-civil\/\">https:\/\/portais.santoandre.sp.gov.br\/semasa\/gestao-ambiental\/licenciamento-ambiental\/gerenciamento-de-residuos-de-construcao-civil\/<\/a>)<\/li><\/ol><h3>\u00a0<\/h3><h3>TELEFONES\/CONTATOS:<\/h3><ul><li>Diretoria de Desenvolvimento de Projetos Urbanos: (11) 4433-0480<\/li><li>Acesso ao Sistema ACTO: <a href=\"https:\/\/santoandre.inmov.net.br\/\">https:\/\/santoandre.inmov.net.br\/<\/a><\/li><li>Suporte e D\u00favidas: <a href=\"https:\/\/santoandre.inmov.net.br\/tickets\">https:\/\/santoandre.inmov.net.br\/tickets<\/a><\/li><\/ul>\t\t\t\t\t\t\t\t<\/div>\n\t\t\t\t<\/div>\n\t\t\t\t\t<\/div>\n\t\t<\/div>\n\t\t\t\t\t<\/div>\n\t\t<\/section>\n\t\t\t\t<\/div>\n\t\t","protected":false},"excerpt":{"rendered":"<p>\u00a0 O EIV \u00e9 um instrumento urban\u00edstico previsto no Plano Diretor de Santo Andr\u00e9, Lei 8.696\/2004, regulamentado pela LUOPS \u2013 Lei 9.924\/2016, que deve ser elaborado e apresentado pelo empreendedor &#8230;<\/p>\n","protected":false},"author":2,"featured_media":0,"parent":0,"menu_order":0,"comment_status":"closed","ping_status":"closed","template":"","meta":{"_themeisle_gutenberg_block_has_review":false,"footnotes":""},"class_list":["post-2027","page","type-page","status-publish","hentry"],"jetpack_sharing_enabled":true,"_links":{"self":[{"href":"https:\/\/www3.santoandre.sp.gov.br\/portaldoempreendedor\/index.php\/wp-json\/wp\/v2\/pages\/2027","targetHints":{"allow":["GET"]}}],"collection":[{"href":"https:\/\/www3.santoandre.sp.gov.br\/portaldoempreendedor\/index.php\/wp-json\/wp\/v2\/pages"}],"about":[{"href":"https:\/\/www3.santoandre.sp.gov.br\/portaldoempreendedor\/index.php\/wp-json\/wp\/v2\/types\/page"}],"author":[{"embeddable":true,"href":"https:\/\/www3.santoandre.sp.gov.br\/portaldoempreendedor\/index.php\/wp-json\/wp\/v2\/users\/2"}],"replies":[{"embeddable":true,"href":"https:\/\/www3.santoandre.sp.gov.br\/portaldoempreendedor\/index.php\/wp-json\/wp\/v2\/comments?post=2027"}],"version-history":[{"count":15,"href":"https:\/\/www3.santoandre.sp.gov.br\/portaldoempreendedor\/index.php\/wp-json\/wp\/v2\/pages\/2027\/revisions"}],"predecessor-version":[{"id":8850,"href":"https:\/\/www3.santoandre.sp.gov.br\/portaldoempreendedor\/index.php\/wp-json\/wp\/v2\/pages\/2027\/revisions\/8850"}],"wp:attachment":[{"href":"https:\/\/www3.santoandre.sp.gov.br\/portaldoempreendedor\/index.php\/wp-json\/wp\/v2\/media?parent=2027"}],"curies":[{"name":"wp","href":"https:\/\/api.w.org\/{rel}","templated":true}]}}