{"id":2025,"date":"2021-04-16T17:19:15","date_gmt":"2021-04-16T20:19:15","guid":{"rendered":"https:\/\/www3.santoandre.sp.gov.br\/portaldoempreendedor\/?page_id=2025"},"modified":"2023-07-12T13:26:18","modified_gmt":"2023-07-12T16:26:18","slug":"outorga-onerosa","status":"publish","type":"page","link":"https:\/\/www3.santoandre.sp.gov.br\/portaldoempreendedor\/index.php\/outorga-onerosa\/","title":{"rendered":"Outorga Onerosa"},"content":{"rendered":"\t\t<div data-elementor-type=\"wp-page\" data-elementor-id=\"2025\" class=\"elementor elementor-2025\">\n\t\t\t\t\t\t<section class=\"elementor-section elementor-top-section elementor-element elementor-element-6e0db2ce elementor-section-boxed elementor-section-height-default elementor-section-height-default\" data-id=\"6e0db2ce\" data-element_type=\"section\">\n\t\t\t\t\t\t<div class=\"elementor-container elementor-column-gap-default\">\n\t\t\t\t\t<div class=\"elementor-column elementor-col-100 elementor-top-column elementor-element elementor-element-59bdb6eb\" data-id=\"59bdb6eb\" data-element_type=\"column\">\n\t\t\t<div class=\"elementor-widget-wrap elementor-element-populated\">\n\t\t\t\t\t\t<div class=\"elementor-element elementor-element-c62584a elementor-widget elementor-widget-image\" data-id=\"c62584a\" data-element_type=\"widget\" data-widget_type=\"image.default\">\n\t\t\t\t<div class=\"elementor-widget-container\">\n\t\t\t\t\t\t\t\t\t\t\t\t\t\t\t<img fetchpriority=\"high\" decoding=\"async\" width=\"800\" height=\"123\" src=\"https:\/\/www3.santoandre.sp.gov.br\/portaldoempreendedor\/wp-content\/uploads\/2023\/06\/OUTORGA-ONEROSA-1024x157.png\" class=\"attachment-large size-large wp-image-5630\" alt=\"\" srcset=\"https:\/\/www3.santoandre.sp.gov.br\/portaldoempreendedor\/wp-content\/uploads\/2023\/06\/OUTORGA-ONEROSA-1024x157.png 1024w, https:\/\/www3.santoandre.sp.gov.br\/portaldoempreendedor\/wp-content\/uploads\/2023\/06\/OUTORGA-ONEROSA-300x46.png 300w, https:\/\/www3.santoandre.sp.gov.br\/portaldoempreendedor\/wp-content\/uploads\/2023\/06\/OUTORGA-ONEROSA-768x117.png 768w, https:\/\/www3.santoandre.sp.gov.br\/portaldoempreendedor\/wp-content\/uploads\/2023\/06\/OUTORGA-ONEROSA.png 1112w\" sizes=\"(max-width: 800px) 100vw, 800px\" \/>\t\t\t\t\t\t\t\t\t\t\t\t\t\t\t<\/div>\n\t\t\t\t<\/div>\n\t\t\t\t<div class=\"elementor-element elementor-element-2534ebd1 elementor-widget elementor-widget-text-editor\" data-id=\"2534ebd1\" data-element_type=\"widget\" data-widget_type=\"text-editor.default\">\n\t\t\t\t<div class=\"elementor-widget-container\">\n\t\t\t\t\t\t\t\t\t<p>Solicita\u00e7\u00f5es de Outorga Onerosa do Direito de Construir s\u00e3o efetuadas em casos em que se h\u00e1 pretens\u00e3o de obter aumento do potencial construtivo atrav\u00e9s de uma contrapartida determinada pela municipalidade.<\/p><p>A solicita\u00e7\u00e3o \u00e9 efetuada atrav\u00e9s do sistema ACTO, onde o usu\u00e1rio poder\u00e1 realizar o requerimento e ter sua resposta de forma pr\u00e1tica e 100% online, al\u00e9m de atendimento t\u00e9cnico via suporte.<\/p><p><strong><u>SERVI\u00c7OS DISPON\u00cdVEIS ELETRONICAMENTE PELO SISTEMA ACTO:<\/u><\/strong><\/p><ul><li>Solicita\u00e7\u00e3o Outorga Onerosa do Direito de Construir<\/li><\/ul><p><strong>LEGISLA\u00c7\u00d5ES:<\/strong><\/p><ul><li>Plano Diretor \u2013 <a href=\"http:\/\/www4.cmsandre.sp.gov.br:9000\/normas\/7900\">Lei n\u00ba 8.696\/2004<\/a>\u00a0<\/li><\/ul><ul><li>Plano Diretor \u2013\u00a0<a href=\"http:\/\/www4.cmsandre.sp.gov.br:9000\/normas\/6136\">Lei 8836\/2006<\/a>;<\/li><\/ul><p><strong>TELEFONES<\/strong><\/p><ul><li><strong>Diretoria de Desenvolvimento de Projetos Urbanos:<\/strong>\u00a0(11) 4433-0480<\/li><\/ul><p><strong>Acesso ao Sistema ACTO<\/strong>:\u00a0<a href=\"https:\/\/santoandre.inmov.net.br\/\"><em>https:\/\/santoandre.inmov.net.br\/<\/em><\/a><\/p><p><strong>Suporte e D\u00favidas:\u00a0<\/strong><a href=\"https:\/\/santoandre.inmov.net.br\/tickets\"><em>https:\/\/santoandre.inmov.net.br\/tickets<\/em><\/a><\/p>\t\t\t\t\t\t\t\t<\/div>\n\t\t\t\t<\/div>\n\t\t\t\t\t<\/div>\n\t\t<\/div>\n\t\t\t\t\t<\/div>\n\t\t<\/section>\n\t\t\t\t<\/div>\n\t\t","protected":false},"excerpt":{"rendered":"<p>Solicita\u00e7\u00f5es de Outorga Onerosa do Direito de Construir s\u00e3o efetuadas em casos em que se h\u00e1 pretens\u00e3o de obter aumento do potencial construtivo atrav\u00e9s de uma contrapartida determinada pela municipalidade. &#8230;<\/p>\n","protected":false},"author":2,"featured_media":0,"parent":0,"menu_order":0,"comment_status":"closed","ping_status":"closed","template":"","meta":{"_themeisle_gutenberg_block_has_review":false,"footnotes":""},"class_list":["post-2025","page","type-page","status-publish","hentry"],"jetpack_sharing_enabled":true,"_links":{"self":[{"href":"https:\/\/www3.santoandre.sp.gov.br\/portaldoempreendedor\/index.php\/wp-json\/wp\/v2\/pages\/2025","targetHints":{"allow":["GET"]}}],"collection":[{"href":"https:\/\/www3.santoandre.sp.gov.br\/portaldoempreendedor\/index.php\/wp-json\/wp\/v2\/pages"}],"about":[{"href":"https:\/\/www3.santoandre.sp.gov.br\/portaldoempreendedor\/index.php\/wp-json\/wp\/v2\/types\/page"}],"author":[{"embeddable":true,"href":"https:\/\/www3.santoandre.sp.gov.br\/portaldoempreendedor\/index.php\/wp-json\/wp\/v2\/users\/2"}],"replies":[{"embeddable":true,"href":"https:\/\/www3.santoandre.sp.gov.br\/portaldoempreendedor\/index.php\/wp-json\/wp\/v2\/comments?post=2025"}],"version-history":[{"count":13,"href":"https:\/\/www3.santoandre.sp.gov.br\/portaldoempreendedor\/index.php\/wp-json\/wp\/v2\/pages\/2025\/revisions"}],"predecessor-version":[{"id":5801,"href":"https:\/\/www3.santoandre.sp.gov.br\/portaldoempreendedor\/index.php\/wp-json\/wp\/v2\/pages\/2025\/revisions\/5801"}],"wp:attachment":[{"href":"https:\/\/www3.santoandre.sp.gov.br\/portaldoempreendedor\/index.php\/wp-json\/wp\/v2\/media?parent=2025"}],"curies":[{"name":"wp","href":"https:\/\/api.w.org\/{rel}","templated":true}]}}