{"id":2021,"date":"2021-04-16T17:17:57","date_gmt":"2021-04-16T20:17:57","guid":{"rendered":"https:\/\/www3.santoandre.sp.gov.br\/portaldoempreendedor\/?page_id=2021"},"modified":"2025-02-26T15:39:48","modified_gmt":"2025-02-26T18:39:48","slug":"licenciamento-obra-facil","status":"publish","type":"page","link":"https:\/\/www3.santoandre.sp.gov.br\/portaldoempreendedor\/index.php\/licenciamento-obra-facil\/","title":{"rendered":"Licenciamento &#8211; Obra F\u00e1cil"},"content":{"rendered":"\t\t<div data-elementor-type=\"wp-page\" data-elementor-id=\"2021\" class=\"elementor elementor-2021\">\n\t\t\t\t\t\t<section class=\"elementor-section elementor-top-section elementor-element elementor-element-a8d7391 elementor-section-boxed elementor-section-height-default elementor-section-height-default\" data-id=\"a8d7391\" data-element_type=\"section\">\n\t\t\t\t\t\t<div class=\"elementor-container elementor-column-gap-default\">\n\t\t\t\t\t<div class=\"elementor-column elementor-col-100 elementor-top-column elementor-element elementor-element-168cf92\" data-id=\"168cf92\" data-element_type=\"column\">\n\t\t\t<div class=\"elementor-widget-wrap elementor-element-populated\">\n\t\t\t\t\t\t<div class=\"elementor-element elementor-element-0fa2792 elementor-widget elementor-widget-image\" data-id=\"0fa2792\" data-element_type=\"widget\" data-widget_type=\"image.default\">\n\t\t\t\t<div class=\"elementor-widget-container\">\n\t\t\t\t\t\t\t\t\t\t\t\t\t\t\t<img fetchpriority=\"high\" decoding=\"async\" width=\"800\" height=\"123\" src=\"https:\/\/www3.santoandre.sp.gov.br\/portaldoempreendedor\/wp-content\/uploads\/2023\/06\/AUTORIZACAO-EVENTOS-1-1024x157.png\" class=\"attachment-large size-large wp-image-5414\" alt=\"\" srcset=\"https:\/\/www3.santoandre.sp.gov.br\/portaldoempreendedor\/wp-content\/uploads\/2023\/06\/AUTORIZACAO-EVENTOS-1-1024x157.png 1024w, https:\/\/www3.santoandre.sp.gov.br\/portaldoempreendedor\/wp-content\/uploads\/2023\/06\/AUTORIZACAO-EVENTOS-1-300x46.png 300w, https:\/\/www3.santoandre.sp.gov.br\/portaldoempreendedor\/wp-content\/uploads\/2023\/06\/AUTORIZACAO-EVENTOS-1-768x117.png 768w, https:\/\/www3.santoandre.sp.gov.br\/portaldoempreendedor\/wp-content\/uploads\/2023\/06\/AUTORIZACAO-EVENTOS-1.png 1112w\" sizes=\"(max-width: 800px) 100vw, 800px\" \/>\t\t\t\t\t\t\t\t\t\t\t\t\t\t\t<\/div>\n\t\t\t\t<\/div>\n\t\t\t\t<div class=\"elementor-element elementor-element-57aa4ad elementor-widget elementor-widget-text-editor\" data-id=\"57aa4ad\" data-element_type=\"widget\" data-widget_type=\"text-editor.default\">\n\t\t\t\t<div class=\"elementor-widget-container\">\n\t\t\t\t\t\t\t\t\t<p>O licenciamento de obras particulares \u00e9 efetuado atrav\u00e9s do sistema ACTO, onde o usu\u00e1rio poder\u00e1 ter acesso a autoriza\u00e7\u00e3o para execu\u00e7\u00e3o de constru\u00e7\u00e3o, reforma, amplia\u00e7\u00e3o, regulariza\u00e7\u00e3o, emiss\u00e3o de certificado de conclus\u00e3o (habite-se), entre outros servi\u00e7os de forma pr\u00e1tica e 100% online, al\u00e9m de atendimento t\u00e9cnico via suporte.<\/p>\t\t\t\t\t\t\t\t<\/div>\n\t\t\t\t<\/div>\n\t\t\t\t<section class=\"elementor-section elementor-inner-section elementor-element elementor-element-7ee3e66 elementor-section-boxed elementor-section-height-default elementor-section-height-default\" data-id=\"7ee3e66\" data-element_type=\"section\">\n\t\t\t\t\t\t<div class=\"elementor-container elementor-column-gap-default\">\n\t\t\t\t\t<div class=\"elementor-column elementor-col-100 elementor-inner-column elementor-element elementor-element-531d21c\" data-id=\"531d21c\" data-element_type=\"column\">\n\t\t\t<div class=\"elementor-widget-wrap elementor-element-populated\">\n\t\t\t\t\t\t<div class=\"elementor-element elementor-element-34ccc27 elementor-widget elementor-widget-text-editor\" data-id=\"34ccc27\" data-element_type=\"widget\" data-widget_type=\"text-editor.default\">\n\t\t\t\t<div class=\"elementor-widget-container\">\n\t\t\t\t\t\t\t\t\t<div>\n<div>\n<div>\n<figure><strong style=\"color: #333333; font-family: Raleway, Helvetica, Arial, sans-serif; font-size: 1.0625rem;\"><u>SERVI\u00c7OS DISPON\u00cdVEIS ELETRONICAMENTE PELO SISTEMA ACTO:<\/u><\/strong><\/figure>\n<\/div>\n<\/div>\n<\/div>\n<p><strong>USO E OCUPA\u00c7\u00c3O DO SOLO:<\/strong><\/p>\n<p>1. Auto de Licen\u00e7a VRE\/CLI (Funcionamento Pessoa Jur\u00eddica)<br \/>2. Certid\u00e3o de Numera\u00e7\u00e3o de Im\u00f3veis<br \/>3. Alvar\u00e1 de Uso de Solo: para constru\u00e7\u00e3o, amplia\u00e7\u00e3o e reforma<br \/>4. Alvar\u00e1 de Uso de Solo: Viabilidade de instala\u00e7\u00e3o de empresa<br \/>5. Alvar\u00e1 de Uso de Solo: Licenciamento de outros \u00f3rg\u00e3os (SEMASA, CETESB, ENEL)<br \/>6. Alvar\u00e1 de Funcionamento: F\u00edsico Estabelecido, aut\u00f4nomo e atividades sem CNPJ<br \/>7. Autoriza\u00e7\u00e3o de projeto: Uso de Solo e Atividades<br \/>8. Consulta Geral de Informa\u00e7\u00f5es de Suo de Solo<br \/>9. Alvar\u00e1 de Funcionamento de Atividade: TEMPOR\u00c1RIO<br \/>10. Consulta de Informa\u00e7\u00e3o de Uso de Solo: Residencial Unifamiliar<br \/>11. Alvar\u00e1 de Uso de Solo com Outorga do Direito de Construir<br \/>12. Alvar\u00e1 de Uso de Solo Integrado para Infraestrutura de Suporte de Telecomunica\u00e7\u00f5es<br \/>13. Alvar\u00e1 de Funcionamento para Infraestrutura de Suporte de Telecomunica\u00e7\u00f5es: Torre (Telecom)<br \/>14. Alvar\u00e1 de Uso de Solo: comercializa\u00e7\u00e3o de GLP<br \/>15. Termo de Comunica\u00e7\u00e3o e Conformidade Telecomunica\u00e7\u00f5es (Telecom)<\/p>\n<p>\u00a0<\/p>\n<p><strong>APROVA\u00c7\u00c3O DE PROJETO:<\/strong><\/p>\n<p>1. Alvar\u00e1 de Constru\u00e7\u00e3o<br \/>2. Atualiza\u00e7\u00e3o de Projeto: Aprova\u00e7\u00e3o<br \/>3. Alvar\u00e1 de Equipamento Mec\u00e2nico<br \/>4. Alvar\u00e1 de Reforma e\/ou Amplia\u00e7\u00e3o<br \/>5. Alvar\u00e1 de Demoli\u00e7\u00e3o Total<br \/>6. Alvar\u00e1 de Desdobro\/ Englobamento<br \/>7. Certificado de Regulariza\u00e7\u00e3o de Constru\u00e7\u00e3o<br \/>8. Alvar\u00e1 Substitutivo ou Modificativo de Projeto<br \/>9. Alvar\u00e1 Integrado de Aprova\u00e7\u00e3o de Projeto da Infraestrutura de Suporte Telecomunica\u00e7\u00f5es<br \/>10. Alvar\u00e1 de Demoli\u00e7\u00e3o Parcial<br \/>11. Alvar\u00e1 de Constru\u00e7\u00e3o para Obra de Interesse Social<br \/>12. Alvar\u00e1 de Autoriza\u00e7\u00e3o Provis\u00f3ria<br \/>13. Revalida\u00e7\u00e3o de Alvar\u00e1 de Funcionamento de Equipamento Mec\u00e2nico<br \/>14. Solicitar a Desist\u00eancia de Processo<br \/>15. Alvar\u00e1 de Obra de Terra<br \/>16. Cadastro de Processos F\u00edsicos Anteriores ao Eletr\u00f4nico: Aprova\u00e7\u00e3o<br \/>17. Autoriza\u00e7\u00e3o de Cancelamento de Alvar\u00e1s de Aprova\u00e7\u00e3o<\/p>\n<p>\u00a0<\/p>\n<p><strong>FISCALIZA\u00c7\u00c3O DE OBRAS:<\/strong><\/p>\n<p>1. Certificado de Conclus\u00e3o<br \/>2. Regulariza\u00e7\u00e3o de Constru\u00e7\u00e3o (Anistias)<br \/>3. Atualiza\u00e7\u00e3o de Projeto: Fiscaliza\u00e7\u00e3o<br \/>4. A\u00e7\u00e3o Fiscal<br \/>5. Certificado de Conclus\u00e3o de Demoli\u00e7\u00e3o<br \/>6. Comunica\u00e7\u00e3o de Etapa de Obra<br \/>7. Comunica\u00e7\u00e3o pr\u00e9via de execu\u00e7\u00e3o de obras e servi\u00e7os complementares<br \/>8. Cadastro de Processos F\u00edsicos anteriores ao eletr\u00f4nico: Fiscaliza\u00e7\u00e3o<br \/>9. Recurso de Multa<br \/>10. Auto de Embargo e Multa<br \/>11. Recurso Administrativo a Indeferimento<br \/>12. Comunica\u00e7\u00e3o pr\u00e9via de reforma sem acr\u00e9scimo de \u00e1rea e sem mudan\u00e7a de uso<br \/>13. Pedido de Prazo<br \/>14. Solicita\u00e7\u00e3o de Corre\u00e7\u00e3o de Documentos: Fiscaliza\u00e7\u00e3o<br \/>15. Certificado de Conclus\u00e3o: Pessoa F\u00edsica<br \/>16. Termo de Lacra\u00e7\u00e3o<br \/>17. Declara\u00e7\u00e3o de Regulariza\u00e7\u00e3o<br \/>18. Certificado de Conclus\u00e3o de processo F\u00edsico: Obra de Interesse Social<\/p>\n<p>\u00a0<\/p>\n<p>Acesse o sistema Acto <a href=\"https:\/\/santoandre.inmov.net.br\/\">clicando aqui.<\/a><\/p>\n<p>\u00a0<\/p>\n<p><strong>ATENDIMENTO GERAL:<\/strong><\/p>\n<p>1. Registro\/ Renova\u00e7\u00e3o de Profissional<br \/>2. Registro\/ Renova\u00e7\u00e3o de Profissional: Empresa<br \/>3. Requerimento para ser benefici\u00e1rio (vistas ao processo)<br \/>4. 2\u00aa via de Certificado de Conclus\u00e3o: Habite-se<br \/>5. Comunicado de In\u00edcio de Obras ou Servi\u00e7os<br \/>6. 2\u00aa via de Alvar\u00e1 de Edifica\u00e7\u00f5es: Regulariza\u00e7\u00e3o, Constru\u00e7\u00e3o, Demoli\u00e7\u00e3o e Reforma)<br \/>7. Atualiza\u00e7\u00e3o de Projeto: Atendimento<br \/>8. 2\u00aa via de Alvar\u00e1: Funcionamento de Atividades<\/p>\n<p>\u00a0<\/p>\n<p><strong>Telefones<\/strong>:<\/p>\n<p><strong>Diretoria de Controle Urbano:<\/strong> (11) 4433-0450 \/ (11) 4433-0463<br \/><strong>Ger\u00eancia de Aprova\u00e7\u00e3o de Projetos:<\/strong> (11) 4433-0459 \/ (11) 4433-0357<br \/><strong>Ger\u00eancia de Uso do Solo e Atividades:<\/strong> (11) 4433-0453<br \/><strong>Ger\u00eancia de Fiscaliza\u00e7\u00e3o de Obras e Atividades: <\/strong>(11) 4433-0469 \/ (11) 4433-0669<br \/><strong>Sistema ACTO<\/strong>:\u00a0<a href=\"https:\/\/santoandre.inmov.net.br\/\"><em>https:\/\/santoandre.inmov.net.br\/<\/em><\/a><\/p>\n<p><strong><br \/>Legisla\u00e7\u00f5es:<\/strong><\/p>\n<ol>\n<li>C\u00f3digo de Obras \u2013 <a href=\"http:\/\/www4.cmsandre.sp.gov.br:9000\/normas\/15203\">Lei 8065\/2000<\/a>;<\/li>\n<li>Plano Diretor \u2013<a href=\"http:\/\/www4.cmsandre.sp.gov.br:9000\/normas\/6136\"> Lei 8836\/2006<\/a>;<\/li>\n<li>Lei de Uso e Ocupa\u00e7\u00e3o do Solo &#8211;<a href=\"http:\/\/www4.cmsandre.sp.gov.br:9000\/normas\/27481\"> Lei 9924\/2016<\/a>;<\/li>\n<li>Anistia \u2013 <a href=\"http:\/\/www4.cmsandre.sp.gov.br:9000\/arquivo\/31289\">10282\/2020<\/a>;<\/li>\n<li>Pe\u00e7as Gr\u00e1ficas \u2013 <a href=\"http:\/\/www4.cmsandre.sp.gov.br:9000\/arquivo\/21133\">Decreto 14587\/2000<\/a>.<\/li>\n<\/ol>\n<p><strong>Modelo de Folha da Pe\u00e7a Gr\u00e1fica para Download: <\/strong><a href=\"https:\/\/www.santoandre.sp.gov.br\/PortalServico\/Alvara\/ControleUrbano\/ModeloPecaGrafica\/ModeloPecaGrafica.aspx\"><em>https:\/\/www.santoandre.sp.gov.br\/PortalServico\/Alvara\/ControleUrbano\/ModeloPecaGrafica\/ModeloPecaGrafica.aspx<\/em><\/a><\/p>\n<p><strong>Suporte e D\u00favidas: <\/strong><a href=\"https:\/\/santoandre.inmov.net.br\/tickets\"><em>https:\/\/santoandre.inmov.net.br\/tickets<\/em><\/a><\/p>\t\t\t\t\t\t\t\t<\/div>\n\t\t\t\t<\/div>\n\t\t\t\t\t<\/div>\n\t\t<\/div>\n\t\t\t\t\t<\/div>\n\t\t<\/section>\n\t\t\t\t\t<\/div>\n\t\t<\/div>\n\t\t\t\t\t<\/div>\n\t\t<\/section>\n\t\t\t\t<\/div>\n\t\t","protected":false},"excerpt":{"rendered":"<p>O licenciamento de obras particulares \u00e9 efetuado atrav\u00e9s do sistema ACTO, onde o usu\u00e1rio poder\u00e1 ter acesso a autoriza\u00e7\u00e3o para execu\u00e7\u00e3o de constru\u00e7\u00e3o, reforma, amplia\u00e7\u00e3o, regulariza\u00e7\u00e3o, emiss\u00e3o de certificado de &#8230;<\/p>\n","protected":false},"author":2,"featured_media":0,"parent":0,"menu_order":0,"comment_status":"closed","ping_status":"closed","template":"","meta":{"_themeisle_gutenberg_block_has_review":false,"footnotes":""},"class_list":["post-2021","page","type-page","status-publish","hentry"],"jetpack_sharing_enabled":true,"_links":{"self":[{"href":"https:\/\/www3.santoandre.sp.gov.br\/portaldoempreendedor\/index.php\/wp-json\/wp\/v2\/pages\/2021","targetHints":{"allow":["GET"]}}],"collection":[{"href":"https:\/\/www3.santoandre.sp.gov.br\/portaldoempreendedor\/index.php\/wp-json\/wp\/v2\/pages"}],"about":[{"href":"https:\/\/www3.santoandre.sp.gov.br\/portaldoempreendedor\/index.php\/wp-json\/wp\/v2\/types\/page"}],"author":[{"embeddable":true,"href":"https:\/\/www3.santoandre.sp.gov.br\/portaldoempreendedor\/index.php\/wp-json\/wp\/v2\/users\/2"}],"replies":[{"embeddable":true,"href":"https:\/\/www3.santoandre.sp.gov.br\/portaldoempreendedor\/index.php\/wp-json\/wp\/v2\/comments?post=2021"}],"version-history":[{"count":30,"href":"https:\/\/www3.santoandre.sp.gov.br\/portaldoempreendedor\/index.php\/wp-json\/wp\/v2\/pages\/2021\/revisions"}],"predecessor-version":[{"id":8564,"href":"https:\/\/www3.santoandre.sp.gov.br\/portaldoempreendedor\/index.php\/wp-json\/wp\/v2\/pages\/2021\/revisions\/8564"}],"wp:attachment":[{"href":"https:\/\/www3.santoandre.sp.gov.br\/portaldoempreendedor\/index.php\/wp-json\/wp\/v2\/media?parent=2021"}],"curies":[{"name":"wp","href":"https:\/\/api.w.org\/{rel}","templated":true}]}}