{"id":2018,"date":"2021-04-16T17:11:06","date_gmt":"2021-04-16T20:11:06","guid":{"rendered":"https:\/\/www3.santoandre.sp.gov.br\/portaldoempreendedor\/?page_id=2018"},"modified":"2025-02-26T16:49:21","modified_gmt":"2025-02-26T19:49:21","slug":"licenca-ambiental","status":"publish","type":"page","link":"https:\/\/www3.santoandre.sp.gov.br\/portaldoempreendedor\/index.php\/licenca-ambiental\/","title":{"rendered":"Licen\u00e7a Ambiental"},"content":{"rendered":"\t\t<div data-elementor-type=\"wp-page\" data-elementor-id=\"2018\" class=\"elementor elementor-2018\">\n\t\t\t\t\t\t<section class=\"elementor-section elementor-top-section elementor-element elementor-element-394e5bc4 elementor-section-boxed elementor-section-height-default elementor-section-height-default\" data-id=\"394e5bc4\" data-element_type=\"section\">\n\t\t\t\t\t\t<div class=\"elementor-container elementor-column-gap-default\">\n\t\t\t\t\t<div class=\"elementor-column elementor-col-100 elementor-top-column elementor-element elementor-element-2f2c6de2\" data-id=\"2f2c6de2\" data-element_type=\"column\">\n\t\t\t<div class=\"elementor-widget-wrap elementor-element-populated\">\n\t\t\t\t\t\t<div class=\"elementor-element elementor-element-352784e elementor-widget elementor-widget-image\" data-id=\"352784e\" data-element_type=\"widget\" data-widget_type=\"image.default\">\n\t\t\t\t<div class=\"elementor-widget-container\">\n\t\t\t\t\t\t\t\t\t\t\t\t\t\t\t<img fetchpriority=\"high\" decoding=\"async\" width=\"800\" height=\"123\" src=\"https:\/\/www3.santoandre.sp.gov.br\/portaldoempreendedor\/wp-content\/uploads\/2023\/06\/LICENCA-AMBIENTAL-1024x157.png\" class=\"attachment-large size-large wp-image-5426\" alt=\"\" srcset=\"https:\/\/www3.santoandre.sp.gov.br\/portaldoempreendedor\/wp-content\/uploads\/2023\/06\/LICENCA-AMBIENTAL-1024x157.png 1024w, https:\/\/www3.santoandre.sp.gov.br\/portaldoempreendedor\/wp-content\/uploads\/2023\/06\/LICENCA-AMBIENTAL-300x46.png 300w, https:\/\/www3.santoandre.sp.gov.br\/portaldoempreendedor\/wp-content\/uploads\/2023\/06\/LICENCA-AMBIENTAL-768x117.png 768w, https:\/\/www3.santoandre.sp.gov.br\/portaldoempreendedor\/wp-content\/uploads\/2023\/06\/LICENCA-AMBIENTAL.png 1112w\" sizes=\"(max-width: 800px) 100vw, 800px\" \/>\t\t\t\t\t\t\t\t\t\t\t\t\t\t\t<\/div>\n\t\t\t\t<\/div>\n\t\t\t\t<div class=\"elementor-element elementor-element-37d6a5f2 elementor-widget elementor-widget-text-editor\" data-id=\"37d6a5f2\" data-element_type=\"widget\" data-widget_type=\"text-editor.default\">\n\t\t\t\t<div class=\"elementor-widget-container\">\n\t\t\t\t\t\t\t\t\t<p><!-- \/wp:paragraph --><\/p>\n<p><!-- wp:image {\"align\":\"center\",\"id\":2327,\"width\":455,\"height\":124,\"sizeSlug\":\"large\",\"linkDestination\":\"none\"} --><\/p>\n<div class=\"wp-block-image\"><span style=\"color: var( --e-global-color-text ); font-family: var( --e-global-typography-text-font-family ), Sans-serif; font-weight: var( --e-global-typography-text-font-weight ); font-size: 0.875rem;\">O licenciamento ambiental em Santo Andr\u00e9 \u00e9 de compet\u00eancia do SEMASA, e efetuado atrav\u00e9s do sistema ACTO, onde o usu\u00e1rio poder\u00e1 ter acesso a autoriza\u00e7\u00e3o de todos os servi\u00e7os, de forma pr\u00e1tica e 100% online, al\u00e9m de atendimento t\u00e9cnico via suporte.<\/span><\/div>\n<div>\u00a0<\/div>\n<div class=\"wp-block-image\"><span style=\"color: var( --e-global-color-text ); font-family: var( --e-global-typography-text-font-family ), Sans-serif; font-weight: var( --e-global-typography-text-font-weight ); font-size: 0.875rem;\">A Licen\u00e7a Ambiental \u00e9 um dos mecanismos que o Poder P\u00fablico disp\u00f5e para assegurar que determinadas atividades econ\u00f4micas ou empreendimentos considerem adequadamente os riscos que sua instala\u00e7\u00e3o e opera\u00e7\u00e3o podem trazer ao meio ambiente e que adotem a\u00e7\u00f5es adequadas para minimizar tais riscos.<\/span><\/div>\n<div>\u00a0<\/div>\n<p>O procedimento envolve a avalia\u00e7\u00e3o do impacto ambiental que o empreendimento poder\u00e1 gerar, em decorr\u00eancias do contexto ambiental em que se insere e das tecnologias e mat\u00e9rias-primas que utiliza. A partir desta an\u00e1lise inicial, s\u00e3o estabelecidos mecanismos de controle ambiental visando \u00e0 preserva\u00e7\u00e3o, melhoria e recupera\u00e7\u00e3o da qualidade ambiental, em seus aspectos social, econ\u00f4mico, ambiental, espacial e cultural.<\/p>\n<p>Na moderna abordagem do licenciamento ambiental, o foco n\u00e3o \u00e9 somente apontar o que \u201cn\u00e3o pode\u201d, mas construir a forma correta de \u201ccomo fazer\u201d.<\/p>\n<p><strong><u>SERVI\u00c7OS DISPON\u00cdVEIS ELETRONICAMENTE PELO SISTEMA ACTO:<\/u><\/strong><\/p>\n<p>1. Cadastro Pr\u00e9vio Ambiental (\u00e9 necess\u00e1rio o cadastro pr\u00e9vio ambiental antes de qualquer pedido de Licen\u00e7a\/ Autoriza\u00e7\u00e3o<br \/>2. Atualiza\u00e7\u00e3o de Projeto: Licenciamento Ambiental<br \/>3. Autoriza\u00e7\u00e3o Ambiental para Supress\u00e3o\/ Transporte de Vegeta\u00e7\u00e3o \u2013 AASV<br \/>4. Recurso Administrativo a Indeferimento\/ Notifica\u00e7\u00e3o<br \/>5. Licen\u00e7a Ambiental Pr\u00e9via: Instala\u00e7\u00e3o e Opera\u00e7\u00e3o \u2013 LPIO<br \/>6. Registro\/ Renova\u00e7\u00e3o de Profissional: SEMASA<br \/>7. Termo de Compromisso Ambiental \u2013 TCA<br \/>8. Acompanhamento de Cumprimento de Medidas<br \/>9. Licen\u00e7a Ambiental de Opera\u00e7\u00e3o: Renova\u00e7\u00e3o \u2013 LOR<br \/>10. Autoriza\u00e7\u00e3o para Interven\u00e7\u00e3o em \u00e1rea de prote\u00e7\u00e3o de mananciais \u2013 APRMB<br \/>11. Autoriza\u00e7\u00e3o Ambiental para interven\u00e7\u00e3o em APP \u2013 AAIAPP<br \/>12. Manifesta\u00e7\u00e3o t\u00e9cnica ambiental \u2013 MTA (Resolu\u00e7\u00e3o SMA 22\/09)<br \/>13. Termo de Desativa\u00e7\u00e3o de Atividade \u2013 TODA<br \/>14. Notifica\u00e7\u00e3o Ambiental<br \/>15. Autoriza\u00e7\u00e3o Ambiental para Movimenta\u00e7\u00e3o de Terra \u2013 AAMT<br \/>16. Licen\u00e7a Ambiental de Opera\u00e7\u00e3o \u2013 LO<br \/>17. Termo de Dispensa de Licenciamento Ambiental \u2013 TDLA<br \/>18. Termo de Responsabilidade de Preserva\u00e7\u00e3o de \u00e1rea verde \u2013 TRPAV<br \/>19. Licen\u00e7a Ambiental Pr\u00e9via \u2013 LP<br \/>20. Declara\u00e7\u00e3o de Vincula\u00e7\u00e3o \u2013 DV<br \/>21. Licen\u00e7a Ambiental de Opera\u00e7\u00e3o a T\u00edtulo Prec\u00e1rio \u2013 LOTP<br \/>22. Certid\u00e3o de Diretrizes Ambientais \u2013 CDA<br \/>23. Parecer T\u00e9cnico Ambiental de Licenciamento CETESB \u2013 PTA<br \/>24. Declara\u00e7\u00e3o para Vincula\u00e7\u00e3o \u2013 APRM<br \/>25. Licen\u00e7a Pr\u00e9via de Instala\u00e7\u00e3o de de Opera\u00e7\u00e3o \u00e0 T\u00edtulo Prec\u00e1rio \u2013 LPIOTP<br \/>26. Licen\u00e7a Ambiental de Instala\u00e7\u00e3o \u2013 LI<\/p>\n<p>Dentro do Licenciamento <strong>VRE\/REDESIM<\/strong>, sua necessidade est\u00e1 dentro do \u00f3rg\u00e3o <strong>CETESB<\/strong> com a indica\u00e7\u00e3o de <strong>\u201cLicenciamento Municipalizado\u201d<\/strong>.<\/p>\n<p><a href=\"https:\/\/www.semasa.sp.gov.br\/\">Acesse o site do SEMASA e saiba mais<\/a>\u00a0<\/p>\n<p>\u00a0<\/p>\t\t\t\t\t\t\t\t<\/div>\n\t\t\t\t<\/div>\n\t\t\t\t\t<\/div>\n\t\t<\/div>\n\t\t\t\t\t<\/div>\n\t\t<\/section>\n\t\t\t\t<\/div>\n\t\t","protected":false},"excerpt":{"rendered":"<p>O licenciamento ambiental em Santo Andr\u00e9 \u00e9 de compet\u00eancia do SEMASA, e efetuado atrav\u00e9s do sistema ACTO, onde o usu\u00e1rio poder\u00e1 ter acesso a autoriza\u00e7\u00e3o de todos os servi\u00e7os, de &#8230;<\/p>\n","protected":false},"author":2,"featured_media":0,"parent":0,"menu_order":0,"comment_status":"closed","ping_status":"closed","template":"","meta":{"_themeisle_gutenberg_block_has_review":false,"footnotes":""},"class_list":["post-2018","page","type-page","status-publish","hentry"],"jetpack_sharing_enabled":true,"_links":{"self":[{"href":"https:\/\/www3.santoandre.sp.gov.br\/portaldoempreendedor\/index.php\/wp-json\/wp\/v2\/pages\/2018","targetHints":{"allow":["GET"]}}],"collection":[{"href":"https:\/\/www3.santoandre.sp.gov.br\/portaldoempreendedor\/index.php\/wp-json\/wp\/v2\/pages"}],"about":[{"href":"https:\/\/www3.santoandre.sp.gov.br\/portaldoempreendedor\/index.php\/wp-json\/wp\/v2\/types\/page"}],"author":[{"embeddable":true,"href":"https:\/\/www3.santoandre.sp.gov.br\/portaldoempreendedor\/index.php\/wp-json\/wp\/v2\/users\/2"}],"replies":[{"embeddable":true,"href":"https:\/\/www3.santoandre.sp.gov.br\/portaldoempreendedor\/index.php\/wp-json\/wp\/v2\/comments?post=2018"}],"version-history":[{"count":13,"href":"https:\/\/www3.santoandre.sp.gov.br\/portaldoempreendedor\/index.php\/wp-json\/wp\/v2\/pages\/2018\/revisions"}],"predecessor-version":[{"id":8638,"href":"https:\/\/www3.santoandre.sp.gov.br\/portaldoempreendedor\/index.php\/wp-json\/wp\/v2\/pages\/2018\/revisions\/8638"}],"wp:attachment":[{"href":"https:\/\/www3.santoandre.sp.gov.br\/portaldoempreendedor\/index.php\/wp-json\/wp\/v2\/media?parent=2018"}],"curies":[{"name":"wp","href":"https:\/\/api.w.org\/{rel}","templated":true}]}}