{"id":2009,"date":"2021-04-16T16:55:42","date_gmt":"2021-04-16T19:55:42","guid":{"rendered":"https:\/\/www3.santoandre.sp.gov.br\/portaldoempreendedor\/?page_id=2009"},"modified":"2023-06-14T14:04:42","modified_gmt":"2023-06-14T17:04:42","slug":"plano-de-negocio","status":"publish","type":"page","link":"https:\/\/www3.santoandre.sp.gov.br\/portaldoempreendedor\/index.php\/plano-de-negocio\/","title":{"rendered":"Plano de Neg\u00f3cio"},"content":{"rendered":"\t\t<div data-elementor-type=\"wp-page\" data-elementor-id=\"2009\" class=\"elementor elementor-2009\">\n\t\t\t\t\t\t<section class=\"elementor-section elementor-top-section elementor-element elementor-element-79e2b14b elementor-section-boxed elementor-section-height-default elementor-section-height-default\" data-id=\"79e2b14b\" data-element_type=\"section\">\n\t\t\t\t\t\t<div class=\"elementor-container elementor-column-gap-default\">\n\t\t\t\t\t<div class=\"elementor-column elementor-col-100 elementor-top-column elementor-element elementor-element-524a67ec\" data-id=\"524a67ec\" data-element_type=\"column\">\n\t\t\t<div class=\"elementor-widget-wrap elementor-element-populated\">\n\t\t\t\t\t\t<div class=\"elementor-element elementor-element-9363477 elementor-widget elementor-widget-image\" data-id=\"9363477\" data-element_type=\"widget\" data-widget_type=\"image.default\">\n\t\t\t\t<div class=\"elementor-widget-container\">\n\t\t\t\t\t\t\t\t\t\t\t\t\t\t\t<img fetchpriority=\"high\" decoding=\"async\" width=\"1112\" height=\"170\" src=\"https:\/\/www3.santoandre.sp.gov.br\/portaldoempreendedor\/wp-content\/uploads\/2023\/06\/PLANO-DE-NEGOCIO.png\" class=\"attachment-full size-full wp-image-5428\" alt=\"\" srcset=\"https:\/\/www3.santoandre.sp.gov.br\/portaldoempreendedor\/wp-content\/uploads\/2023\/06\/PLANO-DE-NEGOCIO.png 1112w, https:\/\/www3.santoandre.sp.gov.br\/portaldoempreendedor\/wp-content\/uploads\/2023\/06\/PLANO-DE-NEGOCIO-300x46.png 300w, https:\/\/www3.santoandre.sp.gov.br\/portaldoempreendedor\/wp-content\/uploads\/2023\/06\/PLANO-DE-NEGOCIO-1024x157.png 1024w, https:\/\/www3.santoandre.sp.gov.br\/portaldoempreendedor\/wp-content\/uploads\/2023\/06\/PLANO-DE-NEGOCIO-768x117.png 768w\" sizes=\"(max-width: 1112px) 100vw, 1112px\" \/>\t\t\t\t\t\t\t\t\t\t\t\t\t\t\t<\/div>\n\t\t\t\t<\/div>\n\t\t\t\t<div class=\"elementor-element elementor-element-3316fe1e elementor-widget elementor-widget-text-editor\" data-id=\"3316fe1e\" data-element_type=\"widget\" data-widget_type=\"text-editor.default\">\n\t\t\t\t<div class=\"elementor-widget-container\">\n\t\t\t\t\t\t\t\t\t<p>O Plano de Neg\u00f3cio \u00e9 um documento que descreve por escrito os objetivos de um neg\u00f3cio e quais passos devem ser dados para que esses objetivos sejam alcan\u00e7ados, diminuindo os riscos e as incertezas. Um Plano de Neg\u00f3cio permite identificar e restringir seus erros no papel, ao inv\u00e9s de comet\u00ea-los no mercado.<\/p><p>Entenda o que \u00e9 um plano de neg\u00f3cios, por que \u00e9 importante e tudo o que voc\u00ea precisa saber para criar o seu plano de neg\u00f3cio. <a href=\"https:\/\/www.sebrae.com.br\/sites\/PortalSebrae\/artigos\/como-elaborar-um-plano-de-negocio,37d2438af1c92410VgnVCM100000b272010aRCRD\">Clique aqui.<\/a><\/p><p><strong><br \/>Plano de Neg\u00f3cio Sebrae 2021:<\/strong><\/p><p><a href=\"https:\/\/www3.santoandre.sp.gov.br\/portaldoempreendedor\/wp-content\/uploads\/2021\/05\/Plano-de-Negocio.tif\"><img decoding=\"async\" class=\"alignnone size-medium wp-image-2439\" src=\"https:\/\/www3.santoandre.sp.gov.br\/portaldoempreendedor\/wp-content\/uploads\/2021\/05\/Plano-de-Negocio.tif\" alt=\"\" width=\"1\" height=\"1\" \/><\/a><a href=\"https:\/\/www3.santoandre.sp.gov.br\/portaldoempreendedor\/wp-content\/uploads\/2021\/05\/PLANO-NEGOCIO-SEBRAE-2021.pdf\"><img decoding=\"async\" class=\"alignnone size-medium wp-image-2440\" src=\"https:\/\/www3.santoandre.sp.gov.br\/portaldoempreendedor\/wp-content\/uploads\/2021\/05\/Plano-de-Negocio-210x300.jpg\" alt=\"\" width=\"210\" height=\"300\" srcset=\"https:\/\/www3.santoandre.sp.gov.br\/portaldoempreendedor\/wp-content\/uploads\/2021\/05\/Plano-de-Negocio-210x300.jpg 210w, https:\/\/www3.santoandre.sp.gov.br\/portaldoempreendedor\/wp-content\/uploads\/2021\/05\/Plano-de-Negocio-718x1024.jpg 718w, https:\/\/www3.santoandre.sp.gov.br\/portaldoempreendedor\/wp-content\/uploads\/2021\/05\/Plano-de-Negocio-768x1095.jpg 768w, https:\/\/www3.santoandre.sp.gov.br\/portaldoempreendedor\/wp-content\/uploads\/2021\/05\/Plano-de-Negocio.jpg 973w\" sizes=\"(max-width: 210px) 100vw, 210px\" \/><\/a><\/p>\t\t\t\t\t\t\t\t<\/div>\n\t\t\t\t<\/div>\n\t\t\t\t\t<\/div>\n\t\t<\/div>\n\t\t\t\t\t<\/div>\n\t\t<\/section>\n\t\t\t\t<\/div>\n\t\t","protected":false},"excerpt":{"rendered":"<p>O Plano de Neg\u00f3cio \u00e9 um documento que descreve por escrito os objetivos de um neg\u00f3cio e quais passos devem ser dados para que esses objetivos sejam alcan\u00e7ados, diminuindo os &#8230;<\/p>\n","protected":false},"author":2,"featured_media":0,"parent":0,"menu_order":0,"comment_status":"closed","ping_status":"closed","template":"","meta":{"_themeisle_gutenberg_block_has_review":false,"footnotes":""},"class_list":["post-2009","page","type-page","status-publish","hentry"],"jetpack_sharing_enabled":true,"_links":{"self":[{"href":"https:\/\/www3.santoandre.sp.gov.br\/portaldoempreendedor\/index.php\/wp-json\/wp\/v2\/pages\/2009","targetHints":{"allow":["GET"]}}],"collection":[{"href":"https:\/\/www3.santoandre.sp.gov.br\/portaldoempreendedor\/index.php\/wp-json\/wp\/v2\/pages"}],"about":[{"href":"https:\/\/www3.santoandre.sp.gov.br\/portaldoempreendedor\/index.php\/wp-json\/wp\/v2\/types\/page"}],"author":[{"embeddable":true,"href":"https:\/\/www3.santoandre.sp.gov.br\/portaldoempreendedor\/index.php\/wp-json\/wp\/v2\/users\/2"}],"replies":[{"embeddable":true,"href":"https:\/\/www3.santoandre.sp.gov.br\/portaldoempreendedor\/index.php\/wp-json\/wp\/v2\/comments?post=2009"}],"version-history":[{"count":17,"href":"https:\/\/www3.santoandre.sp.gov.br\/portaldoempreendedor\/index.php\/wp-json\/wp\/v2\/pages\/2009\/revisions"}],"predecessor-version":[{"id":5475,"href":"https:\/\/www3.santoandre.sp.gov.br\/portaldoempreendedor\/index.php\/wp-json\/wp\/v2\/pages\/2009\/revisions\/5475"}],"wp:attachment":[{"href":"https:\/\/www3.santoandre.sp.gov.br\/portaldoempreendedor\/index.php\/wp-json\/wp\/v2\/media?parent=2009"}],"curies":[{"name":"wp","href":"https:\/\/api.w.org\/{rel}","templated":true}]}}