{"id":1996,"date":"2021-04-13T11:58:55","date_gmt":"2021-04-13T14:58:55","guid":{"rendered":"https:\/\/www3.santoandre.sp.gov.br\/portaldoempreendedor\/?page_id=1996"},"modified":"2023-06-14T14:34:12","modified_gmt":"2023-06-14T17:34:12","slug":"anuncio-em-espaco-publico","status":"publish","type":"page","link":"https:\/\/www3.santoandre.sp.gov.br\/portaldoempreendedor\/index.php\/anuncio-em-espaco-publico\/","title":{"rendered":"An\u00fancio Provis\u00f3rio em Espa\u00e7o P\u00fablico"},"content":{"rendered":"\t\t<div data-elementor-type=\"wp-page\" data-elementor-id=\"1996\" class=\"elementor elementor-1996\">\n\t\t\t\t\t\t<section class=\"elementor-section elementor-top-section elementor-element elementor-element-180ae1f5 elementor-section-boxed elementor-section-height-default elementor-section-height-default\" data-id=\"180ae1f5\" data-element_type=\"section\">\n\t\t\t\t\t\t<div class=\"elementor-container elementor-column-gap-default\">\n\t\t\t\t\t<div class=\"elementor-column elementor-col-100 elementor-top-column elementor-element elementor-element-13708f86\" data-id=\"13708f86\" data-element_type=\"column\">\n\t\t\t<div class=\"elementor-widget-wrap elementor-element-populated\">\n\t\t\t\t\t\t<div class=\"elementor-element elementor-element-1f0ddc8 elementor-widget elementor-widget-image\" data-id=\"1f0ddc8\" data-element_type=\"widget\" data-widget_type=\"image.default\">\n\t\t\t\t<div class=\"elementor-widget-container\">\n\t\t\t\t\t\t\t\t\t\t\t\t\t\t\t<img fetchpriority=\"high\" decoding=\"async\" width=\"800\" height=\"123\" src=\"https:\/\/www3.santoandre.sp.gov.br\/portaldoempreendedor\/wp-content\/uploads\/2023\/06\/ANUNCIO-PROVISORIO-EM-ESPACO-PUBLICO-1024x157.png\" class=\"attachment-large size-large wp-image-5521\" alt=\"\" srcset=\"https:\/\/www3.santoandre.sp.gov.br\/portaldoempreendedor\/wp-content\/uploads\/2023\/06\/ANUNCIO-PROVISORIO-EM-ESPACO-PUBLICO-1024x157.png 1024w, https:\/\/www3.santoandre.sp.gov.br\/portaldoempreendedor\/wp-content\/uploads\/2023\/06\/ANUNCIO-PROVISORIO-EM-ESPACO-PUBLICO-300x46.png 300w, https:\/\/www3.santoandre.sp.gov.br\/portaldoempreendedor\/wp-content\/uploads\/2023\/06\/ANUNCIO-PROVISORIO-EM-ESPACO-PUBLICO-768x117.png 768w, https:\/\/www3.santoandre.sp.gov.br\/portaldoempreendedor\/wp-content\/uploads\/2023\/06\/ANUNCIO-PROVISORIO-EM-ESPACO-PUBLICO.png 1112w\" sizes=\"(max-width: 800px) 100vw, 800px\" \/>\t\t\t\t\t\t\t\t\t\t\t\t\t\t\t<\/div>\n\t\t\t\t<\/div>\n\t\t\t\t<div class=\"elementor-element elementor-element-32f4b82 elementor-widget elementor-widget-text-editor\" data-id=\"32f4b82\" data-element_type=\"widget\" data-widget_type=\"text-editor.default\">\n\t\t\t\t<div class=\"elementor-widget-container\">\n\t\t\t\t\t\t\t\t\t<p>Trata da fiscaliza\u00e7\u00e3o de an\u00fancios provis\u00f3rios (faixas e banners) colocados nas vias e logradouros p\u00fablicos do munic\u00edpio.<\/p><p><strong><u>SERVI\u00c7OS PRESENCIAIS: <\/u><\/strong><\/p><p><strong><u>Quando solicitar:<\/u><\/strong><\/p><ul><li>30 dias<\/li><\/ul><p><strong><u>Canais de atendimento para solicitar o servi\u00e7o:<\/u><\/strong><\/p><ul><li>Pra\u00e7a de Atendimento \u2013 Geral<\/li><\/ul><p><strong><u>Requisitos, Documentos e Informa\u00e7\u00f5es para solicitar o servi\u00e7o:<\/u><\/strong><\/p><ul><li>Completa identifica\u00e7\u00e3o do requerente (nome, endere\u00e7o, inscri\u00e7\u00e3o municipal, CMC ou<\/li><li>CPF\/CNPJ).<\/li><li>Pessoa jur\u00eddica\u00a0(c\u00f3pia do contrato social ou estatuto).<\/li><li>Pessoa f\u00edsica\u00a0(c\u00f3pia do RG e CPF).<\/li><li>Nome e endere\u00e7o do contratado para confec\u00e7\u00e3o e coloca\u00e7\u00e3o da faixa.<\/li><li>Evento com patrocinadores, mencionar nome e endere\u00e7o.<\/li><li>Croqui da faixa com mensagem e medidas (padr\u00e3o \u2013 5m X 0,80m).<\/li><li>Entidades sem fins lucrativos pagam somente taxa de pre\u00e7o p\u00fablico.<\/li><li>Pontos que deseja colocar os an\u00fancios, dentre os 15 indicados pela Prefeitura.<\/li><li>S\u00e3o autorizados 05 (cinco) pontos por 15 dias.<\/li><\/ul><p><u>Legisla\u00e7\u00e3o\/Norma que regula o servi\u00e7o:<\/u><\/p><ul><li>Lei 6.757\/1990; Decreto 13.048\/1992.<\/li><\/ul><p><u>Informa\u00e7\u00f5es sobre as condi\u00e7\u00f5es de acessibilidade, sinaliza\u00e7\u00e3o, limpeza e conforto dos locais de atendimento:<\/u><\/p><ul><li>O usu\u00e1rio do servi\u00e7o p\u00fablico, conforme estabelecido pela lei n\u00ba 13.460\/17, tem direito a atendimento presencial, quando necess\u00e1rio, em instala\u00e7\u00f5es salubres, seguras, sinalizadas, acess\u00edveis e adequadas ao servi\u00e7o e ao atendimento.<\/li><\/ul><p><strong><u>Informa\u00e7\u00e3o sobre quem tem direito a tratamento priorit\u00e1rio<\/u><\/strong><\/p><ul><li>Tem direito a atendimento priorit\u00e1rio as pessoas com defici\u00eancia, os idosos com idade igual ou superior a 60 anos, as gestantes, as lactantes, as pessoas com crian\u00e7as de colo e os obesos, conforme estabelecido pela lei 10.048, de 8 de novembro de 2000.<\/li><\/ul><p><strong><u>Taxas cobradas:<\/u><\/strong><\/p><ul><li>Conforme Lei n. 6748\/1990 e Decreto n. 12813\/1991.<\/li><\/ul><p><strong><u>Prazo para a presta\u00e7\u00e3o do servi\u00e7o:<\/u><\/strong><\/p><ul><li>08 dias \u00fateis.<\/li><\/ul><p><strong><u>Principais Etapas do Servi\u00e7o \u2013 Passo a passo :<\/u><\/strong><\/p><ul><li>O requerente dever\u00e1 dirigir-se \u00e0 Pra\u00e7a de Atendimento, portanto a documenta\u00e7\u00e3o exigida e solicitar abertura de processo administrativo requerendo autoriza\u00e7\u00e3o para coloca\u00e7\u00e3o de an\u00fancio provis\u00f3rio, obedecendo os tr\u00e2mites administrativos pertinentes.<\/li><\/ul><p><strong>\u00a0<\/strong><\/p><p><strong>Telefones<\/strong>:<\/p><p><strong>Secretaria de Finan\u00e7as:<\/strong> 156 ou 0800 019 19 44 ou 4433-0111<\/p>\t\t\t\t\t\t\t\t<\/div>\n\t\t\t\t<\/div>\n\t\t\t\t\t<\/div>\n\t\t<\/div>\n\t\t\t\t\t<\/div>\n\t\t<\/section>\n\t\t\t\t<\/div>\n\t\t","protected":false},"excerpt":{"rendered":"<p>Trata da fiscaliza\u00e7\u00e3o de an\u00fancios provis\u00f3rios (faixas e banners) colocados nas vias e logradouros p\u00fablicos do munic\u00edpio. SERVI\u00c7OS PRESENCIAIS: Quando solicitar: 30 dias Canais de atendimento para solicitar o servi\u00e7o: &#8230;<\/p>\n","protected":false},"author":2,"featured_media":0,"parent":0,"menu_order":0,"comment_status":"closed","ping_status":"closed","template":"","meta":{"_themeisle_gutenberg_block_has_review":false,"footnotes":""},"class_list":["post-1996","page","type-page","status-publish","hentry"],"jetpack_sharing_enabled":true,"_links":{"self":[{"href":"https:\/\/www3.santoandre.sp.gov.br\/portaldoempreendedor\/index.php\/wp-json\/wp\/v2\/pages\/1996","targetHints":{"allow":["GET"]}}],"collection":[{"href":"https:\/\/www3.santoandre.sp.gov.br\/portaldoempreendedor\/index.php\/wp-json\/wp\/v2\/pages"}],"about":[{"href":"https:\/\/www3.santoandre.sp.gov.br\/portaldoempreendedor\/index.php\/wp-json\/wp\/v2\/types\/page"}],"author":[{"embeddable":true,"href":"https:\/\/www3.santoandre.sp.gov.br\/portaldoempreendedor\/index.php\/wp-json\/wp\/v2\/users\/2"}],"replies":[{"embeddable":true,"href":"https:\/\/www3.santoandre.sp.gov.br\/portaldoempreendedor\/index.php\/wp-json\/wp\/v2\/comments?post=1996"}],"version-history":[{"count":7,"href":"https:\/\/www3.santoandre.sp.gov.br\/portaldoempreendedor\/index.php\/wp-json\/wp\/v2\/pages\/1996\/revisions"}],"predecessor-version":[{"id":5524,"href":"https:\/\/www3.santoandre.sp.gov.br\/portaldoempreendedor\/index.php\/wp-json\/wp\/v2\/pages\/1996\/revisions\/5524"}],"wp:attachment":[{"href":"https:\/\/www3.santoandre.sp.gov.br\/portaldoempreendedor\/index.php\/wp-json\/wp\/v2\/media?parent=1996"}],"curies":[{"name":"wp","href":"https:\/\/api.w.org\/{rel}","templated":true}]}}