{"id":1991,"date":"2021-04-13T11:44:32","date_gmt":"2021-04-13T14:44:32","guid":{"rendered":"https:\/\/www3.santoandre.sp.gov.br\/portaldoempreendedor\/?page_id=1991"},"modified":"2023-06-14T17:09:15","modified_gmt":"2023-06-14T20:09:15","slug":"cadastro-autonomo","status":"publish","type":"page","link":"https:\/\/www3.santoandre.sp.gov.br\/portaldoempreendedor\/index.php\/cadastro-autonomo\/","title":{"rendered":"Cadastro Aut\u00f4nomo"},"content":{"rendered":"\t\t<div data-elementor-type=\"wp-page\" data-elementor-id=\"1991\" class=\"elementor elementor-1991\">\n\t\t\t\t\t\t<section class=\"elementor-section elementor-top-section elementor-element elementor-element-7e96cac4 elementor-section-boxed elementor-section-height-default elementor-section-height-default\" data-id=\"7e96cac4\" data-element_type=\"section\">\n\t\t\t\t\t\t<div class=\"elementor-container elementor-column-gap-default\">\n\t\t\t\t\t<div class=\"elementor-column elementor-col-100 elementor-top-column elementor-element elementor-element-4231a7c2\" data-id=\"4231a7c2\" data-element_type=\"column\">\n\t\t\t<div class=\"elementor-widget-wrap elementor-element-populated\">\n\t\t\t\t\t\t<div class=\"elementor-element elementor-element-b48fcb4 elementor-widget elementor-widget-image\" data-id=\"b48fcb4\" data-element_type=\"widget\" data-widget_type=\"image.default\">\n\t\t\t\t<div class=\"elementor-widget-container\">\n\t\t\t\t\t\t\t\t\t\t\t\t\t\t\t<img fetchpriority=\"high\" decoding=\"async\" width=\"1112\" height=\"170\" src=\"https:\/\/www3.santoandre.sp.gov.br\/portaldoempreendedor\/wp-content\/uploads\/2023\/06\/TRIBUTOS.png\" class=\"attachment-full size-full wp-image-5621\" alt=\"\" srcset=\"https:\/\/www3.santoandre.sp.gov.br\/portaldoempreendedor\/wp-content\/uploads\/2023\/06\/TRIBUTOS.png 1112w, https:\/\/www3.santoandre.sp.gov.br\/portaldoempreendedor\/wp-content\/uploads\/2023\/06\/TRIBUTOS-300x46.png 300w, https:\/\/www3.santoandre.sp.gov.br\/portaldoempreendedor\/wp-content\/uploads\/2023\/06\/TRIBUTOS-1024x157.png 1024w, https:\/\/www3.santoandre.sp.gov.br\/portaldoempreendedor\/wp-content\/uploads\/2023\/06\/TRIBUTOS-768x117.png 768w\" sizes=\"(max-width: 1112px) 100vw, 1112px\" \/>\t\t\t\t\t\t\t\t\t\t\t\t\t\t\t<\/div>\n\t\t\t\t<\/div>\n\t\t\t\t<div class=\"elementor-element elementor-element-6c4031ce elementor-widget elementor-widget-text-editor\" data-id=\"6c4031ce\" data-element_type=\"widget\" data-widget_type=\"text-editor.default\">\n\t\t\t\t<div class=\"elementor-widget-container\">\n\t\t\t\t\t\t\t\t\t<p><span style=\"color: var( --e-global-color-text ); font-family: var( --e-global-typography-text-font-family ), Sans-serif; font-size: 0.875rem; font-weight: var( --e-global-typography-text-font-weight );\">Para legalizar o exerc\u00edcio da atividade o interessado dever\u00e1 providenciar a inscri\u00e7\u00e3o no Cadastro Municipal de Contribuintes (CMC) junto \u00e0 Prefeitura. Previsto nas Leis Municipais Lei 3999\/72, 5003\/75, 7.614\/97, 8754\/05 e Decreto 14.145\/98.<\/span><\/p><p>O profissional aut\u00f4nomo \u00e9 aquele que N\u00c3O tem ponto fixo de trabalho (sem sede pr\u00f3pria). O local de cadastro \u00e9 seu endere\u00e7o residencial (pode exercer atividades em diversos locais).<\/p><p>F\u00edsico estabelecido &#8211; Pessoas F\u00edsicas com estabelecimento pr\u00f3prio. Lei 7.614\/97 e Decreto 14.145\/98.<\/p><p><strong>\u00a0<\/strong><\/p><p><strong>FORMALIZA\u00c7\u00c3O &#8211; CMC<\/strong><\/p><p>Para inscri\u00e7\u00e3o junto \u00e0 Prefeitura, saiba mais em <a href=\"https:\/\/www3.santoandre.sp.gov.br\/portaldoempreendedor\/index.php\/cadastro-municipal-do-contribuinte\/\">CADASTRO MUNICIPAL DO CONTRIBUINTE SEM CNPJ.<\/a><\/p>\t\t\t\t\t\t\t\t<\/div>\n\t\t\t\t<\/div>\n\t\t\t\t\t<\/div>\n\t\t<\/div>\n\t\t\t\t\t<\/div>\n\t\t<\/section>\n\t\t\t\t<\/div>\n\t\t","protected":false},"excerpt":{"rendered":"<p>Para legalizar o exerc\u00edcio da atividade o interessado dever\u00e1 providenciar a inscri\u00e7\u00e3o no Cadastro Municipal de Contribuintes (CMC) junto \u00e0 Prefeitura. Previsto nas Leis Municipais Lei 3999\/72, 5003\/75, 7.614\/97, 8754\/05 &#8230;<\/p>\n","protected":false},"author":2,"featured_media":0,"parent":0,"menu_order":0,"comment_status":"closed","ping_status":"closed","template":"","meta":{"_themeisle_gutenberg_block_has_review":false,"footnotes":""},"class_list":["post-1991","page","type-page","status-publish","hentry"],"jetpack_sharing_enabled":true,"_links":{"self":[{"href":"https:\/\/www3.santoandre.sp.gov.br\/portaldoempreendedor\/index.php\/wp-json\/wp\/v2\/pages\/1991","targetHints":{"allow":["GET"]}}],"collection":[{"href":"https:\/\/www3.santoandre.sp.gov.br\/portaldoempreendedor\/index.php\/wp-json\/wp\/v2\/pages"}],"about":[{"href":"https:\/\/www3.santoandre.sp.gov.br\/portaldoempreendedor\/index.php\/wp-json\/wp\/v2\/types\/page"}],"author":[{"embeddable":true,"href":"https:\/\/www3.santoandre.sp.gov.br\/portaldoempreendedor\/index.php\/wp-json\/wp\/v2\/users\/2"}],"replies":[{"embeddable":true,"href":"https:\/\/www3.santoandre.sp.gov.br\/portaldoempreendedor\/index.php\/wp-json\/wp\/v2\/comments?post=1991"}],"version-history":[{"count":7,"href":"https:\/\/www3.santoandre.sp.gov.br\/portaldoempreendedor\/index.php\/wp-json\/wp\/v2\/pages\/1991\/revisions"}],"predecessor-version":[{"id":5625,"href":"https:\/\/www3.santoandre.sp.gov.br\/portaldoempreendedor\/index.php\/wp-json\/wp\/v2\/pages\/1991\/revisions\/5625"}],"wp:attachment":[{"href":"https:\/\/www3.santoandre.sp.gov.br\/portaldoempreendedor\/index.php\/wp-json\/wp\/v2\/media?parent=1991"}],"curies":[{"name":"wp","href":"https:\/\/api.w.org\/{rel}","templated":true}]}}