{"id":1908,"date":"2021-04-09T10:41:58","date_gmt":"2021-04-09T13:41:58","guid":{"rendered":"https:\/\/www3.santoandre.sp.gov.br\/portaldoempreendedor\/?page_id=1908"},"modified":"2021-04-26T17:18:18","modified_gmt":"2021-04-26T20:18:18","slug":"cidade-inteligente","status":"publish","type":"page","link":"https:\/\/www3.santoandre.sp.gov.br\/portaldoempreendedor\/index.php\/cidade-inteligente\/","title":{"rendered":"Cidade inteligente"},"content":{"rendered":"\n<p class=\"has-text-align-center\"><strong>Santo Andr\u00e9 aplica as pr\u00e1ticas de Cidade Inteligente na Pr\u00e1tica, para melhoria da qualidade de vida do cidad\u00e3o e do ambiente de neg\u00f3cios para as empresas.<\/strong><\/p>\n\n\n\n<div style=\"height:25px\" aria-hidden=\"true\" class=\"wp-block-spacer\"><\/div>\n\n\n\n<div class=\"wp-block-image\"><figure class=\"aligncenter size-large is-resized\"><a href=\"https:\/\/www.dgabc.com.br\/Noticia\/3529541\/santo-andre-lidera-ranking-nacional-de-cidades-inteligentes\" target=\"_blank\" rel=\"noopener\"><img decoding=\"async\" src=\"https:\/\/www3.santoandre.sp.gov.br\/portaldoempreendedor\/wp-content\/uploads\/2021\/04\/sinditelebrasil-1024x273.png\" alt=\"\" class=\"wp-image-1909\" width=\"276\" height=\"73\" srcset=\"https:\/\/www3.santoandre.sp.gov.br\/portaldoempreendedor\/wp-content\/uploads\/2021\/04\/sinditelebrasil-1024x273.png 1024w, https:\/\/www3.santoandre.sp.gov.br\/portaldoempreendedor\/wp-content\/uploads\/2021\/04\/sinditelebrasil-300x80.png 300w, https:\/\/www3.santoandre.sp.gov.br\/portaldoempreendedor\/wp-content\/uploads\/2021\/04\/sinditelebrasil-768x204.png 768w, https:\/\/www3.santoandre.sp.gov.br\/portaldoempreendedor\/wp-content\/uploads\/2021\/04\/sinditelebrasil-1536x409.png 1536w, https:\/\/www3.santoandre.sp.gov.br\/portaldoempreendedor\/wp-content\/uploads\/2021\/04\/sinditelebrasil-2048x545.png 2048w\" sizes=\"(max-width: 276px) 100vw, 276px\" \/><\/a><figcaption><em>Santo Andr\u00e9  1<sup>a<\/sup> no Ranking Cidades Inteligentes do Brasil (2020) \u2502 Destaque Cidade Amiga da Internet (2020).<\/em><\/figcaption><\/figure><\/div>\n\n\n\n<div style=\"height:25px\" aria-hidden=\"true\" class=\"wp-block-spacer\"><\/div>\n\n\n\n<figure class=\"wp-block-image size-large\"><img fetchpriority=\"high\" decoding=\"async\" width=\"743\" height=\"1024\" src=\"https:\/\/www3.santoandre.sp.gov.br\/portaldoempreendedor\/wp-content\/uploads\/2021\/04\/projetos-Smart-City-743x1024-1.jpg\" alt=\"\" class=\"wp-image-1910\" srcset=\"https:\/\/www3.santoandre.sp.gov.br\/portaldoempreendedor\/wp-content\/uploads\/2021\/04\/projetos-Smart-City-743x1024-1.jpg 743w, https:\/\/www3.santoandre.sp.gov.br\/portaldoempreendedor\/wp-content\/uploads\/2021\/04\/projetos-Smart-City-743x1024-1-218x300.jpg 218w\" sizes=\"(max-width: 743px) 100vw, 743px\" \/><\/figure>\n\n\n\n<figure class=\"wp-block-image size-large\"><img decoding=\"async\" width=\"723\" height=\"1024\" src=\"https:\/\/www3.santoandre.sp.gov.br\/portaldoempreendedor\/wp-content\/uploads\/2021\/04\/projetos-Smart-City-3-723x1024-2.jpg\" alt=\"\" class=\"wp-image-1911\" srcset=\"https:\/\/www3.santoandre.sp.gov.br\/portaldoempreendedor\/wp-content\/uploads\/2021\/04\/projetos-Smart-City-3-723x1024-2.jpg 723w, https:\/\/www3.santoandre.sp.gov.br\/portaldoempreendedor\/wp-content\/uploads\/2021\/04\/projetos-Smart-City-3-723x1024-2-212x300.jpg 212w\" sizes=\"(max-width: 723px) 100vw, 723px\" \/><\/figure>\n\n\n\n<figure class=\"wp-block-image size-large\"><img loading=\"lazy\" decoding=\"async\" width=\"724\" height=\"1024\" src=\"https:\/\/www3.santoandre.sp.gov.br\/portaldoempreendedor\/wp-content\/uploads\/2021\/04\/projetos-Smart-City-4-724x1024-3.jpg\" alt=\"\" class=\"wp-image-1912\" srcset=\"https:\/\/www3.santoandre.sp.gov.br\/portaldoempreendedor\/wp-content\/uploads\/2021\/04\/projetos-Smart-City-4-724x1024-3.jpg 724w, https:\/\/www3.santoandre.sp.gov.br\/portaldoempreendedor\/wp-content\/uploads\/2021\/04\/projetos-Smart-City-4-724x1024-3-212x300.jpg 212w\" sizes=\"(max-width: 724px) 100vw, 724px\" \/><\/figure>\n\n\n\n<figure class=\"wp-block-image size-large\"><img loading=\"lazy\" decoding=\"async\" width=\"721\" height=\"1024\" src=\"https:\/\/www3.santoandre.sp.gov.br\/portaldoempreendedor\/wp-content\/uploads\/2021\/04\/projetos-Smart-City-2-721x1024-4.jpg\" alt=\"\" class=\"wp-image-1913\" srcset=\"https:\/\/www3.santoandre.sp.gov.br\/portaldoempreendedor\/wp-content\/uploads\/2021\/04\/projetos-Smart-City-2-721x1024-4.jpg 721w, https:\/\/www3.santoandre.sp.gov.br\/portaldoempreendedor\/wp-content\/uploads\/2021\/04\/projetos-Smart-City-2-721x1024-4-211x300.jpg 211w\" sizes=\"(max-width: 721px) 100vw, 721px\" \/><\/figure>\n","protected":false},"excerpt":{"rendered":"<p>Santo Andr\u00e9 aplica as pr\u00e1ticas de Cidade Inteligente na Pr\u00e1tica, para melhoria da qualidade de vida do cidad\u00e3o e do ambiente de neg\u00f3cios para as empresas.<\/p>\n","protected":false},"author":2,"featured_media":0,"parent":0,"menu_order":0,"comment_status":"closed","ping_status":"closed","template":"","meta":{"_themeisle_gutenberg_block_has_review":false,"footnotes":""},"class_list":["post-1908","page","type-page","status-publish","hentry"],"jetpack_sharing_enabled":true,"_links":{"self":[{"href":"https:\/\/www3.santoandre.sp.gov.br\/portaldoempreendedor\/index.php\/wp-json\/wp\/v2\/pages\/1908","targetHints":{"allow":["GET"]}}],"collection":[{"href":"https:\/\/www3.santoandre.sp.gov.br\/portaldoempreendedor\/index.php\/wp-json\/wp\/v2\/pages"}],"about":[{"href":"https:\/\/www3.santoandre.sp.gov.br\/portaldoempreendedor\/index.php\/wp-json\/wp\/v2\/types\/page"}],"author":[{"embeddable":true,"href":"https:\/\/www3.santoandre.sp.gov.br\/portaldoempreendedor\/index.php\/wp-json\/wp\/v2\/users\/2"}],"replies":[{"embeddable":true,"href":"https:\/\/www3.santoandre.sp.gov.br\/portaldoempreendedor\/index.php\/wp-json\/wp\/v2\/comments?post=1908"}],"version-history":[{"count":3,"href":"https:\/\/www3.santoandre.sp.gov.br\/portaldoempreendedor\/index.php\/wp-json\/wp\/v2\/pages\/1908\/revisions"}],"predecessor-version":[{"id":2224,"href":"https:\/\/www3.santoandre.sp.gov.br\/portaldoempreendedor\/index.php\/wp-json\/wp\/v2\/pages\/1908\/revisions\/2224"}],"wp:attachment":[{"href":"https:\/\/www3.santoandre.sp.gov.br\/portaldoempreendedor\/index.php\/wp-json\/wp\/v2\/media?parent=1908"}],"curies":[{"name":"wp","href":"https:\/\/api.w.org\/{rel}","templated":true}]}}