{"id":1685,"date":"2021-03-25T19:34:17","date_gmt":"2021-03-25T22:34:17","guid":{"rendered":"https:\/\/www3.santoandre.sp.gov.br\/portaldoempreendedor\/?page_id=1685"},"modified":"2025-07-30T12:35:20","modified_gmt":"2025-07-30T15:35:20","slug":"credito-linhas-publicas","status":"publish","type":"page","link":"https:\/\/www3.santoandre.sp.gov.br\/portaldoempreendedor\/index.php\/credito-linhas-publicas\/","title":{"rendered":"Cr\u00e9dito &#8211; Linhas p\u00fablicas"},"content":{"rendered":"\t\t<div data-elementor-type=\"wp-page\" data-elementor-id=\"1685\" class=\"elementor elementor-1685\">\n\t\t\t\t\t\t<section class=\"elementor-section elementor-top-section elementor-element elementor-element-947ad43 elementor-section-boxed elementor-section-height-default elementor-section-height-default\" data-id=\"947ad43\" data-element_type=\"section\">\n\t\t\t\t\t\t<div class=\"elementor-container elementor-column-gap-default\">\n\t\t\t\t\t<div class=\"elementor-column elementor-col-100 elementor-top-column elementor-element elementor-element-0c7e9cd\" data-id=\"0c7e9cd\" data-element_type=\"column\">\n\t\t\t<div class=\"elementor-widget-wrap elementor-element-populated\">\n\t\t\t\t\t\t<div class=\"elementor-element elementor-element-b17c825 elementor-widget elementor-widget-image\" data-id=\"b17c825\" data-element_type=\"widget\" data-widget_type=\"image.default\">\n\t\t\t\t<div class=\"elementor-widget-container\">\n\t\t\t\t\t\t\t\t\t\t\t\t\t\t\t<img fetchpriority=\"high\" decoding=\"async\" width=\"1112\" height=\"170\" src=\"https:\/\/www3.santoandre.sp.gov.br\/portaldoempreendedor\/wp-content\/uploads\/2023\/06\/PORTAL-DO-EMPREENDEDOR-TOPO-1.png\" class=\"attachment-full size-full wp-image-5409\" alt=\"\" srcset=\"https:\/\/www3.santoandre.sp.gov.br\/portaldoempreendedor\/wp-content\/uploads\/2023\/06\/PORTAL-DO-EMPREENDEDOR-TOPO-1.png 1112w, https:\/\/www3.santoandre.sp.gov.br\/portaldoempreendedor\/wp-content\/uploads\/2023\/06\/PORTAL-DO-EMPREENDEDOR-TOPO-1-300x46.png 300w, https:\/\/www3.santoandre.sp.gov.br\/portaldoempreendedor\/wp-content\/uploads\/2023\/06\/PORTAL-DO-EMPREENDEDOR-TOPO-1-1024x157.png 1024w, https:\/\/www3.santoandre.sp.gov.br\/portaldoempreendedor\/wp-content\/uploads\/2023\/06\/PORTAL-DO-EMPREENDEDOR-TOPO-1-768x117.png 768w\" sizes=\"(max-width: 1112px) 100vw, 1112px\" \/>\t\t\t\t\t\t\t\t\t\t\t\t\t\t\t<\/div>\n\t\t\t\t<\/div>\n\t\t\t\t\t<\/div>\n\t\t<\/div>\n\t\t\t\t\t<\/div>\n\t\t<\/section>\n\t\t\t\t<section class=\"elementor-section elementor-top-section elementor-element elementor-element-a5e219e elementor-section-boxed elementor-section-height-default elementor-section-height-default\" data-id=\"a5e219e\" data-element_type=\"section\">\n\t\t\t\t\t\t<div class=\"elementor-container elementor-column-gap-default\">\n\t\t\t\t\t<div class=\"elementor-column elementor-col-100 elementor-top-column elementor-element elementor-element-b152d29\" data-id=\"b152d29\" data-element_type=\"column\">\n\t\t\t<div class=\"elementor-widget-wrap elementor-element-populated\">\n\t\t\t\t\t\t<div class=\"elementor-element elementor-element-c3a0b7a elementor-widget elementor-widget-text-editor\" data-id=\"c3a0b7a\" data-element_type=\"widget\" data-widget_type=\"text-editor.default\">\n\t\t\t\t<div class=\"elementor-widget-container\">\n\t\t\t\t\t\t\t\t\t<p>Programa Mais Credito Empreendedor apresenta as principais institui\u00e7\u00f5es financeiras e linhas p\u00fablicas de cr\u00e9dito e microcr\u00e9dito produtivo.<\/p>\n<p><em>*A Prefeitura de Santo Andr\u00e9 n\u00e3o se envolve na negocia\u00e7\u00e3o entre o interessado e as institui\u00e7\u00f5es de cr\u00e9dito, sendo o programa municipal uma forma de facilitar o acesso \u00e0s oportunidades dispon\u00edveis no mercado p\u00fablico e privado<\/em><\/p>\t\t\t\t\t\t\t\t<\/div>\n\t\t\t\t<\/div>\n\t\t\t\t\t<\/div>\n\t\t<\/div>\n\t\t\t\t\t<\/div>\n\t\t<\/section>\n\t\t\t\t<section class=\"elementor-section elementor-top-section elementor-element elementor-element-4b17ac7 elementor-section-boxed elementor-section-height-default elementor-section-height-default\" data-id=\"4b17ac7\" data-element_type=\"section\">\n\t\t\t\t\t\t<div class=\"elementor-container elementor-column-gap-default\">\n\t\t\t\t\t<div class=\"elementor-column elementor-col-100 elementor-top-column elementor-element elementor-element-44b9099\" data-id=\"44b9099\" data-element_type=\"column\">\n\t\t\t<div class=\"elementor-widget-wrap elementor-element-populated\">\n\t\t\t\t\t\t<div class=\"elementor-element elementor-element-34ccae7 elementor-widget-divider--view-line elementor-widget elementor-widget-divider\" data-id=\"34ccae7\" data-element_type=\"widget\" data-widget_type=\"divider.default\">\n\t\t\t\t<div class=\"elementor-widget-container\">\n\t\t\t\t\t\t\t<div class=\"elementor-divider\">\n\t\t\t<span class=\"elementor-divider-separator\">\n\t\t\t\t\t\t<\/span>\n\t\t<\/div>\n\t\t\t\t\t\t<\/div>\n\t\t\t\t<\/div>\n\t\t\t\t\t<\/div>\n\t\t<\/div>\n\t\t\t\t\t<\/div>\n\t\t<\/section>\n\t\t\t\t<section class=\"elementor-section elementor-top-section elementor-element elementor-element-74fd660 elementor-section-boxed elementor-section-height-default elementor-section-height-default\" data-id=\"74fd660\" data-element_type=\"section\">\n\t\t\t\t\t\t<div class=\"elementor-container elementor-column-gap-default\">\n\t\t\t\t\t<div class=\"elementor-column elementor-col-33 elementor-top-column elementor-element elementor-element-9bd2afb\" data-id=\"9bd2afb\" data-element_type=\"column\">\n\t\t\t<div class=\"elementor-widget-wrap elementor-element-populated\">\n\t\t\t\t\t\t<div class=\"elementor-element elementor-element-31eb0f8 elementor-widget elementor-widget-image\" data-id=\"31eb0f8\" data-element_type=\"widget\" data-widget_type=\"image.default\">\n\t\t\t\t<div class=\"elementor-widget-container\">\n\t\t\t\t\t\t\t\t\t\t\t\t\t\t\t<img decoding=\"async\" width=\"800\" height=\"489\" src=\"https:\/\/www3.santoandre.sp.gov.br\/portaldoempreendedor\/wp-content\/uploads\/2023\/02\/Desenvolve-SP-1024x626.png\" class=\"attachment-large size-large wp-image-4282\" alt=\"\" srcset=\"https:\/\/www3.santoandre.sp.gov.br\/portaldoempreendedor\/wp-content\/uploads\/2023\/02\/Desenvolve-SP-1024x626.png 1024w, https:\/\/www3.santoandre.sp.gov.br\/portaldoempreendedor\/wp-content\/uploads\/2023\/02\/Desenvolve-SP-300x183.png 300w, https:\/\/www3.santoandre.sp.gov.br\/portaldoempreendedor\/wp-content\/uploads\/2023\/02\/Desenvolve-SP-768x470.png 768w, https:\/\/www3.santoandre.sp.gov.br\/portaldoempreendedor\/wp-content\/uploads\/2023\/02\/Desenvolve-SP.png 1500w\" sizes=\"(max-width: 800px) 100vw, 800px\" \/>\t\t\t\t\t\t\t\t\t\t\t\t\t\t\t<\/div>\n\t\t\t\t<\/div>\n\t\t\t\t\t<\/div>\n\t\t<\/div>\n\t\t\t\t<div class=\"elementor-column elementor-col-66 elementor-top-column elementor-element elementor-element-e2c1561\" data-id=\"e2c1561\" data-element_type=\"column\">\n\t\t\t<div class=\"elementor-widget-wrap elementor-element-populated\">\n\t\t\t\t\t\t<div class=\"elementor-element elementor-element-cd3747c elementor-widget elementor-widget-text-editor\" data-id=\"cd3747c\" data-element_type=\"widget\" data-widget_type=\"text-editor.default\">\n\t\t\t\t<div class=\"elementor-widget-container\">\n\t\t\t\t\t\t\t\t\t<p><strong>DESENVOLVE GIRO EXPORTADOR<\/strong><\/p><p>A medida \u00e9 uma parceria entre a Desenvolve SP, ag\u00eancia de fomento do Estado, a Secretaria de Desenvolvimento Econ\u00f4mico e a Secretaria da Fazenda e Planejamento. O objetivo \u00e9 mitigar os efeitos econ\u00f4micos da nova tarifa que pode ser aplicada pelo governo americano e preservar a competitividade das empresas paulistas, sobretudo aquelas com maior valor agregado na produ\u00e7\u00e3o.<br \/>Condi\u00e7\u00f5es da Linha:<br \/><strong><br \/>A nova linha oferece condi\u00e7\u00f5es especiais:<\/strong><\/p><ul><li>Taxas a partir de 0,27% ao m\u00eas + IPCA<\/li><li>Prazo de at\u00e9 60 meses para pagamento<\/li><li>Car\u00eancia de at\u00e9 12 meses (inclusa no prazo total)<\/li><li>Limite de financiamento: at\u00e9 R$ 20 milh\u00f5es por cliente.<p>A Linha Giro Exportador integra um pacote de a\u00e7\u00f5es do Governo de S\u00e3o Paulo para enfrentar os desdobramentos da pol\u00edtica tarif\u00e1ria dos Estados Unidos, sem perder de vista o fortalecimento da base produtiva paulista. Entre as medidas recentemente anunciadas est\u00e1 tamb\u00e9m a libera\u00e7\u00e3o de cr\u00e9ditos de ICMS acumulados para empresas exportadoras, al\u00e9m da amplia\u00e7\u00e3o do Fundo Garantidor, que viabiliza maior acesso ao cr\u00e9dito com menos exig\u00eancia de garantias.<br \/><br \/><strong>Empresas interessadas poder\u00e3o solicitar o cr\u00e9dito diretamente no site da Desenvolve SP<\/strong><strong>:<\/strong>\u00a0<a href=\"https:\/\/www.desenvolvesp.com.br\/\">https:\/\/www.desenvolvesp.com.br\/<\/a><\/p><\/li><\/ul>\t\t\t\t\t\t\t\t<\/div>\n\t\t\t\t<\/div>\n\t\t\t\t\t<\/div>\n\t\t<\/div>\n\t\t\t\t\t<\/div>\n\t\t<\/section>\n\t\t\t\t<section class=\"elementor-section elementor-top-section elementor-element elementor-element-e150c62 elementor-section-boxed elementor-section-height-default elementor-section-height-default\" data-id=\"e150c62\" data-element_type=\"section\">\n\t\t\t\t\t\t<div class=\"elementor-container elementor-column-gap-default\">\n\t\t\t\t\t<div class=\"elementor-column elementor-col-100 elementor-top-column elementor-element elementor-element-63724f2\" data-id=\"63724f2\" data-element_type=\"column\">\n\t\t\t<div class=\"elementor-widget-wrap elementor-element-populated\">\n\t\t\t\t\t\t<div class=\"elementor-element elementor-element-af13b85 elementor-widget-divider--view-line elementor-widget elementor-widget-divider\" data-id=\"af13b85\" data-element_type=\"widget\" data-widget_type=\"divider.default\">\n\t\t\t\t<div class=\"elementor-widget-container\">\n\t\t\t\t\t\t\t<div class=\"elementor-divider\">\n\t\t\t<span class=\"elementor-divider-separator\">\n\t\t\t\t\t\t<\/span>\n\t\t<\/div>\n\t\t\t\t\t\t<\/div>\n\t\t\t\t<\/div>\n\t\t\t\t\t<\/div>\n\t\t<\/div>\n\t\t\t\t\t<\/div>\n\t\t<\/section>\n\t\t\t\t<section class=\"elementor-section elementor-top-section elementor-element elementor-element-2539097 elementor-section-boxed elementor-section-height-default elementor-section-height-default\" data-id=\"2539097\" data-element_type=\"section\">\n\t\t\t\t\t\t<div class=\"elementor-container elementor-column-gap-default\">\n\t\t\t\t\t<div class=\"elementor-column elementor-col-33 elementor-top-column elementor-element elementor-element-0b93601\" data-id=\"0b93601\" data-element_type=\"column\">\n\t\t\t<div class=\"elementor-widget-wrap elementor-element-populated\">\n\t\t\t\t\t\t<div class=\"elementor-element elementor-element-18dfa03 elementor-widget elementor-widget-image\" data-id=\"18dfa03\" data-element_type=\"widget\" data-widget_type=\"image.default\">\n\t\t\t\t<div class=\"elementor-widget-container\">\n\t\t\t\t\t\t\t\t\t\t\t\t\t\t\t<img decoding=\"async\" width=\"800\" height=\"489\" src=\"https:\/\/www3.santoandre.sp.gov.br\/portaldoempreendedor\/wp-content\/uploads\/2023\/02\/Desenvolve-SP-1024x626.png\" class=\"attachment-large size-large wp-image-4282\" alt=\"\" srcset=\"https:\/\/www3.santoandre.sp.gov.br\/portaldoempreendedor\/wp-content\/uploads\/2023\/02\/Desenvolve-SP-1024x626.png 1024w, https:\/\/www3.santoandre.sp.gov.br\/portaldoempreendedor\/wp-content\/uploads\/2023\/02\/Desenvolve-SP-300x183.png 300w, https:\/\/www3.santoandre.sp.gov.br\/portaldoempreendedor\/wp-content\/uploads\/2023\/02\/Desenvolve-SP-768x470.png 768w, https:\/\/www3.santoandre.sp.gov.br\/portaldoempreendedor\/wp-content\/uploads\/2023\/02\/Desenvolve-SP.png 1500w\" sizes=\"(max-width: 800px) 100vw, 800px\" \/>\t\t\t\t\t\t\t\t\t\t\t\t\t\t\t<\/div>\n\t\t\t\t<\/div>\n\t\t\t\t\t<\/div>\n\t\t<\/div>\n\t\t\t\t<div class=\"elementor-column elementor-col-66 elementor-top-column elementor-element elementor-element-e4e4b59\" data-id=\"e4e4b59\" data-element_type=\"column\">\n\t\t\t<div class=\"elementor-widget-wrap elementor-element-populated\">\n\t\t\t\t\t\t<div class=\"elementor-element elementor-element-2ec4ff4 elementor-widget elementor-widget-text-editor\" data-id=\"2ec4ff4\" data-element_type=\"widget\" data-widget_type=\"text-editor.default\">\n\t\t\t\t<div class=\"elementor-widget-container\">\n\t\t\t\t\t\t\t\t\t<p><strong>CR\u00c9DITO DIGITAL &#8211; GIRO MICRO E PEQUENA<\/strong><\/p><p>Linha de cr\u00e9dito de capital de giro para auxiliar microempresas paulistas.<\/p><p><strong>Conhe\u00e7a todas as linhas:<\/strong>\u00a0<a href=\"https:\/\/www.desenvolvesp.com.br\/empresas\/opcoes-de-credito\/capital-de-giro\/credito-digital-giro-micro-e-pequena\/\">https:\/\/www.desenvolvesp.com.br\/empresas\/opcoes-de-credito\/capital-de-giro\/credito-digital-giro-micro-e-pequena\/\u00a0<\/a><\/p>\t\t\t\t\t\t\t\t<\/div>\n\t\t\t\t<\/div>\n\t\t\t\t\t<\/div>\n\t\t<\/div>\n\t\t\t\t\t<\/div>\n\t\t<\/section>\n\t\t\t\t<section class=\"elementor-section elementor-top-section elementor-element elementor-element-d3c6c75 elementor-section-boxed elementor-section-height-default elementor-section-height-default\" data-id=\"d3c6c75\" data-element_type=\"section\">\n\t\t\t\t\t\t<div class=\"elementor-container elementor-column-gap-default\">\n\t\t\t\t\t<div class=\"elementor-column elementor-col-100 elementor-top-column elementor-element elementor-element-bece051\" data-id=\"bece051\" data-element_type=\"column\">\n\t\t\t<div class=\"elementor-widget-wrap elementor-element-populated\">\n\t\t\t\t\t\t<div class=\"elementor-element elementor-element-250d029 elementor-widget-divider--view-line elementor-widget elementor-widget-divider\" data-id=\"250d029\" data-element_type=\"widget\" data-widget_type=\"divider.default\">\n\t\t\t\t<div class=\"elementor-widget-container\">\n\t\t\t\t\t\t\t<div class=\"elementor-divider\">\n\t\t\t<span class=\"elementor-divider-separator\">\n\t\t\t\t\t\t<\/span>\n\t\t<\/div>\n\t\t\t\t\t\t<\/div>\n\t\t\t\t<\/div>\n\t\t\t\t\t<\/div>\n\t\t<\/div>\n\t\t\t\t\t<\/div>\n\t\t<\/section>\n\t\t\t\t<section class=\"elementor-section elementor-top-section elementor-element elementor-element-5ea67d6 elementor-section-boxed elementor-section-height-default elementor-section-height-default\" data-id=\"5ea67d6\" data-element_type=\"section\">\n\t\t\t\t\t\t<div class=\"elementor-container elementor-column-gap-default\">\n\t\t\t\t\t<div class=\"elementor-column elementor-col-33 elementor-top-column elementor-element elementor-element-5b66a42\" data-id=\"5b66a42\" data-element_type=\"column\">\n\t\t\t<div class=\"elementor-widget-wrap elementor-element-populated\">\n\t\t\t\t\t\t<div class=\"elementor-element elementor-element-e09c4fc elementor-widget elementor-widget-image\" data-id=\"e09c4fc\" data-element_type=\"widget\" data-widget_type=\"image.default\">\n\t\t\t\t<div class=\"elementor-widget-container\">\n\t\t\t\t\t\t\t\t\t\t\t\t\t\t\t<img decoding=\"async\" width=\"800\" height=\"489\" src=\"https:\/\/www3.santoandre.sp.gov.br\/portaldoempreendedor\/wp-content\/uploads\/2023\/02\/Desenvolve-SP-1024x626.png\" class=\"attachment-large size-large wp-image-4282\" alt=\"\" srcset=\"https:\/\/www3.santoandre.sp.gov.br\/portaldoempreendedor\/wp-content\/uploads\/2023\/02\/Desenvolve-SP-1024x626.png 1024w, https:\/\/www3.santoandre.sp.gov.br\/portaldoempreendedor\/wp-content\/uploads\/2023\/02\/Desenvolve-SP-300x183.png 300w, https:\/\/www3.santoandre.sp.gov.br\/portaldoempreendedor\/wp-content\/uploads\/2023\/02\/Desenvolve-SP-768x470.png 768w, https:\/\/www3.santoandre.sp.gov.br\/portaldoempreendedor\/wp-content\/uploads\/2023\/02\/Desenvolve-SP.png 1500w\" sizes=\"(max-width: 800px) 100vw, 800px\" \/>\t\t\t\t\t\t\t\t\t\t\t\t\t\t\t<\/div>\n\t\t\t\t<\/div>\n\t\t\t\t\t<\/div>\n\t\t<\/div>\n\t\t\t\t<div class=\"elementor-column elementor-col-66 elementor-top-column elementor-element elementor-element-ee64b4a\" data-id=\"ee64b4a\" data-element_type=\"column\">\n\t\t\t<div class=\"elementor-widget-wrap elementor-element-populated\">\n\t\t\t\t\t\t<div class=\"elementor-element elementor-element-e3c4f5d elementor-widget elementor-widget-text-editor\" data-id=\"e3c4f5d\" data-element_type=\"widget\" data-widget_type=\"text-editor.default\">\n\t\t\t\t<div class=\"elementor-widget-container\">\n\t\t\t\t\t\t\t\t\t<p><strong>BNDES AUTOM\u00c1TICO &#8211; LINHA CR\u00c9DITO PEQUENAS EMPRESAS<\/strong><\/p><p>Linha de repasse do Banco Nacional do Desenvolvimento Econ\u00f4mico e Social \u2013 BNDES para pequenas empresas voltada para promover a competitividade das empresas dos setores de ind\u00fastria, com\u00e9rcio e servi\u00e7os por meio de concess\u00e3o de empr\u00e9stimo visando a manuten\u00e7\u00e3o e\/ou gera\u00e7\u00e3o de empregos.<\/p><p><strong>Conhe\u00e7a todas as linhas: <\/strong><a href=\"https:\/\/www.desenvolvesp.com.br\/empresas\/opcoes-de-credito\/capital-de-giro\/bndes-automatico-linha-credito-pequenas-empresas\/\">https:\/\/www.desenvolvesp.com.br\/empresas\/opcoes-de-credito\/capital-de-giro\/bndes-automatico-linha-credito-pequenas-empresas\/<\/a><\/p>\t\t\t\t\t\t\t\t<\/div>\n\t\t\t\t<\/div>\n\t\t\t\t\t<\/div>\n\t\t<\/div>\n\t\t\t\t\t<\/div>\n\t\t<\/section>\n\t\t\t\t<section class=\"elementor-section elementor-top-section elementor-element elementor-element-7622a52 elementor-section-boxed elementor-section-height-default elementor-section-height-default\" data-id=\"7622a52\" data-element_type=\"section\">\n\t\t\t\t\t\t<div class=\"elementor-container elementor-column-gap-default\">\n\t\t\t\t\t<div class=\"elementor-column elementor-col-100 elementor-top-column elementor-element elementor-element-d004f04\" data-id=\"d004f04\" data-element_type=\"column\">\n\t\t\t<div class=\"elementor-widget-wrap elementor-element-populated\">\n\t\t\t\t\t\t<div class=\"elementor-element elementor-element-3baf4d3 elementor-widget-divider--view-line elementor-widget elementor-widget-divider\" data-id=\"3baf4d3\" data-element_type=\"widget\" data-widget_type=\"divider.default\">\n\t\t\t\t<div class=\"elementor-widget-container\">\n\t\t\t\t\t\t\t<div class=\"elementor-divider\">\n\t\t\t<span class=\"elementor-divider-separator\">\n\t\t\t\t\t\t<\/span>\n\t\t<\/div>\n\t\t\t\t\t\t<\/div>\n\t\t\t\t<\/div>\n\t\t\t\t\t<\/div>\n\t\t<\/div>\n\t\t\t\t\t<\/div>\n\t\t<\/section>\n\t\t\t\t<section class=\"elementor-section elementor-top-section elementor-element elementor-element-97beb7f elementor-section-boxed elementor-section-height-default elementor-section-height-default\" data-id=\"97beb7f\" data-element_type=\"section\">\n\t\t\t\t\t\t<div class=\"elementor-container elementor-column-gap-default\">\n\t\t\t\t\t<div class=\"elementor-column elementor-col-33 elementor-top-column elementor-element elementor-element-67b9ffd\" data-id=\"67b9ffd\" data-element_type=\"column\">\n\t\t\t<div class=\"elementor-widget-wrap elementor-element-populated\">\n\t\t\t\t\t\t<div class=\"elementor-element elementor-element-6b3319e elementor-widget elementor-widget-image\" data-id=\"6b3319e\" data-element_type=\"widget\" data-widget_type=\"image.default\">\n\t\t\t\t<div class=\"elementor-widget-container\">\n\t\t\t\t\t\t\t\t\t\t\t\t\t\t\t<img decoding=\"async\" width=\"800\" height=\"489\" src=\"https:\/\/www3.santoandre.sp.gov.br\/portaldoempreendedor\/wp-content\/uploads\/2023\/02\/Desenvolve-SP-1024x626.png\" class=\"attachment-large size-large wp-image-4282\" alt=\"\" srcset=\"https:\/\/www3.santoandre.sp.gov.br\/portaldoempreendedor\/wp-content\/uploads\/2023\/02\/Desenvolve-SP-1024x626.png 1024w, https:\/\/www3.santoandre.sp.gov.br\/portaldoempreendedor\/wp-content\/uploads\/2023\/02\/Desenvolve-SP-300x183.png 300w, https:\/\/www3.santoandre.sp.gov.br\/portaldoempreendedor\/wp-content\/uploads\/2023\/02\/Desenvolve-SP-768x470.png 768w, https:\/\/www3.santoandre.sp.gov.br\/portaldoempreendedor\/wp-content\/uploads\/2023\/02\/Desenvolve-SP.png 1500w\" sizes=\"(max-width: 800px) 100vw, 800px\" \/>\t\t\t\t\t\t\t\t\t\t\t\t\t\t\t<\/div>\n\t\t\t\t<\/div>\n\t\t\t\t\t<\/div>\n\t\t<\/div>\n\t\t\t\t<div class=\"elementor-column elementor-col-66 elementor-top-column elementor-element elementor-element-853776e\" data-id=\"853776e\" data-element_type=\"column\">\n\t\t\t<div class=\"elementor-widget-wrap elementor-element-populated\">\n\t\t\t\t\t\t<div class=\"elementor-element elementor-element-285db39 elementor-widget elementor-widget-text-editor\" data-id=\"285db39\" data-element_type=\"widget\" data-widget_type=\"text-editor.default\">\n\t\t\t\t<div class=\"elementor-widget-container\">\n\t\t\t\t\t\t\t\t\t<p><strong>PROGRAMA DE CR\u00c9DITO TUR\u00cdSTICO<\/strong><\/p>\n<p>Iniciativa do Desenvolve SP e da Secretaria de Turismo do Estado de S\u00e3o Paulo, buscando promover o crescimento sustent\u00e1vel dos neg\u00f3cios voltados aos servi\u00e7os de atendimento, acomoda\u00e7\u00e3o e infraestrutura para turistas.<\/p>\n<p><strong>Conhe\u00e7a todas as linhas:<\/strong>\u00a0<a href=\"https:\/\/www.desenvolvesp.com.br\/programas-de-governo\/programa-de-credito-turistico\/\">https:\/\/www.desenvolvesp.com.br\/programas-de-governo\/programa-de-credito-turistico\/<\/a><\/p>\t\t\t\t\t\t\t\t<\/div>\n\t\t\t\t<\/div>\n\t\t\t\t\t<\/div>\n\t\t<\/div>\n\t\t\t\t\t<\/div>\n\t\t<\/section>\n\t\t\t\t<\/div>\n\t\t","protected":false},"excerpt":{"rendered":"<p>Programa Mais Credito Empreendedor apresenta as principais institui\u00e7\u00f5es financeiras e linhas p\u00fablicas de cr\u00e9dito e microcr\u00e9dito produtivo. *A Prefeitura de Santo Andr\u00e9 n\u00e3o se envolve na negocia\u00e7\u00e3o entre o interessado &#8230;<\/p>\n","protected":false},"author":2,"featured_media":0,"parent":0,"menu_order":0,"comment_status":"closed","ping_status":"closed","template":"","meta":{"_themeisle_gutenberg_block_has_review":false,"footnotes":""},"class_list":["post-1685","page","type-page","status-publish","hentry"],"jetpack_sharing_enabled":true,"_links":{"self":[{"href":"https:\/\/www3.santoandre.sp.gov.br\/portaldoempreendedor\/index.php\/wp-json\/wp\/v2\/pages\/1685","targetHints":{"allow":["GET"]}}],"collection":[{"href":"https:\/\/www3.santoandre.sp.gov.br\/portaldoempreendedor\/index.php\/wp-json\/wp\/v2\/pages"}],"about":[{"href":"https:\/\/www3.santoandre.sp.gov.br\/portaldoempreendedor\/index.php\/wp-json\/wp\/v2\/types\/page"}],"author":[{"embeddable":true,"href":"https:\/\/www3.santoandre.sp.gov.br\/portaldoempreendedor\/index.php\/wp-json\/wp\/v2\/users\/2"}],"replies":[{"embeddable":true,"href":"https:\/\/www3.santoandre.sp.gov.br\/portaldoempreendedor\/index.php\/wp-json\/wp\/v2\/comments?post=1685"}],"version-history":[{"count":48,"href":"https:\/\/www3.santoandre.sp.gov.br\/portaldoempreendedor\/index.php\/wp-json\/wp\/v2\/pages\/1685\/revisions"}],"predecessor-version":[{"id":9111,"href":"https:\/\/www3.santoandre.sp.gov.br\/portaldoempreendedor\/index.php\/wp-json\/wp\/v2\/pages\/1685\/revisions\/9111"}],"wp:attachment":[{"href":"https:\/\/www3.santoandre.sp.gov.br\/portaldoempreendedor\/index.php\/wp-json\/wp\/v2\/media?parent=1685"}],"curies":[{"name":"wp","href":"https:\/\/api.w.org\/{rel}","templated":true}]}}