{"id":1632,"date":"2021-03-23T18:40:07","date_gmt":"2021-03-23T21:40:07","guid":{"rendered":"https:\/\/www3.santoandre.sp.gov.br\/portaldoempreendedor\/?page_id=1632"},"modified":"2025-07-25T17:28:59","modified_gmt":"2025-07-25T20:28:59","slug":"sala-do-empreendedor","status":"publish","type":"page","link":"https:\/\/www3.santoandre.sp.gov.br\/portaldoempreendedor\/index.php\/sala-do-empreendedor\/","title":{"rendered":"Sala do Empreendedor"},"content":{"rendered":"\t\t<div data-elementor-type=\"wp-page\" data-elementor-id=\"1632\" class=\"elementor elementor-1632\">\n\t\t\t\t\t\t<section class=\"elementor-section elementor-top-section elementor-element elementor-element-3b7061a2 elementor-section-boxed elementor-section-height-default elementor-section-height-default\" data-id=\"3b7061a2\" data-element_type=\"section\">\n\t\t\t\t\t\t<div class=\"elementor-container elementor-column-gap-default\">\n\t\t\t\t\t<div class=\"elementor-column elementor-col-100 elementor-top-column elementor-element elementor-element-188f42cc\" data-id=\"188f42cc\" data-element_type=\"column\">\n\t\t\t<div class=\"elementor-widget-wrap elementor-element-populated\">\n\t\t\t\t\t\t<div class=\"elementor-element elementor-element-d1847da elementor-widget elementor-widget-image\" data-id=\"d1847da\" data-element_type=\"widget\" data-widget_type=\"image.default\">\n\t\t\t\t<div class=\"elementor-widget-container\">\n\t\t\t\t\t\t\t\t\t\t\t\t\t\t\t<img fetchpriority=\"high\" decoding=\"async\" width=\"800\" height=\"123\" src=\"https:\/\/www3.santoandre.sp.gov.br\/portaldoempreendedor\/wp-content\/uploads\/2023\/06\/SALA-DO-EMPREENDEDOR-1-1024x157.png\" class=\"attachment-large size-large wp-image-5690\" alt=\"\" srcset=\"https:\/\/www3.santoandre.sp.gov.br\/portaldoempreendedor\/wp-content\/uploads\/2023\/06\/SALA-DO-EMPREENDEDOR-1-1024x157.png 1024w, https:\/\/www3.santoandre.sp.gov.br\/portaldoempreendedor\/wp-content\/uploads\/2023\/06\/SALA-DO-EMPREENDEDOR-1-300x46.png 300w, https:\/\/www3.santoandre.sp.gov.br\/portaldoempreendedor\/wp-content\/uploads\/2023\/06\/SALA-DO-EMPREENDEDOR-1-768x117.png 768w, https:\/\/www3.santoandre.sp.gov.br\/portaldoempreendedor\/wp-content\/uploads\/2023\/06\/SALA-DO-EMPREENDEDOR-1.png 1112w\" sizes=\"(max-width: 800px) 100vw, 800px\" \/>\t\t\t\t\t\t\t\t\t\t\t\t\t\t\t<\/div>\n\t\t\t\t<\/div>\n\t\t\t\t<div class=\"elementor-element elementor-element-5c741895 elementor-widget elementor-widget-text-editor\" data-id=\"5c741895\" data-element_type=\"widget\" data-widget_type=\"text-editor.default\">\n\t\t\t\t<div class=\"elementor-widget-container\">\n\t\t\t\t\t\t\t\t\t<div class=\"wp-block-image\"><span style=\"color: var( --e-global-color-text ); font-family: var( --e-global-typography-text-font-family ), Sans-serif; font-weight: var( --e-global-typography-text-font-weight ); font-size: 0.875rem;\">A Sala do Empreendedor visa simplificar os procedimentos de registro de empreendedores individuais e micro e pequenas empresas no munic\u00edpio de Santo Andr\u00e9, com atendimento exclusivo ao pr\u00f3prio empreendedor.<\/span><\/div><p><strong>OBJETIVOS<\/strong><\/p><p>Incentivar a formaliza\u00e7\u00e3o de empreendedores informais;<br \/>Centralizar em um \u00fanico local todas as informa\u00e7\u00f5es necess\u00e1rias para formaliza\u00e7\u00e3o e regulariza\u00e7\u00e3o das micro e pequenas empresas;<br \/>Realizar procedimentos necess\u00e1rios para formaliza\u00e7\u00e3o, altera\u00e7\u00e3o e encerramento;<br \/>Reduzir o tempo de formaliza\u00e7\u00e3o das empresas.<\/p><p><strong>SERVI\u00c7OS PRESTADOS<\/strong><\/p><p>Posto do Sebrae Aqui;<br \/>Cadastro fiscal mobili\u00e1rio &#8211; CMC \/ CCM (Inclus\u00e3o\/Altera\u00e7\u00e3o\/Encerramento);<br \/>Emiss\u00e3o de certid\u00f5es municipais;<br \/>Orienta\u00e7\u00e3o de regulariza\u00e7\u00e3o fiscal e tribut\u00e1ria;<br \/>Orienta\u00e7\u00e3o para emiss\u00e3o de Alvar\u00e1 para f\u00edsicos estabelecidos &#8211; Para demais empresas, somente atrav\u00e9s do Via R\u00e1pida Empresa (saiba mais em <a href=\"https:\/\/www3.santoandre.sp.gov.br\/portaldoempreendedor\/index.php\/alvara-de-funcionamento\/\">Licenciamento<\/a>);<br \/>Licen\u00e7a sanit\u00e1ria;<br \/>Servi\u00e7os para Micro Empreendedor Individual (Abertura, Encerramento, Altera\u00e7\u00e3o, Declara\u00e7\u00e3o anual e DAS-SIME);<br \/>Palestras de capacita\u00e7\u00e3o ao empreendedor &#8211; parcerias;<br \/>Informa\u00e7\u00f5es diversas.<\/p><p><strong>SALA DO EMPREENDEDOR<\/strong><\/p><p><strong>Endere\u00e7o:<\/strong>\u00a0Pra\u00e7a IV Centen\u00e1rio, n 1, T\u00e9rreo 1, Centro \u2013 Santo Andr\u00e9 \u2013 SP.<br \/><strong>Atendimento<\/strong>: segunda \u00e0 sexta-feira, das 10h \u00e0s 16h, mediante agendamento pr\u00e9vio<br \/><strong style=\"color: var( --e-global-color-text ); font-family: var( --e-global-typography-text-font-family ), Sans-serif; font-size: 0.875rem;\">Telefone\/WhatsApp: <\/strong>4433-0793<strong style=\"color: var( --e-global-color-text ); font-family: var( --e-global-typography-text-font-family ), Sans-serif; font-size: 0.875rem;\"><br \/>Agendamento<\/strong><span style=\"color: var( --e-global-color-text ); font-family: var( --e-global-typography-text-font-family ), Sans-serif; font-weight: var( --e-global-typography-text-font-weight ); font-size: 0.875rem;\">: <\/span><a style=\"font-family: var( --e-global-typography-text-font-family ), Sans-serif; font-weight: var( --e-global-typography-text-font-weight ); background-color: #ffffff; font-size: 0.875rem;\" href=\"https:\/\/www.santoandre.sp.gov.br\/PortalServico\/Seguranca\/frmLogin.aspx\">https:\/\/www.santoandre.sp.gov.br\/PortalServico\/Seguranca\/frmLogin.aspx<\/a><\/p><p><!-- \/wp:paragraph --><\/p>\t\t\t\t\t\t\t\t<\/div>\n\t\t\t\t<\/div>\n\t\t\t\t\t<\/div>\n\t\t<\/div>\n\t\t\t\t\t<\/div>\n\t\t<\/section>\n\t\t\t\t<\/div>\n\t\t","protected":false},"excerpt":{"rendered":"<p>Receba atendimento exclusivo para formalizar o seu neg\u00f3cio.<\/p>\n","protected":false},"author":4,"featured_media":0,"parent":0,"menu_order":0,"comment_status":"closed","ping_status":"closed","template":"","meta":{"_themeisle_gutenberg_block_has_review":false,"footnotes":""},"class_list":["post-1632","page","type-page","status-publish","hentry"],"jetpack_sharing_enabled":true,"_links":{"self":[{"href":"https:\/\/www3.santoandre.sp.gov.br\/portaldoempreendedor\/index.php\/wp-json\/wp\/v2\/pages\/1632","targetHints":{"allow":["GET"]}}],"collection":[{"href":"https:\/\/www3.santoandre.sp.gov.br\/portaldoempreendedor\/index.php\/wp-json\/wp\/v2\/pages"}],"about":[{"href":"https:\/\/www3.santoandre.sp.gov.br\/portaldoempreendedor\/index.php\/wp-json\/wp\/v2\/types\/page"}],"author":[{"embeddable":true,"href":"https:\/\/www3.santoandre.sp.gov.br\/portaldoempreendedor\/index.php\/wp-json\/wp\/v2\/users\/4"}],"replies":[{"embeddable":true,"href":"https:\/\/www3.santoandre.sp.gov.br\/portaldoempreendedor\/index.php\/wp-json\/wp\/v2\/comments?post=1632"}],"version-history":[{"count":31,"href":"https:\/\/www3.santoandre.sp.gov.br\/portaldoempreendedor\/index.php\/wp-json\/wp\/v2\/pages\/1632\/revisions"}],"predecessor-version":[{"id":9053,"href":"https:\/\/www3.santoandre.sp.gov.br\/portaldoempreendedor\/index.php\/wp-json\/wp\/v2\/pages\/1632\/revisions\/9053"}],"wp:attachment":[{"href":"https:\/\/www3.santoandre.sp.gov.br\/portaldoempreendedor\/index.php\/wp-json\/wp\/v2\/media?parent=1632"}],"curies":[{"name":"wp","href":"https:\/\/api.w.org\/{rel}","templated":true}]}}