{"id":1627,"date":"2021-03-23T18:37:08","date_gmt":"2021-03-23T21:37:08","guid":{"rendered":"https:\/\/www3.santoandre.sp.gov.br\/portaldoempreendedor\/?page_id=1627"},"modified":"2025-08-04T18:11:50","modified_gmt":"2025-08-04T21:11:50","slug":"alvara-de-funcionamento","status":"publish","type":"page","link":"https:\/\/www3.santoandre.sp.gov.br\/portaldoempreendedor\/index.php\/alvara-de-funcionamento\/","title":{"rendered":"Alvar\u00e1 de funcionamento &#8211; FACILITA SP"},"content":{"rendered":"\t\t<div data-elementor-type=\"wp-page\" data-elementor-id=\"1627\" class=\"elementor elementor-1627\">\n\t\t\t\t\t\t<section class=\"elementor-section elementor-top-section elementor-element elementor-element-0c459aa elementor-section-boxed elementor-section-height-default elementor-section-height-default\" data-id=\"0c459aa\" data-element_type=\"section\">\n\t\t\t\t\t\t<div class=\"elementor-container elementor-column-gap-default\">\n\t\t\t\t\t<div class=\"elementor-column elementor-col-100 elementor-top-column elementor-element elementor-element-9628fee\" data-id=\"9628fee\" data-element_type=\"column\">\n\t\t\t<div class=\"elementor-widget-wrap elementor-element-populated\">\n\t\t\t\t\t\t<div class=\"elementor-element elementor-element-c80b70a elementor-widget elementor-widget-image\" data-id=\"c80b70a\" data-element_type=\"widget\" data-widget_type=\"image.default\">\n\t\t\t\t<div class=\"elementor-widget-container\">\n\t\t\t\t\t\t\t\t\t\t\t\t\t\t\t<img fetchpriority=\"high\" decoding=\"async\" width=\"300\" height=\"169\" src=\"https:\/\/www3.santoandre.sp.gov.br\/portaldoempreendedor\/wp-content\/uploads\/2025\/02\/facilita-sp-300x169.png\" class=\"attachment-medium size-medium wp-image-8676\" alt=\"\" srcset=\"https:\/\/www3.santoandre.sp.gov.br\/portaldoempreendedor\/wp-content\/uploads\/2025\/02\/facilita-sp-300x169.png 300w, https:\/\/www3.santoandre.sp.gov.br\/portaldoempreendedor\/wp-content\/uploads\/2025\/02\/facilita-sp-1024x576.png 1024w, https:\/\/www3.santoandre.sp.gov.br\/portaldoempreendedor\/wp-content\/uploads\/2025\/02\/facilita-sp-768x432.png 768w, https:\/\/www3.santoandre.sp.gov.br\/portaldoempreendedor\/wp-content\/uploads\/2025\/02\/facilita-sp-1536x864.png 1536w, https:\/\/www3.santoandre.sp.gov.br\/portaldoempreendedor\/wp-content\/uploads\/2025\/02\/facilita-sp-2048x1152.png 2048w\" sizes=\"(max-width: 300px) 100vw, 300px\" \/>\t\t\t\t\t\t\t\t\t\t\t\t\t\t\t<\/div>\n\t\t\t\t<\/div>\n\t\t\t\t\t<\/div>\n\t\t<\/div>\n\t\t\t\t\t<\/div>\n\t\t<\/section>\n\t\t\t\t<section class=\"elementor-section elementor-top-section elementor-element elementor-element-be37a63 elementor-section-boxed elementor-section-height-default elementor-section-height-default\" data-id=\"be37a63\" data-element_type=\"section\">\n\t\t\t\t\t\t<div class=\"elementor-container elementor-column-gap-default\">\n\t\t\t\t\t<div class=\"elementor-column elementor-col-100 elementor-top-column elementor-element elementor-element-6d064e42\" data-id=\"6d064e42\" data-element_type=\"column\">\n\t\t\t<div class=\"elementor-widget-wrap elementor-element-populated\">\n\t\t\t\t\t\t<div class=\"elementor-element elementor-element-2af460eb elementor-widget elementor-widget-text-editor\" data-id=\"2af460eb\" data-element_type=\"widget\" data-widget_type=\"text-editor.default\">\n\t\t\t\t<div class=\"elementor-widget-container\">\n\t\t\t\t\t\t\t\t\t<figure><\/figure>\n<p><!-- \/wp:image --><\/p>\n<p><!-- wp:spacer {\"height\":30} --><\/p>\n<p><!-- \/wp:spacer --><\/p>\n<p><!-- wp:paragraph --><\/p>\n<p>Para a emiss\u00e3o de Licen\u00e7as, <strong>Santo Andr\u00e9<\/strong> participa do Integrador Estadual <strong>FacilitaSP<\/strong> que \u00e9 o sistema respons\u00e1vel pela integra\u00e7\u00e3o de dados da consulta de viabilidade locacional, registro, inscri\u00e7\u00f5es e licenciamento da empresa. \u00c9 por meio dele que \u00e9 feita a troca de informa\u00e7\u00f5es com os \u00f3rg\u00e3os e entidades federais, estaduais e municipais que s\u00e3o respons\u00e1veis pelo processo de registro e legaliza\u00e7\u00e3o de todas as empresas do Estado de S\u00e3o Paulo.<\/p>\n<p><!-- \/wp:paragraph --><\/p>\n<p><!-- wp:paragraph --><\/p>\n<p>Com o Integrador Estadual, todas as informa\u00e7\u00f5es s\u00e3o prestadas em um \u00fanico lugar. N\u00e3o sendo mais necess\u00e1rios in\u00fameros comparecimentos presenciais \u00e0 Prefeitura, Receita Federal, Corpo de Bombeiros, CETESB, entre outros. Com o Integrador Estadual Paulista, todo o processo \u00e9 feito em um \u00fanico portal, dando simplicidade aos procedimentos de registro. Com o certificado digital, inclusive, tudo \u00e9 feito de forma online, sem sair de casa.<\/p>\n<p><!-- \/wp:paragraph --><\/p>\n<p><!-- wp:paragraph --><\/p>\n<p>A etapa final do processo \u00e9 o Licenciamento da Empresa. \u00c9 por meio dele que \u00e9 emitido o Alvar\u00e1 de Funcionamento (<strong>CLI \u2013 Certificado de Licenciamento Integrado<\/strong>) que autoriza a empresa a iniciar suas atividades. Toda a verifica\u00e7\u00e3o inicial \u00e9 feita automaticamente pelo Integrador Estadual Paulista e, para empresas de Baixo Risco, a autoriza\u00e7\u00e3o \u00e9 feita de forma online, n\u00e3o sendo necess\u00e1rio nenhum comparecimento presencial.<\/p>\n<p><!-- \/wp:paragraph --><\/p>\n<p><!-- wp:paragraph --><\/p>\n<p>Dentro do processo de simplifica\u00e7\u00e3o, desburocratiza\u00e7\u00e3o e agilidade na tramita\u00e7\u00e3o de processos, nossa cidade conta com o sistema <strong>ACTO<\/strong>, o sistema indicar\u00e1 a necessidade da apresenta\u00e7\u00e3o de documentos que deve ser feita por meio do sistema eletr\u00f4nico <a href=\"https:\/\/santoandre.inmov.net.br\/\">clicando aqui.<\/a><\/p>\n<p>As emiss\u00f5es do CMC\/Inscri\u00e7\u00e3o municipal, se d\u00e3o atrav\u00e9s do VRE, por meio totalmente eletr\u00f4nico.<\/p>\n<p>\u00a0<\/p>\n<p><!-- \/wp:paragraph --><\/p>\n<p><!-- wp:paragraph --><\/p>\n<p><!-- \/wp:paragraph --><\/p>\t\t\t\t\t\t\t\t<\/div>\n\t\t\t\t<\/div>\n\t\t\t\t\t<\/div>\n\t\t<\/div>\n\t\t\t\t\t<\/div>\n\t\t<\/section>\n\t\t\t\t<section class=\"elementor-section elementor-top-section elementor-element elementor-element-e49b43b elementor-section-boxed elementor-section-height-default elementor-section-height-default\" data-id=\"e49b43b\" data-element_type=\"section\">\n\t\t\t\t\t\t<div class=\"elementor-container elementor-column-gap-default\">\n\t\t\t\t\t<div class=\"elementor-column elementor-col-100 elementor-top-column elementor-element elementor-element-af8fb76\" data-id=\"af8fb76\" data-element_type=\"column\">\n\t\t\t<div class=\"elementor-widget-wrap elementor-element-populated\">\n\t\t\t\t\t\t<div class=\"elementor-element elementor-element-a246a1d elementor-widget elementor-widget-heading\" data-id=\"a246a1d\" data-element_type=\"widget\" data-widget_type=\"heading.default\">\n\t\t\t\t<div class=\"elementor-widget-container\">\n\t\t\t\t\t<h2 class=\"elementor-heading-title elementor-size-default\">Acessos e Suporte<\/h2>\t\t\t\t<\/div>\n\t\t\t\t<\/div>\n\t\t\t\t\t<\/div>\n\t\t<\/div>\n\t\t\t\t\t<\/div>\n\t\t<\/section>\n\t\t\t\t<section class=\"elementor-section elementor-top-section elementor-element elementor-element-cad6dbc elementor-section-boxed elementor-section-height-default elementor-section-height-default\" data-id=\"cad6dbc\" data-element_type=\"section\">\n\t\t\t\t\t\t<div class=\"elementor-container elementor-column-gap-default\">\n\t\t\t\t\t<div class=\"elementor-column elementor-col-100 elementor-top-column elementor-element elementor-element-aae5dbd\" data-id=\"aae5dbd\" data-element_type=\"column\">\n\t\t\t<div class=\"elementor-widget-wrap elementor-element-populated\">\n\t\t\t\t\t\t<div class=\"elementor-element elementor-element-d875efb elementor-widget elementor-widget-text-editor\" data-id=\"d875efb\" data-element_type=\"widget\" data-widget_type=\"text-editor.default\">\n\t\t\t\t<div class=\"elementor-widget-container\">\n\t\t\t\t\t\t\t\t\t<p><strong>FacilitaSP:<\/strong> <a href=\"https:\/\/www.facilitasp.sp.gov.br\/\">https:\/\/www.facilitasp.sp.gov.br\/\u00a0<\/a><br \/><br \/><\/p>\t\t\t\t\t\t\t\t<\/div>\n\t\t\t\t<\/div>\n\t\t\t\t\t<\/div>\n\t\t<\/div>\n\t\t\t\t\t<\/div>\n\t\t<\/section>\n\t\t\t\t<section class=\"elementor-section elementor-top-section elementor-element elementor-element-9ede2e7 elementor-section-boxed elementor-section-height-default elementor-section-height-default\" data-id=\"9ede2e7\" data-element_type=\"section\">\n\t\t\t\t\t\t<div class=\"elementor-container elementor-column-gap-default\">\n\t\t\t\t\t<div class=\"elementor-column elementor-col-100 elementor-top-column elementor-element elementor-element-cf2e145\" data-id=\"cf2e145\" data-element_type=\"column\">\n\t\t\t<div class=\"elementor-widget-wrap elementor-element-populated\">\n\t\t\t\t\t\t<div class=\"elementor-element elementor-element-8aab31b elementor-widget elementor-widget-text-editor\" data-id=\"8aab31b\" data-element_type=\"widget\" data-widget_type=\"text-editor.default\">\n\t\t\t\t<div class=\"elementor-widget-container\">\n\t\t\t\t\t\t\t\t\t<p><strong>Suporte T\u00e9cnico Facilita SP &#8211; S\u00e3o Paulo<\/strong><\/p>\n<p><!-- \/wp:paragraph --><\/p>\n<p><!-- wp:paragraph --><\/p>\n<p><strong>Telefones<\/strong>: (11) 3468-3050<\/p>\t\t\t\t\t\t\t\t<\/div>\n\t\t\t\t<\/div>\n\t\t\t\t\t<\/div>\n\t\t<\/div>\n\t\t\t\t\t<\/div>\n\t\t<\/section>\n\t\t\t\t<section class=\"elementor-section elementor-top-section elementor-element elementor-element-b1b29a8 elementor-section-boxed elementor-section-height-default elementor-section-height-default\" data-id=\"b1b29a8\" data-element_type=\"section\">\n\t\t\t\t\t\t<div class=\"elementor-container elementor-column-gap-default\">\n\t\t\t\t\t<div class=\"elementor-column elementor-col-100 elementor-top-column elementor-element elementor-element-178f32a\" data-id=\"178f32a\" data-element_type=\"column\">\n\t\t\t<div class=\"elementor-widget-wrap elementor-element-populated\">\n\t\t\t\t\t\t<div class=\"elementor-element elementor-element-1500116 elementor-widget elementor-widget-text-editor\" data-id=\"1500116\" data-element_type=\"widget\" data-widget_type=\"text-editor.default\">\n\t\t\t\t<div class=\"elementor-widget-container\">\n\t\t\t\t\t\t\t\t\t<p><strong>Suporte T\u00e9cnico Viabilidade &#8211; PREFEITURA DE SANTO ANDR\u00c9<\/strong><\/p>\n<p><strong>WhatsApp: <\/strong>(11) 4433-0176<\/p>\n<p><strong>E-mail:<\/strong>\u00a0<a href=\"mailto:vre@santoandre.sp.gov.br\"><strong>\u00a0<\/strong>vre@santoandre.sp.gov.br<\/a><\/p>\t\t\t\t\t\t\t\t<\/div>\n\t\t\t\t<\/div>\n\t\t\t\t\t<\/div>\n\t\t<\/div>\n\t\t\t\t\t<\/div>\n\t\t<\/section>\n\t\t\t\t<section class=\"elementor-section elementor-top-section elementor-element elementor-element-e501210 elementor-section-boxed elementor-section-height-default elementor-section-height-default\" data-id=\"e501210\" data-element_type=\"section\">\n\t\t\t\t\t\t<div class=\"elementor-container elementor-column-gap-default\">\n\t\t\t\t\t<div class=\"elementor-column elementor-col-100 elementor-top-column elementor-element elementor-element-9167c00\" data-id=\"9167c00\" data-element_type=\"column\">\n\t\t\t<div class=\"elementor-widget-wrap elementor-element-populated\">\n\t\t\t\t\t\t<div class=\"elementor-element elementor-element-a47a8da elementor-widget elementor-widget-text-editor\" data-id=\"a47a8da\" data-element_type=\"widget\" data-widget_type=\"text-editor.default\">\n\t\t\t\t<div class=\"elementor-widget-container\">\n\t\t\t\t\t\t\t\t\t<p><strong>PROTOCOLO EMPRESAS DE ALTO RISCO<\/strong><\/p>\n<p><strong>Sistema ACTO<\/strong>: <a href=\"https:\/\/santoandre.inmov.net.br\/\">https:\/\/santoandre.inmov.net.br<\/a><\/p>\t\t\t\t\t\t\t\t<\/div>\n\t\t\t\t<\/div>\n\t\t\t\t\t<\/div>\n\t\t<\/div>\n\t\t\t\t\t<\/div>\n\t\t<\/section>\n\t\t\t\t<\/div>\n\t\t","protected":false},"excerpt":{"rendered":"<p>Para a emiss\u00e3o de Licen\u00e7as, Santo Andr\u00e9 participa do Integrador Estadual FacilitaSP que \u00e9 o sistema respons\u00e1vel pela integra\u00e7\u00e3o de dados da consulta de viabilidade locacional, registro, inscri\u00e7\u00f5es e licenciamento &#8230;<\/p>\n","protected":false},"author":4,"featured_media":0,"parent":0,"menu_order":0,"comment_status":"closed","ping_status":"closed","template":"","meta":{"_themeisle_gutenberg_block_has_review":false,"footnotes":""},"class_list":["post-1627","page","type-page","status-publish","hentry"],"jetpack_sharing_enabled":true,"_links":{"self":[{"href":"https:\/\/www3.santoandre.sp.gov.br\/portaldoempreendedor\/index.php\/wp-json\/wp\/v2\/pages\/1627","targetHints":{"allow":["GET"]}}],"collection":[{"href":"https:\/\/www3.santoandre.sp.gov.br\/portaldoempreendedor\/index.php\/wp-json\/wp\/v2\/pages"}],"about":[{"href":"https:\/\/www3.santoandre.sp.gov.br\/portaldoempreendedor\/index.php\/wp-json\/wp\/v2\/types\/page"}],"author":[{"embeddable":true,"href":"https:\/\/www3.santoandre.sp.gov.br\/portaldoempreendedor\/index.php\/wp-json\/wp\/v2\/users\/4"}],"replies":[{"embeddable":true,"href":"https:\/\/www3.santoandre.sp.gov.br\/portaldoempreendedor\/index.php\/wp-json\/wp\/v2\/comments?post=1627"}],"version-history":[{"count":26,"href":"https:\/\/www3.santoandre.sp.gov.br\/portaldoempreendedor\/index.php\/wp-json\/wp\/v2\/pages\/1627\/revisions"}],"predecessor-version":[{"id":9210,"href":"https:\/\/www3.santoandre.sp.gov.br\/portaldoempreendedor\/index.php\/wp-json\/wp\/v2\/pages\/1627\/revisions\/9210"}],"wp:attachment":[{"href":"https:\/\/www3.santoandre.sp.gov.br\/portaldoempreendedor\/index.php\/wp-json\/wp\/v2\/media?parent=1627"}],"curies":[{"name":"wp","href":"https:\/\/api.w.org\/{rel}","templated":true}]}}